{"id":78,"date":"2015-06-25T08:33:17","date_gmt":"2015-06-25T13:33:17","guid":{"rendered":"http:\/\/themes.muffingroup.com\/be\/agro\/?page_id=2"},"modified":"2026-03-25T17:02:41","modified_gmt":"2026-03-25T22:02:41","slug":"ev","status":"publish","type":"page","link":"https:\/\/ipautomationinc.com\/tr\/","title":{"rendered":"Ev"},"content":{"rendered":"<h6 class=\"wp-block-heading\"><strong>IP Automation, en son servo ve programlama teknolojisini kullanarak geni\u015f bir yelpazede y\u00fcksek performansl\u0131 CNC tel b\u00fckme makineleri tasarlar ve \u00fcretir. Benzersiz \u015firket i\u00e7i entegrasyon yetene\u011fimiz, operasyonunuzun verimlili\u011fini art\u0131ran \u00e7oklu operasyonlar arac\u0131l\u0131\u011f\u0131yla &quot;tek par\u00e7al\u0131 ak\u0131\u015f&quot; i\u00e7in eksiksiz bir yal\u0131n \u00e7\u00f6z\u00fcm olu\u015fturur. M\u00fc\u015fterilerimize sekt\u00f6rdeki en \u00fcst d\u00fczeyde duyarl\u0131 hizmet ve destek sunmaya \u00e7al\u0131\u015f\u0131yoruz.<\/strong><\/h6>\n\n\n\n<p><span class=\"builder2seo\"><\/span>otomatik oynatma=1&amp;sessiz=1&amp;d\u00f6ng\u00fc=1&amp;otomatik duraklatma=0&amp;kontroller=0<br>fadeIn<br><br><img decoding=\"async\" src=\"https:\/\/ipautomationinc.com\/wp-content\/uploads\/2022\/05\/text-logo-01.png\" alt=\"metin logosu\"><br>tableti gizle mobili gizle<br><br><p>IP Automation, en son servo ve programlama teknolojisini kullanarak geni\u015f bir yelpazede y\u00fcksek performansl\u0131 CNC tel b\u00fckme makineleri tasarlar ve \u00fcretir. Benzersiz \u015firket i\u00e7i entegrasyon yetene\u011fimiz, operasyonunuzun verimlili\u011fini art\u0131ran \u00e7oklu operasyonlar arac\u0131l\u0131\u011f\u0131yla &quot;tek par\u00e7al\u0131 ak\u0131\u015f&quot; i\u00e7in eksiksiz bir yal\u0131n \u00e7\u00f6z\u00fcm olu\u015fturur.<\/p><br><br><p>M\u00fc\u015fterilerimize sekt\u00f6rdeki en \u00fcst d\u00fczeyde duyarl\u0131 hizmet ve destek sunmaya \u00e7al\u0131\u015f\u0131yoruz.<\/p><br>#222222<br><br>Hakk\u0131m\u0131zda<br><a href=\"https:\/\/ipautomationinc.com\/tr\/hakkimizda\/\">https:\/\/ipautomationinc.com\/about-us\/<\/a><br><br>T\u00fcm CNC Tel B\u00fckme Makinalar\u0131<br><img decoding=\"async\" src=\"https:\/\/ipautomationinc.com\/wp-content\/uploads\/2023\/02\/i8-S-RGB-1.png#11263\" alt=\"i8-S RGB\"><br><a href=\"https:\/\/ipautomationinc.com\/tr\/tel-olusturucular\/\">https:\/\/ipautomationinc.com\/wire-formers\/<\/a><br>simge \u00f6l\u00e7e\u011fi<br>72%<br><br>Aksesuarlar<br>simge lambas\u0131<br><img decoding=\"async\" src=\"https:\/\/ipautomationinc.com\/wp-content\/uploads\/2025\/06\/iBW-45.png#37717\" alt=\"iBW-45\"><br><a href=\"https:\/\/ipautomationinc.com\/tr\/aksesuarlar\/\">https:\/\/ipautomationinc.com\/accessories\/<\/a><br>simge \u00f6l\u00e7e\u011fi<br>55%<br><br>Otomasyon H\u00fccreleri<br>simge lambas\u0131<br><img decoding=\"async\" src=\"https:\/\/ipautomationinc.com\/wp-content\/uploads\/2022\/11\/automation-cell-composite.png#1769\" alt=\"otomasyon h\u00fccresi kompoziti\"><br><a href=\"https:\/\/ipautomationinc.com\/tr\/otomasyon-hucreleri\/\">https:\/\/ipautomationinc.com\/automationcells\/<\/a><br>simge \u00f6l\u00e7e\u011fi<br>140%<br><br><br>Yakla\u015fan Ticari Fuarlar<br><br><img decoding=\"async\" src=\"https:\/\/ipautomationinc.com\/wp-content\/uploads\/2023\/07\/dusseldorf-wire-logo-e1710443108484.jpg#24542\" alt=\"dusseldorf tel logosu\"><br><a href=\"https:\/\/www.wire-tradefair.com\/\">https:\/\/www.wire-tradefair.com\/<\/a><br><br><h4>13-17 Nisan 2026<\/h4><br><br><p><span>Tel D\u00fcsseldorf<span>D\u00fcsseldorf, Almanya<\/span><\/span><\/p><br>#525252<br><br><br>IP Otomasyon A.\u015e.<br><br><h4>400 E Fullerton Cad., Carol Deresi, IL60188<\/h4><br>Ba\u015fl\u0131k + a\u00e7\u0131klama<br>tekrar yok;sol \u00fcst;;<br>Oto<br><br>\u00c7a\u011fr\u0131: (630)-656-1215<br>simge-telefon-1<br>son<br><a href=\"tel:6306561215\">tel:6306561215<\/a><br>25 piksel<br><br>E-posta: sales@ipautomationinc.com<br>simge-e-posta<br>son<br><a href=\"mailto:sales@ipautomationinc.com\">mailto:sales@ipautomationinc.com<\/a><br>25 piksel<br><br>\u0130leti\u015fim detaylar\u0131<br><a href=\"https:\/\/ipautomationinc.com\/tr\/bize-ulasin\/\">https:\/\/ipautomationinc.com\/contact-us\/<\/a><br>ileri simge<br><br><br><hr class=\"no_line\" style=\"margin: 0 auto 0px auto\"\/>\n<br><br><h4>5220 Thatcher Yolu, Downers Grove, IL60515<\/h4><br>Ba\u015fl\u0131k + a\u00e7\u0131klama<br>tekrar yok;sol \u00fcst;;<br>Oto<br><br><h5><hr class=\"no_line\" style=\"margin: 0 auto 0px auto\"\/>\n <hr class=\"no_line\" style=\"margin: 0 auto 0px auto\"\/>\n<\/h5><br><br><h5><i class=\"\" style=\"\" aria-hidden=\"true\"><\/i> <a href=\"tel:6306561215\">(630)-656-1215<\/a><\/h5><br>Ba\u015fl\u0131k + a\u00e7\u0131klama<br>tekrar yok;sol \u00fcst;;<br>Oto<br><br><h5><i class=\"\" style=\"\" aria-hidden=\"true\"><\/i> <a href=\"mailto:sales@ipautomaitoninc.com\">sales@ipautomationinc.com<\/a><\/h5><br>Ba\u015fl\u0131k + a\u00e7\u0131klama<br>tekrar yok;sol \u00fcst;;<br>Oto<br><br>\u0130leti\u015fim detaylar\u0131<br><a href=\"https:\/\/ipautomationinc.com\/tr\/bize-ulasin\/\">https:\/\/ipautomationinc.com\/contact-us\/<\/a><br>ileri simge<br><br><\/p>","protected":false},"excerpt":{"rendered":"<p>IP Automation designs and manufactures a wide line of high-performance CNC wire bending machines using the latest servo and programming<span class=\"excerpt-hellip\"> [\u2026]<\/span><\/p>\n","protected":false},"author":3,"featured_media":0,"parent":0,"menu_order":0,"comment_status":"open","ping_status":"closed","template":"","meta":{"footnotes":""},"class_list":["post-78","page","type-page","status-publish","hentry"],"yoast_head":"<!-- This site is optimized with the Yoast SEO plugin v27.4 - https:\/\/yoast.com\/product\/yoast-seo-wordpress\/ -->\n<title>Home | IP Automation Inc<\/title>\n<meta name=\"description\" content=\"IP Automation designs and manufactures a wide line of high-performance CNC wire bending machines using the latest servo and programming technology.\" \/>\n<meta name=\"robots\" content=\"index, follow, max-snippet:-1, max-image-preview:large, max-video-preview:-1\" \/>\n<link rel=\"canonical\" href=\"https:\/\/ipautomationinc.com\/tr\/\" \/>\n<meta property=\"og:locale\" content=\"tr_TR\" \/>\n<meta property=\"og:type\" content=\"article\" \/>\n<meta property=\"og:title\" content=\"Home | IP Automation Inc\" \/>\n<meta property=\"og:description\" content=\"IP Automation designs and manufactures a wide line of high-performance CNC wire bending machines using the latest servo and programming technology.\" \/>\n<meta property=\"og:url\" content=\"https:\/\/ipautomationinc.com\/tr\/\" \/>\n<meta property=\"og:site_name\" content=\"IP Automation Inc\" \/>\n<meta property=\"article:publisher\" content=\"https:\/\/www.facebook.com\/ipautomationinc\/\" \/>\n<meta property=\"article:modified_time\" content=\"2026-03-25T22:02:41+00:00\" \/>\n<meta property=\"og:image\" content=\"https:\/\/ipautomationinc.com\/wp-content\/uploads\/2022\/05\/text-logo-01.png\" \/>\n<script type=\"application\/ld+json\" class=\"yoast-schema-graph\">{\"@context\":\"https:\\\/\\\/schema.org\",\"@graph\":[{\"@type\":\"WebPage\",\"@id\":\"https:\\\/\\\/ipautomationinc.com\\\/\",\"url\":\"https:\\\/\\\/ipautomationinc.com\\\/\",\"name\":\"Home | IP Automation Inc\",\"isPartOf\":{\"@id\":\"https:\\\/\\\/ipautomationinc.com\\\/#website\"},\"primaryImageOfPage\":{\"@id\":\"https:\\\/\\\/ipautomationinc.com\\\/#primaryimage\"},\"image\":{\"@id\":\"https:\\\/\\\/ipautomationinc.com\\\/#primaryimage\"},\"thumbnailUrl\":\"https:\\\/\\\/ipautomationinc.com\\\/wp-content\\\/uploads\\\/2022\\\/05\\\/text-logo-01.png\",\"datePublished\":\"2015-06-25T13:33:17+00:00\",\"dateModified\":\"2026-03-25T22:02:41+00:00\",\"description\":\"IP Automation designs and manufactures a wide line of high-performance CNC wire bending machines using the latest servo and programming technology.\",\"inLanguage\":\"tr\",\"potentialAction\":[{\"@type\":\"ReadAction\",\"target\":[\"https:\\\/\\\/ipautomationinc.com\\\/\"]}]},{\"@type\":\"ImageObject\",\"inLanguage\":\"tr\",\"@id\":\"https:\\\/\\\/ipautomationinc.com\\\/#primaryimage\",\"url\":\"https:\\\/\\\/ipautomationinc.com\\\/wp-content\\\/uploads\\\/2022\\\/05\\\/text-logo-01.png\",\"contentUrl\":\"https:\\\/\\\/ipautomationinc.com\\\/wp-content\\\/uploads\\\/2022\\\/05\\\/text-logo-01.png\"},{\"@type\":\"WebSite\",\"@id\":\"https:\\\/\\\/ipautomationinc.com\\\/#website\",\"url\":\"https:\\\/\\\/ipautomationinc.com\\\/\",\"name\":\"IP Automation Inc\",\"description\":\"Concept... Creation... Reality...\",\"publisher\":{\"@id\":\"https:\\\/\\\/ipautomationinc.com\\\/#organization\"},\"potentialAction\":[{\"@type\":\"SearchAction\",\"target\":{\"@type\":\"EntryPoint\",\"urlTemplate\":\"https:\\\/\\\/ipautomationinc.com\\\/?s={search_term_string}\"},\"query-input\":{\"@type\":\"PropertyValueSpecification\",\"valueRequired\":true,\"valueName\":\"search_term_string\"}}],\"inLanguage\":\"tr\"},{\"@type\":\"Organization\",\"@id\":\"https:\\\/\\\/ipautomationinc.com\\\/#organization\",\"name\":\"IP Automation Inc\",\"url\":\"https:\\\/\\\/ipautomationinc.com\\\/\",\"logo\":{\"@type\":\"ImageObject\",\"inLanguage\":\"tr\",\"@id\":\"https:\\\/\\\/ipautomationinc.com\\\/#\\\/schema\\\/logo\\\/image\\\/\",\"url\":\"https:\\\/\\\/ipautomationinc.com\\\/wp-content\\\/uploads\\\/2022\\\/05\\\/IPA-Favicon.png\",\"contentUrl\":\"https:\\\/\\\/ipautomationinc.com\\\/wp-content\\\/uploads\\\/2022\\\/05\\\/IPA-Favicon.png\",\"width\":513,\"height\":513,\"caption\":\"IP Automation Inc\"},\"image\":{\"@id\":\"https:\\\/\\\/ipautomationinc.com\\\/#\\\/schema\\\/logo\\\/image\\\/\"},\"sameAs\":[\"https:\\\/\\\/www.facebook.com\\\/ipautomationinc\\\/\",\"https:\\\/\\\/www.linkedin.com\\\/company\\\/ip-automation-inc\\\/\",\"https:\\\/\\\/www.youtube.com\\\/@IPAutomation\"]}]}<\/script>\n<!-- \/ Yoast SEO plugin. -->","yoast_head_json":{"title":"Ana Sayfa | IP Automation Inc","description":"IP Automation, en son servo ve programlama teknolojisini kullanarak geni\u015f bir yelpazede y\u00fcksek performansl\u0131 CNC tel b\u00fckme makineleri tasarlar ve \u00fcretir.","robots":{"index":"index","follow":"follow","max-snippet":"max-snippet:-1","max-image-preview":"max-image-preview:large","max-video-preview":"max-video-preview:-1"},"canonical":"https:\/\/ipautomationinc.com\/tr\/","og_locale":"tr_TR","og_type":"article","og_title":"Home | IP Automation Inc","og_description":"IP Automation designs and manufactures a wide line of high-performance CNC wire bending machines using the latest servo and programming technology.","og_url":"https:\/\/ipautomationinc.com\/tr\/","og_site_name":"IP Automation Inc","article_publisher":"https:\/\/www.facebook.com\/ipautomationinc\/","article_modified_time":"2026-03-25T22:02:41+00:00","og_image":[{"url":"https:\/\/ipautomationinc.com\/wp-content\/uploads\/2022\/05\/text-logo-01.png","type":"","width":"","height":""}],"schema":{"@context":"https:\/\/schema.org","@graph":[{"@type":"WebPage","@id":"https:\/\/ipautomationinc.com\/","url":"https:\/\/ipautomationinc.com\/","name":"Ana Sayfa | IP Automation Inc","isPartOf":{"@id":"https:\/\/ipautomationinc.com\/#website"},"primaryImageOfPage":{"@id":"https:\/\/ipautomationinc.com\/#primaryimage"},"image":{"@id":"https:\/\/ipautomationinc.com\/#primaryimage"},"thumbnailUrl":"https:\/\/ipautomationinc.com\/wp-content\/uploads\/2022\/05\/text-logo-01.png","datePublished":"2015-06-25T13:33:17+00:00","dateModified":"2026-03-25T22:02:41+00:00","description":"IP Automation, en son servo ve programlama teknolojisini kullanarak geni\u015f bir yelpazede y\u00fcksek performansl\u0131 CNC tel b\u00fckme makineleri tasarlar ve \u00fcretir.","inLanguage":"tr","potentialAction":[{"@type":"ReadAction","target":["https:\/\/ipautomationinc.com\/"]}]},{"@type":"ImageObject","inLanguage":"tr","@id":"https:\/\/ipautomationinc.com\/#primaryimage","url":"https:\/\/ipautomationinc.com\/wp-content\/uploads\/2022\/05\/text-logo-01.png","contentUrl":"https:\/\/ipautomationinc.com\/wp-content\/uploads\/2022\/05\/text-logo-01.png"},{"@type":"WebSite","@id":"https:\/\/ipautomationinc.com\/#website","url":"https:\/\/ipautomationinc.com\/","name":"IP Otomasyon A.\u015e.","description":"Konsept... Yarat\u0131l\u0131\u015f... Ger\u00e7eklik...","publisher":{"@id":"https:\/\/ipautomationinc.com\/#organization"},"potentialAction":[{"@type":"SearchAction","target":{"@type":"EntryPoint","urlTemplate":"https:\/\/ipautomationinc.com\/?s={search_term_string}"},"query-input":{"@type":"PropertyValueSpecification","valueRequired":true,"valueName":"search_term_string"}}],"inLanguage":"tr"},{"@type":"Organization","@id":"https:\/\/ipautomationinc.com\/#organization","name":"IP Otomasyon A.\u015e.","url":"https:\/\/ipautomationinc.com\/","logo":{"@type":"ImageObject","inLanguage":"tr","@id":"https:\/\/ipautomationinc.com\/#\/schema\/logo\/image\/","url":"https:\/\/ipautomationinc.com\/wp-content\/uploads\/2022\/05\/IPA-Favicon.png","contentUrl":"https:\/\/ipautomationinc.com\/wp-content\/uploads\/2022\/05\/IPA-Favicon.png","width":513,"height":513,"caption":"IP Automation Inc"},"image":{"@id":"https:\/\/ipautomationinc.com\/#\/schema\/logo\/image\/"},"sameAs":["https:\/\/www.facebook.com\/ipautomationinc\/","https:\/\/www.linkedin.com\/company\/ip-automation-inc\/","https:\/\/www.youtube.com\/@IPAutomation"]}]}},"_links":{"self":[{"href":"https:\/\/ipautomationinc.com\/tr\/wp-json\/wp\/v2\/pages\/78","targetHints":{"allow":["GET"]}}],"collection":[{"href":"https:\/\/ipautomationinc.com\/tr\/wp-json\/wp\/v2\/pages"}],"about":[{"href":"https:\/\/ipautomationinc.com\/tr\/wp-json\/wp\/v2\/types\/page"}],"author":[{"embeddable":true,"href":"https:\/\/ipautomationinc.com\/tr\/wp-json\/wp\/v2\/users\/3"}],"replies":[{"embeddable":true,"href":"https:\/\/ipautomationinc.com\/tr\/wp-json\/wp\/v2\/comments?post=78"}],"version-history":[{"count":2,"href":"https:\/\/ipautomationinc.com\/tr\/wp-json\/wp\/v2\/pages\/78\/revisions"}],"predecessor-version":[{"id":38245,"href":"https:\/\/ipautomationinc.com\/tr\/wp-json\/wp\/v2\/pages\/78\/revisions\/38245"}],"wp:attachment":[{"href":"https:\/\/ipautomationinc.com\/tr\/wp-json\/wp\/v2\/media?parent=78"}],"curies":[{"name":"wp","href":"https:\/\/api.w.org\/{rel}","templated":true}]}}