{"id":7745,"date":"2023-01-17T15:10:56","date_gmt":"2023-01-17T21:10:56","guid":{"rendered":"https:\/\/ipautomationinc.com\/?page_id=7745"},"modified":"2025-10-31T09:58:01","modified_gmt":"2025-10-31T14:58:01","slug":"aksesuarlar","status":"publish","type":"page","link":"https:\/\/ipautomationinc.com\/tr\/accessories\/","title":{"rendered":"Aksesuarlar"},"content":{"rendered":"<h6 class=\"wp-block-heading\"><strong>Daha fazla \u00fcr\u00fcn bilgisi i\u00e7in herhangi bir aksesuara t\u0131klay\u0131n. Robotik Entegrasyon, Tala\u015fl\u0131 \u0130malat, Kaynak. Ak\u0131ll\u0131 robotik \u00e7\u00f6z\u00fcmler, ekstra i\u015f g\u00fcc\u00fc maliyeti olmadan katma de\u011ferli s\u00fcre\u00e7lerle dolu yeni bir d\u00fcnyan\u0131n kap\u0131lar\u0131n\u0131 a\u00e7\u0131yor.<\/strong> <strong>iFM-10-4 ve iFM-13-4, pah k\u0131rma, \u00e7ap k\u00fc\u00e7\u00fcltme, di\u015f a\u00e7ma, frezeleme ve \u00e7apraz delik delme gibi tel \u015feklindeki ikincil i\u015flemler i\u00e7in yenilik\u00e7i bir at\u0131l\u0131md\u0131r<\/strong>. <strong>Kaynak i\u015flemleri, tel \u015fekillendirme i\u015fleminize kolayca entegre edilebilir; b\u00f6ylece i\u015f\u00e7ilik maliyeti ve s\u00fcre\u00e7 de\u011fi\u015fkenli\u011fi ortadan kalkar. IP Otomasyon, sekt\u00f6rdeki en yayg\u0131n ihtiya\u00e7lara y\u00f6nelik tam otomatik \u00e7\u00f6z\u00fcmlere sahiptir.<\/strong><\/h6>\n\n\n\n<p><span class=\"builder2seo\"><\/span>Aksesuarlar<br><br><br>Daha fazla \u00fcr\u00fcn bilgisi i\u00e7in herhangi bir aksesuara t\u0131klay\u0131n.<br><br>Robotik Entegrasyon<br><img decoding=\"async\" src=\"https:\/\/ipautomationinc.com\/wp-content\/uploads\/2022\/06\/machine-options_robot.png#1271\" alt=\"makine-se\u00e7enekleri_robot\"><br><a href=\"https:\/\/ipautomationinc.com\/tr\/aksesuarlar\/robotik\/\">https:\/\/ipautomationinc.com\/accessories\/robotics\/<\/a><br>kutu \u00f6l\u00e7ekli<br>70%<br>80%<br>60%<br><br>\u0130\u015fleme<br><img decoding=\"async\" src=\"https:\/\/ipautomationinc.com\/wp-content\/uploads\/2023\/11\/ifm-icon-1.png#35422\" alt=\"ifm simgesi\"><br><a href=\"https:\/\/ipautomationinc.com\/tr\/aksesuarlar\/isleme-merkezi\/\">https:\/\/ipautomationinc.com\/accessories\/machining-center\/<\/a><br>kutu \u00f6l\u00e7ekli<br>70%<br>80%<br>60%<br><br>Kaynak<br><img decoding=\"async\" src=\"https:\/\/ipautomationinc.com\/wp-content\/uploads\/2025\/08\/machine-options_iBW-45.png#38050\" alt=\"machine-options_iBW-45\"><br><a href=\"https:\/\/ipautomationinc.com\/tr\/aksesuarlar\/otomatik-kaynakcilar\/\">https:\/\/ipautomationinc.com\/accessories\/automated-welders\/<\/a><br>kutu \u00f6l\u00e7ekli<br>70%<br>80%<br>60%<br><br>S\u0131kma Presi<br><img decoding=\"async\" src=\"https:\/\/ipautomationinc.com\/wp-content\/uploads\/2024\/08\/crimping-press-icon-crop.png#36758\" alt=\"crimping press icon crop\"><br><a href=\"https:\/\/ipautomationinc.com\/tr\/aksesuarlar\/kivirma-presi\/\">https:\/\/ipautomationinc.com\/accessories\/crimping-press\/<\/a><br>kutu \u00f6l\u00e7ekli<br>70%<br>80%<br>60%<br><br>Hat \u0130\u00e7i Pah K\u0131rma<br><img decoding=\"async\" src=\"https:\/\/ipautomationinc.com\/wp-content\/uploads\/2024\/01\/internal-chamfer.png#35611\" alt=\"internal chamfer\"><br><a href=\"https:\/\/ipautomationinc.com\/tr\/aksesuarlar\/hat-ici-pah\/\">https:\/\/ipautomationinc.com\/accessories\/in-line-chamfer\/<\/a><br>kutu \u00f6l\u00e7ekli<br>70%<br>80%<br>60%<br><br>Pah K\u0131rma\/Matkap \u0130stasyonu<br><img decoding=\"async\" src=\"https:\/\/ipautomationinc.com\/wp-content\/uploads\/2024\/08\/chamfer-drill.png#36736\" alt=\"pah k\u0131rma matkab\u0131\"><br><a href=\"https:\/\/ipautomationinc.com\/tr\/aksesuarlar\/pah-kirma-matkabi\/\">https:\/\/ipautomationinc.com\/accessories\/chamfer-drill\/<\/a><br>kutu \u00f6l\u00e7ekli<br>70%<br>80%<br>60%<br><br>Presses<br><img decoding=\"async\" src=\"https:\/\/ipautomationinc.com\/wp-content\/uploads\/2024\/01\/crimping-press-icon.png#35637\" alt=\"\"><br><a href=\"https:\/\/ipautomationinc.com\/tr\/aksesuarlar\/kivirma-presi\/\">https:\/\/ipautomationinc.com\/accessories\/crimping-press\/<\/a><br>kutu \u00f6l\u00e7ekli<br>70%<br>80%<br>60%<br><br>Parts Handling<br><img decoding=\"async\" src=\"https:\/\/ipautomationinc.com\/wp-content\/uploads\/2022\/06\/machine-options_rack-option.png#1323\" alt=\"makine-options_rack-option\"><br><a href=\"https:\/\/ipautomationinc.com\/tr\/aksesuarlar\/robotik\/\">https:\/\/ipautomationinc.com\/accessories\/robotics\/<\/a><br>kutu \u00f6l\u00e7ekli<br>70%<br>80%<br>60%<br><br><\/p>","protected":false},"excerpt":{"rendered":"<p>Click on any accessory for more product information. Robotic Integration, Machining, Welding. Intellimate robotic solutions open a new world of<span class=\"excerpt-hellip\"> [\u2026]<\/span><\/p>\n","protected":false},"author":3,"featured_media":0,"parent":0,"menu_order":0,"comment_status":"closed","ping_status":"closed","template":"","meta":{"footnotes":""},"class_list":["post-7745","page","type-page","status-publish","hentry"],"yoast_head":"<!-- This site is optimized with the Yoast SEO plugin v27.3 - https:\/\/yoast.com\/product\/yoast-seo-wordpress\/ -->\n<title>Accessories | IP Automation Inc<\/title>\n<meta name=\"description\" content=\"Discover all the accessories IP Automation has to offer. From welding to secondary forming processes, we have a solution for you.\" \/>\n<meta name=\"robots\" content=\"index, follow, max-snippet:-1, max-image-preview:large, max-video-preview:-1\" \/>\n<link rel=\"canonical\" href=\"https:\/\/ipautomationinc.com\/tr\/aksesuarlar\/\" \/>\n<meta property=\"og:locale\" content=\"tr_TR\" \/>\n<meta property=\"og:type\" content=\"article\" \/>\n<meta property=\"og:title\" content=\"Accessories | IP Automation Inc\" \/>\n<meta property=\"og:description\" content=\"Discover all the accessories IP Automation has to offer. From welding to secondary forming processes, we have a solution for you.\" \/>\n<meta property=\"og:url\" content=\"https:\/\/ipautomationinc.com\/tr\/aksesuarlar\/\" \/>\n<meta property=\"og:site_name\" content=\"IP Automation Inc\" \/>\n<meta property=\"article:publisher\" content=\"https:\/\/www.facebook.com\/ipautomationinc\/\" \/>\n<meta property=\"article:modified_time\" content=\"2025-10-31T14:58:01+00:00\" \/>\n<meta property=\"og:image\" content=\"https:\/\/ipautomationinc.com\/wp-content\/uploads\/2022\/06\/machine-options_robot.png#1271\" \/>\n<script type=\"application\/ld+json\" class=\"yoast-schema-graph\">{\"@context\":\"https:\\\/\\\/schema.org\",\"@graph\":[{\"@type\":\"WebPage\",\"@id\":\"https:\\\/\\\/ipautomationinc.com\\\/accessories\\\/\",\"url\":\"https:\\\/\\\/ipautomationinc.com\\\/accessories\\\/\",\"name\":\"Accessories | IP Automation Inc\",\"isPartOf\":{\"@id\":\"https:\\\/\\\/ipautomationinc.com\\\/#website\"},\"primaryImageOfPage\":{\"@id\":\"https:\\\/\\\/ipautomationinc.com\\\/accessories\\\/#primaryimage\"},\"image\":{\"@id\":\"https:\\\/\\\/ipautomationinc.com\\\/accessories\\\/#primaryimage\"},\"thumbnailUrl\":\"https:\\\/\\\/ipautomationinc.com\\\/wp-content\\\/uploads\\\/2022\\\/06\\\/machine-options_robot.png#1271\",\"datePublished\":\"2023-01-17T21:10:56+00:00\",\"dateModified\":\"2025-10-31T14:58:01+00:00\",\"description\":\"Discover all the accessories IP Automation has to offer. From welding to secondary forming processes, we have a solution for you.\",\"inLanguage\":\"tr\",\"potentialAction\":[{\"@type\":\"ReadAction\",\"target\":[\"https:\\\/\\\/ipautomationinc.com\\\/accessories\\\/\"]}]},{\"@type\":\"ImageObject\",\"inLanguage\":\"tr\",\"@id\":\"https:\\\/\\\/ipautomationinc.com\\\/accessories\\\/#primaryimage\",\"url\":\"https:\\\/\\\/ipautomationinc.com\\\/wp-content\\\/uploads\\\/2022\\\/06\\\/machine-options_robot.png#1271\",\"contentUrl\":\"https:\\\/\\\/ipautomationinc.com\\\/wp-content\\\/uploads\\\/2022\\\/06\\\/machine-options_robot.png#1271\"},{\"@type\":\"WebSite\",\"@id\":\"https:\\\/\\\/ipautomationinc.com\\\/#website\",\"url\":\"https:\\\/\\\/ipautomationinc.com\\\/\",\"name\":\"IP Automation Inc\",\"description\":\"Concept... Creation... Reality...\",\"publisher\":{\"@id\":\"https:\\\/\\\/ipautomationinc.com\\\/#organization\"},\"potentialAction\":[{\"@type\":\"SearchAction\",\"target\":{\"@type\":\"EntryPoint\",\"urlTemplate\":\"https:\\\/\\\/ipautomationinc.com\\\/?s={search_term_string}\"},\"query-input\":{\"@type\":\"PropertyValueSpecification\",\"valueRequired\":true,\"valueName\":\"search_term_string\"}}],\"inLanguage\":\"tr\"},{\"@type\":\"Organization\",\"@id\":\"https:\\\/\\\/ipautomationinc.com\\\/#organization\",\"name\":\"IP Automation Inc\",\"url\":\"https:\\\/\\\/ipautomationinc.com\\\/\",\"logo\":{\"@type\":\"ImageObject\",\"inLanguage\":\"tr\",\"@id\":\"https:\\\/\\\/ipautomationinc.com\\\/#\\\/schema\\\/logo\\\/image\\\/\",\"url\":\"https:\\\/\\\/ipautomationinc.com\\\/wp-content\\\/uploads\\\/2022\\\/05\\\/IPA-Favicon.png\",\"contentUrl\":\"https:\\\/\\\/ipautomationinc.com\\\/wp-content\\\/uploads\\\/2022\\\/05\\\/IPA-Favicon.png\",\"width\":513,\"height\":513,\"caption\":\"IP Automation Inc\"},\"image\":{\"@id\":\"https:\\\/\\\/ipautomationinc.com\\\/#\\\/schema\\\/logo\\\/image\\\/\"},\"sameAs\":[\"https:\\\/\\\/www.facebook.com\\\/ipautomationinc\\\/\",\"https:\\\/\\\/www.linkedin.com\\\/company\\\/ip-automation-inc\\\/\",\"https:\\\/\\\/www.youtube.com\\\/@IPAutomation\"]}]}<\/script>\n<!-- \/ Yoast SEO plugin. -->","yoast_head_json":{"title":"Aksesuarlar | IP Otomasyon A.\u015e.","description":"IP Otomasyonunun sundu\u011fu t\u00fcm aksesuarlar\u0131 ke\u015ffedin. Kaynaktan ikincil \u015fekillendirme i\u015flemlerine kadar sizin i\u00e7in bir \u00e7\u00f6z\u00fcm\u00fcm\u00fcz var.","robots":{"index":"index","follow":"follow","max-snippet":"max-snippet:-1","max-image-preview":"max-image-preview:large","max-video-preview":"max-video-preview:-1"},"canonical":"https:\/\/ipautomationinc.com\/tr\/aksesuarlar\/","og_locale":"tr_TR","og_type":"article","og_title":"Accessories | IP Automation Inc","og_description":"Discover all the accessories IP Automation has to offer. From welding to secondary forming processes, we have a solution for you.","og_url":"https:\/\/ipautomationinc.com\/tr\/aksesuarlar\/","og_site_name":"IP Automation Inc","article_publisher":"https:\/\/www.facebook.com\/ipautomationinc\/","article_modified_time":"2025-10-31T14:58:01+00:00","og_image":[{"url":"https:\/\/ipautomationinc.com\/wp-content\/uploads\/2022\/06\/machine-options_robot.png#1271","type":"","width":"","height":""}],"schema":{"@context":"https:\/\/schema.org","@graph":[{"@type":"WebPage","@id":"https:\/\/ipautomationinc.com\/accessories\/","url":"https:\/\/ipautomationinc.com\/accessories\/","name":"Aksesuarlar | IP Otomasyon A.\u015e.","isPartOf":{"@id":"https:\/\/ipautomationinc.com\/#website"},"primaryImageOfPage":{"@id":"https:\/\/ipautomationinc.com\/accessories\/#primaryimage"},"image":{"@id":"https:\/\/ipautomationinc.com\/accessories\/#primaryimage"},"thumbnailUrl":"https:\/\/ipautomationinc.com\/wp-content\/uploads\/2022\/06\/machine-options_robot.png#1271","datePublished":"2023-01-17T21:10:56+00:00","dateModified":"2025-10-31T14:58:01+00:00","description":"IP Otomasyonunun sundu\u011fu t\u00fcm aksesuarlar\u0131 ke\u015ffedin. Kaynaktan ikincil \u015fekillendirme i\u015flemlerine kadar sizin i\u00e7in bir \u00e7\u00f6z\u00fcm\u00fcm\u00fcz var.","inLanguage":"tr","potentialAction":[{"@type":"ReadAction","target":["https:\/\/ipautomationinc.com\/accessories\/"]}]},{"@type":"ImageObject","inLanguage":"tr","@id":"https:\/\/ipautomationinc.com\/accessories\/#primaryimage","url":"https:\/\/ipautomationinc.com\/wp-content\/uploads\/2022\/06\/machine-options_robot.png#1271","contentUrl":"https:\/\/ipautomationinc.com\/wp-content\/uploads\/2022\/06\/machine-options_robot.png#1271"},{"@type":"WebSite","@id":"https:\/\/ipautomationinc.com\/#website","url":"https:\/\/ipautomationinc.com\/","name":"IP Otomasyon A.\u015e.","description":"Konsept... Yarat\u0131l\u0131\u015f... Ger\u00e7eklik...","publisher":{"@id":"https:\/\/ipautomationinc.com\/#organization"},"potentialAction":[{"@type":"SearchAction","target":{"@type":"EntryPoint","urlTemplate":"https:\/\/ipautomationinc.com\/?s={search_term_string}"},"query-input":{"@type":"PropertyValueSpecification","valueRequired":true,"valueName":"search_term_string"}}],"inLanguage":"tr"},{"@type":"Organization","@id":"https:\/\/ipautomationinc.com\/#organization","name":"IP Otomasyon A.\u015e.","url":"https:\/\/ipautomationinc.com\/","logo":{"@type":"ImageObject","inLanguage":"tr","@id":"https:\/\/ipautomationinc.com\/#\/schema\/logo\/image\/","url":"https:\/\/ipautomationinc.com\/wp-content\/uploads\/2022\/05\/IPA-Favicon.png","contentUrl":"https:\/\/ipautomationinc.com\/wp-content\/uploads\/2022\/05\/IPA-Favicon.png","width":513,"height":513,"caption":"IP Automation Inc"},"image":{"@id":"https:\/\/ipautomationinc.com\/#\/schema\/logo\/image\/"},"sameAs":["https:\/\/www.facebook.com\/ipautomationinc\/","https:\/\/www.linkedin.com\/company\/ip-automation-inc\/","https:\/\/www.youtube.com\/@IPAutomation"]}]}},"_links":{"self":[{"href":"https:\/\/ipautomationinc.com\/tr\/wp-json\/wp\/v2\/pages\/7745","targetHints":{"allow":["GET"]}}],"collection":[{"href":"https:\/\/ipautomationinc.com\/tr\/wp-json\/wp\/v2\/pages"}],"about":[{"href":"https:\/\/ipautomationinc.com\/tr\/wp-json\/wp\/v2\/types\/page"}],"author":[{"embeddable":true,"href":"https:\/\/ipautomationinc.com\/tr\/wp-json\/wp\/v2\/users\/3"}],"replies":[{"embeddable":true,"href":"https:\/\/ipautomationinc.com\/tr\/wp-json\/wp\/v2\/comments?post=7745"}],"version-history":[{"count":2,"href":"https:\/\/ipautomationinc.com\/tr\/wp-json\/wp\/v2\/pages\/7745\/revisions"}],"predecessor-version":[{"id":38517,"href":"https:\/\/ipautomationinc.com\/tr\/wp-json\/wp\/v2\/pages\/7745\/revisions\/38517"}],"wp:attachment":[{"href":"https:\/\/ipautomationinc.com\/tr\/wp-json\/wp\/v2\/media?parent=7745"}],"curies":[{"name":"wp","href":"https:\/\/api.w.org\/{rel}","templated":true}]}}