{"id":619,"date":"2021-11-05T10:03:10","date_gmt":"2021-11-05T15:03:10","guid":{"rendered":"https:\/\/ipautomationinc.com\/?page_id=619"},"modified":"2026-03-27T13:33:22","modified_gmt":"2026-03-27T18:33:22","slug":"tel-olusturucular","status":"publish","type":"page","link":"https:\/\/ipautomationinc.com\/tr\/wire-formers\/","title":{"rendered":"Tel \u015eekillendiriciler"},"content":{"rendered":"<h6 class=\"wp-block-heading\"><strong>Farkl\u0131 modelleri g\u00f6rmek ve daha fazla bilgi edinmek i\u00e7in CNC tel b\u00fckme makinesi stiline t\u0131klay\u0131n. Tek Kafa CNC Tel B\u00fckme Makinalar\u0131. \u00c7ift Kafa CNC Tel B\u00fckme Makinalar\u0131. \u00c7ok Kademeli CNC Tel B\u00fckme Makinalar\u0131. 2D CNC Tel B\u00fckme Makinalar\u0131.<\/strong><\/h6>\n\n\n\n<p><span class=\"builder2seo\"><\/span>CNC Tel B\u00fckme Makineleri<br><br><br>Farkl\u0131 modelleri g\u00f6rmek ve daha fazla bilgi edinmek i\u00e7in CNC tel b\u00fckme makinesi stiline t\u0131klay\u0131n.<br><br>Tek Kafa 3D CNC Tel B\u00fckme Makinalar\u0131<br><img decoding=\"async\" src=\"https:\/\/ipautomationinc.com\/wp-content\/uploads\/2023\/02\/i8-S-RGB-1.png#11263\" alt=\"i8-S RGB\"><br><a href=\"https:\/\/ipautomationinc.com\/tr\/tek-kafali-cnc-tel-bukme-makineleri\/\">https:\/\/ipautomationinc.com\/single-head-cnc-wire-benders\/<\/a><br>simge \u00f6l\u00e7e\u011fi<br>0 0 0 0<br>100%<br>100%<br>250 piksel<br>150 piksel<br>100%<br>0 0 2 piksel 0<br>#D10000<br><br>36757,36664,38241<br>d\u00fcz<br>100 piksel<br>300 piksel<br>img_caption_overlay<br><br>\u00c7ift Kafa 3D CNC Tel B\u00fckme Makinas\u0131<br><img decoding=\"async\" src=\"https:\/\/ipautomationinc.com\/wp-content\/uploads\/2024\/07\/i8-D-double-head-1.png#36724\" alt=\"i8-D \u00e7ift kafa\"><br><a href=\"https:\/\/ipautomationinc.com\/tr\/cift-kafa-cnc-tel-bukme-makineleri\/\">https:\/\/ipautomationinc.com\/double-head-cnc-wire-benders\/<\/a><br>simge \u00f6l\u00e7e\u011fi<br>100%<br>100%<br>250 piksel<br>150 piksel<br>100%<br><br>36723,36722<br>d\u00fcz<br>80 piksel<br>300 piksel<br>img_caption_overlay<br>gelenek<br>80%<br><br>2D CNC Tel B\u00fckme Makinalar\u0131<br><img decoding=\"async\" src=\"https:\/\/ipautomationinc.com\/wp-content\/uploads\/2026\/02\/i10-S-2D-2D-CNC-Wire-Bending-Machine-With-Automated-Welder.png#39481\" alt=\"i10-S-2D 2D CNC Wire Bending Machine With Automated Welder\"><br><a href=\"https:\/\/ipautomationinc.com\/tr\/2-d-serisi\/\">https:\/\/ipautomationinc.com\/2d-series\/<\/a><br>simge \u00f6l\u00e7e\u011fi<br>95%<br>100%<br>250 piksel<br>150 piksel<br>100%<br><br>36710,1306<br>d\u00fcz<br>300 piksel<br>300 piksel<br>img_caption_overlay<br>gelenek<br>80%<br><br><\/p>","protected":false},"excerpt":{"rendered":"<p>Click on a style of CNC wire bending machine to see different models and for more information. Single Head CNC<span class=\"excerpt-hellip\"> [\u2026]<\/span><\/p>\n","protected":false},"author":3,"featured_media":0,"parent":0,"menu_order":0,"comment_status":"closed","ping_status":"closed","template":"","meta":{"footnotes":""},"class_list":["post-619","page","type-page","status-publish","hentry"],"yoast_head":"<!-- This site is optimized with the Yoast SEO plugin v27.3 - https:\/\/yoast.com\/product\/yoast-seo-wordpress\/ -->\n<title>CNC Wire Bending Machines | IP Automation Inc<\/title>\n<meta name=\"description\" content=\"Explore our different CNC wire bending machine styles. Single head, Double head, Multi-stage, and 2D CNC wire bending machines.\" \/>\n<meta name=\"robots\" content=\"index, follow, max-snippet:-1, max-image-preview:large, max-video-preview:-1\" \/>\n<link rel=\"canonical\" href=\"https:\/\/ipautomationinc.com\/tr\/tel-olusturucular\/\" \/>\n<meta property=\"og:locale\" content=\"tr_TR\" \/>\n<meta property=\"og:type\" content=\"article\" \/>\n<meta property=\"og:title\" content=\"CNC Wire Bending Machines | IP Automation Inc\" \/>\n<meta property=\"og:description\" content=\"Explore our different CNC wire bending machine styles. Single head, Double head, Multi-stage, and 2D CNC wire bending machines.\" \/>\n<meta property=\"og:url\" content=\"https:\/\/ipautomationinc.com\/tr\/tel-olusturucular\/\" \/>\n<meta property=\"og:site_name\" content=\"IP Automation Inc\" \/>\n<meta property=\"article:publisher\" content=\"https:\/\/www.facebook.com\/ipautomationinc\/\" \/>\n<meta property=\"article:modified_time\" content=\"2026-03-27T18:33:22+00:00\" \/>\n<meta property=\"og:image\" content=\"https:\/\/ipautomationinc.com\/wp-content\/uploads\/2023\/02\/i8-S-RGB-1.png#11263\" \/>\n<script type=\"application\/ld+json\" class=\"yoast-schema-graph\">{\"@context\":\"https:\\\/\\\/schema.org\",\"@graph\":[{\"@type\":\"WebPage\",\"@id\":\"https:\\\/\\\/ipautomationinc.com\\\/wire-formers\\\/\",\"url\":\"https:\\\/\\\/ipautomationinc.com\\\/wire-formers\\\/\",\"name\":\"CNC Wire Bending Machines | IP Automation Inc\",\"isPartOf\":{\"@id\":\"https:\\\/\\\/ipautomationinc.com\\\/#website\"},\"primaryImageOfPage\":{\"@id\":\"https:\\\/\\\/ipautomationinc.com\\\/wire-formers\\\/#primaryimage\"},\"image\":{\"@id\":\"https:\\\/\\\/ipautomationinc.com\\\/wire-formers\\\/#primaryimage\"},\"thumbnailUrl\":\"https:\\\/\\\/ipautomationinc.com\\\/wp-content\\\/uploads\\\/2023\\\/02\\\/i8-S-RGB-1.png#11263\",\"datePublished\":\"2021-11-05T15:03:10+00:00\",\"dateModified\":\"2026-03-27T18:33:22+00:00\",\"description\":\"Explore our different CNC wire bending machine styles. Single head, Double head, Multi-stage, and 2D CNC wire bending machines.\",\"inLanguage\":\"tr\",\"potentialAction\":[{\"@type\":\"ReadAction\",\"target\":[\"https:\\\/\\\/ipautomationinc.com\\\/wire-formers\\\/\"]}]},{\"@type\":\"ImageObject\",\"inLanguage\":\"tr\",\"@id\":\"https:\\\/\\\/ipautomationinc.com\\\/wire-formers\\\/#primaryimage\",\"url\":\"https:\\\/\\\/ipautomationinc.com\\\/wp-content\\\/uploads\\\/2023\\\/02\\\/i8-S-RGB-1.png#11263\",\"contentUrl\":\"https:\\\/\\\/ipautomationinc.com\\\/wp-content\\\/uploads\\\/2023\\\/02\\\/i8-S-RGB-1.png#11263\"},{\"@type\":\"WebSite\",\"@id\":\"https:\\\/\\\/ipautomationinc.com\\\/#website\",\"url\":\"https:\\\/\\\/ipautomationinc.com\\\/\",\"name\":\"IP Automation Inc\",\"description\":\"Concept... Creation... Reality...\",\"publisher\":{\"@id\":\"https:\\\/\\\/ipautomationinc.com\\\/#organization\"},\"potentialAction\":[{\"@type\":\"SearchAction\",\"target\":{\"@type\":\"EntryPoint\",\"urlTemplate\":\"https:\\\/\\\/ipautomationinc.com\\\/?s={search_term_string}\"},\"query-input\":{\"@type\":\"PropertyValueSpecification\",\"valueRequired\":true,\"valueName\":\"search_term_string\"}}],\"inLanguage\":\"tr\"},{\"@type\":\"Organization\",\"@id\":\"https:\\\/\\\/ipautomationinc.com\\\/#organization\",\"name\":\"IP Automation Inc\",\"url\":\"https:\\\/\\\/ipautomationinc.com\\\/\",\"logo\":{\"@type\":\"ImageObject\",\"inLanguage\":\"tr\",\"@id\":\"https:\\\/\\\/ipautomationinc.com\\\/#\\\/schema\\\/logo\\\/image\\\/\",\"url\":\"https:\\\/\\\/ipautomationinc.com\\\/wp-content\\\/uploads\\\/2022\\\/05\\\/IPA-Favicon.png\",\"contentUrl\":\"https:\\\/\\\/ipautomationinc.com\\\/wp-content\\\/uploads\\\/2022\\\/05\\\/IPA-Favicon.png\",\"width\":513,\"height\":513,\"caption\":\"IP Automation Inc\"},\"image\":{\"@id\":\"https:\\\/\\\/ipautomationinc.com\\\/#\\\/schema\\\/logo\\\/image\\\/\"},\"sameAs\":[\"https:\\\/\\\/www.facebook.com\\\/ipautomationinc\\\/\",\"https:\\\/\\\/www.linkedin.com\\\/company\\\/ip-automation-inc\\\/\",\"https:\\\/\\\/www.youtube.com\\\/@IPAutomation\"]}]}<\/script>\n<!-- \/ Yoast SEO plugin. -->","yoast_head_json":{"title":"CNC Tel B\u00fckme Makineleri | IP Otomasyon A.\u015e.","description":"Farkl\u0131 CNC tel b\u00fckme makinesi stillerimizi ke\u015ffedin. Tek kafal\u0131, \u00c7ift kafal\u0131, \u00c7ok kademeli ve 2D CNC tel b\u00fckme makineleri.","robots":{"index":"index","follow":"follow","max-snippet":"max-snippet:-1","max-image-preview":"max-image-preview:large","max-video-preview":"max-video-preview:-1"},"canonical":"https:\/\/ipautomationinc.com\/tr\/tel-olusturucular\/","og_locale":"tr_TR","og_type":"article","og_title":"CNC Wire Bending Machines | IP Automation Inc","og_description":"Explore our different CNC wire bending machine styles. Single head, Double head, Multi-stage, and 2D CNC wire bending machines.","og_url":"https:\/\/ipautomationinc.com\/tr\/tel-olusturucular\/","og_site_name":"IP Automation Inc","article_publisher":"https:\/\/www.facebook.com\/ipautomationinc\/","article_modified_time":"2026-03-27T18:33:22+00:00","og_image":[{"url":"https:\/\/ipautomationinc.com\/wp-content\/uploads\/2023\/02\/i8-S-RGB-1.png#11263","type":"","width":"","height":""}],"schema":{"@context":"https:\/\/schema.org","@graph":[{"@type":"WebPage","@id":"https:\/\/ipautomationinc.com\/wire-formers\/","url":"https:\/\/ipautomationinc.com\/wire-formers\/","name":"CNC Tel B\u00fckme Makineleri | IP Otomasyon A.\u015e.","isPartOf":{"@id":"https:\/\/ipautomationinc.com\/#website"},"primaryImageOfPage":{"@id":"https:\/\/ipautomationinc.com\/wire-formers\/#primaryimage"},"image":{"@id":"https:\/\/ipautomationinc.com\/wire-formers\/#primaryimage"},"thumbnailUrl":"https:\/\/ipautomationinc.com\/wp-content\/uploads\/2023\/02\/i8-S-RGB-1.png#11263","datePublished":"2021-11-05T15:03:10+00:00","dateModified":"2026-03-27T18:33:22+00:00","description":"Farkl\u0131 CNC tel b\u00fckme makinesi stillerimizi ke\u015ffedin. Tek kafal\u0131, \u00c7ift kafal\u0131, \u00c7ok kademeli ve 2D CNC tel b\u00fckme makineleri.","inLanguage":"tr","potentialAction":[{"@type":"ReadAction","target":["https:\/\/ipautomationinc.com\/wire-formers\/"]}]},{"@type":"ImageObject","inLanguage":"tr","@id":"https:\/\/ipautomationinc.com\/wire-formers\/#primaryimage","url":"https:\/\/ipautomationinc.com\/wp-content\/uploads\/2023\/02\/i8-S-RGB-1.png#11263","contentUrl":"https:\/\/ipautomationinc.com\/wp-content\/uploads\/2023\/02\/i8-S-RGB-1.png#11263"},{"@type":"WebSite","@id":"https:\/\/ipautomationinc.com\/#website","url":"https:\/\/ipautomationinc.com\/","name":"IP Otomasyon A.\u015e.","description":"Konsept... Yarat\u0131l\u0131\u015f... Ger\u00e7eklik...","publisher":{"@id":"https:\/\/ipautomationinc.com\/#organization"},"potentialAction":[{"@type":"SearchAction","target":{"@type":"EntryPoint","urlTemplate":"https:\/\/ipautomationinc.com\/?s={search_term_string}"},"query-input":{"@type":"PropertyValueSpecification","valueRequired":true,"valueName":"search_term_string"}}],"inLanguage":"tr"},{"@type":"Organization","@id":"https:\/\/ipautomationinc.com\/#organization","name":"IP Otomasyon A.\u015e.","url":"https:\/\/ipautomationinc.com\/","logo":{"@type":"ImageObject","inLanguage":"tr","@id":"https:\/\/ipautomationinc.com\/#\/schema\/logo\/image\/","url":"https:\/\/ipautomationinc.com\/wp-content\/uploads\/2022\/05\/IPA-Favicon.png","contentUrl":"https:\/\/ipautomationinc.com\/wp-content\/uploads\/2022\/05\/IPA-Favicon.png","width":513,"height":513,"caption":"IP Automation Inc"},"image":{"@id":"https:\/\/ipautomationinc.com\/#\/schema\/logo\/image\/"},"sameAs":["https:\/\/www.facebook.com\/ipautomationinc\/","https:\/\/www.linkedin.com\/company\/ip-automation-inc\/","https:\/\/www.youtube.com\/@IPAutomation"]}]}},"_links":{"self":[{"href":"https:\/\/ipautomationinc.com\/tr\/wp-json\/wp\/v2\/pages\/619","targetHints":{"allow":["GET"]}}],"collection":[{"href":"https:\/\/ipautomationinc.com\/tr\/wp-json\/wp\/v2\/pages"}],"about":[{"href":"https:\/\/ipautomationinc.com\/tr\/wp-json\/wp\/v2\/types\/page"}],"author":[{"embeddable":true,"href":"https:\/\/ipautomationinc.com\/tr\/wp-json\/wp\/v2\/users\/3"}],"replies":[{"embeddable":true,"href":"https:\/\/ipautomationinc.com\/tr\/wp-json\/wp\/v2\/comments?post=619"}],"version-history":[{"count":3,"href":"https:\/\/ipautomationinc.com\/tr\/wp-json\/wp\/v2\/pages\/619\/revisions"}],"predecessor-version":[{"id":39485,"href":"https:\/\/ipautomationinc.com\/tr\/wp-json\/wp\/v2\/pages\/619\/revisions\/39485"}],"wp:attachment":[{"href":"https:\/\/ipautomationinc.com\/tr\/wp-json\/wp\/v2\/media?parent=619"}],"curies":[{"name":"wp","href":"https:\/\/api.w.org\/{rel}","templated":true}]}}