{"id":6172,"date":"2023-01-17T11:16:28","date_gmt":"2023-01-17T17:16:28","guid":{"rendered":"https:\/\/ipautomationinc.com\/?page_id=6172"},"modified":"2025-08-11T10:35:21","modified_gmt":"2025-08-11T15:35:21","slug":"otomatik-kaynakcilar","status":"publish","type":"page","link":"https:\/\/ipautomationinc.com\/tr\/accessories\/automated-welders\/","title":{"rendered":"Otomatik Kaynak\u00e7\u0131lar"},"content":{"rendered":"<h6 class=\"wp-block-heading\"><strong>Kaynak i\u015flemleri, tel \u015fekillendirme i\u015fleminize kolayca entegre edilebilir; b\u00f6ylece i\u015f\u00e7ilik maliyeti ve s\u00fcre\u00e7 de\u011fi\u015fkenli\u011fi ortadan kalkar. IP Otomasyon, sekt\u00f6rdeki en yayg\u0131n ihtiya\u00e7lara y\u00f6nelik tam otomatik \u00e7\u00f6z\u00fcmlere sahiptir. \u00d6zellikle tel formlar\u0131 i\u00e7in kaynak makineleri tasarl\u0131yor ve \u00fcretiyoruz ve di\u011fer \u00fcretim kaynak\u00e7\u0131lar\u0131n\u0131 da entegre edebiliyoruz. Robotik kaynak entegrasyonundaki becerimiz ve deneyimimiz, sorunsuz \u00e7al\u0131\u015fma i\u00e7in size g\u00fcvenilir ve esnek bir \u00e7\u00f6z\u00fcm sa\u011flayacakt\u0131r.<\/strong><\/h6>\n\n\n\n<p>&gt;aksesuarlara geri d\u00f6n<br>h2<br><a href=\"https:\/\/ipautomationinc.com\/tr\/aksesuarlar\/\">https:\/\/ipautomationinc.com\/accessories\/<\/a><br>merkez merkez<br>sol<br>#949494<br>saklamak<br><br>Otomatik Kaynak\u00e7\u0131lar<br>h1<br>merkez merkez<br>sol<br>saklamak<br><br><h4>Kaynak i\u015flemleri, tel \u015fekillendirme i\u015fleminize kolayca entegre edilebilir; b\u00f6ylece i\u015f\u00e7ilik maliyeti ve s\u00fcre\u00e7 de\u011fi\u015fkenli\u011fi ortadan kalkar. IP Otomasyon, sekt\u00f6rdeki en yayg\u0131n ihtiya\u00e7lara y\u00f6nelik tam otomatik \u00e7\u00f6z\u00fcmlere sahiptir.<\/h4>\r<br><h4>\u00d6zellikle tel formlar\u0131 i\u00e7in kaynak makineleri tasarl\u0131yor ve \u00fcretiyoruz ve di\u011fer \u00fcretim kaynak\u00e7\u0131lar\u0131n\u0131 da entegre edebiliyoruz. Robotik kaynak entegrasyonundaki becerimiz ve deneyimimiz, sorunsuz \u00e7al\u0131\u015fma i\u00e7in size g\u00fcvenilir ve esnek bir \u00e7\u00f6z\u00fcm sa\u011flayacakt\u0131r.<\/h4><br>#000000<br>saklamak<br><br><img decoding=\"async\" src=\"https:\/\/ipautomationinc.com\/wp-content\/uploads\/2023\/08\/machine-options_BW-45.png#29270\" alt=\"makine se\u00e7enekleri_BW-45\" \/><br>tam dolu<br>i\u00e7ermek<br>merkez merkez<br>saklamak<br><br>BW-45<br>h3<br>merkez merkez<br>merkez<br>saklamak<br><br>Al\u0131n Kaynak\u00e7\u0131s\u0131 ve haval\u0131 haval\u0131<br>h4<br>merkez merkez<br>merkez<br>saklamak<br><br>Robotik Entegrasyon Gerektirir<br>h5<br>merkez merkez<br>merkez<br>saklamak<br><br><img decoding=\"async\" src=\"https:\/\/ipautomationinc.com\/wp-content\/uploads\/2023\/08\/machine-options_iBW-100.png#29271\" alt=\"makine se\u00e7enekleri_iBW-100\" \/><br>tam dolu<br>i\u00e7ermek<br>merkez merkez<br>merkez<br>saklamak<br><br>iBW-100<br>h3<br>merkez merkez<br>merkez<br>saklamak<br><br>MFDC Al\u0131n Kaynak\u00e7\u0131<br>h4<br>merkez merkez<br>merkez<br>saklamak<br><br><img decoding=\"async\" src=\"https:\/\/ipautomationinc.com\/wp-content\/uploads\/2022\/10\/45kw-butt-welder-e1673550910746.png\" alt=\"45kw al\u0131n kaynak\u00e7\u0131\" \/><br>tam dolu<br>i\u00e7ermek<br>merkez merkez<br>saklamak<br><br>ABW-45<br>h3<br>merkez merkez<br>merkez<br>saklamak<br><br>2D makineler i\u00e7in Otomatik Al\u0131n Kaynak Makinesi<br>h4<br>merkez merkez<br>merkez<br>saklamak<br><br><img decoding=\"async\" src=\"https:\/\/ipautomationinc.com\/wp-content\/uploads\/2023\/01\/spot-welder.png\" alt=\"nokta kaynak\u00e7\u0131\" \/><br>tam dolu<br>i\u00e7ermek<br>merkez merkez<br>saklamak<br><br>Nokta Kaynak\u00e7\u0131<br>h3<br>merkez merkez<br>merkez<br>saklamak<br><br>Robotik Kol veya K\u00fclb\u00fct\u00f6r Kolu<br>h4<br>merkez merkez<br>merkez<br>saklamak<br><br>40<br>saklamak<br><br>Medya<br>h3<br>merkez merkez<br>merkez<br>saklamak<br><br>788795524<br>i\u00e7ermek<br>merkez merkez<br>saklamak<br><br>40<br>saklamak<br><br>\u00d6zellikler<br>h3<br>merkez merkez<br>merkez<br>saklamak<br><br>Ana \u00d6zellikler<br>Detaylar<br>\u00d6zelle\u015ftirilmi\u015f \u00e7\u00f6z\u00fcmler<br>\r<br>Tel u\u00e7lar\u0131n\u0131n otomatik hizalanmas\u0131 ve s\u0131k\u0131\u015ft\u0131r\u0131lmas\u0131\r<br>Ayarlanabilir kontrol\u00f6rlere sahip diren\u00e7 kaynak\u00e7\u0131lar\u0131\r<br>Elektrotlar\u0131 de\u011fi\u015ftirmek ve ayarlamak kolayd\u0131r\r<br>D\u00f6vme se\u00e7ene\u011fi daha iyi estetik i\u00e7in s\u0131cak kaynaklar\u0131 yumu\u015fat\u0131r\r<br>Tel b\u00fckme makinelerimizle kusursuz entegrasyon\r<br>Damgalamalar\u0131 tel formlarla kaynaklama yetene\u011fi\r<br><br>\r<br>Kaynak\u00e7\u0131lar s\u0131v\u0131 so\u011futmaya ihtiya\u00e7 duyar; tesis so\u011futucusu yoksa kaynak so\u011futucular\u0131 da mevcuttur\r<br>AC ve DC se\u00e7enekleri mevcut 460V standart\r<br>12 mm \u00e7apa kadar kapasite\r<br>45KVA ve \u00fczeri<br>\r<br>Tel fikst\u00fcrleme tak\u0131mlar\u0131\r<br>T-kaynak otomasyonu\r<br>Diki\u015f kayna\u011f\u0131 otomasyonu\r<br>Mig, Tig, lazer kayna\u011f\u0131\r<br>Tel formlar\u0131 i\u00e7in manuel olarak y\u00fcklenen robotik kaynak h\u00fccresi\r<br><br>merkez<br>#EBEBEB<br>#222222<br>saklamak<br><br><\/p>","protected":false},"excerpt":{"rendered":"<p>Welding operations can easily be integrated into your wire forming operation &#8211; eliminating labor cost and process variation. IP Automation<span class=\"excerpt-hellip\"> [\u2026]<\/span><\/p>\n","protected":false},"author":3,"featured_media":0,"parent":7745,"menu_order":0,"comment_status":"closed","ping_status":"closed","template":"","meta":{"footnotes":""},"class_list":["post-6172","page","type-page","status-publish","hentry"],"yoast_head":"<!-- This site is optimized with the Yoast SEO plugin v27.3 - https:\/\/yoast.com\/product\/yoast-seo-wordpress\/ -->\n<title>Automated Welders | IP Automation Inc<\/title>\n<meta name=\"description\" content=\"Check out our various types of automated welders that can be easily integrated with your wire forming operation.\" \/>\n<meta name=\"robots\" content=\"index, follow, max-snippet:-1, max-image-preview:large, max-video-preview:-1\" \/>\n<link rel=\"canonical\" href=\"https:\/\/ipautomationinc.com\/tr\/aksesuarlar\/otomatik-kaynakcilar\/\" \/>\n<meta property=\"og:locale\" content=\"tr_TR\" \/>\n<meta property=\"og:type\" content=\"article\" \/>\n<meta property=\"og:title\" content=\"Automated Welders | IP Automation Inc\" \/>\n<meta property=\"og:description\" content=\"Check out our various types of automated welders that can be easily integrated with your wire forming operation.\" \/>\n<meta property=\"og:url\" content=\"https:\/\/ipautomationinc.com\/tr\/aksesuarlar\/otomatik-kaynakcilar\/\" \/>\n<meta property=\"og:site_name\" content=\"IP Automation Inc\" \/>\n<meta property=\"article:publisher\" content=\"https:\/\/www.facebook.com\/ipautomationinc\/\" \/>\n<meta property=\"article:modified_time\" content=\"2025-08-11T15:35:21+00:00\" \/>\n<meta property=\"og:image\" content=\"https:\/\/ipautomationinc.com\/wp-content\/uploads\/2023\/08\/machine-options_BW-45.png#29270\" \/>\n<script type=\"application\/ld+json\" class=\"yoast-schema-graph\">{\"@context\":\"https:\\\/\\\/schema.org\",\"@graph\":[{\"@type\":\"WebPage\",\"@id\":\"https:\\\/\\\/ipautomationinc.com\\\/accessories\\\/automated-welders\\\/\",\"url\":\"https:\\\/\\\/ipautomationinc.com\\\/accessories\\\/automated-welders\\\/\",\"name\":\"Automated Welders | IP Automation Inc\",\"isPartOf\":{\"@id\":\"https:\\\/\\\/ipautomationinc.com\\\/#website\"},\"primaryImageOfPage\":{\"@id\":\"https:\\\/\\\/ipautomationinc.com\\\/accessories\\\/automated-welders\\\/#primaryimage\"},\"image\":{\"@id\":\"https:\\\/\\\/ipautomationinc.com\\\/accessories\\\/automated-welders\\\/#primaryimage\"},\"thumbnailUrl\":\"https:\\\/\\\/ipautomationinc.com\\\/wp-content\\\/uploads\\\/2023\\\/08\\\/machine-options_BW-45.png#29270\",\"datePublished\":\"2023-01-17T17:16:28+00:00\",\"dateModified\":\"2025-08-11T15:35:21+00:00\",\"description\":\"Check out our various types of automated welders that can be easily integrated with your wire forming operation.\",\"breadcrumb\":{\"@id\":\"https:\\\/\\\/ipautomationinc.com\\\/accessories\\\/automated-welders\\\/#breadcrumb\"},\"inLanguage\":\"tr\",\"potentialAction\":[{\"@type\":\"ReadAction\",\"target\":[\"https:\\\/\\\/ipautomationinc.com\\\/accessories\\\/automated-welders\\\/\"]}]},{\"@type\":\"ImageObject\",\"inLanguage\":\"tr\",\"@id\":\"https:\\\/\\\/ipautomationinc.com\\\/accessories\\\/automated-welders\\\/#primaryimage\",\"url\":\"https:\\\/\\\/ipautomationinc.com\\\/wp-content\\\/uploads\\\/2023\\\/08\\\/machine-options_BW-45.png#29270\",\"contentUrl\":\"https:\\\/\\\/ipautomationinc.com\\\/wp-content\\\/uploads\\\/2023\\\/08\\\/machine-options_BW-45.png#29270\"},{\"@type\":\"BreadcrumbList\",\"@id\":\"https:\\\/\\\/ipautomationinc.com\\\/accessories\\\/automated-welders\\\/#breadcrumb\",\"itemListElement\":[{\"@type\":\"ListItem\",\"position\":1,\"name\":\"Accessories\",\"item\":\"https:\\\/\\\/ipautomationinc.com\\\/accessories\\\/\"},{\"@type\":\"ListItem\",\"position\":2,\"name\":\"Automated Welders\"}]},{\"@type\":\"WebSite\",\"@id\":\"https:\\\/\\\/ipautomationinc.com\\\/#website\",\"url\":\"https:\\\/\\\/ipautomationinc.com\\\/\",\"name\":\"IP Automation Inc\",\"description\":\"Concept... Creation... Reality...\",\"publisher\":{\"@id\":\"https:\\\/\\\/ipautomationinc.com\\\/#organization\"},\"potentialAction\":[{\"@type\":\"SearchAction\",\"target\":{\"@type\":\"EntryPoint\",\"urlTemplate\":\"https:\\\/\\\/ipautomationinc.com\\\/?s={search_term_string}\"},\"query-input\":{\"@type\":\"PropertyValueSpecification\",\"valueRequired\":true,\"valueName\":\"search_term_string\"}}],\"inLanguage\":\"tr\"},{\"@type\":\"Organization\",\"@id\":\"https:\\\/\\\/ipautomationinc.com\\\/#organization\",\"name\":\"IP Automation Inc\",\"url\":\"https:\\\/\\\/ipautomationinc.com\\\/\",\"logo\":{\"@type\":\"ImageObject\",\"inLanguage\":\"tr\",\"@id\":\"https:\\\/\\\/ipautomationinc.com\\\/#\\\/schema\\\/logo\\\/image\\\/\",\"url\":\"https:\\\/\\\/ipautomationinc.com\\\/wp-content\\\/uploads\\\/2022\\\/05\\\/IPA-Favicon.png\",\"contentUrl\":\"https:\\\/\\\/ipautomationinc.com\\\/wp-content\\\/uploads\\\/2022\\\/05\\\/IPA-Favicon.png\",\"width\":513,\"height\":513,\"caption\":\"IP Automation Inc\"},\"image\":{\"@id\":\"https:\\\/\\\/ipautomationinc.com\\\/#\\\/schema\\\/logo\\\/image\\\/\"},\"sameAs\":[\"https:\\\/\\\/www.facebook.com\\\/ipautomationinc\\\/\",\"https:\\\/\\\/www.linkedin.com\\\/company\\\/ip-automation-inc\\\/\",\"https:\\\/\\\/www.youtube.com\\\/@IPAutomation\"]}]}<\/script>\n<!-- \/ Yoast SEO plugin. -->","yoast_head_json":{"title":"Otomatik Kaynak\u00e7\u0131lar | IP Otomasyon A.\u015e.","description":"Tel \u015fekillendirme operasyonunuza kolayca entegre edilebilecek \u00e7e\u015fitli otomatik kaynak makinelerimize g\u00f6z at\u0131n.","robots":{"index":"index","follow":"follow","max-snippet":"max-snippet:-1","max-image-preview":"max-image-preview:large","max-video-preview":"max-video-preview:-1"},"canonical":"https:\/\/ipautomationinc.com\/tr\/aksesuarlar\/otomatik-kaynakcilar\/","og_locale":"tr_TR","og_type":"article","og_title":"Automated Welders | IP Automation Inc","og_description":"Check out our various types of automated welders that can be easily integrated with your wire forming operation.","og_url":"https:\/\/ipautomationinc.com\/tr\/aksesuarlar\/otomatik-kaynakcilar\/","og_site_name":"IP Automation Inc","article_publisher":"https:\/\/www.facebook.com\/ipautomationinc\/","article_modified_time":"2025-08-11T15:35:21+00:00","og_image":[{"url":"https:\/\/ipautomationinc.com\/wp-content\/uploads\/2023\/08\/machine-options_BW-45.png#29270","type":"","width":"","height":""}],"schema":{"@context":"https:\/\/schema.org","@graph":[{"@type":"WebPage","@id":"https:\/\/ipautomationinc.com\/accessories\/automated-welders\/","url":"https:\/\/ipautomationinc.com\/accessories\/automated-welders\/","name":"Otomatik Kaynak\u00e7\u0131lar | IP Otomasyon A.\u015e.","isPartOf":{"@id":"https:\/\/ipautomationinc.com\/#website"},"primaryImageOfPage":{"@id":"https:\/\/ipautomationinc.com\/accessories\/automated-welders\/#primaryimage"},"image":{"@id":"https:\/\/ipautomationinc.com\/accessories\/automated-welders\/#primaryimage"},"thumbnailUrl":"https:\/\/ipautomationinc.com\/wp-content\/uploads\/2023\/08\/machine-options_BW-45.png#29270","datePublished":"2023-01-17T17:16:28+00:00","dateModified":"2025-08-11T15:35:21+00:00","description":"Tel \u015fekillendirme operasyonunuza kolayca entegre edilebilecek \u00e7e\u015fitli otomatik kaynak makinelerimize g\u00f6z at\u0131n.","breadcrumb":{"@id":"https:\/\/ipautomationinc.com\/accessories\/automated-welders\/#breadcrumb"},"inLanguage":"tr","potentialAction":[{"@type":"ReadAction","target":["https:\/\/ipautomationinc.com\/accessories\/automated-welders\/"]}]},{"@type":"ImageObject","inLanguage":"tr","@id":"https:\/\/ipautomationinc.com\/accessories\/automated-welders\/#primaryimage","url":"https:\/\/ipautomationinc.com\/wp-content\/uploads\/2023\/08\/machine-options_BW-45.png#29270","contentUrl":"https:\/\/ipautomationinc.com\/wp-content\/uploads\/2023\/08\/machine-options_BW-45.png#29270"},{"@type":"BreadcrumbList","@id":"https:\/\/ipautomationinc.com\/accessories\/automated-welders\/#breadcrumb","itemListElement":[{"@type":"ListItem","position":1,"name":"Accessories","item":"https:\/\/ipautomationinc.com\/accessories\/"},{"@type":"ListItem","position":2,"name":"Automated Welders"}]},{"@type":"WebSite","@id":"https:\/\/ipautomationinc.com\/#website","url":"https:\/\/ipautomationinc.com\/","name":"IP Otomasyon A.\u015e.","description":"Konsept... Yarat\u0131l\u0131\u015f... Ger\u00e7eklik...","publisher":{"@id":"https:\/\/ipautomationinc.com\/#organization"},"potentialAction":[{"@type":"SearchAction","target":{"@type":"EntryPoint","urlTemplate":"https:\/\/ipautomationinc.com\/?s={search_term_string}"},"query-input":{"@type":"PropertyValueSpecification","valueRequired":true,"valueName":"search_term_string"}}],"inLanguage":"tr"},{"@type":"Organization","@id":"https:\/\/ipautomationinc.com\/#organization","name":"IP Otomasyon A.\u015e.","url":"https:\/\/ipautomationinc.com\/","logo":{"@type":"ImageObject","inLanguage":"tr","@id":"https:\/\/ipautomationinc.com\/#\/schema\/logo\/image\/","url":"https:\/\/ipautomationinc.com\/wp-content\/uploads\/2022\/05\/IPA-Favicon.png","contentUrl":"https:\/\/ipautomationinc.com\/wp-content\/uploads\/2022\/05\/IPA-Favicon.png","width":513,"height":513,"caption":"IP Automation Inc"},"image":{"@id":"https:\/\/ipautomationinc.com\/#\/schema\/logo\/image\/"},"sameAs":["https:\/\/www.facebook.com\/ipautomationinc\/","https:\/\/www.linkedin.com\/company\/ip-automation-inc\/","https:\/\/www.youtube.com\/@IPAutomation"]}]}},"_links":{"self":[{"href":"https:\/\/ipautomationinc.com\/tr\/wp-json\/wp\/v2\/pages\/6172","targetHints":{"allow":["GET"]}}],"collection":[{"href":"https:\/\/ipautomationinc.com\/tr\/wp-json\/wp\/v2\/pages"}],"about":[{"href":"https:\/\/ipautomationinc.com\/tr\/wp-json\/wp\/v2\/types\/page"}],"author":[{"embeddable":true,"href":"https:\/\/ipautomationinc.com\/tr\/wp-json\/wp\/v2\/users\/3"}],"replies":[{"embeddable":true,"href":"https:\/\/ipautomationinc.com\/tr\/wp-json\/wp\/v2\/comments?post=6172"}],"version-history":[{"count":1,"href":"https:\/\/ipautomationinc.com\/tr\/wp-json\/wp\/v2\/pages\/6172\/revisions"}],"predecessor-version":[{"id":36747,"href":"https:\/\/ipautomationinc.com\/tr\/wp-json\/wp\/v2\/pages\/6172\/revisions\/36747"}],"up":[{"embeddable":true,"href":"https:\/\/ipautomationinc.com\/tr\/wp-json\/wp\/v2\/pages\/7745"}],"wp:attachment":[{"href":"https:\/\/ipautomationinc.com\/tr\/wp-json\/wp\/v2\/media?parent=6172"}],"curies":[{"name":"wp","href":"https:\/\/api.w.org\/{rel}","templated":true}]}}