{"id":6169,"date":"2023-01-17T11:15:59","date_gmt":"2023-01-17T17:15:59","guid":{"rendered":"https:\/\/ipautomationinc.com\/?page_id=6169"},"modified":"2024-08-09T13:28:47","modified_gmt":"2024-08-09T18:28:47","slug":"robotik","status":"publish","type":"page","link":"https:\/\/ipautomationinc.com\/tr\/accessories\/robotics\/","title":{"rendered":"Ak\u0131ll\u0131 Robotik \u00c7\u00f6z\u00fcmler"},"content":{"rendered":"<h6 class=\"wp-block-heading\"><strong>Ak\u0131ll\u0131 robotik \u00e7\u00f6z\u00fcmler, ekstra i\u015f g\u00fcc\u00fc maliyeti olmadan katma de\u011ferli s\u00fcre\u00e7lerle dolu yeni bir d\u00fcnyan\u0131n kap\u0131lar\u0131n\u0131 a\u00e7\u0131yor. Kusursuz robotik entegrasyon, CNC tel b\u00fckme makinalar\u0131m\u0131za \u00f6zg\u00fcd\u00fcr ve tel formlar\u0131 i\u00e7in robotik entegrasyonlardaki uzmanl\u0131\u011f\u0131m\u0131z rakipsizdir. Robotlar en pop\u00fcler aksesuarlar\u0131m\u0131zd\u0131r ve ki\u015fiselle\u015ftirilebilir tutucu konfig\u00fcrasyonlar\u0131ndan olu\u015fan kapsaml\u0131 bir kitapl\u0131k ve tutucu tak\u0131mlar\u0131n\u0131 bir dakikadan daha k\u0131sa s\u00fcrede de\u011fi\u015ftirmenize olanak tan\u0131yan kendi h\u0131zl\u0131 de\u011fi\u015ftirilebilen EOAT&#039;\u0131m\u0131z\u0131 (Kol Sonu Tak\u0131mlar\u0131) tasarlad\u0131k.<\/strong><\/h6>\n\n\n\n<p>&gt;aksesuarlara geri d\u00f6n<br>h2<br><a href=\"https:\/\/ipautomationinc.com\/tr\/aksesuarlar\/\">https:\/\/ipautomationinc.com\/accessories\/<\/a><br>sol<br>#949494<br>saklamak<br><br>Ak\u0131ll\u0131 Robotik \u00c7\u00f6z\u00fcmler<br>h1<br><br>sol<br>saklamak<br>fadeIn<br><br><img decoding=\"async\" src=\"https:\/\/ipautomationinc.com\/wp-content\/uploads\/2022\/06\/machine-options_robot.png\" alt=\"makine-se\u00e7enekleri_robot\"><br>tam dolu<br>i\u00e7ermek<br><br>saklamak<br><br><h4>Ak\u0131ll\u0131 robotik \u00e7\u00f6z\u00fcmler, ekstra i\u015f g\u00fcc\u00fc maliyeti olmadan katma de\u011ferli s\u00fcre\u00e7lerle dolu yeni bir d\u00fcnyan\u0131n kap\u0131lar\u0131n\u0131 a\u00e7\u0131yor. Kusursuz robotik entegrasyon, CNC tel b\u00fckme makinalar\u0131m\u0131za \u00f6zg\u00fcd\u00fcr ve tel formlar\u0131 i\u00e7in robotik entegrasyonlardaki uzmanl\u0131\u011f\u0131m\u0131z rakipsizdir.<\/h4> <br><h4>Robotlar en pop\u00fcler aksesuarlar\u0131m\u0131zd\u0131r ve ki\u015fiselle\u015ftirilebilir tutucu konfig\u00fcrasyonlar\u0131ndan olu\u015fan kapsaml\u0131 bir kitapl\u0131k ve tutucu tak\u0131mlar\u0131n\u0131 bir dakikadan daha k\u0131sa s\u00fcrede de\u011fi\u015ftirmenize olanak tan\u0131yan kendi h\u0131zl\u0131 de\u011fi\u015ftirilebilen EOAT&#039;mizi (Kol Sonu Tak\u0131mlar\u0131) tasarlad\u0131k.<\/h4><br>#000000<br>saklamak<br><br>210,445,602<br>k\u00fc\u00e7\u00fck resim<br>4<br>sa\u011flam<br>#0455B3<br>3px 3px 3px 3px<br>tableti gizle<br>saklamak<br><br>210,445,602<br>k\u00fc\u00e7\u00fck resim<br>3<br>sa\u011flam<br>#0455B3<br>3px 3px 3px 3px<br>saklamak<br><br>40<br>saklamak<br><br>Medya<br>h3<br><br>saklamak<br><br>789124480<br>i\u00e7ermek<br><br>saklamak<br><br>40<br>saklamak<br><br>\u00d6zellikler<br>h3<br><br>saklamak<br><br>Ana \u00d6zellikler<br>Detaylar<br>Ekstralar<br> <br>End\u00fcstride kan\u0131tlanm\u0131\u015f FANUC 6 eksenli robotlar <br>1 par\u00e7a i\u00e7in EOAT dahil <br>Tel b\u00fckme makinelerimize kusursuz entegrasyon <br> <br><br>Profesyonel ve g\u00fcvenli bir robotik \u00e7\u00f6z\u00fcm, kablo y\u00f6netimi, seviyelendirme ve sabitleme \u00f6zellikleri sa\u011flayan, iyi tasarlanm\u0131\u015f ve kapsaml\u0131 bir \u015fekilde test edilmi\u015f taban\u0131m\u0131zla ba\u015flar. Hareketli taban tasar\u0131mlar\u0131 da mevcuttur.  <br> <br> <br>Robotik uzmanlar\u0131m\u0131z t\u00fcm belirsizlikleri ve m\u00fchendisli\u011fi \u00fczerinizden al\u0131yor ve teknisyenlerimiz operat\u00f6rlerinizin e\u011fitilmesine ve personelinizin ihtiya\u00e7 duydu\u011funuz robotik kontrollere a\u015final\u0131k kazanmas\u0131na yard\u0131mc\u0131 oluyor. <br> <br> <br>Biz sertifikal\u0131 bir Fanuc entegrat\u00f6r\u00fcy\u00fcz ve Fanuc bizim tercih etti\u011fimiz orta\u011f\u0131m\u0131zd\u0131r. Bir robotun sat\u0131n al\u0131nmas\u0131, d\u00fcnya \u00e7ap\u0131ndaki Fanuc e\u011fitim tesislerinde s\u0131n\u0131f e\u011fitimi kredisini de i\u00e7erir.<br> <br>G\u00fcvenlik korumas\u0131 dahil <br>Katmanl\u0131 paketleme ile iste\u011fe ba\u011fl\u0131 konvey\u00f6r entegrasyonu <br>\u0130ste\u011fe ba\u011fl\u0131 zemin taray\u0131c\u0131 <br><br><br>#EBEBEB<br>#222222<br>saklamak<br><br>40<br>saklamak<br><br>Kol Sonu Tak\u0131mlar\u0131<br>h3<br><br>saklamak<br><br><img decoding=\"async\" src=\"https:\/\/ipautomationinc.com\/wp-content\/uploads\/2023\/01\/all-robot-EOATs-1.jpg\" alt=\"t\u00fcm robot EOAT&#039;leri 1\"><br>tam dolu<br>https:\/\/ipautomationinc.com\/wp-content\/uploads\/2023\/01\/all-robot-EOATs-1.jpg<br>i\u00e7ermek<br><br>saklamak<br><br>4 Tutucu Aletleri<br>h4<br><br>saklamak<br><br><img decoding=\"async\" src=\"https:\/\/ipautomationinc.com\/wp-content\/uploads\/2023\/01\/all-robot-EOATs-2.jpg\" alt=\"t\u00fcm robot EOAT&#039;lar\u0131 2\"><br>tam dolu<br>https:\/\/ipautomationinc.com\/wp-content\/uploads\/2023\/01\/all-robot-EOATs-2.jpg<br>i\u00e7ermek<br>merkez merkez<br>saklamak<br><br>Tek Tutuculu Tak\u0131mlar<br>h4<br>merkez merkez<br>merkez<br>saklamak<br><br><img decoding=\"async\" src=\"https:\/\/ipautomationinc.com\/wp-content\/uploads\/2023\/01\/all-robot-EOATs-3.jpg\" alt=\"t\u00fcm robot EOAT&#039;leri 3\"><br>tam dolu<br>https:\/\/ipautomationinc.com\/wp-content\/uploads\/2023\/01\/all-robot-EOATs-3.jpg<br>i\u00e7ermek<br>merkez merkez<br>saklamak<br><br>\u00c7ift Par\u00e7al\u0131 Tutucu Tak\u0131mlama<br>h4<br>merkez merkez<br>merkez<br>saklamak<br><br><\/p>","protected":false},"excerpt":{"rendered":"<p>Intellimate robotic solutions open a new world of value-added processes with no extra labor cost. Seamless robotic integration is native<span class=\"excerpt-hellip\"> [\u2026]<\/span><\/p>\n","protected":false},"author":3,"featured_media":0,"parent":7745,"menu_order":0,"comment_status":"closed","ping_status":"closed","template":"","meta":{"footnotes":""},"class_list":["post-6169","page","type-page","status-publish","hentry"],"yoast_head":"<!-- This site is optimized with the Yoast SEO plugin v27.3 - https:\/\/yoast.com\/product\/yoast-seo-wordpress\/ -->\n<title>Intellimate Robotic Solutions | IP Automation Inc<\/title>\n<meta name=\"description\" content=\"Our robotic solutions open a new world of value-added processes with no extra labor cost. Seamless robotic integration with our wire benders.\" \/>\n<meta name=\"robots\" content=\"index, follow, max-snippet:-1, max-image-preview:large, max-video-preview:-1\" \/>\n<link rel=\"canonical\" href=\"https:\/\/ipautomationinc.com\/tr\/aksesuarlar\/robotik\/\" \/>\n<meta property=\"og:locale\" content=\"tr_TR\" \/>\n<meta property=\"og:type\" content=\"article\" \/>\n<meta property=\"og:title\" content=\"Intellimate Robotic Solutions | IP Automation Inc\" \/>\n<meta property=\"og:description\" content=\"Our robotic solutions open a new world of value-added processes with no extra labor cost. Seamless robotic integration with our wire benders.\" \/>\n<meta property=\"og:url\" content=\"https:\/\/ipautomationinc.com\/tr\/aksesuarlar\/robotik\/\" \/>\n<meta property=\"og:site_name\" content=\"IP Automation Inc\" \/>\n<meta property=\"article:publisher\" content=\"https:\/\/www.facebook.com\/ipautomationinc\/\" \/>\n<meta property=\"article:modified_time\" content=\"2024-08-09T18:28:47+00:00\" \/>\n<meta property=\"og:image\" content=\"https:\/\/ipautomationinc.com\/wp-content\/uploads\/2022\/06\/machine-options_robot.png\" \/>\n<script type=\"application\/ld+json\" class=\"yoast-schema-graph\">{\"@context\":\"https:\\\/\\\/schema.org\",\"@graph\":[{\"@type\":\"WebPage\",\"@id\":\"https:\\\/\\\/ipautomationinc.com\\\/accessories\\\/robotics\\\/\",\"url\":\"https:\\\/\\\/ipautomationinc.com\\\/accessories\\\/robotics\\\/\",\"name\":\"Intellimate Robotic Solutions | IP Automation Inc\",\"isPartOf\":{\"@id\":\"https:\\\/\\\/ipautomationinc.com\\\/#website\"},\"primaryImageOfPage\":{\"@id\":\"https:\\\/\\\/ipautomationinc.com\\\/accessories\\\/robotics\\\/#primaryimage\"},\"image\":{\"@id\":\"https:\\\/\\\/ipautomationinc.com\\\/accessories\\\/robotics\\\/#primaryimage\"},\"thumbnailUrl\":\"https:\\\/\\\/ipautomationinc.com\\\/wp-content\\\/uploads\\\/2022\\\/06\\\/machine-options_robot.png\",\"datePublished\":\"2023-01-17T17:15:59+00:00\",\"dateModified\":\"2024-08-09T18:28:47+00:00\",\"description\":\"Our robotic solutions open a new world of value-added processes with no extra labor cost. Seamless robotic integration with our wire benders.\",\"breadcrumb\":{\"@id\":\"https:\\\/\\\/ipautomationinc.com\\\/accessories\\\/robotics\\\/#breadcrumb\"},\"inLanguage\":\"tr\",\"potentialAction\":[{\"@type\":\"ReadAction\",\"target\":[\"https:\\\/\\\/ipautomationinc.com\\\/accessories\\\/robotics\\\/\"]}]},{\"@type\":\"ImageObject\",\"inLanguage\":\"tr\",\"@id\":\"https:\\\/\\\/ipautomationinc.com\\\/accessories\\\/robotics\\\/#primaryimage\",\"url\":\"https:\\\/\\\/ipautomationinc.com\\\/wp-content\\\/uploads\\\/2022\\\/06\\\/machine-options_robot.png\",\"contentUrl\":\"https:\\\/\\\/ipautomationinc.com\\\/wp-content\\\/uploads\\\/2022\\\/06\\\/machine-options_robot.png\"},{\"@type\":\"BreadcrumbList\",\"@id\":\"https:\\\/\\\/ipautomationinc.com\\\/accessories\\\/robotics\\\/#breadcrumb\",\"itemListElement\":[{\"@type\":\"ListItem\",\"position\":1,\"name\":\"Accessories\",\"item\":\"https:\\\/\\\/ipautomationinc.com\\\/accessories\\\/\"},{\"@type\":\"ListItem\",\"position\":2,\"name\":\"Intellimate Robotic Solutions\"}]},{\"@type\":\"WebSite\",\"@id\":\"https:\\\/\\\/ipautomationinc.com\\\/#website\",\"url\":\"https:\\\/\\\/ipautomationinc.com\\\/\",\"name\":\"IP Automation Inc\",\"description\":\"Concept... Creation... Reality...\",\"publisher\":{\"@id\":\"https:\\\/\\\/ipautomationinc.com\\\/#organization\"},\"potentialAction\":[{\"@type\":\"SearchAction\",\"target\":{\"@type\":\"EntryPoint\",\"urlTemplate\":\"https:\\\/\\\/ipautomationinc.com\\\/?s={search_term_string}\"},\"query-input\":{\"@type\":\"PropertyValueSpecification\",\"valueRequired\":true,\"valueName\":\"search_term_string\"}}],\"inLanguage\":\"tr\"},{\"@type\":\"Organization\",\"@id\":\"https:\\\/\\\/ipautomationinc.com\\\/#organization\",\"name\":\"IP Automation Inc\",\"url\":\"https:\\\/\\\/ipautomationinc.com\\\/\",\"logo\":{\"@type\":\"ImageObject\",\"inLanguage\":\"tr\",\"@id\":\"https:\\\/\\\/ipautomationinc.com\\\/#\\\/schema\\\/logo\\\/image\\\/\",\"url\":\"https:\\\/\\\/ipautomationinc.com\\\/wp-content\\\/uploads\\\/2022\\\/05\\\/IPA-Favicon.png\",\"contentUrl\":\"https:\\\/\\\/ipautomationinc.com\\\/wp-content\\\/uploads\\\/2022\\\/05\\\/IPA-Favicon.png\",\"width\":513,\"height\":513,\"caption\":\"IP Automation Inc\"},\"image\":{\"@id\":\"https:\\\/\\\/ipautomationinc.com\\\/#\\\/schema\\\/logo\\\/image\\\/\"},\"sameAs\":[\"https:\\\/\\\/www.facebook.com\\\/ipautomationinc\\\/\",\"https:\\\/\\\/www.linkedin.com\\\/company\\\/ip-automation-inc\\\/\",\"https:\\\/\\\/www.youtube.com\\\/@IPAutomation\"]}]}<\/script>\n<!-- \/ Yoast SEO plugin. -->","yoast_head_json":{"title":"Ak\u0131ll\u0131 Robotik \u00c7\u00f6z\u00fcmler | IP Otomasyon A.\u015e.","description":"Robotik \u00e7\u00f6z\u00fcmlerimiz, ekstra i\u015f\u00e7ilik maliyeti olmadan katma de\u011ferli s\u00fcre\u00e7lerle dolu yeni bir d\u00fcnyan\u0131n kap\u0131lar\u0131n\u0131 a\u00e7\u0131yor. Tel b\u00fckme makinelerimizle kusursuz robotik entegrasyon.","robots":{"index":"index","follow":"follow","max-snippet":"max-snippet:-1","max-image-preview":"max-image-preview:large","max-video-preview":"max-video-preview:-1"},"canonical":"https:\/\/ipautomationinc.com\/tr\/aksesuarlar\/robotik\/","og_locale":"tr_TR","og_type":"article","og_title":"Intellimate Robotic Solutions | IP Automation Inc","og_description":"Our robotic solutions open a new world of value-added processes with no extra labor cost. Seamless robotic integration with our wire benders.","og_url":"https:\/\/ipautomationinc.com\/tr\/aksesuarlar\/robotik\/","og_site_name":"IP Automation Inc","article_publisher":"https:\/\/www.facebook.com\/ipautomationinc\/","article_modified_time":"2024-08-09T18:28:47+00:00","og_image":[{"url":"https:\/\/ipautomationinc.com\/wp-content\/uploads\/2022\/06\/machine-options_robot.png","type":"","width":"","height":""}],"schema":{"@context":"https:\/\/schema.org","@graph":[{"@type":"WebPage","@id":"https:\/\/ipautomationinc.com\/accessories\/robotics\/","url":"https:\/\/ipautomationinc.com\/accessories\/robotics\/","name":"Ak\u0131ll\u0131 Robotik \u00c7\u00f6z\u00fcmler | IP Otomasyon A.\u015e.","isPartOf":{"@id":"https:\/\/ipautomationinc.com\/#website"},"primaryImageOfPage":{"@id":"https:\/\/ipautomationinc.com\/accessories\/robotics\/#primaryimage"},"image":{"@id":"https:\/\/ipautomationinc.com\/accessories\/robotics\/#primaryimage"},"thumbnailUrl":"https:\/\/ipautomationinc.com\/wp-content\/uploads\/2022\/06\/machine-options_robot.png","datePublished":"2023-01-17T17:15:59+00:00","dateModified":"2024-08-09T18:28:47+00:00","description":"Robotik \u00e7\u00f6z\u00fcmlerimiz, ekstra i\u015f\u00e7ilik maliyeti olmadan katma de\u011ferli s\u00fcre\u00e7lerle dolu yeni bir d\u00fcnyan\u0131n kap\u0131lar\u0131n\u0131 a\u00e7\u0131yor. Tel b\u00fckme makinelerimizle kusursuz robotik entegrasyon.","breadcrumb":{"@id":"https:\/\/ipautomationinc.com\/accessories\/robotics\/#breadcrumb"},"inLanguage":"tr","potentialAction":[{"@type":"ReadAction","target":["https:\/\/ipautomationinc.com\/accessories\/robotics\/"]}]},{"@type":"ImageObject","inLanguage":"tr","@id":"https:\/\/ipautomationinc.com\/accessories\/robotics\/#primaryimage","url":"https:\/\/ipautomationinc.com\/wp-content\/uploads\/2022\/06\/machine-options_robot.png","contentUrl":"https:\/\/ipautomationinc.com\/wp-content\/uploads\/2022\/06\/machine-options_robot.png"},{"@type":"BreadcrumbList","@id":"https:\/\/ipautomationinc.com\/accessories\/robotics\/#breadcrumb","itemListElement":[{"@type":"ListItem","position":1,"name":"Accessories","item":"https:\/\/ipautomationinc.com\/accessories\/"},{"@type":"ListItem","position":2,"name":"Intellimate Robotic Solutions"}]},{"@type":"WebSite","@id":"https:\/\/ipautomationinc.com\/#website","url":"https:\/\/ipautomationinc.com\/","name":"IP Otomasyon A.\u015e.","description":"Konsept... Yarat\u0131l\u0131\u015f... Ger\u00e7eklik...","publisher":{"@id":"https:\/\/ipautomationinc.com\/#organization"},"potentialAction":[{"@type":"SearchAction","target":{"@type":"EntryPoint","urlTemplate":"https:\/\/ipautomationinc.com\/?s={search_term_string}"},"query-input":{"@type":"PropertyValueSpecification","valueRequired":true,"valueName":"search_term_string"}}],"inLanguage":"tr"},{"@type":"Organization","@id":"https:\/\/ipautomationinc.com\/#organization","name":"IP Otomasyon A.\u015e.","url":"https:\/\/ipautomationinc.com\/","logo":{"@type":"ImageObject","inLanguage":"tr","@id":"https:\/\/ipautomationinc.com\/#\/schema\/logo\/image\/","url":"https:\/\/ipautomationinc.com\/wp-content\/uploads\/2022\/05\/IPA-Favicon.png","contentUrl":"https:\/\/ipautomationinc.com\/wp-content\/uploads\/2022\/05\/IPA-Favicon.png","width":513,"height":513,"caption":"IP Automation Inc"},"image":{"@id":"https:\/\/ipautomationinc.com\/#\/schema\/logo\/image\/"},"sameAs":["https:\/\/www.facebook.com\/ipautomationinc\/","https:\/\/www.linkedin.com\/company\/ip-automation-inc\/","https:\/\/www.youtube.com\/@IPAutomation"]}]}},"_links":{"self":[{"href":"https:\/\/ipautomationinc.com\/tr\/wp-json\/wp\/v2\/pages\/6169","targetHints":{"allow":["GET"]}}],"collection":[{"href":"https:\/\/ipautomationinc.com\/tr\/wp-json\/wp\/v2\/pages"}],"about":[{"href":"https:\/\/ipautomationinc.com\/tr\/wp-json\/wp\/v2\/types\/page"}],"author":[{"embeddable":true,"href":"https:\/\/ipautomationinc.com\/tr\/wp-json\/wp\/v2\/users\/3"}],"replies":[{"embeddable":true,"href":"https:\/\/ipautomationinc.com\/tr\/wp-json\/wp\/v2\/comments?post=6169"}],"version-history":[{"count":1,"href":"https:\/\/ipautomationinc.com\/tr\/wp-json\/wp\/v2\/pages\/6169\/revisions"}],"predecessor-version":[{"id":36744,"href":"https:\/\/ipautomationinc.com\/tr\/wp-json\/wp\/v2\/pages\/6169\/revisions\/36744"}],"up":[{"embeddable":true,"href":"https:\/\/ipautomationinc.com\/tr\/wp-json\/wp\/v2\/pages\/7745"}],"wp:attachment":[{"href":"https:\/\/ipautomationinc.com\/tr\/wp-json\/wp\/v2\/media?parent=6169"}],"curies":[{"name":"wp","href":"https:\/\/api.w.org\/{rel}","templated":true}]}}