{"id":5808,"date":"2023-01-10T16:30:03","date_gmt":"2023-01-10T22:30:03","guid":{"rendered":"https:\/\/ipautomationinc.com\/?page_id=5808"},"modified":"2025-06-27T10:08:34","modified_gmt":"2025-06-27T15:08:34","slug":"gizlilik-politikasi","status":"publish","type":"page","link":"https:\/\/ipautomationinc.com\/tr\/privacy-policy\/","title":{"rendered":"Gizlilik Politikas\u0131"},"content":{"rendered":"<h1>Gizlilik Politikas\u0131<\/h1>\n<p><span style=\"font-size: revert; color: initial;\">Last Updated: January 1, 2025<\/span><\/p>\n<p>Effective Date: January 1, 2025 IP Automation Inc. (\u201cwe,\u201d \u201cour,\u201d or \u201cus\u201d) is committed to protecting your privacy. This Privacy Policy outlines how we collect, use, and safeguard your personal information when you visit <a href=\"https:\/\/ipautomationinc.com\/tr\/\" target=\"_blank\" rel=\"noopener\">https:\/\/ipautomationinc.com<\/a> (\u201cHizmet\u201d).<br \/>Hizmeti kullanarak, bu Gizlilik Politikas\u0131nda a\u00e7\u0131klanan uygulamalar\u0131 kabul etmi\u015f olursunuz. Bunlarla ayn\u0131 fikirde de\u011filseniz, l\u00fctfen Hizmete eri\u015fmeyin veya Hizmeti kullanmay\u0131n.<br \/>Information We CollectInformation You Provide When you fill out a form on our website, we may collect your name, email address, phone number, company name, and any message you include.<br \/>Automatically Collected InformationAnalytics: We use services like Google Analytics and Vimeo Analytics to collect information such as IP address, browser type, referring pages, and engagement with videos.<br \/><br \/>Cookies: We use cookies and similar technologies to enhance your experience and gather usage data.<br \/><br \/><span style=\"color: revert; font-size: revert; font-weight: revert;\">Bilgilerinizi Nas\u0131l Kullan\u0131yoruz<\/span><br \/>\u0130leti\u015fim formlar\u0131m\u0131z arac\u0131l\u0131\u011f\u0131yla g\u00f6nderilen sorulara yan\u0131t vermek i\u00e7in<br \/><br \/>Site kullan\u0131m\u0131n\u0131 analiz etmek ve performans\u0131 iyile\u015ftirmek<br \/><br \/>Video etkile\u015fimini ve teknik i\u015flevselli\u011fi izlemek i\u00e7in<br \/><br \/>G\u00fcvenli\u011fin sa\u011flanmas\u0131na ve k\u00f6t\u00fcye kullan\u0131m\u0131n \u00f6nlenmesine yard\u0131mc\u0131 olmak i\u00e7in<br \/><br \/><\/p>\n<p>Bilgilerinizi yukar\u0131da belirtilen ama\u00e7lar d\u0131\u015f\u0131nda bir ama\u00e7la kullanmay\u0131 planl\u0131yorsak, bunu yapmadan \u00f6nce a\u00e7\u0131k r\u0131zan\u0131z\u0131 isteyece\u011fiz.<br \/><br \/>Bilgi Payla\u015f\u0131m\u0131<br \/>Ki\u015fisel bilgilerinizi pazarlamac\u0131lara veya di\u011fer \u00fc\u00e7\u00fcnc\u00fc taraflara satmay\u0131z veya kiralamay\u0131z. Ancak, bilgilerinizi yaln\u0131zca analiz ve performans izleme ama\u00e7lar\u0131 i\u00e7in g\u00fcvenilir hizmet sa\u011flay\u0131c\u0131larla (\u00f6rne\u011fin Google, Vimeo) payla\u015fabiliriz.<br \/><br \/><br \/>Ayr\u0131ca, yasa, yasal s\u00fcre\u00e7 veya birle\u015fme veya sat\u0131n alma gibi bir i\u015fletme devri durumunda bunu yapmam\u0131z gerekti\u011finde bilgilerinizi if\u015fa edebiliriz.<br \/><br \/>Veri Saklama<br \/>Ki\u015fisel verileri, topland\u0131\u011f\u0131 ama\u00e7lar\u0131 yerine getirmek i\u00e7in gereken s\u00fcre boyunca veya yasan\u0131n gerektirdi\u011fi s\u00fcre boyunca saklar\u0131z. Bu, genellikle verilerin bizimle son etkile\u015fiminizden sonra 90 g\u00fcn ile 2 y\u0131l aras\u0131nda sakland\u0131\u011f\u0131 anlam\u0131na gelir.<br \/><br \/><br \/>Sizi tan\u0131mlamayan anonim veya toplu veriler s\u00fcresiz olarak saklanabilir.<br \/><br \/>Haklar\u0131n\u0131z<br \/>Bulundu\u011funuz yere ve ge\u00e7erli yasaya ba\u011fl\u0131 olarak \u015fu haklara sahip olabilirsiniz:<br \/><br \/><\/p>\n<p><br \/><br \/>Hakk\u0131n\u0131zda tuttu\u011fumuz ki\u015fisel verilere eri\u015fin<br \/><br \/>Verilerinizin d\u00fczeltilmesini veya silinmesini talep edin<br \/><br \/>Veri i\u015fleme i\u00e7in onay\u0131n\u0131z\u0131 geri \u00e7ekin<br \/><br \/>Veri ta\u015f\u0131nabilirli\u011fi talebinde bulunun (ba\u015fka bir kurulu\u015fa)<br \/><br \/>D\u00fczenleyici bir otoriteye \u015fikayette bulunun<br \/><br \/><\/p>\n<p>Haklar\u0131n\u0131z\u0131 kullanmak i\u00e7in bizimle ileti\u015fime ge\u00e7in: <a href=\"mailto:info@ipautomationinc.com\">info@ipautomationinc.com<\/a>.<br \/><br \/>Cookies Cookies are small files placed on your device to enhance functionality and track usage. For more information about how we use cookies and how you can manage them, please visit our <a href=\"https:\/\/ipautomationinc.com\/tr\/cerez-politikasi\/\" target=\"_blank\" rel=\"noopener\">\u00c7erez politikas\u0131<\/a>.<br \/><br \/>Security We take reasonable precautions to protect your information from unauthorized access, use, or disclosure. However, no system is entirely secure. You use the Service at your own risk.<br \/><br \/>\u00dc\u00e7\u00fcnc\u00fc Taraf Ba\u011flant\u0131lar\u0131<br \/>Web sitemiz kontrol\u00fcm\u00fczde olmayan harici sitelere ba\u011flant\u0131 verebilir. Gizlilik uygulamalar\u0131ndan sorumlu de\u011filiz. Ziyaret etti\u011finiz herhangi bir harici sitenin gizlilik politikas\u0131n\u0131 incelemenizi \u00f6neririz.<br \/><br \/>Bu Politikadaki De\u011fi\u015fiklikler<br \/>Bu Gizlilik Politikas\u0131n\u0131 periyodik olarak g\u00fcncelleyebiliriz. \u00d6nemli de\u011fi\u015fiklikler yaparsak, bu sayfada bir bildirim yay\u0131nlayaca\u011f\u0131z. G\u00fcncellemelerden sonra Hizmetin kullan\u0131lmaya devam edilmesi, revize edilmi\u015f politikay\u0131 kabul etti\u011finiz anlam\u0131na gelir.<br \/>Contact UsIf you have questions or concerns, please reach out:<br \/>IP Otomasyon A.\u015e.<br \/><br \/>400 Do\u011fu Fullerton Bulvar\u0131<br \/><br \/>Carol Deresi, Illinois 60188<br \/><br \/>E-posta: <a href=\"mailto:info@ipautomationinc.com\">info@ipautomationinc.com<\/a><br \/><br \/>Telefon: 630-656-1215<\/p>\n\n\n<p><h1>Privacy PolicyLast Updated: January 1, 2025<\/h1><br><br>  <p>Effective Date: January 1, 2025<\/p><br><br><br><br>  <p><br><br>    IP Automation Inc. (&quot;biz&quot;, &quot;bizim&quot; veya &quot;bize&quot;) gizlili\u011finizi korumaya kararl\u0131d\u0131r. Bu Gizlilik Politikas\u0131, ziyaret etti\u011finizde ki\u015fisel bilgilerinizi nas\u0131l toplad\u0131\u011f\u0131m\u0131z\u0131, kulland\u0131\u011f\u0131m\u0131z\u0131 ve korudu\u011fumuzu ana hatlar\u0131yla belirtir. <a href=\"https:\/\/ipautomationinc.com\/tr\/\" target=\"_blank\">https:\/\/ipautomationinc.com<\/a> (\u201cHizmet\u201d).<br><br>  <\/p><br><br><br><br>  <p><br><br>    Hizmeti kullanarak, bu Gizlilik Politikas\u0131nda a\u00e7\u0131klanan uygulamalar\u0131 kabul etmi\u015f olursunuz. Bunlarla ayn\u0131 fikirde de\u011filseniz, l\u00fctfen Hizmete eri\u015fmeyin veya Hizmeti kullanmay\u0131n.<br><br>  <\/p><br><br><br><br>  <h2>Toplad\u0131\u011f\u0131m\u0131z Bilgiler<\/h2><br><br><br><br>  <h3>Sa\u011flad\u0131\u011f\u0131n\u0131z Bilgiler<\/h3><br><br>  <p><br><br>    Web sitemizde bir formu doldurdu\u011funuzda ad\u0131n\u0131z\u0131, e-posta adresinizi, telefon numaran\u0131z\u0131, \u015firket ad\u0131n\u0131z\u0131 ve ekledi\u011finiz herhangi bir mesaj\u0131 toplayabiliriz.<br><br>  <\/p><br><br><br><br>  <h3>Otomatik Olarak Toplanan Bilgiler<\/h3><br><br>  <br><br>    Analytics: We use services like Google Analytics and Vimeo Analytics to collect information such as IP address, browser type, referring pages, and engagement with videos.<br><br>    Cookies: We use cookies and similar technologies to enhance your experience and gather usage data.<br><br>  <br><br><br><br>  <h2>Bilgilerinizi Nas\u0131l Kullan\u0131yoruz<\/h2><br><br>  <br><br>    \u0130leti\u015fim formlar\u0131m\u0131z arac\u0131l\u0131\u011f\u0131yla g\u00f6nderilen sorulara yan\u0131t vermek i\u00e7in<br><br>    Site kullan\u0131m\u0131n\u0131 analiz etmek ve performans\u0131 iyile\u015ftirmek<br><br>    Video etkile\u015fimini ve teknik i\u015flevselli\u011fi izlemek i\u00e7in<br><br>    G\u00fcvenli\u011fin sa\u011flanmas\u0131na ve k\u00f6t\u00fcye kullan\u0131m\u0131n \u00f6nlenmesine yard\u0131mc\u0131 olmak i\u00e7in<br><br>  <br><br><br><br>  <p><br><br>    Bilgilerinizi yukar\u0131da belirtilen ama\u00e7lar d\u0131\u015f\u0131nda bir ama\u00e7la kullanmay\u0131 planl\u0131yorsak, bunu yapmadan \u00f6nce a\u00e7\u0131k r\u0131zan\u0131z\u0131 isteyece\u011fiz.<br><br>  <\/p><br><br><br><br>  <h2>Bilgi Payla\u015f\u0131m\u0131<\/h2><br><br>  <p><br><br>    Ki\u015fisel bilgilerinizi pazarlamac\u0131lara veya di\u011fer \u00fc\u00e7\u00fcnc\u00fc taraflara satmay\u0131z veya kiralamay\u0131z. Ancak, bilgilerinizi yaln\u0131zca analiz ve performans izleme ama\u00e7lar\u0131 i\u00e7in g\u00fcvenilir hizmet sa\u011flay\u0131c\u0131larla (\u00f6rne\u011fin Google, Vimeo) payla\u015fabiliriz.<br><br>  <\/p><br><br>  <p><br><br>    Ayr\u0131ca, yasa, yasal s\u00fcre\u00e7 veya birle\u015fme veya sat\u0131n alma gibi bir i\u015fletme devri durumunda bunu yapmam\u0131z gerekti\u011finde bilgilerinizi if\u015fa edebiliriz.<br><br>  <\/p><br><br><br><br>  <h2>Veri Saklama<\/h2><br><br>  <p><br><br>    Ki\u015fisel verileri, topland\u0131\u011f\u0131 ama\u00e7lar\u0131 yerine getirmek i\u00e7in gereken s\u00fcre boyunca veya yasan\u0131n gerektirdi\u011fi s\u00fcre boyunca saklar\u0131z. Bu, genellikle verilerin bizimle son etkile\u015fiminizden sonra 90 g\u00fcn ile 2 y\u0131l aras\u0131nda sakland\u0131\u011f\u0131 anlam\u0131na gelir.<br><br>  <\/p><br><br>  <p><br><br>    Sizi tan\u0131mlamayan anonim veya toplu veriler s\u00fcresiz olarak saklanabilir.<br><br>  <\/p><br><br><br><br>  <h2>Haklar\u0131n\u0131z<\/h2><br><br>  <p><br><br>    Bulundu\u011funuz yere ve ge\u00e7erli yasaya ba\u011fl\u0131 olarak \u015fu haklara sahip olabilirsiniz:<br><br>  <\/p><br><br>  <br><br>    Hakk\u0131n\u0131zda tuttu\u011fumuz ki\u015fisel verilere eri\u015fin<br><br>    Verilerinizin d\u00fczeltilmesini veya silinmesini talep edin<br><br>    Veri i\u015fleme i\u00e7in onay\u0131n\u0131z\u0131 geri \u00e7ekin<br><br>    Veri ta\u015f\u0131nabilirli\u011fi talebinde bulunun (ba\u015fka bir kurulu\u015fa)<br><br>    D\u00fczenleyici bir otoriteye \u015fikayette bulunun<br><br>  <br><br>  <p><br><br>    Haklar\u0131n\u0131z\u0131 kullanmak i\u00e7in bizimle ileti\u015fime ge\u00e7in: <a href=\"mailto:info@ipautomationinc.com\">info@ipautomationinc.com<\/a>.<br><br>  <\/p><br><br><br><br>   <h2>\u00c7erezler<\/h2><br><br>  <p><br><br>    \u00c7erezler, i\u015flevselli\u011fi art\u0131rmak ve kullan\u0131m\u0131 izlemek i\u00e7in cihaz\u0131n\u0131za yerle\u015ftirilen k\u00fc\u00e7\u00fck dosyalard\u0131r. \u00c7erezleri nas\u0131l kulland\u0131\u011f\u0131m\u0131z ve bunlar\u0131 nas\u0131l y\u00f6netebilece\u011finiz hakk\u0131nda daha fazla bilgi i\u00e7in l\u00fctfen \u015fu adresi ziyaret edin: <a href=\"https:\/\/ipautomationinc.com\/tr\/cerez-politikasi\/\" target=\"_blank\">\u00c7erez politikas\u0131<\/a>.<br><br>  <\/p><br><br><br><br>  <h2>G\u00fcvenlik<\/h2><br><br>  <p><br><br>    Bilgilerinizi yetkisiz eri\u015fim, kullan\u0131m veya if\u015fadan korumak i\u00e7in makul \u00f6nlemler al\u0131yoruz. Ancak hi\u00e7bir sistem tamamen g\u00fcvenli de\u011fildir. Hizmeti kendi riskinizle kullan\u0131rs\u0131n\u0131z.<br><br>  <\/p><br><br><br><br>  <h2>\u00dc\u00e7\u00fcnc\u00fc Taraf Ba\u011flant\u0131lar\u0131<\/h2><br><br>  <p><br><br>    Web sitemiz kontrol\u00fcm\u00fczde olmayan harici sitelere ba\u011flant\u0131 verebilir. Gizlilik uygulamalar\u0131ndan sorumlu de\u011filiz. Ziyaret etti\u011finiz herhangi bir harici sitenin gizlilik politikas\u0131n\u0131 incelemenizi \u00f6neririz.<br><br>  <\/p><br><br><br><br>  <h2>Bu Politikadaki De\u011fi\u015fiklikler<\/h2><br><br>  <p><br><br>    Bu Gizlilik Politikas\u0131n\u0131 periyodik olarak g\u00fcncelleyebiliriz. \u00d6nemli de\u011fi\u015fiklikler yaparsak, bu sayfada bir bildirim yay\u0131nlayaca\u011f\u0131z. G\u00fcncellemelerden sonra Hizmetin kullan\u0131lmaya devam edilmesi, revize edilmi\u015f politikay\u0131 kabul etti\u011finiz anlam\u0131na gelir.<br><br>  <\/p><br><br><br><br>  <h2>Bize Ula\u015f\u0131n<\/h2><br><br>  <p>Sorular\u0131n\u0131z veya endi\u015feleriniz varsa l\u00fctfen bize ula\u015f\u0131n:<\/p><br><br>  <p><br><br>    IP Otomasyon A.\u015e.<br><br>    400 Do\u011fu Fullerton Bulvar\u0131<br><br>    Carol Deresi, Illinois 60188<br><br>     E-posta: <a href=\"mailto:info@ipautomationinc.com\">info@ipautomationinc.com<\/a><br><br>    Telefon: 630-656-1215<br><br>  <\/p><br><br><br><br><\/p>","protected":false},"excerpt":{"rendered":"<p>Privacy Policy Last Updated: January 1, 2025 Effective Date: January 1, 2025 IP Automation Inc. (\u201cwe,\u201d \u201cour,\u201d or \u201cus\u201d) is<span class=\"excerpt-hellip\"> [\u2026]<\/span><\/p>\n","protected":false},"author":3,"featured_media":0,"parent":0,"menu_order":0,"comment_status":"closed","ping_status":"closed","template":"","meta":{"footnotes":""},"class_list":["post-5808","page","type-page","status-publish","hentry"],"yoast_head":"<!-- This site is optimized with the Yoast SEO plugin v27.4 - https:\/\/yoast.com\/product\/yoast-seo-wordpress\/ -->\n<title>Privacy Policy | IP Automation Inc<\/title>\n<meta name=\"description\" content=\"IP Automation Privacy Policy\" \/>\n<meta name=\"robots\" content=\"index, follow, max-snippet:-1, max-image-preview:large, max-video-preview:-1\" \/>\n<link rel=\"canonical\" href=\"https:\/\/ipautomationinc.com\/tr\/gizlilik-politikasi\/\" \/>\n<meta property=\"og:locale\" content=\"tr_TR\" \/>\n<meta property=\"og:type\" content=\"article\" \/>\n<meta property=\"og:title\" content=\"Privacy Policy | IP Automation Inc\" \/>\n<meta property=\"og:description\" content=\"IP Automation Privacy Policy\" \/>\n<meta property=\"og:url\" content=\"https:\/\/ipautomationinc.com\/tr\/gizlilik-politikasi\/\" \/>\n<meta property=\"og:site_name\" content=\"IP Automation Inc\" \/>\n<meta property=\"article:publisher\" content=\"https:\/\/www.facebook.com\/ipautomationinc\/\" \/>\n<meta property=\"article:modified_time\" content=\"2025-06-27T15:08:34+00:00\" \/>\n<script type=\"application\/ld+json\" class=\"yoast-schema-graph\">{\"@context\":\"https:\\\/\\\/schema.org\",\"@graph\":[{\"@type\":\"WebPage\",\"@id\":\"https:\\\/\\\/ipautomationinc.com\\\/privacy-policy\\\/\",\"url\":\"https:\\\/\\\/ipautomationinc.com\\\/privacy-policy\\\/\",\"name\":\"Privacy Policy | IP Automation Inc\",\"isPartOf\":{\"@id\":\"https:\\\/\\\/ipautomationinc.com\\\/#website\"},\"datePublished\":\"2023-01-10T22:30:03+00:00\",\"dateModified\":\"2025-06-27T15:08:34+00:00\",\"description\":\"IP Automation Privacy Policy\",\"inLanguage\":\"tr\",\"potentialAction\":[{\"@type\":\"ReadAction\",\"target\":[\"https:\\\/\\\/ipautomationinc.com\\\/privacy-policy\\\/\"]}]},{\"@type\":\"WebSite\",\"@id\":\"https:\\\/\\\/ipautomationinc.com\\\/#website\",\"url\":\"https:\\\/\\\/ipautomationinc.com\\\/\",\"name\":\"IP Automation Inc\",\"description\":\"Concept... Creation... Reality...\",\"publisher\":{\"@id\":\"https:\\\/\\\/ipautomationinc.com\\\/#organization\"},\"potentialAction\":[{\"@type\":\"SearchAction\",\"target\":{\"@type\":\"EntryPoint\",\"urlTemplate\":\"https:\\\/\\\/ipautomationinc.com\\\/?s={search_term_string}\"},\"query-input\":{\"@type\":\"PropertyValueSpecification\",\"valueRequired\":true,\"valueName\":\"search_term_string\"}}],\"inLanguage\":\"tr\"},{\"@type\":\"Organization\",\"@id\":\"https:\\\/\\\/ipautomationinc.com\\\/#organization\",\"name\":\"IP Automation Inc\",\"url\":\"https:\\\/\\\/ipautomationinc.com\\\/\",\"logo\":{\"@type\":\"ImageObject\",\"inLanguage\":\"tr\",\"@id\":\"https:\\\/\\\/ipautomationinc.com\\\/#\\\/schema\\\/logo\\\/image\\\/\",\"url\":\"https:\\\/\\\/ipautomationinc.com\\\/wp-content\\\/uploads\\\/2022\\\/05\\\/IPA-Favicon.png\",\"contentUrl\":\"https:\\\/\\\/ipautomationinc.com\\\/wp-content\\\/uploads\\\/2022\\\/05\\\/IPA-Favicon.png\",\"width\":513,\"height\":513,\"caption\":\"IP Automation Inc\"},\"image\":{\"@id\":\"https:\\\/\\\/ipautomationinc.com\\\/#\\\/schema\\\/logo\\\/image\\\/\"},\"sameAs\":[\"https:\\\/\\\/www.facebook.com\\\/ipautomationinc\\\/\",\"https:\\\/\\\/www.linkedin.com\\\/company\\\/ip-automation-inc\\\/\",\"https:\\\/\\\/www.youtube.com\\\/@IPAutomation\"]}]}<\/script>\n<!-- \/ Yoast SEO plugin. -->","yoast_head_json":{"title":"Gizlilik Politikas\u0131 | IP Otomasyon A.\u015e.","description":"IP Otomasyon Gizlilik Politikas\u0131","robots":{"index":"index","follow":"follow","max-snippet":"max-snippet:-1","max-image-preview":"max-image-preview:large","max-video-preview":"max-video-preview:-1"},"canonical":"https:\/\/ipautomationinc.com\/tr\/gizlilik-politikasi\/","og_locale":"tr_TR","og_type":"article","og_title":"Privacy Policy | IP Automation Inc","og_description":"IP Automation Privacy Policy","og_url":"https:\/\/ipautomationinc.com\/tr\/gizlilik-politikasi\/","og_site_name":"IP Automation Inc","article_publisher":"https:\/\/www.facebook.com\/ipautomationinc\/","article_modified_time":"2025-06-27T15:08:34+00:00","schema":{"@context":"https:\/\/schema.org","@graph":[{"@type":"WebPage","@id":"https:\/\/ipautomationinc.com\/privacy-policy\/","url":"https:\/\/ipautomationinc.com\/privacy-policy\/","name":"Gizlilik Politikas\u0131 | IP Otomasyon A.\u015e.","isPartOf":{"@id":"https:\/\/ipautomationinc.com\/#website"},"datePublished":"2023-01-10T22:30:03+00:00","dateModified":"2025-06-27T15:08:34+00:00","description":"IP Otomasyon Gizlilik Politikas\u0131","inLanguage":"tr","potentialAction":[{"@type":"ReadAction","target":["https:\/\/ipautomationinc.com\/privacy-policy\/"]}]},{"@type":"WebSite","@id":"https:\/\/ipautomationinc.com\/#website","url":"https:\/\/ipautomationinc.com\/","name":"IP Otomasyon A.\u015e.","description":"Konsept... Yarat\u0131l\u0131\u015f... Ger\u00e7eklik...","publisher":{"@id":"https:\/\/ipautomationinc.com\/#organization"},"potentialAction":[{"@type":"SearchAction","target":{"@type":"EntryPoint","urlTemplate":"https:\/\/ipautomationinc.com\/?s={search_term_string}"},"query-input":{"@type":"PropertyValueSpecification","valueRequired":true,"valueName":"search_term_string"}}],"inLanguage":"tr"},{"@type":"Organization","@id":"https:\/\/ipautomationinc.com\/#organization","name":"IP Otomasyon A.\u015e.","url":"https:\/\/ipautomationinc.com\/","logo":{"@type":"ImageObject","inLanguage":"tr","@id":"https:\/\/ipautomationinc.com\/#\/schema\/logo\/image\/","url":"https:\/\/ipautomationinc.com\/wp-content\/uploads\/2022\/05\/IPA-Favicon.png","contentUrl":"https:\/\/ipautomationinc.com\/wp-content\/uploads\/2022\/05\/IPA-Favicon.png","width":513,"height":513,"caption":"IP Automation Inc"},"image":{"@id":"https:\/\/ipautomationinc.com\/#\/schema\/logo\/image\/"},"sameAs":["https:\/\/www.facebook.com\/ipautomationinc\/","https:\/\/www.linkedin.com\/company\/ip-automation-inc\/","https:\/\/www.youtube.com\/@IPAutomation"]}]}},"_links":{"self":[{"href":"https:\/\/ipautomationinc.com\/tr\/wp-json\/wp\/v2\/pages\/5808","targetHints":{"allow":["GET"]}}],"collection":[{"href":"https:\/\/ipautomationinc.com\/tr\/wp-json\/wp\/v2\/pages"}],"about":[{"href":"https:\/\/ipautomationinc.com\/tr\/wp-json\/wp\/v2\/types\/page"}],"author":[{"embeddable":true,"href":"https:\/\/ipautomationinc.com\/tr\/wp-json\/wp\/v2\/users\/3"}],"replies":[{"embeddable":true,"href":"https:\/\/ipautomationinc.com\/tr\/wp-json\/wp\/v2\/comments?post=5808"}],"version-history":[{"count":5,"href":"https:\/\/ipautomationinc.com\/tr\/wp-json\/wp\/v2\/pages\/5808\/revisions"}],"predecessor-version":[{"id":37847,"href":"https:\/\/ipautomationinc.com\/tr\/wp-json\/wp\/v2\/pages\/5808\/revisions\/37847"}],"wp:attachment":[{"href":"https:\/\/ipautomationinc.com\/tr\/wp-json\/wp\/v2\/media?parent=5808"}],"curies":[{"name":"wp","href":"https:\/\/api.w.org\/{rel}","templated":true}]}}