{"id":428,"date":"2018-06-25T18:30:37","date_gmt":"2018-06-25T23:30:37","guid":{"rendered":"http:\/\/ipautomationinc.com\/?page_id=428"},"modified":"2024-01-09T11:49:29","modified_gmt":"2024-01-09T17:49:29","slug":"endustriler-ve-yetenekler","status":"publish","type":"page","link":"https:\/\/ipautomationinc.com\/tr\/industries-and-capabilities\/","title":{"rendered":"Hizmet Verilen Sekt\u00f6rler"},"content":{"rendered":"<h6 class=\"wp-block-heading\"><strong>End\u00fcstriye g\u00f6re IP Otomasyonu tel formlar\u0131. Otomotiv, tar\u0131m, \u00e7im ve bah\u00e7e, in\u015faat, perakende ve sergi, cihaz, mobilya, firkete motorlar\u0131.<\/strong><\/h6>\n\n\n\n<p><h2>End\u00fcstriye g\u00f6re IP Otomasyonu tel bi\u00e7imli par\u00e7alar<\/h2>Hizmet verdi\u011fimiz sekt\u00f6rler\u2026<br>merkez<br>#ffffff<br>tekrar yok;orta \u00fcst;;<br>Oto<br><br><div class=\"image_frame image_item no_link scale-with-grid element_classes alignnone no_border mfn-img-box\" ><div class=\"image_wrapper\"><img decoding=\"async\" class=\"scale-with-grid\" src=\"\" fetchpriority=\"high\" alt=\"\" title=\"\" width=\"\" height=\"\" style=\"\"\/><\/div><\/div>\n <br><hr class=\"no_line\" style=\"margin: 0 auto 0px auto\"\/>\n <br> <br><h4>Otomotiv<\/h4>\u00c7im ve Bah\u00e7e<br>merkez<br>tekrar yok;orta \u00fcst;;<br>Oto<br>0 3% 0 0<br>gelenek<br>250 piksel<br><br><div class=\"image_frame image_item no_link scale-with-grid element_classes alignnone no_border mfn-img-box\" ><div class=\"image_wrapper\"><img decoding=\"async\" class=\"scale-with-grid\" src=\"\" fetchpriority=\"high\" alt=\"\" title=\"\" width=\"\" height=\"\" style=\"\"\/><\/div><\/div>\n <br><hr class=\"no_line\" style=\"margin: 0 auto 0px auto\"\/>\n <br> <br><h4>Tar\u0131m<\/h4>\u00c7im ve Bah\u00e7e<br>merkez<br>tekrar yok;orta \u00fcst;;<br>Oto<br>0 3% 0 0<br>gelenek<br>250 piksel<br><br><div class=\"image_frame image_item no_link scale-with-grid element_classes alignnone no_border mfn-img-box\" ><div class=\"image_wrapper\"><img decoding=\"async\" class=\"scale-with-grid\" src=\"\" fetchpriority=\"high\" alt=\"\" title=\"\" width=\"\" height=\"\" style=\"\"\/><\/div><\/div>\n <br><hr class=\"no_line\" style=\"margin: 0 auto 0px auto\"\/>\n <br> <br><h4>\u00c7im ve Bah\u00e7e<\/h4>\u00c7im ve Bah\u00e7e<br>merkez<br>tekrar yok;orta \u00fcst;;<br>Oto<br>0 3% 0 0<br>gelenek<br>250 piksel<br><br><div class=\"image_frame image_item no_link scale-with-grid element_classes alignnone no_border mfn-img-box\" ><div class=\"image_wrapper\"><img decoding=\"async\" class=\"scale-with-grid\" src=\"\" fetchpriority=\"high\" alt=\"\" title=\"\" width=\"\" height=\"\" style=\"\"\/><\/div><\/div>\n <br><hr class=\"no_line\" style=\"margin: 0 auto 0px auto\"\/>\n <br> <br><h4>Yap\u0131<\/h4>Yap\u0131<br>merkez<br>tekrar yok;orta \u00fcst;;<br>Oto<br>0 0 0 0<br>gelenek<br>250 piksel<br><br><div class=\"image_frame image_item no_link scale-with-grid element_classes alignnone no_border mfn-img-box\" ><div class=\"image_wrapper\"><img decoding=\"async\" class=\"scale-with-grid\" src=\"\" fetchpriority=\"high\" alt=\"\" title=\"\" width=\"\" height=\"\" style=\"\"\/><\/div><\/div>\n <br><hr class=\"no_line\" style=\"margin: 0 auto 0px auto\"\/>\n <br> <br><h4>Perakende<\/h4>Perakende<br>merkez<br>tekrar yok;orta \u00fcst;;<br>Oto<br>0 3% 0 0<br>gelenek<br>250 piksel<br><br><div class=\"image_frame image_item no_link scale-with-grid element_classes alignnone no_border mfn-img-box\" ><div class=\"image_wrapper\"><img decoding=\"async\" class=\"scale-with-grid\" src=\"\" fetchpriority=\"high\" alt=\"\" title=\"\" width=\"\" height=\"\" style=\"\"\/><\/div><\/div>\n <br><hr class=\"no_line\" style=\"margin: 0 auto 0px auto\"\/>\n <br> <br><h4>Cihaz<\/h4>Cihaz<br>merkez<br>tekrar yok;orta \u00fcst;;<br>Oto<br>0 3% 0 0<br>gelenek<br>250 piksel<br><br><div class=\"image_frame image_item no_link scale-with-grid element_classes alignnone no_border mfn-img-box\" ><div class=\"image_wrapper\"><img decoding=\"async\" class=\"scale-with-grid\" src=\"\" fetchpriority=\"high\" alt=\"\" title=\"\" width=\"\" height=\"\" style=\"\"\/><\/div><\/div>\n <br><hr class=\"no_line\" style=\"margin: 0 auto 0px auto\"\/>\n <br> <br><h4>Mobilya<\/h4>Cihaz<br>merkez<br>tekrar yok;orta \u00fcst;;<br>Oto<br>0 3% 0 0<br>gelenek<br>250 piksel<br><br><div class=\"image_frame image_item no_link scale-with-grid element_classes alignnone no_border mfn-img-box\" ><div class=\"image_wrapper\"><img decoding=\"async\" class=\"scale-with-grid\" src=\"\" fetchpriority=\"high\" alt=\"\" title=\"\" width=\"\" height=\"\" style=\"\"\/><\/div><\/div>\n <br><hr class=\"no_line\" style=\"margin: 0 auto 0px auto\"\/>\n <br> <br><h4>Firkete Motorlar\u0131<\/h4>Cihaz<br>merkez<br>tekrar yok;orta \u00fcst;;<br>Oto<br>0 3% 0 0<br>gelenek<br>250 piksel<br><br>30<br>saklamak<br><br><h3>OTOMOT\u0130V<\/h3>OTOMOT\u0130V<br>merkez<br>tekrarla;merkez;;<br>kapak-ultra geni\u015f<br>FadeInUp<br><br><img decoding=\"async\" src=\"https:\/\/ipautomationinc.com\/wp-content\/uploads\/2017\/10\/IMG_2018-1-e1640896150508.png\" alt=\"IMG_2018\"><br>tam dolu<br><br><img decoding=\"async\" src=\"https:\/\/ipautomationinc.com\/wp-content\/uploads\/2017\/10\/IMG_1989-1-e1640896417688.png\" alt=\"IMG_1989\"><br>tam dolu<br><br><img decoding=\"async\" src=\"https:\/\/ipautomationinc.com\/wp-content\/uploads\/2017\/10\/IMG_2016-1-e1640896618424.png\" alt=\"IMG_2016\"><br>tam dolu<br><br><img decoding=\"async\" src=\"https:\/\/ipautomationinc.com\/wp-content\/uploads\/2017\/10\/IMG_1991-1-e1640896746352.png\" alt=\"IMG_1991\"><br>tam dolu<br><br><br><img decoding=\"async\" src=\"https:\/\/ipautomationinc.com\/wp-content\/uploads\/2017\/10\/IMG_2003-1-e1640896821397.png\" alt=\"IMG_2003\"><br>tam dolu<br><br><img decoding=\"async\" src=\"https:\/\/ipautomationinc.com\/wp-content\/uploads\/2017\/10\/IMG_2007-1-e1640896875297.png\" alt=\"IMG_2007\"><br>tam dolu<br><br><img decoding=\"async\" src=\"https:\/\/ipautomationinc.com\/wp-content\/uploads\/2017\/10\/IMG_1994-1-e1640897604612.png\" alt=\"IMG_1994\"><br>tam dolu<br><br><img decoding=\"async\" src=\"https:\/\/ipautomationinc.com\/wp-content\/uploads\/2017\/10\/IMG_2026-1-e1640897688981.png\" alt=\"IMG_2026\"><br>tam dolu<br><br>30<br>saklamak<br><br><h3>TARIM<\/h3>TARIM<br>merkez<br>#ffffff<br>tekrarlama yok;merkez;;<br>kapak-ultra geni\u015f<br><br><img decoding=\"async\" src=\"https:\/\/ipautomationinc.com\/wp-content\/uploads\/2017\/11\/Screen-Shot-2017-11-06-at-1.34.43-PM-e1640897964336.png\" alt=\"Ekran G\u00f6r\u00fcnt\u00fcs\u00fc 2017-11-06, 13.34.43\"><br>tam dolu<br><br><img decoding=\"async\" src=\"https:\/\/ipautomationinc.com\/wp-content\/uploads\/2017\/11\/Screen-Shot-2017-11-06-at-1.34.22-PM-e1640898304626.png\" alt=\"Ekran G\u00f6r\u00fcnt\u00fcs\u00fc 2017-11-06, 13.34.22\"><br>tam dolu<br><br><img decoding=\"async\" src=\"https:\/\/ipautomationinc.com\/wp-content\/uploads\/2017\/11\/Screen-Shot-2017-11-06-at-1.36.58-PM-e1640898355551.png\" alt=\"Ekran G\u00f6r\u00fcnt\u00fcs\u00fc 2017-11-06 13.36.58\"><br>tam dolu<br><br><img decoding=\"async\" src=\"https:\/\/ipautomationinc.com\/wp-content\/uploads\/2017\/11\/Screen-Shot-2017-11-06-at-1.34.08-PM.png\" alt=\"Ekran G\u00f6r\u00fcnt\u00fcs\u00fc 2017-11-06, 13.34.08\"><br>tam dolu<br><br>30<br>saklamak<br><br><h3>\u00c7\u0130M VE BAH\u00c7E<\/h3>\u00c7\u0130M VE BAH\u00c7E<br>merkez<br>#ffffff<br>tekrarlama yok;merkez;;<br>kapak-ultra geni\u015f<br><br><img decoding=\"async\" src=\"https:\/\/ipautomationinc.com\/wp-content\/uploads\/2017\/11\/Screen-Shot-2017-11-06-at-1.38.33-PM-e1640898445847.png\" alt=\"Ekran G\u00f6r\u00fcnt\u00fcs\u00fc 2017-11-06, 13.38.33\"><br>tam dolu<br><br><img decoding=\"async\" src=\"https:\/\/ipautomationinc.com\/wp-content\/uploads\/2017\/11\/Screen-Shot-2017-11-06-at-1.37.50-PM-e1640898490699.png\" alt=\"Ekran G\u00f6r\u00fcnt\u00fcs\u00fc 2017-11-06, 13.37.50\"><br>tam dolu<br><br>30<br>saklamak<br><br><h3>YAPI<\/h3>YAPI<br>merkez<br>#ffffff<br>tekrarlama yok;merkez;;<br>kapak-ultra geni\u015f<br><br><img decoding=\"async\" src=\"https:\/\/ipautomationinc.com\/wp-content\/uploads\/2017\/11\/Screen-Shot-2017-11-06-at-1.27.35-PM-e1640898557130.png\" alt=\"Ekran G\u00f6r\u00fcnt\u00fcs\u00fc 2017-11-06 13.27.35\"><br>tam dolu<br>91 piksel<br>51 piksel<br>138 piksel<br>merkez<br><br><img decoding=\"async\" src=\"https:\/\/ipautomationinc.com\/wp-content\/uploads\/2023\/04\/rebar3.png\" alt=\"in\u015faat demiri3\"><br>tam dolu<br><br><img decoding=\"async\" src=\"https:\/\/ipautomationinc.com\/wp-content\/uploads\/2023\/04\/rebar4.png\" alt=\"in\u015faat demiri4\"><br>tam dolu<br>250 piksel<br>merkez<br><br><img decoding=\"async\" src=\"https:\/\/ipautomationinc.com\/wp-content\/uploads\/2023\/04\/rebar1.png\" alt=\"in\u015faat demiri1\"><br>tam dolu<br><br>30<br>saklamak<br><br><h3>PERAKENDE<\/h3>PERAKENDE<br>merkez<br>#ffffff<br>tekrarlama yok;merkez;;<br>kapak-ultra geni\u015f<br><br><img decoding=\"async\" src=\"https:\/\/ipautomationinc.com\/wp-content\/uploads\/2017\/11\/Screen-Shot-2017-11-06-at-12.03.28-PM-e1640898637133.png\" alt=\"Ekran G\u00f6r\u00fcnt\u00fcs\u00fc 2017-11-06 12.03.28 PM\"><br>tam dolu<br><br><img decoding=\"async\" src=\"https:\/\/ipautomationinc.com\/wp-content\/uploads\/2017\/11\/Screen-Shot-2017-11-06-at-12.24.00-PM-e1640898737479.png\" alt=\"Ekran G\u00f6r\u00fcnt\u00fcs\u00fc 2017-11-06 saat 12.24.00\"><br>tam dolu<br><br><img decoding=\"async\" src=\"https:\/\/ipautomationinc.com\/wp-content\/uploads\/2017\/11\/Screen-Shot-2017-11-06-at-12.23.25-PM.png\" alt=\"Ekran G\u00f6r\u00fcnt\u00fcs\u00fc 2017-11-06 saat 12.23.25\"><br>tam dolu<br><br><img decoding=\"async\" src=\"https:\/\/ipautomationinc.com\/wp-content\/uploads\/2017\/11\/Screen-Shot-2017-11-06-at-12.24.00-PM.png\" alt=\"\"><br>tam dolu<br><br><img decoding=\"async\" src=\"https:\/\/ipautomationinc.com\/wp-content\/uploads\/2017\/11\/Screen-Shot-2017-11-06-at-12.28.20-PM-e1640898971646.png\" alt=\"Ekran G\u00f6r\u00fcnt\u00fcs\u00fc 2017-11-06 saat 12.28.20\"><br>tam dolu<br><br><img decoding=\"async\" src=\"https:\/\/ipautomationinc.com\/wp-content\/uploads\/2017\/11\/bigstock-Shopping-Cart-D-With-Clipping-1349654-e1640899028446.jpg\" alt=\"K\u0131rpma Yollu Al\u0131\u015fveri\u015f Sepeti 3D\"><br>tam dolu<br><br><img decoding=\"async\" src=\"https:\/\/ipautomationinc.com\/wp-content\/uploads\/2017\/11\/Screen-Shot-2017-11-06-at-1.34.57-PM-e1640899168368.png\" alt=\"Ekran G\u00f6r\u00fcnt\u00fcs\u00fc 2017-11-06 13.34.57 PM\"><br>tam dolu<br><br><img decoding=\"async\" src=\"https:\/\/ipautomationinc.com\/wp-content\/uploads\/2017\/11\/Screen-Shot-2017-11-06-at-12.25.43-PM-e1640899352604.png\" alt=\"Ekran G\u00f6r\u00fcnt\u00fcs\u00fc 2017-11-06 12.25.43 PM\"><br>tam dolu<br><br>30<br>saklamak<br><br><h3>C\u0130HAZ<\/h3>C\u0130HAZ<br>merkez<br>#ffffff<br>tekrarlama yok;merkez;;<br>kapak-ultra geni\u015f<br><br><img decoding=\"async\" src=\"https:\/\/ipautomationinc.com\/wp-content\/uploads\/2017\/11\/Screen-Shot-2017-11-06-at-1.16.03-PM.png\" alt=\"\"><br>tam dolu<br><br><img decoding=\"async\" src=\"https:\/\/ipautomationinc.com\/wp-content\/uploads\/2017\/11\/Screen-Shot-2017-11-06-at-1.16.31-PM.png\" alt=\"Ekran G\u00f6r\u00fcnt\u00fcs\u00fc 2017-11-06, 13.16.31\"><br>tam dolu<br><br><img decoding=\"async\" src=\"https:\/\/ipautomationinc.com\/wp-content\/uploads\/2017\/11\/Screen-Shot-2017-11-06-at-1.17.22-PM.png\" alt=\"Ekran G\u00f6r\u00fcnt\u00fcs\u00fc 2017-11-06 13.17.22\"><br>tam dolu<br><br><img decoding=\"async\" src=\"https:\/\/ipautomationinc.com\/wp-content\/uploads\/2017\/11\/Screen-Shot-2017-11-06-at-1.17.54-PM-e1635359774200.png\" alt=\"Ekran G\u00f6r\u00fcnt\u00fcs\u00fc 2017-11-06 13.17.54 PM\"><br>tam dolu<br><br>30<br>saklamak<br><br><h3>MOB\u0130LYA<\/h3>C\u0130HAZ<br>merkez<br>#ffffff<br>tekrarlama yok;merkez;;<br>kapak-ultra geni\u015f<br><br><img decoding=\"async\" src=\"https:\/\/ipautomationinc.com\/wp-content\/uploads\/2023\/05\/stack-chair.png\" alt=\"y\u0131\u011f\u0131n sandalye\"><br>tam dolu<br><br><img decoding=\"async\" src=\"https:\/\/ipautomationinc.com\/wp-content\/uploads\/2023\/05\/hairpin-leg.png\" alt=\"firkete bacak\"><br>tam dolu<br>125 piksel<br>240 piksel<br>merkez<br><br><img decoding=\"async\" src=\"https:\/\/ipautomationinc.com\/wp-content\/uploads\/2023\/05\/chair-lever.png\" alt=\"sandalye kolu\"><br>tam dolu<br>277 piksel<br>merkez<br><br><img decoding=\"async\" src=\"https:\/\/ipautomationinc.com\/wp-content\/uploads\/2023\/05\/lock-rod.png\" alt=\"kilit \u00e7ubu\u011fu\"><br>tam dolu<br>283 piksel<br>merkez<br><br><\/p>","protected":false},"excerpt":{"rendered":"<p>IP Automation wire forms by industry. Automotive, agriculture, lawn &amp; garden, construction, retail and pop display, appliance, furniture, hairpin motors.<span class=\"excerpt-hellip\"> [\u2026]<\/span><\/p>\n","protected":false},"author":3,"featured_media":0,"parent":0,"menu_order":0,"comment_status":"closed","ping_status":"closed","template":"","meta":{"footnotes":""},"class_list":["post-428","page","type-page","status-publish","hentry"],"yoast_head":"<!-- This site is optimized with the Yoast SEO plugin v27.3 - https:\/\/yoast.com\/product\/yoast-seo-wordpress\/ -->\n<title>Industries Served | IP Automation Inc<\/title>\n<meta name=\"description\" content=\"Discover different wire forms by industry application.\" \/>\n<meta name=\"robots\" content=\"index, follow, max-snippet:-1, max-image-preview:large, max-video-preview:-1\" \/>\n<link rel=\"canonical\" href=\"https:\/\/ipautomationinc.com\/tr\/endustriler-ve-yetenekler\/\" \/>\n<meta property=\"og:locale\" content=\"tr_TR\" \/>\n<meta property=\"og:type\" content=\"article\" \/>\n<meta property=\"og:title\" content=\"Industries Served | IP Automation Inc\" \/>\n<meta property=\"og:description\" content=\"Discover different wire forms by industry application.\" \/>\n<meta property=\"og:url\" content=\"https:\/\/ipautomationinc.com\/tr\/endustriler-ve-yetenekler\/\" \/>\n<meta property=\"og:site_name\" content=\"IP Automation Inc\" \/>\n<meta property=\"article:publisher\" content=\"https:\/\/www.facebook.com\/ipautomationinc\/\" \/>\n<meta property=\"article:modified_time\" content=\"2024-01-09T17:49:29+00:00\" \/>\n<meta property=\"og:image\" content=\"https:\/\/ipautomationinc.com\/wp-content\/uploads\/2022\/05\/web-header_Artboard-3.jpg\" \/>\n\t<meta property=\"og:image:width\" content=\"1920\" \/>\n\t<meta property=\"og:image:height\" content=\"815\" \/>\n\t<meta property=\"og:image:type\" content=\"image\/jpeg\" \/>\n<script type=\"application\/ld+json\" class=\"yoast-schema-graph\">{\"@context\":\"https:\\\/\\\/schema.org\",\"@graph\":[{\"@type\":\"WebPage\",\"@id\":\"https:\\\/\\\/ipautomationinc.com\\\/industries-and-capabilities\\\/\",\"url\":\"https:\\\/\\\/ipautomationinc.com\\\/industries-and-capabilities\\\/\",\"name\":\"Industries Served | IP Automation Inc\",\"isPartOf\":{\"@id\":\"https:\\\/\\\/ipautomationinc.com\\\/#website\"},\"primaryImageOfPage\":{\"@id\":\"https:\\\/\\\/ipautomationinc.com\\\/industries-and-capabilities\\\/#primaryimage\"},\"image\":{\"@id\":\"https:\\\/\\\/ipautomationinc.com\\\/industries-and-capabilities\\\/#primaryimage\"},\"thumbnailUrl\":\"https:\\\/\\\/ipautomationinc.com\\\/wp-content\\\/uploads\\\/2017\\\/10\\\/IMG_2018-1-e1640896150508.png\",\"datePublished\":\"2018-06-25T23:30:37+00:00\",\"dateModified\":\"2024-01-09T17:49:29+00:00\",\"description\":\"Discover different wire forms by industry application.\",\"inLanguage\":\"tr\",\"potentialAction\":[{\"@type\":\"ReadAction\",\"target\":[\"https:\\\/\\\/ipautomationinc.com\\\/industries-and-capabilities\\\/\"]}]},{\"@type\":\"ImageObject\",\"inLanguage\":\"tr\",\"@id\":\"https:\\\/\\\/ipautomationinc.com\\\/industries-and-capabilities\\\/#primaryimage\",\"url\":\"https:\\\/\\\/ipautomationinc.com\\\/wp-content\\\/uploads\\\/2017\\\/10\\\/IMG_2018-1-e1640896150508.png\",\"contentUrl\":\"https:\\\/\\\/ipautomationinc.com\\\/wp-content\\\/uploads\\\/2017\\\/10\\\/IMG_2018-1-e1640896150508.png\"},{\"@type\":\"WebSite\",\"@id\":\"https:\\\/\\\/ipautomationinc.com\\\/#website\",\"url\":\"https:\\\/\\\/ipautomationinc.com\\\/\",\"name\":\"IP Automation Inc\",\"description\":\"Concept... Creation... Reality...\",\"publisher\":{\"@id\":\"https:\\\/\\\/ipautomationinc.com\\\/#organization\"},\"potentialAction\":[{\"@type\":\"SearchAction\",\"target\":{\"@type\":\"EntryPoint\",\"urlTemplate\":\"https:\\\/\\\/ipautomationinc.com\\\/?s={search_term_string}\"},\"query-input\":{\"@type\":\"PropertyValueSpecification\",\"valueRequired\":true,\"valueName\":\"search_term_string\"}}],\"inLanguage\":\"tr\"},{\"@type\":\"Organization\",\"@id\":\"https:\\\/\\\/ipautomationinc.com\\\/#organization\",\"name\":\"IP Automation Inc\",\"url\":\"https:\\\/\\\/ipautomationinc.com\\\/\",\"logo\":{\"@type\":\"ImageObject\",\"inLanguage\":\"tr\",\"@id\":\"https:\\\/\\\/ipautomationinc.com\\\/#\\\/schema\\\/logo\\\/image\\\/\",\"url\":\"https:\\\/\\\/ipautomationinc.com\\\/wp-content\\\/uploads\\\/2022\\\/05\\\/IPA-Favicon.png\",\"contentUrl\":\"https:\\\/\\\/ipautomationinc.com\\\/wp-content\\\/uploads\\\/2022\\\/05\\\/IPA-Favicon.png\",\"width\":513,\"height\":513,\"caption\":\"IP Automation Inc\"},\"image\":{\"@id\":\"https:\\\/\\\/ipautomationinc.com\\\/#\\\/schema\\\/logo\\\/image\\\/\"},\"sameAs\":[\"https:\\\/\\\/www.facebook.com\\\/ipautomationinc\\\/\",\"https:\\\/\\\/www.linkedin.com\\\/company\\\/ip-automation-inc\\\/\",\"https:\\\/\\\/www.youtube.com\\\/@IPAutomation\"]}]}<\/script>\n<!-- \/ Yoast SEO plugin. -->","yoast_head_json":{"title":"Hizmet Verilen Sekt\u00f6rler | IP Otomasyon A.\u015e.","description":"End\u00fcstri uygulamalar\u0131na g\u00f6re farkl\u0131 tel formlar\u0131n\u0131 ke\u015ffedin.","robots":{"index":"index","follow":"follow","max-snippet":"max-snippet:-1","max-image-preview":"max-image-preview:large","max-video-preview":"max-video-preview:-1"},"canonical":"https:\/\/ipautomationinc.com\/tr\/endustriler-ve-yetenekler\/","og_locale":"tr_TR","og_type":"article","og_title":"Industries Served | IP Automation Inc","og_description":"Discover different wire forms by industry application.","og_url":"https:\/\/ipautomationinc.com\/tr\/endustriler-ve-yetenekler\/","og_site_name":"IP Automation Inc","article_publisher":"https:\/\/www.facebook.com\/ipautomationinc\/","article_modified_time":"2024-01-09T17:49:29+00:00","og_image":[{"width":1920,"height":815,"url":"https:\/\/ipautomationinc.com\/wp-content\/uploads\/2022\/05\/web-header_Artboard-3.jpg","type":"image\/jpeg"}],"schema":{"@context":"https:\/\/schema.org","@graph":[{"@type":"WebPage","@id":"https:\/\/ipautomationinc.com\/industries-and-capabilities\/","url":"https:\/\/ipautomationinc.com\/industries-and-capabilities\/","name":"Hizmet Verilen Sekt\u00f6rler | IP Otomasyon A.\u015e.","isPartOf":{"@id":"https:\/\/ipautomationinc.com\/#website"},"primaryImageOfPage":{"@id":"https:\/\/ipautomationinc.com\/industries-and-capabilities\/#primaryimage"},"image":{"@id":"https:\/\/ipautomationinc.com\/industries-and-capabilities\/#primaryimage"},"thumbnailUrl":"https:\/\/ipautomationinc.com\/wp-content\/uploads\/2017\/10\/IMG_2018-1-e1640896150508.png","datePublished":"2018-06-25T23:30:37+00:00","dateModified":"2024-01-09T17:49:29+00:00","description":"End\u00fcstri uygulamalar\u0131na g\u00f6re farkl\u0131 tel formlar\u0131n\u0131 ke\u015ffedin.","inLanguage":"tr","potentialAction":[{"@type":"ReadAction","target":["https:\/\/ipautomationinc.com\/industries-and-capabilities\/"]}]},{"@type":"ImageObject","inLanguage":"tr","@id":"https:\/\/ipautomationinc.com\/industries-and-capabilities\/#primaryimage","url":"https:\/\/ipautomationinc.com\/wp-content\/uploads\/2017\/10\/IMG_2018-1-e1640896150508.png","contentUrl":"https:\/\/ipautomationinc.com\/wp-content\/uploads\/2017\/10\/IMG_2018-1-e1640896150508.png"},{"@type":"WebSite","@id":"https:\/\/ipautomationinc.com\/#website","url":"https:\/\/ipautomationinc.com\/","name":"IP Otomasyon A.\u015e.","description":"Konsept... Yarat\u0131l\u0131\u015f... Ger\u00e7eklik...","publisher":{"@id":"https:\/\/ipautomationinc.com\/#organization"},"potentialAction":[{"@type":"SearchAction","target":{"@type":"EntryPoint","urlTemplate":"https:\/\/ipautomationinc.com\/?s={search_term_string}"},"query-input":{"@type":"PropertyValueSpecification","valueRequired":true,"valueName":"search_term_string"}}],"inLanguage":"tr"},{"@type":"Organization","@id":"https:\/\/ipautomationinc.com\/#organization","name":"IP Otomasyon A.\u015e.","url":"https:\/\/ipautomationinc.com\/","logo":{"@type":"ImageObject","inLanguage":"tr","@id":"https:\/\/ipautomationinc.com\/#\/schema\/logo\/image\/","url":"https:\/\/ipautomationinc.com\/wp-content\/uploads\/2022\/05\/IPA-Favicon.png","contentUrl":"https:\/\/ipautomationinc.com\/wp-content\/uploads\/2022\/05\/IPA-Favicon.png","width":513,"height":513,"caption":"IP Automation Inc"},"image":{"@id":"https:\/\/ipautomationinc.com\/#\/schema\/logo\/image\/"},"sameAs":["https:\/\/www.facebook.com\/ipautomationinc\/","https:\/\/www.linkedin.com\/company\/ip-automation-inc\/","https:\/\/www.youtube.com\/@IPAutomation"]}]}},"_links":{"self":[{"href":"https:\/\/ipautomationinc.com\/tr\/wp-json\/wp\/v2\/pages\/428","targetHints":{"allow":["GET"]}}],"collection":[{"href":"https:\/\/ipautomationinc.com\/tr\/wp-json\/wp\/v2\/pages"}],"about":[{"href":"https:\/\/ipautomationinc.com\/tr\/wp-json\/wp\/v2\/types\/page"}],"author":[{"embeddable":true,"href":"https:\/\/ipautomationinc.com\/tr\/wp-json\/wp\/v2\/users\/3"}],"replies":[{"embeddable":true,"href":"https:\/\/ipautomationinc.com\/tr\/wp-json\/wp\/v2\/comments?post=428"}],"version-history":[{"count":0,"href":"https:\/\/ipautomationinc.com\/tr\/wp-json\/wp\/v2\/pages\/428\/revisions"}],"wp:attachment":[{"href":"https:\/\/ipautomationinc.com\/tr\/wp-json\/wp\/v2\/media?parent=428"}],"curies":[{"name":"wp","href":"https:\/\/api.w.org\/{rel}","templated":true}]}}