{"id":39417,"date":"2026-02-12T14:18:54","date_gmt":"2026-02-12T20:18:54","guid":{"rendered":"https:\/\/ipautomationinc.com\/?page_id=39417"},"modified":"2026-02-17T16:59:46","modified_gmt":"2026-02-17T22:59:46","slug":"akilli","status":"publish","type":"page","link":"https:\/\/ipautomationinc.com\/tr\/intellibend\/","title":{"rendered":"Ak\u0131ll\u0131"},"content":{"rendered":"<p>Intellibend yaz\u0131l\u0131m\u0131m\u0131z, \u00f6\u011frenmesi kolay ve b\u00fckme, sim\u00fclasyon ve makine i\u015flemlerinin y\u00f6netimi \u00fczerinde kapsaml\u0131 kontrol sa\u011flayan g\u00fc\u00e7l\u00fc programlama ara\u00e7lar\u0131 ve yetenekleri i\u00e7erir.<\/p>\n\n\n\n<p><span class=\"builder2seo\"><\/span>Intelliben Yaz\u0131l\u0131m\u0131<br><br><br><p><span>Intellibend yaz\u0131l\u0131m\u0131m\u0131z, \u00f6\u011frenmesi kolay ve b\u00fckme, sim\u00fclasyon ve makine i\u015flemlerinin y\u00f6netimi \u00fczerinde kapsaml\u0131 kontrol sa\u011flayan g\u00fc\u00e7l\u00fc programlama ara\u00e7lar\u0131 ve yetenekleri i\u00e7erir.<\/span><\/p><br><br>autoplay=1&amp;muted=1&amp;loop=1&amp;controls=0<br>a;;l;m<br><br>Intelliben Yaz\u0131l\u0131m\u0131<br>#000000<br><br><br><p><span>Intellibend yaz\u0131l\u0131m\u0131m\u0131z, \u00f6\u011frenmesi kolay ve b\u00fckme, sim\u00fclasyon ve makine i\u015flemlerinin y\u00f6netimi \u00fczerinde kapsaml\u0131 kontrol sa\u011flayan g\u00fc\u00e7l\u00fc programlama ara\u00e7lar\u0131 ve yetenekleri i\u00e7erir.<\/span><\/p><br><br><img decoding=\"async\" src=\"https:\/\/ipautomationinc.com\/wp-content\/uploads\/2026\/02\/Software-interface.webp#39419\" alt=\"Intellibend software interface\"><br>https:\/\/ipautomationinc.com\/wp-content\/uploads\/2026\/02\/Software-interface.webp#39419<br>gelenek<br><br>Par\u00e7a Programlama \u00d6zellikleri<br>Genel \u00d6zellikler<br>Ba\u011flant\u0131<br><br><br>  LRA ve mutlak programlama se\u00e7enekleri<br><br>  H\u0131zlanma, yava\u015flama ve virajdan \u00e7\u0131k\u0131\u015f h\u0131zlanma kontrolleri<br><br>  Unity motoru kullan\u0131larak \u00e7arp\u0131\u015fma alg\u0131lama \u00f6zelli\u011fiyle tam entegre 3D animasyonlu sim\u00fclasyon.<br><br>  3D model, h\u0131zl\u0131 referanslama i\u00e7in programa dokunmatik olarak entegre edilmi\u015ftir.<br><br>  STEP dosyas\u0131 i\u00e7e aktarma \u00f6zelli\u011fi (\u00e7o\u011fu modelde mevcuttur)<br><br>  Kullan\u0131c\u0131 d\u00fczeyinde kontrol k\u0131s\u0131tlamalar\u0131<br><br>  Alet ve tel ba\u015f\u0131na programlanabilir b\u00fckme kalibrasyonu<br><br>  Dahili not s\u00fctunlar\u0131<br><br>  Makro program\u0131 \u00e7a\u011fr\u0131s\u0131<br><br>  Tam geri alma\/yeniden yapma i\u015flevi<br><br>  Servo hareket penceresi<br><br><br><br><br>  Tam CNC kontrol\u00fc<br><br>  Windows Enterprise LTSC i\u015fletim sistemi<br><br>  \u00dccretsiz Intellibend yaz\u0131l\u0131m g\u00fcncellemeleri<br><br>  Otomatik kaydetme\/yedekleme yard\u0131mc\u0131 programlar\u0131<br><br>  Entegre parti kontrol\u00fc ve par\u00e7a say\u0131m\u0131<br><br>  Havaland\u0131rma gerektirmeyen kat\u0131 hal bilgisayar<br><br>  Hareket verilerine dayal\u0131 ak\u0131ll\u0131 bak\u0131m bildirimleri<br><br>  \u00c7ok dilli men\u00fcler ve ikonografik dokunmatik ekran d\u00fc\u011fmeleri<br><br><br><br><br>  Uzaktan destek ba\u011flant\u0131s\u0131 i\u00e7in h\u0131zl\u0131, g\u00fcvenli VPN t\u00fcneli<br><br>  Fanuc ve Yaskawa Motoman robotik sistemleriyle otomatik \u00e7a\u011fr\u0131 ve ar\u0131za giderme.<br><br>  IIoT uygulamas\u0131 i\u00e7in OPC UA i\u015flevselli\u011fi<br><br>  \u00d6zel G\/\u00c7 i\u015flevleri mevcuttur<br><br>  \u00c7oklu dokunmatik ekran\u2014klavye gerekmez (USB ba\u011flant\u0131 noktas\u0131 mevcuttur)<br><br><br>vertical<br>#767676<br>#0444B0<br><br><\/p>","protected":false},"excerpt":{"rendered":"<p>Our Intellibend software incorporates powerful programming tools and capabilities that are easy to learn and provide extensive control over bending,<span class=\"excerpt-hellip\"> [\u2026]<\/span><\/p>\n","protected":false},"author":3,"featured_media":0,"parent":0,"menu_order":0,"comment_status":"closed","ping_status":"closed","template":"","meta":{"footnotes":""},"class_list":["post-39417","page","type-page","status-publish","hentry"],"yoast_head":"<!-- This site is optimized with the Yoast SEO plugin v27.4 - https:\/\/yoast.com\/product\/yoast-seo-wordpress\/ -->\n<title>Intellibend | IP Automation Inc<\/title>\n<meta name=\"description\" content=\"Our Intellibend software incorporates powerful programming tools and capabilities that are easy to learn and provide extensive control.\" \/>\n<meta name=\"robots\" content=\"index, follow, max-snippet:-1, max-image-preview:large, max-video-preview:-1\" \/>\n<link rel=\"canonical\" href=\"https:\/\/ipautomationinc.com\/tr\/akilli\/\" \/>\n<meta property=\"og:locale\" content=\"tr_TR\" \/>\n<meta property=\"og:type\" content=\"article\" \/>\n<meta property=\"og:title\" content=\"Intellibend | IP Automation Inc\" \/>\n<meta property=\"og:description\" content=\"Our Intellibend software incorporates powerful programming tools and capabilities that are easy to learn and provide extensive control.\" \/>\n<meta property=\"og:url\" content=\"https:\/\/ipautomationinc.com\/tr\/akilli\/\" \/>\n<meta property=\"og:site_name\" content=\"IP Automation Inc\" \/>\n<meta property=\"article:publisher\" content=\"https:\/\/www.facebook.com\/ipautomationinc\/\" \/>\n<meta property=\"article:modified_time\" content=\"2026-02-17T22:59:46+00:00\" \/>\n<meta property=\"og:image\" content=\"https:\/\/ipautomationinc.com\/wp-content\/uploads\/2026\/02\/Software-interface.webp#39419\" \/>\n<script type=\"application\/ld+json\" class=\"yoast-schema-graph\">{\"@context\":\"https:\\\/\\\/schema.org\",\"@graph\":[{\"@type\":\"WebPage\",\"@id\":\"https:\\\/\\\/ipautomationinc.com\\\/intellibend\\\/\",\"url\":\"https:\\\/\\\/ipautomationinc.com\\\/intellibend\\\/\",\"name\":\"Intellibend | IP Automation Inc\",\"isPartOf\":{\"@id\":\"https:\\\/\\\/ipautomationinc.com\\\/#website\"},\"primaryImageOfPage\":{\"@id\":\"https:\\\/\\\/ipautomationinc.com\\\/intellibend\\\/#primaryimage\"},\"image\":{\"@id\":\"https:\\\/\\\/ipautomationinc.com\\\/intellibend\\\/#primaryimage\"},\"thumbnailUrl\":\"https:\\\/\\\/ipautomationinc.com\\\/wp-content\\\/uploads\\\/2026\\\/02\\\/Software-interface.webp#39419\",\"datePublished\":\"2026-02-12T20:18:54+00:00\",\"dateModified\":\"2026-02-17T22:59:46+00:00\",\"description\":\"Our Intellibend software incorporates powerful programming tools and capabilities that are easy to learn and provide extensive control.\",\"inLanguage\":\"tr\",\"potentialAction\":[{\"@type\":\"ReadAction\",\"target\":[\"https:\\\/\\\/ipautomationinc.com\\\/intellibend\\\/\"]}]},{\"@type\":\"ImageObject\",\"inLanguage\":\"tr\",\"@id\":\"https:\\\/\\\/ipautomationinc.com\\\/intellibend\\\/#primaryimage\",\"url\":\"https:\\\/\\\/ipautomationinc.com\\\/wp-content\\\/uploads\\\/2026\\\/02\\\/Software-interface.webp#39419\",\"contentUrl\":\"https:\\\/\\\/ipautomationinc.com\\\/wp-content\\\/uploads\\\/2026\\\/02\\\/Software-interface.webp#39419\"},{\"@type\":\"WebSite\",\"@id\":\"https:\\\/\\\/ipautomationinc.com\\\/#website\",\"url\":\"https:\\\/\\\/ipautomationinc.com\\\/\",\"name\":\"IP Automation Inc\",\"description\":\"Concept... Creation... Reality...\",\"publisher\":{\"@id\":\"https:\\\/\\\/ipautomationinc.com\\\/#organization\"},\"potentialAction\":[{\"@type\":\"SearchAction\",\"target\":{\"@type\":\"EntryPoint\",\"urlTemplate\":\"https:\\\/\\\/ipautomationinc.com\\\/?s={search_term_string}\"},\"query-input\":{\"@type\":\"PropertyValueSpecification\",\"valueRequired\":true,\"valueName\":\"search_term_string\"}}],\"inLanguage\":\"tr\"},{\"@type\":\"Organization\",\"@id\":\"https:\\\/\\\/ipautomationinc.com\\\/#organization\",\"name\":\"IP Automation Inc\",\"url\":\"https:\\\/\\\/ipautomationinc.com\\\/\",\"logo\":{\"@type\":\"ImageObject\",\"inLanguage\":\"tr\",\"@id\":\"https:\\\/\\\/ipautomationinc.com\\\/#\\\/schema\\\/logo\\\/image\\\/\",\"url\":\"https:\\\/\\\/ipautomationinc.com\\\/wp-content\\\/uploads\\\/2022\\\/05\\\/IPA-Favicon.png\",\"contentUrl\":\"https:\\\/\\\/ipautomationinc.com\\\/wp-content\\\/uploads\\\/2022\\\/05\\\/IPA-Favicon.png\",\"width\":513,\"height\":513,\"caption\":\"IP Automation Inc\"},\"image\":{\"@id\":\"https:\\\/\\\/ipautomationinc.com\\\/#\\\/schema\\\/logo\\\/image\\\/\"},\"sameAs\":[\"https:\\\/\\\/www.facebook.com\\\/ipautomationinc\\\/\",\"https:\\\/\\\/www.linkedin.com\\\/company\\\/ip-automation-inc\\\/\",\"https:\\\/\\\/www.youtube.com\\\/@IPAutomation\"]}]}<\/script>\n<!-- \/ Yoast SEO plugin. -->","yoast_head_json":{"title":"Intellibend | IP Otomasyon A.\u015e.","description":"Intellibend yaz\u0131l\u0131m\u0131m\u0131z, \u00f6\u011frenmesi kolay ve kapsaml\u0131 kontrol sa\u011flayan g\u00fc\u00e7l\u00fc programlama ara\u00e7lar\u0131 ve yetenekleri i\u00e7erir.","robots":{"index":"index","follow":"follow","max-snippet":"max-snippet:-1","max-image-preview":"max-image-preview:large","max-video-preview":"max-video-preview:-1"},"canonical":"https:\/\/ipautomationinc.com\/tr\/akilli\/","og_locale":"tr_TR","og_type":"article","og_title":"Intellibend | IP Automation Inc","og_description":"Our Intellibend software incorporates powerful programming tools and capabilities that are easy to learn and provide extensive control.","og_url":"https:\/\/ipautomationinc.com\/tr\/akilli\/","og_site_name":"IP Automation Inc","article_publisher":"https:\/\/www.facebook.com\/ipautomationinc\/","article_modified_time":"2026-02-17T22:59:46+00:00","og_image":[{"url":"https:\/\/ipautomationinc.com\/wp-content\/uploads\/2026\/02\/Software-interface.webp#39419","type":"","width":"","height":""}],"schema":{"@context":"https:\/\/schema.org","@graph":[{"@type":"WebPage","@id":"https:\/\/ipautomationinc.com\/intellibend\/","url":"https:\/\/ipautomationinc.com\/intellibend\/","name":"Intellibend | IP Otomasyon A.\u015e.","isPartOf":{"@id":"https:\/\/ipautomationinc.com\/#website"},"primaryImageOfPage":{"@id":"https:\/\/ipautomationinc.com\/intellibend\/#primaryimage"},"image":{"@id":"https:\/\/ipautomationinc.com\/intellibend\/#primaryimage"},"thumbnailUrl":"https:\/\/ipautomationinc.com\/wp-content\/uploads\/2026\/02\/Software-interface.webp#39419","datePublished":"2026-02-12T20:18:54+00:00","dateModified":"2026-02-17T22:59:46+00:00","description":"Intellibend yaz\u0131l\u0131m\u0131m\u0131z, \u00f6\u011frenmesi kolay ve kapsaml\u0131 kontrol sa\u011flayan g\u00fc\u00e7l\u00fc programlama ara\u00e7lar\u0131 ve yetenekleri i\u00e7erir.","inLanguage":"tr","potentialAction":[{"@type":"ReadAction","target":["https:\/\/ipautomationinc.com\/intellibend\/"]}]},{"@type":"ImageObject","inLanguage":"tr","@id":"https:\/\/ipautomationinc.com\/intellibend\/#primaryimage","url":"https:\/\/ipautomationinc.com\/wp-content\/uploads\/2026\/02\/Software-interface.webp#39419","contentUrl":"https:\/\/ipautomationinc.com\/wp-content\/uploads\/2026\/02\/Software-interface.webp#39419"},{"@type":"WebSite","@id":"https:\/\/ipautomationinc.com\/#website","url":"https:\/\/ipautomationinc.com\/","name":"IP Otomasyon A.\u015e.","description":"Konsept... Yarat\u0131l\u0131\u015f... Ger\u00e7eklik...","publisher":{"@id":"https:\/\/ipautomationinc.com\/#organization"},"potentialAction":[{"@type":"SearchAction","target":{"@type":"EntryPoint","urlTemplate":"https:\/\/ipautomationinc.com\/?s={search_term_string}"},"query-input":{"@type":"PropertyValueSpecification","valueRequired":true,"valueName":"search_term_string"}}],"inLanguage":"tr"},{"@type":"Organization","@id":"https:\/\/ipautomationinc.com\/#organization","name":"IP Otomasyon A.\u015e.","url":"https:\/\/ipautomationinc.com\/","logo":{"@type":"ImageObject","inLanguage":"tr","@id":"https:\/\/ipautomationinc.com\/#\/schema\/logo\/image\/","url":"https:\/\/ipautomationinc.com\/wp-content\/uploads\/2022\/05\/IPA-Favicon.png","contentUrl":"https:\/\/ipautomationinc.com\/wp-content\/uploads\/2022\/05\/IPA-Favicon.png","width":513,"height":513,"caption":"IP Automation Inc"},"image":{"@id":"https:\/\/ipautomationinc.com\/#\/schema\/logo\/image\/"},"sameAs":["https:\/\/www.facebook.com\/ipautomationinc\/","https:\/\/www.linkedin.com\/company\/ip-automation-inc\/","https:\/\/www.youtube.com\/@IPAutomation"]}]}},"_links":{"self":[{"href":"https:\/\/ipautomationinc.com\/tr\/wp-json\/wp\/v2\/pages\/39417","targetHints":{"allow":["GET"]}}],"collection":[{"href":"https:\/\/ipautomationinc.com\/tr\/wp-json\/wp\/v2\/pages"}],"about":[{"href":"https:\/\/ipautomationinc.com\/tr\/wp-json\/wp\/v2\/types\/page"}],"author":[{"embeddable":true,"href":"https:\/\/ipautomationinc.com\/tr\/wp-json\/wp\/v2\/users\/3"}],"replies":[{"embeddable":true,"href":"https:\/\/ipautomationinc.com\/tr\/wp-json\/wp\/v2\/comments?post=39417"}],"version-history":[{"count":3,"href":"https:\/\/ipautomationinc.com\/tr\/wp-json\/wp\/v2\/pages\/39417\/revisions"}],"predecessor-version":[{"id":39449,"href":"https:\/\/ipautomationinc.com\/tr\/wp-json\/wp\/v2\/pages\/39417\/revisions\/39449"}],"wp:attachment":[{"href":"https:\/\/ipautomationinc.com\/tr\/wp-json\/wp\/v2\/media?parent=39417"}],"curies":[{"name":"wp","href":"https:\/\/api.w.org\/{rel}","templated":true}]}}