{"id":37840,"date":"2025-06-27T10:09:58","date_gmt":"2025-06-27T15:09:58","guid":{"rendered":"https:\/\/ipautomationinc.com\/?page_id=37840"},"modified":"2025-06-27T10:37:19","modified_gmt":"2025-06-27T15:37:19","slug":"cerez-politikasi","status":"publish","type":"page","link":"https:\/\/ipautomationinc.com\/tr\/cookie-policy\/","title":{"rendered":"\u00c7erez politikas\u0131"},"content":{"rendered":"<h1 class=\"wp-block-heading\">Gizlilik Politikas\u0131<\/h1>\n\n\n\n<p><strong>Son G\u00fcncelleme:<\/strong>&nbsp;1 Ocak 2025<\/p>\n\n\n\n<p><strong>Y\u00fcr\u00fcrl\u00fck Tarihi:<\/strong>&nbsp;1 Ocak 2025<\/p>\n\n\n\n<p>IP Automation Inc. (&quot;biz&quot;, &quot;bizim&quot; veya &quot;bize&quot;) gizlili\u011finizi korumaya kararl\u0131d\u0131r. Bu Gizlilik Politikas\u0131, ziyaret etti\u011finizde ki\u015fisel bilgilerinizi nas\u0131l toplad\u0131\u011f\u0131m\u0131z\u0131, kulland\u0131\u011f\u0131m\u0131z\u0131 ve korudu\u011fumuzu ana hatlar\u0131yla belirtir.&nbsp;<a href=\"https:\/\/ipautomationinc.com\/tr\/\" target=\"_blank\" rel=\"noreferrer noopener\">https:\/\/ipautomationinc.com<\/a>&nbsp;(\u201cHizmet\u201d).<\/p>\n\n\n\n<p>Hizmeti kullanarak, bu Gizlilik Politikas\u0131nda a\u00e7\u0131klanan uygulamalar\u0131 kabul etmi\u015f olursunuz. Bunlarla ayn\u0131 fikirde de\u011filseniz, l\u00fctfen Hizmete eri\u015fmeyin veya Hizmeti kullanmay\u0131n.<\/p>\n\n\n\n<h2 class=\"wp-block-heading\">Toplad\u0131\u011f\u0131m\u0131z Bilgiler<\/h2>\n\n\n\n<h3 class=\"wp-block-heading\">Sa\u011flad\u0131\u011f\u0131n\u0131z Bilgiler<\/h3>\n\n\n\n<p>Web sitemizde bir formu doldurdu\u011funuzda ad\u0131n\u0131z\u0131, e-posta adresinizi, telefon numaran\u0131z\u0131, \u015firket ad\u0131n\u0131z\u0131 ve ekledi\u011finiz herhangi bir mesaj\u0131 toplayabiliriz.<\/p>\n\n\n\n<h3 class=\"wp-block-heading\">Otomatik Olarak Toplanan Bilgiler<\/h3>\n\n\n\n<ul class=\"wp-block-list\">\n<li><strong>Analizler:<\/strong>\u00a0IP adresi, taray\u0131c\u0131 t\u00fcr\u00fc, y\u00f6nlendiren sayfalar ve videolarla etkile\u015fim gibi bilgileri toplamak i\u00e7in Google Analytics ve Vimeo Analytics gibi hizmetleri kullan\u0131yoruz.<\/li>\n\n\n\n<li><strong>\u00c7erezler:<\/strong>\u00a0Deneyiminizi geli\u015ftirmek ve kullan\u0131m verilerini toplamak i\u00e7in \u00e7erezler ve benzeri teknolojiler kullan\u0131yoruz.<\/li>\n<\/ul>\n\n\n\n<h2 class=\"wp-block-heading\">Bilgilerinizi Nas\u0131l Kullan\u0131yoruz<\/h2>\n\n\n\n<ul class=\"wp-block-list\">\n<li>\u0130leti\u015fim formlar\u0131m\u0131z arac\u0131l\u0131\u011f\u0131yla g\u00f6nderilen sorulara yan\u0131t vermek i\u00e7in<\/li>\n\n\n\n<li>Site kullan\u0131m\u0131n\u0131 analiz etmek ve performans\u0131 iyile\u015ftirmek<\/li>\n\n\n\n<li>Video etkile\u015fimini ve teknik i\u015flevselli\u011fi izlemek i\u00e7in<\/li>\n\n\n\n<li>G\u00fcvenli\u011fin sa\u011flanmas\u0131na ve k\u00f6t\u00fcye kullan\u0131m\u0131n \u00f6nlenmesine yard\u0131mc\u0131 olmak i\u00e7in<\/li>\n<\/ul>\n\n\n\n<p>Bilgilerinizi yukar\u0131da belirtilen ama\u00e7lar d\u0131\u015f\u0131nda bir ama\u00e7la kullanmay\u0131 planl\u0131yorsak, bunu yapmadan \u00f6nce a\u00e7\u0131k r\u0131zan\u0131z\u0131 isteyece\u011fiz.<\/p>\n\n\n\n<h2 class=\"wp-block-heading\">Bilgi Payla\u015f\u0131m\u0131<\/h2>\n\n\n\n<p>Ki\u015fisel bilgilerinizi pazarlamac\u0131lara veya di\u011fer \u00fc\u00e7\u00fcnc\u00fc taraflara satmay\u0131z veya kiralamay\u0131z. Ancak, bilgilerinizi yaln\u0131zca analiz ve performans izleme ama\u00e7lar\u0131 i\u00e7in g\u00fcvenilir hizmet sa\u011flay\u0131c\u0131larla (\u00f6rne\u011fin Google, Vimeo) payla\u015fabiliriz.<\/p>\n\n\n\n<p>Ayr\u0131ca, yasa, yasal s\u00fcre\u00e7 veya birle\u015fme veya sat\u0131n alma gibi bir i\u015fletme devri durumunda bunu yapmam\u0131z gerekti\u011finde bilgilerinizi if\u015fa edebiliriz.<\/p>\n\n\n\n<h2 class=\"wp-block-heading\">Veri Saklama<\/h2>\n\n\n\n<p>Ki\u015fisel verileri, topland\u0131\u011f\u0131 ama\u00e7lar\u0131 yerine getirmek i\u00e7in gereken s\u00fcre boyunca veya yasan\u0131n gerektirdi\u011fi s\u00fcre boyunca saklar\u0131z. Bu, genellikle verilerin bizimle son etkile\u015fiminizden sonra 90 g\u00fcn ile 2 y\u0131l aras\u0131nda sakland\u0131\u011f\u0131 anlam\u0131na gelir.<\/p>\n\n\n\n<p>Sizi tan\u0131mlamayan anonim veya toplu veriler s\u00fcresiz olarak saklanabilir.<\/p>\n\n\n\n<h2 class=\"wp-block-heading\">Haklar\u0131n\u0131z<\/h2>\n\n\n\n<p>Bulundu\u011funuz yere ve ge\u00e7erli yasaya ba\u011fl\u0131 olarak \u015fu haklara sahip olabilirsiniz:<\/p>\n\n\n\n<ul class=\"wp-block-list\">\n<li>Hakk\u0131n\u0131zda tuttu\u011fumuz ki\u015fisel verilere eri\u015fin<\/li>\n\n\n\n<li>Verilerinizin d\u00fczeltilmesini veya silinmesini talep edin<\/li>\n\n\n\n<li>Veri i\u015fleme i\u00e7in onay\u0131n\u0131z\u0131 geri \u00e7ekin<\/li>\n\n\n\n<li>Veri ta\u015f\u0131nabilirli\u011fi talebinde bulunun (ba\u015fka bir kurulu\u015fa)<\/li>\n\n\n\n<li>D\u00fczenleyici bir otoriteye \u015fikayette bulunun<\/li>\n<\/ul>\n\n\n\n<p>Haklar\u0131n\u0131z\u0131 kullanmak i\u00e7in bizimle ileti\u015fime ge\u00e7in:&nbsp;<a href=\"mailto:info@ipautomationinc.com\">info@ipautomationinc.com<\/a>.<\/p>\n\n\n\n<h2 class=\"wp-block-heading\">\u00c7erezler<\/h2>\n\n\n\n<p>\u00c7erezler, i\u015flevselli\u011fi art\u0131rmak ve kullan\u0131m\u0131 izlemek i\u00e7in cihaz\u0131n\u0131za yerle\u015ftirilen k\u00fc\u00e7\u00fck dosyalard\u0131r. \u00c7erezleri nas\u0131l kulland\u0131\u011f\u0131m\u0131z ve bunlar\u0131 nas\u0131l y\u00f6netebilece\u011finiz hakk\u0131nda daha fazla bilgi i\u00e7in l\u00fctfen \u015fu adresi ziyaret edin:&nbsp;<a href=\"https:\/\/ipautomationinc.com\/tr\/cerez-politikasi\/\" target=\"_blank\" rel=\"noreferrer noopener\">\u00c7erez politikas\u0131<\/a>.<\/p>\n\n\n\n<h2 class=\"wp-block-heading\">G\u00fcvenlik<\/h2>\n\n\n\n<p>Bilgilerinizi yetkisiz eri\u015fim, kullan\u0131m veya if\u015fadan korumak i\u00e7in makul \u00f6nlemler al\u0131yoruz. Ancak hi\u00e7bir sistem tamamen g\u00fcvenli de\u011fildir. Hizmeti kendi riskinizle kullan\u0131rs\u0131n\u0131z.<\/p>\n\n\n\n<h2 class=\"wp-block-heading\">\u00dc\u00e7\u00fcnc\u00fc Taraf Ba\u011flant\u0131lar\u0131<\/h2>\n\n\n\n<p>Web sitemiz kontrol\u00fcm\u00fczde olmayan harici sitelere ba\u011flant\u0131 verebilir. Gizlilik uygulamalar\u0131ndan sorumlu de\u011filiz. Ziyaret etti\u011finiz herhangi bir harici sitenin gizlilik politikas\u0131n\u0131 incelemenizi \u00f6neririz.<\/p>\n\n\n\n<h2 class=\"wp-block-heading\">Bu Politikadaki De\u011fi\u015fiklikler<\/h2>\n\n\n\n<p>Bu Gizlilik Politikas\u0131n\u0131 periyodik olarak g\u00fcncelleyebiliriz. \u00d6nemli de\u011fi\u015fiklikler yaparsak, bu sayfada bir bildirim yay\u0131nlayaca\u011f\u0131z. G\u00fcncellemelerden sonra Hizmetin kullan\u0131lmaya devam edilmesi, revize edilmi\u015f politikay\u0131 kabul etti\u011finiz anlam\u0131na gelir.<\/p>\n\n\n\n<h2 class=\"wp-block-heading\">Bize Ula\u015f\u0131n<\/h2>\n\n\n\n<p>Sorular\u0131n\u0131z veya endi\u015feleriniz varsa l\u00fctfen bize ula\u015f\u0131n:<\/p>\n\n\n\n<p><strong>IP Otomasyon A.\u015e.<\/strong><br>400 Do\u011fu Fullerton Bulvar\u0131<br>Carol Deresi, Illinois 60188<br>E-posta:&nbsp;<a href=\"mailto:info@ipautomationinc.com\">info@ipautomationinc.com<\/a><br>Telefon: 630-656-1215<\/p>\n\n\n\n<p><span class=\"builder2seo\"><\/span><br><br>    a.cky-banner-element {<br><br>        padding: 8px 30px;<br><br>        background: #F8F9FA;<br><br>        color: #858A8F;<br><br>        border: 1px solid #DEE2E6;<br><br>        box-sizing: border-box;<br><br>        border-radius: 2px;<br><br>        cursor: pointer;<br><br>}<br><br><br><br><h1>\u00c7erez politikas\u0131<\/h1><br><br><p><br><br>    Y\u00fcr\u00fcrl\u00fck Tarihi: 01-Ocak-2025 <br><br>    Son G\u00fcncelleme: 27-Haz-2025<br><br><\/p><br><br><br><br>\u00a0<br><br><h5>\u00c7erezler nedir?<\/h5><br><br><p>Bu \u00c7erez Politikas\u0131, \u00e7erezlerin ne oldu\u011funu ve bunlar\u0131 nas\u0131l kulland\u0131\u011f\u0131m\u0131z\u0131, kulland\u0131\u011f\u0131m\u0131z \u00e7erez t\u00fcrlerini, yani \u00e7erezleri kullanarak toplad\u0131\u011f\u0131m\u0131z bilgileri ve bu bilgilerin nas\u0131l kullan\u0131ld\u0131\u011f\u0131n\u0131 ve \u00e7erez ayarlar\u0131n\u0131n nas\u0131l y\u00f6netilece\u011fini a\u00e7\u0131klar.<\/p> <p>\u00c7erezler, k\u00fc\u00e7\u00fck bilgi par\u00e7alar\u0131n\u0131 depolamak i\u00e7in kullan\u0131lan k\u00fc\u00e7\u00fck metin dosyalar\u0131d\u0131r. Web sitesi taray\u0131c\u0131n\u0131za y\u00fcklendi\u011finde cihaz\u0131n\u0131zda depolan\u0131rlar. Bu \u00e7erezler, web sitesinin d\u00fczg\u00fcn \u00e7al\u0131\u015fmas\u0131n\u0131 sa\u011flamam\u0131za, daha g\u00fcvenli hale getirmemize, daha iyi kullan\u0131c\u0131 deneyimi sunmam\u0131za ve web sitesinin nas\u0131l performans g\u00f6sterdi\u011fini anlamam\u0131za ve neyin i\u015fe yarad\u0131\u011f\u0131n\u0131 ve nerede iyile\u015ftirmeye ihtiya\u00e7 duydu\u011funu analiz etmemize yard\u0131mc\u0131 olur.<\/p><br><br><br><br>\u00a0<br><br><h5>\u00c7erezleri nas\u0131l kullan\u0131yoruz?<\/h5><br><br><p>\u00c7o\u011fu \u00e7evrimi\u00e7i hizmet gibi, web sitemiz de \u00e7e\u015fitli ama\u00e7lar i\u00e7in birinci taraf ve \u00fc\u00e7\u00fcnc\u00fc taraf \u00e7erezleri kullan\u0131r. Birinci taraf \u00e7erezleri \u00e7o\u011funlukla web sitesinin do\u011fru \u015fekilde \u00e7al\u0131\u015fmas\u0131 i\u00e7in gereklidir ve ki\u015fisel olarak tan\u0131mlanabilir verilerinizden hi\u00e7birini toplamazlar.<\/p> <p>Web sitemizde kullan\u0131lan \u00fc\u00e7\u00fcnc\u00fc taraf \u00e7erezleri esas olarak web sitesinin nas\u0131l performans g\u00f6sterdi\u011fini, web sitemizle nas\u0131l etkile\u015fim kurdu\u011funuzu, hizmetlerimizi g\u00fcvenli tutmay\u0131, sizin i\u00e7in alakal\u0131 reklamlar sunmay\u0131 ve genel olarak size daha iyi ve iyile\u015ftirilmi\u015f bir kullan\u0131c\u0131 deneyimi sa\u011flamay\u0131 ve web sitemizle gelecekteki etkile\u015fimlerinizi h\u0131zland\u0131rmaya yard\u0131mc\u0131 olmay\u0131 ama\u00e7lamaktad\u0131r.<\/p><br><br><br><br>\u00a0<br><br>    <h5>Kulland\u0131\u011f\u0131m\u0131z \u00c7erez T\u00fcrleri<\/h5><br><br><br><br>    <br><br><br><br>\u00a0<br><br>    <h5>\u00c7erezlerden \u00c7\u0131kma<\/h5><br><br><br><br>    <a>\u00c7erez Ayarlar\u0131<\/a> <br><br><br><br>    <p>Farkl\u0131 taray\u0131c\u0131lar, web siteleri taraf\u0131ndan kullan\u0131lan \u00e7erezleri engellemek ve silmek i\u00e7in farkl\u0131 y\u00f6ntemler sunar. \u00c7erezleri engellemek\/silmek i\u00e7in taray\u0131c\u0131n\u0131z\u0131n ayarlar\u0131n\u0131 de\u011fi\u015ftirebilirsiniz. A\u015fa\u011f\u0131da, \u00f6nde gelen web taray\u0131c\u0131lar\u0131ndan \u00e7erezlerin nas\u0131l y\u00f6netilece\u011fi ve silinece\u011fi ile ilgili destek belgelerinin ba\u011flant\u0131lar\u0131 listelenmi\u015ftir.<\/p><p>Krom: <a href=\"https:\/\/support.google.com\/accounts\/answer\/32050\" target=\"_blank\">https:\/\/support.google.com\/accounts\/answer\/32050<\/a><\/p><p>Safari: <a href=\"https:\/\/support.apple.com\/en-in\/guide\/safari\/sfri11471\/mac\" target=\"_blank\">https:\/\/support.apple.com\/en-in\/guide\/safari\/sfri11471\/mac<\/a><\/p><p>Firefox: <a href=\"https:\/\/support.mozilla.org\/en-US\/kb\/clear-cookies-and-site-data-firefox?redirectslug=delete-cookies-remove-info-websites-stored&amp;redirectlocale=en-US\" target=\"_blank\">https:\/\/support.mozilla.org\/en-US\/kb\/clear-cookies-and-site-data-firefox?redirectslug=delete-cookies-remove-info-websites-stored&amp;redirectlocale=en-US<\/a><\/p><p>Internet Explorer&#039;da: <a href=\"https:\/\/support.microsoft.com\/en-us\/topic\/how-to-delete-cookie-files-in-internet-explorer-bca9446f-d873-78de-77ba-d42645fa52fc\" target=\"_blank\">https:\/\/support.microsoft.com\/en-us\/topic\/how-to-delete-cookie-files-in-internet-explorer-bca9446f-d873-78de-77ba-d42645fa52fc<\/a><\/p><p>Ba\u015fka bir web taray\u0131c\u0131s\u0131 kullan\u0131yorsan\u0131z l\u00fctfen taray\u0131c\u0131n\u0131z\u0131n resmi destek belgelerini ziyaret edin.<\/p><br><br><br><br><\/p>","protected":false},"excerpt":{"rendered":"<p>Privacy Policy Last Updated:&nbsp;January 1, 2025 Effective Date:&nbsp;January 1, 2025 IP Automation Inc. (\u201cwe,\u201d \u201cour,\u201d or \u201cus\u201d) is committed to<span class=\"excerpt-hellip\"> [\u2026]<\/span><\/p>\n","protected":false},"author":3,"featured_media":0,"parent":0,"menu_order":0,"comment_status":"closed","ping_status":"closed","template":"","meta":{"footnotes":""},"class_list":["post-37840","page","type-page","status-publish","hentry"],"yoast_head":"<!-- This site is optimized with the Yoast SEO plugin v27.3 - https:\/\/yoast.com\/product\/yoast-seo-wordpress\/ -->\n<title>Cookie Policy | IP Automation Inc<\/title>\n<meta name=\"robots\" content=\"index, follow, max-snippet:-1, max-image-preview:large, max-video-preview:-1\" \/>\n<link rel=\"canonical\" href=\"https:\/\/ipautomationinc.com\/tr\/cerez-politikasi\/\" \/>\n<meta property=\"og:locale\" content=\"tr_TR\" \/>\n<meta property=\"og:type\" content=\"article\" \/>\n<meta property=\"og:title\" content=\"Cookie Policy | IP Automation Inc\" \/>\n<meta property=\"og:description\" content=\"Privacy Policy Last Updated:&nbsp;January 1, 2025 Effective Date:&nbsp;January 1, 2025 IP Automation Inc. (\u201cwe,\u201d \u201cour,\u201d or \u201cus\u201d) is committed to [\u2026]\" \/>\n<meta property=\"og:url\" content=\"https:\/\/ipautomationinc.com\/tr\/cerez-politikasi\/\" \/>\n<meta property=\"og:site_name\" content=\"IP Automation Inc\" \/>\n<meta property=\"article:publisher\" content=\"https:\/\/www.facebook.com\/ipautomationinc\/\" \/>\n<meta property=\"article:modified_time\" content=\"2025-06-27T15:37:19+00:00\" \/>\n<script type=\"application\/ld+json\" class=\"yoast-schema-graph\">{\"@context\":\"https:\\\/\\\/schema.org\",\"@graph\":[{\"@type\":\"WebPage\",\"@id\":\"https:\\\/\\\/ipautomationinc.com\\\/cookie-policy\\\/\",\"url\":\"https:\\\/\\\/ipautomationinc.com\\\/cookie-policy\\\/\",\"name\":\"Cookie Policy | IP Automation Inc\",\"isPartOf\":{\"@id\":\"https:\\\/\\\/ipautomationinc.com\\\/#website\"},\"datePublished\":\"2025-06-27T15:09:58+00:00\",\"dateModified\":\"2025-06-27T15:37:19+00:00\",\"inLanguage\":\"tr\",\"potentialAction\":[{\"@type\":\"ReadAction\",\"target\":[\"https:\\\/\\\/ipautomationinc.com\\\/cookie-policy\\\/\"]}]},{\"@type\":\"WebSite\",\"@id\":\"https:\\\/\\\/ipautomationinc.com\\\/#website\",\"url\":\"https:\\\/\\\/ipautomationinc.com\\\/\",\"name\":\"IP Automation Inc\",\"description\":\"Concept... Creation... Reality...\",\"publisher\":{\"@id\":\"https:\\\/\\\/ipautomationinc.com\\\/#organization\"},\"potentialAction\":[{\"@type\":\"SearchAction\",\"target\":{\"@type\":\"EntryPoint\",\"urlTemplate\":\"https:\\\/\\\/ipautomationinc.com\\\/?s={search_term_string}\"},\"query-input\":{\"@type\":\"PropertyValueSpecification\",\"valueRequired\":true,\"valueName\":\"search_term_string\"}}],\"inLanguage\":\"tr\"},{\"@type\":\"Organization\",\"@id\":\"https:\\\/\\\/ipautomationinc.com\\\/#organization\",\"name\":\"IP Automation Inc\",\"url\":\"https:\\\/\\\/ipautomationinc.com\\\/\",\"logo\":{\"@type\":\"ImageObject\",\"inLanguage\":\"tr\",\"@id\":\"https:\\\/\\\/ipautomationinc.com\\\/#\\\/schema\\\/logo\\\/image\\\/\",\"url\":\"https:\\\/\\\/ipautomationinc.com\\\/wp-content\\\/uploads\\\/2022\\\/05\\\/IPA-Favicon.png\",\"contentUrl\":\"https:\\\/\\\/ipautomationinc.com\\\/wp-content\\\/uploads\\\/2022\\\/05\\\/IPA-Favicon.png\",\"width\":513,\"height\":513,\"caption\":\"IP Automation Inc\"},\"image\":{\"@id\":\"https:\\\/\\\/ipautomationinc.com\\\/#\\\/schema\\\/logo\\\/image\\\/\"},\"sameAs\":[\"https:\\\/\\\/www.facebook.com\\\/ipautomationinc\\\/\",\"https:\\\/\\\/www.linkedin.com\\\/company\\\/ip-automation-inc\\\/\",\"https:\\\/\\\/www.youtube.com\\\/@IPAutomation\"]}]}<\/script>\n<!-- \/ Yoast SEO plugin. -->","yoast_head_json":{"title":"\u00c7erez Politikas\u0131 | IP Automation Inc","robots":{"index":"index","follow":"follow","max-snippet":"max-snippet:-1","max-image-preview":"max-image-preview:large","max-video-preview":"max-video-preview:-1"},"canonical":"https:\/\/ipautomationinc.com\/tr\/cerez-politikasi\/","og_locale":"tr_TR","og_type":"article","og_title":"Cookie Policy | IP Automation Inc","og_description":"Privacy Policy Last Updated:&nbsp;January 1, 2025 Effective Date:&nbsp;January 1, 2025 IP Automation Inc. (\u201cwe,\u201d \u201cour,\u201d or \u201cus\u201d) is committed to [\u2026]","og_url":"https:\/\/ipautomationinc.com\/tr\/cerez-politikasi\/","og_site_name":"IP Automation Inc","article_publisher":"https:\/\/www.facebook.com\/ipautomationinc\/","article_modified_time":"2025-06-27T15:37:19+00:00","schema":{"@context":"https:\/\/schema.org","@graph":[{"@type":"WebPage","@id":"https:\/\/ipautomationinc.com\/cookie-policy\/","url":"https:\/\/ipautomationinc.com\/cookie-policy\/","name":"\u00c7erez Politikas\u0131 | IP Automation Inc","isPartOf":{"@id":"https:\/\/ipautomationinc.com\/#website"},"datePublished":"2025-06-27T15:09:58+00:00","dateModified":"2025-06-27T15:37:19+00:00","inLanguage":"tr","potentialAction":[{"@type":"ReadAction","target":["https:\/\/ipautomationinc.com\/cookie-policy\/"]}]},{"@type":"WebSite","@id":"https:\/\/ipautomationinc.com\/#website","url":"https:\/\/ipautomationinc.com\/","name":"IP Otomasyon A.\u015e.","description":"Konsept... Yarat\u0131l\u0131\u015f... Ger\u00e7eklik...","publisher":{"@id":"https:\/\/ipautomationinc.com\/#organization"},"potentialAction":[{"@type":"SearchAction","target":{"@type":"EntryPoint","urlTemplate":"https:\/\/ipautomationinc.com\/?s={search_term_string}"},"query-input":{"@type":"PropertyValueSpecification","valueRequired":true,"valueName":"search_term_string"}}],"inLanguage":"tr"},{"@type":"Organization","@id":"https:\/\/ipautomationinc.com\/#organization","name":"IP Otomasyon A.\u015e.","url":"https:\/\/ipautomationinc.com\/","logo":{"@type":"ImageObject","inLanguage":"tr","@id":"https:\/\/ipautomationinc.com\/#\/schema\/logo\/image\/","url":"https:\/\/ipautomationinc.com\/wp-content\/uploads\/2022\/05\/IPA-Favicon.png","contentUrl":"https:\/\/ipautomationinc.com\/wp-content\/uploads\/2022\/05\/IPA-Favicon.png","width":513,"height":513,"caption":"IP Automation Inc"},"image":{"@id":"https:\/\/ipautomationinc.com\/#\/schema\/logo\/image\/"},"sameAs":["https:\/\/www.facebook.com\/ipautomationinc\/","https:\/\/www.linkedin.com\/company\/ip-automation-inc\/","https:\/\/www.youtube.com\/@IPAutomation"]}]}},"_links":{"self":[{"href":"https:\/\/ipautomationinc.com\/tr\/wp-json\/wp\/v2\/pages\/37840","targetHints":{"allow":["GET"]}}],"collection":[{"href":"https:\/\/ipautomationinc.com\/tr\/wp-json\/wp\/v2\/pages"}],"about":[{"href":"https:\/\/ipautomationinc.com\/tr\/wp-json\/wp\/v2\/types\/page"}],"author":[{"embeddable":true,"href":"https:\/\/ipautomationinc.com\/tr\/wp-json\/wp\/v2\/users\/3"}],"replies":[{"embeddable":true,"href":"https:\/\/ipautomationinc.com\/tr\/wp-json\/wp\/v2\/comments?post=37840"}],"version-history":[{"count":3,"href":"https:\/\/ipautomationinc.com\/tr\/wp-json\/wp\/v2\/pages\/37840\/revisions"}],"predecessor-version":[{"id":37851,"href":"https:\/\/ipautomationinc.com\/tr\/wp-json\/wp\/v2\/pages\/37840\/revisions\/37851"}],"wp:attachment":[{"href":"https:\/\/ipautomationinc.com\/tr\/wp-json\/wp\/v2\/media?parent=37840"}],"curies":[{"name":"wp","href":"https:\/\/api.w.org\/{rel}","templated":true}]}}