{"id":36733,"date":"2024-10-28T11:12:19","date_gmt":"2024-10-28T16:12:19","guid":{"rendered":"https:\/\/ipautomationinc.com\/?page_id=36733"},"modified":"2025-06-06T20:46:49","modified_gmt":"2025-06-06T20:46:49","slug":"pah-kirma-matkabi","status":"publish","type":"page","link":"https:\/\/ipautomationinc.com\/tr\/accessories\/chamfer-drill\/","title":{"rendered":"Pah Delme \u0130stasyonu"},"content":{"rendered":"<p><strong>CD-8 ve CD-13 Pah K\u0131rma\/Matkap istasyonu, delme ve pah k\u0131rma i\u015flemlerinde el i\u015f\u00e7ili\u011fini ortadan kald\u0131racak g\u00fc\u00e7l\u00fc bir tel i\u015fleme aksesuar\u0131d\u0131r. Bu \u00fcnite, Intellimate robot paketlerimizden biri arac\u0131l\u0131\u011f\u0131yla CNC b\u00fck\u00fcc\u00fclerimizle entegre olacak \u015fekilde tasarlanm\u0131\u015ft\u0131r. Delme veya Pah K\u0131rma \u00fcnitesi, WIP&#039;de, hareket ad\u0131mlar\u0131nda ve bekleme s\u00fcresinde israf\u0131 ortadan kald\u0131ran son derece verimli bir yal\u0131n s\u00fcre\u00e7te b\u00fck\u00fcc\u00fc i\u015flemleriyle ayn\u0131 anda \u00e7al\u0131\u015f\u0131r.<\/strong><\/p>\n\n\n\n<p>&lt; back to accessories<br>h2<br>merkez merkez<br>sol<br>#949494<br>saklamak<br><br>Pah K\u0131rma\/Delme \u0130stasyonu<br>h1<br>merkez merkez<br>sol<br>saklamak<br><br><img decoding=\"async\" src=\"https:\/\/ipautomationinc.com\/wp-content\/uploads\/2024\/08\/chamfer-drill.png#36736\" alt=\"pah k\u0131rma matkab\u0131\"><br>tam dolu<br>i\u00e7ermek<br>merkez merkez<br>saklamak<br><br><h4>CD-8 ve CD-13 Pah K\u0131rma\/Matkap istasyonu, delme ve pah k\u0131rma i\u015flemlerinde el i\u015f\u00e7ili\u011fini ortadan kald\u0131racak g\u00fc\u00e7l\u00fc bir tel i\u015fleme aksesuar\u0131d\u0131r. Bu \u00fcnite, Intellimate robot paketlerimizden biri arac\u0131l\u0131\u011f\u0131yla CNC b\u00fck\u00fcc\u00fclerimizle entegre olacak \u015fekilde tasarlanm\u0131\u015ft\u0131r. Delme veya Pah K\u0131rma \u00fcnitesi, WIP&#039;de, hareket ad\u0131mlar\u0131nda ve bekleme s\u00fcresinde israf\u0131 ortadan kald\u0131ran son derece verimli bir yal\u0131n s\u00fcre\u00e7te b\u00fck\u00fcc\u00fc i\u015flemleriyle ayn\u0131 anda \u00e7al\u0131\u015f\u0131r.<\/h4><br><br><h4>Pah K\u0131rma\/Delme istasyonu, par\u00e7ay\u0131 \u00f6zelle\u015ftirilmi\u015f pn\u00f6matik tutuculara s\u0131k\u0131\u015ft\u0131r\u0131r ve i\u015flemi son derece sayg\u0131n Sugino Selfeed De\u011fi\u015fken H\u0131zl\u0131 elektrikli\/pn\u00f6matik tahrik \u00fcnitesiyle ger\u00e7ekle\u015ftirir. Bu ak\u0131ll\u0131 tasar\u0131m, par\u00e7a tamamland\u0131\u011f\u0131nda \u00e7\u0131k\u0131\u015f olu\u011fu g\u00f6revi g\u00f6recek \u015fekilde konumunu de\u011fi\u015ftiren bir tala\u015f toplama olu\u011funa sahiptir.<\/h4><br><br><h4>Bu \u00fcniteyi, tak\u0131m k\u0131r\u0131lma sens\u00f6rl\u00fc bir delme kafas\u0131 veya pah k\u0131rma i\u00e7in ayarlanabilir bir i\u00e7i bo\u015f freze ile e\u015fle\u015ftiriyoruz.<\/h4><br>#000000<br><br>36828,36829<br>tam dolu<br>4<br>300 piksel<br>300 piksel<br><br>10<br>saklamak<br><br>Medya<br>h3<br>merkez merkez<br>merkez<br>saklamak<br><br>996829835<br>i\u00e7ermek<br>merkez merkez<br>saklamak<br><br>10<br>saklamak<br><br>\u00d6zellikler<br>h3<br>merkez merkez<br>merkez<br>saklamak<br><br>Ana \u00d6zellikler<br><br><br>Ba\u011f\u0131ms\u0131z elektrikli pah k\u0131rma \u00fcnitesi<br><br>Kendi kendini besleme yetene\u011fine sahip mil<br><br>Dahili tel kelep\u00e7esi ve pah k\u0131rma ba\u015fl\u0131\u011f\u0131 adapt\u00f6r\u00fc<br><br>Gerekli: <a href=\"https:\/\/ipautomationinc.com\/tr\/aksesuarlar\/robotik\/\">Ak\u0131ll\u0131 Robot<\/a>, hava temini ve g\u00fc\u00e7 temini<br><br><br>merkez<br>#EBEBEB<br>#222222<br>saklamak<br><br>10<br>saklamak<br><br>\u00d6zellikler<br>h3<br>merkez merkez<br>merkez<br>saklamak<br><br><br><br><br><br><\/p>","protected":false},"excerpt":{"rendered":"<p>The CD-8 and CD-13 Chamfer\/Drill station is a powerful wire processing accessory that will eliminate hand labor on drilling and<span class=\"excerpt-hellip\"> [\u2026]<\/span><\/p>\n","protected":false},"author":3,"featured_media":0,"parent":7745,"menu_order":0,"comment_status":"closed","ping_status":"closed","template":"","meta":{"footnotes":""},"class_list":["post-36733","page","type-page","status-publish","hentry"],"yoast_head":"<!-- This site is optimized with the Yoast SEO plugin v27.3 - https:\/\/yoast.com\/product\/yoast-seo-wordpress\/ -->\n<title>Chamfer Drilling Station | IP Automation Inc<\/title>\n<meta name=\"description\" content=\"The Chamfer\/Drill station is a powerful wire processing accessory that will eliminate hand labor on drilling and chamfering processes.\" \/>\n<meta name=\"robots\" content=\"index, follow, max-snippet:-1, max-image-preview:large, max-video-preview:-1\" \/>\n<link rel=\"canonical\" href=\"https:\/\/ipautomationinc.com\/tr\/aksesuarlar\/pah-kirma-matkabi\/\" \/>\n<meta property=\"og:locale\" content=\"tr_TR\" \/>\n<meta property=\"og:type\" content=\"article\" \/>\n<meta property=\"og:title\" content=\"Chamfer Drilling Station | IP Automation Inc\" \/>\n<meta property=\"og:description\" content=\"The Chamfer\/Drill station is a powerful wire processing accessory that will eliminate hand labor on drilling and chamfering processes.\" \/>\n<meta property=\"og:url\" content=\"https:\/\/ipautomationinc.com\/tr\/aksesuarlar\/pah-kirma-matkabi\/\" \/>\n<meta property=\"og:site_name\" content=\"IP Automation Inc\" \/>\n<meta property=\"article:publisher\" content=\"https:\/\/www.facebook.com\/ipautomationinc\/\" \/>\n<meta property=\"article:modified_time\" content=\"2025-06-06T20:46:49+00:00\" \/>\n<meta property=\"og:image\" content=\"https:\/\/ipautomationinc.com\/wp-content\/uploads\/2024\/08\/chamfer-drill.png#36736\" \/>\n<script type=\"application\/ld+json\" class=\"yoast-schema-graph\">{\"@context\":\"https:\\\/\\\/schema.org\",\"@graph\":[{\"@type\":\"WebPage\",\"@id\":\"https:\\\/\\\/ipautomationinc.com\\\/accessories\\\/chamfer-drill\\\/\",\"url\":\"https:\\\/\\\/ipautomationinc.com\\\/accessories\\\/chamfer-drill\\\/\",\"name\":\"Chamfer Drilling Station | IP Automation Inc\",\"isPartOf\":{\"@id\":\"https:\\\/\\\/ipautomationinc.com\\\/#website\"},\"primaryImageOfPage\":{\"@id\":\"https:\\\/\\\/ipautomationinc.com\\\/accessories\\\/chamfer-drill\\\/#primaryimage\"},\"image\":{\"@id\":\"https:\\\/\\\/ipautomationinc.com\\\/accessories\\\/chamfer-drill\\\/#primaryimage\"},\"thumbnailUrl\":\"https:\\\/\\\/ipautomationinc.com\\\/wp-content\\\/uploads\\\/2024\\\/08\\\/chamfer-drill.png#36736\",\"datePublished\":\"2024-10-28T16:12:19+00:00\",\"dateModified\":\"2025-06-06T20:46:49+00:00\",\"description\":\"The Chamfer\\\/Drill station is a powerful wire processing accessory that will eliminate hand labor on drilling and chamfering processes.\",\"breadcrumb\":{\"@id\":\"https:\\\/\\\/ipautomationinc.com\\\/accessories\\\/chamfer-drill\\\/#breadcrumb\"},\"inLanguage\":\"tr\",\"potentialAction\":[{\"@type\":\"ReadAction\",\"target\":[\"https:\\\/\\\/ipautomationinc.com\\\/accessories\\\/chamfer-drill\\\/\"]}]},{\"@type\":\"ImageObject\",\"inLanguage\":\"tr\",\"@id\":\"https:\\\/\\\/ipautomationinc.com\\\/accessories\\\/chamfer-drill\\\/#primaryimage\",\"url\":\"https:\\\/\\\/ipautomationinc.com\\\/wp-content\\\/uploads\\\/2024\\\/08\\\/chamfer-drill.png#36736\",\"contentUrl\":\"https:\\\/\\\/ipautomationinc.com\\\/wp-content\\\/uploads\\\/2024\\\/08\\\/chamfer-drill.png#36736\"},{\"@type\":\"BreadcrumbList\",\"@id\":\"https:\\\/\\\/ipautomationinc.com\\\/accessories\\\/chamfer-drill\\\/#breadcrumb\",\"itemListElement\":[{\"@type\":\"ListItem\",\"position\":1,\"name\":\"Accessories\",\"item\":\"https:\\\/\\\/ipautomationinc.com\\\/accessories\\\/\"},{\"@type\":\"ListItem\",\"position\":2,\"name\":\"Chamfer Drilling Station\"}]},{\"@type\":\"WebSite\",\"@id\":\"https:\\\/\\\/ipautomationinc.com\\\/#website\",\"url\":\"https:\\\/\\\/ipautomationinc.com\\\/\",\"name\":\"IP Automation Inc\",\"description\":\"Concept... Creation... Reality...\",\"publisher\":{\"@id\":\"https:\\\/\\\/ipautomationinc.com\\\/#organization\"},\"potentialAction\":[{\"@type\":\"SearchAction\",\"target\":{\"@type\":\"EntryPoint\",\"urlTemplate\":\"https:\\\/\\\/ipautomationinc.com\\\/?s={search_term_string}\"},\"query-input\":{\"@type\":\"PropertyValueSpecification\",\"valueRequired\":true,\"valueName\":\"search_term_string\"}}],\"inLanguage\":\"tr\"},{\"@type\":\"Organization\",\"@id\":\"https:\\\/\\\/ipautomationinc.com\\\/#organization\",\"name\":\"IP Automation Inc\",\"url\":\"https:\\\/\\\/ipautomationinc.com\\\/\",\"logo\":{\"@type\":\"ImageObject\",\"inLanguage\":\"tr\",\"@id\":\"https:\\\/\\\/ipautomationinc.com\\\/#\\\/schema\\\/logo\\\/image\\\/\",\"url\":\"https:\\\/\\\/ipautomationinc.com\\\/wp-content\\\/uploads\\\/2022\\\/05\\\/IPA-Favicon.png\",\"contentUrl\":\"https:\\\/\\\/ipautomationinc.com\\\/wp-content\\\/uploads\\\/2022\\\/05\\\/IPA-Favicon.png\",\"width\":513,\"height\":513,\"caption\":\"IP Automation Inc\"},\"image\":{\"@id\":\"https:\\\/\\\/ipautomationinc.com\\\/#\\\/schema\\\/logo\\\/image\\\/\"},\"sameAs\":[\"https:\\\/\\\/www.facebook.com\\\/ipautomationinc\\\/\",\"https:\\\/\\\/www.linkedin.com\\\/company\\\/ip-automation-inc\\\/\",\"https:\\\/\\\/www.youtube.com\\\/@IPAutomation\"]}]}<\/script>\n<!-- \/ Yoast SEO plugin. -->","yoast_head_json":{"title":"Pah Delme \u0130stasyonu | IP Automation Inc","description":"Pah K\u0131rma\/Matkap istasyonu, delme ve pah k\u0131rma i\u015flemlerinde el i\u015f\u00e7ili\u011fini ortadan kald\u0131racak g\u00fc\u00e7l\u00fc bir tel i\u015fleme aksesuar\u0131d\u0131r.","robots":{"index":"index","follow":"follow","max-snippet":"max-snippet:-1","max-image-preview":"max-image-preview:large","max-video-preview":"max-video-preview:-1"},"canonical":"https:\/\/ipautomationinc.com\/tr\/aksesuarlar\/pah-kirma-matkabi\/","og_locale":"tr_TR","og_type":"article","og_title":"Chamfer Drilling Station | IP Automation Inc","og_description":"The Chamfer\/Drill station is a powerful wire processing accessory that will eliminate hand labor on drilling and chamfering processes.","og_url":"https:\/\/ipautomationinc.com\/tr\/aksesuarlar\/pah-kirma-matkabi\/","og_site_name":"IP Automation Inc","article_publisher":"https:\/\/www.facebook.com\/ipautomationinc\/","article_modified_time":"2025-06-06T20:46:49+00:00","og_image":[{"url":"https:\/\/ipautomationinc.com\/wp-content\/uploads\/2024\/08\/chamfer-drill.png#36736","type":"","width":"","height":""}],"schema":{"@context":"https:\/\/schema.org","@graph":[{"@type":"WebPage","@id":"https:\/\/ipautomationinc.com\/accessories\/chamfer-drill\/","url":"https:\/\/ipautomationinc.com\/accessories\/chamfer-drill\/","name":"Pah Delme \u0130stasyonu | IP Automation Inc","isPartOf":{"@id":"https:\/\/ipautomationinc.com\/#website"},"primaryImageOfPage":{"@id":"https:\/\/ipautomationinc.com\/accessories\/chamfer-drill\/#primaryimage"},"image":{"@id":"https:\/\/ipautomationinc.com\/accessories\/chamfer-drill\/#primaryimage"},"thumbnailUrl":"https:\/\/ipautomationinc.com\/wp-content\/uploads\/2024\/08\/chamfer-drill.png#36736","datePublished":"2024-10-28T16:12:19+00:00","dateModified":"2025-06-06T20:46:49+00:00","description":"Pah K\u0131rma\/Matkap istasyonu, delme ve pah k\u0131rma i\u015flemlerinde el i\u015f\u00e7ili\u011fini ortadan kald\u0131racak g\u00fc\u00e7l\u00fc bir tel i\u015fleme aksesuar\u0131d\u0131r.","breadcrumb":{"@id":"https:\/\/ipautomationinc.com\/accessories\/chamfer-drill\/#breadcrumb"},"inLanguage":"tr","potentialAction":[{"@type":"ReadAction","target":["https:\/\/ipautomationinc.com\/accessories\/chamfer-drill\/"]}]},{"@type":"ImageObject","inLanguage":"tr","@id":"https:\/\/ipautomationinc.com\/accessories\/chamfer-drill\/#primaryimage","url":"https:\/\/ipautomationinc.com\/wp-content\/uploads\/2024\/08\/chamfer-drill.png#36736","contentUrl":"https:\/\/ipautomationinc.com\/wp-content\/uploads\/2024\/08\/chamfer-drill.png#36736"},{"@type":"BreadcrumbList","@id":"https:\/\/ipautomationinc.com\/accessories\/chamfer-drill\/#breadcrumb","itemListElement":[{"@type":"ListItem","position":1,"name":"Accessories","item":"https:\/\/ipautomationinc.com\/accessories\/"},{"@type":"ListItem","position":2,"name":"Chamfer Drilling Station"}]},{"@type":"WebSite","@id":"https:\/\/ipautomationinc.com\/#website","url":"https:\/\/ipautomationinc.com\/","name":"IP Otomasyon A.\u015e.","description":"Konsept... Yarat\u0131l\u0131\u015f... Ger\u00e7eklik...","publisher":{"@id":"https:\/\/ipautomationinc.com\/#organization"},"potentialAction":[{"@type":"SearchAction","target":{"@type":"EntryPoint","urlTemplate":"https:\/\/ipautomationinc.com\/?s={search_term_string}"},"query-input":{"@type":"PropertyValueSpecification","valueRequired":true,"valueName":"search_term_string"}}],"inLanguage":"tr"},{"@type":"Organization","@id":"https:\/\/ipautomationinc.com\/#organization","name":"IP Otomasyon A.\u015e.","url":"https:\/\/ipautomationinc.com\/","logo":{"@type":"ImageObject","inLanguage":"tr","@id":"https:\/\/ipautomationinc.com\/#\/schema\/logo\/image\/","url":"https:\/\/ipautomationinc.com\/wp-content\/uploads\/2022\/05\/IPA-Favicon.png","contentUrl":"https:\/\/ipautomationinc.com\/wp-content\/uploads\/2022\/05\/IPA-Favicon.png","width":513,"height":513,"caption":"IP Automation Inc"},"image":{"@id":"https:\/\/ipautomationinc.com\/#\/schema\/logo\/image\/"},"sameAs":["https:\/\/www.facebook.com\/ipautomationinc\/","https:\/\/www.linkedin.com\/company\/ip-automation-inc\/","https:\/\/www.youtube.com\/@IPAutomation"]}]}},"_links":{"self":[{"href":"https:\/\/ipautomationinc.com\/tr\/wp-json\/wp\/v2\/pages\/36733","targetHints":{"allow":["GET"]}}],"collection":[{"href":"https:\/\/ipautomationinc.com\/tr\/wp-json\/wp\/v2\/pages"}],"about":[{"href":"https:\/\/ipautomationinc.com\/tr\/wp-json\/wp\/v2\/types\/page"}],"author":[{"embeddable":true,"href":"https:\/\/ipautomationinc.com\/tr\/wp-json\/wp\/v2\/users\/3"}],"replies":[{"embeddable":true,"href":"https:\/\/ipautomationinc.com\/tr\/wp-json\/wp\/v2\/comments?post=36733"}],"version-history":[{"count":2,"href":"https:\/\/ipautomationinc.com\/tr\/wp-json\/wp\/v2\/pages\/36733\/revisions"}],"predecessor-version":[{"id":36839,"href":"https:\/\/ipautomationinc.com\/tr\/wp-json\/wp\/v2\/pages\/36733\/revisions\/36839"}],"up":[{"embeddable":true,"href":"https:\/\/ipautomationinc.com\/tr\/wp-json\/wp\/v2\/pages\/7745"}],"wp:attachment":[{"href":"https:\/\/ipautomationinc.com\/tr\/wp-json\/wp\/v2\/media?parent=36733"}],"curies":[{"name":"wp","href":"https:\/\/api.w.org\/{rel}","templated":true}]}}