{"id":36690,"date":"2024-07-25T15:28:26","date_gmt":"2024-07-25T20:28:26","guid":{"rendered":"https:\/\/ipautomationinc.com\/?page_id=36690"},"modified":"2026-04-01T11:36:31","modified_gmt":"2026-04-01T16:36:31","slug":"cift-kafa-cnc-tel-bukme-makineleri","status":"publish","type":"page","link":"https:\/\/ipautomationinc.com\/tr\/double-head-cnc-wire-benders\/","title":{"rendered":"\u00c7ift Kafa CNC Tel B\u00fckme Makineleri"},"content":{"rendered":"<h6 class=\"wp-block-heading\"><strong>\u00c7ift kafal\u0131 CNC tel b\u00fckme makineleri yelpazemizi ke\u015ffedin. ID serisi \u00e7ift kafal\u0131 CNC tel b\u00fckme makinesi, 2-10 mm tel \u00e7ap\u0131. ID-MS serisi \u00e7ok a\u015famal\u0131 \u00e7ift kafal\u0131 CNC tel b\u00fckme makinesi, 1,5-6 mm tel \u00e7ap\u0131. ID-SS tek a\u015famal\u0131 \u00e7ift kafal\u0131 CNC tel b\u00fckme makinesi, 1,5-6 mm tel \u00e7ap\u0131.<\/strong><\/h6>\n\n\n\n<p>\u00c7ift Kafa CNC Tel B\u00fckme Makineleri<br>h1<br>merkez merkez<br>merkez<br>saklamak<br><br>geni\u015f<br><br><img decoding=\"async\" src=\"https:\/\/ipautomationinc.com\/wp-content\/uploads\/2024\/05\/NEW-i8-D-RGB.png#36635\" alt=\"YEN\u0130 i8-D RGB\"><br>tam dolu<br><a href=\"https:\/\/ipautomationinc.com\/tr\/serisi-i-d\/\">https:\/\/ipautomationinc.com\/i-d-series\/<\/a><br>devre d\u0131\u015f\u0131 b\u0131rakmak<br>\u00e7ift kafa cnc tel b\u00fckme<br>i\u00e7ermek<br>merkez merkez<br>merkez<br>saklamak<br><br>i-D Serisi<br>h2<br>merkez merkez<br>merkez<br>saklamak<br><br>Daha fazla bilgi edin<br><a href=\"https:\/\/ipautomationinc.com\/tr\/serisi-i-d\/\">https:\/\/ipautomationinc.com\/i-d-series\/<\/a><br>sol<br>2<br>Button_theme<br>merkez<br>saklamak<br><br>\u00c7ift Kafa CNC Tel B\u00fckme Makineleri<br>h3<br>merkez merkez<br>merkez<br>saklamak<br><br><h5>i-D serisi \u00e7ift kafal\u0131 3D CNC tel \u015fekillendirme makinesi, hassas b\u00fcy\u00fck tel \u00e7er\u00e7eveler gerektiren uygulamalar i\u00e7in ideal ve pop\u00fcler bir se\u00e7imdir.<\/h5><br><br><br><br>2-10mm* Tel \u00c7ap\u0131<br><br>Otomotiv koltu\u011fu kenar teli, koltuk montaj \u00e7er\u00e7eveleri, raf kenarlar\u0131, f\u0131r\u0131n raflar\u0131 i\u00e7in m\u00fckemmel<br><br><br>merkez<br>saklamak<br><br><img decoding=\"async\" src=\"https:\/\/ipautomationinc.com\/wp-content\/uploads\/2024\/07\/i4-d-ms-web.png#36681\" alt=\"i4-d-ms web\"><br>tam dolu<br><a href=\"https:\/\/ipautomationinc.com\/tr\/serisi-i-d-ms\/\">https:\/\/ipautomationinc.com\/i-d-ms-series\/<\/a><br>devre d\u0131\u015f\u0131 b\u0131rakmak<br>\u00e7ift kafa cnc tel b\u00fckme<br>i\u00e7ermek<br>merkez merkez<br>76.5%<br>merkez<br>saklamak<br><br>i-D-MS Serisi<br>h2<br>merkez merkez<br>merkez<br>saklamak<br><br>Daha fazla bilgi edin<br><a href=\"https:\/\/ipautomationinc.com\/tr\/serisi-i-d-ms\/\">https:\/\/ipautomationinc.com\/i-d-ms-series\/<\/a><br>sol<br>2<br>Button_theme<br>merkez<br>saklamak<br><br>\u00c7ok Kademeli \u00c7ift Kafal\u0131 CNC Tel B\u00fckme Makineleri<br>h3<br>merkez merkez<br>merkez<br>saklamak<br><br><h5>i-D-MS serisi \u00c7ok Kademeli CNC tel b\u00fckme makinesi, ayr\u0131 b\u00fckme i\u015flemleri gerektiren \u00f6zel y\u00fcksek hassasiyetli tel formlar\u0131 i\u00e7in tasarlanm\u0131\u015ft\u0131r.<\/h5><br><br><br><br>1,5-6mm* Tel \u00c7ap\u0131<br><br>Hassas listeleme ve koltuk telleri i\u00e7in m\u00fckemmel, a\u015f\u0131r\u0131 kal\u0131plama i\u015flemleri i\u00e7in s\u0131k\u0131 toleransl\u0131 par\u00e7alar<br><br><br>Ba\u015fl\u0131k + a\u00e7\u0131klama<br>merkez<br>tekrar yok;sol \u00fcst;;<br>Oto<br>20 piksel<br>0 10%<br><br><img decoding=\"async\" src=\"https:\/\/ipautomationinc.com\/wp-content\/uploads\/2024\/07\/i4-D-SS-RGB.png#36680\" alt=\"i4-D-SS RGB\"><br>tam dolu<br><a href=\"https:\/\/ipautomationinc.com\/tr\/serisi-i-d-ss\/\">https:\/\/ipautomationinc.com\/i-d-ss-series\/<\/a><br>devre d\u0131\u015f\u0131 b\u0131rakmak<br>\u00e7ift kafa cnc tel b\u00fckme<br>i\u00e7ermek<br>merkez merkez<br>80%<br>merkez<br>saklamak<br><br>i-D-SS Serisi<br>h2<br>merkez merkez<br>merkez<br>saklamak<br><br>Daha fazla bilgi edin<br><a href=\"https:\/\/ipautomationinc.com\/tr\/serisi-i-d-ss\/\">https:\/\/ipautomationinc.com\/i-d-ss-series\/<\/a><br>sol<br>2<br>Button_theme<br>merkez<br>saklamak<br><br>Trim\/Listeleme Telleri i\u00e7in Tek Kademeli \u00c7ift Kafal\u0131 CNC Tel B\u00fckme Makineleri<br>h3<br>merkez merkez<br>merkez<br>saklamak<br><br><h5>iD-SS serisi, basit b\u00fck\u00fcml\u00fc tellerde y\u00fcksek hacimli 3D b\u00fckme kabiliyeti i\u00e7in m\u00fckemmeldir. iD-MS&#039;nin \u00fcretebildi\u011fi yayg\u0131n \u015fekillerin \u00e7o\u011funu, \u00f6nemli \u00f6l\u00e7\u00fcde daha d\u00fc\u015f\u00fck maliyetle \u00fcretebilir.<\/h5><br><br><br><br>1,5-6mm* Tel \u00c7ap\u0131<br><br>Hassas listeleme ve koltuk telleri i\u00e7in m\u00fckemmel, a\u015f\u0131r\u0131 kal\u0131plama i\u015flemleri i\u00e7in s\u0131k\u0131 toleransl\u0131 par\u00e7alar<br><br><br>Ba\u015fl\u0131k + a\u00e7\u0131klama<br>merkez<br>tekrar yok;sol \u00fcst;;<br>Oto<br>20 piksel<br>0 10%<br><br><\/p>","protected":false},"excerpt":{"rendered":"<p>Explore our range of double head CNC wire benders. I-D series double head CNC wire bender, 2-10mm wire diameter. I-D-MS<span class=\"excerpt-hellip\"> [\u2026]<\/span><\/p>\n","protected":false},"author":3,"featured_media":0,"parent":0,"menu_order":0,"comment_status":"closed","ping_status":"closed","template":"","meta":{"footnotes":""},"class_list":["post-36690","page","type-page","status-publish","hentry"],"yoast_head":"<!-- This site is optimized with the Yoast SEO plugin v27.3 - https:\/\/yoast.com\/product\/yoast-seo-wordpress\/ -->\n<title>Double Head CNC Wire Benders | IP Automation Inc<\/title>\n<meta name=\"description\" content=\"Explore our selection of Double Head CNC Wire Benders to find the perfect one for you. Quality made in the USA machinery.\" \/>\n<meta name=\"robots\" content=\"index, follow, max-snippet:-1, max-image-preview:large, max-video-preview:-1\" \/>\n<link rel=\"canonical\" href=\"https:\/\/ipautomationinc.com\/tr\/cift-kafa-cnc-tel-bukme-makineleri\/\" \/>\n<meta property=\"og:locale\" content=\"tr_TR\" \/>\n<meta property=\"og:type\" content=\"article\" \/>\n<meta property=\"og:title\" content=\"Double Head CNC Wire Benders | IP Automation Inc\" \/>\n<meta property=\"og:description\" content=\"Explore our selection of Double Head CNC Wire Benders to find the perfect one for you. Quality made in the USA machinery.\" \/>\n<meta property=\"og:url\" content=\"https:\/\/ipautomationinc.com\/tr\/cift-kafa-cnc-tel-bukme-makineleri\/\" \/>\n<meta property=\"og:site_name\" content=\"IP Automation Inc\" \/>\n<meta property=\"article:publisher\" content=\"https:\/\/www.facebook.com\/ipautomationinc\/\" \/>\n<meta property=\"article:modified_time\" content=\"2026-04-01T16:36:31+00:00\" \/>\n<meta property=\"og:image\" content=\"https:\/\/ipautomationinc.com\/wp-content\/uploads\/2024\/05\/NEW-i8-D-RGB.png#36635\" \/>\n<script type=\"application\/ld+json\" class=\"yoast-schema-graph\">{\"@context\":\"https:\\\/\\\/schema.org\",\"@graph\":[{\"@type\":\"WebPage\",\"@id\":\"https:\\\/\\\/ipautomationinc.com\\\/double-head-cnc-wire-benders\\\/\",\"url\":\"https:\\\/\\\/ipautomationinc.com\\\/double-head-cnc-wire-benders\\\/\",\"name\":\"Double Head CNC Wire Benders | IP Automation Inc\",\"isPartOf\":{\"@id\":\"https:\\\/\\\/ipautomationinc.com\\\/#website\"},\"primaryImageOfPage\":{\"@id\":\"https:\\\/\\\/ipautomationinc.com\\\/double-head-cnc-wire-benders\\\/#primaryimage\"},\"image\":{\"@id\":\"https:\\\/\\\/ipautomationinc.com\\\/double-head-cnc-wire-benders\\\/#primaryimage\"},\"thumbnailUrl\":\"https:\\\/\\\/ipautomationinc.com\\\/wp-content\\\/uploads\\\/2024\\\/05\\\/NEW-i8-D-RGB.png#36635\",\"datePublished\":\"2024-07-25T20:28:26+00:00\",\"dateModified\":\"2026-04-01T16:36:31+00:00\",\"description\":\"Explore our selection of Double Head CNC Wire Benders to find the perfect one for you. Quality made in the USA machinery.\",\"inLanguage\":\"tr\",\"potentialAction\":[{\"@type\":\"ReadAction\",\"target\":[\"https:\\\/\\\/ipautomationinc.com\\\/double-head-cnc-wire-benders\\\/\"]}]},{\"@type\":\"ImageObject\",\"inLanguage\":\"tr\",\"@id\":\"https:\\\/\\\/ipautomationinc.com\\\/double-head-cnc-wire-benders\\\/#primaryimage\",\"url\":\"https:\\\/\\\/ipautomationinc.com\\\/wp-content\\\/uploads\\\/2024\\\/05\\\/NEW-i8-D-RGB.png#36635\",\"contentUrl\":\"https:\\\/\\\/ipautomationinc.com\\\/wp-content\\\/uploads\\\/2024\\\/05\\\/NEW-i8-D-RGB.png#36635\"},{\"@type\":\"WebSite\",\"@id\":\"https:\\\/\\\/ipautomationinc.com\\\/#website\",\"url\":\"https:\\\/\\\/ipautomationinc.com\\\/\",\"name\":\"IP Automation Inc\",\"description\":\"Concept... Creation... Reality...\",\"publisher\":{\"@id\":\"https:\\\/\\\/ipautomationinc.com\\\/#organization\"},\"potentialAction\":[{\"@type\":\"SearchAction\",\"target\":{\"@type\":\"EntryPoint\",\"urlTemplate\":\"https:\\\/\\\/ipautomationinc.com\\\/?s={search_term_string}\"},\"query-input\":{\"@type\":\"PropertyValueSpecification\",\"valueRequired\":true,\"valueName\":\"search_term_string\"}}],\"inLanguage\":\"tr\"},{\"@type\":\"Organization\",\"@id\":\"https:\\\/\\\/ipautomationinc.com\\\/#organization\",\"name\":\"IP Automation Inc\",\"url\":\"https:\\\/\\\/ipautomationinc.com\\\/\",\"logo\":{\"@type\":\"ImageObject\",\"inLanguage\":\"tr\",\"@id\":\"https:\\\/\\\/ipautomationinc.com\\\/#\\\/schema\\\/logo\\\/image\\\/\",\"url\":\"https:\\\/\\\/ipautomationinc.com\\\/wp-content\\\/uploads\\\/2022\\\/05\\\/IPA-Favicon.png\",\"contentUrl\":\"https:\\\/\\\/ipautomationinc.com\\\/wp-content\\\/uploads\\\/2022\\\/05\\\/IPA-Favicon.png\",\"width\":513,\"height\":513,\"caption\":\"IP Automation Inc\"},\"image\":{\"@id\":\"https:\\\/\\\/ipautomationinc.com\\\/#\\\/schema\\\/logo\\\/image\\\/\"},\"sameAs\":[\"https:\\\/\\\/www.facebook.com\\\/ipautomationinc\\\/\",\"https:\\\/\\\/www.linkedin.com\\\/company\\\/ip-automation-inc\\\/\",\"https:\\\/\\\/www.youtube.com\\\/@IPAutomation\"]}]}<\/script>\n<!-- \/ Yoast SEO plugin. -->","yoast_head_json":{"title":"\u00c7ift Kafal\u0131 CNC Tel B\u00fckme Makineleri | IP Otomasyon A.\u015e.","description":"Sizin i\u00e7in m\u00fckemmel olan\u0131 bulmak i\u00e7in \u00c7ift Kafal\u0131 CNC Tel B\u00fckme Makineleri se\u00e7eneklerimizi inceleyin. ABD makinelerinde \u00fcretilen kalite.","robots":{"index":"index","follow":"follow","max-snippet":"max-snippet:-1","max-image-preview":"max-image-preview:large","max-video-preview":"max-video-preview:-1"},"canonical":"https:\/\/ipautomationinc.com\/tr\/cift-kafa-cnc-tel-bukme-makineleri\/","og_locale":"tr_TR","og_type":"article","og_title":"Double Head CNC Wire Benders | IP Automation Inc","og_description":"Explore our selection of Double Head CNC Wire Benders to find the perfect one for you. Quality made in the USA machinery.","og_url":"https:\/\/ipautomationinc.com\/tr\/cift-kafa-cnc-tel-bukme-makineleri\/","og_site_name":"IP Automation Inc","article_publisher":"https:\/\/www.facebook.com\/ipautomationinc\/","article_modified_time":"2026-04-01T16:36:31+00:00","og_image":[{"url":"https:\/\/ipautomationinc.com\/wp-content\/uploads\/2024\/05\/NEW-i8-D-RGB.png#36635","type":"","width":"","height":""}],"schema":{"@context":"https:\/\/schema.org","@graph":[{"@type":"WebPage","@id":"https:\/\/ipautomationinc.com\/double-head-cnc-wire-benders\/","url":"https:\/\/ipautomationinc.com\/double-head-cnc-wire-benders\/","name":"\u00c7ift Kafal\u0131 CNC Tel B\u00fckme Makineleri | IP Otomasyon A.\u015e.","isPartOf":{"@id":"https:\/\/ipautomationinc.com\/#website"},"primaryImageOfPage":{"@id":"https:\/\/ipautomationinc.com\/double-head-cnc-wire-benders\/#primaryimage"},"image":{"@id":"https:\/\/ipautomationinc.com\/double-head-cnc-wire-benders\/#primaryimage"},"thumbnailUrl":"https:\/\/ipautomationinc.com\/wp-content\/uploads\/2024\/05\/NEW-i8-D-RGB.png#36635","datePublished":"2024-07-25T20:28:26+00:00","dateModified":"2026-04-01T16:36:31+00:00","description":"Sizin i\u00e7in m\u00fckemmel olan\u0131 bulmak i\u00e7in \u00c7ift Kafal\u0131 CNC Tel B\u00fckme Makineleri se\u00e7eneklerimizi inceleyin. ABD makinelerinde \u00fcretilen kalite.","inLanguage":"tr","potentialAction":[{"@type":"ReadAction","target":["https:\/\/ipautomationinc.com\/double-head-cnc-wire-benders\/"]}]},{"@type":"ImageObject","inLanguage":"tr","@id":"https:\/\/ipautomationinc.com\/double-head-cnc-wire-benders\/#primaryimage","url":"https:\/\/ipautomationinc.com\/wp-content\/uploads\/2024\/05\/NEW-i8-D-RGB.png#36635","contentUrl":"https:\/\/ipautomationinc.com\/wp-content\/uploads\/2024\/05\/NEW-i8-D-RGB.png#36635"},{"@type":"WebSite","@id":"https:\/\/ipautomationinc.com\/#website","url":"https:\/\/ipautomationinc.com\/","name":"IP Otomasyon A.\u015e.","description":"Konsept... Yarat\u0131l\u0131\u015f... Ger\u00e7eklik...","publisher":{"@id":"https:\/\/ipautomationinc.com\/#organization"},"potentialAction":[{"@type":"SearchAction","target":{"@type":"EntryPoint","urlTemplate":"https:\/\/ipautomationinc.com\/?s={search_term_string}"},"query-input":{"@type":"PropertyValueSpecification","valueRequired":true,"valueName":"search_term_string"}}],"inLanguage":"tr"},{"@type":"Organization","@id":"https:\/\/ipautomationinc.com\/#organization","name":"IP Otomasyon A.\u015e.","url":"https:\/\/ipautomationinc.com\/","logo":{"@type":"ImageObject","inLanguage":"tr","@id":"https:\/\/ipautomationinc.com\/#\/schema\/logo\/image\/","url":"https:\/\/ipautomationinc.com\/wp-content\/uploads\/2022\/05\/IPA-Favicon.png","contentUrl":"https:\/\/ipautomationinc.com\/wp-content\/uploads\/2022\/05\/IPA-Favicon.png","width":513,"height":513,"caption":"IP Automation Inc"},"image":{"@id":"https:\/\/ipautomationinc.com\/#\/schema\/logo\/image\/"},"sameAs":["https:\/\/www.facebook.com\/ipautomationinc\/","https:\/\/www.linkedin.com\/company\/ip-automation-inc\/","https:\/\/www.youtube.com\/@IPAutomation"]}]}},"_links":{"self":[{"href":"https:\/\/ipautomationinc.com\/tr\/wp-json\/wp\/v2\/pages\/36690","targetHints":{"allow":["GET"]}}],"collection":[{"href":"https:\/\/ipautomationinc.com\/tr\/wp-json\/wp\/v2\/pages"}],"about":[{"href":"https:\/\/ipautomationinc.com\/tr\/wp-json\/wp\/v2\/types\/page"}],"author":[{"embeddable":true,"href":"https:\/\/ipautomationinc.com\/tr\/wp-json\/wp\/v2\/users\/3"}],"replies":[{"embeddable":true,"href":"https:\/\/ipautomationinc.com\/tr\/wp-json\/wp\/v2\/comments?post=36690"}],"version-history":[{"count":4,"href":"https:\/\/ipautomationinc.com\/tr\/wp-json\/wp\/v2\/pages\/36690\/revisions"}],"predecessor-version":[{"id":36708,"href":"https:\/\/ipautomationinc.com\/tr\/wp-json\/wp\/v2\/pages\/36690\/revisions\/36708"}],"wp:attachment":[{"href":"https:\/\/ipautomationinc.com\/tr\/wp-json\/wp\/v2\/media?parent=36690"}],"curies":[{"name":"wp","href":"https:\/\/api.w.org\/{rel}","templated":true}]}}