{"id":36683,"date":"2024-07-25T15:27:56","date_gmt":"2024-07-25T20:27:56","guid":{"rendered":"https:\/\/ipautomationinc.com\/?page_id=36683"},"modified":"2026-02-24T10:16:57","modified_gmt":"2026-02-24T16:16:57","slug":"serisi-i-d-ss","status":"publish","type":"page","link":"https:\/\/ipautomationinc.com\/tr\/i-d-ss-series\/","title":{"rendered":"iD-SS Serisi \u00c7ift Kafa 3D CNC Tel B\u00fckme Makinesi"},"content":{"rendered":"<h6 class=\"wp-block-heading\">iD-SS \u00e7ift kafal\u0131 3D CNC tel b\u00fckme makinesi, basit tellerde y\u00fcksek hacimli 3D b\u00fckme kabiliyeti i\u00e7in m\u00fckemmeldir. iD-SS, iD-MS&#039;nin \u00fcretti\u011fi yayg\u0131n 3D \u015fekillerin \u00e7o\u011funu olu\u015fturabilir, ancak \u00f6nemli \u00f6l\u00e7\u00fcde daha az esnekli\u011fe sahiptir. <strong>daha az maliyet<\/strong>. iD-SS, daha basit par\u00e7alar\u0131 daha ucuz bir makineye y\u00f6nlendirerek listeleme kablolama i\u015fleminize \u00f6nemli \u00f6l\u00e7\u00fcde kapasite ve ekonomi eklemek i\u00e7in etkili bir \u015fekilde kullan\u0131labilir.&nbsp;<\/h6>\n\n\n\n<p><span class=\"builder2seo\"><\/span>\u00c7ift Kafa 3D CNC Tel B\u00fckme Makinas\u0131<br><br>i-D-SS Serisi<br><br><img decoding=\"async\" src=\"https:\/\/ipautomationinc.com\/wp-content\/uploads\/2024\/07\/i4-D-SS-RGB.png#36680\" alt=\"i-D-SS Single Stage Double Head CNC Wire Bender\"><br>iD-SS \u00c7ift Kafa 3D CNC Tel B\u00fckme Makinas\u0131<br>400 piksel<br><br>Video i\u00e7in buray\u0131 t\u0131klay\u0131n<br><a href=\"https:\/\/ipautomationinc.com\/tr\/serisi-i-d-ss\/#video\">https:\/\/ipautomationinc.com\/i-d-ss-series\/#video<\/a><br>fas fa-oyun \u00e7emberi<br>Button_theme<br><br>36695,36697,36696,36698,1546<br>#0455B3<br>3px 3px 3px 3px<br>gelenek<br><br><h4>The i-D-SS is perfect for high volume 3D bending capability on simple listing wires. The i-D-SS is capable of creating many of the common 3D shapes that the i-D-MS can, but with significantly lower cost.<\/h4><br><br><h4>iD-SS, daha basit par\u00e7alar\u0131 daha az maliyetli bir makineye y\u00f6nlendirerek listeleme teli operasyonunuza \u00f6nemli miktarda kapasite ve ekonomi eklemek i\u00e7in etkili bir \u015fekilde kullan\u0131labilir.\u00a0<\/h4><br><br><h3>Uygulamalar<\/h3><h4>Hassas Listeleme ve Oturma TelleriA\u015f\u0131r\u0131 kal\u0131plama i\u015flemleri i\u00e7in s\u0131k\u0131 toleransl\u0131 par\u00e7alar. <br><br><\/h4><br>#EBEBEB<br><br><br><img decoding=\"async\" src=\"https:\/\/ipautomationinc.com\/wp-content\/uploads\/2024\/07\/i4-D-SS-RGB.png#36680\" alt=\"i-D-SS Single Stage Double Head CNC Wire Bender\"><br>iD-SS \u00c7ift Kafa 3D CNC Tel B\u00fckme Makinas\u0131<br>gelenek<br>100%<br><br>Video i\u00e7in buray\u0131 t\u0131klay\u0131n<br><a href=\"https:\/\/ipautomationinc.com\/tr\/serisi-i-d-ss\/#video\">https:\/\/ipautomationinc.com\/i-d-ss-series\/#video<\/a><br>fas fa-oyun \u00e7emberi<br>Button_theme<br><br>1546,36695,36697,36696<br>#0455B3<br>3px 3px 3px 3px<br>gelenek<br>80%<br><br><h4>iD-SS \u00e7ift kafal\u0131 CNC tel b\u00fckme makinesi, basit yanal tellerde y\u00fcksek hacimli 3B b\u00fckme kabiliyeti i\u00e7in m\u00fckemmeldir. iD-SS, iD-MS ile yayg\u0131n olarak kullan\u0131lan bir\u00e7ok 3B \u015fekli, \u00f6nemli \u00f6l\u00e7\u00fcde daha d\u00fc\u015f\u00fck maliyetle \u00fcretebilir. iD-SS, daha basit par\u00e7alar\u0131 daha ucuz bir makineye y\u00f6nlendirerek yanal tel operasyonunuza \u00f6nemli \u00f6l\u00e7\u00fcde kapasite ve ekonomi katmak i\u00e7in etkili bir \u015fekilde kullan\u0131labilir.<\/h4><br><br><h3>Uygulamalar<\/h3><h4>Hassas Listeleme ve Oturma TelleriA\u015f\u0131r\u0131 kal\u0131plama i\u015flemleri i\u00e7in s\u0131k\u0131 toleransl\u0131 par\u00e7alar. <br><br><\/h4><br>#EBEBEB<br><br><br>Medya<br><br>;C;;<br><br>36694,36692,36693,36699<br>b\u00fcy\u00fck<br>200 piksel<br>168 piksel<br>img_caption_overlay<br><br><br>\u00d6zellikler<br><br>B\u00fckme<br>Programlama<br>Detaylar<br>Makine D\u00fczeni<br><br><br>\t8 Servo Eksen: X \u2013 besleme, C \u2013 kesici, Y \u2013 b\u00fckme pimi d\u00f6n\u00fc\u015f\u00fc (2X), P \u2013 b\u00fckme kafas\u0131 y\u00fcksekli\u011fi (2X), transfer X Ekseni, transfer d\u00f6n\u00fc\u015f\u00fc<br><br>\t2 yar\u0131\u00e7apa kadar<br><br>IP Otomasyon m\u00fchendisleri ve CNC makineleri, t\u00fcm b\u00fckme kafalar\u0131, kesiciler ve tel besleme silindirlerini kendi b\u00fcnyesinde makul maliyetle ve h\u0131zl\u0131 geri d\u00f6n\u00fc\u015fle sunar<br><br><br><br><br>\t<a href=\"https:\/\/ipautomationinc.com\/tr\/makine-yetenekleri\/\">Intellibend yaz\u0131l\u0131m\u0131 <\/a> Windows 10 i\u015fletim sisteminde<br><br>Uzunluk-D\u00f6nme-A\u00e7\u0131 CNC program format\u0131<br><br>\tEntegre \u00fcretim kontrol paneli, toplu kontrol fonksiyonlar\u0131<br><br>\t21,5\u2033 \u00e7oklu dokunmatik ekran<br><br>\tVPN t\u00fcneli \u00fczerinden uzaktan ba\u011flant\u0131<br><br>\tEnd\u00fcstri 4.0 i\u00e7in OPC-UA protokol\u00fc<br><br>\t<br><br><br>Do\u011frusal hareket kolu kapasitesiyle tel getirisi: 3000 lbs. (4500 lbs. se\u00e7ene\u011fi mevcut) <br><br>G\u00fcvenlik kilitleme kap\u0131l\u0131 7\u2032 (2,13 m) g\u00fcvenlik kafesi<br><br>4 d\u00fczlemli tel d\u00fczle\u015ftirici<br><br>T\u00fcm besleme ve b\u00fckme tahrik sistemleri sertle\u015ftirilmi\u015f di\u015flilere sahiptir ve tamamen kapal\u0131d\u0131r.<br><br>2 tel boyutu i\u00e7in h\u0131zl\u0131 \u00e7evirmeli sertle\u015ftirilmi\u015f besleme silindirleri<br><br>Do\u011fruluk ve kayma tespiti i\u00e7in tel beslemede do\u011frusal kodlay\u0131c\u0131<br><br>Yerinde e\u011fitim mevcut<br><br>Robotik entegrasyon yetene\u011fine sahip<br><br><br><div class=\"image_frame image_item scale-with-grid element_classes no_border hover-disable mfn-img-box\"  role=\"link\" aria-label=\"Ba\u011flant\u0131lar\u0131 i\u00e7eren resim\" tabindex=\"0\"><div class=\"image_wrapper\"><a href=\"https:\/\/ipautomationinc.com\/wp-content\/uploads\/2024\/07\/i4-D-SS-Front-View-Layout.jpg\" rel=\"prettyphoto\"   class=\"\"  tabindex=\"-1\" title=\"\"><div class=\"mask\"><\/div><img decoding=\"async\" class=\"scale-with-grid\" src=\"https:\/\/ipautomationinc.com\/wp-content\/uploads\/2024\/07\/i4-D-SS-Front-View-Layout.jpg\" fetchpriority=\"high\" alt=\"i4-D-SS \u00d6n G\u00f6r\u00fcn\u00fcm D\u00fczeni\" title=\"\" width=\"420\" height=\"512\" style=\"\"\/><\/a><div class=\"image_links\"><a href=\"https:\/\/ipautomationinc.com\/wp-content\/uploads\/2024\/07\/i4-D-SS-Front-View-Layout.jpg\" class=\"zoom\" rel=\"prettyphoto\" tabindex=\"-1\" aria-label=\"g\u00f6r\u00fcnt\u00fcy\u00fc yak\u0131nla\u015ft\u0131r\" title=\"\"><svg viewbox=\"0 0 26 26\"><defs><style>.path{fill:none;stroke:#333;stroke-miterlimit:10;stroke-width:1.5px;}<\/style><\/defs><circle cx=\"11.35\" cy=\"11.35\" r=\"6\" class=\"path\"\/><line x1=\"15.59\" y1=\"15.59\" x2=\"20.65\" y2=\"20.65\" class=\"path\"\/><\/svg><\/a><\/div><\/div><p class=\"wp-caption-text\">iD-SS \u00d6nden G\u00f6r\u00fcn\u00fcm<\/p><\/div>\n<br><br><br><br><div class=\"image_frame image_item scale-with-grid element_classes no_border hover-disable mfn-img-box\"  role=\"link\" aria-label=\"Ba\u011flant\u0131lar\u0131 i\u00e7eren resim\" tabindex=\"0\"><div class=\"image_wrapper\"><a href=\"https:\/\/ipautomationinc.com\/wp-content\/uploads\/2024\/07\/i4-D-SS-Top-View-Layout.jpg\" rel=\"prettyphoto\"   class=\"\"  tabindex=\"-1\" title=\"\"><div class=\"mask\"><\/div><img decoding=\"async\" class=\"scale-with-grid\" src=\"https:\/\/ipautomationinc.com\/wp-content\/uploads\/2024\/07\/i4-D-SS-Top-View-Layout.jpg\" fetchpriority=\"high\" alt=\"i4-D-SS \u00dcstten G\u00f6r\u00fcn\u00fcm D\u00fczeni\" title=\"\" width=\"420\" height=\"540\" style=\"\"\/><\/a><div class=\"image_links\"><a href=\"https:\/\/ipautomationinc.com\/wp-content\/uploads\/2024\/07\/i4-D-SS-Top-View-Layout.jpg\" class=\"zoom\" rel=\"prettyphoto\" tabindex=\"-1\" aria-label=\"g\u00f6r\u00fcnt\u00fcy\u00fc yak\u0131nla\u015ft\u0131r\" title=\"\"><svg viewbox=\"0 0 26 26\"><defs><style>.path{fill:none;stroke:#333;stroke-miterlimit:10;stroke-width:1.5px;}<\/style><\/defs><circle cx=\"11.35\" cy=\"11.35\" r=\"6\" class=\"path\"\/><line x1=\"15.59\" y1=\"15.59\" x2=\"20.65\" y2=\"20.65\" class=\"path\"\/><\/svg><\/a><\/div><\/div><p class=\"wp-caption-text\">iD-SS \u00dcstten G\u00f6r\u00fcn\u00fcm<\/p><\/div>\n<br>#EBEBEB<br>#222222<br><br><br>\u00d6zellikler<br><br><br><br><p>*Minimum ve maksimum \u00e7ap kapasitesi telin \u00e7ekme dayan\u0131m\u0131ndan etkilenir. Tel t\u00fcr\u00fcn\u00fcz i\u00e7in min\/maks aral\u0131\u011f\u0131n\u0131n a\u00e7\u0131kl\u0131\u011fa kavu\u015fturulmas\u0131 i\u00e7in bizimle ileti\u015fime ge\u00e7in.<\/p><br><br><br>Makine Se\u00e7enekleri<br><br>Ak\u0131ll\u0131 Robotik<br>\u00f6zelle\u015ftirilmi\u015f EOAT ile<br><img decoding=\"async\" src=\"https:\/\/ipautomationinc.com\/wp-content\/uploads\/2022\/06\/machine-options_robot.png#1271\" alt=\"makine-se\u00e7enekleri_robot\"><br><a href=\"https:\/\/ipautomationinc.com\/tr\/aksesuarlar\/robotik\/\">https:\/\/ipautomationinc.com\/accessories\/robotics\/<\/a><br>kutu \u00f6l\u00e7ekli<br>70%<br><br><br>Makine Se\u00e7enekleri<br><br>Ak\u0131ll\u0131 Robotik<br>\u00f6zelle\u015ftirilmi\u015f EOAT ile<br><img decoding=\"async\" src=\"https:\/\/ipautomationinc.com\/wp-content\/uploads\/2022\/06\/machine-options_robot.png\" alt=\"makine-se\u00e7enekleri_robot\"><br><a href=\"https:\/\/ipautomationinc.com\/tr\/aksesuarlar\/robotik\/\">https:\/\/ipautomationinc.com\/accessories\/robotics\/<\/a><br>kutu \u00f6l\u00e7ekli<br>70%<br><br>BW-45 Al\u0131n Kaynak Makinesi<br>d\u00f6ner swager ile<br><img decoding=\"async\" src=\"https:\/\/ipautomationinc.com\/wp-content\/uploads\/2023\/08\/machine-options_BW-45.png#29270\" alt=\"\"><br><a href=\"https:\/\/ipautomationinc.com\/tr\/aksesuarlar\/otomatik-kaynakcilar\/\">https:\/\/ipautomationinc.com\/accessories\/automated-welders\/<\/a><br>kutu \u00f6l\u00e7ekli<br>70%<br><br>Kameral\u0131 Kontrol<br><img decoding=\"async\" src=\"https:\/\/ipautomationinc.com\/wp-content\/uploads\/2022\/06\/machine-options_vision-inspection-closeup.png\" alt=\"makine-se\u00e7enekleri_vizyon-muayene-yak\u0131n \u00e7ekim\"><br>kutu \u00f6l\u00e7ekli<br>70%<br><br>S\u0131kma Presi<br><img decoding=\"async\" src=\"https:\/\/ipautomationinc.com\/wp-content\/uploads\/2024\/01\/crimping-press-icon.png#35637\" alt=\"\"><br><a href=\"https:\/\/ipautomationinc.com\/tr\/aksesuarlar\/kivirma-presi\/\">https:\/\/ipautomationinc.com\/accessories\/crimping-press\/<\/a><br>kutu \u00f6l\u00e7ekli<br>70%<br><br>Servo Pres<br><img decoding=\"async\" src=\"https:\/\/ipautomationinc.com\/wp-content\/uploads\/2022\/06\/machine-options_servo-press.png\" alt=\"makine-options_servo-press\"><br>kutu \u00f6l\u00e7ekli<br>70%<br><br>So\u011fuk Ba\u015fl\u0131k<br><img decoding=\"async\" src=\"https:\/\/ipautomationinc.com\/wp-content\/uploads\/2022\/06\/machine-options_cold-heading.png\" alt=\"makine-se\u00e7enekleri_so\u011fuk-ba\u015fl\u0131k\"><br>kutu \u00f6l\u00e7ekli<br>70%<br><br>Stres Giderme \u0130stasyonu<br><img decoding=\"async\" src=\"https:\/\/ipautomationinc.com\/wp-content\/uploads\/2022\/06\/machine-options_stress-relieving.png\" alt=\"makine se\u00e7enekleri_stres giderici\"><br>kutu \u00f6l\u00e7ekli<br>70%<br><br>Hemen Fiyat Al\u0131n!<br>ileri simge<br><a href=\"https:\/\/ipautomationinc.com\/tr\/bize-ulasin\/#form\">https:\/\/ipautomationinc.com\/contact-us\/#form<\/a><br>50 piksel<br><br>Di\u011fer CNC Tel B\u00fckme Makinalar\u0131<br><br><h4>Tek Kafal\u0131 Tel B\u00fckme Makineleri<\/h4><br><br><p><hr class=\"no_line\" style=\"margin: 0 auto 0px auto\"\/>\n <a href=\"https:\/\/ipautomationinc.com\/tr\/tek-kafali-cnc-tel-bukme-makineleri\/\"> <img decoding=\"async\" src=\"https:\/\/ipautomationinc.com\/wp-content\/uploads\/2023\/02\/i8-S-RGB-1.png\" alt=\"iS CNC Tel \u015eekillendirici\"> <\/a> <hr class=\"no_line\" style=\"margin: 0 auto 0px auto\"\/>\n <a class=\"mfn-link mfn-link-1\" href=\"\" style=\"\" data-hover=\"\"   ><span data-hover=\"\"><\/span><\/a><\/p><br>tekrar yok;sol \u00fcst;;<br>Oto<br><br><h4>2D Tel B\u00fck\u00fcc\u00fcler<\/h4><br><br><p><hr class=\"no_line\" style=\"margin: 0 auto 0px auto\"\/>\n <a href=\"https:\/\/ipautomationinc.com\/tr\/2-d-serisi\/\"> <img decoding=\"async\" src=\"https:\/\/ipautomationinc.com\/wp-content\/uploads\/2026\/02\/i10-S-2D-2D-CNC-Wire-Bending-Machine-With-Automated-Welder.png\" alt=\"2D tel b\u00fck\u00fcc\u00fc\"> <\/a> <hr class=\"no_line\" style=\"margin: 0 auto 0px auto\"\/>\n <a class=\"mfn-link mfn-link-1\" href=\"\" style=\"\" data-hover=\"\"   ><span data-hover=\"\"><\/span><\/a><\/p><br>tekrar yok;sol \u00fcst;;<br>Oto<br><br><\/p>","protected":false},"excerpt":{"rendered":"<p>The i-D-SS double head 3D CNC wire bender is perfect for high volume 3D bending capability on simple listing wires.<span class=\"excerpt-hellip\"> [\u2026]<\/span><\/p>\n","protected":false},"author":3,"featured_media":0,"parent":0,"menu_order":0,"comment_status":"closed","ping_status":"closed","template":"","meta":{"footnotes":""},"class_list":["post-36683","page","type-page","status-publish","hentry"],"yoast_head":"<!-- This site is optimized with the Yoast SEO plugin v27.3 - https:\/\/yoast.com\/product\/yoast-seo-wordpress\/ -->\n<title>i-D-SS Series Double Head 3D CNC Wire Bender | IP Automation Inc<\/title>\n<meta name=\"description\" content=\"The i-D-SS double head 3D CNC bender is perfect for high volume 3D bending capability on simple listing wires.\" \/>\n<meta name=\"robots\" content=\"index, follow, max-snippet:-1, max-image-preview:large, max-video-preview:-1\" \/>\n<link rel=\"canonical\" href=\"https:\/\/ipautomationinc.com\/tr\/serisi-i-d-ss\/\" \/>\n<meta property=\"og:locale\" content=\"tr_TR\" \/>\n<meta property=\"og:type\" content=\"article\" \/>\n<meta property=\"og:title\" content=\"i-D-SS Series Double Head 3D CNC Wire Bender | IP Automation Inc\" \/>\n<meta property=\"og:description\" content=\"The i-D-SS double head 3D CNC bender is perfect for high volume 3D bending capability on simple listing wires.\" \/>\n<meta property=\"og:url\" content=\"https:\/\/ipautomationinc.com\/tr\/serisi-i-d-ss\/\" \/>\n<meta property=\"og:site_name\" content=\"IP Automation Inc\" \/>\n<meta property=\"article:publisher\" content=\"https:\/\/www.facebook.com\/ipautomationinc\/\" \/>\n<meta property=\"article:modified_time\" content=\"2026-02-24T16:16:57+00:00\" \/>\n<meta property=\"og:image\" content=\"https:\/\/ipautomationinc.com\/wp-content\/uploads\/2024\/07\/i4-D-SS-RGB.png#36680\" \/>\n<script type=\"application\/ld+json\" class=\"yoast-schema-graph\">{\"@context\":\"https:\\\/\\\/schema.org\",\"@graph\":[{\"@type\":\"WebPage\",\"@id\":\"https:\\\/\\\/ipautomationinc.com\\\/i-d-ss-series\\\/\",\"url\":\"https:\\\/\\\/ipautomationinc.com\\\/i-d-ss-series\\\/\",\"name\":\"i-D-SS Series Double Head 3D CNC Wire Bender | IP Automation Inc\",\"isPartOf\":{\"@id\":\"https:\\\/\\\/ipautomationinc.com\\\/#website\"},\"primaryImageOfPage\":{\"@id\":\"https:\\\/\\\/ipautomationinc.com\\\/i-d-ss-series\\\/#primaryimage\"},\"image\":{\"@id\":\"https:\\\/\\\/ipautomationinc.com\\\/i-d-ss-series\\\/#primaryimage\"},\"thumbnailUrl\":\"https:\\\/\\\/ipautomationinc.com\\\/wp-content\\\/uploads\\\/2024\\\/07\\\/i4-D-SS-RGB.png#36680\",\"datePublished\":\"2024-07-25T20:27:56+00:00\",\"dateModified\":\"2026-02-24T16:16:57+00:00\",\"description\":\"The i-D-SS double head 3D CNC bender is perfect for high volume 3D bending capability on simple listing wires.\",\"inLanguage\":\"tr\",\"potentialAction\":[{\"@type\":\"ReadAction\",\"target\":[\"https:\\\/\\\/ipautomationinc.com\\\/i-d-ss-series\\\/\"]}]},{\"@type\":\"ImageObject\",\"inLanguage\":\"tr\",\"@id\":\"https:\\\/\\\/ipautomationinc.com\\\/i-d-ss-series\\\/#primaryimage\",\"url\":\"https:\\\/\\\/ipautomationinc.com\\\/wp-content\\\/uploads\\\/2024\\\/07\\\/i4-D-SS-RGB.png#36680\",\"contentUrl\":\"https:\\\/\\\/ipautomationinc.com\\\/wp-content\\\/uploads\\\/2024\\\/07\\\/i4-D-SS-RGB.png#36680\"},{\"@type\":\"WebSite\",\"@id\":\"https:\\\/\\\/ipautomationinc.com\\\/#website\",\"url\":\"https:\\\/\\\/ipautomationinc.com\\\/\",\"name\":\"IP Automation Inc\",\"description\":\"Concept... Creation... Reality...\",\"publisher\":{\"@id\":\"https:\\\/\\\/ipautomationinc.com\\\/#organization\"},\"potentialAction\":[{\"@type\":\"SearchAction\",\"target\":{\"@type\":\"EntryPoint\",\"urlTemplate\":\"https:\\\/\\\/ipautomationinc.com\\\/?s={search_term_string}\"},\"query-input\":{\"@type\":\"PropertyValueSpecification\",\"valueRequired\":true,\"valueName\":\"search_term_string\"}}],\"inLanguage\":\"tr\"},{\"@type\":\"Organization\",\"@id\":\"https:\\\/\\\/ipautomationinc.com\\\/#organization\",\"name\":\"IP Automation Inc\",\"url\":\"https:\\\/\\\/ipautomationinc.com\\\/\",\"logo\":{\"@type\":\"ImageObject\",\"inLanguage\":\"tr\",\"@id\":\"https:\\\/\\\/ipautomationinc.com\\\/#\\\/schema\\\/logo\\\/image\\\/\",\"url\":\"https:\\\/\\\/ipautomationinc.com\\\/wp-content\\\/uploads\\\/2022\\\/05\\\/IPA-Favicon.png\",\"contentUrl\":\"https:\\\/\\\/ipautomationinc.com\\\/wp-content\\\/uploads\\\/2022\\\/05\\\/IPA-Favicon.png\",\"width\":513,\"height\":513,\"caption\":\"IP Automation Inc\"},\"image\":{\"@id\":\"https:\\\/\\\/ipautomationinc.com\\\/#\\\/schema\\\/logo\\\/image\\\/\"},\"sameAs\":[\"https:\\\/\\\/www.facebook.com\\\/ipautomationinc\\\/\",\"https:\\\/\\\/www.linkedin.com\\\/company\\\/ip-automation-inc\\\/\",\"https:\\\/\\\/www.youtube.com\\\/@IPAutomation\"]}]}<\/script>\n<!-- \/ Yoast SEO plugin. -->","yoast_head_json":{"title":"i-D-SS Serisi \u00c7ift Kafa 3D CNC Tel B\u00fckme Makinas\u0131 | IP Otomasyon A.\u015e.","description":"iD-SS \u00e7ift kafal\u0131 3D CNC b\u00fck\u00fcc\u00fc, basit listeleme tellerinde y\u00fcksek hacimli 3D b\u00fckme kapasitesi i\u00e7in m\u00fckemmeldir.","robots":{"index":"index","follow":"follow","max-snippet":"max-snippet:-1","max-image-preview":"max-image-preview:large","max-video-preview":"max-video-preview:-1"},"canonical":"https:\/\/ipautomationinc.com\/tr\/serisi-i-d-ss\/","og_locale":"tr_TR","og_type":"article","og_title":"i-D-SS Series Double Head 3D CNC Wire Bender | IP Automation Inc","og_description":"The i-D-SS double head 3D CNC bender is perfect for high volume 3D bending capability on simple listing wires.","og_url":"https:\/\/ipautomationinc.com\/tr\/serisi-i-d-ss\/","og_site_name":"IP Automation Inc","article_publisher":"https:\/\/www.facebook.com\/ipautomationinc\/","article_modified_time":"2026-02-24T16:16:57+00:00","og_image":[{"url":"https:\/\/ipautomationinc.com\/wp-content\/uploads\/2024\/07\/i4-D-SS-RGB.png#36680","type":"","width":"","height":""}],"schema":{"@context":"https:\/\/schema.org","@graph":[{"@type":"WebPage","@id":"https:\/\/ipautomationinc.com\/i-d-ss-series\/","url":"https:\/\/ipautomationinc.com\/i-d-ss-series\/","name":"i-D-SS Serisi \u00c7ift Kafa 3D CNC Tel B\u00fckme Makinas\u0131 | IP Otomasyon A.\u015e.","isPartOf":{"@id":"https:\/\/ipautomationinc.com\/#website"},"primaryImageOfPage":{"@id":"https:\/\/ipautomationinc.com\/i-d-ss-series\/#primaryimage"},"image":{"@id":"https:\/\/ipautomationinc.com\/i-d-ss-series\/#primaryimage"},"thumbnailUrl":"https:\/\/ipautomationinc.com\/wp-content\/uploads\/2024\/07\/i4-D-SS-RGB.png#36680","datePublished":"2024-07-25T20:27:56+00:00","dateModified":"2026-02-24T16:16:57+00:00","description":"iD-SS \u00e7ift kafal\u0131 3D CNC b\u00fck\u00fcc\u00fc, basit listeleme tellerinde y\u00fcksek hacimli 3D b\u00fckme kapasitesi i\u00e7in m\u00fckemmeldir.","inLanguage":"tr","potentialAction":[{"@type":"ReadAction","target":["https:\/\/ipautomationinc.com\/i-d-ss-series\/"]}]},{"@type":"ImageObject","inLanguage":"tr","@id":"https:\/\/ipautomationinc.com\/i-d-ss-series\/#primaryimage","url":"https:\/\/ipautomationinc.com\/wp-content\/uploads\/2024\/07\/i4-D-SS-RGB.png#36680","contentUrl":"https:\/\/ipautomationinc.com\/wp-content\/uploads\/2024\/07\/i4-D-SS-RGB.png#36680"},{"@type":"WebSite","@id":"https:\/\/ipautomationinc.com\/#website","url":"https:\/\/ipautomationinc.com\/","name":"IP Otomasyon A.\u015e.","description":"Konsept... Yarat\u0131l\u0131\u015f... Ger\u00e7eklik...","publisher":{"@id":"https:\/\/ipautomationinc.com\/#organization"},"potentialAction":[{"@type":"SearchAction","target":{"@type":"EntryPoint","urlTemplate":"https:\/\/ipautomationinc.com\/?s={search_term_string}"},"query-input":{"@type":"PropertyValueSpecification","valueRequired":true,"valueName":"search_term_string"}}],"inLanguage":"tr"},{"@type":"Organization","@id":"https:\/\/ipautomationinc.com\/#organization","name":"IP Otomasyon A.\u015e.","url":"https:\/\/ipautomationinc.com\/","logo":{"@type":"ImageObject","inLanguage":"tr","@id":"https:\/\/ipautomationinc.com\/#\/schema\/logo\/image\/","url":"https:\/\/ipautomationinc.com\/wp-content\/uploads\/2022\/05\/IPA-Favicon.png","contentUrl":"https:\/\/ipautomationinc.com\/wp-content\/uploads\/2022\/05\/IPA-Favicon.png","width":513,"height":513,"caption":"IP Automation Inc"},"image":{"@id":"https:\/\/ipautomationinc.com\/#\/schema\/logo\/image\/"},"sameAs":["https:\/\/www.facebook.com\/ipautomationinc\/","https:\/\/www.linkedin.com\/company\/ip-automation-inc\/","https:\/\/www.youtube.com\/@IPAutomation"]}]}},"_links":{"self":[{"href":"https:\/\/ipautomationinc.com\/tr\/wp-json\/wp\/v2\/pages\/36683","targetHints":{"allow":["GET"]}}],"collection":[{"href":"https:\/\/ipautomationinc.com\/tr\/wp-json\/wp\/v2\/pages"}],"about":[{"href":"https:\/\/ipautomationinc.com\/tr\/wp-json\/wp\/v2\/types\/page"}],"author":[{"embeddable":true,"href":"https:\/\/ipautomationinc.com\/tr\/wp-json\/wp\/v2\/users\/3"}],"replies":[{"embeddable":true,"href":"https:\/\/ipautomationinc.com\/tr\/wp-json\/wp\/v2\/comments?post=36683"}],"version-history":[{"count":6,"href":"https:\/\/ipautomationinc.com\/tr\/wp-json\/wp\/v2\/pages\/36683\/revisions"}],"predecessor-version":[{"id":39493,"href":"https:\/\/ipautomationinc.com\/tr\/wp-json\/wp\/v2\/pages\/36683\/revisions\/39493"}],"wp:attachment":[{"href":"https:\/\/ipautomationinc.com\/tr\/wp-json\/wp\/v2\/media?parent=36683"}],"curies":[{"name":"wp","href":"https:\/\/api.w.org\/{rel}","templated":true}]}}