{"id":36673,"date":"2024-07-25T16:36:10","date_gmt":"2024-07-25T21:36:10","guid":{"rendered":"https:\/\/ipautomationinc.com\/?page_id=36673"},"modified":"2024-08-14T19:59:44","modified_gmt":"2024-08-14T19:59:44","slug":"hat-ici-pah","status":"publish","type":"page","link":"https:\/\/ipautomationinc.com\/tr\/accessories\/in-line-chamfer\/","title":{"rendered":"Hat \u0130\u00e7i Pah"},"content":{"rendered":"<p><strong>The in-line chamfer accessory is indispensable for wire form manufactures seeking efficient part chamfering without added labor costs. It&#8217;s equally crucial in tubing applications where it can pre-cut parts to controlled depths for easier detachment at the bender cutter.<\/strong><\/p>\n\n\n\n<p>&gt;aksesuarlara geri d\u00f6n<br>h2<br><a href=\"https:\/\/ipautomationinc.com\/tr\/aksesuarlar\/\">https:\/\/ipautomationinc.com\/accessories\/<\/a><br>merkez merkez<br>sol<br>#949494<br>saklamak<br><br>Hat \u0130\u00e7i Pah<br>h1<br>merkez merkez<br>sol<br>saklamak<br><br><img decoding=\"async\" src=\"https:\/\/ipautomationinc.com\/wp-content\/uploads\/2024\/01\/internal-chamfer.png#35611\" alt=\"internal chamfer\"><br>tam dolu<br>i\u00e7ermek<br>merkez merkez<br>saklamak<br><br><h4>The in-line chamfer accessory is indispensable for wire form manufactures seeking efficient part chamfering without added labor costs. It\\&#8217;s equally crucial in tubing applications where it can pre-cut parts to controlled depths for easier detachment at the bender cutter.<\/h4><br><br><h4>Servo motor tasar\u0131m\u0131, kesici ilerleme h\u0131z\u0131, kesme derinli\u011fi ve RPM kontrol\u00fcnde tutarl\u0131l\u0131k ve kontrol sa\u011flar. Hassas 4 tekerlekten \u00e7eki\u015fli, t\u00fcm di\u015fli besleme mekanizmam\u0131zla birle\u015fti\u011finde, yivli konumu b\u00fckme kolundaki kesme b\u0131\u00e7a\u011f\u0131yla hassas bir \u015fekilde hizalar. Ek olarak \u00fcnite, temiz bir \u00e7al\u0131\u015fma alan\u0131 sa\u011flamak i\u00e7in harici bir toplama kab\u0131na vakumlu tala\u015flar\u0131n \u00e7\u0131kar\u0131lmas\u0131n\u0131 i\u00e7erir.<\/h4><br>#000000<br>saklamak<br><br>35613,35615,35616,36677<br>k\u00fc\u00e7\u00fck resim<br>4<br>200 piksel<br>300 piksel<br>sa\u011flam<br>img_caption_overlay<br>saklamak<br><br>10<br>saklamak<br><br>Medya<br>h3<br>merkez merkez<br>merkez<br>saklamak<br><br>899881742<br>h=4a96747443<br>i\u00e7ermek<br>merkez merkez<br><br>10<br>saklamak<br><br>\u00d6zellikler<br>h3<br>merkez merkez<br>merkez<br>saklamak<br><br>Ana \u00d6zellikler<br><br><br>Servo kontroll\u00fc kesme derinli\u011fi ve RPM<br><br>Standart karb\u00fcr u\u00e7lar<br><br>Vakumlu tala\u015f kald\u0131rma<br><br><br>#EBEBEB<br>#222222<br>saklamak<br><br>10<br>saklamak<br><br>\u00d6zellikler.<br>h3<br>merkez merkez<br>merkez<br>saklamak<br><br><br>saklamak<br><br>Talep \u00fczerine daha fazla \u00f6zellik mevcuttur.<br><br><\/p>\n\n\n\n<p><\/p>","protected":false},"excerpt":{"rendered":"<p>The in-line chamfer accessory is indispensable for wire form manufactures seeking efficient part chamfering without added labor costs. It&#8217;s equally<span class=\"excerpt-hellip\"> [\u2026]<\/span><\/p>\n","protected":false},"author":3,"featured_media":0,"parent":7745,"menu_order":0,"comment_status":"closed","ping_status":"closed","template":"","meta":{"footnotes":""},"class_list":["post-36673","page","type-page","status-publish","hentry"],"yoast_head":"<!-- This site is optimized with the Yoast SEO plugin v27.3 - https:\/\/yoast.com\/product\/yoast-seo-wordpress\/ -->\n<title>In-Line Chamfer | IP Automation Inc<\/title>\n<meta name=\"description\" content=\"Our in-line chamfer accessory is essential for wire form manufacturers who need to efficiently chamfer parts in-line without labor expense.\" \/>\n<meta name=\"robots\" content=\"index, follow, max-snippet:-1, max-image-preview:large, max-video-preview:-1\" \/>\n<link rel=\"canonical\" href=\"https:\/\/ipautomationinc.com\/tr\/aksesuarlar\/hat-ici-pah\/\" \/>\n<meta property=\"og:locale\" content=\"tr_TR\" \/>\n<meta property=\"og:type\" content=\"article\" \/>\n<meta property=\"og:title\" content=\"In-Line Chamfer | IP Automation Inc\" \/>\n<meta property=\"og:description\" content=\"Our in-line chamfer accessory is essential for wire form manufacturers who need to efficiently chamfer parts in-line without labor expense.\" \/>\n<meta property=\"og:url\" content=\"https:\/\/ipautomationinc.com\/tr\/aksesuarlar\/hat-ici-pah\/\" \/>\n<meta property=\"og:site_name\" content=\"IP Automation Inc\" \/>\n<meta property=\"article:publisher\" content=\"https:\/\/www.facebook.com\/ipautomationinc\/\" \/>\n<meta property=\"article:modified_time\" content=\"2024-08-14T19:59:44+00:00\" \/>\n<meta property=\"og:image\" content=\"https:\/\/ipautomationinc.com\/wp-content\/uploads\/2024\/01\/internal-chamfer.png#35611\" \/>\n<script type=\"application\/ld+json\" class=\"yoast-schema-graph\">{\"@context\":\"https:\\\/\\\/schema.org\",\"@graph\":[{\"@type\":\"WebPage\",\"@id\":\"https:\\\/\\\/ipautomationinc.com\\\/accessories\\\/in-line-chamfer\\\/\",\"url\":\"https:\\\/\\\/ipautomationinc.com\\\/accessories\\\/in-line-chamfer\\\/\",\"name\":\"In-Line Chamfer | IP Automation Inc\",\"isPartOf\":{\"@id\":\"https:\\\/\\\/ipautomationinc.com\\\/#website\"},\"primaryImageOfPage\":{\"@id\":\"https:\\\/\\\/ipautomationinc.com\\\/accessories\\\/in-line-chamfer\\\/#primaryimage\"},\"image\":{\"@id\":\"https:\\\/\\\/ipautomationinc.com\\\/accessories\\\/in-line-chamfer\\\/#primaryimage\"},\"thumbnailUrl\":\"https:\\\/\\\/ipautomationinc.com\\\/wp-content\\\/uploads\\\/2024\\\/01\\\/internal-chamfer.png#35611\",\"datePublished\":\"2024-07-25T21:36:10+00:00\",\"dateModified\":\"2024-08-14T19:59:44+00:00\",\"description\":\"Our in-line chamfer accessory is essential for wire form manufacturers who need to efficiently chamfer parts in-line without labor expense.\",\"breadcrumb\":{\"@id\":\"https:\\\/\\\/ipautomationinc.com\\\/accessories\\\/in-line-chamfer\\\/#breadcrumb\"},\"inLanguage\":\"tr\",\"potentialAction\":[{\"@type\":\"ReadAction\",\"target\":[\"https:\\\/\\\/ipautomationinc.com\\\/accessories\\\/in-line-chamfer\\\/\"]}]},{\"@type\":\"ImageObject\",\"inLanguage\":\"tr\",\"@id\":\"https:\\\/\\\/ipautomationinc.com\\\/accessories\\\/in-line-chamfer\\\/#primaryimage\",\"url\":\"https:\\\/\\\/ipautomationinc.com\\\/wp-content\\\/uploads\\\/2024\\\/01\\\/internal-chamfer.png#35611\",\"contentUrl\":\"https:\\\/\\\/ipautomationinc.com\\\/wp-content\\\/uploads\\\/2024\\\/01\\\/internal-chamfer.png#35611\"},{\"@type\":\"BreadcrumbList\",\"@id\":\"https:\\\/\\\/ipautomationinc.com\\\/accessories\\\/in-line-chamfer\\\/#breadcrumb\",\"itemListElement\":[{\"@type\":\"ListItem\",\"position\":1,\"name\":\"Accessories\",\"item\":\"https:\\\/\\\/ipautomationinc.com\\\/accessories\\\/\"},{\"@type\":\"ListItem\",\"position\":2,\"name\":\"In-Line Chamfer\"}]},{\"@type\":\"WebSite\",\"@id\":\"https:\\\/\\\/ipautomationinc.com\\\/#website\",\"url\":\"https:\\\/\\\/ipautomationinc.com\\\/\",\"name\":\"IP Automation Inc\",\"description\":\"Concept... Creation... Reality...\",\"publisher\":{\"@id\":\"https:\\\/\\\/ipautomationinc.com\\\/#organization\"},\"potentialAction\":[{\"@type\":\"SearchAction\",\"target\":{\"@type\":\"EntryPoint\",\"urlTemplate\":\"https:\\\/\\\/ipautomationinc.com\\\/?s={search_term_string}\"},\"query-input\":{\"@type\":\"PropertyValueSpecification\",\"valueRequired\":true,\"valueName\":\"search_term_string\"}}],\"inLanguage\":\"tr\"},{\"@type\":\"Organization\",\"@id\":\"https:\\\/\\\/ipautomationinc.com\\\/#organization\",\"name\":\"IP Automation Inc\",\"url\":\"https:\\\/\\\/ipautomationinc.com\\\/\",\"logo\":{\"@type\":\"ImageObject\",\"inLanguage\":\"tr\",\"@id\":\"https:\\\/\\\/ipautomationinc.com\\\/#\\\/schema\\\/logo\\\/image\\\/\",\"url\":\"https:\\\/\\\/ipautomationinc.com\\\/wp-content\\\/uploads\\\/2022\\\/05\\\/IPA-Favicon.png\",\"contentUrl\":\"https:\\\/\\\/ipautomationinc.com\\\/wp-content\\\/uploads\\\/2022\\\/05\\\/IPA-Favicon.png\",\"width\":513,\"height\":513,\"caption\":\"IP Automation Inc\"},\"image\":{\"@id\":\"https:\\\/\\\/ipautomationinc.com\\\/#\\\/schema\\\/logo\\\/image\\\/\"},\"sameAs\":[\"https:\\\/\\\/www.facebook.com\\\/ipautomationinc\\\/\",\"https:\\\/\\\/www.linkedin.com\\\/company\\\/ip-automation-inc\\\/\",\"https:\\\/\\\/www.youtube.com\\\/@IPAutomation\"]}]}<\/script>\n<!-- \/ Yoast SEO plugin. -->","yoast_head_json":{"title":"Hat \u0130\u00e7i Pah | IP Otomasyon A.\u015e.","description":"Hat i\u00e7i pah aksesuar\u0131m\u0131z, i\u015f\u00e7ilik masraf\u0131 olmadan hat \u00fczerinde par\u00e7alara verimli bir \u015fekilde pah k\u0131rma ihtiyac\u0131 duyan tel kal\u0131p \u00fcreticileri i\u00e7in \u00e7ok \u00f6nemlidir.","robots":{"index":"index","follow":"follow","max-snippet":"max-snippet:-1","max-image-preview":"max-image-preview:large","max-video-preview":"max-video-preview:-1"},"canonical":"https:\/\/ipautomationinc.com\/tr\/aksesuarlar\/hat-ici-pah\/","og_locale":"tr_TR","og_type":"article","og_title":"In-Line Chamfer | IP Automation Inc","og_description":"Our in-line chamfer accessory is essential for wire form manufacturers who need to efficiently chamfer parts in-line without labor expense.","og_url":"https:\/\/ipautomationinc.com\/tr\/aksesuarlar\/hat-ici-pah\/","og_site_name":"IP Automation Inc","article_publisher":"https:\/\/www.facebook.com\/ipautomationinc\/","article_modified_time":"2024-08-14T19:59:44+00:00","og_image":[{"url":"https:\/\/ipautomationinc.com\/wp-content\/uploads\/2024\/01\/internal-chamfer.png#35611","type":"","width":"","height":""}],"schema":{"@context":"https:\/\/schema.org","@graph":[{"@type":"WebPage","@id":"https:\/\/ipautomationinc.com\/accessories\/in-line-chamfer\/","url":"https:\/\/ipautomationinc.com\/accessories\/in-line-chamfer\/","name":"Hat \u0130\u00e7i Pah | IP Otomasyon A.\u015e.","isPartOf":{"@id":"https:\/\/ipautomationinc.com\/#website"},"primaryImageOfPage":{"@id":"https:\/\/ipautomationinc.com\/accessories\/in-line-chamfer\/#primaryimage"},"image":{"@id":"https:\/\/ipautomationinc.com\/accessories\/in-line-chamfer\/#primaryimage"},"thumbnailUrl":"https:\/\/ipautomationinc.com\/wp-content\/uploads\/2024\/01\/internal-chamfer.png#35611","datePublished":"2024-07-25T21:36:10+00:00","dateModified":"2024-08-14T19:59:44+00:00","description":"Hat i\u00e7i pah aksesuar\u0131m\u0131z, i\u015f\u00e7ilik masraf\u0131 olmadan hat \u00fczerinde par\u00e7alara verimli bir \u015fekilde pah k\u0131rma ihtiyac\u0131 duyan tel kal\u0131p \u00fcreticileri i\u00e7in \u00e7ok \u00f6nemlidir.","breadcrumb":{"@id":"https:\/\/ipautomationinc.com\/accessories\/in-line-chamfer\/#breadcrumb"},"inLanguage":"tr","potentialAction":[{"@type":"ReadAction","target":["https:\/\/ipautomationinc.com\/accessories\/in-line-chamfer\/"]}]},{"@type":"ImageObject","inLanguage":"tr","@id":"https:\/\/ipautomationinc.com\/accessories\/in-line-chamfer\/#primaryimage","url":"https:\/\/ipautomationinc.com\/wp-content\/uploads\/2024\/01\/internal-chamfer.png#35611","contentUrl":"https:\/\/ipautomationinc.com\/wp-content\/uploads\/2024\/01\/internal-chamfer.png#35611"},{"@type":"BreadcrumbList","@id":"https:\/\/ipautomationinc.com\/accessories\/in-line-chamfer\/#breadcrumb","itemListElement":[{"@type":"ListItem","position":1,"name":"Accessories","item":"https:\/\/ipautomationinc.com\/accessories\/"},{"@type":"ListItem","position":2,"name":"In-Line Chamfer"}]},{"@type":"WebSite","@id":"https:\/\/ipautomationinc.com\/#website","url":"https:\/\/ipautomationinc.com\/","name":"IP Otomasyon A.\u015e.","description":"Konsept... Yarat\u0131l\u0131\u015f... Ger\u00e7eklik...","publisher":{"@id":"https:\/\/ipautomationinc.com\/#organization"},"potentialAction":[{"@type":"SearchAction","target":{"@type":"EntryPoint","urlTemplate":"https:\/\/ipautomationinc.com\/?s={search_term_string}"},"query-input":{"@type":"PropertyValueSpecification","valueRequired":true,"valueName":"search_term_string"}}],"inLanguage":"tr"},{"@type":"Organization","@id":"https:\/\/ipautomationinc.com\/#organization","name":"IP Otomasyon A.\u015e.","url":"https:\/\/ipautomationinc.com\/","logo":{"@type":"ImageObject","inLanguage":"tr","@id":"https:\/\/ipautomationinc.com\/#\/schema\/logo\/image\/","url":"https:\/\/ipautomationinc.com\/wp-content\/uploads\/2022\/05\/IPA-Favicon.png","contentUrl":"https:\/\/ipautomationinc.com\/wp-content\/uploads\/2022\/05\/IPA-Favicon.png","width":513,"height":513,"caption":"IP Automation Inc"},"image":{"@id":"https:\/\/ipautomationinc.com\/#\/schema\/logo\/image\/"},"sameAs":["https:\/\/www.facebook.com\/ipautomationinc\/","https:\/\/www.linkedin.com\/company\/ip-automation-inc\/","https:\/\/www.youtube.com\/@IPAutomation"]}]}},"_links":{"self":[{"href":"https:\/\/ipautomationinc.com\/tr\/wp-json\/wp\/v2\/pages\/36673","targetHints":{"allow":["GET"]}}],"collection":[{"href":"https:\/\/ipautomationinc.com\/tr\/wp-json\/wp\/v2\/pages"}],"about":[{"href":"https:\/\/ipautomationinc.com\/tr\/wp-json\/wp\/v2\/types\/page"}],"author":[{"embeddable":true,"href":"https:\/\/ipautomationinc.com\/tr\/wp-json\/wp\/v2\/users\/3"}],"replies":[{"embeddable":true,"href":"https:\/\/ipautomationinc.com\/tr\/wp-json\/wp\/v2\/comments?post=36673"}],"version-history":[{"count":2,"href":"https:\/\/ipautomationinc.com\/tr\/wp-json\/wp\/v2\/pages\/36673\/revisions"}],"predecessor-version":[{"id":36745,"href":"https:\/\/ipautomationinc.com\/tr\/wp-json\/wp\/v2\/pages\/36673\/revisions\/36745"}],"up":[{"embeddable":true,"href":"https:\/\/ipautomationinc.com\/tr\/wp-json\/wp\/v2\/pages\/7745"}],"wp:attachment":[{"href":"https:\/\/ipautomationinc.com\/tr\/wp-json\/wp\/v2\/media?parent=36673"}],"curies":[{"name":"wp","href":"https:\/\/api.w.org\/{rel}","templated":true}]}}