{"id":35632,"date":"2024-06-18T14:23:37","date_gmt":"2024-06-18T19:23:37","guid":{"rendered":"https:\/\/ipautomationinc.com\/?page_id=35632"},"modified":"2026-04-06T10:20:12","modified_gmt":"2026-04-06T15:20:12","slug":"ip-serisi","status":"publish","type":"page","link":"https:\/\/ipautomationinc.com\/tr\/i-p-series\/","title":{"rendered":"P Serisi Tek Par\u00e7a CNC Tel B\u00fckme Makinesi"},"content":{"rendered":"<p>The P series Single Piece CNC wire bender is designed to make easy work of your challenging parts and part mixes that require versatility and flexibility for low volume applications. For low volume applications, setup and changeover is faster with fewer elements to adjust. For special materials, tubing, pre-machined rods, and end formed parts that cannot be fed from coil, the pre-cut piece loading will allow you to have incredible 3D CNC bending capability. A magazine feeding option is available for a significant increase in production and un-attended operation.<\/p>\n\n\n\n<p><span class=\"builder2seo\"><\/span>Tek Par\u00e7a 3D CNC Tel B\u00fckme Makinesi<br><br>iP Serisi<br><br><img decoding=\"async\" src=\"https:\/\/ipautomationinc.com\/wp-content\/uploads\/2026\/02\/i10-S\u00b2-P-Single-Piece-3D-CNC-Wire-Bender-and-Kiosk.png#39503\" alt=\"i10-S\u00b2-P Single Piece 3D CNC Wire Bender and Kiosk\"><br>i-S\u00b2-T CNC tel b\u00fckme makinesi<br>400 piksel<br><br>Bro\u015f\u00fcr PDF&#039;si i\u00e7in buraya t\u0131klay\u0131n<br><a href=\"https:\/\/ipautomationinc.com\/wp-content\/uploads\/2026\/03\/i-P-Flyer.pdf\">https:\/\/ipautomationinc.com\/wp-content\/uploads\/2026\/03\/i-P-Flyer.pdf<\/a><br>fas fa-dosyas\u0131-pdf<br>Button_theme<br>https:\/\/ipautomationinc.com\/wp-content\/uploads\/2026\/03\/i-P-Flyer.pdf<br><br>35673,35674,36656,36655<br>#0455B3<br>3px 3px 3px 3px<br><br><h4>iP Tek Par\u00e7a CNC tel b\u00fckme makinesi, d\u00fc\u015f\u00fck hacimli uygulamalar i\u00e7in \u00e7ok y\u00f6nl\u00fcl\u00fck ve esneklik gerektiren zorlu par\u00e7alar\u0131n\u0131z\u0131n ve par\u00e7a kar\u0131\u015f\u0131mlar\u0131n\u0131z\u0131n i\u015flenmesini kolayla\u015ft\u0131rmak \u00fczere tasarlanm\u0131\u015ft\u0131r.<\/h4><br><br><h4>D\u00fc\u015f\u00fck hacimli uygulamalar i\u00e7in kurulum ve ge\u00e7i\u015f, ayarlanmas\u0131 gereken daha az \u00f6\u011fe sayesinde daha h\u0131zl\u0131d\u0131r.<\/h4><br><br><h4>\u00d6zel malzemeler, borular, \u00f6nceden i\u015flenmi\u015f \u00e7ubuklar ve bobinden beslenemeyen u\u00e7tan \u015fekillendirilmi\u015f par\u00e7alar i\u00e7in \u00f6nceden kesilmi\u015f par\u00e7a y\u00fckleme, inan\u0131lmaz 3D CNC b\u00fckme kapasitesine sahip olman\u0131z\u0131 sa\u011flayacakt\u0131r.<\/h4><br><br><h4>\u00dcretimi \u00f6nemli \u00f6l\u00e7\u00fcde art\u0131rmak ve g\u00f6zetimsiz \u00e7al\u0131\u015fma sa\u011flamak i\u00e7in magazin besleme se\u00e7ene\u011fi mevcuttur. Tek veya \u00e7ift b\u00fckme ba\u015fl\u0131\u011f\u0131 se\u00e7ene\u011fi.<\/h4><br><br><h3>Uygulamalar<\/h3><br><br><h4>Egzoz ask\u0131lar\u0131, y\u00fcksek kar\u0131\u015f\u0131ml\u0131 d\u00fc\u015f\u00fck hacimli par\u00e7alar, \u0131s\u0131tma elemanlar\u0131 ve kapal\u0131 u\u00e7 d\u00f6ng\u00fc par\u00e7alar\u0131.<\/h4><br>#EBEBEB<br><br><img decoding=\"async\" src=\"https:\/\/ipautomationinc.com\/wp-content\/uploads\/2026\/02\/i10-S\u00b2-P-Single-Piece-3D-CNC-Wire-Bender-and-Kiosk.png#39503\" alt=\"i10-S\u00b2-P Single Piece 3D CNC Wire Bender and Kiosk\"><br>i-S\u00b2-T CNC tel b\u00fckme makinesi<br><br>Bro\u015f\u00fcr PDF&#039;si i\u00e7in buraya t\u0131klay\u0131n<br><a href=\"https:\/\/ipautomationinc.com\/wp-content\/uploads\/2026\/03\/i-P-Flyer.pdf\">https:\/\/ipautomationinc.com\/wp-content\/uploads\/2026\/03\/i-P-Flyer.pdf<\/a><br>fas fa-dosyas\u0131-pdf<br>Button_theme<br>https:\/\/ipautomationinc.com\/wp-content\/uploads\/2026\/03\/i-P-Flyer.pdf<br><br>36656,36655,35674,35673<br>#0455B3<br>3px 3px 3px 3px<br>gelenek<br>80%<br><br><h4>iP Tek Par\u00e7a CNC tel b\u00fckme makinesi, d\u00fc\u015f\u00fck hacimli uygulamalar i\u00e7in \u00e7ok y\u00f6nl\u00fcl\u00fck ve esneklik gerektiren zorlu par\u00e7alar\u0131n\u0131z\u0131n ve par\u00e7a kar\u0131\u015f\u0131mlar\u0131n\u0131z\u0131n i\u015flenmesini kolayla\u015ft\u0131rmak \u00fczere tasarlanm\u0131\u015ft\u0131r.<\/h4><br><br><h4>D\u00fc\u015f\u00fck hacimli uygulamalar i\u00e7in kurulum ve ge\u00e7i\u015f, ayarlanmas\u0131 gereken daha az \u00f6\u011fe sayesinde daha h\u0131zl\u0131d\u0131r.<\/h4><br><br><h4>\u00d6zel malzemeler, borular, \u00f6nceden i\u015flenmi\u015f \u00e7ubuklar ve bobinden beslenemeyen u\u00e7tan \u015fekillendirilmi\u015f par\u00e7alar i\u00e7in \u00f6nceden kesilmi\u015f par\u00e7a y\u00fckleme, inan\u0131lmaz 3D CNC b\u00fckme kapasitesine sahip olman\u0131z\u0131 sa\u011flayacakt\u0131r.<\/h4><br><br><h4>\u00dcretimi \u00f6nemli \u00f6l\u00e7\u00fcde art\u0131rmak ve g\u00f6zetimsiz \u00e7al\u0131\u015fma sa\u011flamak i\u00e7in magazin besleme se\u00e7ene\u011fi mevcuttur. Tek veya \u00e7ift b\u00fckme ba\u015fl\u0131\u011f\u0131 se\u00e7ene\u011fi.<\/h4><br><br><h3>Uygulamalar<\/h3><br><br><h4>Egzoz ask\u0131lar\u0131, y\u00fcksek kar\u0131\u015f\u0131ml\u0131 d\u00fc\u015f\u00fck hacimli par\u00e7alar, \u0131s\u0131tma elemanlar\u0131 ve kapal\u0131 u\u00e7 d\u00f6ng\u00fc par\u00e7alar\u0131<\/h4><br>#EBEBEB<br><br><br>Medya<br><br>b\u00fcy\u00fck<br><br><br>\u00d6zellikler<br><br>B\u00fckme<br>Programlama<br>Detaylar<br>Makine D\u00fczeni<br><br><br><p>S\u00b2 (S-kare) b\u00fckme ba\u015fl\u0131\u011f\u0131<\/p><br><br>16 yar\u0131\u00e7apa kadar iki kafa veya \u00f6zel b\u00fckme tak\u0131mlar\u0131<br><br>Mandrel, burun ve olu\u015fturulan b\u00fckme i\u00e7in b\u00fckme kafas\u0131n\u0131n iste\u011fe ba\u011fl\u0131 olarak yeniden konumland\u0131r\u0131lmas\u0131<br><br>Servo kontroll\u00fc b\u00fckme ba\u015fl\u0131\u011f\u0131 y\u00fcksekli\u011fi, \u00e7ok katmanl\u0131 tak\u0131mlamaya olanak tan\u0131r<br><br>B\u00fckme kafas\u0131n\u0131n mutlak konumland\u0131r\u0131lmas\u0131 ile s\u0131ra d\u0131\u015f\u0131 b\u00fckme m\u00fcmk\u00fcnd\u00fcr<br><br>Mod\u00fcler tak\u0131m tasar\u0131m\u0131, b\u00fckme piminin kolay de\u011fi\u015ftirilmesini sa\u011flar<br><br>D\u00fczlem d\u0131\u015f\u0131 konumland\u0131rma, boru b\u00fckme ara\u00e7lar\u0131na ve h\u0131zl\u0131 ve do\u011fru mandrel tarz\u0131 b\u00fckmeye olanak tan\u0131r<br><br><p>\u0130\u00e7i bo\u015f s\u0131k\u0131\u015ft\u0131rma mekanizmas\u0131 ve geri \u00e7ekilebilir k\u0131lavuz<\/p><br><br>\u0130\u00e7i bo\u015f kelep\u00e7e malzemeyi pn\u00f6matik olarak kavrar ve b\u00fckme kafas\u0131na kontroll\u00fc x ekseni hareketi sa\u011flar<br><br>Par\u00e7alar uygun \u015fekilde desteklenirse makineden metrelerce daha uzun olabilir<br><br>Kelep\u00e7eler yeniden kavramak i\u00e7in geri giderken b\u00fckme ba\u015fl\u0131\u011f\u0131 par\u00e7ay\u0131 sabit tutabilir<br><br>Geri \u00e7ekilebilir k\u0131lavuz, besleme ve b\u00fckme s\u0131ras\u0131nda destek sa\u011flar ve hareketli kelep\u00e7enin b\u00fckme kafas\u0131na kadar hareket etmesini sa\u011flamak i\u00e7in yoldan \u00e7ekilir<br><br><br><br><br>\t<a href=\"https:\/\/ipautomationinc.com\/tr\/makine-yetenekleri\/\">Intellibend yaz\u0131l\u0131m\u0131 <\/a> Windows 10 i\u015fletim sisteminde<br><br>Uzunluk-D\u00f6nme-A\u00e7\u0131 CNC program format\u0131<br><br>\tGer\u00e7ek zamanl\u0131 oran ve toplu programlamaya sahip \u00fcretim kontrol paneli<br><br>\tEnd\u00fcstriyel PC ile entegre 18,5\u2033 \u00e7oklu dokunmatik ekran<br><br>\tVPN t\u00fcneli \u00fczerinden uzaktan ba\u011flant\u0131<br><br>\tEnd\u00fcstri 4.0 i\u00e7in OPC-UA protokol\u00fc<br><br>\u00d6zel G\/\u00c7 i\u015flevleri mevcuttur<br><br><p>Kiosk kontrol merkezi<\/p><br><br>Kiosk kontrol \u00fcnitesi Intellibend yaz\u0131l\u0131m\u0131 ve E-stop i\u00e7eren bilgisayar\u0131 bar\u0131nd\u0131r\u0131r<br><br>\u00c7e\u015fitli h\u00fccre konfig\u00fcrasyonlar\u0131 i\u00e7in esnek konumland\u0131rma sa\u011flar<br><br>Bir magazin beslemesi kullan\u0131ld\u0131\u011f\u0131nda daha fazla bo\u015fluk sa\u011flar<br><br><br><br>\t<br><br><br>Tekrar bilenebilir kesici kal\u0131p y\u00fczeyi<br><br>Yerinde e\u011fitim mevcut<br><br>Robotik entegrasyon yetene\u011fine sahip<br><div class=\"image_frame image_item scale-with-grid element_classes no_border hover-disable mfn-img-box\"  role=\"link\" aria-label=\"Ba\u011flant\u0131lar\u0131 i\u00e7eren resim\" tabindex=\"0\"><div class=\"image_wrapper\"><a href=\"https:\/\/ipautomationinc.com\/wp-content\/uploads\/2024\/02\/i10-S\u00b2-T-layout.jpg\" rel=\"prettyphoto\"   class=\"\"  tabindex=\"-1\" title=\"\"><div class=\"mask\"><\/div><img decoding=\"async\" class=\"scale-with-grid\" src=\"https:\/\/ipautomationinc.com\/wp-content\/uploads\/2024\/02\/i10-S\u00b2-T-layout.jpg\" fetchpriority=\"high\" alt=\"i10-S\u00b2-T d\u00fczeni\" title=\"\" width=\"300\" height=\"901\" style=\"\"\/><\/a><div class=\"image_links\"><a href=\"https:\/\/ipautomationinc.com\/wp-content\/uploads\/2024\/02\/i10-S\u00b2-T-layout.jpg\" class=\"zoom\" rel=\"prettyphoto\" tabindex=\"-1\" aria-label=\"g\u00f6r\u00fcnt\u00fcy\u00fc yak\u0131nla\u015ft\u0131r\" title=\"\"><svg viewbox=\"0 0 26 26\"><defs><style>.path{fill:none;stroke:#333;stroke-miterlimit:10;stroke-width:1.5px;}<\/style><\/defs><circle cx=\"11.35\" cy=\"11.35\" r=\"6\" class=\"path\"\/><line x1=\"15.59\" y1=\"15.59\" x2=\"20.65\" y2=\"20.65\" class=\"path\"\/><\/svg><\/a><\/div><\/div><p class=\"wp-caption-text\">i-S\u00b2-T d\u00fczeni<\/p><\/div>\n<br>#EBEBEB<br>#222222<br><br><br>\u00d6zellikler<br><br><br><br><p>*Minimum ve maksimum \u00e7ap kapasitesi telin \u00e7ekme dayan\u0131m\u0131ndan etkilenir. Tel t\u00fcr\u00fcn\u00fcz i\u00e7in min\/maks aral\u0131\u011f\u0131n\u0131n a\u00e7\u0131kl\u0131\u011fa kavu\u015fturulmas\u0131 i\u00e7in bizimle ileti\u015fime ge\u00e7in.<\/p><br><br>Hemen Fiyat Al\u0131n!<br>ileri simge<br><a href=\"https:\/\/ipautomationinc.com\/tr\/bize-ulasin\/#form\">https:\/\/ipautomationinc.com\/contact-us\/#form<\/a><br>50 piksel<br><br>Di\u011fer CNC Tel B\u00fckme Makinalar\u0131<br><br><h4>Tek Kafal\u0131 Tel B\u00fckme Makineleri<\/h4><br><br><p><hr class=\"no_line\" style=\"margin: 0 auto 0px auto\"\/>\n <a href=\"https:\/\/ipautomationinc.com\/tr\/tek-kafali-cnc-tel-bukme-makineleri\/\"> <img decoding=\"async\" src=\"https:\/\/ipautomationinc.com\/wp-content\/uploads\/2023\/02\/i8-S-RGB-1.png\" alt=\"iS CNC Tel \u015eekillendirici\"> <\/a> <hr class=\"no_line\" style=\"margin: 0 auto 0px auto\"\/>\n <a class=\"mfn-link mfn-link-1\" href=\"\" style=\"\" data-hover=\"\"   ><span data-hover=\"\"><\/span><\/a><\/p><br>tekrar yok;sol \u00fcst;;<br>Oto<br><br><h4>\u00c7ift Kafa Tel B\u00fckme Makineleri<\/h4><br><br><p><hr class=\"no_line\" style=\"margin: 0 auto 0px auto\"\/>\n <a href=\"https:\/\/ipautomationinc.com\/tr\/cift-kafa-cnc-tel-bukme-makineleri\/\"> <img decoding=\"async\" src=\"https:\/\/ipautomationinc.com\/wp-content\/uploads\/2024\/07\/i8-D-double-head-1.png\" alt=\"\"> <\/a> <hr class=\"no_line\" style=\"margin: 0 auto 0px auto\"\/>\n <a class=\"mfn-link mfn-link-1\" href=\"\" style=\"\" data-hover=\"\"   ><span data-hover=\"\"><\/span><\/a><\/p><br>tekrar yok;sol \u00fcst;;<br>Oto<br><br><h4>2D Tel B\u00fck\u00fcc\u00fcler<\/h4><br><br><p><hr class=\"no_line\" style=\"margin: 0 auto 0px auto\"\/>\n <a href=\"https:\/\/ipautomationinc.com\/tr\/2-d-serisi\/\"> <img decoding=\"async\" src=\"https:\/\/ipautomationinc.com\/wp-content\/uploads\/2026\/02\/i10-S-2D-2D-CNC-Wire-Bending-Machine-With-Automated-Welder.png\" alt=\"2 boyutlu CNC tel b\u00fckme makinesi\"> <\/a> <hr class=\"no_line\" style=\"margin: 0 auto 0px auto\"\/>\n <a class=\"mfn-link mfn-link-1\" href=\"\" style=\"\" data-hover=\"\"   ><span data-hover=\"\"><\/span><\/a><\/p><br>tekrar yok;sol \u00fcst;;<br>Oto<br><br><\/p>","protected":false},"excerpt":{"rendered":"<p>The P series Single Piece CNC wire bender is designed to make easy work of your challenging parts and part<span class=\"excerpt-hellip\"> [\u2026]<\/span><\/p>\n","protected":false},"author":3,"featured_media":0,"parent":0,"menu_order":0,"comment_status":"closed","ping_status":"closed","template":"","meta":{"footnotes":""},"class_list":["post-35632","page","type-page","status-publish","hentry"],"yoast_head":"<!-- This site is optimized with the Yoast SEO plugin v27.4 - https:\/\/yoast.com\/product\/yoast-seo-wordpress\/ -->\n<title>P Series Single Piece CNC Wire Bender | IP Automation Inc<\/title>\n<meta name=\"description\" content=\"The P series single piece CNC wire bender is designed to make easy work of your challenging parts and part mixes that require versatility and flexibility.\" \/>\n<meta name=\"robots\" content=\"index, follow, max-snippet:-1, max-image-preview:large, max-video-preview:-1\" \/>\n<link rel=\"canonical\" href=\"https:\/\/ipautomationinc.com\/tr\/ip-serisi\/\" \/>\n<meta property=\"og:locale\" content=\"tr_TR\" \/>\n<meta property=\"og:type\" content=\"article\" \/>\n<meta property=\"og:title\" content=\"P Series Single Piece CNC Wire Bender | IP Automation Inc\" \/>\n<meta property=\"og:description\" content=\"The P series single piece CNC wire bender is designed to make easy work of your challenging parts and part mixes that require versatility and flexibility.\" \/>\n<meta property=\"og:url\" content=\"https:\/\/ipautomationinc.com\/tr\/ip-serisi\/\" \/>\n<meta property=\"og:site_name\" content=\"IP Automation Inc\" \/>\n<meta property=\"article:publisher\" content=\"https:\/\/www.facebook.com\/ipautomationinc\/\" \/>\n<meta property=\"article:modified_time\" content=\"2026-04-06T15:20:12+00:00\" \/>\n<meta property=\"og:image\" content=\"https:\/\/ipautomationinc.com\/wp-content\/uploads\/2023\/02\/i8-S-RGB-1.png\" \/>\n<script type=\"application\/ld+json\" class=\"yoast-schema-graph\">{\"@context\":\"https:\\\/\\\/schema.org\",\"@graph\":[{\"@type\":\"WebPage\",\"@id\":\"https:\\\/\\\/ipautomationinc.com\\\/i-p-series\\\/\",\"url\":\"https:\\\/\\\/ipautomationinc.com\\\/i-p-series\\\/\",\"name\":\"P Series Single Piece CNC Wire Bender | IP Automation Inc\",\"isPartOf\":{\"@id\":\"https:\\\/\\\/ipautomationinc.com\\\/#website\"},\"primaryImageOfPage\":{\"@id\":\"https:\\\/\\\/ipautomationinc.com\\\/i-p-series\\\/#primaryimage\"},\"image\":{\"@id\":\"https:\\\/\\\/ipautomationinc.com\\\/i-p-series\\\/#primaryimage\"},\"thumbnailUrl\":\"https:\\\/\\\/ipautomationinc.com\\\/wp-content\\\/uploads\\\/2023\\\/02\\\/i8-S-RGB-1.png\",\"datePublished\":\"2024-06-18T19:23:37+00:00\",\"dateModified\":\"2026-04-06T15:20:12+00:00\",\"description\":\"The P series single piece CNC wire bender is designed to make easy work of your challenging parts and part mixes that require versatility and flexibility.\",\"inLanguage\":\"tr\",\"potentialAction\":[{\"@type\":\"ReadAction\",\"target\":[\"https:\\\/\\\/ipautomationinc.com\\\/i-p-series\\\/\"]}]},{\"@type\":\"ImageObject\",\"inLanguage\":\"tr\",\"@id\":\"https:\\\/\\\/ipautomationinc.com\\\/i-p-series\\\/#primaryimage\",\"url\":\"https:\\\/\\\/ipautomationinc.com\\\/wp-content\\\/uploads\\\/2023\\\/02\\\/i8-S-RGB-1.png\",\"contentUrl\":\"https:\\\/\\\/ipautomationinc.com\\\/wp-content\\\/uploads\\\/2023\\\/02\\\/i8-S-RGB-1.png\"},{\"@type\":\"WebSite\",\"@id\":\"https:\\\/\\\/ipautomationinc.com\\\/#website\",\"url\":\"https:\\\/\\\/ipautomationinc.com\\\/\",\"name\":\"IP Automation Inc\",\"description\":\"Concept... Creation... Reality...\",\"publisher\":{\"@id\":\"https:\\\/\\\/ipautomationinc.com\\\/#organization\"},\"potentialAction\":[{\"@type\":\"SearchAction\",\"target\":{\"@type\":\"EntryPoint\",\"urlTemplate\":\"https:\\\/\\\/ipautomationinc.com\\\/?s={search_term_string}\"},\"query-input\":{\"@type\":\"PropertyValueSpecification\",\"valueRequired\":true,\"valueName\":\"search_term_string\"}}],\"inLanguage\":\"tr\"},{\"@type\":\"Organization\",\"@id\":\"https:\\\/\\\/ipautomationinc.com\\\/#organization\",\"name\":\"IP Automation Inc\",\"url\":\"https:\\\/\\\/ipautomationinc.com\\\/\",\"logo\":{\"@type\":\"ImageObject\",\"inLanguage\":\"tr\",\"@id\":\"https:\\\/\\\/ipautomationinc.com\\\/#\\\/schema\\\/logo\\\/image\\\/\",\"url\":\"https:\\\/\\\/ipautomationinc.com\\\/wp-content\\\/uploads\\\/2022\\\/05\\\/IPA-Favicon.png\",\"contentUrl\":\"https:\\\/\\\/ipautomationinc.com\\\/wp-content\\\/uploads\\\/2022\\\/05\\\/IPA-Favicon.png\",\"width\":513,\"height\":513,\"caption\":\"IP Automation Inc\"},\"image\":{\"@id\":\"https:\\\/\\\/ipautomationinc.com\\\/#\\\/schema\\\/logo\\\/image\\\/\"},\"sameAs\":[\"https:\\\/\\\/www.facebook.com\\\/ipautomationinc\\\/\",\"https:\\\/\\\/www.linkedin.com\\\/company\\\/ip-automation-inc\\\/\",\"https:\\\/\\\/www.youtube.com\\\/@IPAutomation\"]}]}<\/script>\n<!-- \/ Yoast SEO plugin. -->","yoast_head_json":{"title":"P Serisi Tek Par\u00e7a CNC Tel B\u00fckme Makinesi | IP Automation Inc.","description":"P serisi tek par\u00e7a CNC tel b\u00fckme makinesi, \u00e7ok y\u00f6nl\u00fcl\u00fck ve esneklik gerektiren zorlu par\u00e7alar\u0131n\u0131z\u0131n ve par\u00e7a kar\u0131\u015f\u0131mlar\u0131n\u0131z\u0131n i\u015flenmesini kolayla\u015ft\u0131rmak i\u00e7in tasarlanm\u0131\u015ft\u0131r.","robots":{"index":"index","follow":"follow","max-snippet":"max-snippet:-1","max-image-preview":"max-image-preview:large","max-video-preview":"max-video-preview:-1"},"canonical":"https:\/\/ipautomationinc.com\/tr\/ip-serisi\/","og_locale":"tr_TR","og_type":"article","og_title":"P Series Single Piece CNC Wire Bender | IP Automation Inc","og_description":"The P series single piece CNC wire bender is designed to make easy work of your challenging parts and part mixes that require versatility and flexibility.","og_url":"https:\/\/ipautomationinc.com\/tr\/ip-serisi\/","og_site_name":"IP Automation Inc","article_publisher":"https:\/\/www.facebook.com\/ipautomationinc\/","article_modified_time":"2026-04-06T15:20:12+00:00","og_image":[{"url":"https:\/\/ipautomationinc.com\/wp-content\/uploads\/2023\/02\/i8-S-RGB-1.png","type":"","width":"","height":""}],"schema":{"@context":"https:\/\/schema.org","@graph":[{"@type":"WebPage","@id":"https:\/\/ipautomationinc.com\/i-p-series\/","url":"https:\/\/ipautomationinc.com\/i-p-series\/","name":"P Serisi Tek Par\u00e7a CNC Tel B\u00fckme Makinesi | IP Automation Inc.","isPartOf":{"@id":"https:\/\/ipautomationinc.com\/#website"},"primaryImageOfPage":{"@id":"https:\/\/ipautomationinc.com\/i-p-series\/#primaryimage"},"image":{"@id":"https:\/\/ipautomationinc.com\/i-p-series\/#primaryimage"},"thumbnailUrl":"https:\/\/ipautomationinc.com\/wp-content\/uploads\/2023\/02\/i8-S-RGB-1.png","datePublished":"2024-06-18T19:23:37+00:00","dateModified":"2026-04-06T15:20:12+00:00","description":"P serisi tek par\u00e7a CNC tel b\u00fckme makinesi, \u00e7ok y\u00f6nl\u00fcl\u00fck ve esneklik gerektiren zorlu par\u00e7alar\u0131n\u0131z\u0131n ve par\u00e7a kar\u0131\u015f\u0131mlar\u0131n\u0131z\u0131n i\u015flenmesini kolayla\u015ft\u0131rmak i\u00e7in tasarlanm\u0131\u015ft\u0131r.","inLanguage":"tr","potentialAction":[{"@type":"ReadAction","target":["https:\/\/ipautomationinc.com\/i-p-series\/"]}]},{"@type":"ImageObject","inLanguage":"tr","@id":"https:\/\/ipautomationinc.com\/i-p-series\/#primaryimage","url":"https:\/\/ipautomationinc.com\/wp-content\/uploads\/2023\/02\/i8-S-RGB-1.png","contentUrl":"https:\/\/ipautomationinc.com\/wp-content\/uploads\/2023\/02\/i8-S-RGB-1.png"},{"@type":"WebSite","@id":"https:\/\/ipautomationinc.com\/#website","url":"https:\/\/ipautomationinc.com\/","name":"IP Otomasyon A.\u015e.","description":"Konsept... Yarat\u0131l\u0131\u015f... Ger\u00e7eklik...","publisher":{"@id":"https:\/\/ipautomationinc.com\/#organization"},"potentialAction":[{"@type":"SearchAction","target":{"@type":"EntryPoint","urlTemplate":"https:\/\/ipautomationinc.com\/?s={search_term_string}"},"query-input":{"@type":"PropertyValueSpecification","valueRequired":true,"valueName":"search_term_string"}}],"inLanguage":"tr"},{"@type":"Organization","@id":"https:\/\/ipautomationinc.com\/#organization","name":"IP Otomasyon A.\u015e.","url":"https:\/\/ipautomationinc.com\/","logo":{"@type":"ImageObject","inLanguage":"tr","@id":"https:\/\/ipautomationinc.com\/#\/schema\/logo\/image\/","url":"https:\/\/ipautomationinc.com\/wp-content\/uploads\/2022\/05\/IPA-Favicon.png","contentUrl":"https:\/\/ipautomationinc.com\/wp-content\/uploads\/2022\/05\/IPA-Favicon.png","width":513,"height":513,"caption":"IP Automation Inc"},"image":{"@id":"https:\/\/ipautomationinc.com\/#\/schema\/logo\/image\/"},"sameAs":["https:\/\/www.facebook.com\/ipautomationinc\/","https:\/\/www.linkedin.com\/company\/ip-automation-inc\/","https:\/\/www.youtube.com\/@IPAutomation"]}]}},"_links":{"self":[{"href":"https:\/\/ipautomationinc.com\/tr\/wp-json\/wp\/v2\/pages\/35632","targetHints":{"allow":["GET"]}}],"collection":[{"href":"https:\/\/ipautomationinc.com\/tr\/wp-json\/wp\/v2\/pages"}],"about":[{"href":"https:\/\/ipautomationinc.com\/tr\/wp-json\/wp\/v2\/types\/page"}],"author":[{"embeddable":true,"href":"https:\/\/ipautomationinc.com\/tr\/wp-json\/wp\/v2\/users\/3"}],"replies":[{"embeddable":true,"href":"https:\/\/ipautomationinc.com\/tr\/wp-json\/wp\/v2\/comments?post=35632"}],"version-history":[{"count":9,"href":"https:\/\/ipautomationinc.com\/tr\/wp-json\/wp\/v2\/pages\/35632\/revisions"}],"predecessor-version":[{"id":39657,"href":"https:\/\/ipautomationinc.com\/tr\/wp-json\/wp\/v2\/pages\/35632\/revisions\/39657"}],"wp:attachment":[{"href":"https:\/\/ipautomationinc.com\/tr\/wp-json\/wp\/v2\/media?parent=35632"}],"curies":[{"name":"wp","href":"https:\/\/api.w.org\/{rel}","templated":true}]}}