{"id":32686,"date":"2026-02-10T16:33:39","date_gmt":"2026-02-10T22:33:39","guid":{"rendered":"https:\/\/ipautomationinc.com\/?page_id=32686"},"modified":"2026-02-17T14:05:01","modified_gmt":"2026-02-17T20:05:01","slug":"kariyerler","status":"publish","type":"page","link":"https:\/\/ipautomationinc.com\/tr\/careers\/","title":{"rendered":"Kariyerler"},"content":{"rendered":"<p>IP Automation Inc is an industry leader in CNC wire bending machinery. We design and manufacture precision equipment used by manufacturers across a range of industries. Our work is driven by quality, reliability, and attention to detail. We\u2019re looking for individuals who take pride in their work and want to contribute to a well-run, growing company. Below you\u2019ll find our current open positions and links to apply.<\/p>\n\n\n\n<p><span class=\"builder2seo\"><\/span>Kariyerler<br><br><p><span>IP Automation Inc, CNC tel b\u00fckme makineleri sekt\u00f6r\u00fcnde lider bir firmad\u0131r. \u00c7e\u015fitli sekt\u00f6rlerdeki \u00fcreticiler taraf\u0131ndan kullan\u0131lan hassas ekipmanlar tasarl\u0131yor ve \u00fcretiyoruz. \u00c7al\u0131\u015fmalar\u0131m\u0131z kalite, g\u00fcvenilirlik ve detaylara g\u00f6sterilen \u00f6zenle y\u00f6nlendirilmektedir. \u0130\u015fine \u00f6nem veren ve iyi y\u00f6netilen, b\u00fcy\u00fcyen bir \u015firkete katk\u0131da bulunmak isteyen bireyler ar\u0131yoruz.<\/span><\/p><br><br><p><span>A\u015fa\u011f\u0131da mevcut a\u00e7\u0131k pozisyonlar\u0131m\u0131z\u0131 ve ba\u015fvuru ba\u011flant\u0131lar\u0131n\u0131 bulabilirsiniz.<\/span><\/p><br><br>M\u00fchendislik Teknisyeni<br><br><br><p>Otomatik b\u00fckme makineleri ve robotik montaj sistemlerinin ara\u015ft\u0131rma ve geli\u015ftirme s\u00fcre\u00e7lerinde teknik sorunlara y\u00f6nelik \u00e7\u00f6z\u00fcmler geli\u015ftirme ve test etme sorumlulu\u011funu \u00fcstlenir. M\u00fchendislere yard\u0131mc\u0131 olur, \u00fcr\u00fcnleri inceler, testler yapar ve ekipman\u0131n teknik \u00f6zelliklere uygunlu\u011funu do\u011frular.<\/p><br><br>Ba\u015fl\u0131ca Sorumluluklar<br>Deneyim<br>E\u011fitim<br><br><br>\u00c7e\u015fitli sekt\u00f6rlerdeki karma\u015f\u0131k teknik sorunlara \u00e7\u00f6z\u00fcmler \u00fcretin.<br><br>M\u00fchendisler ve sat\u0131\u015f ekibine \u00fcr\u00fcn ve s\u00fcre\u00e7ler olu\u015fturma, de\u011fi\u015ftirme ve \u00f6nerme konular\u0131nda destek olmak.<br><br>M\u00fc\u015fterilere e\u011fitim ve teknik destek konusunda yard\u0131mc\u0131 olmak.<br><br>\u00dcr\u00fcn tasar\u0131m\u0131, geli\u015ftirme ve \u00fcretim s\u00fcre\u00e7lerine destek olmak.<br><br>Ekipmanlar\u0131 in\u015fa edin ve kurun.<br><br>CNC tel \u015fekillendirme makineleri ve robotik ekipmanlar\u0131n programlanmas\u0131 ve kurulumunun denetlenmesine yard\u0131mc\u0131 olmak.<br><br>Tasar\u0131m a\u015famas\u0131nda veya tasar\u0131mlar\u0131 do\u011frulamak i\u00e7in bilgisayar destekli tasar\u0131m ve \u00e7izim ekipmanlar\u0131ndan yararlanabilir.<br><br>Elektrik panolar\u0131, \u00e7ok telli kablo d\u00fczenekleri ve bilgisayarlar gibi elektrikli ve elektronik ekipmanlar\u0131n test edilmesi ve \u00fcretimi.<br><br>Elektronik ve bilgisayar kontroll\u00fc mekanik sistemlerin imalat\u0131 ve test edilmesi<br><br>\u00c7evresel tehlikelerin \u00f6nlenmesi, kontrol\u00fc veya giderilmesinde kullan\u0131lan y\u00f6ntemleri geli\u015ftirin.<br><br>Programlanabilir robotik sistemler<br><br>30%&#039;ye kadar seyahat<br><br><br><br><br>Otomatik mekanik sistemler veya otomatik elektronik sistemler alan\u0131nda en az 2 y\u0131ll\u0131k deneyim. Otomotiv sekt\u00f6r\u00fcndeki deneyim de dikkate al\u0131nacakt\u0131r.<br><br>CNC deneyimi avantajd\u0131r.<br><br><br><br><br>Makine M\u00fchendisli\u011fi \u00f6nlisans derecesi veya otomatik makinelerin yap\u0131m\u0131 ve ar\u0131za giderme konusunda uygulamal\u0131 deneyim.<br><br><br>unordered<br>enable<br>fas fa-plus<br>fas fa-minus<br>rotate<br>12px<br><br>T\u00fcm ilanlar\u0131 g\u00f6r\u00fcnt\u00fcle ve ba\u015fvur<br><a href=\"https:\/\/www.indeed.com\/viewjob?jk=08578505451981bb&amp;from=shareddesktop_copy\">https:\/\/www.indeed.com\/viewjob?jk=08578505451981bb&amp;from=shareddesktop_copy<\/a><br>Button_theme<br><br>CNC Makinist \/ Programc\u0131 1. Vardiya<br><br><br><p>\u00dcretimin devaml\u0131l\u0131\u011f\u0131n\u0131 sa\u011flayan, makinelerle \u00e7al\u0131\u015fan, tak\u0131m arkada\u015flar\u0131n\u0131zla i\u015f birli\u011fi yapan ve her bir bitmi\u015f par\u00e7an\u0131n kalite beklentilerimizi kar\u015f\u0131lad\u0131\u011f\u0131ndan emin olan uygulamal\u0131 ekibin bir par\u00e7as\u0131 olacaks\u0131n\u0131z.<\/p><br><br>Ba\u015fl\u0131ca Sorumluluklar<br>Deneyim<br>E\u011fitim<br><br><br>\u00c7e\u015fitli \u00fcr\u00fcnlerin d\u00fc\u015f\u00fck hacimli \u00fcretiminde kullan\u0131lmak \u00fczere CNC makinelerini programlay\u0131n ve ayarlay\u0131n, \u00e7al\u0131\u015fma s\u0131ras\u0131nda kaliteyi izleyin.<br><br>Ham maddeleri ve bile\u015fenleri \u00f6zenle ve detaylara dikkat ederek CNC makinelerine y\u00fckleyin.<br><br>Par\u00e7alar\u0131n teknik \u00f6zelliklere uygun kalmas\u0131n\u0131 ve tutarl\u0131 kalitenin korunmas\u0131n\u0131 sa\u011flamak i\u00e7in gerekti\u011fi gibi ayarlamalar yap\u0131n.<br><br>Freze tezgahlar\u0131, torna tezgahlar\u0131, y\u00fczey ta\u015flama makineleri ve \u015ferit testereler gibi manuel makineleri kullanarak hassas par\u00e7alar i\u015fleyin.<br><br>Par\u00e7a tasar\u0131mlar\u0131n\u0131 iyile\u015ftirmek ve \u00fcretilebilirli\u011fi optimize etmek i\u00e7in m\u00fchendislik ekibiyle i\u015fbirli\u011fi yap\u0131n.<br><br>\u00dcretimi tamamlanm\u0131\u015f par\u00e7alar\u0131n teknik \u00e7izim gerekliliklerini kar\u015f\u0131lad\u0131\u011f\u0131ndan emin olmak i\u00e7in par\u00e7alar\u0131 inceleyin ve \u00f6l\u00e7\u00fcn.<br><br>Makinelerin sorunsuz \u00e7al\u0131\u015fmas\u0131n\u0131 sa\u011flamak i\u00e7in g\u00fcnl\u00fck makine kontrolleri ve bak\u0131mlar\u0131 ger\u00e7ekle\u015ftirin.<br><br>T\u00fcm g\u00fcvenlik prosed\u00fcrlerine uyun ve temiz, d\u00fczenli ve g\u00fcvenli bir \u00e7al\u0131\u015fma ortam\u0131n\u0131n korunmas\u0131na yard\u0131mc\u0131 olun.<br><br><br><br><br>CNC i\u015fleme operat\u00f6r\u00fc olarak kan\u0131tlanm\u0131\u015f deneyim.<br><br>CNC makineleri, tak\u0131m tezgahlar\u0131 ve hassas \u00f6l\u00e7\u00fcm cihazlar\u0131n\u0131n programlanmas\u0131 ve kurulumunda yetenekli.<br><br>Comfortable reading and interpreting mechanical drawings and documentation, including GD&amp;T<br><br>Mekanik yetenek ve g\u00fc\u00e7l\u00fc matematik becerileri<br><br>CAM programlama: 5 y\u0131l (Tercih edilen)<br><br><br><br><br>Lise diplomas\u0131 veya dengi bir belge gereklidir; ilgili alanda teknik sertifika veya diploma avantaj sa\u011flar.<br><br><br>unordered<br>enable<br>fas fa-plus<br>fas fa-minus<br>rotate<br>12px<br><br>T\u00fcm ilanlar\u0131 g\u00f6r\u00fcnt\u00fcle ve ba\u015fvur<br><a href=\"https:\/\/www.indeed.com\/viewjob?jk=06e8e30a921ced7e&amp;from=shareddesktop_copy\">https:\/\/www.indeed.com\/viewjob?jk=06e8e30a921ced7e&amp;from=shareddesktop_copy<\/a><br>Button_theme<br><br>M\u00fchendislik Teknisyeni<br><br><br><p>Otomatik b\u00fckme makineleri ve robotik montaj sistemlerinin ara\u015ft\u0131rma ve geli\u015ftirme s\u00fcre\u00e7lerinde teknik sorunlara y\u00f6nelik \u00e7\u00f6z\u00fcmler geli\u015ftirme ve test etme sorumlulu\u011funu \u00fcstlenir. M\u00fchendislere yard\u0131mc\u0131 olur, \u00fcr\u00fcnleri inceler, testler yapar ve ekipman\u0131n teknik \u00f6zelliklere uygunlu\u011funu do\u011frular.<\/p><br><br>Ba\u015fl\u0131ca Sorumluluklar<br>Deneyim<br>E\u011fitim<br><br><br>\u00c7e\u015fitli sekt\u00f6rlerdeki karma\u015f\u0131k teknik sorunlara \u00e7\u00f6z\u00fcmler \u00fcretin.<br><br>M\u00fchendisler ve sat\u0131\u015f ekibine \u00fcr\u00fcn ve s\u00fcre\u00e7ler olu\u015fturma, de\u011fi\u015ftirme ve \u00f6nerme konular\u0131nda destek olmak.<br><br>M\u00fc\u015fterilere e\u011fitim ve teknik destek konusunda yard\u0131mc\u0131 olmak.<br><br>\u00dcr\u00fcn tasar\u0131m\u0131, geli\u015ftirme ve \u00fcretim s\u00fcre\u00e7lerine destek olmak.<br><br>Ekipmanlar\u0131 in\u015fa edin ve kurun.<br><br>CNC tel \u015fekillendirme makineleri ve robotik ekipmanlar\u0131n programlanmas\u0131 ve kurulumunun denetlenmesine yard\u0131mc\u0131 olmak.<br><br>Tasar\u0131m a\u015famas\u0131nda veya tasar\u0131mlar\u0131 do\u011frulamak i\u00e7in bilgisayar destekli tasar\u0131m ve \u00e7izim ekipmanlar\u0131ndan yararlanabilir.<br><br>Elektrik panolar\u0131, \u00e7ok telli kablo d\u00fczenekleri ve bilgisayarlar gibi elektrikli ve elektronik ekipmanlar\u0131n test edilmesi ve \u00fcretimi.<br><br>Elektronik ve bilgisayar kontroll\u00fc mekanik sistemlerin imalat\u0131 ve test edilmesi<br><br>\u00c7evresel tehlikelerin \u00f6nlenmesi, kontrol\u00fc veya giderilmesinde kullan\u0131lan y\u00f6ntemleri geli\u015ftirin.<br><br>Up to 10% travel<br><br><br><br><br>Otomatik mekanik sistemler veya otomatik elektronik sistemler alan\u0131nda en az 2 y\u0131ll\u0131k deneyim. Otomotiv sekt\u00f6r\u00fcndeki deneyim de dikkate al\u0131nacakt\u0131r.<br><br>CNC deneyimi avantajd\u0131r.<br><br><br><br><br>Associates Degree in Mechanical Engineering or hands on experience in building and troubleshooting automated machinery : 2 Years<br><br><br>unordered<br>enable<br>fas fa-plus<br>fas fa-minus<br>rotate<br><br>Apply Here<br><a href=\"https:\/\/www.linkedin.com\/jobs\/view\/3984475847\/\">https:\/\/www.linkedin.com\/jobs\/view\/3984475847\/<\/a><br>Button_theme<br><br>CNC Makinist \/ Programc\u0131 1. Vardiya<br><br><br><p>\u00dcretimin devaml\u0131l\u0131\u011f\u0131n\u0131 sa\u011flayan, makinelerle \u00e7al\u0131\u015fan, tak\u0131m arkada\u015flar\u0131n\u0131zla i\u015f birli\u011fi yapan ve her bir bitmi\u015f par\u00e7an\u0131n kalite beklentilerimizi kar\u015f\u0131lad\u0131\u011f\u0131ndan emin olan uygulamal\u0131 ekibin bir par\u00e7as\u0131 olacaks\u0131n\u0131z.<\/p><br><br>Ba\u015fl\u0131ca Sorumluluklar<br>Deneyim<br>E\u011fitim<br><br><br>\u00c7e\u015fitli sekt\u00f6rlerdeki karma\u015f\u0131k teknik sorunlara \u00e7\u00f6z\u00fcmler \u00fcretin.<br><br>M\u00fchendisler ve sat\u0131\u015f ekibine \u00fcr\u00fcn ve s\u00fcre\u00e7ler olu\u015fturma, de\u011fi\u015ftirme ve \u00f6nerme konular\u0131nda destek olmak.<br><br>M\u00fc\u015fterilere e\u011fitim ve teknik destek konusunda yard\u0131mc\u0131 olmak.<br><br>\u00dcr\u00fcn tasar\u0131m\u0131, geli\u015ftirme ve \u00fcretim s\u00fcre\u00e7lerine destek olmak.<br><br>Ekipmanlar\u0131 in\u015fa edin ve kurun.<br><br>CNC tel \u015fekillendirme makineleri ve robotik ekipmanlar\u0131n programlanmas\u0131 ve kurulumunun denetlenmesine yard\u0131mc\u0131 olmak.<br><br>Tasar\u0131m a\u015famas\u0131nda veya tasar\u0131mlar\u0131 do\u011frulamak i\u00e7in bilgisayar destekli tasar\u0131m ve \u00e7izim ekipmanlar\u0131ndan yararlanabilir.<br><br>Elektrik panolar\u0131, \u00e7ok telli kablo d\u00fczenekleri ve bilgisayarlar gibi elektrikli ve elektronik ekipmanlar\u0131n test edilmesi ve \u00fcretimi.<br><br>Elektronik ve bilgisayar kontroll\u00fc mekanik sistemlerin imalat\u0131 ve test edilmesi<br><br>\u00c7evresel tehlikelerin \u00f6nlenmesi, kontrol\u00fc veya giderilmesinde kullan\u0131lan y\u00f6ntemleri geli\u015ftirin.<br><br>Up to 10% travel<br><br><br><br><br>Otomatik mekanik sistemler veya otomatik elektronik sistemler alan\u0131nda en az 2 y\u0131ll\u0131k deneyim. Otomotiv sekt\u00f6r\u00fcndeki deneyim de dikkate al\u0131nacakt\u0131r.<br><br>CNC experience is required<br><br><br><br><br>Makine M\u00fchendisli\u011fi \u00f6nlisans derecesi veya otomatik makinelerin yap\u0131m\u0131 ve ar\u0131za giderme konusunda uygulamal\u0131 deneyim.<br><br><br>unordered<br>enable<br>fas fa-plus<br>fas fa-minus<br>rotate<br><br>Apply Here<br><a href=\"https:\/\/www.linkedin.com\/jobs\/view\/3984475847\/\">https:\/\/www.linkedin.com\/jobs\/view\/3984475847\/<\/a><br>Button_theme<br><br><\/p>","protected":false},"excerpt":{"rendered":"<p>IP Automation Inc is an industry leader in CNC wire bending machinery. We design and manufacture precision equipment used by<span class=\"excerpt-hellip\"> [\u2026]<\/span><\/p>\n","protected":false},"author":3,"featured_media":0,"parent":0,"menu_order":0,"comment_status":"closed","ping_status":"closed","template":"","meta":{"footnotes":""},"class_list":["post-32686","page","type-page","status-publish","hentry"],"yoast_head":"<!-- This site is optimized with the Yoast SEO plugin v27.3 - https:\/\/yoast.com\/product\/yoast-seo-wordpress\/ -->\n<title>Careers | IP Automation Inc<\/title>\n<meta name=\"description\" content=\"IP Automation Inc is looking for individuals who take pride in their work and want to contribute to a well-run, growing company. Explore open positions.\" \/>\n<meta name=\"robots\" content=\"index, follow, max-snippet:-1, max-image-preview:large, max-video-preview:-1\" \/>\n<link rel=\"canonical\" href=\"https:\/\/ipautomationinc.com\/tr\/kariyerler\/\" \/>\n<meta property=\"og:locale\" content=\"tr_TR\" \/>\n<meta property=\"og:type\" content=\"article\" \/>\n<meta property=\"og:title\" content=\"Careers | IP Automation Inc\" \/>\n<meta property=\"og:description\" content=\"IP Automation Inc is looking for individuals who take pride in their work and want to contribute to a well-run, growing company. Explore open positions.\" \/>\n<meta property=\"og:url\" content=\"https:\/\/ipautomationinc.com\/tr\/kariyerler\/\" \/>\n<meta property=\"og:site_name\" content=\"IP Automation Inc\" \/>\n<meta property=\"article:publisher\" content=\"https:\/\/www.facebook.com\/ipautomationinc\/\" \/>\n<meta property=\"article:modified_time\" content=\"2026-02-17T20:05:01+00:00\" \/>\n<script type=\"application\/ld+json\" class=\"yoast-schema-graph\">{\"@context\":\"https:\\\/\\\/schema.org\",\"@graph\":[{\"@type\":\"WebPage\",\"@id\":\"https:\\\/\\\/ipautomationinc.com\\\/careers\\\/\",\"url\":\"https:\\\/\\\/ipautomationinc.com\\\/careers\\\/\",\"name\":\"Careers | IP Automation Inc\",\"isPartOf\":{\"@id\":\"https:\\\/\\\/ipautomationinc.com\\\/#website\"},\"datePublished\":\"2026-02-10T22:33:39+00:00\",\"dateModified\":\"2026-02-17T20:05:01+00:00\",\"description\":\"IP Automation Inc is looking for individuals who take pride in their work and want to contribute to a well-run, growing company. Explore open positions.\",\"inLanguage\":\"tr\",\"potentialAction\":[{\"@type\":\"ReadAction\",\"target\":[\"https:\\\/\\\/ipautomationinc.com\\\/careers\\\/\"]}]},{\"@type\":\"WebSite\",\"@id\":\"https:\\\/\\\/ipautomationinc.com\\\/#website\",\"url\":\"https:\\\/\\\/ipautomationinc.com\\\/\",\"name\":\"IP Automation Inc\",\"description\":\"Concept... Creation... Reality...\",\"publisher\":{\"@id\":\"https:\\\/\\\/ipautomationinc.com\\\/#organization\"},\"potentialAction\":[{\"@type\":\"SearchAction\",\"target\":{\"@type\":\"EntryPoint\",\"urlTemplate\":\"https:\\\/\\\/ipautomationinc.com\\\/?s={search_term_string}\"},\"query-input\":{\"@type\":\"PropertyValueSpecification\",\"valueRequired\":true,\"valueName\":\"search_term_string\"}}],\"inLanguage\":\"tr\"},{\"@type\":\"Organization\",\"@id\":\"https:\\\/\\\/ipautomationinc.com\\\/#organization\",\"name\":\"IP Automation Inc\",\"url\":\"https:\\\/\\\/ipautomationinc.com\\\/\",\"logo\":{\"@type\":\"ImageObject\",\"inLanguage\":\"tr\",\"@id\":\"https:\\\/\\\/ipautomationinc.com\\\/#\\\/schema\\\/logo\\\/image\\\/\",\"url\":\"https:\\\/\\\/ipautomationinc.com\\\/wp-content\\\/uploads\\\/2022\\\/05\\\/IPA-Favicon.png\",\"contentUrl\":\"https:\\\/\\\/ipautomationinc.com\\\/wp-content\\\/uploads\\\/2022\\\/05\\\/IPA-Favicon.png\",\"width\":513,\"height\":513,\"caption\":\"IP Automation Inc\"},\"image\":{\"@id\":\"https:\\\/\\\/ipautomationinc.com\\\/#\\\/schema\\\/logo\\\/image\\\/\"},\"sameAs\":[\"https:\\\/\\\/www.facebook.com\\\/ipautomationinc\\\/\",\"https:\\\/\\\/www.linkedin.com\\\/company\\\/ip-automation-inc\\\/\",\"https:\\\/\\\/www.youtube.com\\\/@IPAutomation\"]}]}<\/script>\n<!-- \/ Yoast SEO plugin. -->","yoast_head_json":{"title":"Kariyer Olanaklar\u0131 | IP Automation Inc.","description":"IP Automation Inc, i\u015fine \u00f6nem veren ve iyi y\u00f6netilen, b\u00fcy\u00fcyen bir \u015firkete katk\u0131da bulunmak isteyen bireyler ar\u0131yor. A\u00e7\u0131k pozisyonlar\u0131 inceleyin.","robots":{"index":"index","follow":"follow","max-snippet":"max-snippet:-1","max-image-preview":"max-image-preview:large","max-video-preview":"max-video-preview:-1"},"canonical":"https:\/\/ipautomationinc.com\/tr\/kariyerler\/","og_locale":"tr_TR","og_type":"article","og_title":"Careers | IP Automation Inc","og_description":"IP Automation Inc is looking for individuals who take pride in their work and want to contribute to a well-run, growing company. Explore open positions.","og_url":"https:\/\/ipautomationinc.com\/tr\/kariyerler\/","og_site_name":"IP Automation Inc","article_publisher":"https:\/\/www.facebook.com\/ipautomationinc\/","article_modified_time":"2026-02-17T20:05:01+00:00","schema":{"@context":"https:\/\/schema.org","@graph":[{"@type":"WebPage","@id":"https:\/\/ipautomationinc.com\/careers\/","url":"https:\/\/ipautomationinc.com\/careers\/","name":"Kariyer Olanaklar\u0131 | IP Automation Inc.","isPartOf":{"@id":"https:\/\/ipautomationinc.com\/#website"},"datePublished":"2026-02-10T22:33:39+00:00","dateModified":"2026-02-17T20:05:01+00:00","description":"IP Automation Inc, i\u015fine \u00f6nem veren ve iyi y\u00f6netilen, b\u00fcy\u00fcyen bir \u015firkete katk\u0131da bulunmak isteyen bireyler ar\u0131yor. A\u00e7\u0131k pozisyonlar\u0131 inceleyin.","inLanguage":"tr","potentialAction":[{"@type":"ReadAction","target":["https:\/\/ipautomationinc.com\/careers\/"]}]},{"@type":"WebSite","@id":"https:\/\/ipautomationinc.com\/#website","url":"https:\/\/ipautomationinc.com\/","name":"IP Otomasyon A.\u015e.","description":"Konsept... Yarat\u0131l\u0131\u015f... Ger\u00e7eklik...","publisher":{"@id":"https:\/\/ipautomationinc.com\/#organization"},"potentialAction":[{"@type":"SearchAction","target":{"@type":"EntryPoint","urlTemplate":"https:\/\/ipautomationinc.com\/?s={search_term_string}"},"query-input":{"@type":"PropertyValueSpecification","valueRequired":true,"valueName":"search_term_string"}}],"inLanguage":"tr"},{"@type":"Organization","@id":"https:\/\/ipautomationinc.com\/#organization","name":"IP Otomasyon A.\u015e.","url":"https:\/\/ipautomationinc.com\/","logo":{"@type":"ImageObject","inLanguage":"tr","@id":"https:\/\/ipautomationinc.com\/#\/schema\/logo\/image\/","url":"https:\/\/ipautomationinc.com\/wp-content\/uploads\/2022\/05\/IPA-Favicon.png","contentUrl":"https:\/\/ipautomationinc.com\/wp-content\/uploads\/2022\/05\/IPA-Favicon.png","width":513,"height":513,"caption":"IP Automation Inc"},"image":{"@id":"https:\/\/ipautomationinc.com\/#\/schema\/logo\/image\/"},"sameAs":["https:\/\/www.facebook.com\/ipautomationinc\/","https:\/\/www.linkedin.com\/company\/ip-automation-inc\/","https:\/\/www.youtube.com\/@IPAutomation"]}]}},"_links":{"self":[{"href":"https:\/\/ipautomationinc.com\/tr\/wp-json\/wp\/v2\/pages\/32686","targetHints":{"allow":["GET"]}}],"collection":[{"href":"https:\/\/ipautomationinc.com\/tr\/wp-json\/wp\/v2\/pages"}],"about":[{"href":"https:\/\/ipautomationinc.com\/tr\/wp-json\/wp\/v2\/types\/page"}],"author":[{"embeddable":true,"href":"https:\/\/ipautomationinc.com\/tr\/wp-json\/wp\/v2\/users\/3"}],"replies":[{"embeddable":true,"href":"https:\/\/ipautomationinc.com\/tr\/wp-json\/wp\/v2\/comments?post=32686"}],"version-history":[{"count":6,"href":"https:\/\/ipautomationinc.com\/tr\/wp-json\/wp\/v2\/pages\/32686\/revisions"}],"predecessor-version":[{"id":39420,"href":"https:\/\/ipautomationinc.com\/tr\/wp-json\/wp\/v2\/pages\/32686\/revisions\/39420"}],"wp:attachment":[{"href":"https:\/\/ipautomationinc.com\/tr\/wp-json\/wp\/v2\/media?parent=32686"}],"curies":[{"name":"wp","href":"https:\/\/api.w.org\/{rel}","templated":true}]}}