{"id":1342,"date":"2022-07-07T13:16:55","date_gmt":"2022-07-07T18:16:55","guid":{"rendered":"https:\/\/ipautomationinc.com\/?page_id=1342"},"modified":"2026-04-01T13:58:47","modified_gmt":"2026-04-01T18:58:47","slug":"tek-kafali-cnc-tel-bukme-makineleri","status":"publish","type":"page","link":"https:\/\/ipautomationinc.com\/tr\/single-head-cnc-wire-benders\/","title":{"rendered":"Tek Kafa CNC Tel B\u00fckme Makineleri"},"content":{"rendered":"<h6 class=\"wp-block-heading\"><strong>Explore our range of single head CNC wire benders. I-SC series companct single head CNC wire bender, 2-8mm wire diameter. I-S series single head CNC wire bender, 2-20mm wire diameter. I-S\u00b2 multiple bend head CNC wire bender, 2.5-16mm wire diameter. I-P series single piece cnc wire bender, 2.5-16mm wire diameter<\/strong><\/h6>\n\n\n\n<p><span class=\"builder2seo\"><\/span>Tek Kafa CNC Tel B\u00fckme Makineleri<br><br>geni\u015f<br><br><img decoding=\"async\" src=\"https:\/\/ipautomationinc.com\/wp-content\/uploads\/2025\/09\/i8-SC-RGB.png#38241\" alt=\"i8-SC RGB\"><br><a href=\"https:\/\/ipautomationinc.com\/tr\/serisi-i-sc\/\">https:\/\/ipautomationinc.com\/i-sc-series\/<\/a><br><br>i-SC Serisi<br><br>Daha fazla bilgi edin<br><a href=\"https:\/\/ipautomationinc.com\/tr\/serisi-i-sc\/\">https:\/\/ipautomationinc.com\/i-sc-series\/<\/a><br>Button_theme<br><br>Kompakt Tek Kafal\u0131 CNC Tel B\u00fckme Makineleri<br><br><h5>i-SC serisi, d\u00fc\u015f\u00fck bak\u0131m, kolay kurulum ve uzun s\u00fcreli dayan\u0131kl\u0131l\u0131k i\u00e7in tasarlanm\u0131\u015f, uygun fiyatl\u0131 bir performans sergileyen seridir.<\/h5><br><br><br><br>2-8mm* Tel \u00c7ap\u0131<br><br>POP ekran bile\u015fenleri, cihaz end\u00fcstrileri, klipsler, tutucular, kancalar, yaylar, ask\u0131lar, konekt\u00f6rler, a\u011fa\u00e7 fidanl\u0131\u011f\u0131 sepeti par\u00e7alar\u0131 i\u00e7in m\u00fckemmeldir.<br><br><br><br><img decoding=\"async\" src=\"https:\/\/ipautomationinc.com\/wp-content\/uploads\/2023\/02\/i8-S-RGB-1.png#11263\" alt=\"i8-S RGB\"><br><a href=\"https:\/\/ipautomationinc.com\/tr\/serisi-i-s\/\">https:\/\/ipautomationinc.com\/i-s-series\/<\/a><br><br>i-S Serisi<br><br>Daha fazla bilgi edin<br><a href=\"https:\/\/ipautomationinc.com\/tr\/serisi-i-s\/\">https:\/\/ipautomationinc.com\/i-s-series\/<\/a><br>Button_theme<br><br>Tek Kafa CNC Tel B\u00fckme Makineleri<br><br><h5>i-S serisi geni\u015f se\u00e7enek yelpazesi ve uygun fiyat\u0131, onu hem yeni ba\u015flayan hem de ileri d\u00fczey tel \u015fekillendirme \u015firketleri i\u00e7in m\u00fckemmel bir se\u00e7im haline getiriyor.<\/h5><br><br><br><br>2-20mm* Tel \u00c7ap\u0131<br><br>Klipsler, tutucular, perakende POP ekran bile\u015fenleri, kancalar, yaylar, ask\u0131lar, konekt\u00f6rler, cihaz par\u00e7alar\u0131, y\u00fcz korumalar\u0131, kulplar i\u00e7in m\u00fckemmeldir<br><br><br>Ba\u015fl\u0131k + a\u00e7\u0131klama<br>tekrar yok;sol \u00fcst;;<br>Oto<br>20 piksel<br>0 10%<br><br><img decoding=\"async\" src=\"https:\/\/ipautomationinc.com\/wp-content\/uploads\/2024\/08\/i10-S\u00b2-rgb.png#36757\" alt=\"i10-S\u00b2-rgb\"><br><a href=\"https:\/\/ipautomationinc.com\/tr\/serisi-i-s-kare\/\">https:\/\/ipautomationinc.com\/i-s-squared-series\/<\/a><br><br>i-S\u00b2 Serisi<br><br>Daha fazla bilgi edin<br><a href=\"https:\/\/ipautomationinc.com\/tr\/serisi-i-s-kare\/\">https:\/\/ipautomationinc.com\/i-s-squared-series\/<\/a><br>Button_theme<br><br>\u00c7oklu B\u00fckme Kafal\u0131 CNC Tel B\u00fckme Makineleri<br><br><h5>i-S\u00b2, hem mandrel hem de taret i\u015fleme i\u00e7in \u00e7ok say\u0131da b\u00fckme se\u00e7ene\u011fi sunan 2 b\u00fckme kafas\u0131na sahiptir.<\/h5><br><br><br><br>2,5-16mm* Tel \u00c7ap\u0131<br><br>Otomotiv koltuklar\u0131 ve tar\u0131m ekipmanlar\u0131 i\u00e7in m\u00fckemmel<br><br><br>Ba\u015fl\u0131k + a\u00e7\u0131klama<br>tekrar yok;sol \u00fcst;;<br>Oto<br>20 piksel<br>0 10%<br><br><img decoding=\"async\" src=\"https:\/\/ipautomationinc.com\/wp-content\/uploads\/2026\/02\/i10-S\u00b2-P-Single-Piece-3D-CNC-Wire-Bender.png#39498\" alt=\"i10-S\u00b2-P Single Piece 3D CNC Wire Bender\"><br><a href=\"https:\/\/ipautomationinc.com\/tr\/ip-serisi\/\">https:\/\/ipautomationinc.com\/i-p-series\/<\/a><br><br>iP Serisi<br><br>Daha fazla bilgi edin<br><a href=\"https:\/\/ipautomationinc.com\/tr\/ip-serisi\/\">https:\/\/ipautomationinc.com\/i-p-series\/<\/a><br>Button_theme<br><br>Tek Par\u00e7a \u00c7oklu B\u00fckme Kafal\u0131 3D CNC Tel B\u00fckme Makinas\u0131<br><br><h5>iP tek par\u00e7a CNC tel b\u00fckme makinesi, d\u00fc\u015f\u00fck hacimli uygulamalar i\u00e7in \u00e7ok y\u00f6nl\u00fcl\u00fck ve esneklik gerektiren zorlu par\u00e7alar\u0131n\u0131z\u0131n ve par\u00e7a kar\u0131\u015f\u0131mlar\u0131n\u0131z\u0131n i\u015flenmesini kolayla\u015ft\u0131rmak \u00fczere tasarlanm\u0131\u015ft\u0131r.<\/h5><br><br><br><br>2,5-16mm* Tel \u00c7ap\u0131<br><br>Egzoz ask\u0131lar\u0131, y\u00fcksek kar\u0131\u015f\u0131ml\u0131 d\u00fc\u015f\u00fck hacimli par\u00e7alar, \u0131s\u0131tma elemanlar\u0131 ve kapal\u0131 u\u00e7 d\u00f6ng\u00fc par\u00e7alar\u0131 i\u00e7in m\u00fckemmeldir<br><br>Tek veya \u00e7ift b\u00fck\u00fcml\u00fc ba\u015fl\u0131klar<br><br><br>Ba\u015fl\u0131k + a\u00e7\u0131klama<br>tekrar yok;sol \u00fcst;;<br>Oto<br>20 piksel<br>0 10%<br><br><\/p>","protected":false},"excerpt":{"rendered":"<p>Explore our range of single head CNC wire benders. I-SC series companct single head CNC wire bender, 2-8mm wire diameter.<span class=\"excerpt-hellip\"> [\u2026]<\/span><\/p>\n","protected":false},"author":3,"featured_media":0,"parent":0,"menu_order":0,"comment_status":"closed","ping_status":"closed","template":"","meta":{"footnotes":""},"class_list":["post-1342","page","type-page","status-publish","hentry"],"yoast_head":"<!-- This site is optimized with the Yoast SEO plugin v27.3 - https:\/\/yoast.com\/product\/yoast-seo-wordpress\/ -->\n<title>Single Head CNC Wire Benders | IP Automation Inc<\/title>\n<meta name=\"description\" content=\"Explore our selection of 3D Single Head CNC Wire Benders to find the perfect one for you. Quality made in the USA machinery.\" \/>\n<meta name=\"robots\" content=\"index, follow, max-snippet:-1, max-image-preview:large, max-video-preview:-1\" \/>\n<link rel=\"canonical\" href=\"https:\/\/ipautomationinc.com\/tr\/tek-kafali-cnc-tel-bukme-makineleri\/\" \/>\n<meta property=\"og:locale\" content=\"tr_TR\" \/>\n<meta property=\"og:type\" content=\"article\" \/>\n<meta property=\"og:title\" content=\"Single Head CNC Wire Benders | IP Automation Inc\" \/>\n<meta property=\"og:description\" content=\"Explore our selection of 3D Single Head CNC Wire Benders to find the perfect one for you. Quality made in the USA machinery.\" \/>\n<meta property=\"og:url\" content=\"https:\/\/ipautomationinc.com\/tr\/tek-kafali-cnc-tel-bukme-makineleri\/\" \/>\n<meta property=\"og:site_name\" content=\"IP Automation Inc\" \/>\n<meta property=\"article:publisher\" content=\"https:\/\/www.facebook.com\/ipautomationinc\/\" \/>\n<meta property=\"article:modified_time\" content=\"2026-04-01T18:58:47+00:00\" \/>\n<meta property=\"og:image\" content=\"https:\/\/ipautomationinc.com\/wp-content\/uploads\/2025\/09\/i8-SC-RGB.png#38241\" \/>\n<script type=\"application\/ld+json\" class=\"yoast-schema-graph\">{\"@context\":\"https:\\\/\\\/schema.org\",\"@graph\":[{\"@type\":\"WebPage\",\"@id\":\"https:\\\/\\\/ipautomationinc.com\\\/single-head-cnc-wire-benders\\\/\",\"url\":\"https:\\\/\\\/ipautomationinc.com\\\/single-head-cnc-wire-benders\\\/\",\"name\":\"Single Head CNC Wire Benders | IP Automation Inc\",\"isPartOf\":{\"@id\":\"https:\\\/\\\/ipautomationinc.com\\\/#website\"},\"primaryImageOfPage\":{\"@id\":\"https:\\\/\\\/ipautomationinc.com\\\/single-head-cnc-wire-benders\\\/#primaryimage\"},\"image\":{\"@id\":\"https:\\\/\\\/ipautomationinc.com\\\/single-head-cnc-wire-benders\\\/#primaryimage\"},\"thumbnailUrl\":\"https:\\\/\\\/ipautomationinc.com\\\/wp-content\\\/uploads\\\/2025\\\/09\\\/i8-SC-RGB.png#38241\",\"datePublished\":\"2022-07-07T18:16:55+00:00\",\"dateModified\":\"2026-04-01T18:58:47+00:00\",\"description\":\"Explore our selection of 3D Single Head CNC Wire Benders to find the perfect one for you. Quality made in the USA machinery.\",\"inLanguage\":\"tr\",\"potentialAction\":[{\"@type\":\"ReadAction\",\"target\":[\"https:\\\/\\\/ipautomationinc.com\\\/single-head-cnc-wire-benders\\\/\"]}]},{\"@type\":\"ImageObject\",\"inLanguage\":\"tr\",\"@id\":\"https:\\\/\\\/ipautomationinc.com\\\/single-head-cnc-wire-benders\\\/#primaryimage\",\"url\":\"https:\\\/\\\/ipautomationinc.com\\\/wp-content\\\/uploads\\\/2025\\\/09\\\/i8-SC-RGB.png#38241\",\"contentUrl\":\"https:\\\/\\\/ipautomationinc.com\\\/wp-content\\\/uploads\\\/2025\\\/09\\\/i8-SC-RGB.png#38241\"},{\"@type\":\"WebSite\",\"@id\":\"https:\\\/\\\/ipautomationinc.com\\\/#website\",\"url\":\"https:\\\/\\\/ipautomationinc.com\\\/\",\"name\":\"IP Automation Inc\",\"description\":\"Concept... Creation... Reality...\",\"publisher\":{\"@id\":\"https:\\\/\\\/ipautomationinc.com\\\/#organization\"},\"potentialAction\":[{\"@type\":\"SearchAction\",\"target\":{\"@type\":\"EntryPoint\",\"urlTemplate\":\"https:\\\/\\\/ipautomationinc.com\\\/?s={search_term_string}\"},\"query-input\":{\"@type\":\"PropertyValueSpecification\",\"valueRequired\":true,\"valueName\":\"search_term_string\"}}],\"inLanguage\":\"tr\"},{\"@type\":\"Organization\",\"@id\":\"https:\\\/\\\/ipautomationinc.com\\\/#organization\",\"name\":\"IP Automation Inc\",\"url\":\"https:\\\/\\\/ipautomationinc.com\\\/\",\"logo\":{\"@type\":\"ImageObject\",\"inLanguage\":\"tr\",\"@id\":\"https:\\\/\\\/ipautomationinc.com\\\/#\\\/schema\\\/logo\\\/image\\\/\",\"url\":\"https:\\\/\\\/ipautomationinc.com\\\/wp-content\\\/uploads\\\/2022\\\/05\\\/IPA-Favicon.png\",\"contentUrl\":\"https:\\\/\\\/ipautomationinc.com\\\/wp-content\\\/uploads\\\/2022\\\/05\\\/IPA-Favicon.png\",\"width\":513,\"height\":513,\"caption\":\"IP Automation Inc\"},\"image\":{\"@id\":\"https:\\\/\\\/ipautomationinc.com\\\/#\\\/schema\\\/logo\\\/image\\\/\"},\"sameAs\":[\"https:\\\/\\\/www.facebook.com\\\/ipautomationinc\\\/\",\"https:\\\/\\\/www.linkedin.com\\\/company\\\/ip-automation-inc\\\/\",\"https:\\\/\\\/www.youtube.com\\\/@IPAutomation\"]}]}<\/script>\n<!-- \/ Yoast SEO plugin. -->","yoast_head_json":{"title":"Tek Kafal\u0131 CNC Tel B\u00fckme Makineleri | IP Otomasyon A.\u015e.","description":"Size en uygun olan\u0131 bulmak i\u00e7in 3D Tek Kafal\u0131 CNC Tel B\u00fckme Makineleri se\u00e7eneklerimizi inceleyin. Kaliteli, ABD yap\u0131m\u0131 makineler.","robots":{"index":"index","follow":"follow","max-snippet":"max-snippet:-1","max-image-preview":"max-image-preview:large","max-video-preview":"max-video-preview:-1"},"canonical":"https:\/\/ipautomationinc.com\/tr\/tek-kafali-cnc-tel-bukme-makineleri\/","og_locale":"tr_TR","og_type":"article","og_title":"Single Head CNC Wire Benders | IP Automation Inc","og_description":"Explore our selection of 3D Single Head CNC Wire Benders to find the perfect one for you. Quality made in the USA machinery.","og_url":"https:\/\/ipautomationinc.com\/tr\/tek-kafali-cnc-tel-bukme-makineleri\/","og_site_name":"IP Automation Inc","article_publisher":"https:\/\/www.facebook.com\/ipautomationinc\/","article_modified_time":"2026-04-01T18:58:47+00:00","og_image":[{"url":"https:\/\/ipautomationinc.com\/wp-content\/uploads\/2025\/09\/i8-SC-RGB.png#38241","type":"","width":"","height":""}],"schema":{"@context":"https:\/\/schema.org","@graph":[{"@type":"WebPage","@id":"https:\/\/ipautomationinc.com\/single-head-cnc-wire-benders\/","url":"https:\/\/ipautomationinc.com\/single-head-cnc-wire-benders\/","name":"Tek Kafal\u0131 CNC Tel B\u00fckme Makineleri | IP Otomasyon A.\u015e.","isPartOf":{"@id":"https:\/\/ipautomationinc.com\/#website"},"primaryImageOfPage":{"@id":"https:\/\/ipautomationinc.com\/single-head-cnc-wire-benders\/#primaryimage"},"image":{"@id":"https:\/\/ipautomationinc.com\/single-head-cnc-wire-benders\/#primaryimage"},"thumbnailUrl":"https:\/\/ipautomationinc.com\/wp-content\/uploads\/2025\/09\/i8-SC-RGB.png#38241","datePublished":"2022-07-07T18:16:55+00:00","dateModified":"2026-04-01T18:58:47+00:00","description":"Size en uygun olan\u0131 bulmak i\u00e7in 3D Tek Kafal\u0131 CNC Tel B\u00fckme Makineleri se\u00e7eneklerimizi inceleyin. Kaliteli, ABD yap\u0131m\u0131 makineler.","inLanguage":"tr","potentialAction":[{"@type":"ReadAction","target":["https:\/\/ipautomationinc.com\/single-head-cnc-wire-benders\/"]}]},{"@type":"ImageObject","inLanguage":"tr","@id":"https:\/\/ipautomationinc.com\/single-head-cnc-wire-benders\/#primaryimage","url":"https:\/\/ipautomationinc.com\/wp-content\/uploads\/2025\/09\/i8-SC-RGB.png#38241","contentUrl":"https:\/\/ipautomationinc.com\/wp-content\/uploads\/2025\/09\/i8-SC-RGB.png#38241"},{"@type":"WebSite","@id":"https:\/\/ipautomationinc.com\/#website","url":"https:\/\/ipautomationinc.com\/","name":"IP Otomasyon A.\u015e.","description":"Konsept... Yarat\u0131l\u0131\u015f... Ger\u00e7eklik...","publisher":{"@id":"https:\/\/ipautomationinc.com\/#organization"},"potentialAction":[{"@type":"SearchAction","target":{"@type":"EntryPoint","urlTemplate":"https:\/\/ipautomationinc.com\/?s={search_term_string}"},"query-input":{"@type":"PropertyValueSpecification","valueRequired":true,"valueName":"search_term_string"}}],"inLanguage":"tr"},{"@type":"Organization","@id":"https:\/\/ipautomationinc.com\/#organization","name":"IP Otomasyon A.\u015e.","url":"https:\/\/ipautomationinc.com\/","logo":{"@type":"ImageObject","inLanguage":"tr","@id":"https:\/\/ipautomationinc.com\/#\/schema\/logo\/image\/","url":"https:\/\/ipautomationinc.com\/wp-content\/uploads\/2022\/05\/IPA-Favicon.png","contentUrl":"https:\/\/ipautomationinc.com\/wp-content\/uploads\/2022\/05\/IPA-Favicon.png","width":513,"height":513,"caption":"IP Automation Inc"},"image":{"@id":"https:\/\/ipautomationinc.com\/#\/schema\/logo\/image\/"},"sameAs":["https:\/\/www.facebook.com\/ipautomationinc\/","https:\/\/www.linkedin.com\/company\/ip-automation-inc\/","https:\/\/www.youtube.com\/@IPAutomation"]}]}},"_links":{"self":[{"href":"https:\/\/ipautomationinc.com\/tr\/wp-json\/wp\/v2\/pages\/1342","targetHints":{"allow":["GET"]}}],"collection":[{"href":"https:\/\/ipautomationinc.com\/tr\/wp-json\/wp\/v2\/pages"}],"about":[{"href":"https:\/\/ipautomationinc.com\/tr\/wp-json\/wp\/v2\/types\/page"}],"author":[{"embeddable":true,"href":"https:\/\/ipautomationinc.com\/tr\/wp-json\/wp\/v2\/users\/3"}],"replies":[{"embeddable":true,"href":"https:\/\/ipautomationinc.com\/tr\/wp-json\/wp\/v2\/comments?post=1342"}],"version-history":[{"count":3,"href":"https:\/\/ipautomationinc.com\/tr\/wp-json\/wp\/v2\/pages\/1342\/revisions"}],"predecessor-version":[{"id":39709,"href":"https:\/\/ipautomationinc.com\/tr\/wp-json\/wp\/v2\/pages\/1342\/revisions\/39709"}],"wp:attachment":[{"href":"https:\/\/ipautomationinc.com\/tr\/wp-json\/wp\/v2\/media?parent=1342"}],"curies":[{"name":"wp","href":"https:\/\/api.w.org\/{rel}","templated":true}]}}