{"id":1248,"date":"2022-06-16T16:54:35","date_gmt":"2022-06-16T21:54:35","guid":{"rendered":"https:\/\/ipautomationinc.com\/?page_id=1248"},"modified":"2026-02-24T10:12:40","modified_gmt":"2026-02-24T16:12:40","slug":"serisi-i-d-ms","status":"publish","type":"page","link":"https:\/\/ipautomationinc.com\/tr\/i-d-ms-series\/","title":{"rendered":"iD-MS Serisi \u00c7ok Kademeli CNC Tel B\u00fckme Makinas\u0131"},"content":{"rendered":"<h6 class=\"wp-block-heading\"><strong>iD-MS \u00e7ok a\u015famal\u0131 CNC tel b\u00fckme serisi, ayr\u0131 b\u00fckme i\u015flemleri gerektiren \u00f6zel y\u00fcksek hassasiyetli tel formlar\u0131 i\u00e7in tasarlanm\u0131\u015ft\u0131r. Banka havalesi mekanizmam\u0131z ve geli\u015fmi\u015f kontrol uzmanl\u0131\u011f\u0131m\u0131z kullan\u0131larak operasyonlar ayn\u0131 makine \u00fczerinde birden fazla a\u015famada e\u015f zamanl\u0131 olarak y\u00fcr\u00fct\u00fcl\u00fcr. iD-MS serisi, oranlarda azalma olmadan simetrik olmayan par\u00e7alar olu\u015fturma konusunda m\u00fckemmeldir. \u00c7e\u015fitli \u00f6zel kafa konfig\u00fcrasyonlar\u0131 ve tak\u0131mlarla yap\u0131land\u0131r\u0131labilir.<\/strong><\/h6>\n\n\n\n<p><span class=\"builder2seo\"><\/span>\u00c7ok Kademeli CNC Tel B\u00fckme Makineleri<br><br>i-D-MS Serisi<br><br><img decoding=\"async\" src=\"https:\/\/ipautomationinc.com\/wp-content\/uploads\/2022\/09\/i-D-MS-RGB-1.png\" alt=\"iD-MS \u00c7ok Kademeli CNC Tel B\u00fckme Makinas\u0131\"><br>400 piksel<br><br>Video i\u00e7in buray\u0131 t\u0131klay\u0131n<br><a href=\"https:\/\/ipautomationinc.com\/tr\/serisi-i-d-ms\/#video\">https:\/\/ipautomationinc.com\/i-d-ms-series\/#video<\/a><br>fas fa-oyun \u00e7emberi<br>Button_theme<br><br>Bro\u015f\u00fcr PDF&#039;si i\u00e7in buraya t\u0131klay\u0131n<br><a href=\"https:\/\/ipautomationinc.com\/wp-content\/uploads\/2025\/09\/2025-i-D-MS-Flyer.pdf\">https:\/\/ipautomationinc.com\/wp-content\/uploads\/2025\/09\/2025-i-D-MS-Flyer.pdf<\/a><br>fas fa-dosyas\u0131-pdf<br>Button_theme<br>https:\/\/ipautomationinc.com\/wp-content\/uploads\/2025\/09\/2025-i-D-MS-Flyer.pdf<br><br>1550,1549,1548,1547,1546<br>#0455B3<br>3px 3px 3px 3px<br><br><h4>iD-MS \u00e7ok a\u015famal\u0131 CNC tel b\u00fckme serisi, ayr\u0131 b\u00fckme i\u015flemleri gerektiren \u00f6zel y\u00fcksek hassasiyetli tel formlar\u0131 i\u00e7in tasarlanm\u0131\u015ft\u0131r. Banka havalesi mekanizmam\u0131z ve geli\u015fmi\u015f kontrol uzmanl\u0131\u011f\u0131m\u0131z kullan\u0131larak, i\u015flemler ayn\u0131 makinede birden fazla a\u015famada e\u015f zamanl\u0131 olarak ger\u00e7ekle\u015ftirilir. iD-MS serisi, oranlarda azalma olmadan simetrik olmayan par\u00e7alar olu\u015fturma konusunda m\u00fckemmeldir. \u00c7e\u015fitli \u00f6zel kafa konfig\u00fcrasyonlar\u0131 ve tak\u0131mlarla yap\u0131land\u0131r\u0131labilir. Daha \u00f6nce bu i\u015flemlerin iki makinede tamamlanmas\u0131 gerekiyordu. Geli\u015fmi\u015f tasar\u0131m\u0131m\u0131z, IP Automation Inc.&#039;in neden yar\u0131 mamulleri ak\u0131ll\u0131ca tasarlayarak ve s\u00fcre\u00e7leri birle\u015ftirerek yal\u0131n \u00fcretimde tel \u015fekillendirme lideri oldu\u011funu vurgulamaktad\u0131r.<\/h4><br><br><h3>Uygulamalar<\/h3><h4>Hassas Listeleme ve Oturma TelleriA\u015f\u0131r\u0131 kal\u0131plama i\u015flemleri i\u00e7in s\u0131k\u0131 toleransl\u0131 par\u00e7alar. <br><br><\/h4><br>#EBEBEB<br><br><img decoding=\"async\" src=\"https:\/\/ipautomationinc.com\/wp-content\/uploads\/2022\/09\/i-D-MS-RGB-1.png\" alt=\"iD-MS \u00c7ok Kademeli CNC Tel B\u00fckme Makinas\u0131\"><br>gelenek<br>100%<br><br>Video i\u00e7in buray\u0131 t\u0131klay\u0131n<br><a href=\"https:\/\/ipautomationinc.com\/tr\/serisi-i-d-ms\/#video\">https:\/\/ipautomationinc.com\/i-d-ms-series\/#video<\/a><br>fas fa-oyun \u00e7emberi<br>Button_theme<br><br>Bro\u015f\u00fcr PDF&#039;si i\u00e7in buraya t\u0131klay\u0131n<br><a href=\"https:\/\/ipautomationinc.com\/wp-content\/uploads\/2025\/09\/2025-i-D-MS-Flyer.pdf\">https:\/\/ipautomationinc.com\/wp-content\/uploads\/2025\/09\/2025-i-D-MS-Flyer.pdf<\/a><br>fas fa-dosyas\u0131-pdf<br>Button_theme<br>https:\/\/ipautomationinc.com\/wp-content\/uploads\/2025\/09\/2025-i-D-MS-Flyer.pdf<br><br>1550,1549,1548,1547,1546<br>#0455B3<br>3px 3px 3px 3px<br>gelenek<br>80%<br><br><h4>iD-MS (\u00c7ok a\u015famal\u0131) serisi, ayr\u0131 b\u00fckme i\u015flemleri gerektiren \u00f6zel y\u00fcksek hassasiyetli tel formlar\u0131 i\u00e7in tasarlanm\u0131\u015ft\u0131r. Banka havalesi mekanizmam\u0131z ve geli\u015fmi\u015f kontrol uzmanl\u0131\u011f\u0131m\u0131z kullan\u0131larak operasyonlar ayn\u0131 makine \u00fczerinde birden fazla a\u015famada e\u015f zamanl\u0131 olarak y\u00fcr\u00fct\u00fcl\u00fcr.<br><br>i-D-MS serisi, oranlarda azalma olmadan simetrik olmayan par\u00e7alar olu\u015fturma konusunda m\u00fckemmeldir. \u00c7e\u015fitli \u00f6zel kafa konfig\u00fcrasyonlar\u0131 ve tak\u0131mlarla yap\u0131land\u0131r\u0131labilir.<br><br>Daha \u00f6nce bu i\u015flemlerin iki makinede tamamlanmas\u0131 gerekiyordu. Geli\u015fmi\u015f tasar\u0131m\u0131m\u0131z, IP Automation Inc.&#039;in neden yar\u0131 mamulleri ak\u0131ll\u0131ca tasarlayarak ve s\u00fcre\u00e7leri birle\u015ftirerek yal\u0131n \u00fcretimde tel \u015fekillendirme lideri oldu\u011funu vurgulamaktad\u0131r. <\/h4><br><br><h3>Uygulamalar<\/h3><h4>Hassas Listeleme ve Oturma TelleriA\u015f\u0131r\u0131 kal\u0131plama i\u015flemleri i\u00e7in s\u0131k\u0131 toleransl\u0131 par\u00e7alar. <br><br><\/h4><br>#EBEBEB<br><br><br>Medya<br><br>;C;;<br><br>1493,1494,1491,1490,1495<br>b\u00fcy\u00fck<br><br><br>\u00d6zellikler<br><br>B\u00fckme<br>Programlama<br>Detaylar<br>Makine D\u00fczeni<br><br><br>\t20 Servo Axes:  X &#8211; feed, rotary straightener, C &#8211; cutter, Y &#8211; bender pin rotation (2X), Z &#8211; clamp &amp; rotate, U &#8211; tool pivot (2x),  P &#8211; bend head height (2X),  transfer<br><br>\t2 yar\u0131\u00e7apa kadar<br><br>IP Otomasyon m\u00fchendisleri ve CNC makineleri, t\u00fcm b\u00fckme kafalar\u0131, kesiciler ve tel besleme silindirlerini kendi b\u00fcnyesinde makul maliyetle ve h\u0131zl\u0131 geri d\u00f6n\u00fc\u015fle sunar<br><br><br><br><br>\t<a href=\"https:\/\/ipautomationinc.com\/tr\/makine-yetenekleri\/\">Intellibend yaz\u0131l\u0131m\u0131 <\/a> Windows 10 i\u015fletim sisteminde<br><br>Uzunluk-D\u00f6nme-A\u00e7\u0131 CNC program format\u0131<br><br>\tEntegre \u00fcretim kontrol paneli, toplu kontrol fonksiyonlar\u0131<br><br>\t21,5\u2033 \u00e7oklu dokunmatik ekran<br><br>\tVPN t\u00fcneli \u00fczerinden uzaktan ba\u011flant\u0131<br><br>\tEnd\u00fcstri 4.0 i\u00e7in OPC-UA protokol\u00fc<br><br>\t<br><br><br>Hazne y\u00fckl\u00fc tel ile mevcuttur<br><br>Do\u011frusal hareket kolu kapasitesiyle tel getirisi: 3000 lbs. (4500 lbs. se\u00e7ene\u011fi mevcut) <br><br>G\u00fcvenlik kilitleme kap\u0131l\u0131 7\u2032 (2,13 m) g\u00fcvenlik kafesi<br><br>Arbor tel d\u00fczle\u015ftirici<br><br>T\u00fcm besleme ve b\u00fckme tahrik sistemleri sertle\u015ftirilmi\u015f di\u015flilere sahiptir ve tamamen kapal\u0131d\u0131r.<br><br>2 tel boyutu i\u00e7in h\u0131zl\u0131 \u00e7evirmeli sertle\u015ftirilmi\u015f besleme silindirleri<br><br>Do\u011fruluk ve kayma tespiti i\u00e7in tel beslemede do\u011frusal kodlay\u0131c\u0131<br><br>Tel sabitleyici<br><br>Tekrar bilenebilir kesici kal\u0131p y\u00fczeyi<br><br>Programlanabilir geri \u00e7ekilebilir tel k\u0131lavuzlar\u0131<br><br>Yerinde e\u011fitim mevcut<br><br>Robotik entegrasyon yetene\u011fine sahip<br><br><br><div class=\"image_frame image_item scale-with-grid element_classes no_border hover-disable mfn-img-box\"  role=\"link\" aria-label=\"Ba\u011flant\u0131lar\u0131 i\u00e7eren resim\" tabindex=\"0\"><div class=\"image_wrapper\"><a href=\"https:\/\/ipautomationinc.com\/wp-content\/uploads\/2022\/07\/603-Front.png\" rel=\"prettyphoto\"   class=\"\"  tabindex=\"-1\" title=\"\"><div class=\"mask\"><\/div><img decoding=\"async\" class=\"scale-with-grid\" src=\"https:\/\/ipautomationinc.com\/wp-content\/uploads\/2022\/07\/603-Front.png\" fetchpriority=\"high\" alt=\"603 \u00d6n\" title=\"\" width=\"420\" height=\"419\" style=\"\"\/><\/a><div class=\"image_links\"><a href=\"https:\/\/ipautomationinc.com\/wp-content\/uploads\/2022\/07\/603-Front.png\" class=\"zoom\" rel=\"prettyphoto\" tabindex=\"-1\" aria-label=\"g\u00f6r\u00fcnt\u00fcy\u00fc yak\u0131nla\u015ft\u0131r\" title=\"\"><svg viewbox=\"0 0 26 26\"><defs><style>.path{fill:none;stroke:#333;stroke-miterlimit:10;stroke-width:1.5px;}<\/style><\/defs><circle cx=\"11.35\" cy=\"11.35\" r=\"6\" class=\"path\"\/><line x1=\"15.59\" y1=\"15.59\" x2=\"20.65\" y2=\"20.65\" class=\"path\"\/><\/svg><\/a><\/div><\/div><p class=\"wp-caption-text\">iD-MS \u00d6nden G\u00f6r\u00fcn\u00fcm<\/p><\/div>\n<br><br><br><br><div class=\"image_frame image_item scale-with-grid element_classes no_border hover-disable mfn-img-box\"  role=\"link\" aria-label=\"Ba\u011flant\u0131lar\u0131 i\u00e7eren resim\" tabindex=\"0\"><div class=\"image_wrapper\"><a href=\"https:\/\/ipautomationinc.com\/wp-content\/uploads\/2022\/07\/603-Top.png\" rel=\"prettyphoto\"   class=\"\"  tabindex=\"-1\" title=\"\"><div class=\"mask\"><\/div><img decoding=\"async\" class=\"scale-with-grid\" src=\"https:\/\/ipautomationinc.com\/wp-content\/uploads\/2022\/07\/603-Top.png\" fetchpriority=\"high\" alt=\"603 \u00dcst\" title=\"\" width=\"420\" height=\"430\" style=\"\"\/><\/a><div class=\"image_links\"><a href=\"https:\/\/ipautomationinc.com\/wp-content\/uploads\/2022\/07\/603-Top.png\" class=\"zoom\" rel=\"prettyphoto\" tabindex=\"-1\" aria-label=\"g\u00f6r\u00fcnt\u00fcy\u00fc yak\u0131nla\u015ft\u0131r\" title=\"\"><svg viewbox=\"0 0 26 26\"><defs><style>.path{fill:none;stroke:#333;stroke-miterlimit:10;stroke-width:1.5px;}<\/style><\/defs><circle cx=\"11.35\" cy=\"11.35\" r=\"6\" class=\"path\"\/><line x1=\"15.59\" y1=\"15.59\" x2=\"20.65\" y2=\"20.65\" class=\"path\"\/><\/svg><\/a><\/div><\/div><p class=\"wp-caption-text\">iD-MS \u00dcstten G\u00f6r\u00fcn\u00fcm<\/p><\/div>\n<br><br><br><br><div class=\"image_frame image_item scale-with-grid element_classes no_border hover-disable mfn-img-box\"  role=\"link\" aria-label=\"Ba\u011flant\u0131lar\u0131 i\u00e7eren resim\" tabindex=\"0\"><div class=\"image_wrapper\"><a href=\"https:\/\/ipautomationinc.com\/wp-content\/uploads\/2022\/07\/603-ISO.png\" rel=\"prettyphoto\"   class=\"\"  tabindex=\"-1\" title=\"\"><div class=\"mask\"><\/div><img decoding=\"async\" class=\"scale-with-grid\" src=\"https:\/\/ipautomationinc.com\/wp-content\/uploads\/2022\/07\/603-ISO.png\" fetchpriority=\"high\" alt=\"603 ISO\" title=\"\" width=\"300\" height=\"581\" style=\"\"\/><\/a><div class=\"image_links\"><a href=\"https:\/\/ipautomationinc.com\/wp-content\/uploads\/2022\/07\/603-ISO.png\" class=\"zoom\" rel=\"prettyphoto\" tabindex=\"-1\" aria-label=\"g\u00f6r\u00fcnt\u00fcy\u00fc yak\u0131nla\u015ft\u0131r\" title=\"\"><svg viewbox=\"0 0 26 26\"><defs><style>.path{fill:none;stroke:#333;stroke-miterlimit:10;stroke-width:1.5px;}<\/style><\/defs><circle cx=\"11.35\" cy=\"11.35\" r=\"6\" class=\"path\"\/><line x1=\"15.59\" y1=\"15.59\" x2=\"20.65\" y2=\"20.65\" class=\"path\"\/><\/svg><\/a><\/div><\/div><p class=\"wp-caption-text\">iD-MS \u0130zometrik G\u00f6r\u00fcn\u00fcm<\/p><\/div>\n<br>#EBEBEB<br>#222222<br><br><br>\u00d6zellikler<br><br><br><br><p>*Minimum ve maksimum \u00e7ap kapasitesi telin \u00e7ekme dayan\u0131m\u0131ndan etkilenir. Tel t\u00fcr\u00fcn\u00fcz i\u00e7in min\/maks aral\u0131\u011f\u0131n\u0131n a\u00e7\u0131kl\u0131\u011fa kavu\u015fturulmas\u0131 i\u00e7in bizimle ileti\u015fime ge\u00e7in.<\/p><br><br><br>Makine Se\u00e7enekleri<br><br>Ak\u0131ll\u0131 Robotik<br>\u00f6zelle\u015ftirilmi\u015f EOAT ile<br><img decoding=\"async\" src=\"https:\/\/ipautomationinc.com\/wp-content\/uploads\/2022\/06\/machine-options_robot.png#1271\" alt=\"makine-se\u00e7enekleri_robot\"><br><a href=\"https:\/\/ipautomationinc.com\/tr\/aksesuarlar\/robotik\/\">https:\/\/ipautomationinc.com\/accessories\/robotics\/<\/a><br>kutu \u00f6l\u00e7ekli<br>70%<br><br>iBW-45 Kaynak Makinesi<br>d\u00f6ner swager ile<br><img decoding=\"async\" src=\"https:\/\/ipautomationinc.com\/wp-content\/uploads\/2025\/08\/machine-options_iBW-45.png#38050\" alt=\"machine-options_iBW-45\"><br><a href=\"https:\/\/ipautomationinc.com\/tr\/aksesuarlar\/otomatik-kaynakcilar\/\">https:\/\/ipautomationinc.com\/accessories\/automated-welders\/<\/a><br>kutu \u00f6l\u00e7ekli<br>70%<br><br>So\u011fuk Ba\u015fl\u0131k<br><img decoding=\"async\" src=\"https:\/\/ipautomationinc.com\/wp-content\/uploads\/2022\/06\/machine-options_cold-heading.png#1266\" alt=\"makine-se\u00e7enekleri_so\u011fuk-ba\u015fl\u0131k\"><br>kutu \u00f6l\u00e7ekli<br>70%<br><br>Servo Pres<br><img decoding=\"async\" src=\"https:\/\/ipautomationinc.com\/wp-content\/uploads\/2022\/06\/machine-options_servo-press.png#1272\" alt=\"makine-options_servo-press\"><br>kutu \u00f6l\u00e7ekli<br>70%<br><br>Stres Giderme \u0130stasyonu<br><img decoding=\"async\" src=\"https:\/\/ipautomationinc.com\/wp-content\/uploads\/2022\/06\/machine-options_stress-relieving.png#1287\" alt=\"makine se\u00e7enekleri_stres giderici\"><br>kutu \u00f6l\u00e7ekli<br>70%<br><br>Kameral\u0131 Kontrol<br><img decoding=\"async\" src=\"https:\/\/ipautomationinc.com\/wp-content\/uploads\/2022\/06\/machine-options_vision-inspection-closeup.png#1305\" alt=\"makine-se\u00e7enekleri_vizyon-muayene-yak\u0131n \u00e7ekim\"><br>kutu \u00f6l\u00e7ekli<br>70%<br><br>Hemen Fiyat Al\u0131n!<br>ileri simge<br><a href=\"https:\/\/ipautomationinc.com\/tr\/bize-ulasin\/#form\">https:\/\/ipautomationinc.com\/contact-us\/#form<\/a><br>50 piksel<br><br>Di\u011fer CNC Tel B\u00fckme Makinalar\u0131<br><br><h4>Tek Kafal\u0131 Tel B\u00fckme Makineleri<\/h4><br><br><p><hr class=\"no_line\" style=\"margin: 0 auto 0px auto\"\/>\n <a href=\"https:\/\/ipautomationinc.com\/tr\/tek-kafali-cnc-tel-bukme-makineleri\/\"> <img decoding=\"async\" src=\"https:\/\/ipautomationinc.com\/wp-content\/uploads\/2023\/02\/i8-S-RGB-1.png\" alt=\"iS CNC Tel \u015eekillendirici\"> <\/a> <hr class=\"no_line\" style=\"margin: 0 auto 0px auto\"\/>\n <a class=\"mfn-link mfn-link-1\" href=\"\" style=\"\" data-hover=\"\"   ><span data-hover=\"\"><\/span><\/a><\/p><br>tekrar yok;sol \u00fcst;;<br>Oto<br><br><h4>2D Tel B\u00fck\u00fcc\u00fcler<\/h4><br><br><p><hr class=\"no_line\" style=\"margin: 0 auto 0px auto\"\/>\n <a href=\"https:\/\/ipautomationinc.com\/tr\/2-d-serisi\/\"> <img decoding=\"async\" src=\"https:\/\/ipautomationinc.com\/wp-content\/uploads\/2026\/02\/i10-S-2D-2D-CNC-Wire-Bending-Machine-With-Automated-Welder.png\" alt=\"2D tel b\u00fck\u00fcc\u00fc\"> <\/a> <hr class=\"no_line\" style=\"margin: 0 auto 0px auto\"\/>\n <a class=\"mfn-link mfn-link-1\" href=\"\" style=\"\" data-hover=\"\"   ><span data-hover=\"\"><\/span><\/a><\/p><br>tekrar yok;sol \u00fcst;;<br>Oto<br><br><\/p>","protected":false},"excerpt":{"rendered":"<p>The i-D-MS multi-stage CNC wire bender series is designed for specialized high precision wire forms requiring separate bending operations. Utilizing<span class=\"excerpt-hellip\"> [\u2026]<\/span><\/p>\n","protected":false},"author":3,"featured_media":0,"parent":0,"menu_order":0,"comment_status":"closed","ping_status":"closed","template":"","meta":{"footnotes":""},"class_list":["post-1248","page","type-page","status-publish","hentry"],"yoast_head":"<!-- This site is optimized with the Yoast SEO plugin v27.3 - https:\/\/yoast.com\/product\/yoast-seo-wordpress\/ -->\n<title>i-D-MS Series Multi-Stage CNC Wire Bender | IP Automation Inc<\/title>\n<meta name=\"description\" content=\"The i-D-MS (Multi-stage) series CNC Wire Bender is designed for specialized high precision wire forms requiring separate bending operations.\" \/>\n<meta name=\"robots\" content=\"index, follow, max-snippet:-1, max-image-preview:large, max-video-preview:-1\" \/>\n<link rel=\"canonical\" href=\"https:\/\/ipautomationinc.com\/tr\/serisi-i-d-ms\/\" \/>\n<meta property=\"og:locale\" content=\"tr_TR\" \/>\n<meta property=\"og:type\" content=\"article\" \/>\n<meta property=\"og:title\" content=\"i-D-MS Series Multi-Stage CNC Wire Bender | IP Automation Inc\" \/>\n<meta property=\"og:description\" content=\"The i-D-MS (Multi-stage) series CNC Wire Bender is designed for specialized high precision wire forms requiring separate bending operations.\" \/>\n<meta property=\"og:url\" content=\"https:\/\/ipautomationinc.com\/tr\/serisi-i-d-ms\/\" \/>\n<meta property=\"og:site_name\" content=\"IP Automation Inc\" \/>\n<meta property=\"article:publisher\" content=\"https:\/\/www.facebook.com\/ipautomationinc\/\" \/>\n<meta property=\"article:modified_time\" content=\"2026-02-24T16:12:40+00:00\" \/>\n<meta property=\"og:image\" content=\"https:\/\/ipautomationinc.com\/wp-content\/uploads\/2022\/09\/i-D-MS-RGB-1.png\" \/>\n<script type=\"application\/ld+json\" class=\"yoast-schema-graph\">{\"@context\":\"https:\\\/\\\/schema.org\",\"@graph\":[{\"@type\":\"WebPage\",\"@id\":\"https:\\\/\\\/ipautomationinc.com\\\/i-d-ms-series\\\/\",\"url\":\"https:\\\/\\\/ipautomationinc.com\\\/i-d-ms-series\\\/\",\"name\":\"i-D-MS Series Multi-Stage CNC Wire Bender | IP Automation Inc\",\"isPartOf\":{\"@id\":\"https:\\\/\\\/ipautomationinc.com\\\/#website\"},\"primaryImageOfPage\":{\"@id\":\"https:\\\/\\\/ipautomationinc.com\\\/i-d-ms-series\\\/#primaryimage\"},\"image\":{\"@id\":\"https:\\\/\\\/ipautomationinc.com\\\/i-d-ms-series\\\/#primaryimage\"},\"thumbnailUrl\":\"https:\\\/\\\/ipautomationinc.com\\\/wp-content\\\/uploads\\\/2022\\\/09\\\/i-D-MS-RGB-1.png\",\"datePublished\":\"2022-06-16T21:54:35+00:00\",\"dateModified\":\"2026-02-24T16:12:40+00:00\",\"description\":\"The i-D-MS (Multi-stage) series CNC Wire Bender is designed for specialized high precision wire forms requiring separate bending operations.\",\"inLanguage\":\"tr\",\"potentialAction\":[{\"@type\":\"ReadAction\",\"target\":[\"https:\\\/\\\/ipautomationinc.com\\\/i-d-ms-series\\\/\"]}]},{\"@type\":\"ImageObject\",\"inLanguage\":\"tr\",\"@id\":\"https:\\\/\\\/ipautomationinc.com\\\/i-d-ms-series\\\/#primaryimage\",\"url\":\"https:\\\/\\\/ipautomationinc.com\\\/wp-content\\\/uploads\\\/2022\\\/09\\\/i-D-MS-RGB-1.png\",\"contentUrl\":\"https:\\\/\\\/ipautomationinc.com\\\/wp-content\\\/uploads\\\/2022\\\/09\\\/i-D-MS-RGB-1.png\"},{\"@type\":\"WebSite\",\"@id\":\"https:\\\/\\\/ipautomationinc.com\\\/#website\",\"url\":\"https:\\\/\\\/ipautomationinc.com\\\/\",\"name\":\"IP Automation Inc\",\"description\":\"Concept... Creation... Reality...\",\"publisher\":{\"@id\":\"https:\\\/\\\/ipautomationinc.com\\\/#organization\"},\"potentialAction\":[{\"@type\":\"SearchAction\",\"target\":{\"@type\":\"EntryPoint\",\"urlTemplate\":\"https:\\\/\\\/ipautomationinc.com\\\/?s={search_term_string}\"},\"query-input\":{\"@type\":\"PropertyValueSpecification\",\"valueRequired\":true,\"valueName\":\"search_term_string\"}}],\"inLanguage\":\"tr\"},{\"@type\":\"Organization\",\"@id\":\"https:\\\/\\\/ipautomationinc.com\\\/#organization\",\"name\":\"IP Automation Inc\",\"url\":\"https:\\\/\\\/ipautomationinc.com\\\/\",\"logo\":{\"@type\":\"ImageObject\",\"inLanguage\":\"tr\",\"@id\":\"https:\\\/\\\/ipautomationinc.com\\\/#\\\/schema\\\/logo\\\/image\\\/\",\"url\":\"https:\\\/\\\/ipautomationinc.com\\\/wp-content\\\/uploads\\\/2022\\\/05\\\/IPA-Favicon.png\",\"contentUrl\":\"https:\\\/\\\/ipautomationinc.com\\\/wp-content\\\/uploads\\\/2022\\\/05\\\/IPA-Favicon.png\",\"width\":513,\"height\":513,\"caption\":\"IP Automation Inc\"},\"image\":{\"@id\":\"https:\\\/\\\/ipautomationinc.com\\\/#\\\/schema\\\/logo\\\/image\\\/\"},\"sameAs\":[\"https:\\\/\\\/www.facebook.com\\\/ipautomationinc\\\/\",\"https:\\\/\\\/www.linkedin.com\\\/company\\\/ip-automation-inc\\\/\",\"https:\\\/\\\/www.youtube.com\\\/@IPAutomation\"]}]}<\/script>\n<!-- \/ Yoast SEO plugin. -->","yoast_head_json":{"title":"iD-MS Serisi \u00c7ok Kademeli CNC Tel B\u00fckme Makinas\u0131 | IP Otomasyon A.\u015e.","description":"iD-MS (\u00c7ok a\u015famal\u0131) serisi CNC Tel B\u00fck\u00fcc\u00fc, ayr\u0131 b\u00fckme i\u015flemleri gerektiren \u00f6zel y\u00fcksek hassasiyetli tel formlar\u0131 i\u00e7in tasarlanm\u0131\u015ft\u0131r.","robots":{"index":"index","follow":"follow","max-snippet":"max-snippet:-1","max-image-preview":"max-image-preview:large","max-video-preview":"max-video-preview:-1"},"canonical":"https:\/\/ipautomationinc.com\/tr\/serisi-i-d-ms\/","og_locale":"tr_TR","og_type":"article","og_title":"i-D-MS Series Multi-Stage CNC Wire Bender | IP Automation Inc","og_description":"The i-D-MS (Multi-stage) series CNC Wire Bender is designed for specialized high precision wire forms requiring separate bending operations.","og_url":"https:\/\/ipautomationinc.com\/tr\/serisi-i-d-ms\/","og_site_name":"IP Automation Inc","article_publisher":"https:\/\/www.facebook.com\/ipautomationinc\/","article_modified_time":"2026-02-24T16:12:40+00:00","og_image":[{"url":"https:\/\/ipautomationinc.com\/wp-content\/uploads\/2022\/09\/i-D-MS-RGB-1.png","type":"","width":"","height":""}],"schema":{"@context":"https:\/\/schema.org","@graph":[{"@type":"WebPage","@id":"https:\/\/ipautomationinc.com\/i-d-ms-series\/","url":"https:\/\/ipautomationinc.com\/i-d-ms-series\/","name":"iD-MS Serisi \u00c7ok Kademeli CNC Tel B\u00fckme Makinas\u0131 | IP Otomasyon A.\u015e.","isPartOf":{"@id":"https:\/\/ipautomationinc.com\/#website"},"primaryImageOfPage":{"@id":"https:\/\/ipautomationinc.com\/i-d-ms-series\/#primaryimage"},"image":{"@id":"https:\/\/ipautomationinc.com\/i-d-ms-series\/#primaryimage"},"thumbnailUrl":"https:\/\/ipautomationinc.com\/wp-content\/uploads\/2022\/09\/i-D-MS-RGB-1.png","datePublished":"2022-06-16T21:54:35+00:00","dateModified":"2026-02-24T16:12:40+00:00","description":"iD-MS (\u00c7ok a\u015famal\u0131) serisi CNC Tel B\u00fck\u00fcc\u00fc, ayr\u0131 b\u00fckme i\u015flemleri gerektiren \u00f6zel y\u00fcksek hassasiyetli tel formlar\u0131 i\u00e7in tasarlanm\u0131\u015ft\u0131r.","inLanguage":"tr","potentialAction":[{"@type":"ReadAction","target":["https:\/\/ipautomationinc.com\/i-d-ms-series\/"]}]},{"@type":"ImageObject","inLanguage":"tr","@id":"https:\/\/ipautomationinc.com\/i-d-ms-series\/#primaryimage","url":"https:\/\/ipautomationinc.com\/wp-content\/uploads\/2022\/09\/i-D-MS-RGB-1.png","contentUrl":"https:\/\/ipautomationinc.com\/wp-content\/uploads\/2022\/09\/i-D-MS-RGB-1.png"},{"@type":"WebSite","@id":"https:\/\/ipautomationinc.com\/#website","url":"https:\/\/ipautomationinc.com\/","name":"IP Otomasyon A.\u015e.","description":"Konsept... Yarat\u0131l\u0131\u015f... Ger\u00e7eklik...","publisher":{"@id":"https:\/\/ipautomationinc.com\/#organization"},"potentialAction":[{"@type":"SearchAction","target":{"@type":"EntryPoint","urlTemplate":"https:\/\/ipautomationinc.com\/?s={search_term_string}"},"query-input":{"@type":"PropertyValueSpecification","valueRequired":true,"valueName":"search_term_string"}}],"inLanguage":"tr"},{"@type":"Organization","@id":"https:\/\/ipautomationinc.com\/#organization","name":"IP Otomasyon A.\u015e.","url":"https:\/\/ipautomationinc.com\/","logo":{"@type":"ImageObject","inLanguage":"tr","@id":"https:\/\/ipautomationinc.com\/#\/schema\/logo\/image\/","url":"https:\/\/ipautomationinc.com\/wp-content\/uploads\/2022\/05\/IPA-Favicon.png","contentUrl":"https:\/\/ipautomationinc.com\/wp-content\/uploads\/2022\/05\/IPA-Favicon.png","width":513,"height":513,"caption":"IP Automation Inc"},"image":{"@id":"https:\/\/ipautomationinc.com\/#\/schema\/logo\/image\/"},"sameAs":["https:\/\/www.facebook.com\/ipautomationinc\/","https:\/\/www.linkedin.com\/company\/ip-automation-inc\/","https:\/\/www.youtube.com\/@IPAutomation"]}]}},"_links":{"self":[{"href":"https:\/\/ipautomationinc.com\/tr\/wp-json\/wp\/v2\/pages\/1248","targetHints":{"allow":["GET"]}}],"collection":[{"href":"https:\/\/ipautomationinc.com\/tr\/wp-json\/wp\/v2\/pages"}],"about":[{"href":"https:\/\/ipautomationinc.com\/tr\/wp-json\/wp\/v2\/types\/page"}],"author":[{"embeddable":true,"href":"https:\/\/ipautomationinc.com\/tr\/wp-json\/wp\/v2\/users\/3"}],"replies":[{"embeddable":true,"href":"https:\/\/ipautomationinc.com\/tr\/wp-json\/wp\/v2\/comments?post=1248"}],"version-history":[{"count":3,"href":"https:\/\/ipautomationinc.com\/tr\/wp-json\/wp\/v2\/pages\/1248\/revisions"}],"predecessor-version":[{"id":39491,"href":"https:\/\/ipautomationinc.com\/tr\/wp-json\/wp\/v2\/pages\/1248\/revisions\/39491"}],"wp:attachment":[{"href":"https:\/\/ipautomationinc.com\/tr\/wp-json\/wp\/v2\/media?parent=1248"}],"curies":[{"name":"wp","href":"https:\/\/api.w.org\/{rel}","templated":true}]}}