{"id":1244,"date":"2022-06-16T16:18:04","date_gmt":"2022-06-16T21:18:04","guid":{"rendered":"https:\/\/ipautomationinc.com\/?page_id=1244"},"modified":"2026-02-24T10:08:44","modified_gmt":"2026-02-24T16:08:44","slug":"serisi-i-d","status":"publish","type":"page","link":"https:\/\/ipautomationinc.com\/tr\/i-d-series\/","title":{"rendered":"iD Serisi CNC Tel \u015eekillendirme Makinesi"},"content":{"rendered":"<h6 class=\"wp-block-heading\"><strong>iD serisi \u00e7ift kafal\u0131 3D CNC tel \u015fekillendirme makinesi, hassas b\u00fcy\u00fck tel \u00e7er\u00e7eveler gerektiren uygulamalar i\u00e7in ideal ve pop\u00fcler bir se\u00e7imdir. Tamamen elektrikli 16 Eksen ve 19 Eksen&#039;e kadar yap\u0131land\u0131r\u0131labilir, daha y\u00fcksek h\u0131z gerektiren veya boyutsal olarak tek bir kafada ta\u015f\u0131namayacak kadar b\u00fcy\u00fck olan otomotiv ve cihaz uygulamalar\u0131 i\u00e7in m\u00fckemmeldir. Benzersiz \u00e7apraz b\u00fckme kafalar\u0131m\u0131z b\u00fcy\u00fck yar\u0131\u00e7apl\u0131 b\u00fck\u00fcmler olu\u015fturman\u0131za olanak tan\u0131r ve patentli kelep\u00e7e sonsuz tel d\u00f6n\u00fc\u015f\u00fc sa\u011flar. \u00c7o\u011funlukla daha geli\u015fmi\u015f tel \u015fekillendirme kapasitesi sa\u011flamak i\u00e7in \u00e7evrimd\u0131\u015f\u0131 bir ikincil b\u00fck\u00fcc\u00fcyle Robotik olarak e\u015fle\u015ftirilir.<\/strong><\/h6>\n\n\n\n<p><span class=\"builder2seo\"><\/span>\u00c7ift Kafa CNC Tel \u015eekillendirme Makinesi<br><br>i-D Serisi<br><br><img decoding=\"async\" src=\"https:\/\/ipautomationinc.com\/wp-content\/uploads\/2024\/05\/NEW-i8-D-RGB.png#36635\" alt=\"YEN\u0130 i8-D RGB\"><br>iD CNC tel olu\u015fturucu<br>400 piksel<br><br>Video i\u00e7in buray\u0131 t\u0131klay\u0131n<br><a href=\"https:\/\/ipautomationinc.com\/tr\/serisi-i-d\/#video\">https:\/\/ipautomationinc.com\/i-d-series\/#video<\/a><br>fas fa-oyun \u00e7emberi<br>Button_theme<br><br>Bro\u015f\u00fcr PDF&#039;si i\u00e7in buraya t\u0131klay\u0131n<br><a href=\"https:\/\/ipautomationinc.com\/wp-content\/uploads\/2025\/09\/2025-i-D-Flyer.pdf\">https:\/\/ipautomationinc.com\/wp-content\/uploads\/2025\/09\/2025-i-D-Flyer.pdf<\/a><br>fas fa-dosyas\u0131-pdf<br>Button_theme<br>https:\/\/ipautomationinc.com\/wp-content\/uploads\/2025\/09\/2025-i-D-Flyer.pdf<br><br>166,185,191,170,255<br>#0455B3<br>3px 3px 3px 3px<br><br><h4>The i-D series double head 3D CNC wire forming machine is an ideal choice for applications requiring precise large wire forms. The all electric 16 Axis and configurable up to 19 Axis is perfect for automotive and appliance applications requiring greater speed or dimensionally too large to handle on a single head.Our unique traversing bend heads will allow you to create large radii bends and the patented clamp provides infinite wire rotation. Often Robotically paired with an off- line secondary bender to provide even more advanced wire forming capability.<\/h4><br><br><h3>Uygulamalar<\/h3><h4>Otomotiv Koltuk Kenar teli, Minder montaj \u00e7er\u00e7eveleri, Raf kenarlar\u0131, F\u0131r\u0131n Raflar\u0131 <\/h4><br>#EBEBEB<br><br><img decoding=\"async\" src=\"https:\/\/ipautomationinc.com\/wp-content\/uploads\/2024\/05\/NEW-i8-D-RGB.png#36635\" alt=\"YEN\u0130 i8-D RGB\"><br><br>Video i\u00e7in buray\u0131 t\u0131klay\u0131n<br><a href=\"https:\/\/ipautomationinc.com\/tr\/serisi-i-d\/#video\">https:\/\/ipautomationinc.com\/i-d-series\/#video<\/a><br>fas fa-oyun \u00e7emberi<br>Button_theme<br><br>Bro\u015f\u00fcr PDF&#039;si i\u00e7in buraya t\u0131klay\u0131n<br><a href=\"https:\/\/ipautomationinc.com\/wp-content\/uploads\/2025\/09\/2025-i-D-Flyer.pdf\">https:\/\/ipautomationinc.com\/wp-content\/uploads\/2025\/09\/2025-i-D-Flyer.pdf<\/a><br>fas fa-dosyas\u0131-pdf<br>Button_theme<br>https:\/\/ipautomationinc.com\/wp-content\/uploads\/2025\/09\/2025-i-D-Flyer.pdf<br><br>166,185,191,170,255<br>#0455B3<br>3px 3px 3px 3px<br>gelenek<br>80%<br><br><h4>The i-D series double head 3D CNC wire forming machine is an ideal choice for applications requiring precise large wire forms. The all electric 16 Axis and configurable up to 19 Axis is perfect for automotive and appliance applications requiring greater speed or dimensionally too large to handle on a single head.Our unique traversing bend heads will allow you to create large radii bends and the patented clamp provides infinite wire rotation. Often Robotically paired with an off- line secondary bender to provide even more advanced wire forming capability.<\/h4><br><br><h3>Uygulamalar<\/h3><h4>Otomotiv Koltuk Kenar Teli, Minder Montaj \u00c7er\u00e7eveleri, Raf Kenarlar\u0131, F\u0131r\u0131n Raflar\u0131 <\/h4><br>#EBEBEB<br><br><br>Medya<br><br>;C;;<br><br>i6-D Video<br><a href=\"https:\/\/player.vimeo.com\/video\/1018761944\">https:\/\/player.vimeo.com\/video\/1018761944<\/a><br>lightbox<br>Button_theme<br>exit-mfn-popup<br><br>1302,1301,1208,1300,1204<br>b\u00fcy\u00fck<br><br><br>\u00d6zellikler<br><br>B\u00fckme<br>Programlama<br>Detaylar<br>Makine D\u00fczeni<br><br><br>\t16-19 Servo Axes:  X &#8211; feed, rotary straightener, C &#8211; cutter, Y &#8211; bender pin rotation(2X) , Z &#8211; clamp &amp; rotate, U &#8211;  tool pivot (2x),  P &#8211; bend head height (2X),  transfer, <br><br>\t4 veya 8 b\u00fckme yar\u0131\u00e7ap\u0131<br><br>IP Otomasyon m\u00fchendisleri ve CNC makineleri, t\u00fcm b\u00fckme kafalar\u0131, kesiciler ve tel besleme silindirlerini kendi b\u00fcnyesinde makul maliyetle ve h\u0131zl\u0131 geri d\u00f6n\u00fc\u015fle sunar<br><br><br><br><br>\t<a href=\"https:\/\/ipautomationinc.com\/tr\/makine-yetenekleri\/\">Intellibend yaz\u0131l\u0131m\u0131 <\/a> Windows 10 i\u015fletim sisteminde<br><br>Uzunluk-D\u00f6nme-A\u00e7\u0131 CNC program format\u0131<br><br>\tGer\u00e7ek zamanl\u0131 oran ve toplu programlamaya sahip \u00fcretim kontrol paneli<br><br>\t21,5\u2033 \u00e7oklu dokunmatik ekran<br><br>\tVPN t\u00fcneli \u00fczerinden uzaktan ba\u011flant\u0131<br><br>\tEnd\u00fcstri 4.0 i\u00e7in OPC-UA protokol\u00fc<br><br>\u00d6zel G\/\u00c7 i\u015flevleri mevcuttur<br><br>\t<br><br><br>Do\u011frusal hareket kolu kapasitesiyle tel getirisi: 3000 lbs. dahil (4500 lbs. se\u00e7ene\u011fi mevcuttur) <br><br>G\u00fcvenlik kilitleme kap\u0131l\u0131 7\u2032 (2,13 m) g\u00fcvenlik kafesi<br><br>Arbor tel d\u00fczle\u015ftirici, programlanabilir<br><br>T\u00fcm besleme ve b\u00fckme tahrik sistemleri sertle\u015ftirilmi\u015f di\u015flilere sahiptir ve tamamen kapal\u0131d\u0131r.<br><br>2 tel boyutu i\u00e7in h\u0131zl\u0131 \u00e7evirmeli sertle\u015ftirilmi\u015f besleme silindirleri<br><br>Do\u011fruluk ve kayma tespiti i\u00e7in tel beslemede do\u011frusal kodlay\u0131c\u0131<br><br>Tekrar bilenebilir kesici kal\u0131p y\u00fczeyi<br><br>Programlanabilir geri \u00e7ekilebilir tel k\u0131lavuzlar\u0131<br><br>Yerinde e\u011fitim mevcut<br><br>Robotik entegrasyon yetene\u011fine sahip<br><br>\u0130ste\u011fe ba\u011fl\u0131 geri \u00e7ekilebilir merkez kelep\u00e7e<br><br><br><div class=\"image_frame image_item scale-with-grid element_classes no_border hover-disable mfn-img-box\"  role=\"link\" aria-label=\"Ba\u011flant\u0131lar\u0131 i\u00e7eren resim\" tabindex=\"0\"><div class=\"image_wrapper\"><a href=\"https:\/\/ipautomationinc.com\/wp-content\/uploads\/2022\/07\/605-top.png\" rel=\"prettyphoto\"   class=\"\"  tabindex=\"-1\" title=\"\"><div class=\"mask\"><\/div><img decoding=\"async\" class=\"scale-with-grid\" src=\"https:\/\/ipautomationinc.com\/wp-content\/uploads\/2022\/07\/605-top.png\" fetchpriority=\"high\" alt=\"605 \u00fcst\" title=\"\" width=\"300\" height=\"424\" style=\"\"\/><\/a><div class=\"image_links\"><a href=\"https:\/\/ipautomationinc.com\/wp-content\/uploads\/2022\/07\/605-top.png\" class=\"zoom\" rel=\"prettyphoto\" tabindex=\"-1\" aria-label=\"g\u00f6r\u00fcnt\u00fcy\u00fc yak\u0131nla\u015ft\u0131r\" title=\"\"><svg viewbox=\"0 0 26 26\"><defs><style>.path{fill:none;stroke:#333;stroke-miterlimit:10;stroke-width:1.5px;}<\/style><\/defs><circle cx=\"11.35\" cy=\"11.35\" r=\"6\" class=\"path\"\/><line x1=\"15.59\" y1=\"15.59\" x2=\"20.65\" y2=\"20.65\" class=\"path\"\/><\/svg><\/a><\/div><\/div><p class=\"wp-caption-text\">iD&#039;nin \u00dcstten G\u00f6r\u00fcn\u00fcm\u00fc<\/p><\/div>\n<br><br><br><br><div class=\"image_frame image_item scale-with-grid element_classes no_border hover-disable mfn-img-box\"  role=\"link\" aria-label=\"Ba\u011flant\u0131lar\u0131 i\u00e7eren resim\" tabindex=\"0\"><div class=\"image_wrapper\"><a href=\"https:\/\/ipautomationinc.com\/wp-content\/uploads\/2022\/07\/603-ISO-1.png\" rel=\"prettyphoto\"   class=\"\"  tabindex=\"-1\" title=\"\"><div class=\"mask\"><\/div><img decoding=\"async\" class=\"scale-with-grid\" src=\"https:\/\/ipautomationinc.com\/wp-content\/uploads\/2022\/07\/603-ISO-1.png\" fetchpriority=\"high\" alt=\"603 ISO\" title=\"\" width=\"300\" height=\"581\" style=\"\"\/><\/a><div class=\"image_links\"><a href=\"https:\/\/ipautomationinc.com\/wp-content\/uploads\/2022\/07\/603-ISO-1.png\" class=\"zoom\" rel=\"prettyphoto\" tabindex=\"-1\" aria-label=\"g\u00f6r\u00fcnt\u00fcy\u00fc yak\u0131nla\u015ft\u0131r\" title=\"\"><svg viewbox=\"0 0 26 26\"><defs><style>.path{fill:none;stroke:#333;stroke-miterlimit:10;stroke-width:1.5px;}<\/style><\/defs><circle cx=\"11.35\" cy=\"11.35\" r=\"6\" class=\"path\"\/><line x1=\"15.59\" y1=\"15.59\" x2=\"20.65\" y2=\"20.65\" class=\"path\"\/><\/svg><\/a><\/div><\/div><p class=\"wp-caption-text\">iD \u0130zometrik G\u00f6r\u00fcn\u00fcm<\/p><\/div>\n<br>#EBEBEB<br>#222222<br><br><br>\u00d6zellikler<br><br><br><br><p>*Minimum ve maksimum \u00e7ap kapasitesi telin \u00e7ekme dayan\u0131m\u0131ndan etkilenir. Tel t\u00fcr\u00fcn\u00fcz i\u00e7in min\/maks aral\u0131\u011f\u0131n\u0131n a\u00e7\u0131kl\u0131\u011fa kavu\u015fturulmas\u0131 i\u00e7in bizimle ileti\u015fime ge\u00e7in.<\/p><br><br><br>Makine Se\u00e7enekleri<br><br>Ak\u0131ll\u0131 Robotik<br>\u00f6zelle\u015ftirilmi\u015f EOAT ile<br><img decoding=\"async\" src=\"https:\/\/ipautomationinc.com\/wp-content\/uploads\/2022\/06\/machine-options_robot.png#1271\" alt=\"makine-se\u00e7enekleri_robot\"><br><a href=\"https:\/\/ipautomationinc.com\/tr\/aksesuarlar\/robotik\/\">https:\/\/ipautomationinc.com\/accessories\/robotics\/<\/a><br>kutu \u00f6l\u00e7ekli<br>70%<br><br>iBW-45 Kaynak Makinesi<br>d\u00f6ner swager ile<br><img decoding=\"async\" src=\"https:\/\/ipautomationinc.com\/wp-content\/uploads\/2025\/08\/machine-options_iBW-45.png#38050\" alt=\"machine-options_iBW-45\"><br><a href=\"https:\/\/ipautomationinc.com\/tr\/aksesuarlar\/otomatik-kaynakcilar\/\">https:\/\/ipautomationinc.com\/accessories\/automated-welders\/<\/a><br>kutu \u00f6l\u00e7ekli<br>70%<br><br>S\u0131kma Presi<br><img decoding=\"async\" src=\"https:\/\/ipautomationinc.com\/wp-content\/uploads\/2024\/08\/crimping-press-icon-crop.png#36758\" alt=\"crimping press icon crop\"><br><a href=\"https:\/\/ipautomationinc.com\/tr\/aksesuarlar\/kivirma-presi\/\">https:\/\/ipautomationinc.com\/accessories\/crimping-press\/<\/a><br>kutu \u00f6l\u00e7ekli<br>70%<br><br>\u00c7apraz B\u00fckme Ba\u015fl\u0131\u011f\u0131<br>eksen d\u0131\u015f\u0131 b\u00fckme ve b\u00fcy\u00fck kal\u0131p b\u00fckme i\u00e7in<br><img decoding=\"async\" src=\"https:\/\/ipautomationinc.com\/wp-content\/uploads\/2022\/06\/machine-options_traversing-bend.png#1324\" alt=\"makine-se\u00e7enekleri_traversing-bend\"><br>kutu \u00f6l\u00e7ekli<br>70%<br><br>Kameral\u0131 Kontrol<br><img decoding=\"async\" src=\"https:\/\/ipautomationinc.com\/wp-content\/uploads\/2022\/06\/machine-options_vision-inspection-closeup.png#1305\" alt=\"makine-se\u00e7enekleri_vizyon-muayene-yak\u0131n \u00e7ekim\"><br>kutu \u00f6l\u00e7ekli<br>70%<br><br>Servo Pres<br><img decoding=\"async\" src=\"https:\/\/ipautomationinc.com\/wp-content\/uploads\/2022\/06\/machine-options_servo-press.png#1272\" alt=\"makine-options_servo-press\"><br>kutu \u00f6l\u00e7ekli<br>70%<br><br>Stres Giderme \u0130stasyonu<br><img decoding=\"async\" src=\"https:\/\/ipautomationinc.com\/wp-content\/uploads\/2022\/06\/machine-options_stress-relieving.png#1287\" alt=\"makine se\u00e7enekleri_stres giderici\"><br>kutu \u00f6l\u00e7ekli<br>70%<br><br>Hemen Fiyat Al\u0131n!<br>ileri simge<br><a href=\"https:\/\/ipautomationinc.com\/tr\/bize-ulasin\/#form\">https:\/\/ipautomationinc.com\/contact-us\/#form<\/a><br>50 piksel<br><br>Di\u011fer CNC Tel B\u00fckme Makinalar\u0131<br><br><h4>Tek Kafal\u0131 Tel B\u00fckme Makineleri<\/h4><br><br><p><hr class=\"no_line\" style=\"margin: 0 auto 0px auto\"\/>\n <a href=\"https:\/\/ipautomationinc.com\/tr\/tek-kafali-cnc-tel-bukme-makineleri\/\"> <img decoding=\"async\" src=\"https:\/\/ipautomationinc.com\/wp-content\/uploads\/2023\/02\/i8-S-RGB-1.png\" alt=\"iS CNC Tel \u015eekillendirici\"> <\/a> <hr class=\"no_line\" style=\"margin: 0 auto 0px auto\"\/>\n <a class=\"mfn-link mfn-link-1\" href=\"\" style=\"\" data-hover=\"\"   ><span data-hover=\"\"><\/span><\/a><\/p><br>tekrar yok;sol \u00fcst;;<br>Oto<br><br><h4>2D Tel B\u00fck\u00fcc\u00fcler<\/h4><br><br><p><hr class=\"no_line\" style=\"margin: 0 auto 0px auto\"\/>\n <a href=\"https:\/\/ipautomationinc.com\/tr\/2-d-serisi\/\"> <img decoding=\"async\" src=\"https:\/\/ipautomationinc.com\/wp-content\/uploads\/2026\/02\/i10-S-2D-2D-CNC-Wire-Bending-Machine-With-Automated-Welder.png\" alt=\"2 boyutlu CNC tel b\u00fckme makinesi\"> <\/a> <hr class=\"no_line\" style=\"margin: 0 auto 0px auto\"\/>\n <a class=\"mfn-link mfn-link-1\" href=\"\" style=\"\" data-hover=\"\"   ><span data-hover=\"\"><\/span><\/a><\/p><br>tekrar yok;sol \u00fcst;;<br>Oto<br><br><\/p>","protected":false},"excerpt":{"rendered":"<p>The i-D series double head 3D CNC wire forming machine is an ideal and popular choice for applications requiring precise<span class=\"excerpt-hellip\"> [\u2026]<\/span><\/p>\n","protected":false},"author":3,"featured_media":0,"parent":0,"menu_order":0,"comment_status":"closed","ping_status":"closed","template":"","meta":{"footnotes":""},"class_list":["post-1244","page","type-page","status-publish","hentry"],"yoast_head":"<!-- This site is optimized with the Yoast SEO plugin v27.3 - https:\/\/yoast.com\/product\/yoast-seo-wordpress\/ -->\n<title>i-D Series CNC Wire Forming Machine | IP Automation Inc<\/title>\n<meta name=\"description\" content=\"The i-D series double head CNC wire forming machine is an ideal and popular choice for applications requiring precise large wire frames.\" \/>\n<meta name=\"robots\" content=\"index, follow, max-snippet:-1, max-image-preview:large, max-video-preview:-1\" \/>\n<link rel=\"canonical\" href=\"https:\/\/ipautomationinc.com\/tr\/serisi-i-d\/\" \/>\n<meta property=\"og:locale\" content=\"tr_TR\" \/>\n<meta property=\"og:type\" content=\"article\" \/>\n<meta property=\"og:title\" content=\"i-D Series CNC Wire Forming Machine | IP Automation Inc\" \/>\n<meta property=\"og:description\" content=\"The i-D series double head CNC wire forming machine is an ideal and popular choice for applications requiring precise large wire frames.\" \/>\n<meta property=\"og:url\" content=\"https:\/\/ipautomationinc.com\/tr\/serisi-i-d\/\" \/>\n<meta property=\"og:site_name\" content=\"IP Automation Inc\" \/>\n<meta property=\"article:publisher\" content=\"https:\/\/www.facebook.com\/ipautomationinc\/\" \/>\n<meta property=\"article:modified_time\" content=\"2026-02-24T16:08:44+00:00\" \/>\n<meta property=\"og:image\" content=\"https:\/\/ipautomationinc.com\/wp-content\/uploads\/2024\/05\/NEW-i8-D-RGB.png#36635\" \/>\n<script type=\"application\/ld+json\" class=\"yoast-schema-graph\">{\"@context\":\"https:\\\/\\\/schema.org\",\"@graph\":[{\"@type\":\"WebPage\",\"@id\":\"https:\\\/\\\/ipautomationinc.com\\\/i-d-series\\\/\",\"url\":\"https:\\\/\\\/ipautomationinc.com\\\/i-d-series\\\/\",\"name\":\"i-D Series CNC Wire Forming Machine | IP Automation Inc\",\"isPartOf\":{\"@id\":\"https:\\\/\\\/ipautomationinc.com\\\/#website\"},\"primaryImageOfPage\":{\"@id\":\"https:\\\/\\\/ipautomationinc.com\\\/i-d-series\\\/#primaryimage\"},\"image\":{\"@id\":\"https:\\\/\\\/ipautomationinc.com\\\/i-d-series\\\/#primaryimage\"},\"thumbnailUrl\":\"https:\\\/\\\/ipautomationinc.com\\\/wp-content\\\/uploads\\\/2024\\\/05\\\/NEW-i8-D-RGB.png#36635\",\"datePublished\":\"2022-06-16T21:18:04+00:00\",\"dateModified\":\"2026-02-24T16:08:44+00:00\",\"description\":\"The i-D series double head CNC wire forming machine is an ideal and popular choice for applications requiring precise large wire frames.\",\"inLanguage\":\"tr\",\"potentialAction\":[{\"@type\":\"ReadAction\",\"target\":[\"https:\\\/\\\/ipautomationinc.com\\\/i-d-series\\\/\"]}]},{\"@type\":\"ImageObject\",\"inLanguage\":\"tr\",\"@id\":\"https:\\\/\\\/ipautomationinc.com\\\/i-d-series\\\/#primaryimage\",\"url\":\"https:\\\/\\\/ipautomationinc.com\\\/wp-content\\\/uploads\\\/2024\\\/05\\\/NEW-i8-D-RGB.png#36635\",\"contentUrl\":\"https:\\\/\\\/ipautomationinc.com\\\/wp-content\\\/uploads\\\/2024\\\/05\\\/NEW-i8-D-RGB.png#36635\"},{\"@type\":\"WebSite\",\"@id\":\"https:\\\/\\\/ipautomationinc.com\\\/#website\",\"url\":\"https:\\\/\\\/ipautomationinc.com\\\/\",\"name\":\"IP Automation Inc\",\"description\":\"Concept... Creation... Reality...\",\"publisher\":{\"@id\":\"https:\\\/\\\/ipautomationinc.com\\\/#organization\"},\"potentialAction\":[{\"@type\":\"SearchAction\",\"target\":{\"@type\":\"EntryPoint\",\"urlTemplate\":\"https:\\\/\\\/ipautomationinc.com\\\/?s={search_term_string}\"},\"query-input\":{\"@type\":\"PropertyValueSpecification\",\"valueRequired\":true,\"valueName\":\"search_term_string\"}}],\"inLanguage\":\"tr\"},{\"@type\":\"Organization\",\"@id\":\"https:\\\/\\\/ipautomationinc.com\\\/#organization\",\"name\":\"IP Automation Inc\",\"url\":\"https:\\\/\\\/ipautomationinc.com\\\/\",\"logo\":{\"@type\":\"ImageObject\",\"inLanguage\":\"tr\",\"@id\":\"https:\\\/\\\/ipautomationinc.com\\\/#\\\/schema\\\/logo\\\/image\\\/\",\"url\":\"https:\\\/\\\/ipautomationinc.com\\\/wp-content\\\/uploads\\\/2022\\\/05\\\/IPA-Favicon.png\",\"contentUrl\":\"https:\\\/\\\/ipautomationinc.com\\\/wp-content\\\/uploads\\\/2022\\\/05\\\/IPA-Favicon.png\",\"width\":513,\"height\":513,\"caption\":\"IP Automation Inc\"},\"image\":{\"@id\":\"https:\\\/\\\/ipautomationinc.com\\\/#\\\/schema\\\/logo\\\/image\\\/\"},\"sameAs\":[\"https:\\\/\\\/www.facebook.com\\\/ipautomationinc\\\/\",\"https:\\\/\\\/www.linkedin.com\\\/company\\\/ip-automation-inc\\\/\",\"https:\\\/\\\/www.youtube.com\\\/@IPAutomation\"]}]}<\/script>\n<!-- \/ Yoast SEO plugin. -->","yoast_head_json":{"title":"iD Serisi CNC Tel \u015eekillendirme Makinesi | IP Otomasyon A.\u015e.","description":"iD serisi \u00e7ift kafal\u0131 CNC tel \u015fekillendirme makinesi, hassas b\u00fcy\u00fck tel \u00e7er\u00e7eveler gerektiren uygulamalar i\u00e7in ideal ve pop\u00fcler bir se\u00e7imdir.","robots":{"index":"index","follow":"follow","max-snippet":"max-snippet:-1","max-image-preview":"max-image-preview:large","max-video-preview":"max-video-preview:-1"},"canonical":"https:\/\/ipautomationinc.com\/tr\/serisi-i-d\/","og_locale":"tr_TR","og_type":"article","og_title":"i-D Series CNC Wire Forming Machine | IP Automation Inc","og_description":"The i-D series double head CNC wire forming machine is an ideal and popular choice for applications requiring precise large wire frames.","og_url":"https:\/\/ipautomationinc.com\/tr\/serisi-i-d\/","og_site_name":"IP Automation Inc","article_publisher":"https:\/\/www.facebook.com\/ipautomationinc\/","article_modified_time":"2026-02-24T16:08:44+00:00","og_image":[{"url":"https:\/\/ipautomationinc.com\/wp-content\/uploads\/2024\/05\/NEW-i8-D-RGB.png#36635","type":"","width":"","height":""}],"schema":{"@context":"https:\/\/schema.org","@graph":[{"@type":"WebPage","@id":"https:\/\/ipautomationinc.com\/i-d-series\/","url":"https:\/\/ipautomationinc.com\/i-d-series\/","name":"iD Serisi CNC Tel \u015eekillendirme Makinesi | IP Otomasyon A.\u015e.","isPartOf":{"@id":"https:\/\/ipautomationinc.com\/#website"},"primaryImageOfPage":{"@id":"https:\/\/ipautomationinc.com\/i-d-series\/#primaryimage"},"image":{"@id":"https:\/\/ipautomationinc.com\/i-d-series\/#primaryimage"},"thumbnailUrl":"https:\/\/ipautomationinc.com\/wp-content\/uploads\/2024\/05\/NEW-i8-D-RGB.png#36635","datePublished":"2022-06-16T21:18:04+00:00","dateModified":"2026-02-24T16:08:44+00:00","description":"iD serisi \u00e7ift kafal\u0131 CNC tel \u015fekillendirme makinesi, hassas b\u00fcy\u00fck tel \u00e7er\u00e7eveler gerektiren uygulamalar i\u00e7in ideal ve pop\u00fcler bir se\u00e7imdir.","inLanguage":"tr","potentialAction":[{"@type":"ReadAction","target":["https:\/\/ipautomationinc.com\/i-d-series\/"]}]},{"@type":"ImageObject","inLanguage":"tr","@id":"https:\/\/ipautomationinc.com\/i-d-series\/#primaryimage","url":"https:\/\/ipautomationinc.com\/wp-content\/uploads\/2024\/05\/NEW-i8-D-RGB.png#36635","contentUrl":"https:\/\/ipautomationinc.com\/wp-content\/uploads\/2024\/05\/NEW-i8-D-RGB.png#36635"},{"@type":"WebSite","@id":"https:\/\/ipautomationinc.com\/#website","url":"https:\/\/ipautomationinc.com\/","name":"IP Otomasyon A.\u015e.","description":"Konsept... Yarat\u0131l\u0131\u015f... Ger\u00e7eklik...","publisher":{"@id":"https:\/\/ipautomationinc.com\/#organization"},"potentialAction":[{"@type":"SearchAction","target":{"@type":"EntryPoint","urlTemplate":"https:\/\/ipautomationinc.com\/?s={search_term_string}"},"query-input":{"@type":"PropertyValueSpecification","valueRequired":true,"valueName":"search_term_string"}}],"inLanguage":"tr"},{"@type":"Organization","@id":"https:\/\/ipautomationinc.com\/#organization","name":"IP Otomasyon A.\u015e.","url":"https:\/\/ipautomationinc.com\/","logo":{"@type":"ImageObject","inLanguage":"tr","@id":"https:\/\/ipautomationinc.com\/#\/schema\/logo\/image\/","url":"https:\/\/ipautomationinc.com\/wp-content\/uploads\/2022\/05\/IPA-Favicon.png","contentUrl":"https:\/\/ipautomationinc.com\/wp-content\/uploads\/2022\/05\/IPA-Favicon.png","width":513,"height":513,"caption":"IP Automation Inc"},"image":{"@id":"https:\/\/ipautomationinc.com\/#\/schema\/logo\/image\/"},"sameAs":["https:\/\/www.facebook.com\/ipautomationinc\/","https:\/\/www.linkedin.com\/company\/ip-automation-inc\/","https:\/\/www.youtube.com\/@IPAutomation"]}]}},"_links":{"self":[{"href":"https:\/\/ipautomationinc.com\/tr\/wp-json\/wp\/v2\/pages\/1244","targetHints":{"allow":["GET"]}}],"collection":[{"href":"https:\/\/ipautomationinc.com\/tr\/wp-json\/wp\/v2\/pages"}],"about":[{"href":"https:\/\/ipautomationinc.com\/tr\/wp-json\/wp\/v2\/types\/page"}],"author":[{"embeddable":true,"href":"https:\/\/ipautomationinc.com\/tr\/wp-json\/wp\/v2\/users\/3"}],"replies":[{"embeddable":true,"href":"https:\/\/ipautomationinc.com\/tr\/wp-json\/wp\/v2\/comments?post=1244"}],"version-history":[{"count":3,"href":"https:\/\/ipautomationinc.com\/tr\/wp-json\/wp\/v2\/pages\/1244\/revisions"}],"predecessor-version":[{"id":39489,"href":"https:\/\/ipautomationinc.com\/tr\/wp-json\/wp\/v2\/pages\/1244\/revisions\/39489"}],"wp:attachment":[{"href":"https:\/\/ipautomationinc.com\/tr\/wp-json\/wp\/v2\/media?parent=1244"}],"curies":[{"name":"wp","href":"https:\/\/api.w.org\/{rel}","templated":true}]}}