{"id":1234,"date":"2022-06-16T14:54:40","date_gmt":"2022-06-16T19:54:40","guid":{"rendered":"https:\/\/ipautomationinc.com\/?page_id=1234"},"modified":"2026-03-31T15:29:37","modified_gmt":"2026-03-31T20:29:37","slug":"serisi-i-s-kare","status":"publish","type":"page","link":"https:\/\/ipautomationinc.com\/tr\/i-s-squared-series\/","title":{"rendered":"i-S\u00b2 Serisi 3D CNC Tel B\u00fckme Makinas\u0131"},"content":{"rendered":"<h6 class=\"wp-block-heading\"><strong>i-S\u00b2 serisi 3D CNC tel b\u00fckme makineleri, iS serisi tasar\u0131m\u0131m\u0131z\u0131 temel almaktad\u0131r ancak \u00e7apraz b\u00fckme eksenine monte edilmi\u015f ek bir b\u00fckme kafas\u0131 ekledik. \u0130kinci b\u00fckme kafas\u0131, tek bir kafa b\u00fckme makinesinde olu\u015fturulmas\u0131 imkans\u0131z olan \u00e7ok say\u0131da se\u00e7ene\u011fin \u00f6n\u00fcn\u00fc a\u00e7ar. Tek bir makinede burun ve mandrel b\u00fckme esnekli\u011fi inan\u0131lmaz \u00e7ok y\u00f6nl\u00fcl\u00fck sa\u011flar.<\/strong><\/h6>\n\n\n\n<p><\/p>\n\n\n\n<p><span class=\"builder2seo\"><\/span>\u00c7oklu B\u00fckme Kafal\u0131 CNC Tel B\u00fckme Makineleri<br><br>i-S\u00b2 Serisi<br><br><img decoding=\"async\" src=\"https:\/\/ipautomationinc.com\/wp-content\/uploads\/2024\/08\/i10-S\u00b2-rgb.png#36757\" alt=\"i10-S\u00b2-rgb\"><br>3D cnc tel b\u00fckme makinesi<br>400 piksel<br><br>Video i\u00e7in buray\u0131 t\u0131klay\u0131n<br><a href=\"https:\/\/ipautomationinc.com\/tr\/serisi-i-s-kare\/#video\">https:\/\/ipautomationinc.com\/i-s-squared-series\/#video<\/a><br>fas fa-oyun \u00e7emberi<br>Button_theme<br><br>Bro\u015f\u00fcr PDF&#039;si i\u00e7in buraya t\u0131klay\u0131n<br><a href=\"https:\/\/ipautomationinc.com\/wp-content\/uploads\/2025\/09\/2025-i-S-Squared-Bifold-Flyer.pdf\">https:\/\/ipautomationinc.com\/wp-content\/uploads\/2025\/09\/2025-i-S-Squared-Bifold-Flyer.pdf<\/a><br>fas fa-dosyas\u0131-pdf<br>Button_theme<br>https:\/\/ipautomationinc.com\/wp-content\/uploads\/2025\/09\/2025-i-S-Squared-Bifold-Flyer.pdf<br><br>261,260,262,251,246<br>#0455B3<br>3px 3px 3px 3px<br><br><h4>i-S\u00b2 serisi 3D CNC tel b\u00fckme makineleri, iS serisi tasar\u0131m\u0131m\u0131z\u0131 temel al\u0131r ancak \u00e7apraz b\u00fckme eksenine monte edilmi\u015f ek bir b\u00fckme kafas\u0131 ekledik. \u0130kinci b\u00fckme kafas\u0131, tek bir kafa b\u00fckme makinesinde olu\u015fturulmas\u0131 imkans\u0131z olan \u00e7ok say\u0131da se\u00e7ene\u011fin \u00f6n\u00fcn\u00fc a\u00e7ar. Tek bir makinede burun ve mandrel b\u00fckme esnekli\u011fi inan\u0131lmaz \u00e7ok y\u00f6nl\u00fcl\u00fck sa\u011flar. i-S\u00b2 3D CNC tel b\u00fckme makinesi ayn\u0131 zamanda hat i\u00e7i puanlama veya pah k\u0131rma se\u00e7eneklerimizin eklenmesiyle borular\u0131n bobinden b\u00fck\u00fclmesine de uygundur.<\/h4><br><br><h3>Uygulamalar<\/h3><h4>\u0130n\u015faat ba\u011flar\u0131, Otomotiv koltuklar\u0131 i\u00e7in tork \u00e7ubuklar\u0131, d\u0131\u015f mekan ve tar\u0131m ekipmanlar\u0131, HVAC, kollar, \u0131zgaralar, ba\u011flant\u0131lar, kancalar, Mobilya par\u00e7alar\u0131, POP ekran\u0131, raflar, Mandrel b\u00fck\u00fclm\u00fc\u015f par\u00e7alar ve b\u00fck\u00fclm\u00fc\u015f boru par\u00e7alar\u0131 gibi \u00e7ok say\u0131da 2 ve 3 boyutlu par\u00e7a fren hatlar\u0131, Hava kompres\u00f6r hatlar\u0131, so\u011futma borular\u0131 gibi bir bobin.<\/h4><br>#EBEBEB<br><br><img decoding=\"async\" src=\"https:\/\/ipautomationinc.com\/wp-content\/uploads\/2024\/08\/i10-S\u00b2-rgb.png#36757\" alt=\"i10-S\u00b2-rgb\"><br>3 boyutlu CNC tel b\u00fckme makinesi<br><br>Video i\u00e7in buray\u0131 t\u0131klay\u0131n<br><a href=\"https:\/\/ipautomationinc.com\/tr\/serisi-i-s-kare\/#video\">https:\/\/ipautomationinc.com\/i-s-squared-series\/#video<\/a><br>fas fa-oyun \u00e7emberi<br>Button_theme<br><br>Bro\u015f\u00fcr PDF&#039;si i\u00e7in buraya t\u0131klay\u0131n<br><a href=\"https:\/\/ipautomationinc.com\/wp-content\/uploads\/2025\/09\/2025-i-S-Squared-Bifold-Flyer.pdf\">https:\/\/ipautomationinc.com\/wp-content\/uploads\/2025\/09\/2025-i-S-Squared-Bifold-Flyer.pdf<\/a><br>fas fa-dosyas\u0131-pdf<br>Button_theme<br>https:\/\/ipautomationinc.com\/wp-content\/uploads\/2025\/09\/2025-i-S-Squared-Bifold-Flyer.pdf<br><br>261,260,262,251,246<br>#0455B3<br>3px 3px 3px 3px<br>gelenek<br>80%<br><br><h4>i-S\u00b2 serisi 3D CNC tel b\u00fckme makineleri, iS serisi tasar\u0131m\u0131m\u0131z\u0131 temel al\u0131r ancak \u00e7apraz b\u00fckme eksenine monte edilmi\u015f ek bir b\u00fckme kafas\u0131 ekledik. \u0130kinci b\u00fckme kafas\u0131, tek bir kafa b\u00fckme makinesinde olu\u015fturulmas\u0131 imkans\u0131z olan \u00e7ok say\u0131da se\u00e7ene\u011fin \u00f6n\u00fcn\u00fc a\u00e7ar. Tek bir makinede burun ve mandrel b\u00fckme esnekli\u011fi inan\u0131lmaz \u00e7ok y\u00f6nl\u00fcl\u00fck sa\u011flar. i-S\u00b2 3D CNC tel b\u00fckme makinesi ayn\u0131 zamanda hat i\u00e7i puanlama veya pah k\u0131rma se\u00e7eneklerimizin eklenmesiyle borular\u0131n bobinden b\u00fck\u00fclmesine de uygundur.<\/h4><br><br><h3>Uygulamalar<\/h3><h4>\u0130n\u015faat ba\u011flar\u0131, Otomotiv koltuklar\u0131 i\u00e7in tork \u00e7ubuklar\u0131, d\u0131\u015f mekan ve tar\u0131m ekipmanlar\u0131, HVAC, kollar, \u0131zgaralar, ba\u011flant\u0131lar, kancalar, Mobilya par\u00e7alar\u0131, POP ekran\u0131, raflar, Mandrel b\u00fck\u00fclm\u00fc\u015f par\u00e7alar ve b\u00fck\u00fclm\u00fc\u015f boru par\u00e7alar\u0131 gibi \u00e7ok say\u0131da 2 ve 3 boyutlu par\u00e7a fren hatlar\u0131, Hava kompres\u00f6r hatlar\u0131, so\u011futma borular\u0131 gibi bir bobin.<\/h4><br>#EBEBEB<br><br><br>Medya<br><br>;C;;<br><br>i13-S\u00b2 Video<br><a href=\"https:\/\/player.vimeo.com\/video\/1020329518\">https:\/\/player.vimeo.com\/video\/1020329518<\/a><br>lightbox<br>Button_theme<br>exit-mfn-popup<br><br>1309,1311,1671,35649,1204<br>b\u00fcy\u00fck<br><br><br>\u00d6zellikler<br><br>B\u00fckme<br>Programlama<br>Detaylar<br>Makine D\u00fczeni<br><br><br>\t8 Servo Axes: X-feed, Y &#8211; bender pin rotation, Z &#8211; arm rotation, T &#8211; center turret rotation, P &#8211; bend head height , C &#8211; cutter<br><br>\tAyarlanabilir b\u00fckme y\u00fcksekli\u011fi ve \u00e7ift taret ile 16&#039;ya kadar b\u00fckme yar\u0131\u00e7ap\u0131 m\u00fcmk\u00fcnd\u00fcr<br><br>IP Otomasyon m\u00fchendisleri ve CNC makineleri, t\u00fcm b\u00fckme kafalar\u0131, kesiciler ve tel besleme silindirlerini kendi b\u00fcnyesinde makul maliyetle ve h\u0131zl\u0131 geri d\u00f6n\u00fc\u015fle sunar<br><br><br><br><br>\t<a href=\"https:\/\/ipautomationinc.com\/tr\/makine-yetenekleri\/\">Intellibend yaz\u0131l\u0131m\u0131 <\/a> Windows 10 i\u015fletim sisteminde<br><br>Uzunluk-D\u00f6nme-A\u00e7\u0131 CNC program format\u0131<br><br>\tGer\u00e7ek zamanl\u0131 oran ve toplu programlamaya sahip \u00fcretim kontrol paneli<br><br>\t21,5\u2033 \u00c7oklu dokunmatik ekran<br><br>\tVPN t\u00fcneli \u00fczerinden uzaktan ba\u011flant\u0131<br><br>\tEnd\u00fcstri 4.0 i\u00e7in OPC-UA protokol\u00fc<br><br>\u00d6zel G\/\u00c7 i\u015flevleri mevcuttur<br><br>\t<br><br><br>Do\u011frusal hareket kolu kapasitesiyle tel getirisi: 3000 lbs. dahil (4500 lbs. se\u00e7ene\u011fi mevcuttur)<br><br>G\u00fcvenlik kilitleme kap\u0131l\u0131 7\u2032 (2,13 m) g\u00fcvenlik kafesi<br><br>Geni\u015f aral\u0131kl\u0131 \u00e7ift d\u00fczlemli tel d\u00fczle\u015ftirici<br><br>T\u00fcm besleme ve b\u00fckme tahrik sistemleri sertle\u015ftirilmi\u015f di\u015flilere sahiptir ve tamamen kapal\u0131d\u0131r.<br><br>2 tel boyutu i\u00e7in h\u0131zl\u0131 \u00e7evirmeli sertle\u015ftirilmi\u015f besleme silindirleri<br><br>Do\u011fruluk ve kayma tespiti i\u00e7in tel beslemede do\u011frusal kodlay\u0131c\u0131<br><br>Tel sabitleyici<br><br>Tekrar bilenebilir kesici kal\u0131p y\u00fczeyi<br><br>Yerinde e\u011fitim mevcut<br><br>Robotik entegrasyon yetene\u011fine sahip<br><br><br><div class=\"image_frame image_item scale-with-grid element_classes no_border hover-disable mfn-img-box\"  role=\"link\" aria-label=\"Ba\u011flant\u0131lar\u0131 i\u00e7eren resim\" tabindex=\"0\"><div class=\"image_wrapper\"><a href=\"https:\/\/ipautomationinc.com\/wp-content\/uploads\/2022\/07\/502-Front.png\" rel=\"prettyphoto\"   class=\"\"  tabindex=\"-1\" title=\"\"><div class=\"mask\"><\/div><img decoding=\"async\" class=\"scale-with-grid\" src=\"https:\/\/ipautomationinc.com\/wp-content\/uploads\/2022\/07\/502-Front.png\" fetchpriority=\"high\" alt=\"3 boyutlu cnc tel b\u00fckme makinesi d\u00fczeni\" title=\"\" width=\"380\" height=\"460\" style=\"\"\/><\/a><div class=\"image_links\"><a href=\"https:\/\/ipautomationinc.com\/wp-content\/uploads\/2022\/07\/502-Front.png\" class=\"zoom\" rel=\"prettyphoto\" tabindex=\"-1\" aria-label=\"g\u00f6r\u00fcnt\u00fcy\u00fc yak\u0131nla\u015ft\u0131r\" title=\"\"><svg viewbox=\"0 0 26 26\"><defs><style>.path{fill:none;stroke:#333;stroke-miterlimit:10;stroke-width:1.5px;}<\/style><\/defs><circle cx=\"11.35\" cy=\"11.35\" r=\"6\" class=\"path\"\/><line x1=\"15.59\" y1=\"15.59\" x2=\"20.65\" y2=\"20.65\" class=\"path\"\/><\/svg><\/a><\/div><\/div><p class=\"wp-caption-text\">i10-S\u00b2 \u00d6nden G\u00f6r\u00fcn\u00fcm<\/p><\/div>\n<br><br><br><br><div class=\"image_frame image_item scale-with-grid element_classes no_border hover-disable mfn-img-box\"  role=\"link\" aria-label=\"Ba\u011flant\u0131lar\u0131 i\u00e7eren resim\" tabindex=\"0\"><div class=\"image_wrapper\"><a href=\"https:\/\/ipautomationinc.com\/wp-content\/uploads\/2022\/07\/502-Top.png\" rel=\"prettyphoto\"   class=\"\"  tabindex=\"-1\" title=\"\"><div class=\"mask\"><\/div><img decoding=\"async\" class=\"scale-with-grid\" src=\"https:\/\/ipautomationinc.com\/wp-content\/uploads\/2022\/07\/502-Top.png\" fetchpriority=\"high\" alt=\"3 boyutlu cnc tel b\u00fckme makinesi d\u00fczeni\" title=\"\" width=\"380\" height=\"352\" style=\"\"\/><\/a><div class=\"image_links\"><a href=\"https:\/\/ipautomationinc.com\/wp-content\/uploads\/2022\/07\/502-Top.png\" class=\"zoom\" rel=\"prettyphoto\" tabindex=\"-1\" aria-label=\"g\u00f6r\u00fcnt\u00fcy\u00fc yak\u0131nla\u015ft\u0131r\" title=\"\"><svg viewbox=\"0 0 26 26\"><defs><style>.path{fill:none;stroke:#333;stroke-miterlimit:10;stroke-width:1.5px;}<\/style><\/defs><circle cx=\"11.35\" cy=\"11.35\" r=\"6\" class=\"path\"\/><line x1=\"15.59\" y1=\"15.59\" x2=\"20.65\" y2=\"20.65\" class=\"path\"\/><\/svg><\/a><\/div><\/div><p class=\"wp-caption-text\">i10-S\u00b2 \u00dcstten G\u00f6r\u00fcn\u00fcm<\/p><\/div>\n<br><br><br><br><div class=\"image_frame image_item scale-with-grid element_classes no_border hover-disable mfn-img-box\"  role=\"link\" aria-label=\"Ba\u011flant\u0131lar\u0131 i\u00e7eren resim\" tabindex=\"0\"><div class=\"image_wrapper\"><a href=\"https:\/\/ipautomationinc.com\/wp-content\/uploads\/2022\/07\/502-ISO.png\" rel=\"prettyphoto\"   class=\"\"  tabindex=\"-1\" title=\"\"><div class=\"mask\"><\/div><img decoding=\"async\" class=\"scale-with-grid\" src=\"https:\/\/ipautomationinc.com\/wp-content\/uploads\/2022\/07\/502-ISO.png\" fetchpriority=\"high\" alt=\"502 ISO\" title=\"\" width=\"380\" height=\"473\" style=\"\"\/><\/a><div class=\"image_links\"><a href=\"https:\/\/ipautomationinc.com\/wp-content\/uploads\/2022\/07\/502-ISO.png\" class=\"zoom\" rel=\"prettyphoto\" tabindex=\"-1\" aria-label=\"g\u00f6r\u00fcnt\u00fcy\u00fc yak\u0131nla\u015ft\u0131r\" title=\"\"><svg viewbox=\"0 0 26 26\"><defs><style>.path{fill:none;stroke:#333;stroke-miterlimit:10;stroke-width:1.5px;}<\/style><\/defs><circle cx=\"11.35\" cy=\"11.35\" r=\"6\" class=\"path\"\/><line x1=\"15.59\" y1=\"15.59\" x2=\"20.65\" y2=\"20.65\" class=\"path\"\/><\/svg><\/a><\/div><\/div><p class=\"wp-caption-text\">i10-S\u00b2 \u0130zometrik G\u00f6r\u00fcn\u00fcm<\/p><\/div>\n<br>#EBEBEB<br>#222222<br><br><br>\u00d6zellikler<br><br><br><br><p>*Minimum ve maksimum \u00e7ap kapasitesi telin \u00e7ekme dayan\u0131m\u0131ndan etkilenir. Tel t\u00fcr\u00fcn\u00fcz i\u00e7in min\/maks aral\u0131\u011f\u0131n\u0131n a\u00e7\u0131kl\u0131\u011fa kavu\u015fturulmas\u0131 i\u00e7in bizimle ileti\u015fime ge\u00e7in.<\/p><br><br><br>Makine Se\u00e7enekleri<br><br>Ak\u0131ll\u0131 Robotik<br>\u00f6zelle\u015ftirilmi\u015f EOAT ile<br><img decoding=\"async\" src=\"https:\/\/ipautomationinc.com\/wp-content\/uploads\/2022\/06\/machine-options_robot.png\" alt=\"makine-se\u00e7enekleri_robot\"><br><a href=\"https:\/\/ipautomationinc.com\/tr\/aksesuarlar\/robotik\/\">https:\/\/ipautomationinc.com\/accessories\/robotics\/<\/a><br>kutu \u00f6l\u00e7ekli<br>70%<br><br>iFM \u0130\u015fleme Merkezi<br><img decoding=\"async\" src=\"https:\/\/ipautomationinc.com\/wp-content\/uploads\/2023\/11\/ifm-icon-1.png#35422\" alt=\"ifm simgesi\"><br><a href=\"https:\/\/ipautomationinc.com\/tr\/aksesuarlar\/isleme-merkezi\/\">https:\/\/ipautomationinc.com\/accessories\/machining-center\/<\/a><br>kutu \u00f6l\u00e7ekli<br>70%<br><br>Hat \u0130\u00e7i Pah K\u0131rma<br><img decoding=\"async\" src=\"https:\/\/ipautomationinc.com\/wp-content\/uploads\/2024\/01\/internal-chamfer.png#35611\" alt=\"internal chamfer\"><br><a href=\"https:\/\/ipautomationinc.com\/tr\/aksesuarlar\/hat-ici-pah\/\">https:\/\/ipautomationinc.com\/accessories\/in-line-chamfer\/<\/a><br>kutu \u00f6l\u00e7ekli<br>70%<br><br>Pah K\u0131rma\/Matkap \u0130stasyonu<br><img decoding=\"async\" src=\"https:\/\/ipautomationinc.com\/wp-content\/uploads\/2024\/08\/chamfer-drill.png#36736\" alt=\"pah k\u0131rma matkab\u0131\"><br><a href=\"https:\/\/ipautomationinc.com\/tr\/aksesuarlar\/pah-kirma-matkabi\/\">https:\/\/ipautomationinc.com\/accessories\/chamfer-drill\/<\/a><br>kutu \u00f6l\u00e7ekli<br>70%<br><br>\u00c7apraz Besleyici\/D\u00fczle\u015ftirici<br><img decoding=\"async\" src=\"https:\/\/ipautomationinc.com\/wp-content\/uploads\/2022\/06\/machine-options_traversing-straightener.png\" alt=\"makine-se\u00e7enekleri_traversing-d\u00fczle\u015ftirici\"><br>kutu \u00f6l\u00e7ekli<br>70%<br><br>So\u011fuk Ba\u015fl\u0131k<br><img decoding=\"async\" src=\"https:\/\/ipautomationinc.com\/wp-content\/uploads\/2022\/06\/machine-options_cold-heading.png\" alt=\"makine-se\u00e7enekleri_so\u011fuk-ba\u015fl\u0131k\"><br>kutu \u00f6l\u00e7ekli<br>70%<br><br>Stres Giderme \u0130stasyonu<br><img decoding=\"async\" src=\"https:\/\/ipautomationinc.com\/wp-content\/uploads\/2022\/06\/machine-options_stress-relieving.png\" alt=\"makine se\u00e7enekleri_stres giderici\"><br>kutu \u00f6l\u00e7ekli<br>70%<br><br>Servo Pres<br><img decoding=\"async\" src=\"https:\/\/ipautomationinc.com\/wp-content\/uploads\/2022\/06\/machine-options_servo-press.png\" alt=\"makine-options_servo-press\"><br>kutu \u00f6l\u00e7ekli<br>70%<br><br>Kameral\u0131 Kontrol<br><img decoding=\"async\" src=\"https:\/\/ipautomationinc.com\/wp-content\/uploads\/2022\/06\/machine-options_vision-inspection-closeup.png\" alt=\"makine-se\u00e7enekleri_vizyon-muayene-yak\u0131n \u00e7ekim\"><br>kutu \u00f6l\u00e7ekli<br>70%<br><br>Hemen Fiyat Al\u0131n!<br>ileri simge<br><a href=\"https:\/\/ipautomationinc.com\/tr\/bize-ulasin\/#form\">https:\/\/ipautomationinc.com\/contact-us\/#form<\/a><br>50 piksel<br><br>Di\u011fer CNC Tel B\u00fckme Makinalar\u0131<br><br><h4>i-S\u00b2-P Serisi<\/h4><br><br><p><hr class=\"no_line\" style=\"margin: 0 auto 0px auto\"\/>\n <a href=\"https:\/\/ipautomationinc.com\/tr\/serisi-i-s-kare-p\/\"> <img decoding=\"async\" src=\"https:\/\/ipautomationinc.com\/wp-content\/uploads\/2026\/02\/i10-S\u00b2-P-Single-Piece-3D-CNC-Wire-Bender.png\" alt=\"i-S\u00b2-P Tek Par\u00e7a CNC Tel \u015eekillendirici\"> <\/a> <hr class=\"no_line\" style=\"margin: 0 auto 0px auto\"\/>\n<\/p><br><br><p>S\u00b2-P serisi, 2,5-13 mm aras\u0131ndaki zorlu tel \u015fekillendirme i\u015flemlerini kolayla\u015ft\u0131rmak i\u00e7in tasarlanm\u0131\u015ft\u0131r.<\/p><br><br><a class=\"mfn-link mfn-link-1\" href=\"\" style=\"\" data-hover=\"\"   ><span data-hover=\"\"><\/span><\/a><br>tekrar yok;sol \u00fcst;;<br>Oto<br><br><h4>i-S Serisi<\/h4><br><br><p><hr class=\"no_line\" style=\"margin: 0 auto 0px auto\"\/>\n <a href=\"https:\/\/ipautomationinc.com\/tr\/serisi-i-s\/\"> <img decoding=\"async\" src=\"https:\/\/ipautomationinc.com\/wp-content\/uploads\/2023\/02\/i8-S-RGB-1.png\" alt=\"iS CNC Tel \u015eekillendirici\"> <\/a> <hr class=\"no_line\" style=\"margin: 0 auto 0px auto\"\/>\n<\/p><br><br><p>S serisi, 2-16 mm aras\u0131 3D tel formlar\u0131 i\u00e7in hassas bir \u00e7al\u0131\u015fma \u00fcnitesidir<\/p><br><br><a class=\"mfn-link mfn-link-1\" href=\"\" style=\"\" data-hover=\"\"   ><span data-hover=\"\"><\/span><\/a><br>tekrar yok;sol \u00fcst;;<br>Oto<br><br><h4>i-SC Serisi<\/h4><br><br><p><hr class=\"no_line\" style=\"margin: 0 auto 0px auto\"\/>\n <a href=\"https:\/\/ipautomationinc.com\/tr\/serisi-i-sc\/\"> <img decoding=\"async\" src=\"https:\/\/ipautomationinc.com\/wp-content\/uploads\/2025\/09\/i8-SC-RGB.png\" alt=\"\"> <\/a> <hr class=\"no_line\" style=\"margin: 0 auto 0px auto\"\/>\n<\/p><br><br><p>SC serisi, 2-8 mm telden daha k\u0131sa 3D tel formlar\u0131 i\u00e7in m\u00fckemmel bir makinedir<\/p><br><br><a class=\"mfn-link mfn-link-1\" href=\"\" style=\"\" data-hover=\"\"   ><span data-hover=\"\"><\/span><\/a><br>tekrar yok;sol \u00fcst;;<br>Oto<br><br><\/p>","protected":false},"excerpt":{"rendered":"<p>The i-S\u00b2 series 3D CNC wire bending machines are based off of our i-S series design, but we added an<span class=\"excerpt-hellip\"> [\u2026]<\/span><\/p>\n","protected":false},"author":3,"featured_media":0,"parent":0,"menu_order":0,"comment_status":"closed","ping_status":"closed","template":"","meta":{"footnotes":""},"class_list":["post-1234","page","type-page","status-publish","hentry"],"yoast_head":"<!-- This site is optimized with the Yoast SEO plugin v27.3 - https:\/\/yoast.com\/product\/yoast-seo-wordpress\/ -->\n<title>i-S\u00b2 Series 3D CNC Wire Bending Machine | IP Automation Inc<\/title>\n<meta name=\"description\" content=\"The i-S\u00b2 3D CNC wire bending machine has an additional bend head mounted on a traverse bend axis. The second bend head opens a multitude of options for wire forms.\" \/>\n<meta name=\"robots\" content=\"index, follow, max-snippet:-1, max-image-preview:large, max-video-preview:-1\" \/>\n<link rel=\"canonical\" href=\"https:\/\/ipautomationinc.com\/tr\/serisi-i-s-kare\/\" \/>\n<meta property=\"og:locale\" content=\"tr_TR\" \/>\n<meta property=\"og:type\" content=\"article\" \/>\n<meta property=\"og:title\" content=\"i-S\u00b2 Series 3D CNC Wire Bending Machine | IP Automation Inc\" \/>\n<meta property=\"og:description\" content=\"The i-S\u00b2 3D CNC wire bending machine has an additional bend head mounted on a traverse bend axis. The second bend head opens a multitude of options for wire forms.\" \/>\n<meta property=\"og:url\" content=\"https:\/\/ipautomationinc.com\/tr\/serisi-i-s-kare\/\" \/>\n<meta property=\"og:site_name\" content=\"IP Automation Inc\" \/>\n<meta property=\"article:publisher\" content=\"https:\/\/www.facebook.com\/ipautomationinc\/\" \/>\n<meta property=\"article:modified_time\" content=\"2026-03-31T20:29:37+00:00\" \/>\n<meta property=\"og:image\" content=\"https:\/\/ipautomationinc.com\/wp-content\/uploads\/2022\/06\/machine-options_robot.png\" \/>\n<script type=\"application\/ld+json\" class=\"yoast-schema-graph\">{\"@context\":\"https:\\\/\\\/schema.org\",\"@graph\":[{\"@type\":\"WebPage\",\"@id\":\"https:\\\/\\\/ipautomationinc.com\\\/i-s-squared-series\\\/\",\"url\":\"https:\\\/\\\/ipautomationinc.com\\\/i-s-squared-series\\\/\",\"name\":\"i-S\u00b2 Series 3D CNC Wire Bending Machine | IP Automation Inc\",\"isPartOf\":{\"@id\":\"https:\\\/\\\/ipautomationinc.com\\\/#website\"},\"primaryImageOfPage\":{\"@id\":\"https:\\\/\\\/ipautomationinc.com\\\/i-s-squared-series\\\/#primaryimage\"},\"image\":{\"@id\":\"https:\\\/\\\/ipautomationinc.com\\\/i-s-squared-series\\\/#primaryimage\"},\"thumbnailUrl\":\"https:\\\/\\\/ipautomationinc.com\\\/wp-content\\\/uploads\\\/2022\\\/06\\\/machine-options_robot.png\",\"datePublished\":\"2022-06-16T19:54:40+00:00\",\"dateModified\":\"2026-03-31T20:29:37+00:00\",\"description\":\"The i-S\u00b2 3D CNC wire bending machine has an additional bend head mounted on a traverse bend axis. The second bend head opens a multitude of options for wire forms.\",\"inLanguage\":\"tr\",\"potentialAction\":[{\"@type\":\"ReadAction\",\"target\":[\"https:\\\/\\\/ipautomationinc.com\\\/i-s-squared-series\\\/\"]}]},{\"@type\":\"ImageObject\",\"inLanguage\":\"tr\",\"@id\":\"https:\\\/\\\/ipautomationinc.com\\\/i-s-squared-series\\\/#primaryimage\",\"url\":\"https:\\\/\\\/ipautomationinc.com\\\/wp-content\\\/uploads\\\/2022\\\/06\\\/machine-options_robot.png\",\"contentUrl\":\"https:\\\/\\\/ipautomationinc.com\\\/wp-content\\\/uploads\\\/2022\\\/06\\\/machine-options_robot.png\"},{\"@type\":\"WebSite\",\"@id\":\"https:\\\/\\\/ipautomationinc.com\\\/#website\",\"url\":\"https:\\\/\\\/ipautomationinc.com\\\/\",\"name\":\"IP Automation Inc\",\"description\":\"Concept... Creation... Reality...\",\"publisher\":{\"@id\":\"https:\\\/\\\/ipautomationinc.com\\\/#organization\"},\"potentialAction\":[{\"@type\":\"SearchAction\",\"target\":{\"@type\":\"EntryPoint\",\"urlTemplate\":\"https:\\\/\\\/ipautomationinc.com\\\/?s={search_term_string}\"},\"query-input\":{\"@type\":\"PropertyValueSpecification\",\"valueRequired\":true,\"valueName\":\"search_term_string\"}}],\"inLanguage\":\"tr\"},{\"@type\":\"Organization\",\"@id\":\"https:\\\/\\\/ipautomationinc.com\\\/#organization\",\"name\":\"IP Automation Inc\",\"url\":\"https:\\\/\\\/ipautomationinc.com\\\/\",\"logo\":{\"@type\":\"ImageObject\",\"inLanguage\":\"tr\",\"@id\":\"https:\\\/\\\/ipautomationinc.com\\\/#\\\/schema\\\/logo\\\/image\\\/\",\"url\":\"https:\\\/\\\/ipautomationinc.com\\\/wp-content\\\/uploads\\\/2022\\\/05\\\/IPA-Favicon.png\",\"contentUrl\":\"https:\\\/\\\/ipautomationinc.com\\\/wp-content\\\/uploads\\\/2022\\\/05\\\/IPA-Favicon.png\",\"width\":513,\"height\":513,\"caption\":\"IP Automation Inc\"},\"image\":{\"@id\":\"https:\\\/\\\/ipautomationinc.com\\\/#\\\/schema\\\/logo\\\/image\\\/\"},\"sameAs\":[\"https:\\\/\\\/www.facebook.com\\\/ipautomationinc\\\/\",\"https:\\\/\\\/www.linkedin.com\\\/company\\\/ip-automation-inc\\\/\",\"https:\\\/\\\/www.youtube.com\\\/@IPAutomation\"]}]}<\/script>\n<!-- \/ Yoast SEO plugin. -->","yoast_head_json":{"title":"i-S\u00b2 Serisi 3D CNC Tel B\u00fckme Makinesi | IP Otomasyon A.\u015e.","description":"i-S\u00b2 3D CNC tel b\u00fckme makinesinde \u00e7apraz b\u00fckme eksenine monte edilmi\u015f ek bir b\u00fckme kafas\u0131 bulunur. \u0130kinci b\u00fckme ba\u015fl\u0131\u011f\u0131 tel formlar\u0131 i\u00e7in \u00e7ok say\u0131da se\u00e7ene\u011fin \u00f6n\u00fcn\u00fc a\u00e7ar.","robots":{"index":"index","follow":"follow","max-snippet":"max-snippet:-1","max-image-preview":"max-image-preview:large","max-video-preview":"max-video-preview:-1"},"canonical":"https:\/\/ipautomationinc.com\/tr\/serisi-i-s-kare\/","og_locale":"tr_TR","og_type":"article","og_title":"i-S\u00b2 Series 3D CNC Wire Bending Machine | IP Automation Inc","og_description":"The i-S\u00b2 3D CNC wire bending machine has an additional bend head mounted on a traverse bend axis. The second bend head opens a multitude of options for wire forms.","og_url":"https:\/\/ipautomationinc.com\/tr\/serisi-i-s-kare\/","og_site_name":"IP Automation Inc","article_publisher":"https:\/\/www.facebook.com\/ipautomationinc\/","article_modified_time":"2026-03-31T20:29:37+00:00","og_image":[{"url":"https:\/\/ipautomationinc.com\/wp-content\/uploads\/2022\/06\/machine-options_robot.png","type":"","width":"","height":""}],"schema":{"@context":"https:\/\/schema.org","@graph":[{"@type":"WebPage","@id":"https:\/\/ipautomationinc.com\/i-s-squared-series\/","url":"https:\/\/ipautomationinc.com\/i-s-squared-series\/","name":"i-S\u00b2 Serisi 3D CNC Tel B\u00fckme Makinesi | IP Otomasyon A.\u015e.","isPartOf":{"@id":"https:\/\/ipautomationinc.com\/#website"},"primaryImageOfPage":{"@id":"https:\/\/ipautomationinc.com\/i-s-squared-series\/#primaryimage"},"image":{"@id":"https:\/\/ipautomationinc.com\/i-s-squared-series\/#primaryimage"},"thumbnailUrl":"https:\/\/ipautomationinc.com\/wp-content\/uploads\/2022\/06\/machine-options_robot.png","datePublished":"2022-06-16T19:54:40+00:00","dateModified":"2026-03-31T20:29:37+00:00","description":"i-S\u00b2 3D CNC tel b\u00fckme makinesinde \u00e7apraz b\u00fckme eksenine monte edilmi\u015f ek bir b\u00fckme kafas\u0131 bulunur. \u0130kinci b\u00fckme ba\u015fl\u0131\u011f\u0131 tel formlar\u0131 i\u00e7in \u00e7ok say\u0131da se\u00e7ene\u011fin \u00f6n\u00fcn\u00fc a\u00e7ar.","inLanguage":"tr","potentialAction":[{"@type":"ReadAction","target":["https:\/\/ipautomationinc.com\/i-s-squared-series\/"]}]},{"@type":"ImageObject","inLanguage":"tr","@id":"https:\/\/ipautomationinc.com\/i-s-squared-series\/#primaryimage","url":"https:\/\/ipautomationinc.com\/wp-content\/uploads\/2022\/06\/machine-options_robot.png","contentUrl":"https:\/\/ipautomationinc.com\/wp-content\/uploads\/2022\/06\/machine-options_robot.png"},{"@type":"WebSite","@id":"https:\/\/ipautomationinc.com\/#website","url":"https:\/\/ipautomationinc.com\/","name":"IP Otomasyon A.\u015e.","description":"Konsept... Yarat\u0131l\u0131\u015f... Ger\u00e7eklik...","publisher":{"@id":"https:\/\/ipautomationinc.com\/#organization"},"potentialAction":[{"@type":"SearchAction","target":{"@type":"EntryPoint","urlTemplate":"https:\/\/ipautomationinc.com\/?s={search_term_string}"},"query-input":{"@type":"PropertyValueSpecification","valueRequired":true,"valueName":"search_term_string"}}],"inLanguage":"tr"},{"@type":"Organization","@id":"https:\/\/ipautomationinc.com\/#organization","name":"IP Otomasyon A.\u015e.","url":"https:\/\/ipautomationinc.com\/","logo":{"@type":"ImageObject","inLanguage":"tr","@id":"https:\/\/ipautomationinc.com\/#\/schema\/logo\/image\/","url":"https:\/\/ipautomationinc.com\/wp-content\/uploads\/2022\/05\/IPA-Favicon.png","contentUrl":"https:\/\/ipautomationinc.com\/wp-content\/uploads\/2022\/05\/IPA-Favicon.png","width":513,"height":513,"caption":"IP Automation Inc"},"image":{"@id":"https:\/\/ipautomationinc.com\/#\/schema\/logo\/image\/"},"sameAs":["https:\/\/www.facebook.com\/ipautomationinc\/","https:\/\/www.linkedin.com\/company\/ip-automation-inc\/","https:\/\/www.youtube.com\/@IPAutomation"]}]}},"_links":{"self":[{"href":"https:\/\/ipautomationinc.com\/tr\/wp-json\/wp\/v2\/pages\/1234","targetHints":{"allow":["GET"]}}],"collection":[{"href":"https:\/\/ipautomationinc.com\/tr\/wp-json\/wp\/v2\/pages"}],"about":[{"href":"https:\/\/ipautomationinc.com\/tr\/wp-json\/wp\/v2\/types\/page"}],"author":[{"embeddable":true,"href":"https:\/\/ipautomationinc.com\/tr\/wp-json\/wp\/v2\/users\/3"}],"replies":[{"embeddable":true,"href":"https:\/\/ipautomationinc.com\/tr\/wp-json\/wp\/v2\/comments?post=1234"}],"version-history":[{"count":4,"href":"https:\/\/ipautomationinc.com\/tr\/wp-json\/wp\/v2\/pages\/1234\/revisions"}],"predecessor-version":[{"id":39520,"href":"https:\/\/ipautomationinc.com\/tr\/wp-json\/wp\/v2\/pages\/1234\/revisions\/39520"}],"wp:attachment":[{"href":"https:\/\/ipautomationinc.com\/tr\/wp-json\/wp\/v2\/media?parent=1234"}],"curies":[{"name":"wp","href":"https:\/\/api.w.org\/{rel}","templated":true}]}}