{"id":1227,"date":"2022-06-16T12:52:49","date_gmt":"2022-06-16T17:52:49","guid":{"rendered":"https:\/\/ipautomationinc.com\/?page_id=1227"},"modified":"2026-03-31T15:29:40","modified_gmt":"2026-03-31T20:29:40","slug":"serisi-i-s","status":"publish","type":"page","link":"https:\/\/ipautomationinc.com\/tr\/i-s-series\/","title":{"rendered":"iS Serisi 3D CNC Tel B\u00fckme Makinas\u0131"},"content":{"rendered":"<h6 class=\"wp-block-heading\"><strong>iS serisi 3D CNC tel b\u00fckme makinesi ak\u0131ll\u0131 bir i\u015f makinesidir. 3D makine sim\u00fclasyonuna sahip sezgisel Intellibend yaz\u0131l\u0131m\u0131 ve benzersiz makine \u00f6zellikleri onu rakiplerinden ay\u0131r\u0131yor. Tamamen elektrikli 6 eksenli tasar\u0131m, sistem karma\u015f\u0131kl\u0131\u011f\u0131n\u0131 azalt\u0131r ve performans\u0131, g\u00fcvenilirli\u011fi ve hassasiyeti art\u0131r\u0131r. 8&#039;e kadar b\u00fckme yar\u0131\u00e7ap\u0131ndan olu\u015fan bir dizi mevcuttur. Tamamen kapal\u0131, t\u00fcm di\u015flilerden olu\u015fan besleme ve b\u00fckme sistemiyle e\u015fle\u015ftirilen sa\u011flam servo kesme sistemi, g\u00fcvenilirlik ve az bak\u0131m sa\u011flar.<\/strong><\/h6>\n\n\n\n<p><\/p>\n\n\n\n<p><span class=\"builder2seo\"><\/span>Tek Kafa CNC Tel B\u00fckme Makineleri<br><br>i-S Serisi<br><br><img decoding=\"async\" src=\"https:\/\/ipautomationinc.com\/wp-content\/uploads\/2023\/02\/i8-S-RGB-1.png\" alt=\"i8-S RGB\"><br>i-SC 3D CNC tel b\u00fckme makinesi<br>400 piksel<br>320 piksel<br><br>Video i\u00e7in buray\u0131 t\u0131klay\u0131n<br><a href=\"https:\/\/ipautomationinc.com\/tr\/serisi-i-s\/#video\">https:\/\/ipautomationinc.com\/i-s-series\/#video<\/a><br>fas fa-oyun \u00e7emberi<br>Button_theme<br><br>Bro\u015f\u00fcr PDF&#039;si i\u00e7in buraya t\u0131klay\u0131n<br><a href=\"https:\/\/ipautomationinc.com\/wp-content\/uploads\/2025\/09\/2025-i-S-Bifold-Flyer.pdf\">https:\/\/ipautomationinc.com\/wp-content\/uploads\/2025\/09\/2025-i-S-Bifold-Flyer.pdf<\/a><br>fas fa-dosyas\u0131-pdf<br>Button_theme<br>https:\/\/ipautomationinc.com\/wp-content\/uploads\/2025\/09\/2025-i-S-Bifold-Flyer.pdf<br><br>261,260,262,251,246<br>#0455B3<br>3px 3px 3px 3px<br><br><h4>iS serisi 3D CNC tel b\u00fckme makinesi ak\u0131ll\u0131 bir i\u015f makinesidir. 3D makine sim\u00fclasyonuna sahip sezgisel Intellibend yaz\u0131l\u0131m\u0131 ve benzersiz makine \u00f6zellikleri onu rakiplerinden ay\u0131r\u0131yor. Tamamen elektrikli 6 eksenli tasar\u0131m, sistem karma\u015f\u0131kl\u0131\u011f\u0131n\u0131 azalt\u0131r ve performans\u0131, g\u00fcvenilirli\u011fi ve hassasiyeti art\u0131r\u0131r. 8&#039;e kadar b\u00fckme yar\u0131\u00e7ap\u0131ndan olu\u015fan bir dizi mevcuttur. Tamamen kapal\u0131 t\u00fcm di\u015fli besleme ve b\u00fckme sistemiyle e\u015fle\u015ftirilmi\u015f sa\u011flam servo kesme sistemi, g\u00fcvenilirlik ve az bak\u0131m sa\u011flar. \u00c7apraz besleme mekanizmas\u0131 gibi mevcut benzersiz se\u00e7enekleri tutarl\u0131l\u0131k sorunlar\u0131n\u0131z\u0131 \u00e7\u00f6zer. Pah k\u0131rma ve madeni para basma \u00fcniteleri ikincil i\u015flemleri hat i\u00e7ine getirir. Geli\u015fmi\u015f se\u00e7eneklerden olu\u015fan uzun bir liste, bu makineyi i\u015finizle birlikte b\u00fcy\u00fcyebilecek bir makine haline getirir. iS serisinin geni\u015f se\u00e7enek yelpazesi ve uygun fiyat\u0131, onu hem yeni ba\u015flayan hem de ileri d\u00fczey tel \u015fekillendirme \u015firketleri i\u00e7in m\u00fckemmel bir se\u00e7im haline getiriyor.<\/h4><br><br><h3>Uygulamalar<\/h3><h4>Klipsler, Tutucular, perakende POP ekran bile\u015fenleri, Kancalar, yaylar, Ask\u0131lar, Konekt\u00f6rler, Cihaz par\u00e7alar\u0131, y\u00fcz korumalar\u0131, kulplar<\/h4><br>#EBEBEB<br><br><img decoding=\"async\" src=\"https:\/\/ipautomationinc.com\/wp-content\/uploads\/2023\/02\/i8-S-RGB-1.png\" alt=\"i8-S RGB\"><br>iS 3D CNC tel b\u00fckme makinesi<br><br>Video i\u00e7in buray\u0131 t\u0131klay\u0131n<br><a href=\"https:\/\/ipautomationinc.com\/tr\/serisi-i-s\/#video\">https:\/\/ipautomationinc.com\/i-s-series\/#video<\/a><br>fas fa-oyun \u00e7emberi<br>Button_theme<br><br>Bro\u015f\u00fcr PDF&#039;si i\u00e7in buraya t\u0131klay\u0131n<br><a href=\"https:\/\/ipautomationinc.com\/wp-content\/uploads\/2025\/09\/2025-i-S-Bifold-Flyer.pdf\">https:\/\/ipautomationinc.com\/wp-content\/uploads\/2025\/09\/2025-i-S-Bifold-Flyer.pdf<\/a><br>fas fa-dosyas\u0131-pdf<br>Button_theme<br>https:\/\/ipautomationinc.com\/wp-content\/uploads\/2025\/09\/2025-i-S-Bifold-Flyer.pdf<br><br>261,260,262,251,246<br>#0455B3<br>3px 3px 3px 3px<br>gelenek<br>80%<br><br><h4>iS serisi 3D CNC tel b\u00fckme makinesi ak\u0131ll\u0131 bir i\u015f makinesidir. 3D makine sim\u00fclasyonuna sahip sezgisel Intellibend yaz\u0131l\u0131m\u0131 ve benzersiz makine \u00f6zellikleri onu rakiplerinden ay\u0131r\u0131yor. Tamamen elektrikli 6 eksenli tasar\u0131m, sistem karma\u015f\u0131kl\u0131\u011f\u0131n\u0131 azalt\u0131r ve performans\u0131, g\u00fcvenilirli\u011fi ve hassasiyeti art\u0131r\u0131r. 8&#039;e kadar b\u00fckme yar\u0131\u00e7ap\u0131ndan olu\u015fan bir dizi mevcuttur. Tamamen kapal\u0131 t\u00fcm di\u015fli besleme ve b\u00fckme sistemiyle e\u015fle\u015ftirilmi\u015f sa\u011flam servo kesme sistemi, g\u00fcvenilirlik ve az bak\u0131m sa\u011flar. \u00c7apraz besleme mekanizmas\u0131 gibi mevcut benzersiz se\u00e7enekleri tutarl\u0131l\u0131k sorunlar\u0131n\u0131z\u0131 \u00e7\u00f6zer. Pah k\u0131rma ve madeni para basma \u00fcniteleri ikincil i\u015flemleri hat i\u00e7ine getirir. Geli\u015fmi\u015f se\u00e7eneklerden olu\u015fan uzun bir liste, bu makineyi i\u015finizle birlikte b\u00fcy\u00fcyebilecek bir makine haline getirir. iS serisinin geni\u015f se\u00e7enek yelpazesi ve uygun fiyat\u0131, onu hem yeni ba\u015flayan hem de ileri d\u00fczey tel \u015fekillendirme \u015firketleri i\u00e7in m\u00fckemmel bir se\u00e7im haline getiriyor.<\/h4><br><br><h3>Uygulamalar<\/h3><br><br><h4>Klipsler, Tutucular, perakende POP ekran bile\u015fenleri, Kancalar, yaylar, Ask\u0131lar, Konekt\u00f6rler, Cihaz par\u00e7alar\u0131, y\u00fcz korumalar\u0131, kulplar<\/h4><br>#EBEBEB<br><br><br>Medya<br><br>;C;;<br><br>i13-S Videosu<br><a href=\"https:\/\/player.vimeo.com\/video\/739757520\">https:\/\/player.vimeo.com\/video\/739757520<\/a><br>lightbox<br>Button_theme<br>exit-mfn-popup<br><br>i20-S Videosu<br><a href=\"https:\/\/player.vimeo.com\/video\/952466343\">https:\/\/player.vimeo.com\/video\/952466343<\/a><br>lightbox<br>Button_theme<br>exit-mfn-popup<br><br>1672,35650,1208,35649,1204<br>b\u00fcy\u00fck<br><br><br>\u00d6zellikler<br><br>B\u00fckme<br>Programlama<br>Detaylar<br>Makine D\u00fczeni<br><br><br>\t6 Servo Axes: X &#8211; feed, Y &#8211; bender pin rotation, Z &#8211; arm rotation, T &#8211; center turret rotation, P &#8211; bend head height , C &#8211; cutter<br><br>\tAyarlanabilir b\u00fckme y\u00fcksekli\u011fi ile 8&#039;e kadar b\u00fckme yar\u0131\u00e7ap\u0131 m\u00fcmk\u00fcnd\u00fcr<br><br>IP Otomasyon m\u00fchendisleri ve CNC makineleri, t\u00fcm b\u00fckme kafalar\u0131, kesiciler ve tel besleme silindirlerini kendi b\u00fcnyesinde makul maliyetle ve h\u0131zl\u0131 geri d\u00f6n\u00fc\u015fle sunar<br><br><br><br><br>\t<a href=\"https:\/\/ipautomationinc.com\/tr\/makine-yetenekleri\/\">Intellibend yaz\u0131l\u0131m\u0131 <\/a> 3D sim\u00fclasyonlu Windows 10 i\u015fletim sisteminde<br><br>Uzunluk-D\u00f6nme-A\u00e7\u0131 CNC program format\u0131<br><br>\tGer\u00e7ek zamanl\u0131 oran ve toplu programlamaya sahip \u00fcretim kontrol paneli<br><br>\t21,5\u2033 \u00c7oklu dokunmatik ekran<br><br>\tVPN t\u00fcneli \u00fczerinden uzaktan ba\u011flant\u0131<br><br>\tEnd\u00fcstri 4.0 i\u00e7in OPC-UA protokol\u00fc<br><br>\u00d6zel G\/\u00c7 i\u015flevleri mevcuttur<br><br>\t<br><br><br>Do\u011frusal hareket kolu kapasitesiyle tel getirisi: 3000 lbs. dahil (4500 lbs. se\u00e7ene\u011fi mevcuttur)<br><br>G\u00fcvenlik kilitleme kap\u0131l\u0131 7\u2032 (2,13 m) g\u00fcvenlik kafesi<br><br>Geni\u015f aral\u0131kl\u0131 \u00e7ift d\u00fczlemli tel d\u00fczle\u015ftirici<br><br>T\u00fcm besleme ve b\u00fckme tahrik sistemleri sertle\u015ftirilmi\u015f di\u015flilere sahiptir ve tamamen kapal\u0131d\u0131r.<br><br>2 tel boyutu i\u00e7in h\u0131zl\u0131 \u00e7evirmeli sertle\u015ftirilmi\u015f besleme silindirleri<br><br>Do\u011fruluk ve kayma tespiti i\u00e7in tel beslemede do\u011frusal kodlay\u0131c\u0131<br><br>Tel sabitleyici<br><br>Tekrar bilenebilir kesici kal\u0131p y\u00fczeyi<br><br>Yerinde e\u011fitim mevcut<br><br>Robotik entegrasyon yetene\u011fine sahip<br><br><br><div class=\"image_frame image_item scale-with-grid element_classes no_border hover-disable mfn-img-box\"  role=\"link\" aria-label=\"Ba\u011flant\u0131lar\u0131 i\u00e7eren resim\" tabindex=\"0\"><div class=\"image_wrapper\"><a href=\"https:\/\/ipautomationinc.com\/wp-content\/uploads\/2022\/07\/Machine-Layout-i6-i10.png\" rel=\"prettyphoto\"   class=\"\"  tabindex=\"-1\" title=\"\"><div class=\"mask\"><\/div><img decoding=\"async\" class=\"scale-with-grid\" src=\"https:\/\/ipautomationinc.com\/wp-content\/uploads\/2022\/07\/Machine-Layout-i6-i10.png\" fetchpriority=\"high\" alt=\"3 boyutlu cnc tel b\u00fckme d\u00fczeni\" title=\"\" width=\"300\" height=\"620\" style=\"\"\/><\/a><div class=\"image_links\"><a href=\"https:\/\/ipautomationinc.com\/wp-content\/uploads\/2022\/07\/Machine-Layout-i6-i10.png\" class=\"zoom\" rel=\"prettyphoto\" tabindex=\"-1\" aria-label=\"g\u00f6r\u00fcnt\u00fcy\u00fc yak\u0131nla\u015ft\u0131r\" title=\"\"><svg viewbox=\"0 0 26 26\"><defs><style>.path{fill:none;stroke:#333;stroke-miterlimit:10;stroke-width:1.5px;}<\/style><\/defs><circle cx=\"11.35\" cy=\"11.35\" r=\"6\" class=\"path\"\/><line x1=\"15.59\" y1=\"15.59\" x2=\"20.65\" y2=\"20.65\" class=\"path\"\/><\/svg><\/a><\/div><\/div><p class=\"wp-caption-text\">i6-S - i10-S<\/p><\/div>\n<br><br><br><br><div class=\"image_frame image_item scale-with-grid element_classes no_border hover-disable mfn-img-box\"  role=\"link\" aria-label=\"Ba\u011flant\u0131lar\u0131 i\u00e7eren resim\" tabindex=\"0\"><div class=\"image_wrapper\"><a href=\"https:\/\/ipautomationinc.com\/wp-content\/uploads\/2022\/06\/i13-S-Proposal-Layout.jpg\" rel=\"prettyphoto\"   class=\"\"  tabindex=\"-1\" title=\"\"><div class=\"mask\"><\/div><img decoding=\"async\" class=\"scale-with-grid\" src=\"https:\/\/ipautomationinc.com\/wp-content\/uploads\/2022\/06\/i13-S-Proposal-Layout.jpg\" fetchpriority=\"high\" alt=\"3 boyutlu cnc tel b\u00fckme d\u00fczeni\" title=\"\" width=\"300\" height=\"622\" style=\"\"\/><\/a><div class=\"image_links\"><a href=\"https:\/\/ipautomationinc.com\/wp-content\/uploads\/2022\/06\/i13-S-Proposal-Layout.jpg\" class=\"zoom\" rel=\"prettyphoto\" tabindex=\"-1\" aria-label=\"g\u00f6r\u00fcnt\u00fcy\u00fc yak\u0131nla\u015ft\u0131r\" title=\"\"><svg viewbox=\"0 0 26 26\"><defs><style>.path{fill:none;stroke:#333;stroke-miterlimit:10;stroke-width:1.5px;}<\/style><\/defs><circle cx=\"11.35\" cy=\"11.35\" r=\"6\" class=\"path\"\/><line x1=\"15.59\" y1=\"15.59\" x2=\"20.65\" y2=\"20.65\" class=\"path\"\/><\/svg><\/a><\/div><\/div><p class=\"wp-caption-text\">i13-S<\/p><\/div>\n<br><br><br><br><div class=\"image_frame image_item scale-with-grid element_classes no_border hover-disable mfn-img-box\"  role=\"link\" aria-label=\"Ba\u011flant\u0131lar\u0131 i\u00e7eren resim\" tabindex=\"0\"><div class=\"image_wrapper\"><a href=\"https:\/\/ipautomationinc.com\/wp-content\/uploads\/2024\/06\/i20-S-layout.png\" rel=\"prettyphoto\"   class=\"\"  tabindex=\"-1\" title=\"\"><div class=\"mask\"><\/div><img decoding=\"async\" class=\"scale-with-grid\" src=\"https:\/\/ipautomationinc.com\/wp-content\/uploads\/2024\/06\/i20-S-layout.png\" fetchpriority=\"high\" alt=\"3 boyutlu cnc tel b\u00fckme d\u00fczeni\" title=\"\" width=\"300\" height=\"684\" style=\"\"\/><\/a><div class=\"image_links\"><a href=\"https:\/\/ipautomationinc.com\/wp-content\/uploads\/2024\/06\/i20-S-layout.png\" class=\"zoom\" rel=\"prettyphoto\" tabindex=\"-1\" aria-label=\"g\u00f6r\u00fcnt\u00fcy\u00fc yak\u0131nla\u015ft\u0131r\" title=\"\"><svg viewbox=\"0 0 26 26\"><defs><style>.path{fill:none;stroke:#333;stroke-miterlimit:10;stroke-width:1.5px;}<\/style><\/defs><circle cx=\"11.35\" cy=\"11.35\" r=\"6\" class=\"path\"\/><line x1=\"15.59\" y1=\"15.59\" x2=\"20.65\" y2=\"20.65\" class=\"path\"\/><\/svg><\/a><\/div><\/div><p class=\"wp-caption-text\">i20-S<\/p><\/div>\n<br>#EBEBEB<br>#222222<br><br><br>\u00d6zellikler<br><br><br><br><p>*Minimum ve maksimum \u00e7ap kapasitesi telin \u00e7ekme dayan\u0131m\u0131ndan etkilenir. Tel t\u00fcr\u00fcn\u00fcz i\u00e7in min\/maks aral\u0131\u011f\u0131n\u0131n a\u00e7\u0131kl\u0131\u011fa kavu\u015fturulmas\u0131 i\u00e7in bizimle ileti\u015fime ge\u00e7in.<\/p><br><br><br>Makine Se\u00e7enekleri<br><br>Ak\u0131ll\u0131 Robotik<br>\u00f6zelle\u015ftirilmi\u015f EOAT ile<br><img decoding=\"async\" src=\"https:\/\/ipautomationinc.com\/wp-content\/uploads\/2022\/06\/machine-options_robot.png\" alt=\"makine-se\u00e7enekleri_robot\"><br><a href=\"https:\/\/ipautomationinc.com\/tr\/aksesuarlar\/robotik\/\">https:\/\/ipautomationinc.com\/accessories\/robotics\/<\/a><br>kutu \u00f6l\u00e7ekli<br>70%<br><br>iFM \u0130\u015fleme Merkezi<br><img decoding=\"async\" src=\"https:\/\/ipautomationinc.com\/wp-content\/uploads\/2023\/11\/ifm-icon-1.png#35422\" alt=\"ifm simgesi\"><br><a href=\"https:\/\/ipautomationinc.com\/tr\/aksesuarlar\/isleme-merkezi\/\">https:\/\/ipautomationinc.com\/accessories\/machining-center\/<\/a><br>kutu \u00f6l\u00e7ekli<br>70%<br><br>Hat \u0130\u00e7i Pah K\u0131rma<br><img decoding=\"async\" src=\"https:\/\/ipautomationinc.com\/wp-content\/uploads\/2024\/01\/internal-chamfer.png#35611\" alt=\"internal chamfer\"><br><a href=\"https:\/\/ipautomationinc.com\/tr\/aksesuarlar\/hat-ici-pah\/\">https:\/\/ipautomationinc.com\/accessories\/in-line-chamfer\/<\/a><br>kutu \u00f6l\u00e7ekli<br>70%<br><br>Pah K\u0131rma\/Matkap \u0130stasyonu<br><img decoding=\"async\" src=\"https:\/\/ipautomationinc.com\/wp-content\/uploads\/2024\/08\/chamfer-drill.png#36736\" alt=\"pah k\u0131rma matkab\u0131\"><br><a href=\"https:\/\/ipautomationinc.com\/tr\/aksesuarlar\/pah-kirma-matkabi\/\">https:\/\/ipautomationinc.com\/accessories\/chamfer-drill\/<\/a><br>kutu \u00f6l\u00e7ekli<br>70%<br><br>\u00c7apraz Besleyici\/D\u00fczle\u015ftirici<br><img decoding=\"async\" src=\"https:\/\/ipautomationinc.com\/wp-content\/uploads\/2022\/06\/machine-options_traversing-straightener.png\" alt=\"makine-se\u00e7enekleri_traversing-d\u00fczle\u015ftirici\"><br>kutu \u00f6l\u00e7ekli<br>70%<br><br>So\u011fuk Ba\u015fl\u0131k<br><img decoding=\"async\" src=\"https:\/\/ipautomationinc.com\/wp-content\/uploads\/2022\/06\/machine-options_cold-heading.png\" alt=\"makine-se\u00e7enekleri_so\u011fuk-ba\u015fl\u0131k\"><br>kutu \u00f6l\u00e7ekli<br>70%<br><br>Stres Giderme \u0130stasyonu<br><img decoding=\"async\" src=\"https:\/\/ipautomationinc.com\/wp-content\/uploads\/2022\/06\/machine-options_stress-relieving.png\" alt=\"makine se\u00e7enekleri_stres giderici\"><br>kutu \u00f6l\u00e7ekli<br>70%<br><br>Servo Pres<br><img decoding=\"async\" src=\"https:\/\/ipautomationinc.com\/wp-content\/uploads\/2022\/06\/machine-options_servo-press.png\" alt=\"makine-options_servo-press\"><br>kutu \u00f6l\u00e7ekli<br>70%<br><br>Kameral\u0131 Kontrol<br><img decoding=\"async\" src=\"https:\/\/ipautomationinc.com\/wp-content\/uploads\/2022\/06\/machine-options_vision-inspection-closeup.png\" alt=\"makine-se\u00e7enekleri_vizyon-muayene-yak\u0131n \u00e7ekim\"><br>kutu \u00f6l\u00e7ekli<br>70%<br><br>Hemen Fiyat Al\u0131n!<br>ileri simge<br><a href=\"https:\/\/ipautomationinc.com\/tr\/bize-ulasin\/#form\">https:\/\/ipautomationinc.com\/contact-us\/#form<\/a><br>50 piksel<br><br>Di\u011fer CNC Tel B\u00fckme Makinalar\u0131<br><br><h4>i-S\u00b2 Serisi<\/h4><br><br><p><hr class=\"no_line\" style=\"margin: 0 auto 0px auto\"\/>\n <a href=\"https:\/\/ipautomationinc.com\/tr\/serisi-i-s-kare\/\"> <img decoding=\"async\" src=\"https:\/\/ipautomationinc.com\/wp-content\/uploads\/2024\/08\/i10-S\u00b2-rgb.png\" alt=\"i-S\u00b2 CNC Tel \u015eekillendirici\"> <\/a> <hr class=\"no_line\" style=\"margin: 0 auto 0px auto\"\/>\n<\/p><br><br><p>S\u00b2 serisi 3d cnc tel b\u00fckme makinesi, S serisi 2-13 mm&#039;ye \u00e7ift taret \u00e7ok y\u00f6nl\u00fcl\u00fc\u011f\u00fc ve boru b\u00fckme yetene\u011fi getiriyor<\/p><br><br><a class=\"mfn-link mfn-link-1\" href=\"\" style=\"\" data-hover=\"\"   ><span data-hover=\"\"><\/span><\/a><br>tekrar yok;sol \u00fcst;;<br>Oto<br><br><h4>i-SC Serisi<\/h4><br><br><p><hr class=\"no_line\" style=\"margin: 0 auto 0px auto\"\/>\n <a href=\"https:\/\/ipautomationinc.com\/tr\/serisi-i-sc\/\"> <img decoding=\"async\" src=\"https:\/\/ipautomationinc.com\/wp-content\/uploads\/2025\/09\/i8-SC-RGB.png\" alt=\"\"> <\/a> <hr class=\"no_line\" style=\"margin: 0 auto 0px auto\"\/>\n<\/p><br><br><p>SC serisi, 2-8 mm telden daha k\u0131sa 3D tel formlar\u0131 i\u00e7in m\u00fckemmel bir makinedir<\/p><br><br><a class=\"mfn-link mfn-link-1\" href=\"\" style=\"\" data-hover=\"\"   ><span data-hover=\"\"><\/span><\/a><br>tekrar yok;sol \u00fcst;;<br>Oto<br><br><h4>i-S\u00b2-P Serisi<\/h4><br><br><p><hr class=\"no_line\" style=\"margin: 0 auto 0px auto\"\/>\n <a href=\"https:\/\/ipautomationinc.com\/tr\/serisi-i-s-kare-p\/\"> <img decoding=\"async\" src=\"https:\/\/ipautomationinc.com\/wp-content\/uploads\/2026\/02\/i10-S\u00b2-P-Single-Piece-3D-CNC-Wire-Bender.png\" alt=\"i-S\u00b2-P Tek Par\u00e7a CNC Tel \u015eekillendirici\"> <\/a> <hr class=\"no_line\" style=\"margin: 0 auto 0px auto\"\/>\n<\/p><br><br><p>S\u00b2-P serisi, 2,5-13 mm aras\u0131ndaki zorlu tel \u015fekillendirme i\u015flemlerini kolayla\u015ft\u0131rmak i\u00e7in tasarlanm\u0131\u015ft\u0131r.<\/p><br><br><a class=\"mfn-link mfn-link-1\" href=\"\" style=\"\" data-hover=\"\"   ><span data-hover=\"\"><\/span><\/a><br>tekrar yok;sol \u00fcst;;<br>Oto<br><br><\/p>","protected":false},"excerpt":{"rendered":"<p>The i-S series 3D CNC wire bender is a smart workhorse. It\u2019s intuitive Intellibend software with 3D machine simulation and<span class=\"excerpt-hellip\"> [\u2026]<\/span><\/p>\n","protected":false},"author":3,"featured_media":0,"parent":0,"menu_order":0,"comment_status":"closed","ping_status":"closed","template":"","meta":{"footnotes":""},"class_list":["post-1227","page","type-page","status-publish","hentry"],"yoast_head":"<!-- This site is optimized with the Yoast SEO plugin v27.3 - https:\/\/yoast.com\/product\/yoast-seo-wordpress\/ -->\n<title>i-S Series 3D CNC Wire Bender | IP Automation Inc<\/title>\n<meta name=\"description\" content=\"The i-S series 3D CNC wire bender is a smart workhorse. All-electric 6 axis design, up to 8 bending radii, 3d simulation.\" \/>\n<meta name=\"robots\" content=\"index, follow, max-snippet:-1, max-image-preview:large, max-video-preview:-1\" \/>\n<link rel=\"canonical\" href=\"https:\/\/ipautomationinc.com\/tr\/serisi-i-s\/\" \/>\n<meta property=\"og:locale\" content=\"tr_TR\" \/>\n<meta property=\"og:type\" content=\"article\" \/>\n<meta property=\"og:title\" content=\"i-S Series 3D CNC Wire Bender | IP Automation Inc\" \/>\n<meta property=\"og:description\" content=\"The i-S series 3D CNC wire bender is a smart workhorse. All-electric 6 axis design, up to 8 bending radii, 3d simulation.\" \/>\n<meta property=\"og:url\" content=\"https:\/\/ipautomationinc.com\/tr\/serisi-i-s\/\" \/>\n<meta property=\"og:site_name\" content=\"IP Automation Inc\" \/>\n<meta property=\"article:publisher\" content=\"https:\/\/www.facebook.com\/ipautomationinc\/\" \/>\n<meta property=\"article:modified_time\" content=\"2026-03-31T20:29:40+00:00\" \/>\n<meta property=\"og:image\" content=\"https:\/\/ipautomationinc.com\/wp-content\/uploads\/2023\/02\/i8-S-RGB-1.png\" \/>\n<script type=\"application\/ld+json\" class=\"yoast-schema-graph\">{\"@context\":\"https:\\\/\\\/schema.org\",\"@graph\":[{\"@type\":\"WebPage\",\"@id\":\"https:\\\/\\\/ipautomationinc.com\\\/i-s-series\\\/\",\"url\":\"https:\\\/\\\/ipautomationinc.com\\\/i-s-series\\\/\",\"name\":\"i-S Series 3D CNC Wire Bender | IP Automation Inc\",\"isPartOf\":{\"@id\":\"https:\\\/\\\/ipautomationinc.com\\\/#website\"},\"primaryImageOfPage\":{\"@id\":\"https:\\\/\\\/ipautomationinc.com\\\/i-s-series\\\/#primaryimage\"},\"image\":{\"@id\":\"https:\\\/\\\/ipautomationinc.com\\\/i-s-series\\\/#primaryimage\"},\"thumbnailUrl\":\"https:\\\/\\\/ipautomationinc.com\\\/wp-content\\\/uploads\\\/2023\\\/02\\\/i8-S-RGB-1.png\",\"datePublished\":\"2022-06-16T17:52:49+00:00\",\"dateModified\":\"2026-03-31T20:29:40+00:00\",\"description\":\"The i-S series 3D CNC wire bender is a smart workhorse. All-electric 6 axis design, up to 8 bending radii, 3d simulation.\",\"inLanguage\":\"tr\",\"potentialAction\":[{\"@type\":\"ReadAction\",\"target\":[\"https:\\\/\\\/ipautomationinc.com\\\/i-s-series\\\/\"]}]},{\"@type\":\"ImageObject\",\"inLanguage\":\"tr\",\"@id\":\"https:\\\/\\\/ipautomationinc.com\\\/i-s-series\\\/#primaryimage\",\"url\":\"https:\\\/\\\/ipautomationinc.com\\\/wp-content\\\/uploads\\\/2023\\\/02\\\/i8-S-RGB-1.png\",\"contentUrl\":\"https:\\\/\\\/ipautomationinc.com\\\/wp-content\\\/uploads\\\/2023\\\/02\\\/i8-S-RGB-1.png\"},{\"@type\":\"WebSite\",\"@id\":\"https:\\\/\\\/ipautomationinc.com\\\/#website\",\"url\":\"https:\\\/\\\/ipautomationinc.com\\\/\",\"name\":\"IP Automation Inc\",\"description\":\"Concept... Creation... Reality...\",\"publisher\":{\"@id\":\"https:\\\/\\\/ipautomationinc.com\\\/#organization\"},\"potentialAction\":[{\"@type\":\"SearchAction\",\"target\":{\"@type\":\"EntryPoint\",\"urlTemplate\":\"https:\\\/\\\/ipautomationinc.com\\\/?s={search_term_string}\"},\"query-input\":{\"@type\":\"PropertyValueSpecification\",\"valueRequired\":true,\"valueName\":\"search_term_string\"}}],\"inLanguage\":\"tr\"},{\"@type\":\"Organization\",\"@id\":\"https:\\\/\\\/ipautomationinc.com\\\/#organization\",\"name\":\"IP Automation Inc\",\"url\":\"https:\\\/\\\/ipautomationinc.com\\\/\",\"logo\":{\"@type\":\"ImageObject\",\"inLanguage\":\"tr\",\"@id\":\"https:\\\/\\\/ipautomationinc.com\\\/#\\\/schema\\\/logo\\\/image\\\/\",\"url\":\"https:\\\/\\\/ipautomationinc.com\\\/wp-content\\\/uploads\\\/2022\\\/05\\\/IPA-Favicon.png\",\"contentUrl\":\"https:\\\/\\\/ipautomationinc.com\\\/wp-content\\\/uploads\\\/2022\\\/05\\\/IPA-Favicon.png\",\"width\":513,\"height\":513,\"caption\":\"IP Automation Inc\"},\"image\":{\"@id\":\"https:\\\/\\\/ipautomationinc.com\\\/#\\\/schema\\\/logo\\\/image\\\/\"},\"sameAs\":[\"https:\\\/\\\/www.facebook.com\\\/ipautomationinc\\\/\",\"https:\\\/\\\/www.linkedin.com\\\/company\\\/ip-automation-inc\\\/\",\"https:\\\/\\\/www.youtube.com\\\/@IPAutomation\"]}]}<\/script>\n<!-- \/ Yoast SEO plugin. -->","yoast_head_json":{"title":"iS Serisi 3D CNC Tel B\u00fckme Makinas\u0131 | IP Otomasyon A.\u015e.","description":"iS serisi 3D CNC tel b\u00fckme makinesi ak\u0131ll\u0131 bir i\u015f makinesidir. Tamamen elektrikli 6 eksenli tasar\u0131m, 8&#039;e kadar b\u00fckme yar\u0131\u00e7ap\u0131, 3 boyutlu sim\u00fclasyon.","robots":{"index":"index","follow":"follow","max-snippet":"max-snippet:-1","max-image-preview":"max-image-preview:large","max-video-preview":"max-video-preview:-1"},"canonical":"https:\/\/ipautomationinc.com\/tr\/serisi-i-s\/","og_locale":"tr_TR","og_type":"article","og_title":"i-S Series 3D CNC Wire Bender | IP Automation Inc","og_description":"The i-S series 3D CNC wire bender is a smart workhorse. All-electric 6 axis design, up to 8 bending radii, 3d simulation.","og_url":"https:\/\/ipautomationinc.com\/tr\/serisi-i-s\/","og_site_name":"IP Automation Inc","article_publisher":"https:\/\/www.facebook.com\/ipautomationinc\/","article_modified_time":"2026-03-31T20:29:40+00:00","og_image":[{"url":"https:\/\/ipautomationinc.com\/wp-content\/uploads\/2023\/02\/i8-S-RGB-1.png","type":"","width":"","height":""}],"schema":{"@context":"https:\/\/schema.org","@graph":[{"@type":"WebPage","@id":"https:\/\/ipautomationinc.com\/i-s-series\/","url":"https:\/\/ipautomationinc.com\/i-s-series\/","name":"iS Serisi 3D CNC Tel B\u00fckme Makinas\u0131 | IP Otomasyon A.\u015e.","isPartOf":{"@id":"https:\/\/ipautomationinc.com\/#website"},"primaryImageOfPage":{"@id":"https:\/\/ipautomationinc.com\/i-s-series\/#primaryimage"},"image":{"@id":"https:\/\/ipautomationinc.com\/i-s-series\/#primaryimage"},"thumbnailUrl":"https:\/\/ipautomationinc.com\/wp-content\/uploads\/2023\/02\/i8-S-RGB-1.png","datePublished":"2022-06-16T17:52:49+00:00","dateModified":"2026-03-31T20:29:40+00:00","description":"iS serisi 3D CNC tel b\u00fckme makinesi ak\u0131ll\u0131 bir i\u015f makinesidir. Tamamen elektrikli 6 eksenli tasar\u0131m, 8&#039;e kadar b\u00fckme yar\u0131\u00e7ap\u0131, 3 boyutlu sim\u00fclasyon.","inLanguage":"tr","potentialAction":[{"@type":"ReadAction","target":["https:\/\/ipautomationinc.com\/i-s-series\/"]}]},{"@type":"ImageObject","inLanguage":"tr","@id":"https:\/\/ipautomationinc.com\/i-s-series\/#primaryimage","url":"https:\/\/ipautomationinc.com\/wp-content\/uploads\/2023\/02\/i8-S-RGB-1.png","contentUrl":"https:\/\/ipautomationinc.com\/wp-content\/uploads\/2023\/02\/i8-S-RGB-1.png"},{"@type":"WebSite","@id":"https:\/\/ipautomationinc.com\/#website","url":"https:\/\/ipautomationinc.com\/","name":"IP Otomasyon A.\u015e.","description":"Konsept... Yarat\u0131l\u0131\u015f... Ger\u00e7eklik...","publisher":{"@id":"https:\/\/ipautomationinc.com\/#organization"},"potentialAction":[{"@type":"SearchAction","target":{"@type":"EntryPoint","urlTemplate":"https:\/\/ipautomationinc.com\/?s={search_term_string}"},"query-input":{"@type":"PropertyValueSpecification","valueRequired":true,"valueName":"search_term_string"}}],"inLanguage":"tr"},{"@type":"Organization","@id":"https:\/\/ipautomationinc.com\/#organization","name":"IP Otomasyon A.\u015e.","url":"https:\/\/ipautomationinc.com\/","logo":{"@type":"ImageObject","inLanguage":"tr","@id":"https:\/\/ipautomationinc.com\/#\/schema\/logo\/image\/","url":"https:\/\/ipautomationinc.com\/wp-content\/uploads\/2022\/05\/IPA-Favicon.png","contentUrl":"https:\/\/ipautomationinc.com\/wp-content\/uploads\/2022\/05\/IPA-Favicon.png","width":513,"height":513,"caption":"IP Automation Inc"},"image":{"@id":"https:\/\/ipautomationinc.com\/#\/schema\/logo\/image\/"},"sameAs":["https:\/\/www.facebook.com\/ipautomationinc\/","https:\/\/www.linkedin.com\/company\/ip-automation-inc\/","https:\/\/www.youtube.com\/@IPAutomation"]}]}},"_links":{"self":[{"href":"https:\/\/ipautomationinc.com\/tr\/wp-json\/wp\/v2\/pages\/1227","targetHints":{"allow":["GET"]}}],"collection":[{"href":"https:\/\/ipautomationinc.com\/tr\/wp-json\/wp\/v2\/pages"}],"about":[{"href":"https:\/\/ipautomationinc.com\/tr\/wp-json\/wp\/v2\/types\/page"}],"author":[{"embeddable":true,"href":"https:\/\/ipautomationinc.com\/tr\/wp-json\/wp\/v2\/users\/3"}],"replies":[{"embeddable":true,"href":"https:\/\/ipautomationinc.com\/tr\/wp-json\/wp\/v2\/comments?post=1227"}],"version-history":[{"count":3,"href":"https:\/\/ipautomationinc.com\/tr\/wp-json\/wp\/v2\/pages\/1227\/revisions"}],"predecessor-version":[{"id":39516,"href":"https:\/\/ipautomationinc.com\/tr\/wp-json\/wp\/v2\/pages\/1227\/revisions\/39516"}],"wp:attachment":[{"href":"https:\/\/ipautomationinc.com\/tr\/wp-json\/wp\/v2\/media?parent=1227"}],"curies":[{"name":"wp","href":"https:\/\/api.w.org\/{rel}","templated":true}]}}