{"id":122,"date":"2017-10-27T17:57:09","date_gmt":"2017-10-27T22:57:09","guid":{"rendered":"http:\/\/ipautomationinc.com\/?page_id=122"},"modified":"2025-06-03T16:36:10","modified_gmt":"2025-06-03T21:36:10","slug":"destek","status":"publish","type":"page","link":"https:\/\/ipautomationinc.com\/tr\/support\/","title":{"rendered":"Destek"},"content":{"rendered":"<h6 class=\"wp-block-heading\"><strong>Destek i\u00e7in l\u00fctfen (630)376-9903 numaral\u0131 destek hatt\u0131m\u0131za mesaj g\u00f6nderin, do\u011frudan support@ipautomationinc.com adresine e-posta g\u00f6nderin veya bize bir mesaj g\u00f6nderin. Uzaktan ba\u011flant\u0131 deste\u011fi. Telefonu a\u00e7\u0131yoruz. Orada olabiliriz. Servis Par\u00e7alar\u0131. Belgeler. Sat\u0131\u015f sonras\u0131 destek.<\/strong><\/h6>\n\n\n\n<p><span class=\"builder2seo\"><\/span><h3>Destek i\u00e7in (630)-376-9903 numaral\u0131 Destek hatt\u0131m\u0131za mesaj g\u00f6nderebilirsiniz.<\/h3><br><br><hr class=\"no_line\" style=\"margin: 0 auto 0px auto\"\/>\n<br><br><h3><span>do\u011frudan bize support@ipautomationinc.com adresinden e-posta g\u00f6nderin<\/span><\/h3><br><br><hr class=\"no_line\" style=\"margin: 0 auto 0px auto\"\/>\n<br><br><h3><span>veya <\/span>A\u015fa\u011f\u0131daki formu kullanarak bize mesaj g\u00f6nderin.<\/h3><br>tekrar yok;sol \u00fcst;;<br>Oto<br><br><p class=\"wpcf7-contact-form-not-found\"><strong>Hata:<\/strong> \u0130leti\u015fim form\u00fcl\u00fc bulunamad\u0131.<\/p><br><br><h3>Uzaktan Ba\u011flant\u0131 Deste\u011fi<\/h3><br><br><h6>IP Otomasyon tel \u015fekillendirme makineniz varsa, hem yaz\u0131l\u0131m hem de donan\u0131m sorunlar\u0131n\u0131 gidermek i\u00e7in makinenize Ethernet ba\u011flant\u0131s\u0131 \u00fczerinden ba\u011flanabiliriz. Sadece aray\u0131n veya e-posta g\u00f6nderin; s\u00fcre\u00e7 boyunca size yol g\u00f6sterece\u011fiz.<\/h6><br><br><br><br><h3>Telefonu A\u00e7\u0131yoruz<\/h3><br><br><h6>Sorununuz bize bir e-postayla a\u00e7\u0131klanamayacak kadar karma\u015f\u0131ksa sorular\u0131n\u0131z veya hizmet sorunlar\u0131n\u0131z i\u00e7in bizi 630-656-1215 numaral\u0131 telefondan aramaktan \u00e7ekinmeyin. Sorun ya\u015famadan size duyarl\u0131 destek sa\u011flayaca\u011f\u0131z.<\/h6><br><br><br><br><h3>Orada olabiliriz<\/h3><br><br><h6>Yerinde bak\u0131m ve onar\u0131m sa\u011flamaya haz\u0131r servis teknisyenlerimiz mevcuttur. Teknisyenlerimiz ayr\u0131ca kurulumu yapacak, saha kabul testlerini ve e\u011fitimi ger\u00e7ekle\u015ftirecektir.<\/h6><br><br><br><br><h3>Servis par\u00e7alar\u0131<\/h3><br><br><h6>M\u00fc\u015fterilerimizin ihtiya\u00e7 duyabilece\u011fi servis par\u00e7alar\u0131n\u0131n b\u00fcy\u00fck \u00e7o\u011funlu\u011funu stoklar\u0131m\u0131zda bulunduruyoruz. Kendi tak\u0131m \u00e7iziminizi kolayca yapabilmeniz i\u00e7in \u00f6zel tak\u0131m \u00e7izim dosyalar\u0131n\u0131 bile sa\u011fl\u0131yoruz. Kolay tan\u0131mlama i\u00e7in servis par\u00e7alar\u0131na par\u00e7a numaralar\u0131n\u0131 lazerle kaz\u0131maktay\u0131z.<\/h6><br><br><br><br><h3>Dok\u00fcmantasyon<\/h3><br><br><h6>Belgeler kaybolabilir, yaln\u0131zca makine modelini ve seri numaras\u0131n\u0131 sa\u011flay\u0131n ve yukar\u0131daki ileti\u015fim formunu kullan\u0131n.<\/h6><br><br><br><br><h3>Sat\u0131\u015f Sonras\u0131 Destek<\/h3><br><br><h6>Sat\u0131\u015f sonras\u0131 deste\u011fimiz, operat\u00f6r ve m\u00fchendis e\u011fitimini, t\u00fcm ana bile\u015fenlerin eksiksiz bir BOM listesini, standart \u00e7al\u0131\u015ft\u0131rma prosed\u00fcrlerini ve sorun giderme k\u0131lavuzlar\u0131n\u0131 i\u00e7erir. Ayr\u0131ca projenizin sorunsuz bir \u015fekilde devreye al\u0131nmas\u0131n\u0131 ve proje \u00f6mr\u00fcn\u00fcn sorunsuz olmas\u0131n\u0131 sa\u011flamak i\u00e7in t\u00fcm operat\u00f6rlerinize ve m\u00fchendislerinize ki\u015fiselle\u015ftirilmi\u015f destek sa\u011fl\u0131yoruz.<\/h6><br><br><br>tekrar yok;sol \u00fcst;;<br>Oto<br><br><p class=\"wpcf7-contact-form-not-found\"><strong>Hata:<\/strong> \u0130leti\u015fim form\u00fcl\u00fc bulunamad\u0131.<\/p><br>tekrar yok;sol \u00fcst;;<br>Oto<br>diz\u00fcst\u00fc bilgisayar\u0131 gizle tableti gizle<br><br><\/p>","protected":false},"excerpt":{"rendered":"<p>For support please text our support line at (630)376-9903, email us directly at support@ipautomationinc.com or send us a message. Remote<span class=\"excerpt-hellip\"> [\u2026]<\/span><\/p>\n","protected":false},"author":3,"featured_media":0,"parent":0,"menu_order":0,"comment_status":"open","ping_status":"closed","template":"","meta":{"footnotes":""},"class_list":["post-122","page","type-page","status-publish","hentry"],"yoast_head":"<!-- This site is optimized with the Yoast SEO plugin v27.3 - https:\/\/yoast.com\/product\/yoast-seo-wordpress\/ -->\n<title>Support | IP Automation Inc<\/title>\n<meta name=\"description\" content=\"Need support for your wire bending machine? Give us a call or email us with any questions you may have.\" \/>\n<meta name=\"robots\" content=\"index, follow, max-snippet:-1, max-image-preview:large, max-video-preview:-1\" \/>\n<link rel=\"canonical\" href=\"https:\/\/ipautomationinc.com\/tr\/destek\/\" \/>\n<meta property=\"og:locale\" content=\"tr_TR\" \/>\n<meta property=\"og:type\" content=\"article\" \/>\n<meta property=\"og:title\" content=\"Support | IP Automation Inc\" \/>\n<meta property=\"og:description\" content=\"Need support for your wire bending machine? Give us a call or email us with any questions you may have.\" \/>\n<meta property=\"og:url\" content=\"https:\/\/ipautomationinc.com\/tr\/destek\/\" \/>\n<meta property=\"og:site_name\" content=\"IP Automation Inc\" \/>\n<meta property=\"article:publisher\" content=\"https:\/\/www.facebook.com\/ipautomationinc\/\" \/>\n<meta property=\"article:modified_time\" content=\"2025-06-03T21:36:10+00:00\" \/>\n<script type=\"application\/ld+json\" class=\"yoast-schema-graph\">{\"@context\":\"https:\\\/\\\/schema.org\",\"@graph\":[{\"@type\":\"WebPage\",\"@id\":\"https:\\\/\\\/ipautomationinc.com\\\/support\\\/\",\"url\":\"https:\\\/\\\/ipautomationinc.com\\\/support\\\/\",\"name\":\"Support | IP Automation Inc\",\"isPartOf\":{\"@id\":\"https:\\\/\\\/ipautomationinc.com\\\/#website\"},\"datePublished\":\"2017-10-27T22:57:09+00:00\",\"dateModified\":\"2025-06-03T21:36:10+00:00\",\"description\":\"Need support for your wire bending machine? Give us a call or email us with any questions you may have.\",\"inLanguage\":\"tr\",\"potentialAction\":[{\"@type\":\"ReadAction\",\"target\":[\"https:\\\/\\\/ipautomationinc.com\\\/support\\\/\"]}]},{\"@type\":\"WebSite\",\"@id\":\"https:\\\/\\\/ipautomationinc.com\\\/#website\",\"url\":\"https:\\\/\\\/ipautomationinc.com\\\/\",\"name\":\"IP Automation Inc\",\"description\":\"Concept... Creation... Reality...\",\"publisher\":{\"@id\":\"https:\\\/\\\/ipautomationinc.com\\\/#organization\"},\"potentialAction\":[{\"@type\":\"SearchAction\",\"target\":{\"@type\":\"EntryPoint\",\"urlTemplate\":\"https:\\\/\\\/ipautomationinc.com\\\/?s={search_term_string}\"},\"query-input\":{\"@type\":\"PropertyValueSpecification\",\"valueRequired\":true,\"valueName\":\"search_term_string\"}}],\"inLanguage\":\"tr\"},{\"@type\":\"Organization\",\"@id\":\"https:\\\/\\\/ipautomationinc.com\\\/#organization\",\"name\":\"IP Automation Inc\",\"url\":\"https:\\\/\\\/ipautomationinc.com\\\/\",\"logo\":{\"@type\":\"ImageObject\",\"inLanguage\":\"tr\",\"@id\":\"https:\\\/\\\/ipautomationinc.com\\\/#\\\/schema\\\/logo\\\/image\\\/\",\"url\":\"https:\\\/\\\/ipautomationinc.com\\\/wp-content\\\/uploads\\\/2022\\\/05\\\/IPA-Favicon.png\",\"contentUrl\":\"https:\\\/\\\/ipautomationinc.com\\\/wp-content\\\/uploads\\\/2022\\\/05\\\/IPA-Favicon.png\",\"width\":513,\"height\":513,\"caption\":\"IP Automation Inc\"},\"image\":{\"@id\":\"https:\\\/\\\/ipautomationinc.com\\\/#\\\/schema\\\/logo\\\/image\\\/\"},\"sameAs\":[\"https:\\\/\\\/www.facebook.com\\\/ipautomationinc\\\/\",\"https:\\\/\\\/www.linkedin.com\\\/company\\\/ip-automation-inc\\\/\",\"https:\\\/\\\/www.youtube.com\\\/@IPAutomation\"]}]}<\/script>\n<!-- \/ Yoast SEO plugin. -->","yoast_head_json":{"title":"Destek | IP Otomasyon A.\u015e.","description":"Tel b\u00fckme makineniz i\u00e7in deste\u011fe mi ihtiyac\u0131n\u0131z var? Bizi aray\u0131n veya akl\u0131n\u0131za tak\u0131lan herhangi bir soru i\u00e7in bize e-posta g\u00f6nderin.","robots":{"index":"index","follow":"follow","max-snippet":"max-snippet:-1","max-image-preview":"max-image-preview:large","max-video-preview":"max-video-preview:-1"},"canonical":"https:\/\/ipautomationinc.com\/tr\/destek\/","og_locale":"tr_TR","og_type":"article","og_title":"Support | IP Automation Inc","og_description":"Need support for your wire bending machine? Give us a call or email us with any questions you may have.","og_url":"https:\/\/ipautomationinc.com\/tr\/destek\/","og_site_name":"IP Automation Inc","article_publisher":"https:\/\/www.facebook.com\/ipautomationinc\/","article_modified_time":"2025-06-03T21:36:10+00:00","schema":{"@context":"https:\/\/schema.org","@graph":[{"@type":"WebPage","@id":"https:\/\/ipautomationinc.com\/support\/","url":"https:\/\/ipautomationinc.com\/support\/","name":"Destek | IP Otomasyon A.\u015e.","isPartOf":{"@id":"https:\/\/ipautomationinc.com\/#website"},"datePublished":"2017-10-27T22:57:09+00:00","dateModified":"2025-06-03T21:36:10+00:00","description":"Tel b\u00fckme makineniz i\u00e7in deste\u011fe mi ihtiyac\u0131n\u0131z var? Bizi aray\u0131n veya akl\u0131n\u0131za tak\u0131lan herhangi bir soru i\u00e7in bize e-posta g\u00f6nderin.","inLanguage":"tr","potentialAction":[{"@type":"ReadAction","target":["https:\/\/ipautomationinc.com\/support\/"]}]},{"@type":"WebSite","@id":"https:\/\/ipautomationinc.com\/#website","url":"https:\/\/ipautomationinc.com\/","name":"IP Otomasyon A.\u015e.","description":"Konsept... Yarat\u0131l\u0131\u015f... Ger\u00e7eklik...","publisher":{"@id":"https:\/\/ipautomationinc.com\/#organization"},"potentialAction":[{"@type":"SearchAction","target":{"@type":"EntryPoint","urlTemplate":"https:\/\/ipautomationinc.com\/?s={search_term_string}"},"query-input":{"@type":"PropertyValueSpecification","valueRequired":true,"valueName":"search_term_string"}}],"inLanguage":"tr"},{"@type":"Organization","@id":"https:\/\/ipautomationinc.com\/#organization","name":"IP Otomasyon A.\u015e.","url":"https:\/\/ipautomationinc.com\/","logo":{"@type":"ImageObject","inLanguage":"tr","@id":"https:\/\/ipautomationinc.com\/#\/schema\/logo\/image\/","url":"https:\/\/ipautomationinc.com\/wp-content\/uploads\/2022\/05\/IPA-Favicon.png","contentUrl":"https:\/\/ipautomationinc.com\/wp-content\/uploads\/2022\/05\/IPA-Favicon.png","width":513,"height":513,"caption":"IP Automation Inc"},"image":{"@id":"https:\/\/ipautomationinc.com\/#\/schema\/logo\/image\/"},"sameAs":["https:\/\/www.facebook.com\/ipautomationinc\/","https:\/\/www.linkedin.com\/company\/ip-automation-inc\/","https:\/\/www.youtube.com\/@IPAutomation"]}]}},"_links":{"self":[{"href":"https:\/\/ipautomationinc.com\/tr\/wp-json\/wp\/v2\/pages\/122","targetHints":{"allow":["GET"]}}],"collection":[{"href":"https:\/\/ipautomationinc.com\/tr\/wp-json\/wp\/v2\/pages"}],"about":[{"href":"https:\/\/ipautomationinc.com\/tr\/wp-json\/wp\/v2\/types\/page"}],"author":[{"embeddable":true,"href":"https:\/\/ipautomationinc.com\/tr\/wp-json\/wp\/v2\/users\/3"}],"replies":[{"embeddable":true,"href":"https:\/\/ipautomationinc.com\/tr\/wp-json\/wp\/v2\/comments?post=122"}],"version-history":[{"count":1,"href":"https:\/\/ipautomationinc.com\/tr\/wp-json\/wp\/v2\/pages\/122\/revisions"}],"predecessor-version":[{"id":37720,"href":"https:\/\/ipautomationinc.com\/tr\/wp-json\/wp\/v2\/pages\/122\/revisions\/37720"}],"wp:attachment":[{"href":"https:\/\/ipautomationinc.com\/tr\/wp-json\/wp\/v2\/media?parent=122"}],"curies":[{"name":"wp","href":"https:\/\/api.w.org\/{rel}","templated":true}]}}