{"id":120,"date":"2017-10-27T17:55:58","date_gmt":"2017-10-27T22:55:58","guid":{"rendered":"http:\/\/ipautomationinc.com\/?page_id=120"},"modified":"2026-02-12T15:09:31","modified_gmt":"2026-02-12T21:09:31","slug":"hakkimizda","status":"publish","type":"page","link":"https:\/\/ipautomationinc.com\/tr\/about-us\/","title":{"rendered":"IP Otomasyonu Hakk\u0131nda"},"content":{"rendered":"<p>Tel b\u00fckme ve otomasyon alan\u0131nda toplam 100 y\u0131l\u0131 a\u015fk\u0131n deneyime sahibiz. \u015eirket i\u00e7i m\u00fchendislik, tak\u0131m \u00fcretimi ve makine imalat\u0131. H\u0131zl\u0131 ve yerinde servis deste\u011fi.<\/p>\n\n\n\n<p><span class=\"builder2seo\"><\/span><img decoding=\"async\" src=\"https:\/\/ipautomationinc.com\/wp-content\/uploads\/2023\/07\/1.1-with-logo.jpg#24683\" alt=\"1.1 logolu\"><br><br><img decoding=\"async\" src=\"https:\/\/ipautomationinc.com\/wp-content\/uploads\/2022\/10\/10years.png\" alt=\"\"><br>gelenek<br>205 piksel<br><br><img decoding=\"async\" src=\"https:\/\/ipautomationinc.com\/wp-content\/uploads\/2022\/10\/10years.png\" alt=\"\"><br><br><br><br><br><br><h6>Tel b\u00fckme ve otomasyonda toplam 100 y\u0131l\u0131 a\u015fk\u0131n deneyim<\/h6><br><br><br><br><br><br><h6>Kullan\u0131m\u0131 kolay Intellibend yaz\u0131l\u0131m\u0131 ve son teknoloji sim\u00fclasyonlarla tamamen elektrikli CNC tel b\u00fckme makineleri<\/h6><br><br><br><br><br><br><h6>CNC tel b\u00fckme makinelerimiz etraf\u0131nda merkezlenen \u00f6zel otomasyon h\u00fccresi uzmanlar\u0131<\/h6><br><br><br><br><br><br><h6>\u015eirket i\u00e7i m\u00fchendislik, tak\u0131m \u00fcretimi ve makine yap\u0131m\u0131<\/h6><br><br><br><br><br><br><h6>\u00d6zel proje y\u00f6netimi ve m\u00fc\u015fteri hizmetleri<\/h6><br><br><br><br><br><br><h6>H\u0131zl\u0131 yerinde ve uzaktan servis deste\u011fi<\/h6><br><br><br><br><br>Ba\u015fl\u0131k<br>tekrar yok;orta \u00fcst;;<br>Oto<br>10 piksel<br><br><h6><br><br>\t<br><br>Yeni nesil makine teknolojisine sahip eksiksiz serimiz 2D, 3D tek ve \u00e7ift kafal\u0131 tel \u015fekillendirme makinelerimiz, t\u00fcm b\u00fckme ve kesme fonksiyonlar\u0131nda servo motorlarla \u00fcst\u00fcn b\u00fckme kontrol\u00fc ve d\u00fc\u015f\u00fck bak\u0131m sa\u011flar.<br><br>\t<br><br>Tasar\u0131mlar\u0131m\u0131z, tel b\u00fckme mekani\u011fi ve yaz\u0131l\u0131m\u0131ndaki 80 y\u0131ll\u0131k ortak deneyimden do\u011fan bir\u00e7ok yenilik\u00e7i iyile\u015ftirmeyle tasarlanm\u0131\u015f olup, m\u00fc\u015fterilerimize endi\u015fesiz \u00fcretkenlik sa\u011flar.<br><br>\t<br><br>Kaynak, damgalama, i\u015fleme, gerilim giderme, muayene, toz kaplama, ikincil b\u00fckme ve k\u0131v\u0131rma gibi ikincil i\u015flemlerin robotik entegrasyonu.<br><br>\t<br><br>T\u00fcm makinelerimizin tasar\u0131m ve \u00fcretimi Chicago&#039;nun banliy\u00f6s\u00fcndedir. T\u00fcm envanter, kal\u0131p imalat\u0131, destek, m\u00fchendislik ve yaz\u0131l\u0131m geli\u015ftirme ile makine yap\u0131m\u0131 ve test i\u015flemlerinin t\u00fcm\u00fc tek bir \u00e7at\u0131 alt\u0131ndad\u0131r.<br><br>\t<br><br>Servis teknisyenlerimiz uzman d\u00fczeyde servis, kurulum deste\u011fi ve e\u011fitim sa\u011flar. Yerle\u015fik uzaktan ba\u011flant\u0131 \u00f6zelli\u011fi olan t\u00fcm makinelerde donan\u0131m ve yaz\u0131l\u0131m sorunlar\u0131n\u0131 uzaktan kolayca giderebiliriz.<br><br><br><br><\/h6><br>Ba\u015fl\u0131k<br>tekrar yok;orta \u00fcst;;<br>Oto<br><br>Temasta olmak<br><a href=\"https:\/\/ipautomationinc.com\/tr\/bize-ulasin\/\">https:\/\/ipautomationinc.com\/contact-us\/<\/a><br>ileri simge<br>Button_theme<br><br>#ffffff<br><br><h3><span>Dernekler ve Ba\u011fl\u0131 Kurulu\u015flar<\/span><\/h3><br>tekrarlama yok;merkez;;<br>Oto<br><br><img decoding=\"async\" src=\"https:\/\/ipautomationinc.com\/wp-content\/uploads\/2023\/12\/asi-logo.png#35542\" alt=\"asi-logo\"><br><a href=\"https:\/\/www.fanucamerica.com\/solutions\/applications\/material-handling-robots\">https:\/\/www.fanucamerica.com\/solutions\/applications\/material-handling-robots<\/a><br>Yak\u0131nla\u015ft\u0131r<br><br><img decoding=\"async\" src=\"https:\/\/ipautomationinc.com\/wp-content\/uploads\/2022\/04\/tma-logo.png\" alt=\"tma logosu\"><br><a href=\"https:\/\/www.tmaillinois.org\/\">https:\/\/www.tmaillinois.org\/<\/a><br>Yak\u0131nla\u015ft\u0131r<br><br><img decoding=\"async\" src=\"https:\/\/ipautomationinc.com\/wp-content\/uploads\/2022\/04\/Imec-logo-1.jpg\" alt=\"\u0130mec logosu\"><br><a href=\"https:\/\/www.imec.org\/\">https:\/\/www.imec.org\/<\/a><br>Yak\u0131nla\u015ft\u0131r<br><br><img decoding=\"async\" src=\"https:\/\/ipautomationinc.com\/wp-content\/uploads\/2022\/04\/br22.jpg\" alt=\"br22\"><br><a href=\"https:\/\/www.br-automation.com\/\">https:\/\/www.br-automation.com\/<\/a><br>Yak\u0131nla\u015ft\u0131r<br><br><img decoding=\"async\" src=\"https:\/\/ipautomationinc.com\/wp-content\/uploads\/2022\/04\/powerlink-logo.png\" alt=\"g\u00fc\u00e7 ba\u011flant\u0131s\u0131 logosu\"><br><a href=\"https:\/\/www.ethernet-powerlink.org\/\">https:\/\/www.ethernet-powerlink.org\/<\/a><br>Yak\u0131nla\u015ft\u0131r<br><br><img decoding=\"async\" src=\"https:\/\/ipautomationinc.com\/wp-content\/uploads\/2022\/04\/casmi.jpg\" alt=\"kasmi\"><br><a href=\"https:\/\/www.casmi-springworld.org\/\">https:\/\/www.casmi-springworld.org\/<\/a><br>Yak\u0131nla\u015ft\u0131r<br><br><\/p>","protected":false},"excerpt":{"rendered":"<p>We have over 100 years of combined experience in wire bending and automation. In-house engineering, tooling production, and machine building.<span class=\"excerpt-hellip\"> [\u2026]<\/span><\/p>\n","protected":false},"author":3,"featured_media":0,"parent":0,"menu_order":0,"comment_status":"open","ping_status":"closed","template":"","meta":{"footnotes":""},"class_list":["post-120","page","type-page","status-publish","hentry"],"yoast_head":"<!-- This site is optimized with the Yoast SEO plugin v27.4 - https:\/\/yoast.com\/product\/yoast-seo-wordpress\/ -->\n<title>About IP Automation | IP Automation Inc<\/title>\n<meta name=\"description\" content=\"Over 100 years combined experience in wire bending. In-house engineering, tooling, and production. Learn more about IP Automation.\" \/>\n<meta name=\"robots\" content=\"index, follow, max-snippet:-1, max-image-preview:large, max-video-preview:-1\" \/>\n<link rel=\"canonical\" href=\"https:\/\/ipautomationinc.com\/tr\/hakkimizda\/\" \/>\n<meta property=\"og:locale\" content=\"tr_TR\" \/>\n<meta property=\"og:type\" content=\"article\" \/>\n<meta property=\"og:title\" content=\"About IP Automation | IP Automation Inc\" \/>\n<meta property=\"og:description\" content=\"Over 100 years combined experience in wire bending. In-house engineering, tooling, and production. Learn more about IP Automation.\" \/>\n<meta property=\"og:url\" content=\"https:\/\/ipautomationinc.com\/tr\/hakkimizda\/\" \/>\n<meta property=\"og:site_name\" content=\"IP Automation Inc\" \/>\n<meta property=\"article:publisher\" content=\"https:\/\/www.facebook.com\/ipautomationinc\/\" \/>\n<meta property=\"article:modified_time\" content=\"2026-02-12T21:09:31+00:00\" \/>\n<meta property=\"og:image\" content=\"https:\/\/ipautomationinc.com\/wp-content\/uploads\/2023\/07\/1.1-with-logo.jpg#24683\" \/>\n<script type=\"application\/ld+json\" class=\"yoast-schema-graph\">{\"@context\":\"https:\\\/\\\/schema.org\",\"@graph\":[{\"@type\":\"WebPage\",\"@id\":\"https:\\\/\\\/ipautomationinc.com\\\/about-us\\\/\",\"url\":\"https:\\\/\\\/ipautomationinc.com\\\/about-us\\\/\",\"name\":\"About IP Automation | IP Automation Inc\",\"isPartOf\":{\"@id\":\"https:\\\/\\\/ipautomationinc.com\\\/#website\"},\"primaryImageOfPage\":{\"@id\":\"https:\\\/\\\/ipautomationinc.com\\\/about-us\\\/#primaryimage\"},\"image\":{\"@id\":\"https:\\\/\\\/ipautomationinc.com\\\/about-us\\\/#primaryimage\"},\"thumbnailUrl\":\"https:\\\/\\\/ipautomationinc.com\\\/wp-content\\\/uploads\\\/2023\\\/07\\\/1.1-with-logo.jpg#24683\",\"datePublished\":\"2017-10-27T22:55:58+00:00\",\"dateModified\":\"2026-02-12T21:09:31+00:00\",\"description\":\"Over 100 years combined experience in wire bending. In-house engineering, tooling, and production. Learn more about IP Automation.\",\"inLanguage\":\"tr\",\"potentialAction\":[{\"@type\":\"ReadAction\",\"target\":[\"https:\\\/\\\/ipautomationinc.com\\\/about-us\\\/\"]}]},{\"@type\":\"ImageObject\",\"inLanguage\":\"tr\",\"@id\":\"https:\\\/\\\/ipautomationinc.com\\\/about-us\\\/#primaryimage\",\"url\":\"https:\\\/\\\/ipautomationinc.com\\\/wp-content\\\/uploads\\\/2023\\\/07\\\/1.1-with-logo.jpg#24683\",\"contentUrl\":\"https:\\\/\\\/ipautomationinc.com\\\/wp-content\\\/uploads\\\/2023\\\/07\\\/1.1-with-logo.jpg#24683\"},{\"@type\":\"WebSite\",\"@id\":\"https:\\\/\\\/ipautomationinc.com\\\/#website\",\"url\":\"https:\\\/\\\/ipautomationinc.com\\\/\",\"name\":\"IP Automation Inc\",\"description\":\"Concept... Creation... Reality...\",\"publisher\":{\"@id\":\"https:\\\/\\\/ipautomationinc.com\\\/#organization\"},\"potentialAction\":[{\"@type\":\"SearchAction\",\"target\":{\"@type\":\"EntryPoint\",\"urlTemplate\":\"https:\\\/\\\/ipautomationinc.com\\\/?s={search_term_string}\"},\"query-input\":{\"@type\":\"PropertyValueSpecification\",\"valueRequired\":true,\"valueName\":\"search_term_string\"}}],\"inLanguage\":\"tr\"},{\"@type\":\"Organization\",\"@id\":\"https:\\\/\\\/ipautomationinc.com\\\/#organization\",\"name\":\"IP Automation Inc\",\"url\":\"https:\\\/\\\/ipautomationinc.com\\\/\",\"logo\":{\"@type\":\"ImageObject\",\"inLanguage\":\"tr\",\"@id\":\"https:\\\/\\\/ipautomationinc.com\\\/#\\\/schema\\\/logo\\\/image\\\/\",\"url\":\"https:\\\/\\\/ipautomationinc.com\\\/wp-content\\\/uploads\\\/2022\\\/05\\\/IPA-Favicon.png\",\"contentUrl\":\"https:\\\/\\\/ipautomationinc.com\\\/wp-content\\\/uploads\\\/2022\\\/05\\\/IPA-Favicon.png\",\"width\":513,\"height\":513,\"caption\":\"IP Automation Inc\"},\"image\":{\"@id\":\"https:\\\/\\\/ipautomationinc.com\\\/#\\\/schema\\\/logo\\\/image\\\/\"},\"sameAs\":[\"https:\\\/\\\/www.facebook.com\\\/ipautomationinc\\\/\",\"https:\\\/\\\/www.linkedin.com\\\/company\\\/ip-automation-inc\\\/\",\"https:\\\/\\\/www.youtube.com\\\/@IPAutomation\"]}]}<\/script>\n<!-- \/ Yoast SEO plugin. -->","yoast_head_json":{"title":"IP Otomasyonu Hakk\u0131nda | IP Otomasyon A.\u015e.","description":"Tel b\u00fckmede 100 y\u0131l\u0131 a\u015fk\u0131n birle\u015fik deneyim. \u015eirket i\u00e7i m\u00fchendislik, tak\u0131mlama ve \u00fcretim. IP Otomasyonu hakk\u0131nda daha fazla bilgi edinin.","robots":{"index":"index","follow":"follow","max-snippet":"max-snippet:-1","max-image-preview":"max-image-preview:large","max-video-preview":"max-video-preview:-1"},"canonical":"https:\/\/ipautomationinc.com\/tr\/hakkimizda\/","og_locale":"tr_TR","og_type":"article","og_title":"About IP Automation | IP Automation Inc","og_description":"Over 100 years combined experience in wire bending. In-house engineering, tooling, and production. Learn more about IP Automation.","og_url":"https:\/\/ipautomationinc.com\/tr\/hakkimizda\/","og_site_name":"IP Automation Inc","article_publisher":"https:\/\/www.facebook.com\/ipautomationinc\/","article_modified_time":"2026-02-12T21:09:31+00:00","og_image":[{"url":"https:\/\/ipautomationinc.com\/wp-content\/uploads\/2023\/07\/1.1-with-logo.jpg#24683","type":"","width":"","height":""}],"schema":{"@context":"https:\/\/schema.org","@graph":[{"@type":"WebPage","@id":"https:\/\/ipautomationinc.com\/about-us\/","url":"https:\/\/ipautomationinc.com\/about-us\/","name":"IP Otomasyonu Hakk\u0131nda | IP Otomasyon A.\u015e.","isPartOf":{"@id":"https:\/\/ipautomationinc.com\/#website"},"primaryImageOfPage":{"@id":"https:\/\/ipautomationinc.com\/about-us\/#primaryimage"},"image":{"@id":"https:\/\/ipautomationinc.com\/about-us\/#primaryimage"},"thumbnailUrl":"https:\/\/ipautomationinc.com\/wp-content\/uploads\/2023\/07\/1.1-with-logo.jpg#24683","datePublished":"2017-10-27T22:55:58+00:00","dateModified":"2026-02-12T21:09:31+00:00","description":"Tel b\u00fckmede 100 y\u0131l\u0131 a\u015fk\u0131n birle\u015fik deneyim. \u015eirket i\u00e7i m\u00fchendislik, tak\u0131mlama ve \u00fcretim. IP Otomasyonu hakk\u0131nda daha fazla bilgi edinin.","inLanguage":"tr","potentialAction":[{"@type":"ReadAction","target":["https:\/\/ipautomationinc.com\/about-us\/"]}]},{"@type":"ImageObject","inLanguage":"tr","@id":"https:\/\/ipautomationinc.com\/about-us\/#primaryimage","url":"https:\/\/ipautomationinc.com\/wp-content\/uploads\/2023\/07\/1.1-with-logo.jpg#24683","contentUrl":"https:\/\/ipautomationinc.com\/wp-content\/uploads\/2023\/07\/1.1-with-logo.jpg#24683"},{"@type":"WebSite","@id":"https:\/\/ipautomationinc.com\/#website","url":"https:\/\/ipautomationinc.com\/","name":"IP Otomasyon A.\u015e.","description":"Konsept... Yarat\u0131l\u0131\u015f... Ger\u00e7eklik...","publisher":{"@id":"https:\/\/ipautomationinc.com\/#organization"},"potentialAction":[{"@type":"SearchAction","target":{"@type":"EntryPoint","urlTemplate":"https:\/\/ipautomationinc.com\/?s={search_term_string}"},"query-input":{"@type":"PropertyValueSpecification","valueRequired":true,"valueName":"search_term_string"}}],"inLanguage":"tr"},{"@type":"Organization","@id":"https:\/\/ipautomationinc.com\/#organization","name":"IP Otomasyon A.\u015e.","url":"https:\/\/ipautomationinc.com\/","logo":{"@type":"ImageObject","inLanguage":"tr","@id":"https:\/\/ipautomationinc.com\/#\/schema\/logo\/image\/","url":"https:\/\/ipautomationinc.com\/wp-content\/uploads\/2022\/05\/IPA-Favicon.png","contentUrl":"https:\/\/ipautomationinc.com\/wp-content\/uploads\/2022\/05\/IPA-Favicon.png","width":513,"height":513,"caption":"IP Automation Inc"},"image":{"@id":"https:\/\/ipautomationinc.com\/#\/schema\/logo\/image\/"},"sameAs":["https:\/\/www.facebook.com\/ipautomationinc\/","https:\/\/www.linkedin.com\/company\/ip-automation-inc\/","https:\/\/www.youtube.com\/@IPAutomation"]}]}},"_links":{"self":[{"href":"https:\/\/ipautomationinc.com\/tr\/wp-json\/wp\/v2\/pages\/120","targetHints":{"allow":["GET"]}}],"collection":[{"href":"https:\/\/ipautomationinc.com\/tr\/wp-json\/wp\/v2\/pages"}],"about":[{"href":"https:\/\/ipautomationinc.com\/tr\/wp-json\/wp\/v2\/types\/page"}],"author":[{"embeddable":true,"href":"https:\/\/ipautomationinc.com\/tr\/wp-json\/wp\/v2\/users\/3"}],"replies":[{"embeddable":true,"href":"https:\/\/ipautomationinc.com\/tr\/wp-json\/wp\/v2\/comments?post=120"}],"version-history":[{"count":1,"href":"https:\/\/ipautomationinc.com\/tr\/wp-json\/wp\/v2\/pages\/120\/revisions"}],"predecessor-version":[{"id":37722,"href":"https:\/\/ipautomationinc.com\/tr\/wp-json\/wp\/v2\/pages\/120\/revisions\/37722"}],"wp:attachment":[{"href":"https:\/\/ipautomationinc.com\/tr\/wp-json\/wp\/v2\/media?parent=120"}],"curies":[{"name":"wp","href":"https:\/\/api.w.org\/{rel}","templated":true}]}}