{"id":118,"date":"2017-10-27T17:51:34","date_gmt":"2017-10-27T22:51:34","guid":{"rendered":"http:\/\/ipautomationinc.com\/?page_id=118"},"modified":"2024-03-13T21:59:50","modified_gmt":"2024-03-13T21:59:50","slug":"makine-yetenekleri","status":"publish","type":"page","link":"https:\/\/ipautomationinc.com\/tr\/machine-capabilities\/","title":{"rendered":"Makine Teknolojisi"},"content":{"rendered":"<h6 class=\"wp-block-heading\">Intellibend Yaz\u0131l\u0131m \u00f6zellikleri <br>21,5\u2033 \u00e7oklu dokunmatik ekranda basit programlama aray\u00fcz\u00fc <br>T\u00fcm servo eksenlerin tam CNC kontrol\u00fc <br>\u00c7arp\u0131\u015fma alg\u0131lama \u00f6zelli\u011fine sahip g\u00fcncellenmi\u015f 3D animasyonlu sim\u00fclasyon <br>Entegre parti kontrol\u00fc ve par\u00e7a say\u0131m\u0131 <br>Uzaktan teknik destek ve sorun giderme i\u00e7in yerle\u015fik a\u011f ba\u011flant\u0131s\u0131<br>Windows 10&#039;un tam geri alma\/yeniden yapma i\u015flevselli\u011fi <br>\\\u201dIIOT\\\u201d uygulamas\u0131 i\u00e7in OPC UA i\u015flevselli\u011fi <br>\u00d6zel G\/\u00c7 i\u015flevleri mevcuttur <br>Otomatik kaydetme\/yedekleme yard\u0131mc\u0131 programlar\u0131 <br>Fanuc robot teknolojisiyle otomatik \u00e7a\u011fr\u0131 ve ar\u0131za kurtarma <br>\u00dccretsiz olarak sa\u011flanan yaz\u0131l\u0131m g\u00fcncellemeleri <br>Yerle\u015fik not s\u00fctunlar\u0131 <br>Ortak Yaz\u0131l\u0131m \u00d6zellikleri<\/h6>\n\n\n\n<p><h3>Intellibend Yaz\u0131l\u0131m \u00f6zellikleri<\/h3>\n<br>\n<br>\n<br><h6>21,5\u2033 \u00e7oklu dokunmatik ekranda basit programlama aray\u00fcz\u00fc<\/h6>\n<br>\n<br>\n<br><h6>T\u00fcm servo eksenlerin tam CNC kontrol\u00fc<\/h6>\n<br>\n<br>\n<br><h6>\u00c7arp\u0131\u015fma alg\u0131lama \u00f6zelli\u011fine sahip g\u00fcncellenmi\u015f 3D animasyonlu sim\u00fclasyon<\/h6>\n<br>\n<br>\n<br><h6>Entegre parti kontrol\u00fc ve par\u00e7a say\u0131m\u0131<\/h6>\n<br>\n<br>\n<br><h6> Uzaktan teknik destek ve sorun giderme i\u00e7in yerle\u015fik a\u011f ba\u011flant\u0131s\u0131<\/h6>\n<br>\n<br>\n<br><h6>Windows 10&#039;un tam geri alma\/yeniden yapma i\u015flevselli\u011fi<\/h6>\n<br>\n<br>\n<br><h6>\\\u201dIIOT\\\u201d uygulamas\u0131 i\u00e7in OPC UA i\u015flevselli\u011fi<\/h6>\n<br>\n<br>\n<br><h6>\u00d6zel G\/\u00c7 i\u015flevleri mevcuttur<\/h6>\n<br>\n<br>\n<br><h6>Otomatik kaydetme\/yedekleme yard\u0131mc\u0131 programlar\u0131<\/h6>\n<br>\n<br>\n<br><h6>Fanuc robot teknolojisiyle otomatik \u00e7a\u011fr\u0131 ve ar\u0131za kurtarma<\/h6>\n<br>\n<br>\n<br><h6>\u00dccretsiz olarak sa\u011flanan yaz\u0131l\u0131m g\u00fcncellemeleri<\/h6>\n<br>\n<br>\n<br><h6>Yerle\u015fik not s\u00fctunlar\u0131<\/h6>\n<br>\n<br><br>Ortak Yaz\u0131l\u0131m \u00d6zellikleri<br>sol<br>tekrar yok;orta \u00fcst;;<br>Oto<br><br><img decoding=\"async\" src=\"https:\/\/ipautomationinc.com\/wp-content\/uploads\/2022\/05\/DH-Simulation_Moment-trim.jpg\" alt=\"DH Sim\u00fclasyonu_Moment-trim\" \/><br>tam dolu<br>10<br><br><img decoding=\"async\" src=\"https:\/\/ipautomationinc.com\/wp-content\/uploads\/2021\/12\/3D-EDIT-e1640878763153.png\" alt=\"3D D\u00dcZENLEME\" \/><br>orta<br><br><img decoding=\"async\" src=\"https:\/\/ipautomationinc.com\/wp-content\/uploads\/2021\/11\/3D-Feature-e1640879116681.png\" alt=\"3D \u00d6zelli\u011fi\" \/><br>orta<br><br><h3>3D Program Sim\u00fclasyonu<\/h3>\n<br>\n<br>\t<h6>Animasyonlu sim\u00fclasyon, tel form olu\u015fturma ve makine hareketleri \u00fcretir<\/h6>\n<br>\t<h6>Tasar\u0131m modu, kar\u015f\u0131l\u0131k gelen CNC kodunu d\u00fczenlemek i\u00e7in segment se\u00e7imine olanak tan\u0131r<\/h6>\n<br>\t<h6>Olu\u015fturulan tel formun hareketli 360 derece kamera g\u00f6r\u00fcnt\u00fcs\u00fc<\/h6>\n<br>\t<h6>Sim\u00fclasyonun tamam\u0131n\u0131 bir kerede veya ad\u0131m ad\u0131m \u00e7al\u0131\u015ft\u0131r\u0131n<\/h6>\n<br>\t<h6>Tel formunun kendisi ve makine ile \u00e7arp\u0131\u015fma tespiti<\/h6>\n<br><br>sol<br>tekrar yok;sol \u00fcst;;<br>Oto<br><br><h3>Mekanik \u00d6zellikler<\/h3>\n<br>\n<br>\n<br><h6>Di\u015fli tahrikli tel besleme mekanizmas\u0131 - giyilecek kay\u0131\u015f yok<\/h6>\n<br>\n<br>\n<br><h6>H\u0131zl\u0131 de\u011fi\u015ftirme M\u00fckemmel \u015fekilde hizalanan 2 tel boyutunda besleme silindiri<\/h6>\n<br>\n<br>\n<br><h6>T\u00fcm di\u015fliler uzun \u00f6m\u00fcr i\u00e7in sertle\u015ftirilmi\u015ftir<\/h6>\n<br>\n<br>\n<br><h6>Artt\u0131r\u0131lm\u0131\u015f tel \u015fekli tekrarlanabilirli\u011fi i\u00e7in tel stabilizat\u00f6r\u00fc<\/h6>\n<br>\n<br>\n<br><h6>Geni\u015f aral\u0131kl\u0131 2 d\u00fczlemli tel d\u00fczle\u015ftirici<\/h6>\n<br>\n<br>\n<br><h6>Sarf malzemeleri i\u00e7in alet \u00e7izimleri dahildir<\/h6>\n<br>\n<br>\n<br><h6>S\u00fcper sert kutu \u00e7er\u00e7eve yap\u0131s\u0131<\/h6>\n<br>\n<br>\n<br><h6>Standart 3000 lb motorlu \u00f6deme \u00fcnitesi dahildir<\/h6>\n<br>\n<br><br>A\u00e7\u0131klama<br>sol<br>tekrar yok;orta \u00fcst;;<br>Oto<br><br><img decoding=\"async\" src=\"https:\/\/ipautomationinc.com\/wp-content\/uploads\/2022\/05\/roller-front-2.jpg\" alt=\"silindir \u00f6n\" \/><br>orta<br><br><img decoding=\"async\" src=\"https:\/\/ipautomationinc.com\/wp-content\/uploads\/2022\/05\/roller-side.jpg\" alt=\"silindir taraf\u0131\" \/><br>orta<br><br><img decoding=\"async\" src=\"https:\/\/ipautomationinc.com\/wp-content\/uploads\/2021\/10\/pannel-e1640882866614.png\" alt=\"panel\" \/><br>tam dolu<br>i\u00e7ermek<br>merkez merkez<br>saklamak<br><br><img decoding=\"async\" src=\"https:\/\/ipautomationinc.com\/wp-content\/uploads\/2022\/04\/SDM.png\" alt=\"SDM\" \/><br>orta<br><br><h3>Kontroller\/Yaz\u0131l\u0131m \u00d6zellikleri<\/h3>\n<br>\n<br>\t<h6>Makineye tam genel bak\u0131\u015f i\u00e7in sistem te\u015fhis y\u00f6neticisi<\/h6>\n<br>\t<h6>Makine g\u00fc\u00e7 kullan\u0131m\u0131 ve verimlili\u011fi i\u00e7in g\u00fc\u00e7 kullan\u0131m\u0131 monit\u00f6r\u00fc<\/h6>\n<br>\t<h6>Daha y\u00fcksek makine performans\u0131 i\u00e7in DC bara voltaj\u0131n\u0131 art\u0131ran aktif g\u00fc\u00e7 kaynaklar\u0131<\/h6>\n<br>\t<h6>Makine verimlili\u011fi i\u00e7in payla\u015f\u0131lan DC bara voltaj\u0131, ekstra g\u00fc\u00e7 filtrelenerek hatta geri g\u00f6nderilir<\/h6>\n<br>\t<h6>Besleyici kaymas\u0131n\u0131 tespit etmek i\u00e7in tel konumu kodlay\u0131c\u0131<\/h6>\n<br><br>A\u00e7\u0131klama<br>sol<br>tekrar yok;orta \u00fcst;;<br>Oto<br><br>Temasta olmak<br><a href=\"https:\/\/ipautomationinc.com\/tr\/bize-ulasin\/\">https:\/\/ipautomationinc.com\/contact-us\/<\/a><br>ileri simge<br>Sa\u011f<br>4<br>Button_theme<br>merkez<br><br><\/p>","protected":false},"excerpt":{"rendered":"<p>Intellibend Software features Simple programming interface on 21.5&#8243; multi touch screen Full CNC control of all servo axis Updated 3D<span class=\"excerpt-hellip\"> [\u2026]<\/span><\/p>\n","protected":false},"author":3,"featured_media":0,"parent":0,"menu_order":0,"comment_status":"open","ping_status":"closed","template":"","meta":{"footnotes":""},"class_list":["post-118","page","type-page","status-publish","hentry"],"yoast_head":"<!-- This site is optimized with the Yoast SEO plugin v27.3 - https:\/\/yoast.com\/product\/yoast-seo-wordpress\/ -->\n<title>Machine Technology | IP Automation Inc<\/title>\n<meta name=\"description\" content=\"Learn about the mechanical and programming machine features that goes into our machinery. Intellibend software with simulation.\" \/>\n<meta name=\"robots\" content=\"index, follow, max-snippet:-1, max-image-preview:large, max-video-preview:-1\" \/>\n<link rel=\"canonical\" href=\"https:\/\/ipautomationinc.com\/tr\/makine-yetenekleri\/\" \/>\n<meta property=\"og:locale\" content=\"tr_TR\" \/>\n<meta property=\"og:type\" content=\"article\" \/>\n<meta property=\"og:title\" content=\"Machine Technology | IP Automation Inc\" \/>\n<meta property=\"og:description\" content=\"Learn about the mechanical and programming machine features that goes into our machinery. Intellibend software with simulation.\" \/>\n<meta property=\"og:url\" content=\"https:\/\/ipautomationinc.com\/tr\/makine-yetenekleri\/\" \/>\n<meta property=\"og:site_name\" content=\"IP Automation Inc\" \/>\n<meta property=\"article:publisher\" content=\"https:\/\/www.facebook.com\/ipautomationinc\/\" \/>\n<meta property=\"article:modified_time\" content=\"2024-03-13T21:59:50+00:00\" \/>\n<meta property=\"og:image\" content=\"https:\/\/ipautomationinc.com\/wp-content\/uploads\/2022\/05\/web-header_Artboard-6.jpg\" \/>\n\t<meta property=\"og:image:width\" content=\"1920\" \/>\n\t<meta property=\"og:image:height\" content=\"815\" \/>\n\t<meta property=\"og:image:type\" content=\"image\/jpeg\" \/>\n<script type=\"application\/ld+json\" class=\"yoast-schema-graph\">{\"@context\":\"https:\\\/\\\/schema.org\",\"@graph\":[{\"@type\":\"WebPage\",\"@id\":\"https:\\\/\\\/ipautomationinc.com\\\/machine-capabilities\\\/\",\"url\":\"https:\\\/\\\/ipautomationinc.com\\\/machine-capabilities\\\/\",\"name\":\"Machine Technology | IP Automation Inc\",\"isPartOf\":{\"@id\":\"https:\\\/\\\/ipautomationinc.com\\\/#website\"},\"primaryImageOfPage\":{\"@id\":\"https:\\\/\\\/ipautomationinc.com\\\/machine-capabilities\\\/#primaryimage\"},\"image\":{\"@id\":\"https:\\\/\\\/ipautomationinc.com\\\/machine-capabilities\\\/#primaryimage\"},\"thumbnailUrl\":\"https:\\\/\\\/ipautomationinc.com\\\/wp-content\\\/uploads\\\/2022\\\/05\\\/DH-Simulation_Moment-trim.jpg\",\"datePublished\":\"2017-10-27T22:51:34+00:00\",\"dateModified\":\"2024-03-13T21:59:50+00:00\",\"description\":\"Learn about the mechanical and programming machine features that goes into our machinery. Intellibend software with simulation.\",\"inLanguage\":\"tr\",\"potentialAction\":[{\"@type\":\"ReadAction\",\"target\":[\"https:\\\/\\\/ipautomationinc.com\\\/machine-capabilities\\\/\"]}]},{\"@type\":\"ImageObject\",\"inLanguage\":\"tr\",\"@id\":\"https:\\\/\\\/ipautomationinc.com\\\/machine-capabilities\\\/#primaryimage\",\"url\":\"https:\\\/\\\/ipautomationinc.com\\\/wp-content\\\/uploads\\\/2022\\\/05\\\/DH-Simulation_Moment-trim.jpg\",\"contentUrl\":\"https:\\\/\\\/ipautomationinc.com\\\/wp-content\\\/uploads\\\/2022\\\/05\\\/DH-Simulation_Moment-trim.jpg\"},{\"@type\":\"WebSite\",\"@id\":\"https:\\\/\\\/ipautomationinc.com\\\/#website\",\"url\":\"https:\\\/\\\/ipautomationinc.com\\\/\",\"name\":\"IP Automation Inc\",\"description\":\"Concept... Creation... Reality...\",\"publisher\":{\"@id\":\"https:\\\/\\\/ipautomationinc.com\\\/#organization\"},\"potentialAction\":[{\"@type\":\"SearchAction\",\"target\":{\"@type\":\"EntryPoint\",\"urlTemplate\":\"https:\\\/\\\/ipautomationinc.com\\\/?s={search_term_string}\"},\"query-input\":{\"@type\":\"PropertyValueSpecification\",\"valueRequired\":true,\"valueName\":\"search_term_string\"}}],\"inLanguage\":\"tr\"},{\"@type\":\"Organization\",\"@id\":\"https:\\\/\\\/ipautomationinc.com\\\/#organization\",\"name\":\"IP Automation Inc\",\"url\":\"https:\\\/\\\/ipautomationinc.com\\\/\",\"logo\":{\"@type\":\"ImageObject\",\"inLanguage\":\"tr\",\"@id\":\"https:\\\/\\\/ipautomationinc.com\\\/#\\\/schema\\\/logo\\\/image\\\/\",\"url\":\"https:\\\/\\\/ipautomationinc.com\\\/wp-content\\\/uploads\\\/2022\\\/05\\\/IPA-Favicon.png\",\"contentUrl\":\"https:\\\/\\\/ipautomationinc.com\\\/wp-content\\\/uploads\\\/2022\\\/05\\\/IPA-Favicon.png\",\"width\":513,\"height\":513,\"caption\":\"IP Automation Inc\"},\"image\":{\"@id\":\"https:\\\/\\\/ipautomationinc.com\\\/#\\\/schema\\\/logo\\\/image\\\/\"},\"sameAs\":[\"https:\\\/\\\/www.facebook.com\\\/ipautomationinc\\\/\",\"https:\\\/\\\/www.linkedin.com\\\/company\\\/ip-automation-inc\\\/\",\"https:\\\/\\\/www.youtube.com\\\/@IPAutomation\"]}]}<\/script>\n<!-- \/ Yoast SEO plugin. -->","yoast_head_json":{"title":"Makine Teknolojisi | IP Otomasyon A.\u015e.","description":"Makinelerimizde bulunan mekanik ve programlama makine \u00f6zellikleri hakk\u0131nda bilgi edinin. Sim\u00fclasyonlu Intellibend yaz\u0131l\u0131m\u0131.","robots":{"index":"index","follow":"follow","max-snippet":"max-snippet:-1","max-image-preview":"max-image-preview:large","max-video-preview":"max-video-preview:-1"},"canonical":"https:\/\/ipautomationinc.com\/tr\/makine-yetenekleri\/","og_locale":"tr_TR","og_type":"article","og_title":"Machine Technology | IP Automation Inc","og_description":"Learn about the mechanical and programming machine features that goes into our machinery. Intellibend software with simulation.","og_url":"https:\/\/ipautomationinc.com\/tr\/makine-yetenekleri\/","og_site_name":"IP Automation Inc","article_publisher":"https:\/\/www.facebook.com\/ipautomationinc\/","article_modified_time":"2024-03-13T21:59:50+00:00","og_image":[{"width":1920,"height":815,"url":"https:\/\/ipautomationinc.com\/wp-content\/uploads\/2022\/05\/web-header_Artboard-6.jpg","type":"image\/jpeg"}],"schema":{"@context":"https:\/\/schema.org","@graph":[{"@type":"WebPage","@id":"https:\/\/ipautomationinc.com\/machine-capabilities\/","url":"https:\/\/ipautomationinc.com\/machine-capabilities\/","name":"Makine Teknolojisi | IP Otomasyon A.\u015e.","isPartOf":{"@id":"https:\/\/ipautomationinc.com\/#website"},"primaryImageOfPage":{"@id":"https:\/\/ipautomationinc.com\/machine-capabilities\/#primaryimage"},"image":{"@id":"https:\/\/ipautomationinc.com\/machine-capabilities\/#primaryimage"},"thumbnailUrl":"https:\/\/ipautomationinc.com\/wp-content\/uploads\/2022\/05\/DH-Simulation_Moment-trim.jpg","datePublished":"2017-10-27T22:51:34+00:00","dateModified":"2024-03-13T21:59:50+00:00","description":"Makinelerimizde bulunan mekanik ve programlama makine \u00f6zellikleri hakk\u0131nda bilgi edinin. Sim\u00fclasyonlu Intellibend yaz\u0131l\u0131m\u0131.","inLanguage":"tr","potentialAction":[{"@type":"ReadAction","target":["https:\/\/ipautomationinc.com\/machine-capabilities\/"]}]},{"@type":"ImageObject","inLanguage":"tr","@id":"https:\/\/ipautomationinc.com\/machine-capabilities\/#primaryimage","url":"https:\/\/ipautomationinc.com\/wp-content\/uploads\/2022\/05\/DH-Simulation_Moment-trim.jpg","contentUrl":"https:\/\/ipautomationinc.com\/wp-content\/uploads\/2022\/05\/DH-Simulation_Moment-trim.jpg"},{"@type":"WebSite","@id":"https:\/\/ipautomationinc.com\/#website","url":"https:\/\/ipautomationinc.com\/","name":"IP Otomasyon A.\u015e.","description":"Konsept... Yarat\u0131l\u0131\u015f... Ger\u00e7eklik...","publisher":{"@id":"https:\/\/ipautomationinc.com\/#organization"},"potentialAction":[{"@type":"SearchAction","target":{"@type":"EntryPoint","urlTemplate":"https:\/\/ipautomationinc.com\/?s={search_term_string}"},"query-input":{"@type":"PropertyValueSpecification","valueRequired":true,"valueName":"search_term_string"}}],"inLanguage":"tr"},{"@type":"Organization","@id":"https:\/\/ipautomationinc.com\/#organization","name":"IP Otomasyon A.\u015e.","url":"https:\/\/ipautomationinc.com\/","logo":{"@type":"ImageObject","inLanguage":"tr","@id":"https:\/\/ipautomationinc.com\/#\/schema\/logo\/image\/","url":"https:\/\/ipautomationinc.com\/wp-content\/uploads\/2022\/05\/IPA-Favicon.png","contentUrl":"https:\/\/ipautomationinc.com\/wp-content\/uploads\/2022\/05\/IPA-Favicon.png","width":513,"height":513,"caption":"IP Automation Inc"},"image":{"@id":"https:\/\/ipautomationinc.com\/#\/schema\/logo\/image\/"},"sameAs":["https:\/\/www.facebook.com\/ipautomationinc\/","https:\/\/www.linkedin.com\/company\/ip-automation-inc\/","https:\/\/www.youtube.com\/@IPAutomation"]}]}},"_links":{"self":[{"href":"https:\/\/ipautomationinc.com\/tr\/wp-json\/wp\/v2\/pages\/118","targetHints":{"allow":["GET"]}}],"collection":[{"href":"https:\/\/ipautomationinc.com\/tr\/wp-json\/wp\/v2\/pages"}],"about":[{"href":"https:\/\/ipautomationinc.com\/tr\/wp-json\/wp\/v2\/types\/page"}],"author":[{"embeddable":true,"href":"https:\/\/ipautomationinc.com\/tr\/wp-json\/wp\/v2\/users\/3"}],"replies":[{"embeddable":true,"href":"https:\/\/ipautomationinc.com\/tr\/wp-json\/wp\/v2\/comments?post=118"}],"version-history":[{"count":0,"href":"https:\/\/ipautomationinc.com\/tr\/wp-json\/wp\/v2\/pages\/118\/revisions"}],"wp:attachment":[{"href":"https:\/\/ipautomationinc.com\/tr\/wp-json\/wp\/v2\/media?parent=118"}],"curies":[{"name":"wp","href":"https:\/\/api.w.org\/{rel}","templated":true}]}}