{"id":1161,"date":"2022-06-01T14:10:28","date_gmt":"2022-06-01T19:10:28","guid":{"rendered":"https:\/\/ipautomationinc.com\/?page_id=1161"},"modified":"2026-03-27T13:27:01","modified_gmt":"2026-03-27T18:27:01","slug":"serisi-i-sc","status":"publish","type":"page","link":"https:\/\/ipautomationinc.com\/tr\/i-sc-series\/","title":{"rendered":"i-SC Series CNC Wire Bender"},"content":{"rendered":"<h6 class=\"wp-block-heading\"><strong>The i-SC series 3D CNC wire bender is a powerhouse of value. It features an all-electric bending and cutting design using the same precision feed mechanisms, Intellibend software with 3D simulation and an incredible list of features you&#8217;ll find on our more advanced machines.<\/strong><\/h6>\n\n\n\n<p><\/p>\n\n\n\n<p><span class=\"builder2seo\"><\/span>Kompakt Tek Kafa CNC Tel B\u00fckme Makinesi<br><br>i-SC Serisi<br><br><img decoding=\"async\" src=\"https:\/\/ipautomationinc.com\/wp-content\/uploads\/2025\/09\/i8-SC-RGB.png#38241\" alt=\"i8-SC RGB\"><br>i-SC CNC tel olu\u015fturucu<br>400 piksel<br><br>Video i\u00e7in buray\u0131 t\u0131klay\u0131n<br><a href=\"https:\/\/ipautomationinc.com\/tr\/serisi-i-sc\/#video\">https:\/\/ipautomationinc.com\/i-sc-series\/#video<\/a><br>fas fa-oyun \u00e7emberi<br>Button_theme<br><br>Bro\u015f\u00fcr PDF&#039;si i\u00e7in buraya t\u0131klay\u0131n<br><a href=\"https:\/\/ipautomationinc.com\/wp-content\/uploads\/2025\/09\/2025-i-SC-Flyer.pdf\">https:\/\/ipautomationinc.com\/wp-content\/uploads\/2025\/09\/2025-i-SC-Flyer.pdf<\/a><br>fas fa-dosyas\u0131-pdf<br>Button_theme<br>https:\/\/ipautomationinc.com\/wp-content\/uploads\/2025\/09\/2025-i-SC-Flyer.pdf<br><br>261,260,262,251,246<br>#0455B3<br>3px 3px 3px 3px<br><br><h4>The i-SC series 3D CNC wire bender is a powerhouse of value. It features an all-electric bending and cutting design using the same precision feed mechanisms, Intellibend software with 3D simulation and an incredible list of features you\\&#8217;ll find on our more advanced machines.You will make quick work of common wire forms and immediately appreciate the refined details of this thoughtfully engineered machine and user-friendly design.The i-SC series CNC wire bender is an affordable performer, designed for low maintenance, easy setup and long term durability.<\/h4><br><br><h3>Uygulamalar<\/h3><h4>POP ekran bile\u015fenleri, cihaz end\u00fcstrileri, klipsler, tutucular, kancalar, yaylar, ask\u0131lar, konekt\u00f6rler, a\u011fa\u00e7 fidanl\u0131\u011f\u0131 sepeti par\u00e7alar\u0131 i\u00e7in m\u00fckemmeldir.<\/h4><br>#EBEBEB<br><br><img decoding=\"async\" src=\"https:\/\/ipautomationinc.com\/wp-content\/uploads\/2025\/09\/i8-SC-RGB.png#38241\" alt=\"i8-SC RGB\"><br><br>Video i\u00e7in buray\u0131 t\u0131klay\u0131n<br><a href=\"https:\/\/ipautomationinc.com\/tr\/serisi-i-sc\/#video\">https:\/\/ipautomationinc.com\/i-sc-series\/#video<\/a><br>fas fa-oyun \u00e7emberi<br>Button_theme<br><br>Bro\u015f\u00fcr PDF&#039;si i\u00e7in buraya t\u0131klay\u0131n<br><a href=\"https:\/\/ipautomationinc.com\/wp-content\/uploads\/2025\/09\/2025-i-SC-Flyer.pdf\">https:\/\/ipautomationinc.com\/wp-content\/uploads\/2025\/09\/2025-i-SC-Flyer.pdf<\/a><br>fas fa-dosyas\u0131-pdf<br>Button_theme<br>https:\/\/ipautomationinc.com\/wp-content\/uploads\/2025\/09\/2025-i-SC-Flyer.pdf<br><br>261,260,262,251,246<br>#0455B3<br>3px 3px 3px 3px<br>gelenek<br>80%<br><br><h4>The i-SC series 3D CNC wire bender is a powerhouse of value. It features an all-electric bending and cutting design using the same precision feed mechanisms, Intellibend software with 3D Simulation and an incredible list of features you\\&#8217;ll find on our more advanced machines.You will make quick work of common wire forms and immediately appreciate the refined details of this thoughtfully engineered machine and user-friendly design.The i-SC series CNC wire bender is an affordable performer, designed for low maintenance, easy setup and long term durability.<\/h4><br><br><h3>Uygulamalar<\/h3><h4>POP ekran bile\u015fenleri, cihaz end\u00fcstrileri, klipsler, tutucular, kancalar, yaylar, ask\u0131lar, konekt\u00f6rler, a\u011fa\u00e7 fidanl\u0131\u011f\u0131 sepeti par\u00e7alar\u0131 i\u00e7in m\u00fckemmeldir.<\/h4><br>#EBEBEB<br><br><br>Medya<br><br>;C;;<br><br>i6-SC Video<br><a href=\"https:\/\/player.vimeo.com\/video\/799206818\">https:\/\/player.vimeo.com\/video\/799206818<\/a><br>lightbox<br>Button_theme<br>exit-mfn-popup<br><br>37051,1326,1208,1204,37052<br><br><br>\u00d6zellikler<br><br>B\u00fckme<br>Programlama<br>Detaylar<br>Makine D\u00fczeni<br><br><br>\t4 Servo Axes: X &#8211; feed, Y &#8211; bend, Z &#8211; arm rotation, + 1 combined servo cutter and bend head height<br><br><br><br>\tMerkez tak\u0131m sabit konumdad\u0131r ve servo ayarlanabilir b\u00fckme kafas\u0131 y\u00fcksekli\u011fi sayesinde 2 simetrik yar\u0131\u00e7ap potansiyeli sunar. Merkez tak\u0131m, ayn\u0131 tak\u0131m\u0131n kar\u015f\u0131 taraf\u0131nda 2 ek yar\u0131\u00e7ap sa\u011flamak \u00fczere manuel olarak d\u00f6nd\u00fcr\u00fclebilir.<br><br><br><br>\u0130ki pimli b\u00fckme y\u00f6ntemimiz, tek pimli b\u00fckme makinelerinin iki kat\u0131 h\u0131zda alternatif b\u00fckmeler ba\u015flat\u0131r.<br><br><br><br>\u00d6zel tak\u0131m se\u00e7enekleri ve halka kesme tak\u0131mlar\u0131 mevcuttur.<br><br><br><br>IP Otomasyon m\u00fchendisleri ve CNC makineleri, t\u00fcm b\u00fckme kafalar\u0131, kesiciler ve tel besleme silindirlerini kendi b\u00fcnyesinde makul maliyetle ve h\u0131zl\u0131 geri d\u00f6n\u00fc\u015fle sa\u011flar.<br><br><br><br><br>\t<a href=\"https:\/\/ipautomationinc.com\/tr\/makine-yetenekleri\/\"><span>Intellibend yaz\u0131l\u0131m\u0131<\/span> <\/a> 3D sim\u00fclasyonlu Windows 10 i\u015fletim sisteminde<br><br><br><br>      Uzunluk-D\u00f6nme-A\u00e7\u0131 CNC program format\u0131<br><br><br><br>      Ger\u00e7ek zamanl\u0131 oran ve toplu programlamaya sahip \u00fcretim kontrol paneli<br><br><br><br>      18,5\u2033 \u00c7oklu dokunmatik ekran<br><br><br><br>      VPN t\u00fcneli \u00fczerinden uzaktan ba\u011flant\u0131<br><br>      End\u00fcstri 4.0 i\u00e7in OPC-UA protokol\u00fc<br><br><br><br>      \u00d6zel G\/\u00c7 i\u015flevleri mevcuttur<br><br>\t<br><br><br>Do\u011frusal hareket kolu kapasitesiyle tel getirisi: 3000 lbs. dahil (4500 lbs. se\u00e7ene\u011fi mevcuttur)<br><br>G\u00fcvenlik kilitleme kap\u0131l\u0131 7\u2032 (2,13 m) g\u00fcvenlik kafesi<br><br>Geni\u015f aral\u0131kl\u0131 \u00e7ift d\u00fczlemli tel d\u00fczle\u015ftirici<br><br>T\u00fcm besleme ve b\u00fckme tahrik sistemleri sertle\u015ftirilmi\u015f di\u015flilere sahiptir ve tamamen kapal\u0131d\u0131r.<br><br>2 tel boyutu i\u00e7in h\u0131zl\u0131 \u00e7evirmeli sertle\u015ftirilmi\u015f besleme silindirleri<br><br>Do\u011fruluk ve kayma tespiti i\u00e7in tel beslemede do\u011frusal kodlay\u0131c\u0131<br><br>Tekrar bilenebilir kesici kal\u0131p y\u00fczeyi<br><br>Yerinde e\u011fitim mevcut<br><br>Robotik entegrasyon yetene\u011fine sahip<br><br><br><div class=\"image_frame image_item scale-with-grid element_classes aligncenter no_border hover-disable mfn-img-box\"  role=\"link\" aria-label=\"Ba\u011flant\u0131lar\u0131 i\u00e7eren resim\" tabindex=\"0\"><div class=\"image_wrapper\"><a href=\"https:\/\/ipautomationinc.com\/wp-content\/uploads\/2022\/06\/i6-SC-layout.jpg\" rel=\"prettyphoto\"   class=\"\"  tabindex=\"-1\" title=\"\"><div class=\"mask\"><\/div><img decoding=\"async\" class=\"scale-with-grid\" src=\"https:\/\/ipautomationinc.com\/wp-content\/uploads\/2022\/06\/i6-SC-layout.jpg\" fetchpriority=\"high\" alt=\"i6-SC d\u00fczeni\" title=\"\" width=\"300\" height=\"886\" style=\"\"\/><\/a><div class=\"image_links\"><a href=\"https:\/\/ipautomationinc.com\/wp-content\/uploads\/2022\/06\/i6-SC-layout.jpg\" class=\"zoom\" rel=\"prettyphoto\" tabindex=\"-1\" aria-label=\"g\u00f6r\u00fcnt\u00fcy\u00fc yak\u0131nla\u015ft\u0131r\" title=\"\"><svg viewbox=\"0 0 26 26\"><defs><style>.path{fill:none;stroke:#333;stroke-miterlimit:10;stroke-width:1.5px;}<\/style><\/defs><circle cx=\"11.35\" cy=\"11.35\" r=\"6\" class=\"path\"\/><line x1=\"15.59\" y1=\"15.59\" x2=\"20.65\" y2=\"20.65\" class=\"path\"\/><\/svg><\/a><\/div><\/div><\/div>\n<br>#EBEBEB<br>#222222<br><br><br>\u00d6zellikler<br><br><br><br><p>*Minimum ve maksimum \u00e7ap kapasitesi telin \u00e7ekme dayan\u0131m\u0131ndan etkilenir. Tel t\u00fcr\u00fcn\u00fcz i\u00e7in min\/maks aral\u0131\u011f\u0131n\u0131n a\u00e7\u0131kl\u0131\u011fa kavu\u015fturulmas\u0131 i\u00e7in bizimle ileti\u015fime ge\u00e7in.<\/p><br><br><br>Makine Se\u00e7enekleri<br><br>Ak\u0131ll\u0131 Robotik<br>\u00f6zelle\u015ftirilmi\u015f EOAT ile<br><img decoding=\"async\" src=\"https:\/\/ipautomationinc.com\/wp-content\/uploads\/2022\/06\/machine-options_robot.png\" alt=\"makine-se\u00e7enekleri_robot\"><br><a href=\"https:\/\/ipautomationinc.com\/tr\/aksesuarlar\/robotik\/\">https:\/\/ipautomationinc.com\/accessories\/robotics\/<\/a><br>kutu \u00f6l\u00e7ekli<br>70%<br>#000000<br><br>iFM \u0130\u015fleme Merkezi<br><img decoding=\"async\" src=\"https:\/\/ipautomationinc.com\/wp-content\/uploads\/2023\/11\/ifm-icon-1.png#35422\" alt=\"ifm simgesi\"><br><a href=\"https:\/\/ipautomationinc.com\/tr\/aksesuarlar\/isleme-merkezi\/\">https:\/\/ipautomationinc.com\/accessories\/machining-center\/<\/a><br>kutu \u00f6l\u00e7ekli<br>70%<br><br>Pah K\u0131rma\/Matkap \u0130stasyonu<br><img decoding=\"async\" src=\"https:\/\/ipautomationinc.com\/wp-content\/uploads\/2024\/08\/chamfer-drill.png#36736\" alt=\"pah k\u0131rma matkab\u0131\"><br><a href=\"https:\/\/ipautomationinc.com\/tr\/aksesuarlar\/pah-kirma-matkabi\/\">https:\/\/ipautomationinc.com\/accessories\/chamfer-drill\/<\/a><br>kutu \u00f6l\u00e7ekli<br>70%<br><br>iBW-45 Kaynak Makinesi<br>d\u00f6ner kaynak swerli<br><img decoding=\"async\" src=\"https:\/\/ipautomationinc.com\/wp-content\/uploads\/2025\/08\/machine-options_iBW-45.png#38050\" alt=\"machine-options_iBW-45\"><br><a href=\"https:\/\/ipautomationinc.com\/tr\/aksesuarlar\/otomatik-kaynakcilar\/\">https:\/\/ipautomationinc.com\/accessories\/automated-welders\/<\/a><br>kutu \u00f6l\u00e7ekli<br>70%<br>#000000<br><br>Kameral\u0131 Kontrol<br><img decoding=\"async\" src=\"https:\/\/ipautomationinc.com\/wp-content\/uploads\/2022\/06\/machine-options_vision-inspection-closeup.png\" alt=\"makine-se\u00e7enekleri_vizyon-muayene-yak\u0131n \u00e7ekim\"><br>kutu \u00f6l\u00e7ekli<br>70%<br><br>Par\u00e7a Ta\u015f\u0131ma \u00c7\u00f6z\u00fcmleri<br><img decoding=\"async\" src=\"https:\/\/ipautomationinc.com\/wp-content\/uploads\/2022\/06\/machine-options_rack-option.png\" alt=\"makine-options_rack-option\"><br>kutu \u00f6l\u00e7ekli<br>70%<br><br>Servo Pres<br><img decoding=\"async\" src=\"https:\/\/ipautomationinc.com\/wp-content\/uploads\/2022\/06\/machine-options_servo-press.png\" alt=\"makine-options_servo-press\"><br>kutu \u00f6l\u00e7ekli<br>70%<br><br>So\u011fuk Ba\u015fl\u0131k<br><img decoding=\"async\" src=\"https:\/\/ipautomationinc.com\/wp-content\/uploads\/2022\/06\/machine-options_cold-heading.png\" alt=\"makine-se\u00e7enekleri_so\u011fuk-ba\u015fl\u0131k\"><br>kutu \u00f6l\u00e7ekli<br>70%<br><br>Hemen Fiyat Al\u0131n!<br>ileri simge<br><a href=\"https:\/\/ipautomationinc.com\/tr\/bize-ulasin\/#form\">https:\/\/ipautomationinc.com\/contact-us\/#form<\/a><br>50 piksel<br><br>Di\u011fer CNC Tel B\u00fckme Makinalar\u0131<br><br><h4>i-S\u00b2 Serisi<\/h4><br><br><p><hr class=\"no_line\" style=\"margin: 0 auto 0px auto\"\/>\n <a href=\"https:\/\/ipautomationinc.com\/tr\/serisi-i-s-kare\/\"> <img decoding=\"async\" src=\"https:\/\/ipautomationinc.com\/wp-content\/uploads\/2024\/08\/i10-S\u00b2-rgb.png\" alt=\"i-S\u00b2 CNC Tel \u015eekillendirici\"> <\/a> <hr class=\"no_line\" style=\"margin: 0 auto 0px auto\"\/>\n<\/p><br><br><p>S\u00b2 serisi, S serisi 2-13 mm&#039;ye \u00e7ift taret \u00e7ok y\u00f6nl\u00fcl\u00fc\u011f\u00fc ve boru b\u00fckme yetene\u011fi getiriyor<\/p><br><br><a class=\"mfn-link mfn-link-1\" href=\"\" style=\"\" data-hover=\"\"   ><span data-hover=\"\"><\/span><\/a><br>tekrar yok;sol \u00fcst;;<br>Oto<br><br><h4>i-S\u00b2-P Serisi<\/h4><br><br><p><hr class=\"no_line\" style=\"margin: 0 auto 0px auto\"\/>\n <a href=\"https:\/\/ipautomationinc.com\/tr\/serisi-i-s-kare-p\/\"> <img decoding=\"async\" src=\"https:\/\/ipautomationinc.com\/wp-content\/uploads\/2026\/02\/i10-S\u00b2-P-Single-Piece-3D-CNC-Wire-Bender.png\" alt=\"i-S\u00b2-P Tek Par\u00e7a CNC Tel \u015eekillendirici\"> <\/a> <hr class=\"no_line\" style=\"margin: 0 auto 0px auto\"\/>\n<\/p><br><br><p>S\u00b2-P serisi, 2,5-13 mm aras\u0131ndaki zorlu tel \u015fekillendirme i\u015flemlerini kolayla\u015ft\u0131rmak i\u00e7in tasarlanm\u0131\u015ft\u0131r.<\/p><br><br><a class=\"mfn-link mfn-link-1\" href=\"\" style=\"\" data-hover=\"\"   ><span data-hover=\"\"><\/span><\/a><br>tekrar yok;sol \u00fcst;;<br>Oto<br><br><h4>i-S Serisi<\/h4><br><br><p><hr class=\"no_line\" style=\"margin: 0 auto 0px auto\"\/>\n <a href=\"https:\/\/ipautomationinc.com\/tr\/serisi-i-s\/\"> <img decoding=\"async\" src=\"https:\/\/ipautomationinc.com\/wp-content\/uploads\/2023\/02\/i8-S-RGB-1.png\" alt=\"iS CNC Tel \u015eekillendirici\"> <\/a> <hr class=\"no_line\" style=\"margin: 0 auto 0px auto\"\/>\n<\/p><br><br><p>S serisi, 2-16 mm aras\u0131 3D tel formlar\u0131 i\u00e7in hassas bir \u00e7al\u0131\u015fma \u00fcnitesidir<\/p><br><br><a class=\"mfn-link mfn-link-1\" href=\"\" style=\"\" data-hover=\"\"   ><span data-hover=\"\"><\/span><\/a><br>tekrar yok;sol \u00fcst;;<br>Oto<br><br><\/p>","protected":false},"excerpt":{"rendered":"<p>The i-SC series 3D CNC wire bender is a powerhouse of value. It features an all-electric bending and cutting design<span class=\"excerpt-hellip\"> [\u2026]<\/span><\/p>\n","protected":false},"author":3,"featured_media":0,"parent":0,"menu_order":0,"comment_status":"closed","ping_status":"closed","template":"","meta":{"footnotes":""},"class_list":["post-1161","page","type-page","status-publish","hentry"],"yoast_head":"<!-- This site is optimized with the Yoast SEO plugin v27.3 - https:\/\/yoast.com\/product\/yoast-seo-wordpress\/ -->\n<title>i-SC Series CNC Wire Bender | IP Automation Inc<\/title>\n<meta name=\"description\" content=\"The i-SC series 3D CNC wire bender is an affordable performer, designed for low maintenance, easy setup and long term durability.\" \/>\n<meta name=\"robots\" content=\"index, follow, max-snippet:-1, max-image-preview:large, max-video-preview:-1\" \/>\n<link rel=\"canonical\" href=\"https:\/\/ipautomationinc.com\/tr\/serisi-i-sc\/\" \/>\n<meta property=\"og:locale\" content=\"tr_TR\" \/>\n<meta property=\"og:type\" content=\"article\" \/>\n<meta property=\"og:title\" content=\"i-SC Series CNC Wire Bender | IP Automation Inc\" \/>\n<meta property=\"og:description\" content=\"The i-SC series 3D CNC wire bender is an affordable performer, designed for low maintenance, easy setup and long term durability.\" \/>\n<meta property=\"og:url\" content=\"https:\/\/ipautomationinc.com\/tr\/serisi-i-sc\/\" \/>\n<meta property=\"og:site_name\" content=\"IP Automation Inc\" \/>\n<meta property=\"article:publisher\" content=\"https:\/\/www.facebook.com\/ipautomationinc\/\" \/>\n<meta property=\"article:modified_time\" content=\"2026-03-27T18:27:01+00:00\" \/>\n<meta property=\"og:image\" content=\"https:\/\/ipautomationinc.com\/wp-content\/uploads\/2025\/09\/i8-SC-RGB.png#38241\" \/>\n<script type=\"application\/ld+json\" class=\"yoast-schema-graph\">{\"@context\":\"https:\\\/\\\/schema.org\",\"@graph\":[{\"@type\":\"WebPage\",\"@id\":\"https:\\\/\\\/ipautomationinc.com\\\/i-sc-series\\\/\",\"url\":\"https:\\\/\\\/ipautomationinc.com\\\/i-sc-series\\\/\",\"name\":\"i-SC Series CNC Wire Bender | IP Automation Inc\",\"isPartOf\":{\"@id\":\"https:\\\/\\\/ipautomationinc.com\\\/#website\"},\"primaryImageOfPage\":{\"@id\":\"https:\\\/\\\/ipautomationinc.com\\\/i-sc-series\\\/#primaryimage\"},\"image\":{\"@id\":\"https:\\\/\\\/ipautomationinc.com\\\/i-sc-series\\\/#primaryimage\"},\"thumbnailUrl\":\"https:\\\/\\\/ipautomationinc.com\\\/wp-content\\\/uploads\\\/2025\\\/09\\\/i8-SC-RGB.png#38241\",\"datePublished\":\"2022-06-01T19:10:28+00:00\",\"dateModified\":\"2026-03-27T18:27:01+00:00\",\"description\":\"The i-SC series 3D CNC wire bender is an affordable performer, designed for low maintenance, easy setup and long term durability.\",\"inLanguage\":\"tr\",\"potentialAction\":[{\"@type\":\"ReadAction\",\"target\":[\"https:\\\/\\\/ipautomationinc.com\\\/i-sc-series\\\/\"]}]},{\"@type\":\"ImageObject\",\"inLanguage\":\"tr\",\"@id\":\"https:\\\/\\\/ipautomationinc.com\\\/i-sc-series\\\/#primaryimage\",\"url\":\"https:\\\/\\\/ipautomationinc.com\\\/wp-content\\\/uploads\\\/2025\\\/09\\\/i8-SC-RGB.png#38241\",\"contentUrl\":\"https:\\\/\\\/ipautomationinc.com\\\/wp-content\\\/uploads\\\/2025\\\/09\\\/i8-SC-RGB.png#38241\"},{\"@type\":\"WebSite\",\"@id\":\"https:\\\/\\\/ipautomationinc.com\\\/#website\",\"url\":\"https:\\\/\\\/ipautomationinc.com\\\/\",\"name\":\"IP Automation Inc\",\"description\":\"Concept... Creation... Reality...\",\"publisher\":{\"@id\":\"https:\\\/\\\/ipautomationinc.com\\\/#organization\"},\"potentialAction\":[{\"@type\":\"SearchAction\",\"target\":{\"@type\":\"EntryPoint\",\"urlTemplate\":\"https:\\\/\\\/ipautomationinc.com\\\/?s={search_term_string}\"},\"query-input\":{\"@type\":\"PropertyValueSpecification\",\"valueRequired\":true,\"valueName\":\"search_term_string\"}}],\"inLanguage\":\"tr\"},{\"@type\":\"Organization\",\"@id\":\"https:\\\/\\\/ipautomationinc.com\\\/#organization\",\"name\":\"IP Automation Inc\",\"url\":\"https:\\\/\\\/ipautomationinc.com\\\/\",\"logo\":{\"@type\":\"ImageObject\",\"inLanguage\":\"tr\",\"@id\":\"https:\\\/\\\/ipautomationinc.com\\\/#\\\/schema\\\/logo\\\/image\\\/\",\"url\":\"https:\\\/\\\/ipautomationinc.com\\\/wp-content\\\/uploads\\\/2022\\\/05\\\/IPA-Favicon.png\",\"contentUrl\":\"https:\\\/\\\/ipautomationinc.com\\\/wp-content\\\/uploads\\\/2022\\\/05\\\/IPA-Favicon.png\",\"width\":513,\"height\":513,\"caption\":\"IP Automation Inc\"},\"image\":{\"@id\":\"https:\\\/\\\/ipautomationinc.com\\\/#\\\/schema\\\/logo\\\/image\\\/\"},\"sameAs\":[\"https:\\\/\\\/www.facebook.com\\\/ipautomationinc\\\/\",\"https:\\\/\\\/www.linkedin.com\\\/company\\\/ip-automation-inc\\\/\",\"https:\\\/\\\/www.youtube.com\\\/@IPAutomation\"]}]}<\/script>\n<!-- \/ Yoast SEO plugin. -->","yoast_head_json":{"title":"i-SC Serisi CNC Tel B\u00fckme Makinesi | IP Automation Inc","description":"i-SC serisi 3D CNC tel b\u00fckme makinesi, d\u00fc\u015f\u00fck bak\u0131m gereksinimi, kolay kurulum ve uzun s\u00fcreli dayan\u0131kl\u0131l\u0131k i\u00e7in tasarlanm\u0131\u015f, uygun fiyatl\u0131 ve y\u00fcksek performansl\u0131 bir \u00fcr\u00fcnd\u00fcr.","robots":{"index":"index","follow":"follow","max-snippet":"max-snippet:-1","max-image-preview":"max-image-preview:large","max-video-preview":"max-video-preview:-1"},"canonical":"https:\/\/ipautomationinc.com\/tr\/serisi-i-sc\/","og_locale":"tr_TR","og_type":"article","og_title":"i-SC Series CNC Wire Bender | IP Automation Inc","og_description":"The i-SC series 3D CNC wire bender is an affordable performer, designed for low maintenance, easy setup and long term durability.","og_url":"https:\/\/ipautomationinc.com\/tr\/serisi-i-sc\/","og_site_name":"IP Automation Inc","article_publisher":"https:\/\/www.facebook.com\/ipautomationinc\/","article_modified_time":"2026-03-27T18:27:01+00:00","og_image":[{"url":"https:\/\/ipautomationinc.com\/wp-content\/uploads\/2025\/09\/i8-SC-RGB.png#38241","type":"","width":"","height":""}],"schema":{"@context":"https:\/\/schema.org","@graph":[{"@type":"WebPage","@id":"https:\/\/ipautomationinc.com\/i-sc-series\/","url":"https:\/\/ipautomationinc.com\/i-sc-series\/","name":"i-SC Serisi CNC Tel B\u00fckme Makinesi | IP Automation Inc","isPartOf":{"@id":"https:\/\/ipautomationinc.com\/#website"},"primaryImageOfPage":{"@id":"https:\/\/ipautomationinc.com\/i-sc-series\/#primaryimage"},"image":{"@id":"https:\/\/ipautomationinc.com\/i-sc-series\/#primaryimage"},"thumbnailUrl":"https:\/\/ipautomationinc.com\/wp-content\/uploads\/2025\/09\/i8-SC-RGB.png#38241","datePublished":"2022-06-01T19:10:28+00:00","dateModified":"2026-03-27T18:27:01+00:00","description":"i-SC serisi 3D CNC tel b\u00fckme makinesi, d\u00fc\u015f\u00fck bak\u0131m gereksinimi, kolay kurulum ve uzun s\u00fcreli dayan\u0131kl\u0131l\u0131k i\u00e7in tasarlanm\u0131\u015f, uygun fiyatl\u0131 ve y\u00fcksek performansl\u0131 bir \u00fcr\u00fcnd\u00fcr.","inLanguage":"tr","potentialAction":[{"@type":"ReadAction","target":["https:\/\/ipautomationinc.com\/i-sc-series\/"]}]},{"@type":"ImageObject","inLanguage":"tr","@id":"https:\/\/ipautomationinc.com\/i-sc-series\/#primaryimage","url":"https:\/\/ipautomationinc.com\/wp-content\/uploads\/2025\/09\/i8-SC-RGB.png#38241","contentUrl":"https:\/\/ipautomationinc.com\/wp-content\/uploads\/2025\/09\/i8-SC-RGB.png#38241"},{"@type":"WebSite","@id":"https:\/\/ipautomationinc.com\/#website","url":"https:\/\/ipautomationinc.com\/","name":"IP Otomasyon A.\u015e.","description":"Konsept... Yarat\u0131l\u0131\u015f... Ger\u00e7eklik...","publisher":{"@id":"https:\/\/ipautomationinc.com\/#organization"},"potentialAction":[{"@type":"SearchAction","target":{"@type":"EntryPoint","urlTemplate":"https:\/\/ipautomationinc.com\/?s={search_term_string}"},"query-input":{"@type":"PropertyValueSpecification","valueRequired":true,"valueName":"search_term_string"}}],"inLanguage":"tr"},{"@type":"Organization","@id":"https:\/\/ipautomationinc.com\/#organization","name":"IP Otomasyon A.\u015e.","url":"https:\/\/ipautomationinc.com\/","logo":{"@type":"ImageObject","inLanguage":"tr","@id":"https:\/\/ipautomationinc.com\/#\/schema\/logo\/image\/","url":"https:\/\/ipautomationinc.com\/wp-content\/uploads\/2022\/05\/IPA-Favicon.png","contentUrl":"https:\/\/ipautomationinc.com\/wp-content\/uploads\/2022\/05\/IPA-Favicon.png","width":513,"height":513,"caption":"IP Automation Inc"},"image":{"@id":"https:\/\/ipautomationinc.com\/#\/schema\/logo\/image\/"},"sameAs":["https:\/\/www.facebook.com\/ipautomationinc\/","https:\/\/www.linkedin.com\/company\/ip-automation-inc\/","https:\/\/www.youtube.com\/@IPAutomation"]}]}},"_links":{"self":[{"href":"https:\/\/ipautomationinc.com\/tr\/wp-json\/wp\/v2\/pages\/1161","targetHints":{"allow":["GET"]}}],"collection":[{"href":"https:\/\/ipautomationinc.com\/tr\/wp-json\/wp\/v2\/pages"}],"about":[{"href":"https:\/\/ipautomationinc.com\/tr\/wp-json\/wp\/v2\/types\/page"}],"author":[{"embeddable":true,"href":"https:\/\/ipautomationinc.com\/tr\/wp-json\/wp\/v2\/users\/3"}],"replies":[{"embeddable":true,"href":"https:\/\/ipautomationinc.com\/tr\/wp-json\/wp\/v2\/comments?post=1161"}],"version-history":[{"count":7,"href":"https:\/\/ipautomationinc.com\/tr\/wp-json\/wp\/v2\/pages\/1161\/revisions"}],"predecessor-version":[{"id":39514,"href":"https:\/\/ipautomationinc.com\/tr\/wp-json\/wp\/v2\/pages\/1161\/revisions\/39514"}],"wp:attachment":[{"href":"https:\/\/ipautomationinc.com\/tr\/wp-json\/wp\/v2\/media?parent=1161"}],"curies":[{"name":"wp","href":"https:\/\/api.w.org\/{rel}","templated":true}]}}