{"id":1110,"date":"2022-05-24T15:32:25","date_gmt":"2022-05-24T20:32:25","guid":{"rendered":"https:\/\/ipautomationinc.com\/?page_id=1110"},"modified":"2025-09-16T12:03:12","modified_gmt":"2025-09-16T17:03:12","slug":"satis-temsilcileri","status":"publish","type":"page","link":"https:\/\/ipautomationinc.com\/tr\/sales-representatives\/","title":{"rendered":"Sat\u0131\u015f temsilcileri"},"content":{"rendered":"<h6 class=\"wp-block-heading\"><strong>IP Otomasyon tel b\u00fckme makinesi sat\u0131\u015f temsilcileri, tel \u015fekillendirme ihtiya\u00e7lar\u0131n\u0131za yerel ilgi g\u00f6stermeye ve IP Otomasyon \u00e7\u00f6z\u00fcm\u00fcn\u00fcz\u00fc optimize edecek se\u00e7enekler hakk\u0131nda fikir payla\u015fmaya haz\u0131r tel b\u00fckme uzmanlar\u0131d\u0131r. \u00dclkeniz veya b\u00f6lgeniz i\u00e7in sat\u0131\u015f temsilcisini bulun.<\/strong><\/h6>\n\n\n\n<p><span class=\"builder2seo\"><\/span><img decoding=\"async\" src=\"https:\/\/ipautomationinc.com\/wp-content\/uploads\/2023\/11\/new-world-map-1123.png#35520\" alt=\"yeni d\u00fcnya haritas\u0131 1123\"><br>tel b\u00fckme makinas\u0131 sat\u0131\u015f temsilcileri haritas\u0131<br><br><h5>IP Otomasyon tel b\u00fckme makinesi sat\u0131\u015f temsilcileri, tel \u015fekillendirme ihtiya\u00e7lar\u0131n\u0131za yerel ilgi g\u00f6stermeye ve IP Otomasyon \u00e7\u00f6z\u00fcm\u00fcn\u00fcz\u00fc optimize edecek se\u00e7enekler hakk\u0131nda fikir payla\u015fmaya haz\u0131r tel b\u00fckme uzmanlar\u0131d\u0131r.<\/h5><br><br><h2>Amerika Birle\u015fik Devletleri<\/h2><br>Ba\u015fl\u0131k<br>tekrar yok;orta \u00fcst;;<br>Oto<br><br><h4>David Conrad<\/h4><br><br><span>Georgia, Kuzey Karolina, G\u00fcney Karolina, Virginia<\/span><br><br><a href=\"tel:+17049027399\">(704)-902-7399<\/a><br><br><a href=\"mailto:Conradsales@aol.com\">Conradsales@aol.com<\/a><br>tekrar yok;sol \u00fcst;;<br>Oto<br>0 0 0 55 piksel<br><br><h4>Thomas Melonik<\/h4><br><br>Connecticut, Delaware, Maine, Maryland, Massachusetts, New Hampshire, New Jersey, New York, Pensilvanya, Rhode Island, Vermont, Ohio<br><br><a href=\"tel:+17165363104\"> Mobil \u2013 (716)-536-3104<\/a><br><br><a href=\"mailto:wireguy@roadrunner.com\">wireguy@roadrunner.com<\/a><br>tekrar yok;sol \u00fcst;;<br>Oto<br>0 0 0 55 piksel<br><br>Di\u011fer t\u00fcm Devletler<br><br><h4>Pavlus <span class=\"cf0\">Sitkiewicz<\/span><\/h4><br><br><h4>Sean Costin<\/h4><br><br><a href=\"tel:+16303769905\">Sean&#039;\u0131n Do\u011frudan Hatt\u0131 \u2013 +1(630)-376-9905<\/a><!--EndFragment --><br><br><a href=\"mailto:sales@ipautomationinc.com\">sales@ipautomationinc.com<\/a><br><br>WhatsApp:<br><br><img decoding=\"async\" src=\"https:\/\/ipautomationinc.com\/wp-content\/uploads\/2024\/08\/whatsapp-qr-150x150.jpg\" alt=\"\"><br>tekrar yok;sol \u00fcst;;<br>Oto<br>0 0 0 55 piksel<br><br><br><h2>Meksika<\/h2><br>Ba\u015fl\u0131k<br>tekrar yok;orta \u00fcst;;<br>Oto<br><br><h4>Manuel Uriarte<\/h4><br><br><span>ProMakine<\/span><br><br><a href=\"tel:+523314746954\">+52 33 1474 6954<\/a><br><br><a href=\"mailto:muriarte@prod3.net\">muriarte@prod3.net<\/a><br><br><a href=\"https:\/\/www.promachinerymx.com\/\">www.promachinerymx.com<\/a><br><br><div class=\"image_frame image_item no_link scale-with-grid element_classes alignnone no_border mfn-img-box\" ><div class=\"image_wrapper\"><img decoding=\"async\" class=\"scale-with-grid\" src=\"\" fetchpriority=\"high\" alt=\"\" title=\"\" width=\"\" height=\"\" style=\"\"\/><\/div><\/div>\n<br>tekrar yok;sol \u00fcst;;<br>Oto<br>0 0 0 55 piksel<br><br><h4>Juan Ramon<!--EndFragment --><\/h4><br><br><span>Kavanoz<\/span><br><br><span><a href=\"tel:8134188492\">813-4188-492<\/a><\/span><br><br><a href=\"mailto:juan.ramon@jartool.com\">juan.ramon@jartool.com<\/a><br><br><a href=\"https:\/\/jartool.com\/\">www.jartool.com<\/a><br><br><div class=\"image_frame image_item no_link scale-with-grid element_classes alignnone no_border mfn-img-box\" ><div class=\"image_wrapper\"><img decoding=\"async\" class=\"scale-with-grid\" src=\"\" fetchpriority=\"high\" alt=\"\" title=\"\" width=\"\" height=\"\" style=\"\"\/><\/div><\/div>\n<br>tekrar yok;sol \u00fcst;;<br>Oto<br>0 0 0 55 piksel<br><br><h4>Bernardo <!--StartFragment --><span class=\"cf0\">Sava\u015f\u00e7\u0131<\/span><!--EndFragment --><\/h4><br><br><span>M\u00fchendislik Teknisyeni<\/span><br><br><a href=\"mailto:bguerrero@ipautomationinc.com\">bguerrero@ipautomationinc.com<\/a><br>tekrar yok;sol \u00fcst;;<br>Oto<br>0 0 0 55 piksel<br><br><br><h2>Kanada<\/h2><br>Ba\u015fl\u0131k<br>tekrar yok;orta \u00fcst;;<br>Oto<br><br><h4>John Somerville<\/h4><br><br><span>Rotem End\u00fcstriyel \u00dcr\u00fcnler A.\u015e.<\/span><br><br><a href=\"tel:+14163186842\">+1 416-318-6842<\/a><br><br><a href=\"mailto:john@rotem.ca\">john@rotem.ca<\/a><br><br><a href=\"https:\/\/www.rotem.ca\/\">www.rotem.ca<\/a><br><br><div class=\"image_frame image_item no_link scale-with-grid element_classes alignnone no_border mfn-img-box\" ><div class=\"image_wrapper\"><img decoding=\"async\" class=\"scale-with-grid\" src=\"\" fetchpriority=\"high\" alt=\"\" title=\"\" width=\"\" height=\"\" style=\"\"\/><\/div><\/div>\n<br>tekrar yok;sol \u00fcst;;<br>Oto<br>0 0 0 55 piksel<br><br><br><h2>Avrupa<\/h2><br>Ba\u015fl\u0131k<br>tekrar yok;orta \u00fcst;;<br>Oto<br><br><h4>Petr Mikovec<\/h4><br><br><span>\u00c7ek Cumhuriyeti, Slovakya<\/span><br><br><a href=\"tel:+420312249281\">Ofis \u2013 +(420) 312-249-281<\/a><br><br><a href=\"tel:+420777555282\">Mobil \u2013 +(420) 777-555-282<\/a><br><br><a href=\"mailto:mikovec@mec-technik.cz\">mikovec@mec-technik.cz<\/a><br><br><a href=\"http:\/\/www.mec-technik.cz\">www.mectechnik.cz<\/a><br><br><div class=\"image_frame image_item no_link scale-with-grid element_classes alignnone no_border mfn-img-box\" ><div class=\"image_wrapper\"><img decoding=\"async\" class=\"scale-with-grid\" src=\"\" fetchpriority=\"high\" alt=\"\" title=\"\" width=\"\" height=\"\" style=\"\"\/><\/div><\/div>\n<br>tekrar yok;sol \u00fcst;;<br>Oto<br>0 0 0 55 piksel<br><br><h4>Markus Suchomski<\/h4><br><br><span>Avusturya, Almanya<\/span><br><br><a href=\"tel:+498212461530\">Ofis \u2013 +49 (0)8 21 \/ 2 46 15 30<\/a><br><br><a href=\"tel:+491728127098\">Mobil \u2013 +49 (0)1 72 \/ 8 12 70 98<\/a><br><br><a href=\"mailto:markus@suchomski.de\">markus@suchomski.de<\/a><br><br><a href=\"https:\/\/www.suchomski.de\">www.suchomski.de<\/a><br><br><div class=\"image_frame image_item no_link scale-with-grid element_classes alignnone no_border mfn-img-box\" ><div class=\"image_wrapper\"><img decoding=\"async\" class=\"scale-with-grid\" src=\"\" fetchpriority=\"high\" alt=\"\" title=\"\" width=\"\" height=\"\" style=\"\"\/><\/div><\/div>\n<br>tekrar yok;sol \u00fcst;;<br>Oto<br>0 0 0 55 piksel<br><br><br>\u00dcr\u00fcn Bul<br><br>buraya t\u0131klay\u0131n<br><a href=\"https:\/\/ipautomationinc.com\/tr\/urunler-ve-servisler\/\">https:\/\/ipautomationinc.com\/products-and-services\/<\/a><br><br>Destek almak<br><br>buraya t\u0131klay\u0131n<br><a href=\"https:\/\/ipautomationinc.com\/tr\/destek\/\">https:\/\/ipautomationinc.com\/support\/<\/a><br><br>Bize Ula\u015f\u0131n<br><br>buraya t\u0131klay\u0131n<br><a href=\"https:\/\/ipautomationinc.com\/tr\/bize-ulasin\/\">https:\/\/ipautomationinc.com\/contact-us\/<\/a><br><br><br>IP Automation Inc. sat\u0131\u015f temsilcisi olmakla ilgileniyor musunuz?<br><br>Bize mesaj g\u00f6nder!<br><br><p class=\"wpcf7-contact-form-not-found\"><strong>Hata:<\/strong> \u0130leti\u015fim form\u00fcl\u00fc bulunamad\u0131.<\/p><br><br><\/p>","protected":false},"excerpt":{"rendered":"<p>IP Automation wire bending machine sales representatives are wire bending experts, ready to provide local attention to your wire forming<span class=\"excerpt-hellip\"> [\u2026]<\/span><\/p>\n","protected":false},"author":3,"featured_media":0,"parent":0,"menu_order":0,"comment_status":"open","ping_status":"closed","template":"","meta":{"footnotes":""},"class_list":["post-1110","page","type-page","status-publish","hentry"],"yoast_head":"<!-- This site is optimized with the Yoast SEO plugin v27.3 - https:\/\/yoast.com\/product\/yoast-seo-wordpress\/ -->\n<title>Wire Bending Machine Sales Representative Near You<\/title>\n<meta name=\"description\" content=\"Find a wire bending machine sales representative near you to purchase our premium quality made in the USA wire bending machines.\" \/>\n<meta name=\"robots\" content=\"index, follow, max-snippet:-1, max-image-preview:large, max-video-preview:-1\" \/>\n<link rel=\"canonical\" href=\"https:\/\/ipautomationinc.com\/tr\/satis-temsilcileri\/\" \/>\n<meta property=\"og:locale\" content=\"tr_TR\" \/>\n<meta property=\"og:type\" content=\"article\" \/>\n<meta property=\"og:title\" content=\"Wire Bending Machine Sales Representative Near You\" \/>\n<meta property=\"og:description\" content=\"Find a wire bending machine sales representative near you to purchase our premium quality made in the USA wire bending machines.\" \/>\n<meta property=\"og:url\" content=\"https:\/\/ipautomationinc.com\/tr\/satis-temsilcileri\/\" \/>\n<meta property=\"og:site_name\" content=\"IP Automation Inc\" \/>\n<meta property=\"article:publisher\" content=\"https:\/\/www.facebook.com\/ipautomationinc\/\" \/>\n<meta property=\"article:modified_time\" content=\"2025-09-16T17:03:12+00:00\" \/>\n<meta property=\"og:image\" content=\"https:\/\/ipautomationinc.com\/wp-content\/uploads\/2023\/11\/new-world-map-1123.png#35520\" \/>\n<script type=\"application\/ld+json\" class=\"yoast-schema-graph\">{\"@context\":\"https:\\\/\\\/schema.org\",\"@graph\":[{\"@type\":\"WebPage\",\"@id\":\"https:\\\/\\\/ipautomationinc.com\\\/sales-representatives\\\/\",\"url\":\"https:\\\/\\\/ipautomationinc.com\\\/sales-representatives\\\/\",\"name\":\"Wire Bending Machine Sales Representative Near You\",\"isPartOf\":{\"@id\":\"https:\\\/\\\/ipautomationinc.com\\\/#website\"},\"primaryImageOfPage\":{\"@id\":\"https:\\\/\\\/ipautomationinc.com\\\/sales-representatives\\\/#primaryimage\"},\"image\":{\"@id\":\"https:\\\/\\\/ipautomationinc.com\\\/sales-representatives\\\/#primaryimage\"},\"thumbnailUrl\":\"https:\\\/\\\/ipautomationinc.com\\\/wp-content\\\/uploads\\\/2023\\\/11\\\/new-world-map-1123.png#35520\",\"datePublished\":\"2022-05-24T20:32:25+00:00\",\"dateModified\":\"2025-09-16T17:03:12+00:00\",\"description\":\"Find a wire bending machine sales representative near you to purchase our premium quality made in the USA wire bending machines.\",\"inLanguage\":\"tr\",\"potentialAction\":[{\"@type\":\"ReadAction\",\"target\":[\"https:\\\/\\\/ipautomationinc.com\\\/sales-representatives\\\/\"]}]},{\"@type\":\"ImageObject\",\"inLanguage\":\"tr\",\"@id\":\"https:\\\/\\\/ipautomationinc.com\\\/sales-representatives\\\/#primaryimage\",\"url\":\"https:\\\/\\\/ipautomationinc.com\\\/wp-content\\\/uploads\\\/2023\\\/11\\\/new-world-map-1123.png#35520\",\"contentUrl\":\"https:\\\/\\\/ipautomationinc.com\\\/wp-content\\\/uploads\\\/2023\\\/11\\\/new-world-map-1123.png#35520\"},{\"@type\":\"WebSite\",\"@id\":\"https:\\\/\\\/ipautomationinc.com\\\/#website\",\"url\":\"https:\\\/\\\/ipautomationinc.com\\\/\",\"name\":\"IP Automation Inc\",\"description\":\"Concept... Creation... Reality...\",\"publisher\":{\"@id\":\"https:\\\/\\\/ipautomationinc.com\\\/#organization\"},\"potentialAction\":[{\"@type\":\"SearchAction\",\"target\":{\"@type\":\"EntryPoint\",\"urlTemplate\":\"https:\\\/\\\/ipautomationinc.com\\\/?s={search_term_string}\"},\"query-input\":{\"@type\":\"PropertyValueSpecification\",\"valueRequired\":true,\"valueName\":\"search_term_string\"}}],\"inLanguage\":\"tr\"},{\"@type\":\"Organization\",\"@id\":\"https:\\\/\\\/ipautomationinc.com\\\/#organization\",\"name\":\"IP Automation Inc\",\"url\":\"https:\\\/\\\/ipautomationinc.com\\\/\",\"logo\":{\"@type\":\"ImageObject\",\"inLanguage\":\"tr\",\"@id\":\"https:\\\/\\\/ipautomationinc.com\\\/#\\\/schema\\\/logo\\\/image\\\/\",\"url\":\"https:\\\/\\\/ipautomationinc.com\\\/wp-content\\\/uploads\\\/2022\\\/05\\\/IPA-Favicon.png\",\"contentUrl\":\"https:\\\/\\\/ipautomationinc.com\\\/wp-content\\\/uploads\\\/2022\\\/05\\\/IPA-Favicon.png\",\"width\":513,\"height\":513,\"caption\":\"IP Automation Inc\"},\"image\":{\"@id\":\"https:\\\/\\\/ipautomationinc.com\\\/#\\\/schema\\\/logo\\\/image\\\/\"},\"sameAs\":[\"https:\\\/\\\/www.facebook.com\\\/ipautomationinc\\\/\",\"https:\\\/\\\/www.linkedin.com\\\/company\\\/ip-automation-inc\\\/\",\"https:\\\/\\\/www.youtube.com\\\/@IPAutomation\"]}]}<\/script>\n<!-- \/ Yoast SEO plugin. -->","yoast_head_json":{"title":"Yak\u0131n\u0131n\u0131zdaki Tel B\u00fckme Makinas\u0131 Sat\u0131\u015f Temsilcisi","description":"ABD&#039;de \u00fcretilen \u00fcst\u00fcn kalitedeki tel b\u00fckme makinelerimizi sat\u0131n almak i\u00e7in yak\u0131n\u0131n\u0131zda bir tel b\u00fckme makinesi sat\u0131\u015f temsilcisi bulun.","robots":{"index":"index","follow":"follow","max-snippet":"max-snippet:-1","max-image-preview":"max-image-preview:large","max-video-preview":"max-video-preview:-1"},"canonical":"https:\/\/ipautomationinc.com\/tr\/satis-temsilcileri\/","og_locale":"tr_TR","og_type":"article","og_title":"Wire Bending Machine Sales Representative Near You","og_description":"Find a wire bending machine sales representative near you to purchase our premium quality made in the USA wire bending machines.","og_url":"https:\/\/ipautomationinc.com\/tr\/satis-temsilcileri\/","og_site_name":"IP Automation Inc","article_publisher":"https:\/\/www.facebook.com\/ipautomationinc\/","article_modified_time":"2025-09-16T17:03:12+00:00","og_image":[{"url":"https:\/\/ipautomationinc.com\/wp-content\/uploads\/2023\/11\/new-world-map-1123.png#35520","type":"","width":"","height":""}],"schema":{"@context":"https:\/\/schema.org","@graph":[{"@type":"WebPage","@id":"https:\/\/ipautomationinc.com\/sales-representatives\/","url":"https:\/\/ipautomationinc.com\/sales-representatives\/","name":"Yak\u0131n\u0131n\u0131zdaki Tel B\u00fckme Makinas\u0131 Sat\u0131\u015f Temsilcisi","isPartOf":{"@id":"https:\/\/ipautomationinc.com\/#website"},"primaryImageOfPage":{"@id":"https:\/\/ipautomationinc.com\/sales-representatives\/#primaryimage"},"image":{"@id":"https:\/\/ipautomationinc.com\/sales-representatives\/#primaryimage"},"thumbnailUrl":"https:\/\/ipautomationinc.com\/wp-content\/uploads\/2023\/11\/new-world-map-1123.png#35520","datePublished":"2022-05-24T20:32:25+00:00","dateModified":"2025-09-16T17:03:12+00:00","description":"ABD&#039;de \u00fcretilen \u00fcst\u00fcn kalitedeki tel b\u00fckme makinelerimizi sat\u0131n almak i\u00e7in yak\u0131n\u0131n\u0131zda bir tel b\u00fckme makinesi sat\u0131\u015f temsilcisi bulun.","inLanguage":"tr","potentialAction":[{"@type":"ReadAction","target":["https:\/\/ipautomationinc.com\/sales-representatives\/"]}]},{"@type":"ImageObject","inLanguage":"tr","@id":"https:\/\/ipautomationinc.com\/sales-representatives\/#primaryimage","url":"https:\/\/ipautomationinc.com\/wp-content\/uploads\/2023\/11\/new-world-map-1123.png#35520","contentUrl":"https:\/\/ipautomationinc.com\/wp-content\/uploads\/2023\/11\/new-world-map-1123.png#35520"},{"@type":"WebSite","@id":"https:\/\/ipautomationinc.com\/#website","url":"https:\/\/ipautomationinc.com\/","name":"IP Otomasyon A.\u015e.","description":"Konsept... Yarat\u0131l\u0131\u015f... Ger\u00e7eklik...","publisher":{"@id":"https:\/\/ipautomationinc.com\/#organization"},"potentialAction":[{"@type":"SearchAction","target":{"@type":"EntryPoint","urlTemplate":"https:\/\/ipautomationinc.com\/?s={search_term_string}"},"query-input":{"@type":"PropertyValueSpecification","valueRequired":true,"valueName":"search_term_string"}}],"inLanguage":"tr"},{"@type":"Organization","@id":"https:\/\/ipautomationinc.com\/#organization","name":"IP Otomasyon A.\u015e.","url":"https:\/\/ipautomationinc.com\/","logo":{"@type":"ImageObject","inLanguage":"tr","@id":"https:\/\/ipautomationinc.com\/#\/schema\/logo\/image\/","url":"https:\/\/ipautomationinc.com\/wp-content\/uploads\/2022\/05\/IPA-Favicon.png","contentUrl":"https:\/\/ipautomationinc.com\/wp-content\/uploads\/2022\/05\/IPA-Favicon.png","width":513,"height":513,"caption":"IP Automation Inc"},"image":{"@id":"https:\/\/ipautomationinc.com\/#\/schema\/logo\/image\/"},"sameAs":["https:\/\/www.facebook.com\/ipautomationinc\/","https:\/\/www.linkedin.com\/company\/ip-automation-inc\/","https:\/\/www.youtube.com\/@IPAutomation"]}]}},"_links":{"self":[{"href":"https:\/\/ipautomationinc.com\/tr\/wp-json\/wp\/v2\/pages\/1110","targetHints":{"allow":["GET"]}}],"collection":[{"href":"https:\/\/ipautomationinc.com\/tr\/wp-json\/wp\/v2\/pages"}],"about":[{"href":"https:\/\/ipautomationinc.com\/tr\/wp-json\/wp\/v2\/types\/page"}],"author":[{"embeddable":true,"href":"https:\/\/ipautomationinc.com\/tr\/wp-json\/wp\/v2\/users\/3"}],"replies":[{"embeddable":true,"href":"https:\/\/ipautomationinc.com\/tr\/wp-json\/wp\/v2\/comments?post=1110"}],"version-history":[{"count":2,"href":"https:\/\/ipautomationinc.com\/tr\/wp-json\/wp\/v2\/pages\/1110\/revisions"}],"predecessor-version":[{"id":37707,"href":"https:\/\/ipautomationinc.com\/tr\/wp-json\/wp\/v2\/pages\/1110\/revisions\/37707"}],"wp:attachment":[{"href":"https:\/\/ipautomationinc.com\/tr\/wp-json\/wp\/v2\/media?parent=1110"}],"curies":[{"name":"wp","href":"https:\/\/api.w.org\/{rel}","templated":true}]}}