{"id":111,"date":"2017-10-27T17:33:30","date_gmt":"2017-10-27T22:33:30","guid":{"rendered":"http:\/\/ipautomationinc.com\/?page_id=111"},"modified":"2025-09-10T15:54:28","modified_gmt":"2025-09-10T20:54:28","slug":"otomasyon-hucreleri","status":"publish","type":"page","link":"https:\/\/ipautomationinc.com\/tr\/automationcells\/","title":{"rendered":"Otomasyon H\u00fccreleri"},"content":{"rendered":"<p>Tel \u015fekillendirme proseslerinin otomatikle\u015ftirilmesinde uzmanlar.<\/p>\n\n\n\n<p>Makinelerimiz, m\u00fchendislerimiz ve teknisyenlerimiz \u015firketinize \u00f6zel \u00e7\u00f6z\u00fcmler sunmak \u00fczere tasarlanm\u0131\u015ft\u0131r. Minimum i\u015f\u00e7ilik ve s\u0131f\u0131r \u00e7al\u0131\u015fma ile y\u00fcksek h\u0131zl\u0131 tek par\u00e7a ak\u0131\u015f\u0131 vizyonunuza ula\u015f\u0131n.<\/p>\n\n\n\n<p>Kaynak, pah k\u0131rma, montaj, presler, so\u011fuk d\u00f6vme, di\u015f a\u00e7ma, i\u015fleme, k\u0131rpma, gerilim giderme, muayene vb. gibi robotik entegrasyonlarda uzmanl\u0131\u011fa sahibiz.<\/p>\n\n\n\n<p><span class=\"builder2seo\"><\/span>otomatik oynatma=1&amp;sessiz=1&amp;d\u00f6ng\u00fc=1&amp;otomatik duraklatma=0&amp;kontroller=1<br><br><h2>Tel \u015fekillendirme proseslerinin otomatikle\u015ftirilmesinde uzmanlar.<\/h2><br><br><h3>Makinelerimiz, m\u00fchendislerimiz ve teknisyenlerimiz \u015firketinize \u00f6zel \u00e7\u00f6z\u00fcmler sunmak \u00fczere tasarlanm\u0131\u015ft\u0131r. Minimum i\u015f\u00e7ilik ve s\u0131f\u0131r \u00e7al\u0131\u015fma ile y\u00fcksek h\u0131zl\u0131 tek par\u00e7a ak\u0131\u015f\u0131 vizyonunuza ula\u015f\u0131n.<\/h3><br><br><h3>Kaynak, pah k\u0131rma, montaj, presler, so\u011fuk d\u00f6vme, di\u015f a\u00e7ma, i\u015fleme, k\u0131rpma, gerilim giderme, muayene vb. gibi robotik entegrasyonlarda uzmanl\u0131\u011fa sahibiz.<\/h3><br><br>geni\u015f<br><br>i-D Otomasyon H\u00fccresi<br>#DD0000<br>ilk<br><br>;C;;<br><br>i-S Otomasyon H\u00fccresi<br>#DD0000<br>ilk<br><br>;C;;<br><br>i-S Otomasyon H\u00fccresi<br>#DD0000<br>ilk<br><br>;C;;<br><br>i-S\u00b2 Otomasyon H\u00fccresi<br>#DD0000<br>ilk<br><br>;C;;<br><br>i-S\u00b2 Otomasyon H\u00fccresi<br>#DD0000<br>ilk<br><br>;C;;<br><br>geni\u015f<br><br><img decoding=\"async\" src=\"https:\/\/ipautomationinc.com\/wp-content\/uploads\/2017\/11\/cell-pic_Web.png\" alt=\"h\u00fccre pic_Web\"><br><br><img decoding=\"async\" src=\"https:\/\/ipautomationinc.com\/wp-content\/uploads\/2017\/10\/IMG_1989-1-e1640896417688.png#191\" alt=\"IMG_1989\"><br><br>Flexmat Otomasyon H\u00fccreleri<br>Esnek Otomasyon, H\u0131zl\u0131 ge\u00e7i\u015fle farkl\u0131 par\u00e7alar\u0131 \u00e7al\u0131\u015ft\u0131r\u0131n<br>Kolay kurulum ve minimum d\u00fczeyde alet kullan\u0131m\u0131 i\u00e7in servo ayarlama yetene\u011fi<br><br><br>Bobin veya magazin beslemesinden<br><br>32&#039;ye kadar Servo eksen<br><br>6&#039;ya kadar B\u00fckme istasyonu<br><br>\u0130ste\u011fe Ba\u011fl\u0131 Entegre Gerilim Giderme ve Naylon veya PVC Kaplama \u0130stasyonlar\u0131<br><br>Dahili so\u011futma istasyonu<br><br>Vizyon k\u0131lavuzlu montaj istasyonu<br><br>Per\u00e7inleme veya k\u0131rpma yoluyla montaj\u0131 i\u00e7eren ikincil istasyon se\u00e7enekleri<br><br>\u00c7oklu Telformlar, damgalama ve plastik par\u00e7alar montaj i\u00e7in uyarlanabilir<br><br><br>fadeInRight<br><br><img decoding=\"async\" src=\"https:\/\/ipautomationinc.com\/wp-content\/uploads\/2017\/11\/cell.png\" alt=\"h\u00fccre\"><br>b\u00fcy\u00fck<br><br><img decoding=\"async\" src=\"https:\/\/ipautomationinc.com\/wp-content\/uploads\/2017\/11\/placementfix.png\" alt=\"yerle\u015fim d\u00fczeltmesi\"><br>b\u00fcy\u00fck<br><br>geni\u015f<br><br><br>Montaj H\u00fccreleri<br>Otomotiv bile\u015fenleri i\u00e7in Montaj H\u00fccreleri<br><br>\u00c7oklu tel formlar\u0131 ve birle\u015ftirilmi\u015f<br><br>Operasyonlar k\u0131rpma, per\u00e7inleme, punta kayna\u011f\u0131, mig kayna\u011f\u0131 ve di\u011fer birle\u015ftirme tekniklerini i\u00e7erir.<br><br>Tamamen otonom \u00fcretim i\u00e7in di\u011fer makinelere entegre edilebilir<br><br>H\u00fccreler farkl\u0131 \u00fcr\u00fcn gruplar\u0131 i\u00e7in yeniden yap\u0131land\u0131r\u0131labilir<br>fadeInRight<br><br>geni\u015f<br><br><img decoding=\"async\" src=\"https:\/\/ipautomationinc.com\/wp-content\/uploads\/2017\/11\/CoatingRounded-e1635351228930.png\" alt=\"KaplamaYuvarlak\"><br><br>Gerilme Giderme ve Naylon Kaplama Hatlar\u0131<br><br><br>Kaplama ile Stres Giderici Otomasyon<br><br>Konvansiyonel F\u0131r\u0131n, Rezistans, \u0130nd\u00fcksiyon ve K\u0131z\u0131l\u00f6tesi Teknolojileri<br><br>Verimli de\u011fi\u015fim ve minimum tak\u0131m kullan\u0131m\u0131 i\u00e7in Robotik Manip\u00fclasyon <br><br>Naylon, PVC veya di\u011fer termoplastikler kullan\u0131larak kaplama<br><br>Ayn\u0131 anda birden fazla Renk Kaplama mevcuttur<br><br>Minimum toz kayb\u0131 i\u00e7in Auger da\u011f\u0131t\u0131m sistemli Standart Toz Hazneleri<br><br>\u0130ste\u011fe ba\u011fl\u0131 robotik paketleme \u00e7\u00f6z\u00fcmlerine sahip Standart So\u011futma raflar\u0131<br><br>Operat\u00f6r taraf\u0131ndan y\u00fcklenen raflar veya mevcut makineye ba\u011fl\u0131 tam otomatik<br><br><br>fadeInRight<br><br><br><img decoding=\"async\" src=\"https:\/\/ipautomationinc.com\/wp-content\/uploads\/2017\/11\/Coating2-1-1-1.png\" alt=\"Kaplama2-1-1-1\"><br><br><img decoding=\"async\" src=\"https:\/\/ipautomationinc.com\/wp-content\/uploads\/2017\/11\/Coating-cell-1-e1635351476148.png\" alt=\"Kaplama h\u00fccresi-1\"><br><br>geni\u015f<br><br><img decoding=\"async\" src=\"https:\/\/ipautomationinc.com\/wp-content\/uploads\/2021\/11\/Resistance-Welder.png\" alt=\"Diren\u00e7 Kaynak\u00e7\u0131s\u0131\"><br><br>Diren\u00e7 Kaynak H\u00fccreleri<br><br><br>Fanuc R1000iA-80 ila R2000iA-210F<br><br>Servo D\u00f6ner Tabla<br><br>Opsiyonel Obara veya Tolomatic Servo Tabancalar <br><br>H\u0131zl\u0131 ge\u00e7i\u015f i\u00e7in h\u0131zl\u0131 tak\u0131mlama plakalar\u0131 olu\u015fturun<br><br>Kurulum hatalar\u0131n\u0131 en aza indiren RFID yetene\u011fi<br><br>I\u015f\u0131k Perdesi veya G\u00fcvenlik taray\u0131c\u0131s\u0131 operat\u00f6r\u00fc taraf\u0131ndan y\u00fcklenen se\u00e7enekler<br><br>Otomatik \u015fekillendirme ve kaynak h\u00fccreleri i\u00e7in birden fazla tel b\u00fckme makinesine entegre edilebilir<br><br>Paketleme i\u00e7in iste\u011fe ba\u011fl\u0131 Otomatik Kutu ta\u015f\u0131ma sistemleri<br><br><br>fadeInRight<br><br><br><img decoding=\"async\" src=\"https:\/\/ipautomationinc.com\/wp-content\/uploads\/2017\/10\/Robotic-Welding-put-sparks-back-in-1-e1635353496321.png\" alt=\"Robotik-Kaynak-k\u0131v\u0131lc\u0131m-geri-koyma\"><br><br>Temasta olmak<br><a href=\"https:\/\/ipautomationinc.com\/tr\/bize-ulasin\/\">https:\/\/ipautomationinc.com\/contact-us\/<\/a><br>ileri simge<br>Button_theme<br><br><\/p>","protected":false},"excerpt":{"rendered":"<p>Experts in automating wire forming processes. Our machines, engineers, and technicians are geared for customized solutions for your company. Achieve<span class=\"excerpt-hellip\"> [\u2026]<\/span><\/p>\n","protected":false},"author":3,"featured_media":0,"parent":0,"menu_order":0,"comment_status":"open","ping_status":"closed","template":"","meta":{"footnotes":""},"class_list":["post-111","page","type-page","status-publish","hentry"],"yoast_head":"<!-- This site is optimized with the Yoast SEO plugin v27.3 - https:\/\/yoast.com\/product\/yoast-seo-wordpress\/ -->\n<title>Automation Cells | IP Automation Inc<\/title>\n<meta name=\"description\" content=\"Our machines, engineers, and technicians are geared for customized solutions for your company and make automation easy for your project. Achieve your vision with an automation cell.\" \/>\n<meta name=\"robots\" content=\"index, follow, max-snippet:-1, max-image-preview:large, max-video-preview:-1\" \/>\n<link rel=\"canonical\" href=\"https:\/\/ipautomationinc.com\/tr\/otomasyon-hucreleri\/\" \/>\n<meta property=\"og:locale\" content=\"tr_TR\" \/>\n<meta property=\"og:type\" content=\"article\" \/>\n<meta property=\"og:title\" content=\"Automation Cells | IP Automation Inc\" \/>\n<meta property=\"og:description\" content=\"Our machines, engineers, and technicians are geared for customized solutions for your company and make automation easy for your project. Achieve your vision with an automation cell.\" \/>\n<meta property=\"og:url\" content=\"https:\/\/ipautomationinc.com\/tr\/otomasyon-hucreleri\/\" \/>\n<meta property=\"og:site_name\" content=\"IP Automation Inc\" \/>\n<meta property=\"article:publisher\" content=\"https:\/\/www.facebook.com\/ipautomationinc\/\" \/>\n<meta property=\"article:modified_time\" content=\"2025-09-10T20:54:28+00:00\" \/>\n<meta property=\"og:image\" content=\"https:\/\/ipautomationinc.com\/wp-content\/uploads\/2017\/11\/cell-pic_Web.png\" \/>\n<script type=\"application\/ld+json\" class=\"yoast-schema-graph\">{\"@context\":\"https:\\\/\\\/schema.org\",\"@graph\":[{\"@type\":\"WebPage\",\"@id\":\"https:\\\/\\\/ipautomationinc.com\\\/automationcells\\\/\",\"url\":\"https:\\\/\\\/ipautomationinc.com\\\/automationcells\\\/\",\"name\":\"Automation Cells | IP Automation Inc\",\"isPartOf\":{\"@id\":\"https:\\\/\\\/ipautomationinc.com\\\/#website\"},\"primaryImageOfPage\":{\"@id\":\"https:\\\/\\\/ipautomationinc.com\\\/automationcells\\\/#primaryimage\"},\"image\":{\"@id\":\"https:\\\/\\\/ipautomationinc.com\\\/automationcells\\\/#primaryimage\"},\"thumbnailUrl\":\"https:\\\/\\\/ipautomationinc.com\\\/wp-content\\\/uploads\\\/2017\\\/11\\\/cell-pic_Web.png\",\"datePublished\":\"2017-10-27T22:33:30+00:00\",\"dateModified\":\"2025-09-10T20:54:28+00:00\",\"description\":\"Our machines, engineers, and technicians are geared for customized solutions for your company and make automation easy for your project. Achieve your vision with an automation cell.\",\"inLanguage\":\"tr\",\"potentialAction\":[{\"@type\":\"ReadAction\",\"target\":[\"https:\\\/\\\/ipautomationinc.com\\\/automationcells\\\/\"]}]},{\"@type\":\"ImageObject\",\"inLanguage\":\"tr\",\"@id\":\"https:\\\/\\\/ipautomationinc.com\\\/automationcells\\\/#primaryimage\",\"url\":\"https:\\\/\\\/ipautomationinc.com\\\/wp-content\\\/uploads\\\/2017\\\/11\\\/cell-pic_Web.png\",\"contentUrl\":\"https:\\\/\\\/ipautomationinc.com\\\/wp-content\\\/uploads\\\/2017\\\/11\\\/cell-pic_Web.png\"},{\"@type\":\"WebSite\",\"@id\":\"https:\\\/\\\/ipautomationinc.com\\\/#website\",\"url\":\"https:\\\/\\\/ipautomationinc.com\\\/\",\"name\":\"IP Automation Inc\",\"description\":\"Concept... Creation... Reality...\",\"publisher\":{\"@id\":\"https:\\\/\\\/ipautomationinc.com\\\/#organization\"},\"potentialAction\":[{\"@type\":\"SearchAction\",\"target\":{\"@type\":\"EntryPoint\",\"urlTemplate\":\"https:\\\/\\\/ipautomationinc.com\\\/?s={search_term_string}\"},\"query-input\":{\"@type\":\"PropertyValueSpecification\",\"valueRequired\":true,\"valueName\":\"search_term_string\"}}],\"inLanguage\":\"tr\"},{\"@type\":\"Organization\",\"@id\":\"https:\\\/\\\/ipautomationinc.com\\\/#organization\",\"name\":\"IP Automation Inc\",\"url\":\"https:\\\/\\\/ipautomationinc.com\\\/\",\"logo\":{\"@type\":\"ImageObject\",\"inLanguage\":\"tr\",\"@id\":\"https:\\\/\\\/ipautomationinc.com\\\/#\\\/schema\\\/logo\\\/image\\\/\",\"url\":\"https:\\\/\\\/ipautomationinc.com\\\/wp-content\\\/uploads\\\/2022\\\/05\\\/IPA-Favicon.png\",\"contentUrl\":\"https:\\\/\\\/ipautomationinc.com\\\/wp-content\\\/uploads\\\/2022\\\/05\\\/IPA-Favicon.png\",\"width\":513,\"height\":513,\"caption\":\"IP Automation Inc\"},\"image\":{\"@id\":\"https:\\\/\\\/ipautomationinc.com\\\/#\\\/schema\\\/logo\\\/image\\\/\"},\"sameAs\":[\"https:\\\/\\\/www.facebook.com\\\/ipautomationinc\\\/\",\"https:\\\/\\\/www.linkedin.com\\\/company\\\/ip-automation-inc\\\/\",\"https:\\\/\\\/www.youtube.com\\\/@IPAutomation\"]}]}<\/script>\n<!-- \/ Yoast SEO plugin. -->","yoast_head_json":{"title":"Otomasyon H\u00fccreleri | IP Otomasyon A.\u015e.","description":"Makinelerimiz, m\u00fchendislerimiz ve teknisyenlerimiz, \u015firketinize \u00f6zel \u00e7\u00f6z\u00fcmler sunmak \u00fczere tasarlanm\u0131\u015ft\u0131r ve projeniz i\u00e7in otomasyonu kolayla\u015ft\u0131r\u0131r. Vizyonunuza bir otomasyon h\u00fccresiyle ula\u015f\u0131n.","robots":{"index":"index","follow":"follow","max-snippet":"max-snippet:-1","max-image-preview":"max-image-preview:large","max-video-preview":"max-video-preview:-1"},"canonical":"https:\/\/ipautomationinc.com\/tr\/otomasyon-hucreleri\/","og_locale":"tr_TR","og_type":"article","og_title":"Automation Cells | IP Automation Inc","og_description":"Our machines, engineers, and technicians are geared for customized solutions for your company and make automation easy for your project. Achieve your vision with an automation cell.","og_url":"https:\/\/ipautomationinc.com\/tr\/otomasyon-hucreleri\/","og_site_name":"IP Automation Inc","article_publisher":"https:\/\/www.facebook.com\/ipautomationinc\/","article_modified_time":"2025-09-10T20:54:28+00:00","og_image":[{"url":"https:\/\/ipautomationinc.com\/wp-content\/uploads\/2017\/11\/cell-pic_Web.png","type":"","width":"","height":""}],"schema":{"@context":"https:\/\/schema.org","@graph":[{"@type":"WebPage","@id":"https:\/\/ipautomationinc.com\/automationcells\/","url":"https:\/\/ipautomationinc.com\/automationcells\/","name":"Otomasyon H\u00fccreleri | IP Otomasyon A.\u015e.","isPartOf":{"@id":"https:\/\/ipautomationinc.com\/#website"},"primaryImageOfPage":{"@id":"https:\/\/ipautomationinc.com\/automationcells\/#primaryimage"},"image":{"@id":"https:\/\/ipautomationinc.com\/automationcells\/#primaryimage"},"thumbnailUrl":"https:\/\/ipautomationinc.com\/wp-content\/uploads\/2017\/11\/cell-pic_Web.png","datePublished":"2017-10-27T22:33:30+00:00","dateModified":"2025-09-10T20:54:28+00:00","description":"Makinelerimiz, m\u00fchendislerimiz ve teknisyenlerimiz, \u015firketinize \u00f6zel \u00e7\u00f6z\u00fcmler sunmak \u00fczere tasarlanm\u0131\u015ft\u0131r ve projeniz i\u00e7in otomasyonu kolayla\u015ft\u0131r\u0131r. Vizyonunuza bir otomasyon h\u00fccresiyle ula\u015f\u0131n.","inLanguage":"tr","potentialAction":[{"@type":"ReadAction","target":["https:\/\/ipautomationinc.com\/automationcells\/"]}]},{"@type":"ImageObject","inLanguage":"tr","@id":"https:\/\/ipautomationinc.com\/automationcells\/#primaryimage","url":"https:\/\/ipautomationinc.com\/wp-content\/uploads\/2017\/11\/cell-pic_Web.png","contentUrl":"https:\/\/ipautomationinc.com\/wp-content\/uploads\/2017\/11\/cell-pic_Web.png"},{"@type":"WebSite","@id":"https:\/\/ipautomationinc.com\/#website","url":"https:\/\/ipautomationinc.com\/","name":"IP Otomasyon A.\u015e.","description":"Konsept... Yarat\u0131l\u0131\u015f... Ger\u00e7eklik...","publisher":{"@id":"https:\/\/ipautomationinc.com\/#organization"},"potentialAction":[{"@type":"SearchAction","target":{"@type":"EntryPoint","urlTemplate":"https:\/\/ipautomationinc.com\/?s={search_term_string}"},"query-input":{"@type":"PropertyValueSpecification","valueRequired":true,"valueName":"search_term_string"}}],"inLanguage":"tr"},{"@type":"Organization","@id":"https:\/\/ipautomationinc.com\/#organization","name":"IP Otomasyon A.\u015e.","url":"https:\/\/ipautomationinc.com\/","logo":{"@type":"ImageObject","inLanguage":"tr","@id":"https:\/\/ipautomationinc.com\/#\/schema\/logo\/image\/","url":"https:\/\/ipautomationinc.com\/wp-content\/uploads\/2022\/05\/IPA-Favicon.png","contentUrl":"https:\/\/ipautomationinc.com\/wp-content\/uploads\/2022\/05\/IPA-Favicon.png","width":513,"height":513,"caption":"IP Automation Inc"},"image":{"@id":"https:\/\/ipautomationinc.com\/#\/schema\/logo\/image\/"},"sameAs":["https:\/\/www.facebook.com\/ipautomationinc\/","https:\/\/www.linkedin.com\/company\/ip-automation-inc\/","https:\/\/www.youtube.com\/@IPAutomation"]}]}},"_links":{"self":[{"href":"https:\/\/ipautomationinc.com\/tr\/wp-json\/wp\/v2\/pages\/111","targetHints":{"allow":["GET"]}}],"collection":[{"href":"https:\/\/ipautomationinc.com\/tr\/wp-json\/wp\/v2\/pages"}],"about":[{"href":"https:\/\/ipautomationinc.com\/tr\/wp-json\/wp\/v2\/types\/page"}],"author":[{"embeddable":true,"href":"https:\/\/ipautomationinc.com\/tr\/wp-json\/wp\/v2\/users\/3"}],"replies":[{"embeddable":true,"href":"https:\/\/ipautomationinc.com\/tr\/wp-json\/wp\/v2\/comments?post=111"}],"version-history":[{"count":2,"href":"https:\/\/ipautomationinc.com\/tr\/wp-json\/wp\/v2\/pages\/111\/revisions"}],"predecessor-version":[{"id":38204,"href":"https:\/\/ipautomationinc.com\/tr\/wp-json\/wp\/v2\/pages\/111\/revisions\/38204"}],"wp:attachment":[{"href":"https:\/\/ipautomationinc.com\/tr\/wp-json\/wp\/v2\/media?parent=111"}],"curies":[{"name":"wp","href":"https:\/\/api.w.org\/{rel}","templated":true}]}}