{"id":106,"date":"2017-10-27T17:09:03","date_gmt":"2017-10-27T22:09:03","guid":{"rendered":"http:\/\/ipautomationinc.com\/?page_id=106"},"modified":"2026-04-06T11:08:32","modified_gmt":"2026-04-06T16:08:32","slug":"urunler-ve-servisler","status":"publish","type":"page","link":"https:\/\/ipautomationinc.com\/tr\/products-and-services\/","title":{"rendered":"\u00dcr\u00fcnler"},"content":{"rendered":"<h6 class=\"wp-block-heading\"><strong>Verimli ve hassas \u015fekillendirme i\u00e7in en son teknoloji ve tasar\u0131m\u0131 birle\u015ftiren t\u00fcm CNC Tel B\u00fckme Makineleri. Aksesuarlar, M\u00fc\u015fterilerimizin ihtiya\u00e7lar\u0131n\u0131n zaman zaman de\u011fi\u015febilece\u011fini g\u00f6z \u00f6n\u00fcnde bulundurarak \u00fcr\u00fcnlerimizi \u00fcretiyoruz. Bu nedenle IP Automation, m\u00fc\u015fterilerin gerekti\u011finde h\u0131zl\u0131 bir de\u011fi\u015fiklik yapmas\u0131na yard\u0131mc\u0131 olacak ara\u00e7lar ve de\u011fi\u015ftirilebilir par\u00e7alar sa\u011flar. Otomasyon H\u00fccreleri, Standart otomasyon h\u00fccreleri veya her m\u00fc\u015fterinin bireysel ihtiya\u00e7lar\u0131na uygun h\u00fccreler.<\/strong><\/h6>\n\n\n\n<p>T\u00fcm CNC Tel B\u00fckme Makinalar\u0131<br>h2<br>Verimli ve hassas \u015fekillendirme i\u00e7in en son teknoloji ve tasar\u0131m\u0131 bir araya getiriyor.<br>tepe<br>merkez<br><img decoding=\"async\" src=\"https:\/\/ipautomationinc.com\/wp-content\/uploads\/2022\/09\/i-S-rgb-1.png\" alt=\"iS Tek Kafa CNC Tel B\u00fckme Makinas\u0131\" \/><br><a href=\"https:\/\/ipautomationinc.com\/tr\/tel-olusturucular\/\">https:\/\/ipautomationinc.com\/wire-formers\/<\/a><br>simge \u00f6l\u00e7e\u011fi<br>72%<br>merkez<br>saklamak<br><br>Aksesuarlar<br>h2<br>M\u00fc\u015fterilerimizin ihtiya\u00e7lar\u0131n\u0131n zaman zaman de\u011fi\u015febilece\u011fini g\u00f6z \u00f6n\u00fcnde bulundurarak \u00fcr\u00fcnlerimizi \u00fcretiyoruz. Bu nedenle IP Automation, m\u00fc\u015fterilerin gerekti\u011finde h\u0131zl\u0131 bir de\u011fi\u015fiklik yapmas\u0131na yard\u0131mc\u0131 olacak ara\u00e7lar ve de\u011fi\u015ftirilebilir par\u00e7alar sa\u011flar.<br>simge lambas\u0131<br>tepe<br>merkez<br><img decoding=\"async\" src=\"https:\/\/ipautomationinc.com\/wp-content\/uploads\/2022\/05\/hp-threader.jpg\" alt=\"hp iplik ge\u00e7irici\" \/><br><a href=\"https:\/\/ipautomationinc.com\/tr\/aksesuarlar\/\">https:\/\/ipautomationinc.com\/accessories\/<\/a><br>simge \u00f6l\u00e7e\u011fi<br>69%<br>saklamak<br><br>Otomasyon H\u00fccreleri<br>h2<br>Standart otomasyon h\u00fccreleri veya her m\u00fc\u015fterinin bireysel ihtiya\u00e7lar\u0131na uygun h\u00fccreler.<br>simge lambas\u0131<br>tepe<br>merkez<br><img decoding=\"async\" src=\"https:\/\/ipautomationinc.com\/wp-content\/uploads\/2021\/11\/RobotThreaderRS.png\" alt=\"RobotThreaderRS\" \/><br><a href=\"https:\/\/ipautomationinc.com\/tr\/otomasyon-hucreleri\/\">https:\/\/ipautomationinc.com\/automationcells\/<\/a><br>simge \u00f6l\u00e7e\u011fi<br>90%<br>saklamak<br><br><div class=\"image_frame image_item no_link scale-with-grid element_classes alignnone no_border mfn-img-box\" ><div class=\"image_wrapper\"><img decoding=\"async\" class=\"scale-with-grid\" src=\"\" fetchpriority=\"high\" alt=\"\" title=\"\" width=\"\" height=\"\" style=\"\"\/><\/div><\/div>\n\r<br>\r<br><hr class=\"no_line\" style=\"margin: 0 auto 0px auto\"\/>\n\r<br>\r<br><h4>Tel B\u00fckme Makinalar\u0131<\/h4>\r<br>\t<h6>Verimli ve hassas \u015fekillendirme i\u00e7in en son teknoloji ve tasar\u0131m\u0131 bir araya getiriyor.<\/h6>\r<br><br>Tel \u015eekillendirme Makineleri<br>tekrar yok;orta \u00fcst;;<br>Oto<br>0 3% 0 0<br><br><div class=\"image_frame image_item no_link scale-with-grid element_classes alignnone no_border mfn-img-box\" ><div class=\"image_wrapper\"><img decoding=\"async\" class=\"scale-with-grid\" src=\"\" fetchpriority=\"high\" alt=\"\" title=\"\" width=\"\" height=\"\" style=\"\"\/><\/div><\/div>\n\r<br><hr class=\"no_line\" style=\"margin: 0 auto 0px auto\"\/>\n\r<br>\r<br><h4>Aksesuarlar<\/h4>\r<br><h6>M\u00fc\u015fterilerimizin ihtiya\u00e7lar\u0131n\u0131n zaman zaman de\u011fi\u015febilece\u011fini g\u00f6z \u00f6n\u00fcnde bulundurarak \u00fcr\u00fcnlerimizi \u00fcretiyoruz. Bu nedenle IP Automation, m\u00fc\u015fterilerin gerekti\u011finde h\u0131zl\u0131 bir de\u011fi\u015fiklik yapmas\u0131na yard\u0131mc\u0131 olacak ara\u00e7lar ve de\u011fi\u015ftirilebilir par\u00e7alar sa\u011flar.<\/h6>\r<br><br>Otomasyon H\u00fccreleri<br>tekrar yok;orta \u00fcst;;<br>Oto<br>0 3% 0 0<br><br><div class=\"image_frame image_item no_link scale-with-grid element_classes alignnone no_border mfn-img-box\" ><div class=\"image_wrapper\"><img decoding=\"async\" class=\"scale-with-grid\" src=\"\" fetchpriority=\"high\" alt=\"\" title=\"\" width=\"\" height=\"\" style=\"\"\/><\/div><\/div>\n\r<br><hr class=\"no_line\" style=\"margin: 0 auto 0px auto\"\/>\n\r<br>\r<br><h4>Otomasyon H\u00fccreleri<\/h4>\r<br><h6>Standart otomasyon h\u00fccreleri veya her m\u00fc\u015fterinin bireysel ihtiya\u00e7lar\u0131na uygun h\u00fccreler.<\/h6>\r<br><br>Otomasyon H\u00fccreleri<br>tekrar yok;orta \u00fcst;;<br>Oto<br>0 3% 0 0<br><br><h2>H\u0130ZMETLER<\/h2><br>H\u0130ZMETLER<br>tekrar yok;orta \u00fcst;;<br>Oto<br><br><h6>IP Otomasyon A.\u015e. her m\u00fc\u015fteriye profesyonelce hizmet vermekten ve her m\u00fc\u015fterinin bireysel ihtiya\u00e7lar\u0131n\u0131 kar\u015f\u0131lamak i\u00e7in katma de\u011ferli hizmetler sunmaktan gurur duymaktad\u0131r. Metal \u015fekillendirme ve otomasyon end\u00fcstrisindeki kapsaml\u0131 deneyimimiz sayesinde m\u00fc\u015fteri ihtiya\u00e7lar\u0131n\u0131n b\u00fcy\u00fck \u00f6l\u00e7\u00fcde de\u011fi\u015fti\u011finin fark\u0131nday\u0131z. Bir m\u00fc\u015fteriye dan\u0131\u015fmanl\u0131k projesinde yard\u0131mc\u0131 olmaktan fabrikan\u0131n tamam\u0131n\u0131n otomasyonuna kadar her m\u00fc\u015fterinin ihtiyac\u0131 kendine aittir.<\/h6><br>tekrar yok;orta \u00fcst;;<br>Oto<br>0 3% 0 0<br><br>H\u0131zl\u0131 de\u011fi\u015fim ve yeni modellerin kullan\u0131ma sunulmas\u0131 i\u00e7in Esnek Tak\u0131mlama Sistemleri<br>\r<br>Proje Y\u00f6netimi\r<br>Tam Otomasyon Entegrasyonu\r<br>Yeniden in\u015fa\r<br>M\u00fchendislik\r<br>De\u011fer eklendi\r<br>Dan\u0131\u015fmanl\u0131k\r<br><br>fadeInRight<br><br><\/p>","protected":false},"excerpt":{"rendered":"<p>All CNC Wire Bending Machines, Incorporating the latest technology and design for efficient and precise forming. Accessories, We build our<span class=\"excerpt-hellip\"> [\u2026]<\/span><\/p>\n","protected":false},"author":3,"featured_media":0,"parent":0,"menu_order":0,"comment_status":"closed","ping_status":"closed","template":"","meta":{"footnotes":""},"class_list":["post-106","page","type-page","status-publish","hentry"],"yoast_head":"<!-- This site is optimized with the Yoast SEO plugin v27.3 - https:\/\/yoast.com\/product\/yoast-seo-wordpress\/ -->\n<title>Products | IP Automation Inc<\/title>\n<meta name=\"description\" content=\"Learn more about our wire bending products, including wire bending machines, accessories, and automation cell examples.\" \/>\n<meta name=\"robots\" content=\"index, follow, max-snippet:-1, max-image-preview:large, max-video-preview:-1\" \/>\n<link rel=\"canonical\" href=\"https:\/\/ipautomationinc.com\/tr\/urunler-ve-servisler\/\" \/>\n<meta property=\"og:locale\" content=\"tr_TR\" \/>\n<meta property=\"og:type\" content=\"article\" \/>\n<meta property=\"og:title\" content=\"Products | IP Automation Inc\" \/>\n<meta property=\"og:description\" content=\"Learn more about our wire bending products, including wire bending machines, accessories, and automation cell examples.\" \/>\n<meta property=\"og:url\" content=\"https:\/\/ipautomationinc.com\/tr\/urunler-ve-servisler\/\" \/>\n<meta property=\"og:site_name\" content=\"IP Automation Inc\" \/>\n<meta property=\"article:publisher\" content=\"https:\/\/www.facebook.com\/ipautomationinc\/\" \/>\n<meta property=\"article:modified_time\" content=\"2026-04-06T16:08:32+00:00\" \/>\n<meta property=\"og:image\" content=\"https:\/\/ipautomationinc.com\/wp-content\/uploads\/2022\/09\/i-S-rgb-1.png\" \/>\n<script type=\"application\/ld+json\" class=\"yoast-schema-graph\">{\"@context\":\"https:\\\/\\\/schema.org\",\"@graph\":[{\"@type\":\"WebPage\",\"@id\":\"https:\\\/\\\/ipautomationinc.com\\\/products-and-services\\\/\",\"url\":\"https:\\\/\\\/ipautomationinc.com\\\/products-and-services\\\/\",\"name\":\"Products | IP Automation Inc\",\"isPartOf\":{\"@id\":\"https:\\\/\\\/ipautomationinc.com\\\/#website\"},\"primaryImageOfPage\":{\"@id\":\"https:\\\/\\\/ipautomationinc.com\\\/products-and-services\\\/#primaryimage\"},\"image\":{\"@id\":\"https:\\\/\\\/ipautomationinc.com\\\/products-and-services\\\/#primaryimage\"},\"thumbnailUrl\":\"https:\\\/\\\/ipautomationinc.com\\\/wp-content\\\/uploads\\\/2022\\\/09\\\/i-S-rgb-1.png\",\"datePublished\":\"2017-10-27T22:09:03+00:00\",\"dateModified\":\"2026-04-06T16:08:32+00:00\",\"description\":\"Learn more about our wire bending products, including wire bending machines, accessories, and automation cell examples.\",\"inLanguage\":\"tr\",\"potentialAction\":[{\"@type\":\"ReadAction\",\"target\":[\"https:\\\/\\\/ipautomationinc.com\\\/products-and-services\\\/\"]}]},{\"@type\":\"ImageObject\",\"inLanguage\":\"tr\",\"@id\":\"https:\\\/\\\/ipautomationinc.com\\\/products-and-services\\\/#primaryimage\",\"url\":\"https:\\\/\\\/ipautomationinc.com\\\/wp-content\\\/uploads\\\/2022\\\/09\\\/i-S-rgb-1.png\",\"contentUrl\":\"https:\\\/\\\/ipautomationinc.com\\\/wp-content\\\/uploads\\\/2022\\\/09\\\/i-S-rgb-1.png\"},{\"@type\":\"WebSite\",\"@id\":\"https:\\\/\\\/ipautomationinc.com\\\/#website\",\"url\":\"https:\\\/\\\/ipautomationinc.com\\\/\",\"name\":\"IP Automation Inc\",\"description\":\"Concept... Creation... Reality...\",\"publisher\":{\"@id\":\"https:\\\/\\\/ipautomationinc.com\\\/#organization\"},\"potentialAction\":[{\"@type\":\"SearchAction\",\"target\":{\"@type\":\"EntryPoint\",\"urlTemplate\":\"https:\\\/\\\/ipautomationinc.com\\\/?s={search_term_string}\"},\"query-input\":{\"@type\":\"PropertyValueSpecification\",\"valueRequired\":true,\"valueName\":\"search_term_string\"}}],\"inLanguage\":\"tr\"},{\"@type\":\"Organization\",\"@id\":\"https:\\\/\\\/ipautomationinc.com\\\/#organization\",\"name\":\"IP Automation Inc\",\"url\":\"https:\\\/\\\/ipautomationinc.com\\\/\",\"logo\":{\"@type\":\"ImageObject\",\"inLanguage\":\"tr\",\"@id\":\"https:\\\/\\\/ipautomationinc.com\\\/#\\\/schema\\\/logo\\\/image\\\/\",\"url\":\"https:\\\/\\\/ipautomationinc.com\\\/wp-content\\\/uploads\\\/2022\\\/05\\\/IPA-Favicon.png\",\"contentUrl\":\"https:\\\/\\\/ipautomationinc.com\\\/wp-content\\\/uploads\\\/2022\\\/05\\\/IPA-Favicon.png\",\"width\":513,\"height\":513,\"caption\":\"IP Automation Inc\"},\"image\":{\"@id\":\"https:\\\/\\\/ipautomationinc.com\\\/#\\\/schema\\\/logo\\\/image\\\/\"},\"sameAs\":[\"https:\\\/\\\/www.facebook.com\\\/ipautomationinc\\\/\",\"https:\\\/\\\/www.linkedin.com\\\/company\\\/ip-automation-inc\\\/\",\"https:\\\/\\\/www.youtube.com\\\/@IPAutomation\"]}]}<\/script>\n<!-- \/ Yoast SEO plugin. -->","yoast_head_json":{"title":"\u00dcr\u00fcnler | IP Otomasyon A.\u015e.","description":"Tel b\u00fckme makineleri, aksesuarlar ve otomasyon h\u00fccresi \u00f6rnekleri de dahil olmak \u00fczere tel b\u00fckme \u00fcr\u00fcnlerimiz hakk\u0131nda daha fazla bilgi edinin.","robots":{"index":"index","follow":"follow","max-snippet":"max-snippet:-1","max-image-preview":"max-image-preview:large","max-video-preview":"max-video-preview:-1"},"canonical":"https:\/\/ipautomationinc.com\/tr\/urunler-ve-servisler\/","og_locale":"tr_TR","og_type":"article","og_title":"Products | IP Automation Inc","og_description":"Learn more about our wire bending products, including wire bending machines, accessories, and automation cell examples.","og_url":"https:\/\/ipautomationinc.com\/tr\/urunler-ve-servisler\/","og_site_name":"IP Automation Inc","article_publisher":"https:\/\/www.facebook.com\/ipautomationinc\/","article_modified_time":"2026-04-06T16:08:32+00:00","og_image":[{"url":"https:\/\/ipautomationinc.com\/wp-content\/uploads\/2022\/09\/i-S-rgb-1.png","type":"","width":"","height":""}],"schema":{"@context":"https:\/\/schema.org","@graph":[{"@type":"WebPage","@id":"https:\/\/ipautomationinc.com\/products-and-services\/","url":"https:\/\/ipautomationinc.com\/products-and-services\/","name":"\u00dcr\u00fcnler | IP Otomasyon A.\u015e.","isPartOf":{"@id":"https:\/\/ipautomationinc.com\/#website"},"primaryImageOfPage":{"@id":"https:\/\/ipautomationinc.com\/products-and-services\/#primaryimage"},"image":{"@id":"https:\/\/ipautomationinc.com\/products-and-services\/#primaryimage"},"thumbnailUrl":"https:\/\/ipautomationinc.com\/wp-content\/uploads\/2022\/09\/i-S-rgb-1.png","datePublished":"2017-10-27T22:09:03+00:00","dateModified":"2026-04-06T16:08:32+00:00","description":"Tel b\u00fckme makineleri, aksesuarlar ve otomasyon h\u00fccresi \u00f6rnekleri de dahil olmak \u00fczere tel b\u00fckme \u00fcr\u00fcnlerimiz hakk\u0131nda daha fazla bilgi edinin.","inLanguage":"tr","potentialAction":[{"@type":"ReadAction","target":["https:\/\/ipautomationinc.com\/products-and-services\/"]}]},{"@type":"ImageObject","inLanguage":"tr","@id":"https:\/\/ipautomationinc.com\/products-and-services\/#primaryimage","url":"https:\/\/ipautomationinc.com\/wp-content\/uploads\/2022\/09\/i-S-rgb-1.png","contentUrl":"https:\/\/ipautomationinc.com\/wp-content\/uploads\/2022\/09\/i-S-rgb-1.png"},{"@type":"WebSite","@id":"https:\/\/ipautomationinc.com\/#website","url":"https:\/\/ipautomationinc.com\/","name":"IP Otomasyon A.\u015e.","description":"Konsept... Yarat\u0131l\u0131\u015f... Ger\u00e7eklik...","publisher":{"@id":"https:\/\/ipautomationinc.com\/#organization"},"potentialAction":[{"@type":"SearchAction","target":{"@type":"EntryPoint","urlTemplate":"https:\/\/ipautomationinc.com\/?s={search_term_string}"},"query-input":{"@type":"PropertyValueSpecification","valueRequired":true,"valueName":"search_term_string"}}],"inLanguage":"tr"},{"@type":"Organization","@id":"https:\/\/ipautomationinc.com\/#organization","name":"IP Otomasyon A.\u015e.","url":"https:\/\/ipautomationinc.com\/","logo":{"@type":"ImageObject","inLanguage":"tr","@id":"https:\/\/ipautomationinc.com\/#\/schema\/logo\/image\/","url":"https:\/\/ipautomationinc.com\/wp-content\/uploads\/2022\/05\/IPA-Favicon.png","contentUrl":"https:\/\/ipautomationinc.com\/wp-content\/uploads\/2022\/05\/IPA-Favicon.png","width":513,"height":513,"caption":"IP Automation Inc"},"image":{"@id":"https:\/\/ipautomationinc.com\/#\/schema\/logo\/image\/"},"sameAs":["https:\/\/www.facebook.com\/ipautomationinc\/","https:\/\/www.linkedin.com\/company\/ip-automation-inc\/","https:\/\/www.youtube.com\/@IPAutomation"]}]}},"_links":{"self":[{"href":"https:\/\/ipautomationinc.com\/tr\/wp-json\/wp\/v2\/pages\/106","targetHints":{"allow":["GET"]}}],"collection":[{"href":"https:\/\/ipautomationinc.com\/tr\/wp-json\/wp\/v2\/pages"}],"about":[{"href":"https:\/\/ipautomationinc.com\/tr\/wp-json\/wp\/v2\/types\/page"}],"author":[{"embeddable":true,"href":"https:\/\/ipautomationinc.com\/tr\/wp-json\/wp\/v2\/users\/3"}],"replies":[{"embeddable":true,"href":"https:\/\/ipautomationinc.com\/tr\/wp-json\/wp\/v2\/comments?post=106"}],"version-history":[{"count":1,"href":"https:\/\/ipautomationinc.com\/tr\/wp-json\/wp\/v2\/pages\/106\/revisions"}],"predecessor-version":[{"id":38049,"href":"https:\/\/ipautomationinc.com\/tr\/wp-json\/wp\/v2\/pages\/106\/revisions\/38049"}],"wp:attachment":[{"href":"https:\/\/ipautomationinc.com\/tr\/wp-json\/wp\/v2\/media?parent=106"}],"curies":[{"name":"wp","href":"https:\/\/api.w.org\/{rel}","templated":true}]}}