{"id":78,"date":"2015-06-25T08:33:17","date_gmt":"2015-06-25T13:33:17","guid":{"rendered":"http:\/\/themes.muffingroup.com\/be\/agro\/?page_id=2"},"modified":"2026-03-25T17:02:41","modified_gmt":"2026-03-25T22:02:41","slug":"domov","status":"publish","type":"page","link":"https:\/\/ipautomationinc.com\/sl\/","title":{"rendered":"domov"},"content":{"rendered":"<h6 class=\"wp-block-heading\"><strong>IP Automation oblikuje in izdeluje \u0161iroko linijo visoko zmogljivih CNC strojev za krivljenje \u017eice z uporabo najnovej\u0161e servo in programske tehnologije. Na\u0161a edinstvena notranja integracijska zmo\u017enost ustvarja popolno vitko re\u0161itev za \u00bbpretok enega kosa\u00ab skozi ve\u010d operacij, kar pove\u010duje u\u010dinkovitost va\u0161ega delovanja. Na\u0161im strankam si prizadevamo zagotoviti najvi\u0161jo raven odzivnih storitev in podpore v industriji.<\/strong><\/h6>\n\n\n\n<p><span class=\"builder2seo\"><\/span>autoplay=1&amp;muted=1&amp;loop=1&amp;autopause=0&amp;controls=0<br>fadeIn<br><br><img decoding=\"async\" src=\"https:\/\/ipautomationinc.com\/wp-content\/uploads\/2022\/05\/text-logo-01.png\" alt=\"besedilni logotip\"><br>skrij tabli\u010dni ra\u010dunalnik skrij mobilni telefon<br><br><p>IP Automation oblikuje in izdeluje \u0161iroko linijo visoko zmogljivih CNC strojev za krivljenje \u017eice z uporabo najnovej\u0161e servo in programske tehnologije. Na\u0161a edinstvena notranja integracijska zmo\u017enost ustvarja popolno vitko re\u0161itev za \\&quot;pretok enega kosa\\&quot; skozi ve\u010d operacij, kar pove\u010duje u\u010dinkovitost va\u0161ega delovanja.<\/p><br><br><p>Na\u0161im strankam si prizadevamo zagotoviti najvi\u0161jo raven odzivnih storitev in podpore v industriji.<\/p><br>#222222<br><br>O nas<br><a href=\"https:\/\/ipautomationinc.com\/sl\/o-nas\/\">https:\/\/ipautomationinc.com\/about-us\/<\/a><br><br>Vsi CNC stroji za upogibanje \u017eice<br><img decoding=\"async\" src=\"https:\/\/ipautomationinc.com\/wp-content\/uploads\/2023\/02\/i8-S-RGB-1.png#11263\" alt=\"i8-S RGB\"><br><a href=\"https:\/\/ipautomationinc.com\/sl\/oblikovalniki-zice\/\">https:\/\/ipautomationinc.com\/wire-formers\/<\/a><br>lestvica ikon<br>72%<br><br>Dodatki<br>svetilka<br><img decoding=\"async\" src=\"https:\/\/ipautomationinc.com\/wp-content\/uploads\/2025\/06\/iBW-45.png#37717\" alt=\"iBW-45\"><br><a href=\"https:\/\/ipautomationinc.com\/sl\/dodatki\/\">https:\/\/ipautomationinc.com\/accessories\/<\/a><br>lestvica ikon<br>55%<br><br>Avtomatske celice<br>svetilka<br><img decoding=\"async\" src=\"https:\/\/ipautomationinc.com\/wp-content\/uploads\/2022\/11\/automation-cell-composite.png#1769\" alt=\"kompozit celic za avtomatizacijo\"><br><a href=\"https:\/\/ipautomationinc.com\/sl\/avtomatske-celice\/\">https:\/\/ipautomationinc.com\/automationcells\/<\/a><br>lestvica ikon<br>140%<br><br><br>Prihajajo\u010di sejmi<br><br><img decoding=\"async\" src=\"https:\/\/ipautomationinc.com\/wp-content\/uploads\/2023\/07\/dusseldorf-wire-logo-e1710443108484.jpg#24542\" alt=\"logotip dusseldorfske \u017eice\"><br><a href=\"https:\/\/www.wire-tradefair.com\/\">https:\/\/www.wire-tradefair.com\/<\/a><br><br><h4>13.\u201317. april 2026<\/h4><br><br><p><span>\u017dica D\u00fcsseldorf<span>D\u00fcsseldorf, Nem\u010dija<\/span><\/span><\/p><br>#525252<br><br><br>IP Automation Inc<br><br><h4>400 E Fullerton Ave, Carol Stream, IL60188<\/h4><br>Naslov + desc<br>brez ponavljanja;levo zgoraj;;<br>avto<br><br>Klic: (630)-656-1215<br>ikona-telefona-1<br>konec<br><a href=\"tel:6306561215\">tel:6306561215<\/a><br>25 slikovnih pik<br><br>E-po\u0161ta: sales@ipautomationinc.com<br>ikona-e-po\u0161ta<br>konec<br><a href=\"mailto:sales@ipautomationinc.com\">mailto:sales@ipautomationinc.com<\/a><br>25 slikovnih pik<br><br>Kontaktni podatki<br><a href=\"https:\/\/ipautomationinc.com\/sl\/kontaktiraj-nas\/\">https:\/\/ipautomationinc.com\/contact-us\/<\/a><br>ikona-naprej<br><br><br><hr class=\"no_line\" style=\"margin: 0 auto 0px auto\"\/>\n<br><br><h4>5220 Thatcher Road, Downers Grove, IL60515<\/h4><br>Naslov + desc<br>brez ponavljanja;levo zgoraj;;<br>avto<br><br><h5><hr class=\"no_line\" style=\"margin: 0 auto 0px auto\"\/>\n <hr class=\"no_line\" style=\"margin: 0 auto 0px auto\"\/>\n<\/h5><br><br><h5><i class=\"\" style=\"\" aria-hidden=\"true\"><\/i> <a href=\"tel:6306561215\">(630)-656-1215<\/a><\/h5><br>Naslov + desc<br>brez ponavljanja;levo zgoraj;;<br>avto<br><br><h5><i class=\"\" style=\"\" aria-hidden=\"true\"><\/i> <a href=\"mailto:sales@ipautomaitoninc.com\">sales@ipautomationinc.com<\/a><\/h5><br>Naslov + desc<br>brez ponavljanja;levo zgoraj;;<br>avto<br><br>Kontaktni podatki<br><a href=\"https:\/\/ipautomationinc.com\/sl\/kontaktiraj-nas\/\">https:\/\/ipautomationinc.com\/contact-us\/<\/a><br>ikona-naprej<br><br><\/p>","protected":false},"excerpt":{"rendered":"<p>IP Automation designs and manufactures a wide line of high-performance CNC wire bending machines using the latest servo and programming<span class=\"excerpt-hellip\"> [\u2026]<\/span><\/p>\n","protected":false},"author":3,"featured_media":0,"parent":0,"menu_order":0,"comment_status":"open","ping_status":"closed","template":"","meta":{"footnotes":""},"class_list":["post-78","page","type-page","status-publish","hentry"],"yoast_head":"<!-- This site is optimized with the Yoast SEO plugin v27.4 - https:\/\/yoast.com\/product\/yoast-seo-wordpress\/ -->\n<title>Home | IP Automation Inc<\/title>\n<meta name=\"description\" content=\"IP Automation designs and manufactures a wide line of high-performance CNC wire bending machines using the latest servo and programming technology.\" \/>\n<meta name=\"robots\" content=\"index, follow, max-snippet:-1, max-image-preview:large, max-video-preview:-1\" \/>\n<link rel=\"canonical\" href=\"https:\/\/ipautomationinc.com\/sl\/\" \/>\n<meta property=\"og:locale\" content=\"sl_SI\" \/>\n<meta property=\"og:type\" content=\"article\" \/>\n<meta property=\"og:title\" content=\"Home | IP Automation Inc\" \/>\n<meta property=\"og:description\" content=\"IP Automation designs and manufactures a wide line of high-performance CNC wire bending machines using the latest servo and programming technology.\" \/>\n<meta property=\"og:url\" content=\"https:\/\/ipautomationinc.com\/sl\/\" \/>\n<meta property=\"og:site_name\" content=\"IP Automation Inc\" \/>\n<meta property=\"article:publisher\" content=\"https:\/\/www.facebook.com\/ipautomationinc\/\" \/>\n<meta property=\"article:modified_time\" content=\"2026-03-25T22:02:41+00:00\" \/>\n<meta property=\"og:image\" content=\"https:\/\/ipautomationinc.com\/wp-content\/uploads\/2022\/05\/text-logo-01.png\" \/>\n<script type=\"application\/ld+json\" class=\"yoast-schema-graph\">{\"@context\":\"https:\\\/\\\/schema.org\",\"@graph\":[{\"@type\":\"WebPage\",\"@id\":\"https:\\\/\\\/ipautomationinc.com\\\/\",\"url\":\"https:\\\/\\\/ipautomationinc.com\\\/\",\"name\":\"Home | IP Automation Inc\",\"isPartOf\":{\"@id\":\"https:\\\/\\\/ipautomationinc.com\\\/#website\"},\"primaryImageOfPage\":{\"@id\":\"https:\\\/\\\/ipautomationinc.com\\\/#primaryimage\"},\"image\":{\"@id\":\"https:\\\/\\\/ipautomationinc.com\\\/#primaryimage\"},\"thumbnailUrl\":\"https:\\\/\\\/ipautomationinc.com\\\/wp-content\\\/uploads\\\/2022\\\/05\\\/text-logo-01.png\",\"datePublished\":\"2015-06-25T13:33:17+00:00\",\"dateModified\":\"2026-03-25T22:02:41+00:00\",\"description\":\"IP Automation designs and manufactures a wide line of high-performance CNC wire bending machines using the latest servo and programming technology.\",\"inLanguage\":\"sl-SI\",\"potentialAction\":[{\"@type\":\"ReadAction\",\"target\":[\"https:\\\/\\\/ipautomationinc.com\\\/\"]}]},{\"@type\":\"ImageObject\",\"inLanguage\":\"sl-SI\",\"@id\":\"https:\\\/\\\/ipautomationinc.com\\\/#primaryimage\",\"url\":\"https:\\\/\\\/ipautomationinc.com\\\/wp-content\\\/uploads\\\/2022\\\/05\\\/text-logo-01.png\",\"contentUrl\":\"https:\\\/\\\/ipautomationinc.com\\\/wp-content\\\/uploads\\\/2022\\\/05\\\/text-logo-01.png\"},{\"@type\":\"WebSite\",\"@id\":\"https:\\\/\\\/ipautomationinc.com\\\/#website\",\"url\":\"https:\\\/\\\/ipautomationinc.com\\\/\",\"name\":\"IP Automation Inc\",\"description\":\"Concept... Creation... Reality...\",\"publisher\":{\"@id\":\"https:\\\/\\\/ipautomationinc.com\\\/#organization\"},\"potentialAction\":[{\"@type\":\"SearchAction\",\"target\":{\"@type\":\"EntryPoint\",\"urlTemplate\":\"https:\\\/\\\/ipautomationinc.com\\\/?s={search_term_string}\"},\"query-input\":{\"@type\":\"PropertyValueSpecification\",\"valueRequired\":true,\"valueName\":\"search_term_string\"}}],\"inLanguage\":\"sl-SI\"},{\"@type\":\"Organization\",\"@id\":\"https:\\\/\\\/ipautomationinc.com\\\/#organization\",\"name\":\"IP Automation Inc\",\"url\":\"https:\\\/\\\/ipautomationinc.com\\\/\",\"logo\":{\"@type\":\"ImageObject\",\"inLanguage\":\"sl-SI\",\"@id\":\"https:\\\/\\\/ipautomationinc.com\\\/#\\\/schema\\\/logo\\\/image\\\/\",\"url\":\"https:\\\/\\\/ipautomationinc.com\\\/wp-content\\\/uploads\\\/2022\\\/05\\\/IPA-Favicon.png\",\"contentUrl\":\"https:\\\/\\\/ipautomationinc.com\\\/wp-content\\\/uploads\\\/2022\\\/05\\\/IPA-Favicon.png\",\"width\":513,\"height\":513,\"caption\":\"IP Automation Inc\"},\"image\":{\"@id\":\"https:\\\/\\\/ipautomationinc.com\\\/#\\\/schema\\\/logo\\\/image\\\/\"},\"sameAs\":[\"https:\\\/\\\/www.facebook.com\\\/ipautomationinc\\\/\",\"https:\\\/\\\/www.linkedin.com\\\/company\\\/ip-automation-inc\\\/\",\"https:\\\/\\\/www.youtube.com\\\/@IPAutomation\"]}]}<\/script>\n<!-- \/ Yoast SEO plugin. -->","yoast_head_json":{"title":"Domov | IP Automation Inc","description":"IP Automation oblikuje in izdeluje \u0161iroko linijo visoko zmogljivih CNC strojev za krivljenje \u017eice z uporabo najnovej\u0161e servo in programske tehnologije.","robots":{"index":"index","follow":"follow","max-snippet":"max-snippet:-1","max-image-preview":"max-image-preview:large","max-video-preview":"max-video-preview:-1"},"canonical":"https:\/\/ipautomationinc.com\/sl\/","og_locale":"sl_SI","og_type":"article","og_title":"Home | IP Automation Inc","og_description":"IP Automation designs and manufactures a wide line of high-performance CNC wire bending machines using the latest servo and programming technology.","og_url":"https:\/\/ipautomationinc.com\/sl\/","og_site_name":"IP Automation Inc","article_publisher":"https:\/\/www.facebook.com\/ipautomationinc\/","article_modified_time":"2026-03-25T22:02:41+00:00","og_image":[{"url":"https:\/\/ipautomationinc.com\/wp-content\/uploads\/2022\/05\/text-logo-01.png","type":"","width":"","height":""}],"schema":{"@context":"https:\/\/schema.org","@graph":[{"@type":"WebPage","@id":"https:\/\/ipautomationinc.com\/","url":"https:\/\/ipautomationinc.com\/","name":"Domov | IP Automation Inc","isPartOf":{"@id":"https:\/\/ipautomationinc.com\/#website"},"primaryImageOfPage":{"@id":"https:\/\/ipautomationinc.com\/#primaryimage"},"image":{"@id":"https:\/\/ipautomationinc.com\/#primaryimage"},"thumbnailUrl":"https:\/\/ipautomationinc.com\/wp-content\/uploads\/2022\/05\/text-logo-01.png","datePublished":"2015-06-25T13:33:17+00:00","dateModified":"2026-03-25T22:02:41+00:00","description":"IP Automation oblikuje in izdeluje \u0161iroko linijo visoko zmogljivih CNC strojev za krivljenje \u017eice z uporabo najnovej\u0161e servo in programske tehnologije.","inLanguage":"sl-SI","potentialAction":[{"@type":"ReadAction","target":["https:\/\/ipautomationinc.com\/"]}]},{"@type":"ImageObject","inLanguage":"sl-SI","@id":"https:\/\/ipautomationinc.com\/#primaryimage","url":"https:\/\/ipautomationinc.com\/wp-content\/uploads\/2022\/05\/text-logo-01.png","contentUrl":"https:\/\/ipautomationinc.com\/wp-content\/uploads\/2022\/05\/text-logo-01.png"},{"@type":"WebSite","@id":"https:\/\/ipautomationinc.com\/#website","url":"https:\/\/ipautomationinc.com\/","name":"IP Automation Inc","description":"Koncept... Kreacija... Realnost...","publisher":{"@id":"https:\/\/ipautomationinc.com\/#organization"},"potentialAction":[{"@type":"SearchAction","target":{"@type":"EntryPoint","urlTemplate":"https:\/\/ipautomationinc.com\/?s={search_term_string}"},"query-input":{"@type":"PropertyValueSpecification","valueRequired":true,"valueName":"search_term_string"}}],"inLanguage":"sl-SI"},{"@type":"Organization","@id":"https:\/\/ipautomationinc.com\/#organization","name":"IP Automation Inc","url":"https:\/\/ipautomationinc.com\/","logo":{"@type":"ImageObject","inLanguage":"sl-SI","@id":"https:\/\/ipautomationinc.com\/#\/schema\/logo\/image\/","url":"https:\/\/ipautomationinc.com\/wp-content\/uploads\/2022\/05\/IPA-Favicon.png","contentUrl":"https:\/\/ipautomationinc.com\/wp-content\/uploads\/2022\/05\/IPA-Favicon.png","width":513,"height":513,"caption":"IP Automation Inc"},"image":{"@id":"https:\/\/ipautomationinc.com\/#\/schema\/logo\/image\/"},"sameAs":["https:\/\/www.facebook.com\/ipautomationinc\/","https:\/\/www.linkedin.com\/company\/ip-automation-inc\/","https:\/\/www.youtube.com\/@IPAutomation"]}]}},"_links":{"self":[{"href":"https:\/\/ipautomationinc.com\/sl\/wp-json\/wp\/v2\/pages\/78","targetHints":{"allow":["GET"]}}],"collection":[{"href":"https:\/\/ipautomationinc.com\/sl\/wp-json\/wp\/v2\/pages"}],"about":[{"href":"https:\/\/ipautomationinc.com\/sl\/wp-json\/wp\/v2\/types\/page"}],"author":[{"embeddable":true,"href":"https:\/\/ipautomationinc.com\/sl\/wp-json\/wp\/v2\/users\/3"}],"replies":[{"embeddable":true,"href":"https:\/\/ipautomationinc.com\/sl\/wp-json\/wp\/v2\/comments?post=78"}],"version-history":[{"count":2,"href":"https:\/\/ipautomationinc.com\/sl\/wp-json\/wp\/v2\/pages\/78\/revisions"}],"predecessor-version":[{"id":38245,"href":"https:\/\/ipautomationinc.com\/sl\/wp-json\/wp\/v2\/pages\/78\/revisions\/38245"}],"wp:attachment":[{"href":"https:\/\/ipautomationinc.com\/sl\/wp-json\/wp\/v2\/media?parent=78"}],"curies":[{"name":"delovni list","href":"https:\/\/api.w.org\/{rel}","templated":true}]}}