{"id":6172,"date":"2023-01-17T11:16:28","date_gmt":"2023-01-17T17:16:28","guid":{"rendered":"https:\/\/ipautomationinc.com\/?page_id=6172"},"modified":"2025-08-11T10:35:21","modified_gmt":"2025-08-11T15:35:21","slug":"avtomatski-varilci","status":"publish","type":"page","link":"https:\/\/ipautomationinc.com\/sl\/accessories\/automated-welders\/","title":{"rendered":"Avtomatizirani varilci"},"content":{"rendered":"<h6 class=\"wp-block-heading\"><strong>Varilne postopke je mogo\u010de preprosto vklju\u010diti v va\u0161o operacijo oblikovanja \u017eice \u2013 s \u010dimer odpravite stro\u0161ke dela in variacije postopka. IP Automation ima popolnoma avtomatizirane re\u0161itve za najpogostej\u0161e potrebe v industriji. Na\u010drtujemo in izdelujemo varilne naprave posebej za \u017ei\u010dne oblike in lahko integriramo druge proizvodne varilne naprave. Na\u0161e znanje in izku\u0161nje pri integraciji robotskega varjenja vam bodo zagotovile zanesljivo in prilagodljivo re\u0161itev za nemoteno delovanje.<\/strong><\/h6>\n\n\n\n<p>&gt; nazaj k dodatkom<br>h2<br><a href=\"https:\/\/ipautomationinc.com\/sl\/dodatki\/\">https:\/\/ipautomationinc.com\/accessories\/<\/a><br>center center<br>levo<br>#949494<br>skriti<br><br>Avtomatizirani varilci<br>h1<br>center center<br>levo<br>skriti<br><br><h4>Varilne postopke je mogo\u010de enostavno vklju\u010diti v va\u0161o operacijo oblikovanja \u017eice \u2013 s \u010dimer odpravite stro\u0161ke dela in variacije postopka. IP Automation ima popolnoma avtomatizirane re\u0161itve za najpogostej\u0161e potrebe v industriji.<\/h4>\r<br><h4>Na\u010drtujemo in izdelujemo varilne naprave posebej za \u017ei\u010dne oblike in lahko integriramo druge proizvodne varilne naprave. Na\u0161e znanje in izku\u0161nje pri integraciji robotskega varjenja vam bodo zagotovile zanesljivo in prilagodljivo re\u0161itev za nemoteno delovanje.<\/h4><br>#000000<br>skriti<br><br><img decoding=\"async\" src=\"https:\/\/ipautomationinc.com\/wp-content\/uploads\/2023\/08\/machine-options_BW-45.png#29270\" alt=\"mo\u017enosti stroja_BW-45\" \/><br>poln<br>vsebujejo<br>center center<br>skriti<br><br>BW-45<br>h3<br>center center<br>center<br>skriti<br><br>\u010celni varilec in stroj za glajenje<br>h4<br>center center<br>center<br>skriti<br><br>Zahteva robotsko integracijo<br>h5<br>center center<br>center<br>skriti<br><br><img decoding=\"async\" src=\"https:\/\/ipautomationinc.com\/wp-content\/uploads\/2023\/08\/machine-options_iBW-100.png#29271\" alt=\"strojne mo\u017enosti_iBW-100\" \/><br>poln<br>vsebujejo<br>center center<br>center<br>skriti<br><br>iBW-100<br>h3<br>center center<br>center<br>skriti<br><br>MFDC \u010delni varilec<br>h4<br>center center<br>center<br>skriti<br><br><img decoding=\"async\" src=\"https:\/\/ipautomationinc.com\/wp-content\/uploads\/2022\/10\/45kw-butt-welder-e1673550910746.png\" alt=\"45kw \u010delni varilec\" \/><br>poln<br>vsebujejo<br>center center<br>skriti<br><br>ABW-45<br>h3<br>center center<br>center<br>skriti<br><br>Avtomatski \u010delni varilec za 2D stroje<br>h4<br>center center<br>center<br>skriti<br><br><img decoding=\"async\" src=\"https:\/\/ipautomationinc.com\/wp-content\/uploads\/2023\/01\/spot-welder.png\" alt=\"to\u010dkovni varilec\" \/><br>poln<br>vsebujejo<br>center center<br>skriti<br><br>To\u010dkovni varilec<br>h3<br>center center<br>center<br>skriti<br><br>Robotska roka ali rocker roka<br>h4<br>center center<br>center<br>skriti<br><br>40<br>skriti<br><br>Mediji<br>h3<br>center center<br>center<br>skriti<br><br>788795524<br>vsebujejo<br>center center<br>skriti<br><br>40<br>skriti<br><br>Lastnosti<br>h3<br>center center<br>center<br>skriti<br><br>Klju\u010dne funkcije<br>Podrobnosti<br>Prilagojene re\u0161itve<br>\r<br>Avtomatizirano poravnavanje in stiskanje koncev \u017eice\r<br>Uporovni varilci z nastavljivimi krmilniki\r<br>Enostavna zamenjava in nastavitev elektrod\r<br>Mo\u017enost stiskanja zgladi vro\u010de zvare za bolj\u0161o estetiko\r<br>Brezhibna integracija z na\u0161imi stroji za upogibanje \u017eice\r<br>Sposobnost varjenja odtiskov z \u017ei\u010dnimi oblikami\r<br><br>\r<br>Varilci potrebujejo teko\u010dinsko hlajenje \u2013 na voljo so varilni hladilniki, \u010de rastlinski hladilnik ni na voljo\r<br>Mo\u017enosti AC in DC so na voljo standardno 460 V\r<br>Zmogljivost premera do 12 mm\r<br>45KVA in ve\u010d<br>\r<br>Orodje za pritrjevanje \u017eice\r<br>Avtomatizacija T-varjenja\r<br>Avtomatizacija varjenja \u0161ivov\r<br>Mig, Tig, lasersko varjenje\r<br>Ro\u010dno nalo\u017eena robotska varilna celica za \u017ei\u010dne oblike\r<br><br>center<br>#EBEBEB<br>#222222<br>skriti<br><br><\/p>","protected":false},"excerpt":{"rendered":"<p>Welding operations can easily be integrated into your wire forming operation &#8211; eliminating labor cost and process variation. IP Automation<span class=\"excerpt-hellip\"> [\u2026]<\/span><\/p>\n","protected":false},"author":3,"featured_media":0,"parent":7745,"menu_order":0,"comment_status":"closed","ping_status":"closed","template":"","meta":{"footnotes":""},"class_list":["post-6172","page","type-page","status-publish","hentry"],"yoast_head":"<!-- This site is optimized with the Yoast SEO plugin v27.3 - https:\/\/yoast.com\/product\/yoast-seo-wordpress\/ -->\n<title>Automated Welders | IP Automation Inc<\/title>\n<meta name=\"description\" content=\"Check out our various types of automated welders that can be easily integrated with your wire forming operation.\" \/>\n<meta name=\"robots\" content=\"index, follow, max-snippet:-1, max-image-preview:large, max-video-preview:-1\" \/>\n<link rel=\"canonical\" href=\"https:\/\/ipautomationinc.com\/sl\/dodatki\/avtomatski-varilci\/\" \/>\n<meta property=\"og:locale\" content=\"sl_SI\" \/>\n<meta property=\"og:type\" content=\"article\" \/>\n<meta property=\"og:title\" content=\"Automated Welders | IP Automation Inc\" \/>\n<meta property=\"og:description\" content=\"Check out our various types of automated welders that can be easily integrated with your wire forming operation.\" \/>\n<meta property=\"og:url\" content=\"https:\/\/ipautomationinc.com\/sl\/dodatki\/avtomatski-varilci\/\" \/>\n<meta property=\"og:site_name\" content=\"IP Automation Inc\" \/>\n<meta property=\"article:publisher\" content=\"https:\/\/www.facebook.com\/ipautomationinc\/\" \/>\n<meta property=\"article:modified_time\" content=\"2025-08-11T15:35:21+00:00\" \/>\n<meta property=\"og:image\" content=\"https:\/\/ipautomationinc.com\/wp-content\/uploads\/2023\/08\/machine-options_BW-45.png#29270\" \/>\n<script type=\"application\/ld+json\" class=\"yoast-schema-graph\">{\"@context\":\"https:\\\/\\\/schema.org\",\"@graph\":[{\"@type\":\"WebPage\",\"@id\":\"https:\\\/\\\/ipautomationinc.com\\\/accessories\\\/automated-welders\\\/\",\"url\":\"https:\\\/\\\/ipautomationinc.com\\\/accessories\\\/automated-welders\\\/\",\"name\":\"Automated Welders | IP Automation Inc\",\"isPartOf\":{\"@id\":\"https:\\\/\\\/ipautomationinc.com\\\/#website\"},\"primaryImageOfPage\":{\"@id\":\"https:\\\/\\\/ipautomationinc.com\\\/accessories\\\/automated-welders\\\/#primaryimage\"},\"image\":{\"@id\":\"https:\\\/\\\/ipautomationinc.com\\\/accessories\\\/automated-welders\\\/#primaryimage\"},\"thumbnailUrl\":\"https:\\\/\\\/ipautomationinc.com\\\/wp-content\\\/uploads\\\/2023\\\/08\\\/machine-options_BW-45.png#29270\",\"datePublished\":\"2023-01-17T17:16:28+00:00\",\"dateModified\":\"2025-08-11T15:35:21+00:00\",\"description\":\"Check out our various types of automated welders that can be easily integrated with your wire forming operation.\",\"breadcrumb\":{\"@id\":\"https:\\\/\\\/ipautomationinc.com\\\/accessories\\\/automated-welders\\\/#breadcrumb\"},\"inLanguage\":\"sl-SI\",\"potentialAction\":[{\"@type\":\"ReadAction\",\"target\":[\"https:\\\/\\\/ipautomationinc.com\\\/accessories\\\/automated-welders\\\/\"]}]},{\"@type\":\"ImageObject\",\"inLanguage\":\"sl-SI\",\"@id\":\"https:\\\/\\\/ipautomationinc.com\\\/accessories\\\/automated-welders\\\/#primaryimage\",\"url\":\"https:\\\/\\\/ipautomationinc.com\\\/wp-content\\\/uploads\\\/2023\\\/08\\\/machine-options_BW-45.png#29270\",\"contentUrl\":\"https:\\\/\\\/ipautomationinc.com\\\/wp-content\\\/uploads\\\/2023\\\/08\\\/machine-options_BW-45.png#29270\"},{\"@type\":\"BreadcrumbList\",\"@id\":\"https:\\\/\\\/ipautomationinc.com\\\/accessories\\\/automated-welders\\\/#breadcrumb\",\"itemListElement\":[{\"@type\":\"ListItem\",\"position\":1,\"name\":\"Accessories\",\"item\":\"https:\\\/\\\/ipautomationinc.com\\\/accessories\\\/\"},{\"@type\":\"ListItem\",\"position\":2,\"name\":\"Automated Welders\"}]},{\"@type\":\"WebSite\",\"@id\":\"https:\\\/\\\/ipautomationinc.com\\\/#website\",\"url\":\"https:\\\/\\\/ipautomationinc.com\\\/\",\"name\":\"IP Automation Inc\",\"description\":\"Concept... Creation... Reality...\",\"publisher\":{\"@id\":\"https:\\\/\\\/ipautomationinc.com\\\/#organization\"},\"potentialAction\":[{\"@type\":\"SearchAction\",\"target\":{\"@type\":\"EntryPoint\",\"urlTemplate\":\"https:\\\/\\\/ipautomationinc.com\\\/?s={search_term_string}\"},\"query-input\":{\"@type\":\"PropertyValueSpecification\",\"valueRequired\":true,\"valueName\":\"search_term_string\"}}],\"inLanguage\":\"sl-SI\"},{\"@type\":\"Organization\",\"@id\":\"https:\\\/\\\/ipautomationinc.com\\\/#organization\",\"name\":\"IP Automation Inc\",\"url\":\"https:\\\/\\\/ipautomationinc.com\\\/\",\"logo\":{\"@type\":\"ImageObject\",\"inLanguage\":\"sl-SI\",\"@id\":\"https:\\\/\\\/ipautomationinc.com\\\/#\\\/schema\\\/logo\\\/image\\\/\",\"url\":\"https:\\\/\\\/ipautomationinc.com\\\/wp-content\\\/uploads\\\/2022\\\/05\\\/IPA-Favicon.png\",\"contentUrl\":\"https:\\\/\\\/ipautomationinc.com\\\/wp-content\\\/uploads\\\/2022\\\/05\\\/IPA-Favicon.png\",\"width\":513,\"height\":513,\"caption\":\"IP Automation Inc\"},\"image\":{\"@id\":\"https:\\\/\\\/ipautomationinc.com\\\/#\\\/schema\\\/logo\\\/image\\\/\"},\"sameAs\":[\"https:\\\/\\\/www.facebook.com\\\/ipautomationinc\\\/\",\"https:\\\/\\\/www.linkedin.com\\\/company\\\/ip-automation-inc\\\/\",\"https:\\\/\\\/www.youtube.com\\\/@IPAutomation\"]}]}<\/script>\n<!-- \/ Yoast SEO plugin. -->","yoast_head_json":{"title":"Avtomatizirani varilci | IP Automation Inc","description":"Oglejte si na\u0161e razli\u010dne vrste avtomatiziranih varilnikov, ki jih je mogo\u010de preprosto integrirati z va\u0161im postopkom oblikovanja \u017eice.","robots":{"index":"index","follow":"follow","max-snippet":"max-snippet:-1","max-image-preview":"max-image-preview:large","max-video-preview":"max-video-preview:-1"},"canonical":"https:\/\/ipautomationinc.com\/sl\/dodatki\/avtomatski-varilci\/","og_locale":"sl_SI","og_type":"article","og_title":"Automated Welders | IP Automation Inc","og_description":"Check out our various types of automated welders that can be easily integrated with your wire forming operation.","og_url":"https:\/\/ipautomationinc.com\/sl\/dodatki\/avtomatski-varilci\/","og_site_name":"IP Automation Inc","article_publisher":"https:\/\/www.facebook.com\/ipautomationinc\/","article_modified_time":"2025-08-11T15:35:21+00:00","og_image":[{"url":"https:\/\/ipautomationinc.com\/wp-content\/uploads\/2023\/08\/machine-options_BW-45.png#29270","type":"","width":"","height":""}],"schema":{"@context":"https:\/\/schema.org","@graph":[{"@type":"WebPage","@id":"https:\/\/ipautomationinc.com\/accessories\/automated-welders\/","url":"https:\/\/ipautomationinc.com\/accessories\/automated-welders\/","name":"Avtomatizirani varilci | IP Automation Inc","isPartOf":{"@id":"https:\/\/ipautomationinc.com\/#website"},"primaryImageOfPage":{"@id":"https:\/\/ipautomationinc.com\/accessories\/automated-welders\/#primaryimage"},"image":{"@id":"https:\/\/ipautomationinc.com\/accessories\/automated-welders\/#primaryimage"},"thumbnailUrl":"https:\/\/ipautomationinc.com\/wp-content\/uploads\/2023\/08\/machine-options_BW-45.png#29270","datePublished":"2023-01-17T17:16:28+00:00","dateModified":"2025-08-11T15:35:21+00:00","description":"Oglejte si na\u0161e razli\u010dne vrste avtomatiziranih varilnikov, ki jih je mogo\u010de preprosto integrirati z va\u0161im postopkom oblikovanja \u017eice.","breadcrumb":{"@id":"https:\/\/ipautomationinc.com\/accessories\/automated-welders\/#breadcrumb"},"inLanguage":"sl-SI","potentialAction":[{"@type":"ReadAction","target":["https:\/\/ipautomationinc.com\/accessories\/automated-welders\/"]}]},{"@type":"ImageObject","inLanguage":"sl-SI","@id":"https:\/\/ipautomationinc.com\/accessories\/automated-welders\/#primaryimage","url":"https:\/\/ipautomationinc.com\/wp-content\/uploads\/2023\/08\/machine-options_BW-45.png#29270","contentUrl":"https:\/\/ipautomationinc.com\/wp-content\/uploads\/2023\/08\/machine-options_BW-45.png#29270"},{"@type":"BreadcrumbList","@id":"https:\/\/ipautomationinc.com\/accessories\/automated-welders\/#breadcrumb","itemListElement":[{"@type":"ListItem","position":1,"name":"Accessories","item":"https:\/\/ipautomationinc.com\/accessories\/"},{"@type":"ListItem","position":2,"name":"Automated Welders"}]},{"@type":"WebSite","@id":"https:\/\/ipautomationinc.com\/#website","url":"https:\/\/ipautomationinc.com\/","name":"IP Automation Inc","description":"Koncept... Kreacija... Realnost...","publisher":{"@id":"https:\/\/ipautomationinc.com\/#organization"},"potentialAction":[{"@type":"SearchAction","target":{"@type":"EntryPoint","urlTemplate":"https:\/\/ipautomationinc.com\/?s={search_term_string}"},"query-input":{"@type":"PropertyValueSpecification","valueRequired":true,"valueName":"search_term_string"}}],"inLanguage":"sl-SI"},{"@type":"Organization","@id":"https:\/\/ipautomationinc.com\/#organization","name":"IP Automation Inc","url":"https:\/\/ipautomationinc.com\/","logo":{"@type":"ImageObject","inLanguage":"sl-SI","@id":"https:\/\/ipautomationinc.com\/#\/schema\/logo\/image\/","url":"https:\/\/ipautomationinc.com\/wp-content\/uploads\/2022\/05\/IPA-Favicon.png","contentUrl":"https:\/\/ipautomationinc.com\/wp-content\/uploads\/2022\/05\/IPA-Favicon.png","width":513,"height":513,"caption":"IP Automation Inc"},"image":{"@id":"https:\/\/ipautomationinc.com\/#\/schema\/logo\/image\/"},"sameAs":["https:\/\/www.facebook.com\/ipautomationinc\/","https:\/\/www.linkedin.com\/company\/ip-automation-inc\/","https:\/\/www.youtube.com\/@IPAutomation"]}]}},"_links":{"self":[{"href":"https:\/\/ipautomationinc.com\/sl\/wp-json\/wp\/v2\/pages\/6172","targetHints":{"allow":["GET"]}}],"collection":[{"href":"https:\/\/ipautomationinc.com\/sl\/wp-json\/wp\/v2\/pages"}],"about":[{"href":"https:\/\/ipautomationinc.com\/sl\/wp-json\/wp\/v2\/types\/page"}],"author":[{"embeddable":true,"href":"https:\/\/ipautomationinc.com\/sl\/wp-json\/wp\/v2\/users\/3"}],"replies":[{"embeddable":true,"href":"https:\/\/ipautomationinc.com\/sl\/wp-json\/wp\/v2\/comments?post=6172"}],"version-history":[{"count":1,"href":"https:\/\/ipautomationinc.com\/sl\/wp-json\/wp\/v2\/pages\/6172\/revisions"}],"predecessor-version":[{"id":36747,"href":"https:\/\/ipautomationinc.com\/sl\/wp-json\/wp\/v2\/pages\/6172\/revisions\/36747"}],"up":[{"embeddable":true,"href":"https:\/\/ipautomationinc.com\/sl\/wp-json\/wp\/v2\/pages\/7745"}],"wp:attachment":[{"href":"https:\/\/ipautomationinc.com\/sl\/wp-json\/wp\/v2\/media?parent=6172"}],"curies":[{"name":"delovni list","href":"https:\/\/api.w.org\/{rel}","templated":true}]}}