{"id":5808,"date":"2023-01-10T16:30:03","date_gmt":"2023-01-10T22:30:03","guid":{"rendered":"https:\/\/ipautomationinc.com\/?page_id=5808"},"modified":"2025-06-27T10:08:34","modified_gmt":"2025-06-27T15:08:34","slug":"politiko-zasebnosti","status":"publish","type":"page","link":"https:\/\/ipautomationinc.com\/sl\/privacy-policy\/","title":{"rendered":"Politika zasebnosti"},"content":{"rendered":"<h1>Politika zasebnosti<\/h1>\n<p><span style=\"font-size: revert; color: initial;\">Last Updated: January 1, 2025<\/span><\/p>\n<p>Effective Date: January 1, 2025 IP Automation Inc. (\u201cwe,\u201d \u201cour,\u201d or \u201cus\u201d) is committed to protecting your privacy. This Privacy Policy outlines how we collect, use, and safeguard your personal information when you visit <a href=\"https:\/\/ipautomationinc.com\/sl\/\" target=\"_blank\" rel=\"noopener\">https:\/\/ipautomationinc.com<\/a> (\u00bbStoritev\u00ab).<br \/>Z uporabo Storitve sogla\u0161ate s praksami, opisanimi v tej Politiki zasebnosti. \u010ce se z njo ne strinjate, ne dostopajte do Storitve ali je ne uporabljajte.<br \/>Information We CollectInformation You Provide When you fill out a form on our website, we may collect your name, email address, phone number, company name, and any message you include.<br \/>Automatically Collected InformationAnalytics: We use services like Google Analytics and Vimeo Analytics to collect information such as IP address, browser type, referring pages, and engagement with videos.<br \/><br \/>Cookies: We use cookies and similar technologies to enhance your experience and gather usage data.<br \/><br \/><span style=\"color: revert; font-size: revert; font-weight: revert;\">Kako uporabljamo va\u0161e podatke<\/span><br \/>Za odgovore na poizvedbe, oddane prek na\u0161ih kontaktnih obrazcev<br \/><br \/>Za analizo uporabe spletnega mesta in izbolj\u0161anje u\u010dinkovitosti delovanja<br \/><br \/>Za spremljanje anga\u017eiranosti videoposnetkov in tehni\u010dne funkcionalnosti<br \/><br \/>Za ohranjanje varnosti in prepre\u010devanje zlorabe<br \/><br \/><\/p>\n<p>\u010ce nameravamo va\u0161e podatke uporabiti za kateri koli namen, ki ni naveden zgoraj, bomo pred tem prosili za va\u0161e izrecno soglasje.<br \/><br \/>Izmenjava informacij<br \/>Va\u0161ih osebnih podatkov ne prodajamo ali dajemo v najem tr\u017enikom ali drugim tretjim osebam. Vendar pa jih lahko delimo z zaupanja vrednimi ponudniki storitev (npr. Google, Vimeo) izklju\u010dno za namene analitike in spremljanja uspe\u0161nosti.<br \/><br \/><br \/>Va\u0161e podatke lahko razkrijemo tudi, \u010de to zahteva zakon, sodni postopek ali v primeru prenosa podjetja, kot je zdru\u017eitev ali prevzem.<br \/><br \/>Hramba podatkov<br \/>Osebne podatke hranimo tako dolgo, kot je potrebno za izpolnitev namenov, za katere so bili zbrani, ali kot to zahteva zakonodaja. Obi\u010dajno to pomeni, da se podatki hranijo od 90 dni do 2 let po va\u0161i zadnji interakciji z nami.<br \/><br \/><br \/>Anonimni ali zbirni podatki, ki vas ne identificirajo, se lahko hranijo za nedolo\u010den \u010das.<br \/><br \/>Va\u0161e pravice<br \/>Glede na va\u0161o lokacijo in veljavno zakonodajo imate morda pravico do:<br \/><br \/><\/p>\n<p><br \/><br \/>Dostop do osebnih podatkov, ki jih hranimo o vas<br \/><br \/>Zahtevajte popravek ali izbris svojih podatkov<br \/><br \/>Preklic soglasja za obdelavo podatkov<br \/><br \/>Zahteva za prenosljivost podatkov (na drug subjekt)<br \/><br \/>Vlo\u017eite prito\u017ebo pri regulativnem organu<br \/><br \/><\/p>\n<p>Za uveljavljanje svojih pravic nas kontaktirajte na <a href=\"mailto:info@ipautomationinc.com\">info@ipautomationinc.com<\/a>.<br \/><br \/>Cookies Cookies are small files placed on your device to enhance functionality and track usage. For more information about how we use cookies and how you can manage them, please visit our <a href=\"https:\/\/ipautomationinc.com\/sl\/politika-piskotkov\/\" target=\"_blank\" rel=\"noopener\">Politika pi\u0161kotkov<\/a>.<br \/><br \/>Security We take reasonable precautions to protect your information from unauthorized access, use, or disclosure. However, no system is entirely secure. You use the Service at your own risk.<br \/><br \/>Povezave tretjih oseb<br \/>Na\u0161e spletno mesto lahko vsebuje povezave do zunanjih spletnih mest, ki jih ne nadzorujemo. Ne odgovarjamo za njihove prakse zasebnosti. Priporo\u010damo, da pregledate politiko zasebnosti vsakega zunanjega spletnega mesta, ki ga obi\u0161\u010dete.<br \/><br \/>Spremembe te politike<br \/>To politiko zasebnosti lahko ob\u010dasno posodabljamo. \u010ce bomo uvedli pomembne spremembe, bomo o tem objavili obvestilo na tej strani. Nadaljnja uporaba storitve po posodobitvah pomeni, da sprejemate revidirano politiko.<br \/>Contact UsIf you have questions or concerns, please reach out:<br \/>IP Automation Inc.<br \/><br \/>400 E Fullerton Avenue<br \/><br \/>Carol Stream, Illinois 60188<br \/><br \/>E-po\u0161ta: <a href=\"mailto:info@ipautomationinc.com\">info@ipautomationinc.com<\/a><br \/><br \/>Telefon: 630-656-1215<\/p>\n\n\n<p><h1>Privacy PolicyLast Updated: January 1, 2025<\/h1><br><br>  <p>Effective Date: January 1, 2025<\/p><br><br><br><br>  <p><br><br>    Podjetje IP Automation Inc. (\u00bbmi\u00ab, \u00bbna\u0161\u00ab ali \u00bbnas\u00ab) se zavezuje k varovanju va\u0161e zasebnosti. Ta politika zasebnosti opisuje, kako zbiramo, uporabljamo in varujemo va\u0161e osebne podatke, ko obi\u0161\u010dete <a href=\"https:\/\/ipautomationinc.com\/sl\/\" target=\"_blank\">https:\/\/ipautomationinc.com<\/a> (\u00bbStoritev\u00ab).<br><br>  <\/p><br><br><br><br>  <p><br><br>    Z uporabo Storitve sogla\u0161ate s praksami, opisanimi v tej Politiki zasebnosti. \u010ce se z njo ne strinjate, ne dostopajte do Storitve ali je ne uporabljajte.<br><br>  <\/p><br><br><br><br>  <h2>Informacije, ki jih zbiramo<\/h2><br><br><br><br>  <h3>Informacije, ki jih posredujete<\/h3><br><br>  <p><br><br>    Ko izpolnite obrazec na na\u0161i spletni strani, lahko zberemo va\u0161e ime, e-po\u0161tni naslov, telefonsko \u0161tevilko, ime podjetja in morebitno sporo\u010dilo, ki ga vklju\u010dite.<br><br>  <\/p><br><br><br><br>  <h3>Samodejno zbrane informacije<\/h3><br><br>  <br><br>    Analytics: We use services like Google Analytics and Vimeo Analytics to collect information such as IP address, browser type, referring pages, and engagement with videos.<br><br>    Cookies: We use cookies and similar technologies to enhance your experience and gather usage data.<br><br>  <br><br><br><br>  <h2>Kako uporabljamo va\u0161e podatke<\/h2><br><br>  <br><br>    Za odgovore na poizvedbe, oddane prek na\u0161ih kontaktnih obrazcev<br><br>    Za analizo uporabe spletnega mesta in izbolj\u0161anje u\u010dinkovitosti delovanja<br><br>    Za spremljanje anga\u017eiranosti videoposnetkov in tehni\u010dne funkcionalnosti<br><br>    Za ohranjanje varnosti in prepre\u010devanje zlorabe<br><br>  <br><br><br><br>  <p><br><br>    \u010ce nameravamo va\u0161e podatke uporabiti za kateri koli namen, ki ni naveden zgoraj, bomo pred tem prosili za va\u0161e izrecno soglasje.<br><br>  <\/p><br><br><br><br>  <h2>Izmenjava informacij<\/h2><br><br>  <p><br><br>    Va\u0161ih osebnih podatkov ne prodajamo ali dajemo v najem tr\u017enikom ali drugim tretjim osebam. Vendar pa jih lahko delimo z zaupanja vrednimi ponudniki storitev (npr. Google, Vimeo) izklju\u010dno za namene analitike in spremljanja uspe\u0161nosti.<br><br>  <\/p><br><br>  <p><br><br>    Va\u0161e podatke lahko razkrijemo tudi, \u010de to zahteva zakon, sodni postopek ali v primeru prenosa podjetja, kot je zdru\u017eitev ali prevzem.<br><br>  <\/p><br><br><br><br>  <h2>Hramba podatkov<\/h2><br><br>  <p><br><br>    Osebne podatke hranimo tako dolgo, kot je potrebno za izpolnitev namenov, za katere so bili zbrani, ali kot to zahteva zakonodaja. Obi\u010dajno to pomeni, da se podatki hranijo od 90 dni do 2 let po va\u0161i zadnji interakciji z nami.<br><br>  <\/p><br><br>  <p><br><br>    Anonimni ali zbirni podatki, ki vas ne identificirajo, se lahko hranijo za nedolo\u010den \u010das.<br><br>  <\/p><br><br><br><br>  <h2>Va\u0161e pravice<\/h2><br><br>  <p><br><br>    Glede na va\u0161o lokacijo in veljavno zakonodajo imate morda pravico do:<br><br>  <\/p><br><br>  <br><br>    Dostop do osebnih podatkov, ki jih hranimo o vas<br><br>    Zahtevajte popravek ali izbris svojih podatkov<br><br>    Preklic soglasja za obdelavo podatkov<br><br>    Zahteva za prenosljivost podatkov (na drug subjekt)<br><br>    Vlo\u017eite prito\u017ebo pri regulativnem organu<br><br>  <br><br>  <p><br><br>    Za uveljavljanje svojih pravic nas kontaktirajte na <a href=\"mailto:info@ipautomationinc.com\">info@ipautomationinc.com<\/a>.<br><br>  <\/p><br><br><br><br>   <h2>Pi\u0161kotki<\/h2><br><br>  <p><br><br>    Pi\u0161kotki so majhne datoteke, ki se namestijo v va\u0161o napravo za izbolj\u0161anje funkcionalnosti in sledenje uporabi. Za ve\u010d informacij o tem, kako uporabljamo pi\u0161kotke in kako jih lahko upravljate, obi\u0161\u010dite na\u0161o <a href=\"https:\/\/ipautomationinc.com\/sl\/politika-piskotkov\/\" target=\"_blank\">Politika pi\u0161kotkov<\/a>.<br><br>  <\/p><br><br><br><br>  <h2>Varnost<\/h2><br><br>  <p><br><br>    Sprejemamo razumne previdnostne ukrepe za za\u0161\u010dito va\u0161ih podatkov pred nepoobla\u0161\u010denim dostopom, uporabo ali razkritjem. Vendar noben sistem ni popolnoma varen. Storitev uporabljate na lastno odgovornost.<br><br>  <\/p><br><br><br><br>  <h2>Povezave tretjih oseb<\/h2><br><br>  <p><br><br>    Na\u0161e spletno mesto lahko vsebuje povezave do zunanjih spletnih mest, ki jih ne nadzorujemo. Ne odgovarjamo za njihove prakse zasebnosti. Priporo\u010damo, da pregledate politiko zasebnosti vsakega zunanjega spletnega mesta, ki ga obi\u0161\u010dete.<br><br>  <\/p><br><br><br><br>  <h2>Spremembe te politike<\/h2><br><br>  <p><br><br>    To politiko zasebnosti lahko ob\u010dasno posodabljamo. \u010ce bomo uvedli pomembne spremembe, bomo o tem objavili obvestilo na tej strani. Nadaljnja uporaba storitve po posodobitvah pomeni, da sprejemate revidirano politiko.<br><br>  <\/p><br><br><br><br>  <h2>Kontaktiraj nas<\/h2><br><br>  <p>\u010ce imate vpra\u0161anja ali pomisleke, se obrnite na:<\/p><br><br>  <p><br><br>    IP Automation Inc.<br><br>    400 E Fullerton Avenue<br><br>    Carol Stream, Illinois 60188<br><br>     E-po\u0161ta: <a href=\"mailto:info@ipautomationinc.com\">info@ipautomationinc.com<\/a><br><br>    Telefon: 630-656-1215<br><br>  <\/p><br><br><br><br><\/p>","protected":false},"excerpt":{"rendered":"<p>Privacy Policy Last Updated: January 1, 2025 Effective Date: January 1, 2025 IP Automation Inc. (\u201cwe,\u201d \u201cour,\u201d or \u201cus\u201d) is<span class=\"excerpt-hellip\"> [\u2026]<\/span><\/p>\n","protected":false},"author":3,"featured_media":0,"parent":0,"menu_order":0,"comment_status":"closed","ping_status":"closed","template":"","meta":{"footnotes":""},"class_list":["post-5808","page","type-page","status-publish","hentry"],"yoast_head":"<!-- This site is optimized with the Yoast SEO plugin v27.3 - https:\/\/yoast.com\/product\/yoast-seo-wordpress\/ -->\n<title>Privacy Policy | IP Automation Inc<\/title>\n<meta name=\"description\" content=\"IP Automation Privacy Policy\" \/>\n<meta name=\"robots\" content=\"index, follow, max-snippet:-1, max-image-preview:large, max-video-preview:-1\" \/>\n<link rel=\"canonical\" href=\"https:\/\/ipautomationinc.com\/sl\/politiko-zasebnosti\/\" \/>\n<meta property=\"og:locale\" content=\"sl_SI\" \/>\n<meta property=\"og:type\" content=\"article\" \/>\n<meta property=\"og:title\" content=\"Privacy Policy | IP Automation Inc\" \/>\n<meta property=\"og:description\" content=\"IP Automation Privacy Policy\" \/>\n<meta property=\"og:url\" content=\"https:\/\/ipautomationinc.com\/sl\/politiko-zasebnosti\/\" \/>\n<meta property=\"og:site_name\" content=\"IP Automation Inc\" \/>\n<meta property=\"article:publisher\" content=\"https:\/\/www.facebook.com\/ipautomationinc\/\" \/>\n<meta property=\"article:modified_time\" content=\"2025-06-27T15:08:34+00:00\" \/>\n<script type=\"application\/ld+json\" class=\"yoast-schema-graph\">{\"@context\":\"https:\\\/\\\/schema.org\",\"@graph\":[{\"@type\":\"WebPage\",\"@id\":\"https:\\\/\\\/ipautomationinc.com\\\/privacy-policy\\\/\",\"url\":\"https:\\\/\\\/ipautomationinc.com\\\/privacy-policy\\\/\",\"name\":\"Privacy Policy | IP Automation Inc\",\"isPartOf\":{\"@id\":\"https:\\\/\\\/ipautomationinc.com\\\/#website\"},\"datePublished\":\"2023-01-10T22:30:03+00:00\",\"dateModified\":\"2025-06-27T15:08:34+00:00\",\"description\":\"IP Automation Privacy Policy\",\"inLanguage\":\"sl-SI\",\"potentialAction\":[{\"@type\":\"ReadAction\",\"target\":[\"https:\\\/\\\/ipautomationinc.com\\\/privacy-policy\\\/\"]}]},{\"@type\":\"WebSite\",\"@id\":\"https:\\\/\\\/ipautomationinc.com\\\/#website\",\"url\":\"https:\\\/\\\/ipautomationinc.com\\\/\",\"name\":\"IP Automation Inc\",\"description\":\"Concept... Creation... Reality...\",\"publisher\":{\"@id\":\"https:\\\/\\\/ipautomationinc.com\\\/#organization\"},\"potentialAction\":[{\"@type\":\"SearchAction\",\"target\":{\"@type\":\"EntryPoint\",\"urlTemplate\":\"https:\\\/\\\/ipautomationinc.com\\\/?s={search_term_string}\"},\"query-input\":{\"@type\":\"PropertyValueSpecification\",\"valueRequired\":true,\"valueName\":\"search_term_string\"}}],\"inLanguage\":\"sl-SI\"},{\"@type\":\"Organization\",\"@id\":\"https:\\\/\\\/ipautomationinc.com\\\/#organization\",\"name\":\"IP Automation Inc\",\"url\":\"https:\\\/\\\/ipautomationinc.com\\\/\",\"logo\":{\"@type\":\"ImageObject\",\"inLanguage\":\"sl-SI\",\"@id\":\"https:\\\/\\\/ipautomationinc.com\\\/#\\\/schema\\\/logo\\\/image\\\/\",\"url\":\"https:\\\/\\\/ipautomationinc.com\\\/wp-content\\\/uploads\\\/2022\\\/05\\\/IPA-Favicon.png\",\"contentUrl\":\"https:\\\/\\\/ipautomationinc.com\\\/wp-content\\\/uploads\\\/2022\\\/05\\\/IPA-Favicon.png\",\"width\":513,\"height\":513,\"caption\":\"IP Automation Inc\"},\"image\":{\"@id\":\"https:\\\/\\\/ipautomationinc.com\\\/#\\\/schema\\\/logo\\\/image\\\/\"},\"sameAs\":[\"https:\\\/\\\/www.facebook.com\\\/ipautomationinc\\\/\",\"https:\\\/\\\/www.linkedin.com\\\/company\\\/ip-automation-inc\\\/\",\"https:\\\/\\\/www.youtube.com\\\/@IPAutomation\"]}]}<\/script>\n<!-- \/ Yoast SEO plugin. -->","yoast_head_json":{"title":"Politika zasebnosti | IP Automation Inc","description":"Politika zasebnosti IP Automation","robots":{"index":"index","follow":"follow","max-snippet":"max-snippet:-1","max-image-preview":"max-image-preview:large","max-video-preview":"max-video-preview:-1"},"canonical":"https:\/\/ipautomationinc.com\/sl\/politiko-zasebnosti\/","og_locale":"sl_SI","og_type":"article","og_title":"Privacy Policy | IP Automation Inc","og_description":"IP Automation Privacy Policy","og_url":"https:\/\/ipautomationinc.com\/sl\/politiko-zasebnosti\/","og_site_name":"IP Automation Inc","article_publisher":"https:\/\/www.facebook.com\/ipautomationinc\/","article_modified_time":"2025-06-27T15:08:34+00:00","schema":{"@context":"https:\/\/schema.org","@graph":[{"@type":"WebPage","@id":"https:\/\/ipautomationinc.com\/privacy-policy\/","url":"https:\/\/ipautomationinc.com\/privacy-policy\/","name":"Politika zasebnosti | IP Automation Inc","isPartOf":{"@id":"https:\/\/ipautomationinc.com\/#website"},"datePublished":"2023-01-10T22:30:03+00:00","dateModified":"2025-06-27T15:08:34+00:00","description":"Politika zasebnosti IP Automation","inLanguage":"sl-SI","potentialAction":[{"@type":"ReadAction","target":["https:\/\/ipautomationinc.com\/privacy-policy\/"]}]},{"@type":"WebSite","@id":"https:\/\/ipautomationinc.com\/#website","url":"https:\/\/ipautomationinc.com\/","name":"IP Automation Inc","description":"Koncept... Kreacija... Realnost...","publisher":{"@id":"https:\/\/ipautomationinc.com\/#organization"},"potentialAction":[{"@type":"SearchAction","target":{"@type":"EntryPoint","urlTemplate":"https:\/\/ipautomationinc.com\/?s={search_term_string}"},"query-input":{"@type":"PropertyValueSpecification","valueRequired":true,"valueName":"search_term_string"}}],"inLanguage":"sl-SI"},{"@type":"Organization","@id":"https:\/\/ipautomationinc.com\/#organization","name":"IP Automation Inc","url":"https:\/\/ipautomationinc.com\/","logo":{"@type":"ImageObject","inLanguage":"sl-SI","@id":"https:\/\/ipautomationinc.com\/#\/schema\/logo\/image\/","url":"https:\/\/ipautomationinc.com\/wp-content\/uploads\/2022\/05\/IPA-Favicon.png","contentUrl":"https:\/\/ipautomationinc.com\/wp-content\/uploads\/2022\/05\/IPA-Favicon.png","width":513,"height":513,"caption":"IP Automation Inc"},"image":{"@id":"https:\/\/ipautomationinc.com\/#\/schema\/logo\/image\/"},"sameAs":["https:\/\/www.facebook.com\/ipautomationinc\/","https:\/\/www.linkedin.com\/company\/ip-automation-inc\/","https:\/\/www.youtube.com\/@IPAutomation"]}]}},"_links":{"self":[{"href":"https:\/\/ipautomationinc.com\/sl\/wp-json\/wp\/v2\/pages\/5808","targetHints":{"allow":["GET"]}}],"collection":[{"href":"https:\/\/ipautomationinc.com\/sl\/wp-json\/wp\/v2\/pages"}],"about":[{"href":"https:\/\/ipautomationinc.com\/sl\/wp-json\/wp\/v2\/types\/page"}],"author":[{"embeddable":true,"href":"https:\/\/ipautomationinc.com\/sl\/wp-json\/wp\/v2\/users\/3"}],"replies":[{"embeddable":true,"href":"https:\/\/ipautomationinc.com\/sl\/wp-json\/wp\/v2\/comments?post=5808"}],"version-history":[{"count":5,"href":"https:\/\/ipautomationinc.com\/sl\/wp-json\/wp\/v2\/pages\/5808\/revisions"}],"predecessor-version":[{"id":37847,"href":"https:\/\/ipautomationinc.com\/sl\/wp-json\/wp\/v2\/pages\/5808\/revisions\/37847"}],"wp:attachment":[{"href":"https:\/\/ipautomationinc.com\/sl\/wp-json\/wp\/v2\/media?parent=5808"}],"curies":[{"name":"delovni list","href":"https:\/\/api.w.org\/{rel}","templated":true}]}}