{"id":4739,"date":"2023-01-17T10:42:03","date_gmt":"2023-01-17T16:42:03","guid":{"rendered":"https:\/\/ipautomationinc.com\/?page_id=4739"},"modified":"2025-09-10T15:42:08","modified_gmt":"2025-09-10T20:42:08","slug":"obdelovalni-center","status":"publish","type":"page","link":"https:\/\/ipautomationinc.com\/sl\/accessories\/machining-center\/","title":{"rendered":"Obdelovalni center iFM"},"content":{"rendered":"<h6 class=\"wp-block-heading\">Obdelovalni center za \u017ei\u010dne oblike serije iFM. <strong>iFM-10-4 in iFM-13-4 sta inovativen preboj za sekundarne postopke oblike \u017eice, kot so posnemanje robov, zmanj\u0161evanje premera, rezanje navojev, rezkanje in kri\u017eno vrtanje<\/strong>. Prvi te vrste, iFM, je zasnovan za brezhibno robotsko integracijo z na\u0161o linijo CNC strojev za upogibanje \u017eice in ga je mogo\u010de v celoti programirati za prilagajanje \u0161irokemu spektru izzivov.<\/h6>\n\n\n\n<p><span class=\"builder2seo\"><\/span>&lt; back to accessories<br><a href=\"https:\/\/ipautomationinc.com\/sl\/dodatki\/\">https:\/\/ipautomationinc.com\/accessories\/<\/a><br>#949494<br><br>\u017di\u010dni obdelovalni center serije iFM<br><br><img decoding=\"async\" src=\"https:\/\/ipautomationinc.com\/wp-content\/uploads\/2023\/11\/ifm-with-robot.png#35419\" alt=\"ifm with robot\"><br><br><h4>iFM-10-4 in iFM-13-4 sta inovativen preboj za sekundarne operacije \u017ei\u010dnih oblik, kot so posnemanje robov, zmanj\u0161evanje premera, rezanje navojev, rezkanje in pre\u010dno vrtanje.<\/h4><br><br><h4>Prvi te vrste, iFM je zasnovan za brezhibno robotsko integracijo z na\u0161o linijo CNC strojev za upogibanje \u017eice in ga je mogo\u010de v celoti programirati, da se prilagodi \u0161irokemu spektru izzivov.<\/h4><br><br>5893,5890,5889,6045,6046,6047<br>#0455B3<br>3px 3px 3px 3px<br><br>Kliknite tukaj za PDF letak<br><a href=\"https:\/\/ipautomationinc.com\/wp-content\/uploads\/2025\/09\/2025-iFM-Flyer.pdf\">https:\/\/ipautomationinc.com\/wp-content\/uploads\/2025\/09\/2025-iFM-Flyer.pdf<\/a><br>fas fa-datoteka-pdf<br>gumb_tema<br>https:\/\/ipautomationinc.com\/wp-content\/uploads\/2025\/09\/2025-iFM-Flyer.pdf<br><br><br>Mediji<br><br><br>567,6218,6219,602<br>srednje<br>#0455B3<br>3px 3px 3px 3px<br><br><br>Lastnosti<br><br>Klju\u010dne funkcije<br>Podrobnosti<br>Postavitev stroja<br><br><br>2-osni obdelovalni center z opcijsko 3. osjo<br><br>4 vretena za u\u010dinkovito delovanje<br><br>Posnemajte, stru\u017eite, navojite, rezkajte ali vrtajte vse v enem stroju<br><br>10\u2033 (25,4 cm) plo\u0161\u010da HMI z zaslonom na dotik z ohi\u0161jem. Ve\u010d mo\u017enosti namestitve na dosegu popkovine<br><br>Avtomatska drsna dostopna vrata<br><br><br>Samodejno pnevmatsko vpenjanje zavaruje ali sprosti dele, ko jih namesti robot. Zasnova s 4 vreteni omogo\u010da uporabnikom hitro menjavo orodij s standardnimi dr\u017eali za orodje. \u010carovni\u0161ki program na oddaljenem name\u0161\u010denem ohi\u0161ju HMI zagotavlja krmiljenje ravni CNC s poenostavljenimi mo\u017enostmi menija. Mo\u017enost 3 osi omogo\u010da interpolacijo okoli konca za rezkane oblike in posebne profile.<br><br><br><br><br><br>Prefinjena preprostost na\u0161ega inteligentnega robotskega orodja za konec roke in na\u0161 programski format omogo\u010data enostavno programiranje in nastavitev z minimalnim usposabljanjem.<br><br><br><br><br><br>Uporabniki lahko zmanj\u0161ajo sekundarne stro\u0161ke dela skoraj na ni\u010d, odpravijo WIP in ustvarijo popolnoma avtomatizirano vitko celico, ki je bila v preteklosti le sanje.<br><div class=\"image_frame image_item scale-with-grid element_classes no_border hover-disable mfn-img-box\"  role=\"link\" aria-label=\"Slika s povezavami\" tabindex=\"0\"><div class=\"image_wrapper\"><a href=\"https:\/\/ipautomationinc.com\/wp-content\/uploads\/2023\/01\/ifm-cell-layout-1.jpg\" rel=\"prettyphoto\"   class=\"\"  tabindex=\"-1\" title=\"\"><div class=\"mask\"><\/div><img decoding=\"async\" class=\"scale-with-grid\" src=\"https:\/\/ipautomationinc.com\/wp-content\/uploads\/2023\/01\/ifm-cell-layout-1.jpg\" fetchpriority=\"high\" alt=\"postavitev celic ifm\" title=\"\" width=\"350\" height=\"584\" style=\"\"\/><\/a><div class=\"image_links\"><a href=\"https:\/\/ipautomationinc.com\/wp-content\/uploads\/2023\/01\/ifm-cell-layout-1.jpg\" class=\"zoom\" rel=\"prettyphoto\" tabindex=\"-1\" aria-label=\"pove\u010dava slike\" title=\"\"><svg viewbox=\"0 0 26 26\"><defs><style>.path{fill:none;stroke:#333;stroke-miterlimit:10;stroke-width:1.5px;}<\/style><\/defs><circle cx=\"11.35\" cy=\"11.35\" r=\"6\" class=\"path\"\/><line x1=\"15.59\" y1=\"15.59\" x2=\"20.65\" y2=\"20.65\" class=\"path\"\/><\/svg><\/a><\/div><\/div><\/div>\n<br><br><br><br><div class=\"image_frame image_item scale-with-grid element_classes no_border hover-disable mfn-img-box\"  role=\"link\" aria-label=\"Slika s povezavami\" tabindex=\"0\"><div class=\"image_wrapper\"><a href=\"https:\/\/ipautomationinc.com\/wp-content\/uploads\/2022\/12\/Layer-4.jpg\" rel=\"prettyphoto\"   class=\"\"  tabindex=\"-1\" title=\"\"><div class=\"mask\"><\/div><img decoding=\"async\" class=\"scale-with-grid\" src=\"https:\/\/ipautomationinc.com\/wp-content\/uploads\/2022\/12\/Layer-4.jpg\" fetchpriority=\"high\" alt=\"4. plast\" title=\"\" width=\"140\" height=\"506\" style=\"\"\/><\/a><div class=\"image_links\"><a href=\"https:\/\/ipautomationinc.com\/wp-content\/uploads\/2022\/12\/Layer-4.jpg\" class=\"zoom\" rel=\"prettyphoto\" tabindex=\"-1\" aria-label=\"pove\u010dava slike\" title=\"\"><svg viewbox=\"0 0 26 26\"><defs><style>.path{fill:none;stroke:#333;stroke-miterlimit:10;stroke-width:1.5px;}<\/style><\/defs><circle cx=\"11.35\" cy=\"11.35\" r=\"6\" class=\"path\"\/><line x1=\"15.59\" y1=\"15.59\" x2=\"20.65\" y2=\"20.65\" class=\"path\"\/><\/svg><\/a><\/div><\/div><\/div>\n<br><br><br><br><div class=\"image_frame image_item scale-with-grid element_classes no_border hover-disable mfn-img-box\"  role=\"link\" aria-label=\"Slika s povezavami\" tabindex=\"0\"><div class=\"image_wrapper\"><a href=\"https:\/\/ipautomationinc.com\/wp-content\/uploads\/2023\/01\/ifm6-measurements.jpg\" rel=\"prettyphoto\"   class=\"\"  tabindex=\"-1\" title=\"\"><div class=\"mask\"><\/div><img decoding=\"async\" class=\"scale-with-grid\" src=\"https:\/\/ipautomationinc.com\/wp-content\/uploads\/2023\/01\/ifm6-measurements.jpg\" fetchpriority=\"high\" alt=\"ifm6 meritve\" title=\"\" width=\"200\" height=\"408\" style=\"\"\/><\/a><div class=\"image_links\"><a href=\"https:\/\/ipautomationinc.com\/wp-content\/uploads\/2023\/01\/ifm6-measurements.jpg\" class=\"zoom\" rel=\"prettyphoto\" tabindex=\"-1\" aria-label=\"pove\u010dava slike\" title=\"\"><svg viewbox=\"0 0 26 26\"><defs><style>.path{fill:none;stroke:#333;stroke-miterlimit:10;stroke-width:1.5px;}<\/style><\/defs><circle cx=\"11.35\" cy=\"11.35\" r=\"6\" class=\"path\"\/><line x1=\"15.59\" y1=\"15.59\" x2=\"20.65\" y2=\"20.65\" class=\"path\"\/><\/svg><\/a><\/div><\/div><\/div>\n<br><br><br><br><div class=\"image_frame image_item scale-with-grid element_classes no_border hover-disable mfn-img-box\"  role=\"link\" aria-label=\"Slika s povezavami\" tabindex=\"0\"><div class=\"image_wrapper\"><a href=\"https:\/\/ipautomationinc.com\/wp-content\/uploads\/2022\/12\/Layer-8.jpg\" rel=\"prettyphoto\"   class=\"\"  tabindex=\"-1\" title=\"\"><div class=\"mask\"><\/div><img decoding=\"async\" class=\"scale-with-grid\" src=\"https:\/\/ipautomationinc.com\/wp-content\/uploads\/2022\/12\/Layer-8.jpg\" fetchpriority=\"high\" alt=\"8. plast\" title=\"\" width=\"140\" height=\"460\" style=\"\"\/><\/a><div class=\"image_links\"><a href=\"https:\/\/ipautomationinc.com\/wp-content\/uploads\/2022\/12\/Layer-8.jpg\" class=\"zoom\" rel=\"prettyphoto\" tabindex=\"-1\" aria-label=\"pove\u010dava slike\" title=\"\"><svg viewbox=\"0 0 26 26\"><defs><style>.path{fill:none;stroke:#333;stroke-miterlimit:10;stroke-width:1.5px;}<\/style><\/defs><circle cx=\"11.35\" cy=\"11.35\" r=\"6\" class=\"path\"\/><line x1=\"15.59\" y1=\"15.59\" x2=\"20.65\" y2=\"20.65\" class=\"path\"\/><\/svg><\/a><\/div><\/div><\/div>\n<br><br><br><br><div class=\"image_frame image_item scale-with-grid element_classes no_border hover-disable mfn-img-box\"  role=\"link\" aria-label=\"Slika s povezavami\" tabindex=\"0\"><div class=\"image_wrapper\"><a href=\"https:\/\/ipautomationinc.com\/wp-content\/uploads\/2022\/12\/Layer-10.jpg\" rel=\"prettyphoto\"   class=\"\"  tabindex=\"-1\" title=\"\"><div class=\"mask\"><\/div><img decoding=\"async\" class=\"scale-with-grid\" src=\"https:\/\/ipautomationinc.com\/wp-content\/uploads\/2022\/12\/Layer-10.jpg\" fetchpriority=\"high\" alt=\"plast 10\" title=\"\" width=\"140\" height=\"408\" style=\"\"\/><\/a><div class=\"image_links\"><a href=\"https:\/\/ipautomationinc.com\/wp-content\/uploads\/2022\/12\/Layer-10.jpg\" class=\"zoom\" rel=\"prettyphoto\" tabindex=\"-1\" aria-label=\"pove\u010dava slike\" title=\"\"><svg viewbox=\"0 0 26 26\"><defs><style>.path{fill:none;stroke:#333;stroke-miterlimit:10;stroke-width:1.5px;}<\/style><\/defs><circle cx=\"11.35\" cy=\"11.35\" r=\"6\" class=\"path\"\/><line x1=\"15.59\" y1=\"15.59\" x2=\"20.65\" y2=\"20.65\" class=\"path\"\/><\/svg><\/a><\/div><\/div><\/div>\n<br>#EBEBEB<br>#222222<br><br><br>Specifikacije<br><br><br><br><\/p>","protected":false},"excerpt":{"rendered":"<p>iFM Series Wire Form Machining Center. The iFM-10-4, and iFM-13-4 are an innovative breakthrough for wire form secondary operations like<span class=\"excerpt-hellip\"> [\u2026]<\/span><\/p>\n","protected":false},"author":3,"featured_media":0,"parent":7745,"menu_order":0,"comment_status":"closed","ping_status":"closed","template":"","meta":{"footnotes":""},"class_list":["post-4739","page","type-page","status-publish","hentry"],"yoast_head":"<!-- This site is optimized with the Yoast SEO plugin v27.3 - https:\/\/yoast.com\/product\/yoast-seo-wordpress\/ -->\n<title>iFM Machining Center | IP Automation Inc<\/title>\n<meta name=\"description\" content=\"The iFM machining center is an innovative breakthrough for wire form secondary operations like chamfering, threading, and more.\" \/>\n<meta name=\"robots\" content=\"index, follow, max-snippet:-1, max-image-preview:large, max-video-preview:-1\" \/>\n<link rel=\"canonical\" href=\"https:\/\/ipautomationinc.com\/sl\/dodatki\/obdelovalni-center\/\" \/>\n<meta property=\"og:locale\" content=\"sl_SI\" \/>\n<meta property=\"og:type\" content=\"article\" \/>\n<meta property=\"og:title\" content=\"iFM Machining Center | IP Automation Inc\" \/>\n<meta property=\"og:description\" content=\"The iFM machining center is an innovative breakthrough for wire form secondary operations like chamfering, threading, and more.\" \/>\n<meta property=\"og:url\" content=\"https:\/\/ipautomationinc.com\/sl\/dodatki\/obdelovalni-center\/\" \/>\n<meta property=\"og:site_name\" content=\"IP Automation Inc\" \/>\n<meta property=\"article:publisher\" content=\"https:\/\/www.facebook.com\/ipautomationinc\/\" \/>\n<meta property=\"article:modified_time\" content=\"2025-09-10T20:42:08+00:00\" \/>\n<meta property=\"og:image\" content=\"https:\/\/ipautomationinc.com\/wp-content\/uploads\/2023\/11\/ifm-with-robot.png#35419\" \/>\n<script type=\"application\/ld+json\" class=\"yoast-schema-graph\">{\"@context\":\"https:\\\/\\\/schema.org\",\"@graph\":[{\"@type\":\"WebPage\",\"@id\":\"https:\\\/\\\/ipautomationinc.com\\\/accessories\\\/machining-center\\\/\",\"url\":\"https:\\\/\\\/ipautomationinc.com\\\/accessories\\\/machining-center\\\/\",\"name\":\"iFM Machining Center | IP Automation Inc\",\"isPartOf\":{\"@id\":\"https:\\\/\\\/ipautomationinc.com\\\/#website\"},\"primaryImageOfPage\":{\"@id\":\"https:\\\/\\\/ipautomationinc.com\\\/accessories\\\/machining-center\\\/#primaryimage\"},\"image\":{\"@id\":\"https:\\\/\\\/ipautomationinc.com\\\/accessories\\\/machining-center\\\/#primaryimage\"},\"thumbnailUrl\":\"https:\\\/\\\/ipautomationinc.com\\\/wp-content\\\/uploads\\\/2023\\\/11\\\/ifm-with-robot.png#35419\",\"datePublished\":\"2023-01-17T16:42:03+00:00\",\"dateModified\":\"2025-09-10T20:42:08+00:00\",\"description\":\"The iFM machining center is an innovative breakthrough for wire form secondary operations like chamfering, threading, and more.\",\"breadcrumb\":{\"@id\":\"https:\\\/\\\/ipautomationinc.com\\\/accessories\\\/machining-center\\\/#breadcrumb\"},\"inLanguage\":\"sl-SI\",\"potentialAction\":[{\"@type\":\"ReadAction\",\"target\":[\"https:\\\/\\\/ipautomationinc.com\\\/accessories\\\/machining-center\\\/\"]}]},{\"@type\":\"ImageObject\",\"inLanguage\":\"sl-SI\",\"@id\":\"https:\\\/\\\/ipautomationinc.com\\\/accessories\\\/machining-center\\\/#primaryimage\",\"url\":\"https:\\\/\\\/ipautomationinc.com\\\/wp-content\\\/uploads\\\/2023\\\/11\\\/ifm-with-robot.png#35419\",\"contentUrl\":\"https:\\\/\\\/ipautomationinc.com\\\/wp-content\\\/uploads\\\/2023\\\/11\\\/ifm-with-robot.png#35419\"},{\"@type\":\"BreadcrumbList\",\"@id\":\"https:\\\/\\\/ipautomationinc.com\\\/accessories\\\/machining-center\\\/#breadcrumb\",\"itemListElement\":[{\"@type\":\"ListItem\",\"position\":1,\"name\":\"Accessories\",\"item\":\"https:\\\/\\\/ipautomationinc.com\\\/accessories\\\/\"},{\"@type\":\"ListItem\",\"position\":2,\"name\":\"iFM Machining Center\"}]},{\"@type\":\"WebSite\",\"@id\":\"https:\\\/\\\/ipautomationinc.com\\\/#website\",\"url\":\"https:\\\/\\\/ipautomationinc.com\\\/\",\"name\":\"IP Automation Inc\",\"description\":\"Concept... Creation... Reality...\",\"publisher\":{\"@id\":\"https:\\\/\\\/ipautomationinc.com\\\/#organization\"},\"potentialAction\":[{\"@type\":\"SearchAction\",\"target\":{\"@type\":\"EntryPoint\",\"urlTemplate\":\"https:\\\/\\\/ipautomationinc.com\\\/?s={search_term_string}\"},\"query-input\":{\"@type\":\"PropertyValueSpecification\",\"valueRequired\":true,\"valueName\":\"search_term_string\"}}],\"inLanguage\":\"sl-SI\"},{\"@type\":\"Organization\",\"@id\":\"https:\\\/\\\/ipautomationinc.com\\\/#organization\",\"name\":\"IP Automation Inc\",\"url\":\"https:\\\/\\\/ipautomationinc.com\\\/\",\"logo\":{\"@type\":\"ImageObject\",\"inLanguage\":\"sl-SI\",\"@id\":\"https:\\\/\\\/ipautomationinc.com\\\/#\\\/schema\\\/logo\\\/image\\\/\",\"url\":\"https:\\\/\\\/ipautomationinc.com\\\/wp-content\\\/uploads\\\/2022\\\/05\\\/IPA-Favicon.png\",\"contentUrl\":\"https:\\\/\\\/ipautomationinc.com\\\/wp-content\\\/uploads\\\/2022\\\/05\\\/IPA-Favicon.png\",\"width\":513,\"height\":513,\"caption\":\"IP Automation Inc\"},\"image\":{\"@id\":\"https:\\\/\\\/ipautomationinc.com\\\/#\\\/schema\\\/logo\\\/image\\\/\"},\"sameAs\":[\"https:\\\/\\\/www.facebook.com\\\/ipautomationinc\\\/\",\"https:\\\/\\\/www.linkedin.com\\\/company\\\/ip-automation-inc\\\/\",\"https:\\\/\\\/www.youtube.com\\\/@IPAutomation\"]}]}<\/script>\n<!-- \/ Yoast SEO plugin. -->","yoast_head_json":{"title":"Obdelovalni center iFM | IP Automation Inc","description":"Obdelovalni center iFM je inovativen preboj za sekundarne operacije \u017ei\u010dnih oblik, kot so posnemanje robov, rezanje navojev in drugo.","robots":{"index":"index","follow":"follow","max-snippet":"max-snippet:-1","max-image-preview":"max-image-preview:large","max-video-preview":"max-video-preview:-1"},"canonical":"https:\/\/ipautomationinc.com\/sl\/dodatki\/obdelovalni-center\/","og_locale":"sl_SI","og_type":"article","og_title":"iFM Machining Center | IP Automation Inc","og_description":"The iFM machining center is an innovative breakthrough for wire form secondary operations like chamfering, threading, and more.","og_url":"https:\/\/ipautomationinc.com\/sl\/dodatki\/obdelovalni-center\/","og_site_name":"IP Automation Inc","article_publisher":"https:\/\/www.facebook.com\/ipautomationinc\/","article_modified_time":"2025-09-10T20:42:08+00:00","og_image":[{"url":"https:\/\/ipautomationinc.com\/wp-content\/uploads\/2023\/11\/ifm-with-robot.png#35419","type":"","width":"","height":""}],"schema":{"@context":"https:\/\/schema.org","@graph":[{"@type":"WebPage","@id":"https:\/\/ipautomationinc.com\/accessories\/machining-center\/","url":"https:\/\/ipautomationinc.com\/accessories\/machining-center\/","name":"Obdelovalni center iFM | IP Automation Inc","isPartOf":{"@id":"https:\/\/ipautomationinc.com\/#website"},"primaryImageOfPage":{"@id":"https:\/\/ipautomationinc.com\/accessories\/machining-center\/#primaryimage"},"image":{"@id":"https:\/\/ipautomationinc.com\/accessories\/machining-center\/#primaryimage"},"thumbnailUrl":"https:\/\/ipautomationinc.com\/wp-content\/uploads\/2023\/11\/ifm-with-robot.png#35419","datePublished":"2023-01-17T16:42:03+00:00","dateModified":"2025-09-10T20:42:08+00:00","description":"Obdelovalni center iFM je inovativen preboj za sekundarne operacije \u017ei\u010dnih oblik, kot so posnemanje robov, rezanje navojev in drugo.","breadcrumb":{"@id":"https:\/\/ipautomationinc.com\/accessories\/machining-center\/#breadcrumb"},"inLanguage":"sl-SI","potentialAction":[{"@type":"ReadAction","target":["https:\/\/ipautomationinc.com\/accessories\/machining-center\/"]}]},{"@type":"ImageObject","inLanguage":"sl-SI","@id":"https:\/\/ipautomationinc.com\/accessories\/machining-center\/#primaryimage","url":"https:\/\/ipautomationinc.com\/wp-content\/uploads\/2023\/11\/ifm-with-robot.png#35419","contentUrl":"https:\/\/ipautomationinc.com\/wp-content\/uploads\/2023\/11\/ifm-with-robot.png#35419"},{"@type":"BreadcrumbList","@id":"https:\/\/ipautomationinc.com\/accessories\/machining-center\/#breadcrumb","itemListElement":[{"@type":"ListItem","position":1,"name":"Accessories","item":"https:\/\/ipautomationinc.com\/accessories\/"},{"@type":"ListItem","position":2,"name":"iFM Machining Center"}]},{"@type":"WebSite","@id":"https:\/\/ipautomationinc.com\/#website","url":"https:\/\/ipautomationinc.com\/","name":"IP Automation Inc","description":"Koncept... Kreacija... Realnost...","publisher":{"@id":"https:\/\/ipautomationinc.com\/#organization"},"potentialAction":[{"@type":"SearchAction","target":{"@type":"EntryPoint","urlTemplate":"https:\/\/ipautomationinc.com\/?s={search_term_string}"},"query-input":{"@type":"PropertyValueSpecification","valueRequired":true,"valueName":"search_term_string"}}],"inLanguage":"sl-SI"},{"@type":"Organization","@id":"https:\/\/ipautomationinc.com\/#organization","name":"IP Automation Inc","url":"https:\/\/ipautomationinc.com\/","logo":{"@type":"ImageObject","inLanguage":"sl-SI","@id":"https:\/\/ipautomationinc.com\/#\/schema\/logo\/image\/","url":"https:\/\/ipautomationinc.com\/wp-content\/uploads\/2022\/05\/IPA-Favicon.png","contentUrl":"https:\/\/ipautomationinc.com\/wp-content\/uploads\/2022\/05\/IPA-Favicon.png","width":513,"height":513,"caption":"IP Automation Inc"},"image":{"@id":"https:\/\/ipautomationinc.com\/#\/schema\/logo\/image\/"},"sameAs":["https:\/\/www.facebook.com\/ipautomationinc\/","https:\/\/www.linkedin.com\/company\/ip-automation-inc\/","https:\/\/www.youtube.com\/@IPAutomation"]}]}},"_links":{"self":[{"href":"https:\/\/ipautomationinc.com\/sl\/wp-json\/wp\/v2\/pages\/4739","targetHints":{"allow":["GET"]}}],"collection":[{"href":"https:\/\/ipautomationinc.com\/sl\/wp-json\/wp\/v2\/pages"}],"about":[{"href":"https:\/\/ipautomationinc.com\/sl\/wp-json\/wp\/v2\/types\/page"}],"author":[{"embeddable":true,"href":"https:\/\/ipautomationinc.com\/sl\/wp-json\/wp\/v2\/users\/3"}],"replies":[{"embeddable":true,"href":"https:\/\/ipautomationinc.com\/sl\/wp-json\/wp\/v2\/comments?post=4739"}],"version-history":[{"count":2,"href":"https:\/\/ipautomationinc.com\/sl\/wp-json\/wp\/v2\/pages\/4739\/revisions"}],"predecessor-version":[{"id":38202,"href":"https:\/\/ipautomationinc.com\/sl\/wp-json\/wp\/v2\/pages\/4739\/revisions\/38202"}],"up":[{"embeddable":true,"href":"https:\/\/ipautomationinc.com\/sl\/wp-json\/wp\/v2\/pages\/7745"}],"wp:attachment":[{"href":"https:\/\/ipautomationinc.com\/sl\/wp-json\/wp\/v2\/media?parent=4739"}],"curies":[{"name":"delovni list","href":"https:\/\/api.w.org\/{rel}","templated":true}]}}