{"id":39705,"date":"2026-04-01T13:37:45","date_gmt":"2026-04-01T18:37:45","guid":{"rendered":"https:\/\/ipautomationinc.com\/?page_id=39705"},"modified":"2026-04-01T13:37:46","modified_gmt":"2026-04-01T18:37:46","slug":"cnc-upogibalke-cevi","status":"publish","type":"page","link":"https:\/\/ipautomationinc.com\/sl\/cnc-tube-benders\/","title":{"rendered":"CNC upogibalke cevi"},"content":{"rendered":"<p>Explore our selection of 3D CNC Tube Benders to find the perfect one for you. Quality made in the USA machinery. T series 3D CNC Tube Bender. P series single piece 3D CNC Wire Bender.<\/p>\n\n\n\n<p><span class=\"builder2seo\"><\/span>CNC upogibalke cevi<br><br>\u0161iroka<br><br><img decoding=\"async\" src=\"https:\/\/ipautomationinc.com\/wp-content\/uploads\/2026\/03\/i13T-S\u00b2-3D-CNC-Tube-Bending-Machine.png#39661\" alt=\"i13T-S\u00b2 3D CNC Tube Bending Machine\"><br><a href=\"https:\/\/ipautomationinc.com\/sl\/serija-t\/\">https:\/\/ipautomationinc.com\/t-series\/<\/a><br><br>Serija T<br><br>Nau\u010di se ve\u010d<br><a href=\"https:\/\/ipautomationinc.com\/sl\/serija-t\/\">https:\/\/ipautomationinc.com\/t-series\/<\/a><br>gumb_tema<br><br>3D CNC upogibnik cevi za aplikacije brez tuljave<br><br><h5>Serija T je 3D CNC upogibalnik cevi, ki obdeluje tuljave z uporabo dvojnih upogibnih glav za valjanje in stiskanje.<\/h5><br><br><br><br>Premer cevi 3\u201320 mm*<br><br>Idealno za priklju\u010dne cevi, hladilne tuljave, pravokotne in tuljave spremenljivih dimenzij<br><br><br>Naslov + desc<br>brez ponavljanja;levo zgoraj;;<br>avto<br>20 slikovnih pik<br>0 10%<br><br><img decoding=\"async\" src=\"https:\/\/ipautomationinc.com\/wp-content\/uploads\/2026\/02\/i10-S\u00b2-P-Single-Piece-3D-CNC-Wire-Bender.png#39498\" alt=\"i10-S\u00b2-P Single Piece 3D CNC Wire Bender\"><br><a href=\"https:\/\/ipautomationinc.com\/sl\/serija-ip\/\">https:\/\/ipautomationinc.com\/i-p-series\/<\/a><br><br>Serija iP<br><br>Nau\u010di se ve\u010d<br><a href=\"https:\/\/ipautomationinc.com\/sl\/serija-ip\/\">https:\/\/ipautomationinc.com\/i-p-series\/<\/a><br>gumb_tema<br><br>Enodelni 3D CNC upogibni stroj za upogibanje \u017eice<br><br><h5>CNC upogibalnik \u017eice iP za en kos je zasnovan tako, da olaj\u0161a delo z zahtevnimi deli in me\u0161anicami delov, ki zahtevajo vsestranskost in prilagodljivost za aplikacije z majhnimi koli\u010dinami.<\/h5><br><br><br><br>2,5-16 mm* Premer \u017eice<br><br>Popoln za izpu\u0161ne obe\u0161alnike, dele z visoko me\u0161anico in nizko prostornino, grelne elemente in dele z zaprto kon\u010dno zanko<br><br>Enojne ali dvojne upogibne glave<br><br><br>Naslov + desc<br>brez ponavljanja;levo zgoraj;;<br>avto<br>20 slikovnih pik<br>0 10%<br><br><\/p>","protected":false},"excerpt":{"rendered":"<p>Explore our selection of 3D CNC Tube Benders to find the perfect one for you. Quality made in the USA<span class=\"excerpt-hellip\"> [\u2026]<\/span><\/p>\n","protected":false},"author":3,"featured_media":0,"parent":0,"menu_order":0,"comment_status":"closed","ping_status":"closed","template":"","meta":{"footnotes":""},"class_list":["post-39705","page","type-page","status-publish","hentry"],"yoast_head":"<!-- This site is optimized with the Yoast SEO plugin v27.4 - https:\/\/yoast.com\/product\/yoast-seo-wordpress\/ -->\n<title>CNC Tube Benders | IP Automation Inc<\/title>\n<meta name=\"description\" content=\"Explore our selection of CNC Tube Benders to find the perfect one for you. Quality made in the USA machinery.\" \/>\n<meta name=\"robots\" content=\"index, follow, max-snippet:-1, max-image-preview:large, max-video-preview:-1\" \/>\n<link rel=\"canonical\" href=\"https:\/\/ipautomationinc.com\/sl\/cnc-upogibalke-cevi\/\" \/>\n<meta property=\"og:locale\" content=\"sl_SI\" \/>\n<meta property=\"og:type\" content=\"article\" \/>\n<meta property=\"og:title\" content=\"CNC Tube Benders | IP Automation Inc\" \/>\n<meta property=\"og:description\" content=\"Explore our selection of CNC Tube Benders to find the perfect one for you. Quality made in the USA machinery.\" \/>\n<meta property=\"og:url\" content=\"https:\/\/ipautomationinc.com\/sl\/cnc-upogibalke-cevi\/\" \/>\n<meta property=\"og:site_name\" content=\"IP Automation Inc\" \/>\n<meta property=\"article:publisher\" content=\"https:\/\/www.facebook.com\/ipautomationinc\/\" \/>\n<meta property=\"article:modified_time\" content=\"2026-04-01T18:37:46+00:00\" \/>\n<script type=\"application\/ld+json\" class=\"yoast-schema-graph\">{\"@context\":\"https:\\\/\\\/schema.org\",\"@graph\":[{\"@type\":\"WebPage\",\"@id\":\"https:\\\/\\\/ipautomationinc.com\\\/cnc-tube-benders\\\/\",\"url\":\"https:\\\/\\\/ipautomationinc.com\\\/cnc-tube-benders\\\/\",\"name\":\"CNC Tube Benders | IP Automation Inc\",\"isPartOf\":{\"@id\":\"https:\\\/\\\/ipautomationinc.com\\\/#website\"},\"datePublished\":\"2026-04-01T18:37:45+00:00\",\"dateModified\":\"2026-04-01T18:37:46+00:00\",\"description\":\"Explore our selection of CNC Tube Benders to find the perfect one for you. Quality made in the USA machinery.\",\"inLanguage\":\"sl-SI\",\"potentialAction\":[{\"@type\":\"ReadAction\",\"target\":[\"https:\\\/\\\/ipautomationinc.com\\\/cnc-tube-benders\\\/\"]}]},{\"@type\":\"WebSite\",\"@id\":\"https:\\\/\\\/ipautomationinc.com\\\/#website\",\"url\":\"https:\\\/\\\/ipautomationinc.com\\\/\",\"name\":\"IP Automation Inc\",\"description\":\"Concept... Creation... Reality...\",\"publisher\":{\"@id\":\"https:\\\/\\\/ipautomationinc.com\\\/#organization\"},\"potentialAction\":[{\"@type\":\"SearchAction\",\"target\":{\"@type\":\"EntryPoint\",\"urlTemplate\":\"https:\\\/\\\/ipautomationinc.com\\\/?s={search_term_string}\"},\"query-input\":{\"@type\":\"PropertyValueSpecification\",\"valueRequired\":true,\"valueName\":\"search_term_string\"}}],\"inLanguage\":\"sl-SI\"},{\"@type\":\"Organization\",\"@id\":\"https:\\\/\\\/ipautomationinc.com\\\/#organization\",\"name\":\"IP Automation Inc\",\"url\":\"https:\\\/\\\/ipautomationinc.com\\\/\",\"logo\":{\"@type\":\"ImageObject\",\"inLanguage\":\"sl-SI\",\"@id\":\"https:\\\/\\\/ipautomationinc.com\\\/#\\\/schema\\\/logo\\\/image\\\/\",\"url\":\"https:\\\/\\\/ipautomationinc.com\\\/wp-content\\\/uploads\\\/2022\\\/05\\\/IPA-Favicon.png\",\"contentUrl\":\"https:\\\/\\\/ipautomationinc.com\\\/wp-content\\\/uploads\\\/2022\\\/05\\\/IPA-Favicon.png\",\"width\":513,\"height\":513,\"caption\":\"IP Automation Inc\"},\"image\":{\"@id\":\"https:\\\/\\\/ipautomationinc.com\\\/#\\\/schema\\\/logo\\\/image\\\/\"},\"sameAs\":[\"https:\\\/\\\/www.facebook.com\\\/ipautomationinc\\\/\",\"https:\\\/\\\/www.linkedin.com\\\/company\\\/ip-automation-inc\\\/\",\"https:\\\/\\\/www.youtube.com\\\/@IPAutomation\"]}]}<\/script>\n<!-- \/ Yoast SEO plugin. -->","yoast_head_json":{"title":"CNC upogibalke cevi | IP Automation Inc","description":"Razi\u0161\u010dite na\u0161o ponudbo CNC upogibalcev cevi in poi\u0161\u010dite popolnega zase. Kakovostni stroji, izdelani v ZDA.","robots":{"index":"index","follow":"follow","max-snippet":"max-snippet:-1","max-image-preview":"max-image-preview:large","max-video-preview":"max-video-preview:-1"},"canonical":"https:\/\/ipautomationinc.com\/sl\/cnc-upogibalke-cevi\/","og_locale":"sl_SI","og_type":"article","og_title":"CNC Tube Benders | IP Automation Inc","og_description":"Explore our selection of CNC Tube Benders to find the perfect one for you. Quality made in the USA machinery.","og_url":"https:\/\/ipautomationinc.com\/sl\/cnc-upogibalke-cevi\/","og_site_name":"IP Automation Inc","article_publisher":"https:\/\/www.facebook.com\/ipautomationinc\/","article_modified_time":"2026-04-01T18:37:46+00:00","schema":{"@context":"https:\/\/schema.org","@graph":[{"@type":"WebPage","@id":"https:\/\/ipautomationinc.com\/cnc-tube-benders\/","url":"https:\/\/ipautomationinc.com\/cnc-tube-benders\/","name":"CNC upogibalke cevi | IP Automation Inc","isPartOf":{"@id":"https:\/\/ipautomationinc.com\/#website"},"datePublished":"2026-04-01T18:37:45+00:00","dateModified":"2026-04-01T18:37:46+00:00","description":"Razi\u0161\u010dite na\u0161o ponudbo CNC upogibalcev cevi in poi\u0161\u010dite popolnega zase. Kakovostni stroji, izdelani v ZDA.","inLanguage":"sl-SI","potentialAction":[{"@type":"ReadAction","target":["https:\/\/ipautomationinc.com\/cnc-tube-benders\/"]}]},{"@type":"WebSite","@id":"https:\/\/ipautomationinc.com\/#website","url":"https:\/\/ipautomationinc.com\/","name":"IP Automation Inc","description":"Koncept... Kreacija... Realnost...","publisher":{"@id":"https:\/\/ipautomationinc.com\/#organization"},"potentialAction":[{"@type":"SearchAction","target":{"@type":"EntryPoint","urlTemplate":"https:\/\/ipautomationinc.com\/?s={search_term_string}"},"query-input":{"@type":"PropertyValueSpecification","valueRequired":true,"valueName":"search_term_string"}}],"inLanguage":"sl-SI"},{"@type":"Organization","@id":"https:\/\/ipautomationinc.com\/#organization","name":"IP Automation Inc","url":"https:\/\/ipautomationinc.com\/","logo":{"@type":"ImageObject","inLanguage":"sl-SI","@id":"https:\/\/ipautomationinc.com\/#\/schema\/logo\/image\/","url":"https:\/\/ipautomationinc.com\/wp-content\/uploads\/2022\/05\/IPA-Favicon.png","contentUrl":"https:\/\/ipautomationinc.com\/wp-content\/uploads\/2022\/05\/IPA-Favicon.png","width":513,"height":513,"caption":"IP Automation Inc"},"image":{"@id":"https:\/\/ipautomationinc.com\/#\/schema\/logo\/image\/"},"sameAs":["https:\/\/www.facebook.com\/ipautomationinc\/","https:\/\/www.linkedin.com\/company\/ip-automation-inc\/","https:\/\/www.youtube.com\/@IPAutomation"]}]}},"_links":{"self":[{"href":"https:\/\/ipautomationinc.com\/sl\/wp-json\/wp\/v2\/pages\/39705","targetHints":{"allow":["GET"]}}],"collection":[{"href":"https:\/\/ipautomationinc.com\/sl\/wp-json\/wp\/v2\/pages"}],"about":[{"href":"https:\/\/ipautomationinc.com\/sl\/wp-json\/wp\/v2\/types\/page"}],"author":[{"embeddable":true,"href":"https:\/\/ipautomationinc.com\/sl\/wp-json\/wp\/v2\/users\/3"}],"replies":[{"embeddable":true,"href":"https:\/\/ipautomationinc.com\/sl\/wp-json\/wp\/v2\/comments?post=39705"}],"version-history":[{"count":2,"href":"https:\/\/ipautomationinc.com\/sl\/wp-json\/wp\/v2\/pages\/39705\/revisions"}],"predecessor-version":[{"id":39707,"href":"https:\/\/ipautomationinc.com\/sl\/wp-json\/wp\/v2\/pages\/39705\/revisions\/39707"}],"wp:attachment":[{"href":"https:\/\/ipautomationinc.com\/sl\/wp-json\/wp\/v2\/media?parent=39705"}],"curies":[{"name":"delovni list","href":"https:\/\/api.w.org\/{rel}","templated":true}]}}