{"id":39678,"date":"2026-03-31T15:35:20","date_gmt":"2026-03-31T20:35:20","guid":{"rendered":"https:\/\/ipautomationinc.com\/?page_id=39678"},"modified":"2026-03-31T16:05:13","modified_gmt":"2026-03-31T21:05:13","slug":"serija-t","status":"publish","type":"page","link":"https:\/\/ipautomationinc.com\/sl\/t-series\/","title":{"rendered":"T Series 3D CNC Tube Bender"},"content":{"rendered":"<p>Serija T je 3D CNC upogibalnik cevi, ki obdeluje tuljave<br>using dual bend heads for roll and compression bending.With optional saw cut or inline chamfer cut capabilities and robotic integration, this machine is ideal for streamlining high volume production.<\/p>\n\n\n\n<p><span class=\"builder2seo\"><\/span>3D CNC upogibnik cevi za aplikacije brez tuljave<br><br>Serija T<br><br><img decoding=\"async\" src=\"https:\/\/ipautomationinc.com\/wp-content\/uploads\/2026\/03\/i13T-S\u00b2-3D-CNC-Tube-Bending-Machine.png#39661\" alt=\"i13T-S\u00b2 3D CNC Tube Bending Machine\"><br>3D cnc stroj za upogibanje \u017eice<br>400 slikovnih pik<br><br>Kliknite tukaj za video<br><a href=\"https:\/\/ipautomationinc.com\/sl\/serija-t\/#video\">https:\/\/ipautomationinc.com\/t-series\/#video<\/a><br>fas fa-play-krog<br>gumb_tema<br><br>Kliknite tukaj za PDF letak<br><a href=\"https:\/\/ipautomationinc.com\/wp-content\/uploads\/2026\/03\/T-Series-Flyer.pdf\">https:\/\/ipautomationinc.com\/wp-content\/uploads\/2026\/03\/T-Series-Flyer.pdf<\/a><br>fas fa-datoteka-pdf<br>gumb_tema<br>https:\/\/ipautomationinc.com\/wp-content\/uploads\/2026\/03\/T-Series-Flyer.pdf<br><br>39665,39664,39663,39662,39666<br>#0455B3<br>3px 3px 3px 3px<br><br><h4>Serija T je 3D CNC upogibalnik cevi, ki obdeluje tuljave z uporabo dvojnih upogibnih glav za valjanje in stiskanje.<\/h4><br><br><h4>With optional saw cut or inline chamfer cut capabilities androbotic integration, this machine is ideal for streamlining highvolume production.<\/h4><br><br><h3>Aplikacije<\/h3><br><br><h4>Multitude of 2 and 3 dimensional parts from connector tubes, rectangular and variable dimension coils, refrigeration coils&#8230;<\/h4><br>#EBEBEB<br><br>39676,39682<br>300 slikovnih pik<br>300 slikovnih pik<br><br><img decoding=\"async\" src=\"https:\/\/ipautomationinc.com\/wp-content\/uploads\/2026\/03\/i13T-S\u00b2-3D-CNC-Tube-Bending-Machine.png#39661\" alt=\"i13T-S\u00b2 3D CNC Tube Bending Machine\"><br>3d CNC stroj za upogibanje \u017eice<br><br>Kliknite tukaj za video<br><a href=\"https:\/\/ipautomationinc.com\/sl\/serija-t\/#video\">https:\/\/ipautomationinc.com\/t-series\/#video<\/a><br>fas fa-play-krog<br>gumb_tema<br><br>Kliknite tukaj za PDF letak<br><a href=\"https:\/\/ipautomationinc.com\/wp-content\/uploads\/2026\/03\/T-Series-Flyer.pdf\">https:\/\/ipautomationinc.com\/wp-content\/uploads\/2026\/03\/T-Series-Flyer.pdf<\/a><br>fas fa-datoteka-pdf<br>gumb_tema<br>https:\/\/ipautomationinc.com\/wp-content\/uploads\/2026\/03\/T-Series-Flyer.pdf<br><br>39665,39664,39663,39662,39666<br>#0455B3<br>3px 3px 3px 3px<br>po meri<br>80%<br><br><h4>Serija T je 3D CNC upogibalnik cevi, ki obdeluje tuljave z uporabo dvojnih upogibnih glav za valjanje in stiskanje.<\/h4><br><br><h4>With optional saw cut or inline chamfer cut capabilities androbotic integration, this machine is ideal for streamlining highvolume production.<\/h4><br><br><h3>Aplikacije<\/h3><br><br><h4>Multitude of 2 and 3 dimensional parts from connector tubes, rectangular and variable dimension coils, refrigeration coils&#8230;<\/h4><br>#EBEBEB<br><br>39676,39682<br>300 slikovnih pik<br>300 slikovnih pik<br>prekrivni_napis_img<br><br><br>Mediji<br><br>;c;;<br><br><br>Lastnosti<br><br>Upogibanje<br>Programiranje<br>Podrobnosti<br><br><br>In\u017eenirji za avtomatizacijo IP in CNC stroji so vse krivilne glave, rezalniki in valji za podajanje \u017eice sami po razumni ceni s hitrim obratom<br><br><br><br><br>\t<a href=\"https:\/\/ipautomationinc.com\/sl\/zmogljivosti-stroja\/\">Programska oprema Intellibend <\/a> v operacijskem sistemu Windows<br><br>Length-Rotation-Angle CNC programand absolute programming options<br><br>Krmilniki za pospe\u0161evanje, zaviranje in pospe\u0161evanje izven ovinka<br><br>Integriran nadzor serije in \u0161tetje kosov<br><br>Uvoz datotek STEP<br><br>Hiter in varen VPN tunel za oddaljeno povezavo s podporo<br><br>Omejitve nadzora na ravni uporabnika<br><br>Pametna obvestila o vzdr\u017eevanju na podlagi podatkov o gibanju<br><br>Funkcionalnost OPC UA za implementacijo \u201cIIOT\u201d<br><br>\t<br><br><br>Izpla\u010dilo z nosilnostjo linearne roke: vklju\u010deno 3000 lbs (na voljo mo\u017enost 4500 lbs)<br><br>7\u2032 (2,13 m) varnostna kletka z varnostnimi zapornimi vrati<br><br>Dvonivojski ravnalnik s \u0161irokim razponom<br><br>Vsi pogonski sistemi podajanja in upogibanja imajo utrjene zobnike in so popolnoma zaprti.<br><br>Hitro preklopni kaljeni podajalni valji za 2 velikosti<br><br>Linearni kodirnik na podajalniku \u017eice za natan\u010dnost in zaznavanje zdrsa<br><br>Stabilizator cevi<br><br>Rezalna matrica za ponovno bru\u0161enje<br><br>Na voljo usposabljanje na kraju samem<br><br>Mo\u017enost robotske integracije<br><br><br>#EBEBEB<br>#222222<br><br><br>Specifikacije<br><br><br><br><p>*Na zmogljivost najmanj\u0161ega in najve\u010djega premera vpliva natezni izkoristek \u017eice. Pi\u0161ite nam za pojasnilo glede najmanj\u0161ega\/najve\u010djega razpona za va\u0161 tip \u017eice.<\/p><br><br><br>Mo\u017enosti stroja<br><br>Ro\u010dno name\u0161\u010dena zlo\u017eljiva \u017eaga za rezanje<br>z vakuumskim sesalnikom za ostru\u017eke<br><img decoding=\"async\" src=\"https:\/\/ipautomationinc.com\/wp-content\/uploads\/2026\/03\/retractable-saw-cut.png#39676\" alt=\"retractable saw cut\"><br>\u0161katlasta lestvica<br>70%<br><br>Vrstni servo rezalni stroj za rezanje\/posnemanje robov<br><img decoding=\"async\" src=\"https:\/\/ipautomationinc.com\/wp-content\/uploads\/2024\/01\/internal-chamfer.png#35611\" alt=\"internal chamfer\"><br><a href=\"https:\/\/ipautomationinc.com\/sl\/dodatki\/v-linijskem-posnetju\/\">https:\/\/ipautomationinc.com\/accessories\/in-line-chamfer\/<\/a><br>\u0161katlasta lestvica<br>70%<br><br>Intelimetska robotika<br>s prilagojenim EOAT<br><img decoding=\"async\" src=\"https:\/\/ipautomationinc.com\/wp-content\/uploads\/2022\/06\/machine-options_robot.png\" alt=\"strojne mo\u017enosti_robot\"><br><a href=\"https:\/\/ipautomationinc.com\/sl\/dodatki\/robotika\/\">https:\/\/ipautomationinc.com\/accessories\/robotics\/<\/a><br><br>Obdelovalni center iFM<br><img decoding=\"async\" src=\"https:\/\/ipautomationinc.com\/wp-content\/uploads\/2023\/11\/ifm-icon-1.png#35422\" alt=\"ifm ikona\"><br><a href=\"https:\/\/ipautomationinc.com\/sl\/dodatki\/obdelovalni-center\/\">https:\/\/ipautomationinc.com\/accessories\/machining-center\/<\/a><br>\u0161katlasta lestvica<br>70%<br><br>Posnemalna\/vrtalna postaja<br><img decoding=\"async\" src=\"https:\/\/ipautomationinc.com\/wp-content\/uploads\/2024\/08\/chamfer-drill.png#36736\" alt=\"posnemalni sveder\"><br><a href=\"https:\/\/ipautomationinc.com\/sl\/dodatki\/posnemalni-sveder\/\">https:\/\/ipautomationinc.com\/accessories\/chamfer-drill\/<\/a><br>\u0161katlasta lestvica<br>70%<br><br>Kon\u010dno oblikovanje<br><img decoding=\"async\" src=\"https:\/\/ipautomationinc.com\/wp-content\/uploads\/2022\/06\/machine-options_cold-heading.png\" alt=\"strojne mo\u017enosti_hladna glava\"><br>\u0161katlasta lestvica<br>70%<br><br>Re\u0161itve za ravnanje z deli<br><img decoding=\"async\" src=\"https:\/\/ipautomationinc.com\/wp-content\/uploads\/2022\/06\/machine-options_rack-option.png#1323\" alt=\"strojne mo\u017enosti_mo\u017enost stojala\"><br>\u0161katlasta lestvica<br>70%<br><br>Dobite cene zdaj!<br>ikona-naprej<br><a href=\"https:\/\/ipautomationinc.com\/sl\/kontaktiraj-nas\/#form\">https:\/\/ipautomationinc.com\/contact-us\/#form<\/a><br>50 slikovnih pik<br><br>Drugi CNC stroji za upogibanje \u017eice<br><br><h4>Serija iP<\/h4><br><br><p><hr class=\"no_line\" style=\"margin: 0 auto 0px auto\"\/>\n <a href=\"https:\/\/ipautomationinc.com\/sl\/serija-ip\/\"> <img decoding=\"async\" src=\"https:\/\/ipautomationinc.com\/wp-content\/uploads\/2026\/02\/i10-S\u00b2-P-Single-Piece-3D-CNC-Wire-Bender.png\" alt=\"i-S\u00b2-P enodelni CNC oblikovalnik \u017eice\"> <\/a> <hr class=\"no_line\" style=\"margin: 0 auto 0px auto\"\/>\n<\/p><br><br><p>Serija P je zasnovana za enostavno delo z zahtevnimi \u017ei\u010dnimi oblikami od 2,5 do 16 mm<\/p><br><br><a class=\"mfn-link mfn-link-1\" href=\"\" style=\"\" data-hover=\"\"   ><span data-hover=\"\"><\/span><\/a><br>brez ponavljanja;levo zgoraj;;<br>avto<br><br><h4>Serija i-S<\/h4><br><br><p><hr class=\"no_line\" style=\"margin: 0 auto 0px auto\"\/>\n <a href=\"https:\/\/ipautomationinc.com\/sl\/serija-i-s\/\"> <img decoding=\"async\" src=\"https:\/\/ipautomationinc.com\/wp-content\/uploads\/2023\/02\/i8-S-RGB-1.png\" alt=\"iS CNC oblikovalnik \u017eice\"> <\/a> <hr class=\"no_line\" style=\"margin: 0 auto 0px auto\"\/>\n<\/p><br><br><p>Serija S je natan\u010den delovni stroj za 3D \u017ei\u010dne oblike od 2 do 20 mm.<\/p><br><br><a class=\"mfn-link mfn-link-1\" href=\"\" style=\"\" data-hover=\"\"   ><span data-hover=\"\"><\/span><\/a><br>brez ponavljanja;levo zgoraj;;<br>avto<br><br><h4>Serija i-SC<\/h4><br><br><p><hr class=\"no_line\" style=\"margin: 0 auto 0px auto\"\/>\n <a href=\"https:\/\/ipautomationinc.com\/sl\/serija-i-sc\/\"> <img decoding=\"async\" src=\"https:\/\/ipautomationinc.com\/wp-content\/uploads\/2025\/09\/i8-SC-RGB.png\" alt=\"\"> <\/a> <hr class=\"no_line\" style=\"margin: 0 auto 0px auto\"\/>\n<\/p><br><br><p>Serija SC je popoln stroj za kraj\u0161e 3D \u017ei\u010dne oblike iz \u017eice 2\u20138 mm<\/p><br><br><a class=\"mfn-link mfn-link-1\" href=\"\" style=\"\" data-hover=\"\"   ><span data-hover=\"\"><\/span><\/a><br>brez ponavljanja;levo zgoraj;;<br>avto<br><br><\/p>","protected":false},"excerpt":{"rendered":"<p>The T series is a 3D CNC tubing bender that processes coil stockusing dual bend heads for roll and compression<span class=\"excerpt-hellip\"> [\u2026]<\/span><\/p>\n","protected":false},"author":3,"featured_media":0,"parent":0,"menu_order":0,"comment_status":"closed","ping_status":"closed","template":"","meta":{"footnotes":""},"class_list":["post-39678","page","type-page","status-publish","hentry"],"yoast_head":"<!-- This site is optimized with the Yoast SEO plugin v27.4 - https:\/\/yoast.com\/product\/yoast-seo-wordpress\/ -->\n<title>T Series 3D CNC Tube Bender | IP Automation Inc<\/title>\n<meta name=\"description\" content=\"The T series is a 3D CNC tubing bender that processes coil stockusing dual bend heads for roll and compression bending.\" \/>\n<meta name=\"robots\" content=\"index, follow, max-snippet:-1, max-image-preview:large, max-video-preview:-1\" \/>\n<link rel=\"canonical\" href=\"https:\/\/ipautomationinc.com\/sl\/serija-t\/\" \/>\n<meta property=\"og:locale\" content=\"sl_SI\" \/>\n<meta property=\"og:type\" content=\"article\" \/>\n<meta property=\"og:title\" content=\"T Series 3D CNC Tube Bender | IP Automation Inc\" \/>\n<meta property=\"og:description\" content=\"The T series is a 3D CNC tubing bender that processes coil stockusing dual bend heads for roll and compression bending.\" \/>\n<meta property=\"og:url\" content=\"https:\/\/ipautomationinc.com\/sl\/serija-t\/\" \/>\n<meta property=\"og:site_name\" content=\"IP Automation Inc\" \/>\n<meta property=\"article:publisher\" content=\"https:\/\/www.facebook.com\/ipautomationinc\/\" \/>\n<meta property=\"article:modified_time\" content=\"2026-03-31T21:05:13+00:00\" \/>\n<meta property=\"og:image\" content=\"https:\/\/ipautomationinc.com\/wp-content\/uploads\/2026\/03\/retractable-saw-cut.png#39676\" \/>\n<script type=\"application\/ld+json\" class=\"yoast-schema-graph\">{\"@context\":\"https:\\\/\\\/schema.org\",\"@graph\":[{\"@type\":\"WebPage\",\"@id\":\"https:\\\/\\\/ipautomationinc.com\\\/t-series\\\/\",\"url\":\"https:\\\/\\\/ipautomationinc.com\\\/t-series\\\/\",\"name\":\"T Series 3D CNC Tube Bender | IP Automation Inc\",\"isPartOf\":{\"@id\":\"https:\\\/\\\/ipautomationinc.com\\\/#website\"},\"primaryImageOfPage\":{\"@id\":\"https:\\\/\\\/ipautomationinc.com\\\/t-series\\\/#primaryimage\"},\"image\":{\"@id\":\"https:\\\/\\\/ipautomationinc.com\\\/t-series\\\/#primaryimage\"},\"thumbnailUrl\":\"https:\\\/\\\/ipautomationinc.com\\\/wp-content\\\/uploads\\\/2026\\\/03\\\/retractable-saw-cut.png#39676\",\"datePublished\":\"2026-03-31T20:35:20+00:00\",\"dateModified\":\"2026-03-31T21:05:13+00:00\",\"description\":\"The T series is a 3D CNC tubing bender that processes coil stockusing dual bend heads for roll and compression bending.\",\"inLanguage\":\"sl-SI\",\"potentialAction\":[{\"@type\":\"ReadAction\",\"target\":[\"https:\\\/\\\/ipautomationinc.com\\\/t-series\\\/\"]}]},{\"@type\":\"ImageObject\",\"inLanguage\":\"sl-SI\",\"@id\":\"https:\\\/\\\/ipautomationinc.com\\\/t-series\\\/#primaryimage\",\"url\":\"https:\\\/\\\/ipautomationinc.com\\\/wp-content\\\/uploads\\\/2026\\\/03\\\/retractable-saw-cut.png#39676\",\"contentUrl\":\"https:\\\/\\\/ipautomationinc.com\\\/wp-content\\\/uploads\\\/2026\\\/03\\\/retractable-saw-cut.png#39676\"},{\"@type\":\"WebSite\",\"@id\":\"https:\\\/\\\/ipautomationinc.com\\\/#website\",\"url\":\"https:\\\/\\\/ipautomationinc.com\\\/\",\"name\":\"IP Automation Inc\",\"description\":\"Concept... Creation... Reality...\",\"publisher\":{\"@id\":\"https:\\\/\\\/ipautomationinc.com\\\/#organization\"},\"potentialAction\":[{\"@type\":\"SearchAction\",\"target\":{\"@type\":\"EntryPoint\",\"urlTemplate\":\"https:\\\/\\\/ipautomationinc.com\\\/?s={search_term_string}\"},\"query-input\":{\"@type\":\"PropertyValueSpecification\",\"valueRequired\":true,\"valueName\":\"search_term_string\"}}],\"inLanguage\":\"sl-SI\"},{\"@type\":\"Organization\",\"@id\":\"https:\\\/\\\/ipautomationinc.com\\\/#organization\",\"name\":\"IP Automation Inc\",\"url\":\"https:\\\/\\\/ipautomationinc.com\\\/\",\"logo\":{\"@type\":\"ImageObject\",\"inLanguage\":\"sl-SI\",\"@id\":\"https:\\\/\\\/ipautomationinc.com\\\/#\\\/schema\\\/logo\\\/image\\\/\",\"url\":\"https:\\\/\\\/ipautomationinc.com\\\/wp-content\\\/uploads\\\/2022\\\/05\\\/IPA-Favicon.png\",\"contentUrl\":\"https:\\\/\\\/ipautomationinc.com\\\/wp-content\\\/uploads\\\/2022\\\/05\\\/IPA-Favicon.png\",\"width\":513,\"height\":513,\"caption\":\"IP Automation Inc\"},\"image\":{\"@id\":\"https:\\\/\\\/ipautomationinc.com\\\/#\\\/schema\\\/logo\\\/image\\\/\"},\"sameAs\":[\"https:\\\/\\\/www.facebook.com\\\/ipautomationinc\\\/\",\"https:\\\/\\\/www.linkedin.com\\\/company\\\/ip-automation-inc\\\/\",\"https:\\\/\\\/www.youtube.com\\\/@IPAutomation\"]}]}<\/script>\n<!-- \/ Yoast SEO plugin. -->","yoast_head_json":{"title":"3D CNC upogibalnik cevi serije T | IP Automation Inc","description":"Serija T je 3D CNC upogibalnik cevi, ki obdeluje tuljave z uporabo dvojnih upogibnih glav za valjanje in stiskanje.","robots":{"index":"index","follow":"follow","max-snippet":"max-snippet:-1","max-image-preview":"max-image-preview:large","max-video-preview":"max-video-preview:-1"},"canonical":"https:\/\/ipautomationinc.com\/sl\/serija-t\/","og_locale":"sl_SI","og_type":"article","og_title":"T Series 3D CNC Tube Bender | IP Automation Inc","og_description":"The T series is a 3D CNC tubing bender that processes coil stockusing dual bend heads for roll and compression bending.","og_url":"https:\/\/ipautomationinc.com\/sl\/serija-t\/","og_site_name":"IP Automation Inc","article_publisher":"https:\/\/www.facebook.com\/ipautomationinc\/","article_modified_time":"2026-03-31T21:05:13+00:00","og_image":[{"url":"https:\/\/ipautomationinc.com\/wp-content\/uploads\/2026\/03\/retractable-saw-cut.png#39676","type":"","width":"","height":""}],"schema":{"@context":"https:\/\/schema.org","@graph":[{"@type":"WebPage","@id":"https:\/\/ipautomationinc.com\/t-series\/","url":"https:\/\/ipautomationinc.com\/t-series\/","name":"3D CNC upogibalnik cevi serije T | IP Automation Inc","isPartOf":{"@id":"https:\/\/ipautomationinc.com\/#website"},"primaryImageOfPage":{"@id":"https:\/\/ipautomationinc.com\/t-series\/#primaryimage"},"image":{"@id":"https:\/\/ipautomationinc.com\/t-series\/#primaryimage"},"thumbnailUrl":"https:\/\/ipautomationinc.com\/wp-content\/uploads\/2026\/03\/retractable-saw-cut.png#39676","datePublished":"2026-03-31T20:35:20+00:00","dateModified":"2026-03-31T21:05:13+00:00","description":"Serija T je 3D CNC upogibalnik cevi, ki obdeluje tuljave z uporabo dvojnih upogibnih glav za valjanje in stiskanje.","inLanguage":"sl-SI","potentialAction":[{"@type":"ReadAction","target":["https:\/\/ipautomationinc.com\/t-series\/"]}]},{"@type":"ImageObject","inLanguage":"sl-SI","@id":"https:\/\/ipautomationinc.com\/t-series\/#primaryimage","url":"https:\/\/ipautomationinc.com\/wp-content\/uploads\/2026\/03\/retractable-saw-cut.png#39676","contentUrl":"https:\/\/ipautomationinc.com\/wp-content\/uploads\/2026\/03\/retractable-saw-cut.png#39676"},{"@type":"WebSite","@id":"https:\/\/ipautomationinc.com\/#website","url":"https:\/\/ipautomationinc.com\/","name":"IP Automation Inc","description":"Koncept... Kreacija... Realnost...","publisher":{"@id":"https:\/\/ipautomationinc.com\/#organization"},"potentialAction":[{"@type":"SearchAction","target":{"@type":"EntryPoint","urlTemplate":"https:\/\/ipautomationinc.com\/?s={search_term_string}"},"query-input":{"@type":"PropertyValueSpecification","valueRequired":true,"valueName":"search_term_string"}}],"inLanguage":"sl-SI"},{"@type":"Organization","@id":"https:\/\/ipautomationinc.com\/#organization","name":"IP Automation Inc","url":"https:\/\/ipautomationinc.com\/","logo":{"@type":"ImageObject","inLanguage":"sl-SI","@id":"https:\/\/ipautomationinc.com\/#\/schema\/logo\/image\/","url":"https:\/\/ipautomationinc.com\/wp-content\/uploads\/2022\/05\/IPA-Favicon.png","contentUrl":"https:\/\/ipautomationinc.com\/wp-content\/uploads\/2022\/05\/IPA-Favicon.png","width":513,"height":513,"caption":"IP Automation Inc"},"image":{"@id":"https:\/\/ipautomationinc.com\/#\/schema\/logo\/image\/"},"sameAs":["https:\/\/www.facebook.com\/ipautomationinc\/","https:\/\/www.linkedin.com\/company\/ip-automation-inc\/","https:\/\/www.youtube.com\/@IPAutomation"]}]}},"_links":{"self":[{"href":"https:\/\/ipautomationinc.com\/sl\/wp-json\/wp\/v2\/pages\/39678","targetHints":{"allow":["GET"]}}],"collection":[{"href":"https:\/\/ipautomationinc.com\/sl\/wp-json\/wp\/v2\/pages"}],"about":[{"href":"https:\/\/ipautomationinc.com\/sl\/wp-json\/wp\/v2\/types\/page"}],"author":[{"embeddable":true,"href":"https:\/\/ipautomationinc.com\/sl\/wp-json\/wp\/v2\/users\/3"}],"replies":[{"embeddable":true,"href":"https:\/\/ipautomationinc.com\/sl\/wp-json\/wp\/v2\/comments?post=39678"}],"version-history":[{"count":3,"href":"https:\/\/ipautomationinc.com\/sl\/wp-json\/wp\/v2\/pages\/39678\/revisions"}],"predecessor-version":[{"id":39697,"href":"https:\/\/ipautomationinc.com\/sl\/wp-json\/wp\/v2\/pages\/39678\/revisions\/39697"}],"wp:attachment":[{"href":"https:\/\/ipautomationinc.com\/sl\/wp-json\/wp\/v2\/media?parent=39678"}],"curies":[{"name":"delovni list","href":"https:\/\/api.w.org\/{rel}","templated":true}]}}