{"id":39417,"date":"2026-02-12T14:18:54","date_gmt":"2026-02-12T20:18:54","guid":{"rendered":"https:\/\/ipautomationinc.com\/?page_id=39417"},"modified":"2026-02-17T16:59:46","modified_gmt":"2026-02-17T22:59:46","slug":"inteligenten","status":"publish","type":"page","link":"https:\/\/ipautomationinc.com\/sl\/intellibend\/","title":{"rendered":"Intellibend"},"content":{"rendered":"<p>Na\u0161a programska oprema Intellibend vklju\u010duje zmogljiva programska orodja in zmogljivosti, ki jih je enostavno nau\u010diti in zagotavljajo obse\u017een nadzor nad upogibanjem, simulacijo in upravljanjem strojnih operacij.<\/p>\n\n\n\n<p><span class=\"builder2seo\"><\/span>Programska oprema Intellibend<br><br><br><p><span>Na\u0161a programska oprema Intellibend vklju\u010duje zmogljiva programska orodja in zmogljivosti, ki jih je enostavno nau\u010diti in zagotavljajo obse\u017een nadzor nad upogibanjem, simulacijo in upravljanjem strojnih operacij.<\/span><\/p><br><br>autoplay=1&amp;muted=1&amp;loop=1&amp;controls=0<br>a;;l;m<br><br>Programska oprema Intellibend<br>#000000<br><br><br><p><span>Na\u0161a programska oprema Intellibend vklju\u010duje zmogljiva programska orodja in zmogljivosti, ki jih je enostavno nau\u010diti in zagotavljajo obse\u017een nadzor nad upogibanjem, simulacijo in upravljanjem strojnih operacij.<\/span><\/p><br><br><img decoding=\"async\" src=\"https:\/\/ipautomationinc.com\/wp-content\/uploads\/2026\/02\/Software-interface.webp#39419\" alt=\"Intellibend software interface\"><br>https:\/\/ipautomationinc.com\/wp-content\/uploads\/2026\/02\/Software-interface.webp#39419<br>po meri<br><br>Funkcije programiranja delov<br>Splo\u0161ne specifikacije<br>Povezljivost<br><br><br>  Mo\u017enosti LRA in absolutnega programiranja<br><br>  Krmilniki za pospe\u0161evanje, zaviranje in pospe\u0161evanje izven ovinka<br><br>  Popolnoma integrirana 3D animirana simulacija z zaznavanjem trkov z uporabo mehanizma Unity<br><br>  3D-model, integriran v program na dotik za hitro referenciranje<br><br>  Funkcija uvoza datotek po korakih (na voljo pri ve\u010dini modelov)<br><br>  Omejitve nadzora na ravni uporabnika<br><br>  Programabilna kalibracija upogibanja na orodje in \u017eico<br><br>  Vgrajeni stolpci za zapiske<br><br>  Klic makro programa<br><br>  Polna funkcionalnost razveljavitve\/ponovitve<br><br>  Okno servo pomika<br><br><br><br><br>  Popoln CNC nadzor<br><br>  Operacijski sistem Windows Enterprise LTSC<br><br>  Brezpla\u010dne posodobitve programske opreme Intellibend<br><br>  Pripomo\u010dki za samodejno shranjevanje\/varnostno kopiranje<br><br>  Integriran nadzor serije in \u0161tetje kosov<br><br>  Trdni ra\u010dunalnik brez potrebe po prezra\u010devanju<br><br>  Pametna obvestila o vzdr\u017eevanju na podlagi podatkov o gibanju<br><br>  Ve\u010djezi\u010dni meniji in ikonografski gumbi na dotik<br><br><br><br><br>  Hiter in varen VPN tunel za oddaljeno povezavo s podporo<br><br>  Samodejno odpravljanje klicev in napak z robotiko Fanuc in Yaskawa Motoman<br><br>  Funkcionalnost OPC UA za implementacijo IIoT<br><br>  Na voljo so I\/O funkcije po meri<br><br>  Ve\u010ddoti\u010dni zaslon \u2013 tipkovnica ni potrebna (na voljo je vrata USB)<br><br><br>vertical<br>#767676<br>#0444B0<br><br><\/p>","protected":false},"excerpt":{"rendered":"<p>Our Intellibend software incorporates powerful programming tools and capabilities that are easy to learn and provide extensive control over bending,<span class=\"excerpt-hellip\"> [\u2026]<\/span><\/p>\n","protected":false},"author":3,"featured_media":0,"parent":0,"menu_order":0,"comment_status":"closed","ping_status":"closed","template":"","meta":{"footnotes":""},"class_list":["post-39417","page","type-page","status-publish","hentry"],"yoast_head":"<!-- This site is optimized with the Yoast SEO plugin v27.4 - https:\/\/yoast.com\/product\/yoast-seo-wordpress\/ -->\n<title>Intellibend | IP Automation Inc<\/title>\n<meta name=\"description\" content=\"Our Intellibend software incorporates powerful programming tools and capabilities that are easy to learn and provide extensive control.\" \/>\n<meta name=\"robots\" content=\"index, follow, max-snippet:-1, max-image-preview:large, max-video-preview:-1\" \/>\n<link rel=\"canonical\" href=\"https:\/\/ipautomationinc.com\/sl\/inteligenten\/\" \/>\n<meta property=\"og:locale\" content=\"sl_SI\" \/>\n<meta property=\"og:type\" content=\"article\" \/>\n<meta property=\"og:title\" content=\"Intellibend | IP Automation Inc\" \/>\n<meta property=\"og:description\" content=\"Our Intellibend software incorporates powerful programming tools and capabilities that are easy to learn and provide extensive control.\" \/>\n<meta property=\"og:url\" content=\"https:\/\/ipautomationinc.com\/sl\/inteligenten\/\" \/>\n<meta property=\"og:site_name\" content=\"IP Automation Inc\" \/>\n<meta property=\"article:publisher\" content=\"https:\/\/www.facebook.com\/ipautomationinc\/\" \/>\n<meta property=\"article:modified_time\" content=\"2026-02-17T22:59:46+00:00\" \/>\n<meta property=\"og:image\" content=\"https:\/\/ipautomationinc.com\/wp-content\/uploads\/2026\/02\/Software-interface.webp#39419\" \/>\n<script type=\"application\/ld+json\" class=\"yoast-schema-graph\">{\"@context\":\"https:\\\/\\\/schema.org\",\"@graph\":[{\"@type\":\"WebPage\",\"@id\":\"https:\\\/\\\/ipautomationinc.com\\\/intellibend\\\/\",\"url\":\"https:\\\/\\\/ipautomationinc.com\\\/intellibend\\\/\",\"name\":\"Intellibend | IP Automation Inc\",\"isPartOf\":{\"@id\":\"https:\\\/\\\/ipautomationinc.com\\\/#website\"},\"primaryImageOfPage\":{\"@id\":\"https:\\\/\\\/ipautomationinc.com\\\/intellibend\\\/#primaryimage\"},\"image\":{\"@id\":\"https:\\\/\\\/ipautomationinc.com\\\/intellibend\\\/#primaryimage\"},\"thumbnailUrl\":\"https:\\\/\\\/ipautomationinc.com\\\/wp-content\\\/uploads\\\/2026\\\/02\\\/Software-interface.webp#39419\",\"datePublished\":\"2026-02-12T20:18:54+00:00\",\"dateModified\":\"2026-02-17T22:59:46+00:00\",\"description\":\"Our Intellibend software incorporates powerful programming tools and capabilities that are easy to learn and provide extensive control.\",\"inLanguage\":\"sl-SI\",\"potentialAction\":[{\"@type\":\"ReadAction\",\"target\":[\"https:\\\/\\\/ipautomationinc.com\\\/intellibend\\\/\"]}]},{\"@type\":\"ImageObject\",\"inLanguage\":\"sl-SI\",\"@id\":\"https:\\\/\\\/ipautomationinc.com\\\/intellibend\\\/#primaryimage\",\"url\":\"https:\\\/\\\/ipautomationinc.com\\\/wp-content\\\/uploads\\\/2026\\\/02\\\/Software-interface.webp#39419\",\"contentUrl\":\"https:\\\/\\\/ipautomationinc.com\\\/wp-content\\\/uploads\\\/2026\\\/02\\\/Software-interface.webp#39419\"},{\"@type\":\"WebSite\",\"@id\":\"https:\\\/\\\/ipautomationinc.com\\\/#website\",\"url\":\"https:\\\/\\\/ipautomationinc.com\\\/\",\"name\":\"IP Automation Inc\",\"description\":\"Concept... Creation... Reality...\",\"publisher\":{\"@id\":\"https:\\\/\\\/ipautomationinc.com\\\/#organization\"},\"potentialAction\":[{\"@type\":\"SearchAction\",\"target\":{\"@type\":\"EntryPoint\",\"urlTemplate\":\"https:\\\/\\\/ipautomationinc.com\\\/?s={search_term_string}\"},\"query-input\":{\"@type\":\"PropertyValueSpecification\",\"valueRequired\":true,\"valueName\":\"search_term_string\"}}],\"inLanguage\":\"sl-SI\"},{\"@type\":\"Organization\",\"@id\":\"https:\\\/\\\/ipautomationinc.com\\\/#organization\",\"name\":\"IP Automation Inc\",\"url\":\"https:\\\/\\\/ipautomationinc.com\\\/\",\"logo\":{\"@type\":\"ImageObject\",\"inLanguage\":\"sl-SI\",\"@id\":\"https:\\\/\\\/ipautomationinc.com\\\/#\\\/schema\\\/logo\\\/image\\\/\",\"url\":\"https:\\\/\\\/ipautomationinc.com\\\/wp-content\\\/uploads\\\/2022\\\/05\\\/IPA-Favicon.png\",\"contentUrl\":\"https:\\\/\\\/ipautomationinc.com\\\/wp-content\\\/uploads\\\/2022\\\/05\\\/IPA-Favicon.png\",\"width\":513,\"height\":513,\"caption\":\"IP Automation Inc\"},\"image\":{\"@id\":\"https:\\\/\\\/ipautomationinc.com\\\/#\\\/schema\\\/logo\\\/image\\\/\"},\"sameAs\":[\"https:\\\/\\\/www.facebook.com\\\/ipautomationinc\\\/\",\"https:\\\/\\\/www.linkedin.com\\\/company\\\/ip-automation-inc\\\/\",\"https:\\\/\\\/www.youtube.com\\\/@IPAutomation\"]}]}<\/script>\n<!-- \/ Yoast SEO plugin. -->","yoast_head_json":{"title":"Intellibend | IP Automation Inc","description":"Na\u0161a programska oprema Intellibend vklju\u010duje zmogljiva programska orodja in zmogljivosti, ki jih je enostavno nau\u010diti in zagotavljajo obse\u017een nadzor.","robots":{"index":"index","follow":"follow","max-snippet":"max-snippet:-1","max-image-preview":"max-image-preview:large","max-video-preview":"max-video-preview:-1"},"canonical":"https:\/\/ipautomationinc.com\/sl\/inteligenten\/","og_locale":"sl_SI","og_type":"article","og_title":"Intellibend | IP Automation Inc","og_description":"Our Intellibend software incorporates powerful programming tools and capabilities that are easy to learn and provide extensive control.","og_url":"https:\/\/ipautomationinc.com\/sl\/inteligenten\/","og_site_name":"IP Automation Inc","article_publisher":"https:\/\/www.facebook.com\/ipautomationinc\/","article_modified_time":"2026-02-17T22:59:46+00:00","og_image":[{"url":"https:\/\/ipautomationinc.com\/wp-content\/uploads\/2026\/02\/Software-interface.webp#39419","type":"","width":"","height":""}],"schema":{"@context":"https:\/\/schema.org","@graph":[{"@type":"WebPage","@id":"https:\/\/ipautomationinc.com\/intellibend\/","url":"https:\/\/ipautomationinc.com\/intellibend\/","name":"Intellibend | IP Automation Inc","isPartOf":{"@id":"https:\/\/ipautomationinc.com\/#website"},"primaryImageOfPage":{"@id":"https:\/\/ipautomationinc.com\/intellibend\/#primaryimage"},"image":{"@id":"https:\/\/ipautomationinc.com\/intellibend\/#primaryimage"},"thumbnailUrl":"https:\/\/ipautomationinc.com\/wp-content\/uploads\/2026\/02\/Software-interface.webp#39419","datePublished":"2026-02-12T20:18:54+00:00","dateModified":"2026-02-17T22:59:46+00:00","description":"Na\u0161a programska oprema Intellibend vklju\u010duje zmogljiva programska orodja in zmogljivosti, ki jih je enostavno nau\u010diti in zagotavljajo obse\u017een nadzor.","inLanguage":"sl-SI","potentialAction":[{"@type":"ReadAction","target":["https:\/\/ipautomationinc.com\/intellibend\/"]}]},{"@type":"ImageObject","inLanguage":"sl-SI","@id":"https:\/\/ipautomationinc.com\/intellibend\/#primaryimage","url":"https:\/\/ipautomationinc.com\/wp-content\/uploads\/2026\/02\/Software-interface.webp#39419","contentUrl":"https:\/\/ipautomationinc.com\/wp-content\/uploads\/2026\/02\/Software-interface.webp#39419"},{"@type":"WebSite","@id":"https:\/\/ipautomationinc.com\/#website","url":"https:\/\/ipautomationinc.com\/","name":"IP Automation Inc","description":"Koncept... Kreacija... Realnost...","publisher":{"@id":"https:\/\/ipautomationinc.com\/#organization"},"potentialAction":[{"@type":"SearchAction","target":{"@type":"EntryPoint","urlTemplate":"https:\/\/ipautomationinc.com\/?s={search_term_string}"},"query-input":{"@type":"PropertyValueSpecification","valueRequired":true,"valueName":"search_term_string"}}],"inLanguage":"sl-SI"},{"@type":"Organization","@id":"https:\/\/ipautomationinc.com\/#organization","name":"IP Automation Inc","url":"https:\/\/ipautomationinc.com\/","logo":{"@type":"ImageObject","inLanguage":"sl-SI","@id":"https:\/\/ipautomationinc.com\/#\/schema\/logo\/image\/","url":"https:\/\/ipautomationinc.com\/wp-content\/uploads\/2022\/05\/IPA-Favicon.png","contentUrl":"https:\/\/ipautomationinc.com\/wp-content\/uploads\/2022\/05\/IPA-Favicon.png","width":513,"height":513,"caption":"IP Automation Inc"},"image":{"@id":"https:\/\/ipautomationinc.com\/#\/schema\/logo\/image\/"},"sameAs":["https:\/\/www.facebook.com\/ipautomationinc\/","https:\/\/www.linkedin.com\/company\/ip-automation-inc\/","https:\/\/www.youtube.com\/@IPAutomation"]}]}},"_links":{"self":[{"href":"https:\/\/ipautomationinc.com\/sl\/wp-json\/wp\/v2\/pages\/39417","targetHints":{"allow":["GET"]}}],"collection":[{"href":"https:\/\/ipautomationinc.com\/sl\/wp-json\/wp\/v2\/pages"}],"about":[{"href":"https:\/\/ipautomationinc.com\/sl\/wp-json\/wp\/v2\/types\/page"}],"author":[{"embeddable":true,"href":"https:\/\/ipautomationinc.com\/sl\/wp-json\/wp\/v2\/users\/3"}],"replies":[{"embeddable":true,"href":"https:\/\/ipautomationinc.com\/sl\/wp-json\/wp\/v2\/comments?post=39417"}],"version-history":[{"count":3,"href":"https:\/\/ipautomationinc.com\/sl\/wp-json\/wp\/v2\/pages\/39417\/revisions"}],"predecessor-version":[{"id":39449,"href":"https:\/\/ipautomationinc.com\/sl\/wp-json\/wp\/v2\/pages\/39417\/revisions\/39449"}],"wp:attachment":[{"href":"https:\/\/ipautomationinc.com\/sl\/wp-json\/wp\/v2\/media?parent=39417"}],"curies":[{"name":"delovni list","href":"https:\/\/api.w.org\/{rel}","templated":true}]}}