{"id":37840,"date":"2025-06-27T10:09:58","date_gmt":"2025-06-27T15:09:58","guid":{"rendered":"https:\/\/ipautomationinc.com\/?page_id=37840"},"modified":"2025-06-27T10:37:19","modified_gmt":"2025-06-27T15:37:19","slug":"politika-piskotkov","status":"publish","type":"page","link":"https:\/\/ipautomationinc.com\/sl\/cookie-policy\/","title":{"rendered":"Politika pi\u0161kotkov"},"content":{"rendered":"<h1 class=\"wp-block-heading\">Politika zasebnosti<\/h1>\n\n\n\n<p><strong>Zadnja posodobitev:<\/strong>&nbsp;1. januar 2025<\/p>\n\n\n\n<p><strong>Datum veljavnosti:<\/strong>&nbsp;1. januar 2025<\/p>\n\n\n\n<p>Podjetje IP Automation Inc. (\u00bbmi\u00ab, \u00bbna\u0161\u00ab ali \u00bbnas\u00ab) se zavezuje k varovanju va\u0161e zasebnosti. Ta politika zasebnosti opisuje, kako zbiramo, uporabljamo in varujemo va\u0161e osebne podatke, ko obi\u0161\u010dete&nbsp;<a href=\"https:\/\/ipautomationinc.com\/sl\/\" target=\"_blank\" rel=\"noreferrer noopener\">https:\/\/ipautomationinc.com<\/a>&nbsp;(\u00bbStoritev\u00ab).<\/p>\n\n\n\n<p>Z uporabo Storitve sogla\u0161ate s praksami, opisanimi v tej Politiki zasebnosti. \u010ce se z njo ne strinjate, ne dostopajte do Storitve ali je ne uporabljajte.<\/p>\n\n\n\n<h2 class=\"wp-block-heading\">Informacije, ki jih zbiramo<\/h2>\n\n\n\n<h3 class=\"wp-block-heading\">Informacije, ki jih posredujete<\/h3>\n\n\n\n<p>Ko izpolnite obrazec na na\u0161i spletni strani, lahko zberemo va\u0161e ime, e-po\u0161tni naslov, telefonsko \u0161tevilko, ime podjetja in morebitno sporo\u010dilo, ki ga vklju\u010dite.<\/p>\n\n\n\n<h3 class=\"wp-block-heading\">Samodejno zbrane informacije<\/h3>\n\n\n\n<ul class=\"wp-block-list\">\n<li><strong>Analitika:<\/strong>\u00a0Za zbiranje informacij, kot so IP-naslov, vrsta brskalnika, napotitvene strani in interakcija z videoposnetki, uporabljamo storitve, kot sta Google Analytics in Vimeo Analytics.<\/li>\n\n\n\n<li><strong>Pi\u0161kotki:<\/strong>\u00a0Za izbolj\u0161anje va\u0161e izku\u0161nje in zbiranje podatkov o uporabi uporabljamo pi\u0161kotke in podobne tehnologije.<\/li>\n<\/ul>\n\n\n\n<h2 class=\"wp-block-heading\">Kako uporabljamo va\u0161e podatke<\/h2>\n\n\n\n<ul class=\"wp-block-list\">\n<li>Za odgovore na poizvedbe, oddane prek na\u0161ih kontaktnih obrazcev<\/li>\n\n\n\n<li>Za analizo uporabe spletnega mesta in izbolj\u0161anje u\u010dinkovitosti delovanja<\/li>\n\n\n\n<li>Za spremljanje anga\u017eiranosti videoposnetkov in tehni\u010dne funkcionalnosti<\/li>\n\n\n\n<li>Za ohranjanje varnosti in prepre\u010devanje zlorabe<\/li>\n<\/ul>\n\n\n\n<p>\u010ce nameravamo va\u0161e podatke uporabiti za kateri koli namen, ki ni naveden zgoraj, bomo pred tem prosili za va\u0161e izrecno soglasje.<\/p>\n\n\n\n<h2 class=\"wp-block-heading\">Izmenjava informacij<\/h2>\n\n\n\n<p>Va\u0161ih osebnih podatkov ne prodajamo ali dajemo v najem tr\u017enikom ali drugim tretjim osebam. Vendar pa jih lahko delimo z zaupanja vrednimi ponudniki storitev (npr. Google, Vimeo) izklju\u010dno za namene analitike in spremljanja uspe\u0161nosti.<\/p>\n\n\n\n<p>Va\u0161e podatke lahko razkrijemo tudi, \u010de to zahteva zakon, sodni postopek ali v primeru prenosa podjetja, kot je zdru\u017eitev ali prevzem.<\/p>\n\n\n\n<h2 class=\"wp-block-heading\">Hramba podatkov<\/h2>\n\n\n\n<p>Osebne podatke hranimo tako dolgo, kot je potrebno za izpolnitev namenov, za katere so bili zbrani, ali kot to zahteva zakonodaja. Obi\u010dajno to pomeni, da se podatki hranijo od 90 dni do 2 let po va\u0161i zadnji interakciji z nami.<\/p>\n\n\n\n<p>Anonimni ali zbirni podatki, ki vas ne identificirajo, se lahko hranijo za nedolo\u010den \u010das.<\/p>\n\n\n\n<h2 class=\"wp-block-heading\">Va\u0161e pravice<\/h2>\n\n\n\n<p>Glede na va\u0161o lokacijo in veljavno zakonodajo imate morda pravico do:<\/p>\n\n\n\n<ul class=\"wp-block-list\">\n<li>Dostop do osebnih podatkov, ki jih hranimo o vas<\/li>\n\n\n\n<li>Zahtevajte popravek ali izbris svojih podatkov<\/li>\n\n\n\n<li>Preklic soglasja za obdelavo podatkov<\/li>\n\n\n\n<li>Zahteva za prenosljivost podatkov (na drug subjekt)<\/li>\n\n\n\n<li>Vlo\u017eite prito\u017ebo pri regulativnem organu<\/li>\n<\/ul>\n\n\n\n<p>Za uveljavljanje svojih pravic nas kontaktirajte na&nbsp;<a href=\"mailto:info@ipautomationinc.com\">info@ipautomationinc.com<\/a>.<\/p>\n\n\n\n<h2 class=\"wp-block-heading\">Pi\u0161kotki<\/h2>\n\n\n\n<p>Pi\u0161kotki so majhne datoteke, ki se namestijo v va\u0161o napravo za izbolj\u0161anje funkcionalnosti in sledenje uporabi. Za ve\u010d informacij o tem, kako uporabljamo pi\u0161kotke in kako jih lahko upravljate, obi\u0161\u010dite na\u0161o&nbsp;<a href=\"https:\/\/ipautomationinc.com\/sl\/politika-piskotkov\/\" target=\"_blank\" rel=\"noreferrer noopener\">Politika pi\u0161kotkov<\/a>.<\/p>\n\n\n\n<h2 class=\"wp-block-heading\">Varnost<\/h2>\n\n\n\n<p>Sprejemamo razumne previdnostne ukrepe za za\u0161\u010dito va\u0161ih podatkov pred nepoobla\u0161\u010denim dostopom, uporabo ali razkritjem. Vendar noben sistem ni popolnoma varen. Storitev uporabljate na lastno odgovornost.<\/p>\n\n\n\n<h2 class=\"wp-block-heading\">Povezave tretjih oseb<\/h2>\n\n\n\n<p>Na\u0161e spletno mesto lahko vsebuje povezave do zunanjih spletnih mest, ki jih ne nadzorujemo. Ne odgovarjamo za njihove prakse zasebnosti. Priporo\u010damo, da pregledate politiko zasebnosti vsakega zunanjega spletnega mesta, ki ga obi\u0161\u010dete.<\/p>\n\n\n\n<h2 class=\"wp-block-heading\">Spremembe te politike<\/h2>\n\n\n\n<p>To politiko zasebnosti lahko ob\u010dasno posodabljamo. \u010ce bomo uvedli pomembne spremembe, bomo o tem objavili obvestilo na tej strani. Nadaljnja uporaba storitve po posodobitvah pomeni, da sprejemate revidirano politiko.<\/p>\n\n\n\n<h2 class=\"wp-block-heading\">Kontaktiraj nas<\/h2>\n\n\n\n<p>\u010ce imate vpra\u0161anja ali pomisleke, se obrnite na:<\/p>\n\n\n\n<p><strong>IP Automation Inc.<\/strong><br>400 E Fullerton Avenue<br>Carol Stream, Illinois 60188<br>E-po\u0161ta:&nbsp;<a href=\"mailto:info@ipautomationinc.com\">info@ipautomationinc.com<\/a><br>Telefon: 630-656-1215<\/p>\n\n\n\n<p><span class=\"builder2seo\"><\/span><br><br>    a.cky-banner-element {<br><br>        padding: 8px 30px;<br><br>        background: #F8F9FA;<br><br>        color: #858A8F;<br><br>        border: 1px solid #DEE2E6;<br><br>        box-sizing: border-box;<br><br>        border-radius: 2px;<br><br>        cursor: pointer;<br><br>}<br><br><br><br><h1>Politika pi\u0161kotkov<\/h1><br><br><p><br><br>    Datum za\u010detka veljavnosti: 01. januar 2025 <br><br>    Zadnja posodobitev: 27. junij 2025<br><br><\/p><br><br><br><br>\u00a0<br><br><h5>Kaj so pi\u0161kotki?<\/h5><br><br><p>Ta politika pi\u0161kotkov pojasnjuje, kaj so pi\u0161kotki in kako jih uporabljamo, vrste pi\u0161kotkov, ki jih uporabljamo, tj. informacije, ki jih zbiramo s pi\u0161kotki, in kako se te informacije uporabljajo, ter kako upravljati nastavitve pi\u0161kotkov.<\/p> <p>Pi\u0161kotki so majhne besedilne datoteke, ki se uporabljajo za shranjevanje majhnih koli\u010din informacij. Shranijo se v va\u0161o napravo, ko se spletno mesto nalo\u017ei v va\u0161em brskalniku. Ti pi\u0161kotki nam pomagajo zagotoviti pravilno delovanje spletnega mesta, ga narediti varnej\u0161ega, zagotoviti bolj\u0161o uporabni\u0161ko izku\u0161njo in razumeti, kako spletno mesto deluje, ter analizirati, kaj deluje in kje je treba izbolj\u0161ati.<\/p><br><br><br><br>\u00a0<br><br><h5>Kako uporabljamo pi\u0161kotke?<\/h5><br><br><p>Kot ve\u010dina spletnih storitev tudi na\u0161e spletno mesto uporablja lastne in tretje pi\u0161kotke za ve\u010d namenov. Lastni pi\u0161kotki so ve\u010dinoma potrebni za pravilno delovanje spletnega mesta in ne zbirajo va\u0161ih osebnih podatkov.<\/p> <p>Pi\u0161kotki tretjih oseb, ki jih uporabljamo na na\u0161em spletnem mestu, so namenjeni predvsem razumevanju delovanja spletnega mesta, va\u0161i interakciji z njim, zagotavljanju varnosti na\u0161ih storitev, prikazovanju oglasov, ki so vam ustrezni, in na splo\u0161no zagotavljanju bolj\u0161e uporabni\u0161ke izku\u0161nje ter hitrej\u0161emu razvoju prihodnjih interakcij z na\u0161im spletnim mestom.<\/p><br><br><br><br>\u00a0<br><br>    <h5>Vrste pi\u0161kotkov, ki jih uporabljamo<\/h5><br><br><br><br>    <br><br><br><br>\u00a0<br><br>    <h5>Izklju\u010ditev pi\u0161kotkov<\/h5><br><br><br><br>    <a>Nastavitve pi\u0161kotkov<\/a> <br><br><br><br>    <p>Razli\u010dni brskalniki ponujajo razli\u010dne metode za blokiranje in brisanje pi\u0161kotkov, ki jih uporabljajo spletna mesta. Nastavitve brskalnika lahko spremenite tako, da blokirate\/izbri\u0161ete pi\u0161kotke. Spodaj so navedene povezave do podpornih dokumentov o upravljanju in brisanju pi\u0161kotkov iz glavnih spletnih brskalnikov.<\/p><p>Chrome: <a href=\"https:\/\/support.google.com\/accounts\/answer\/32050\" target=\"_blank\">https:\/\/support.google.com\/accounts\/answer\/32050<\/a><\/p><p>Safari: <a href=\"https:\/\/support.apple.com\/en-in\/guide\/safari\/sfri11471\/mac\" target=\"_blank\">https:\/\/support.apple.com\/en-in\/guide\/safari\/sfri11471\/mac<\/a><\/p><p>Firefox: <a href=\"https:\/\/support.mozilla.org\/en-US\/kb\/clear-cookies-and-site-data-firefox?redirectslug=delete-cookies-remove-info-websites-stored&amp;redirectlocale=en-US\" target=\"_blank\">https:\/\/support.mozilla.org\/en-US\/kb\/clear-cookies-and-site-data-firefox?redirectslug=delete-cookies-remove-info-websites-stored&amp;redirectlocale=en-US<\/a><\/p><p>Internet Explorer: <a href=\"https:\/\/support.microsoft.com\/en-us\/topic\/how-to-delete-cookie-files-in-internet-explorer-bca9446f-d873-78de-77ba-d42645fa52fc\" target=\"_blank\">https:\/\/support.microsoft.com\/en-us\/topic\/how-to-delete-cookie-files-in-internet-explorer-bca9446f-d873-78de-77ba-d42645fa52fc<\/a><\/p><p>\u010ce uporabljate kateri koli drug spletni brskalnik, obi\u0161\u010dite uradne dokumente za podporo brskalnika.<\/p><br><br><br><br><\/p>","protected":false},"excerpt":{"rendered":"<p>Privacy Policy Last Updated:&nbsp;January 1, 2025 Effective Date:&nbsp;January 1, 2025 IP Automation Inc. (\u201cwe,\u201d \u201cour,\u201d or \u201cus\u201d) is committed to<span class=\"excerpt-hellip\"> [\u2026]<\/span><\/p>\n","protected":false},"author":3,"featured_media":0,"parent":0,"menu_order":0,"comment_status":"closed","ping_status":"closed","template":"","meta":{"footnotes":""},"class_list":["post-37840","page","type-page","status-publish","hentry"],"yoast_head":"<!-- This site is optimized with the Yoast SEO plugin v27.3 - https:\/\/yoast.com\/product\/yoast-seo-wordpress\/ -->\n<title>Cookie Policy | IP Automation Inc<\/title>\n<meta name=\"robots\" content=\"index, follow, max-snippet:-1, max-image-preview:large, max-video-preview:-1\" \/>\n<link rel=\"canonical\" href=\"https:\/\/ipautomationinc.com\/sl\/politika-piskotkov\/\" \/>\n<meta property=\"og:locale\" content=\"sl_SI\" \/>\n<meta property=\"og:type\" content=\"article\" \/>\n<meta property=\"og:title\" content=\"Cookie Policy | IP Automation Inc\" \/>\n<meta property=\"og:description\" content=\"Privacy Policy Last Updated:&nbsp;January 1, 2025 Effective Date:&nbsp;January 1, 2025 IP Automation Inc. (\u201cwe,\u201d \u201cour,\u201d or \u201cus\u201d) is committed to [\u2026]\" \/>\n<meta property=\"og:url\" content=\"https:\/\/ipautomationinc.com\/sl\/politika-piskotkov\/\" \/>\n<meta property=\"og:site_name\" content=\"IP Automation Inc\" \/>\n<meta property=\"article:publisher\" content=\"https:\/\/www.facebook.com\/ipautomationinc\/\" \/>\n<meta property=\"article:modified_time\" content=\"2025-06-27T15:37:19+00:00\" \/>\n<script type=\"application\/ld+json\" class=\"yoast-schema-graph\">{\"@context\":\"https:\\\/\\\/schema.org\",\"@graph\":[{\"@type\":\"WebPage\",\"@id\":\"https:\\\/\\\/ipautomationinc.com\\\/cookie-policy\\\/\",\"url\":\"https:\\\/\\\/ipautomationinc.com\\\/cookie-policy\\\/\",\"name\":\"Cookie Policy | IP Automation Inc\",\"isPartOf\":{\"@id\":\"https:\\\/\\\/ipautomationinc.com\\\/#website\"},\"datePublished\":\"2025-06-27T15:09:58+00:00\",\"dateModified\":\"2025-06-27T15:37:19+00:00\",\"inLanguage\":\"sl-SI\",\"potentialAction\":[{\"@type\":\"ReadAction\",\"target\":[\"https:\\\/\\\/ipautomationinc.com\\\/cookie-policy\\\/\"]}]},{\"@type\":\"WebSite\",\"@id\":\"https:\\\/\\\/ipautomationinc.com\\\/#website\",\"url\":\"https:\\\/\\\/ipautomationinc.com\\\/\",\"name\":\"IP Automation Inc\",\"description\":\"Concept... Creation... Reality...\",\"publisher\":{\"@id\":\"https:\\\/\\\/ipautomationinc.com\\\/#organization\"},\"potentialAction\":[{\"@type\":\"SearchAction\",\"target\":{\"@type\":\"EntryPoint\",\"urlTemplate\":\"https:\\\/\\\/ipautomationinc.com\\\/?s={search_term_string}\"},\"query-input\":{\"@type\":\"PropertyValueSpecification\",\"valueRequired\":true,\"valueName\":\"search_term_string\"}}],\"inLanguage\":\"sl-SI\"},{\"@type\":\"Organization\",\"@id\":\"https:\\\/\\\/ipautomationinc.com\\\/#organization\",\"name\":\"IP Automation Inc\",\"url\":\"https:\\\/\\\/ipautomationinc.com\\\/\",\"logo\":{\"@type\":\"ImageObject\",\"inLanguage\":\"sl-SI\",\"@id\":\"https:\\\/\\\/ipautomationinc.com\\\/#\\\/schema\\\/logo\\\/image\\\/\",\"url\":\"https:\\\/\\\/ipautomationinc.com\\\/wp-content\\\/uploads\\\/2022\\\/05\\\/IPA-Favicon.png\",\"contentUrl\":\"https:\\\/\\\/ipautomationinc.com\\\/wp-content\\\/uploads\\\/2022\\\/05\\\/IPA-Favicon.png\",\"width\":513,\"height\":513,\"caption\":\"IP Automation Inc\"},\"image\":{\"@id\":\"https:\\\/\\\/ipautomationinc.com\\\/#\\\/schema\\\/logo\\\/image\\\/\"},\"sameAs\":[\"https:\\\/\\\/www.facebook.com\\\/ipautomationinc\\\/\",\"https:\\\/\\\/www.linkedin.com\\\/company\\\/ip-automation-inc\\\/\",\"https:\\\/\\\/www.youtube.com\\\/@IPAutomation\"]}]}<\/script>\n<!-- \/ Yoast SEO plugin. -->","yoast_head_json":{"title":"Pravilnik o pi\u0161kotkih | IP Automation Inc","robots":{"index":"index","follow":"follow","max-snippet":"max-snippet:-1","max-image-preview":"max-image-preview:large","max-video-preview":"max-video-preview:-1"},"canonical":"https:\/\/ipautomationinc.com\/sl\/politika-piskotkov\/","og_locale":"sl_SI","og_type":"article","og_title":"Cookie Policy | IP Automation Inc","og_description":"Privacy Policy Last Updated:&nbsp;January 1, 2025 Effective Date:&nbsp;January 1, 2025 IP Automation Inc. (\u201cwe,\u201d \u201cour,\u201d or \u201cus\u201d) is committed to [\u2026]","og_url":"https:\/\/ipautomationinc.com\/sl\/politika-piskotkov\/","og_site_name":"IP Automation Inc","article_publisher":"https:\/\/www.facebook.com\/ipautomationinc\/","article_modified_time":"2025-06-27T15:37:19+00:00","schema":{"@context":"https:\/\/schema.org","@graph":[{"@type":"WebPage","@id":"https:\/\/ipautomationinc.com\/cookie-policy\/","url":"https:\/\/ipautomationinc.com\/cookie-policy\/","name":"Pravilnik o pi\u0161kotkih | IP Automation Inc","isPartOf":{"@id":"https:\/\/ipautomationinc.com\/#website"},"datePublished":"2025-06-27T15:09:58+00:00","dateModified":"2025-06-27T15:37:19+00:00","inLanguage":"sl-SI","potentialAction":[{"@type":"ReadAction","target":["https:\/\/ipautomationinc.com\/cookie-policy\/"]}]},{"@type":"WebSite","@id":"https:\/\/ipautomationinc.com\/#website","url":"https:\/\/ipautomationinc.com\/","name":"IP Automation Inc","description":"Koncept... Kreacija... Realnost...","publisher":{"@id":"https:\/\/ipautomationinc.com\/#organization"},"potentialAction":[{"@type":"SearchAction","target":{"@type":"EntryPoint","urlTemplate":"https:\/\/ipautomationinc.com\/?s={search_term_string}"},"query-input":{"@type":"PropertyValueSpecification","valueRequired":true,"valueName":"search_term_string"}}],"inLanguage":"sl-SI"},{"@type":"Organization","@id":"https:\/\/ipautomationinc.com\/#organization","name":"IP Automation Inc","url":"https:\/\/ipautomationinc.com\/","logo":{"@type":"ImageObject","inLanguage":"sl-SI","@id":"https:\/\/ipautomationinc.com\/#\/schema\/logo\/image\/","url":"https:\/\/ipautomationinc.com\/wp-content\/uploads\/2022\/05\/IPA-Favicon.png","contentUrl":"https:\/\/ipautomationinc.com\/wp-content\/uploads\/2022\/05\/IPA-Favicon.png","width":513,"height":513,"caption":"IP Automation Inc"},"image":{"@id":"https:\/\/ipautomationinc.com\/#\/schema\/logo\/image\/"},"sameAs":["https:\/\/www.facebook.com\/ipautomationinc\/","https:\/\/www.linkedin.com\/company\/ip-automation-inc\/","https:\/\/www.youtube.com\/@IPAutomation"]}]}},"_links":{"self":[{"href":"https:\/\/ipautomationinc.com\/sl\/wp-json\/wp\/v2\/pages\/37840","targetHints":{"allow":["GET"]}}],"collection":[{"href":"https:\/\/ipautomationinc.com\/sl\/wp-json\/wp\/v2\/pages"}],"about":[{"href":"https:\/\/ipautomationinc.com\/sl\/wp-json\/wp\/v2\/types\/page"}],"author":[{"embeddable":true,"href":"https:\/\/ipautomationinc.com\/sl\/wp-json\/wp\/v2\/users\/3"}],"replies":[{"embeddable":true,"href":"https:\/\/ipautomationinc.com\/sl\/wp-json\/wp\/v2\/comments?post=37840"}],"version-history":[{"count":3,"href":"https:\/\/ipautomationinc.com\/sl\/wp-json\/wp\/v2\/pages\/37840\/revisions"}],"predecessor-version":[{"id":37851,"href":"https:\/\/ipautomationinc.com\/sl\/wp-json\/wp\/v2\/pages\/37840\/revisions\/37851"}],"wp:attachment":[{"href":"https:\/\/ipautomationinc.com\/sl\/wp-json\/wp\/v2\/media?parent=37840"}],"curies":[{"name":"delovni list","href":"https:\/\/api.w.org\/{rel}","templated":true}]}}