{"id":36690,"date":"2024-07-25T15:28:26","date_gmt":"2024-07-25T20:28:26","guid":{"rendered":"https:\/\/ipautomationinc.com\/?page_id=36690"},"modified":"2026-04-01T11:36:31","modified_gmt":"2026-04-01T16:36:31","slug":"dvoglavi-cnc-upogibalci-zice","status":"publish","type":"page","link":"https:\/\/ipautomationinc.com\/sl\/double-head-cnc-wire-benders\/","title":{"rendered":"Dvoglavi CNC upogibniki \u017eice"},"content":{"rendered":"<h6 class=\"wp-block-heading\"><strong>Razi\u0161\u010dite na\u0161o ponudbo CNC upogibnikov \u017eice z dvema glavama. CNC upogibnik \u017eice z dvema glavama serije ID, premer \u017eice 2\u201310 mm. Ve\u010dstopenjski CNC upogibnik \u017eice z dvema glavama serije ID-MS, premer \u017eice 1,5\u20136 mm. Enostopenjski CNC upogibnik \u017eice z dvema glavama ID-SS, premer \u017eice 1,5\u20136 mm.<\/strong><\/h6>\n\n\n\n<p>Dvoglavi CNC upogibniki \u017eice<br>h1<br>center center<br>center<br>skriti<br><br>\u0161iroka<br><br><img decoding=\"async\" src=\"https:\/\/ipautomationinc.com\/wp-content\/uploads\/2024\/05\/NEW-i8-D-RGB.png#36635\" alt=\"NOVO i8-D RGB\"><br>poln<br><a href=\"https:\/\/ipautomationinc.com\/sl\/serija-i-d\/\">https:\/\/ipautomationinc.com\/i-d-series\/<\/a><br>onemogo\u010diti<br>CNC upogibalka \u017eice z dvojno glavo<br>vsebujejo<br>center center<br>center<br>skriti<br><br>serija i-D<br>h2<br>center center<br>center<br>skriti<br><br>Nau\u010di se ve\u010d<br><a href=\"https:\/\/ipautomationinc.com\/sl\/serija-i-d\/\">https:\/\/ipautomationinc.com\/i-d-series\/<\/a><br>levo<br>2<br>gumb_tema<br>center<br>skriti<br><br>Dvoglavi CNC upogibniki \u017eice<br>h3<br>center center<br>center<br>skriti<br><br><h5>3D CNC stroj za oblikovanje \u017eice z dvojno glavo serije i-D je idealna in priljubljena izbira za aplikacije, ki zahtevajo natan\u010dne velike \u017ei\u010dne okvirje.<\/h5><br><br><br><br>2-10 mm* Premer \u017eice<br><br>Popoln za \u017eico za obrobe avtomobilskih sede\u017eev, okvirje sede\u017eev, obrobe polic, stojala za pe\u010dice<br><br><br>center<br>skriti<br><br><img decoding=\"async\" src=\"https:\/\/ipautomationinc.com\/wp-content\/uploads\/2024\/07\/i4-d-ms-web.png#36681\" alt=\"i4-d-ms splet\"><br>poln<br><a href=\"https:\/\/ipautomationinc.com\/sl\/serija-i-d-ms\/\">https:\/\/ipautomationinc.com\/i-d-ms-series\/<\/a><br>onemogo\u010diti<br>CNC upogibalka \u017eice z dvojno glavo<br>vsebujejo<br>center center<br>76.5%<br>center<br>skriti<br><br>Serija i-D-MS<br>h2<br>center center<br>center<br>skriti<br><br>Nau\u010di se ve\u010d<br><a href=\"https:\/\/ipautomationinc.com\/sl\/serija-i-d-ms\/\">https:\/\/ipautomationinc.com\/i-d-ms-series\/<\/a><br>levo<br>2<br>gumb_tema<br>center<br>skriti<br><br>Ve\u010dstopenjski CNC upogibniki \u017eice z dvojno glavo<br>h3<br>center center<br>center<br>skriti<br><br><h5>Ve\u010dstopenjski CNC upogibnik \u017eice serije i-D-MS je zasnovan za specializirane oblike \u017eice z visoko natan\u010dnostjo, ki zahtevajo lo\u010dene operacije upogibanja.<\/h5><br><br><br><br>1,5-6 mm* Premer \u017eice<br><br>Popoln za natan\u010dno navajanje in sede\u017ene \u017eice, dele z nizko toleranco za postopke prelivanja<br><br><br>Naslov + desc<br>center<br>brez ponavljanja;levo zgoraj;;<br>avto<br>20 slikovnih pik<br>0 10%<br><br><img decoding=\"async\" src=\"https:\/\/ipautomationinc.com\/wp-content\/uploads\/2024\/07\/i4-D-SS-RGB.png#36680\" alt=\"i4-D-SS RGB\"><br>poln<br><a href=\"https:\/\/ipautomationinc.com\/sl\/serija-i-d-ss\/\">https:\/\/ipautomationinc.com\/i-d-ss-series\/<\/a><br>onemogo\u010diti<br>CNC upogibalka \u017eice z dvojno glavo<br>vsebujejo<br>center center<br>80%<br>center<br>skriti<br><br>Serija i-D-SS<br>h2<br>center center<br>center<br>skriti<br><br>Nau\u010di se ve\u010d<br><a href=\"https:\/\/ipautomationinc.com\/sl\/serija-i-d-ss\/\">https:\/\/ipautomationinc.com\/i-d-ss-series\/<\/a><br>levo<br>2<br>gumb_tema<br>center<br>skriti<br><br>Enostopenjski CNC upogibniki \u017eice z dvojno glavo za obrezovanje\/razvr\u0161\u010danje \u017eic<br>h3<br>center center<br>center<br>skriti<br><br><h5>Serija iD-SS je idealna za 3D krivljenje velikih koli\u010din na preprostih \u017eicah. Z njo lahko ustvarite \u0161tevilne obi\u010dajne oblike, ki jih zmore iD-MS, vendar z bistveno ni\u017ejimi stro\u0161ki.<\/h5><br><br><br><br>1,5-6 mm* Premer \u017eice<br><br>Popoln za natan\u010dno navajanje in sede\u017ene \u017eice, dele z nizko toleranco za postopke prelivanja<br><br><br>Naslov + desc<br>center<br>brez ponavljanja;levo zgoraj;;<br>avto<br>20 slikovnih pik<br>0 10%<br><br><\/p>","protected":false},"excerpt":{"rendered":"<p>Explore our range of double head CNC wire benders. I-D series double head CNC wire bender, 2-10mm wire diameter. I-D-MS<span class=\"excerpt-hellip\"> [\u2026]<\/span><\/p>\n","protected":false},"author":3,"featured_media":0,"parent":0,"menu_order":0,"comment_status":"closed","ping_status":"closed","template":"","meta":{"footnotes":""},"class_list":["post-36690","page","type-page","status-publish","hentry"],"yoast_head":"<!-- This site is optimized with the Yoast SEO plugin v27.3 - https:\/\/yoast.com\/product\/yoast-seo-wordpress\/ -->\n<title>Double Head CNC Wire Benders | IP Automation Inc<\/title>\n<meta name=\"description\" content=\"Explore our selection of Double Head CNC Wire Benders to find the perfect one for you. Quality made in the USA machinery.\" \/>\n<meta name=\"robots\" content=\"index, follow, max-snippet:-1, max-image-preview:large, max-video-preview:-1\" \/>\n<link rel=\"canonical\" href=\"https:\/\/ipautomationinc.com\/sl\/dvoglavi-cnc-upogibalci-zice\/\" \/>\n<meta property=\"og:locale\" content=\"sl_SI\" \/>\n<meta property=\"og:type\" content=\"article\" \/>\n<meta property=\"og:title\" content=\"Double Head CNC Wire Benders | IP Automation Inc\" \/>\n<meta property=\"og:description\" content=\"Explore our selection of Double Head CNC Wire Benders to find the perfect one for you. Quality made in the USA machinery.\" \/>\n<meta property=\"og:url\" content=\"https:\/\/ipautomationinc.com\/sl\/dvoglavi-cnc-upogibalci-zice\/\" \/>\n<meta property=\"og:site_name\" content=\"IP Automation Inc\" \/>\n<meta property=\"article:publisher\" content=\"https:\/\/www.facebook.com\/ipautomationinc\/\" \/>\n<meta property=\"article:modified_time\" content=\"2026-04-01T16:36:31+00:00\" \/>\n<meta property=\"og:image\" content=\"https:\/\/ipautomationinc.com\/wp-content\/uploads\/2024\/05\/NEW-i8-D-RGB.png#36635\" \/>\n<script type=\"application\/ld+json\" class=\"yoast-schema-graph\">{\"@context\":\"https:\\\/\\\/schema.org\",\"@graph\":[{\"@type\":\"WebPage\",\"@id\":\"https:\\\/\\\/ipautomationinc.com\\\/double-head-cnc-wire-benders\\\/\",\"url\":\"https:\\\/\\\/ipautomationinc.com\\\/double-head-cnc-wire-benders\\\/\",\"name\":\"Double Head CNC Wire Benders | IP Automation Inc\",\"isPartOf\":{\"@id\":\"https:\\\/\\\/ipautomationinc.com\\\/#website\"},\"primaryImageOfPage\":{\"@id\":\"https:\\\/\\\/ipautomationinc.com\\\/double-head-cnc-wire-benders\\\/#primaryimage\"},\"image\":{\"@id\":\"https:\\\/\\\/ipautomationinc.com\\\/double-head-cnc-wire-benders\\\/#primaryimage\"},\"thumbnailUrl\":\"https:\\\/\\\/ipautomationinc.com\\\/wp-content\\\/uploads\\\/2024\\\/05\\\/NEW-i8-D-RGB.png#36635\",\"datePublished\":\"2024-07-25T20:28:26+00:00\",\"dateModified\":\"2026-04-01T16:36:31+00:00\",\"description\":\"Explore our selection of Double Head CNC Wire Benders to find the perfect one for you. Quality made in the USA machinery.\",\"inLanguage\":\"sl-SI\",\"potentialAction\":[{\"@type\":\"ReadAction\",\"target\":[\"https:\\\/\\\/ipautomationinc.com\\\/double-head-cnc-wire-benders\\\/\"]}]},{\"@type\":\"ImageObject\",\"inLanguage\":\"sl-SI\",\"@id\":\"https:\\\/\\\/ipautomationinc.com\\\/double-head-cnc-wire-benders\\\/#primaryimage\",\"url\":\"https:\\\/\\\/ipautomationinc.com\\\/wp-content\\\/uploads\\\/2024\\\/05\\\/NEW-i8-D-RGB.png#36635\",\"contentUrl\":\"https:\\\/\\\/ipautomationinc.com\\\/wp-content\\\/uploads\\\/2024\\\/05\\\/NEW-i8-D-RGB.png#36635\"},{\"@type\":\"WebSite\",\"@id\":\"https:\\\/\\\/ipautomationinc.com\\\/#website\",\"url\":\"https:\\\/\\\/ipautomationinc.com\\\/\",\"name\":\"IP Automation Inc\",\"description\":\"Concept... Creation... Reality...\",\"publisher\":{\"@id\":\"https:\\\/\\\/ipautomationinc.com\\\/#organization\"},\"potentialAction\":[{\"@type\":\"SearchAction\",\"target\":{\"@type\":\"EntryPoint\",\"urlTemplate\":\"https:\\\/\\\/ipautomationinc.com\\\/?s={search_term_string}\"},\"query-input\":{\"@type\":\"PropertyValueSpecification\",\"valueRequired\":true,\"valueName\":\"search_term_string\"}}],\"inLanguage\":\"sl-SI\"},{\"@type\":\"Organization\",\"@id\":\"https:\\\/\\\/ipautomationinc.com\\\/#organization\",\"name\":\"IP Automation Inc\",\"url\":\"https:\\\/\\\/ipautomationinc.com\\\/\",\"logo\":{\"@type\":\"ImageObject\",\"inLanguage\":\"sl-SI\",\"@id\":\"https:\\\/\\\/ipautomationinc.com\\\/#\\\/schema\\\/logo\\\/image\\\/\",\"url\":\"https:\\\/\\\/ipautomationinc.com\\\/wp-content\\\/uploads\\\/2022\\\/05\\\/IPA-Favicon.png\",\"contentUrl\":\"https:\\\/\\\/ipautomationinc.com\\\/wp-content\\\/uploads\\\/2022\\\/05\\\/IPA-Favicon.png\",\"width\":513,\"height\":513,\"caption\":\"IP Automation Inc\"},\"image\":{\"@id\":\"https:\\\/\\\/ipautomationinc.com\\\/#\\\/schema\\\/logo\\\/image\\\/\"},\"sameAs\":[\"https:\\\/\\\/www.facebook.com\\\/ipautomationinc\\\/\",\"https:\\\/\\\/www.linkedin.com\\\/company\\\/ip-automation-inc\\\/\",\"https:\\\/\\\/www.youtube.com\\\/@IPAutomation\"]}]}<\/script>\n<!-- \/ Yoast SEO plugin. -->","yoast_head_json":{"title":"Dvoglavi CNC upogibniki \u017eice | IP Automation Inc","description":"Razi\u0161\u010dite na\u0161 izbor dvoglavih CNC upogibalcev \u017eice in poi\u0161\u010dite popolnega zase. Kakovostni stroji izdelani v ZDA.","robots":{"index":"index","follow":"follow","max-snippet":"max-snippet:-1","max-image-preview":"max-image-preview:large","max-video-preview":"max-video-preview:-1"},"canonical":"https:\/\/ipautomationinc.com\/sl\/dvoglavi-cnc-upogibalci-zice\/","og_locale":"sl_SI","og_type":"article","og_title":"Double Head CNC Wire Benders | IP Automation Inc","og_description":"Explore our selection of Double Head CNC Wire Benders to find the perfect one for you. Quality made in the USA machinery.","og_url":"https:\/\/ipautomationinc.com\/sl\/dvoglavi-cnc-upogibalci-zice\/","og_site_name":"IP Automation Inc","article_publisher":"https:\/\/www.facebook.com\/ipautomationinc\/","article_modified_time":"2026-04-01T16:36:31+00:00","og_image":[{"url":"https:\/\/ipautomationinc.com\/wp-content\/uploads\/2024\/05\/NEW-i8-D-RGB.png#36635","type":"","width":"","height":""}],"schema":{"@context":"https:\/\/schema.org","@graph":[{"@type":"WebPage","@id":"https:\/\/ipautomationinc.com\/double-head-cnc-wire-benders\/","url":"https:\/\/ipautomationinc.com\/double-head-cnc-wire-benders\/","name":"Dvoglavi CNC upogibniki \u017eice | IP Automation Inc","isPartOf":{"@id":"https:\/\/ipautomationinc.com\/#website"},"primaryImageOfPage":{"@id":"https:\/\/ipautomationinc.com\/double-head-cnc-wire-benders\/#primaryimage"},"image":{"@id":"https:\/\/ipautomationinc.com\/double-head-cnc-wire-benders\/#primaryimage"},"thumbnailUrl":"https:\/\/ipautomationinc.com\/wp-content\/uploads\/2024\/05\/NEW-i8-D-RGB.png#36635","datePublished":"2024-07-25T20:28:26+00:00","dateModified":"2026-04-01T16:36:31+00:00","description":"Razi\u0161\u010dite na\u0161 izbor dvoglavih CNC upogibalcev \u017eice in poi\u0161\u010dite popolnega zase. Kakovostni stroji izdelani v ZDA.","inLanguage":"sl-SI","potentialAction":[{"@type":"ReadAction","target":["https:\/\/ipautomationinc.com\/double-head-cnc-wire-benders\/"]}]},{"@type":"ImageObject","inLanguage":"sl-SI","@id":"https:\/\/ipautomationinc.com\/double-head-cnc-wire-benders\/#primaryimage","url":"https:\/\/ipautomationinc.com\/wp-content\/uploads\/2024\/05\/NEW-i8-D-RGB.png#36635","contentUrl":"https:\/\/ipautomationinc.com\/wp-content\/uploads\/2024\/05\/NEW-i8-D-RGB.png#36635"},{"@type":"WebSite","@id":"https:\/\/ipautomationinc.com\/#website","url":"https:\/\/ipautomationinc.com\/","name":"IP Automation Inc","description":"Koncept... Kreacija... Realnost...","publisher":{"@id":"https:\/\/ipautomationinc.com\/#organization"},"potentialAction":[{"@type":"SearchAction","target":{"@type":"EntryPoint","urlTemplate":"https:\/\/ipautomationinc.com\/?s={search_term_string}"},"query-input":{"@type":"PropertyValueSpecification","valueRequired":true,"valueName":"search_term_string"}}],"inLanguage":"sl-SI"},{"@type":"Organization","@id":"https:\/\/ipautomationinc.com\/#organization","name":"IP Automation Inc","url":"https:\/\/ipautomationinc.com\/","logo":{"@type":"ImageObject","inLanguage":"sl-SI","@id":"https:\/\/ipautomationinc.com\/#\/schema\/logo\/image\/","url":"https:\/\/ipautomationinc.com\/wp-content\/uploads\/2022\/05\/IPA-Favicon.png","contentUrl":"https:\/\/ipautomationinc.com\/wp-content\/uploads\/2022\/05\/IPA-Favicon.png","width":513,"height":513,"caption":"IP Automation Inc"},"image":{"@id":"https:\/\/ipautomationinc.com\/#\/schema\/logo\/image\/"},"sameAs":["https:\/\/www.facebook.com\/ipautomationinc\/","https:\/\/www.linkedin.com\/company\/ip-automation-inc\/","https:\/\/www.youtube.com\/@IPAutomation"]}]}},"_links":{"self":[{"href":"https:\/\/ipautomationinc.com\/sl\/wp-json\/wp\/v2\/pages\/36690","targetHints":{"allow":["GET"]}}],"collection":[{"href":"https:\/\/ipautomationinc.com\/sl\/wp-json\/wp\/v2\/pages"}],"about":[{"href":"https:\/\/ipautomationinc.com\/sl\/wp-json\/wp\/v2\/types\/page"}],"author":[{"embeddable":true,"href":"https:\/\/ipautomationinc.com\/sl\/wp-json\/wp\/v2\/users\/3"}],"replies":[{"embeddable":true,"href":"https:\/\/ipautomationinc.com\/sl\/wp-json\/wp\/v2\/comments?post=36690"}],"version-history":[{"count":4,"href":"https:\/\/ipautomationinc.com\/sl\/wp-json\/wp\/v2\/pages\/36690\/revisions"}],"predecessor-version":[{"id":36708,"href":"https:\/\/ipautomationinc.com\/sl\/wp-json\/wp\/v2\/pages\/36690\/revisions\/36708"}],"wp:attachment":[{"href":"https:\/\/ipautomationinc.com\/sl\/wp-json\/wp\/v2\/media?parent=36690"}],"curies":[{"name":"delovni list","href":"https:\/\/api.w.org\/{rel}","templated":true}]}}