{"id":36673,"date":"2024-07-25T16:36:10","date_gmt":"2024-07-25T21:36:10","guid":{"rendered":"https:\/\/ipautomationinc.com\/?page_id=36673"},"modified":"2024-08-14T19:59:44","modified_gmt":"2024-08-14T19:59:44","slug":"v-linijskem-posnetju","status":"publish","type":"page","link":"https:\/\/ipautomationinc.com\/sl\/accessories\/in-line-chamfer\/","title":{"rendered":"In-Line posnemanje"},"content":{"rendered":"<p><strong>The in-line chamfer accessory is indispensable for wire form manufactures seeking efficient part chamfering without added labor costs. It&#8217;s equally crucial in tubing applications where it can pre-cut parts to controlled depths for easier detachment at the bender cutter.<\/strong><\/p>\n\n\n\n<p>&gt; nazaj k dodatkom<br>h2<br><a href=\"https:\/\/ipautomationinc.com\/sl\/dodatki\/\">https:\/\/ipautomationinc.com\/accessories\/<\/a><br>center center<br>levo<br>#949494<br>skriti<br><br>In-Line posnemanje<br>h1<br>center center<br>levo<br>skriti<br><br><img decoding=\"async\" src=\"https:\/\/ipautomationinc.com\/wp-content\/uploads\/2024\/01\/internal-chamfer.png#35611\" alt=\"internal chamfer\"><br>poln<br>vsebujejo<br>center center<br>skriti<br><br><h4>The in-line chamfer accessory is indispensable for wire form manufactures seeking efficient part chamfering without added labor costs. It\\&#8217;s equally crucial in tubing applications where it can pre-cut parts to controlled depths for easier detachment at the bender cutter.<\/h4><br><br><h4>Zasnova servo motorja zagotavlja doslednost in nadzor hitrosti napredovanja rezalnika, globine reza in nadzora vrtljajev. Skupaj z na\u0161im natan\u010dnim 4-kolesnim pogonom in podajalnim mehanizmom z vsemi prestavami natan\u010dno poravna mesto z utori s stri\u017enim rezilom na upogibni roki. Poleg tega enota vklju\u010duje vakuumsko odstranjevanje ostru\u017ekov v zunanjo zbirno posodo, s \u010dimer ohranja \u010dist delovni prostor.<\/h4><br>#000000<br>skriti<br><br>35613,35615,35616,36677<br>sli\u010dica<br>4<br>200 slikovnih pik<br>300 slikovnih pik<br>trdna<br>prekrivni_napis_img<br>skriti<br><br>10<br>skriti<br><br>Mediji<br>h3<br>center center<br>center<br>skriti<br><br>899881742<br>h=4a96747443<br>vsebujejo<br>center center<br><br>10<br>skriti<br><br>Lastnosti<br>h3<br>center center<br>center<br>skriti<br><br>Klju\u010dne funkcije<br><br><br>Servo nadzorovana globina reza in \u0161tevilo vrtljajev<br><br>Standardni karbidni vlo\u017eki<br><br>Vakuumsko odstranjevanje ostru\u017ekov<br><br><br>#EBEBEB<br>#222222<br>skriti<br><br>10<br>skriti<br><br>specifikacije<br>h3<br>center center<br>center<br>skriti<br><br><br>skriti<br><br>Ve\u010d specifikacij je na voljo na zahtevo.<br><br><\/p>\n\n\n\n<p><\/p>","protected":false},"excerpt":{"rendered":"<p>The in-line chamfer accessory is indispensable for wire form manufactures seeking efficient part chamfering without added labor costs. It&#8217;s equally<span class=\"excerpt-hellip\"> [\u2026]<\/span><\/p>\n","protected":false},"author":3,"featured_media":0,"parent":7745,"menu_order":0,"comment_status":"closed","ping_status":"closed","template":"","meta":{"footnotes":""},"class_list":["post-36673","page","type-page","status-publish","hentry"],"yoast_head":"<!-- This site is optimized with the Yoast SEO plugin v27.3 - https:\/\/yoast.com\/product\/yoast-seo-wordpress\/ -->\n<title>In-Line Chamfer | IP Automation Inc<\/title>\n<meta name=\"description\" content=\"Our in-line chamfer accessory is essential for wire form manufacturers who need to efficiently chamfer parts in-line without labor expense.\" \/>\n<meta name=\"robots\" content=\"index, follow, max-snippet:-1, max-image-preview:large, max-video-preview:-1\" \/>\n<link rel=\"canonical\" href=\"https:\/\/ipautomationinc.com\/sl\/dodatki\/v-linijskem-posnetju\/\" \/>\n<meta property=\"og:locale\" content=\"sl_SI\" \/>\n<meta property=\"og:type\" content=\"article\" \/>\n<meta property=\"og:title\" content=\"In-Line Chamfer | IP Automation Inc\" \/>\n<meta property=\"og:description\" content=\"Our in-line chamfer accessory is essential for wire form manufacturers who need to efficiently chamfer parts in-line without labor expense.\" \/>\n<meta property=\"og:url\" content=\"https:\/\/ipautomationinc.com\/sl\/dodatki\/v-linijskem-posnetju\/\" \/>\n<meta property=\"og:site_name\" content=\"IP Automation Inc\" \/>\n<meta property=\"article:publisher\" content=\"https:\/\/www.facebook.com\/ipautomationinc\/\" \/>\n<meta property=\"article:modified_time\" content=\"2024-08-14T19:59:44+00:00\" \/>\n<meta property=\"og:image\" content=\"https:\/\/ipautomationinc.com\/wp-content\/uploads\/2024\/01\/internal-chamfer.png#35611\" \/>\n<script type=\"application\/ld+json\" class=\"yoast-schema-graph\">{\"@context\":\"https:\\\/\\\/schema.org\",\"@graph\":[{\"@type\":\"WebPage\",\"@id\":\"https:\\\/\\\/ipautomationinc.com\\\/accessories\\\/in-line-chamfer\\\/\",\"url\":\"https:\\\/\\\/ipautomationinc.com\\\/accessories\\\/in-line-chamfer\\\/\",\"name\":\"In-Line Chamfer | IP Automation Inc\",\"isPartOf\":{\"@id\":\"https:\\\/\\\/ipautomationinc.com\\\/#website\"},\"primaryImageOfPage\":{\"@id\":\"https:\\\/\\\/ipautomationinc.com\\\/accessories\\\/in-line-chamfer\\\/#primaryimage\"},\"image\":{\"@id\":\"https:\\\/\\\/ipautomationinc.com\\\/accessories\\\/in-line-chamfer\\\/#primaryimage\"},\"thumbnailUrl\":\"https:\\\/\\\/ipautomationinc.com\\\/wp-content\\\/uploads\\\/2024\\\/01\\\/internal-chamfer.png#35611\",\"datePublished\":\"2024-07-25T21:36:10+00:00\",\"dateModified\":\"2024-08-14T19:59:44+00:00\",\"description\":\"Our in-line chamfer accessory is essential for wire form manufacturers who need to efficiently chamfer parts in-line without labor expense.\",\"breadcrumb\":{\"@id\":\"https:\\\/\\\/ipautomationinc.com\\\/accessories\\\/in-line-chamfer\\\/#breadcrumb\"},\"inLanguage\":\"sl-SI\",\"potentialAction\":[{\"@type\":\"ReadAction\",\"target\":[\"https:\\\/\\\/ipautomationinc.com\\\/accessories\\\/in-line-chamfer\\\/\"]}]},{\"@type\":\"ImageObject\",\"inLanguage\":\"sl-SI\",\"@id\":\"https:\\\/\\\/ipautomationinc.com\\\/accessories\\\/in-line-chamfer\\\/#primaryimage\",\"url\":\"https:\\\/\\\/ipautomationinc.com\\\/wp-content\\\/uploads\\\/2024\\\/01\\\/internal-chamfer.png#35611\",\"contentUrl\":\"https:\\\/\\\/ipautomationinc.com\\\/wp-content\\\/uploads\\\/2024\\\/01\\\/internal-chamfer.png#35611\"},{\"@type\":\"BreadcrumbList\",\"@id\":\"https:\\\/\\\/ipautomationinc.com\\\/accessories\\\/in-line-chamfer\\\/#breadcrumb\",\"itemListElement\":[{\"@type\":\"ListItem\",\"position\":1,\"name\":\"Accessories\",\"item\":\"https:\\\/\\\/ipautomationinc.com\\\/accessories\\\/\"},{\"@type\":\"ListItem\",\"position\":2,\"name\":\"In-Line Chamfer\"}]},{\"@type\":\"WebSite\",\"@id\":\"https:\\\/\\\/ipautomationinc.com\\\/#website\",\"url\":\"https:\\\/\\\/ipautomationinc.com\\\/\",\"name\":\"IP Automation Inc\",\"description\":\"Concept... Creation... Reality...\",\"publisher\":{\"@id\":\"https:\\\/\\\/ipautomationinc.com\\\/#organization\"},\"potentialAction\":[{\"@type\":\"SearchAction\",\"target\":{\"@type\":\"EntryPoint\",\"urlTemplate\":\"https:\\\/\\\/ipautomationinc.com\\\/?s={search_term_string}\"},\"query-input\":{\"@type\":\"PropertyValueSpecification\",\"valueRequired\":true,\"valueName\":\"search_term_string\"}}],\"inLanguage\":\"sl-SI\"},{\"@type\":\"Organization\",\"@id\":\"https:\\\/\\\/ipautomationinc.com\\\/#organization\",\"name\":\"IP Automation Inc\",\"url\":\"https:\\\/\\\/ipautomationinc.com\\\/\",\"logo\":{\"@type\":\"ImageObject\",\"inLanguage\":\"sl-SI\",\"@id\":\"https:\\\/\\\/ipautomationinc.com\\\/#\\\/schema\\\/logo\\\/image\\\/\",\"url\":\"https:\\\/\\\/ipautomationinc.com\\\/wp-content\\\/uploads\\\/2022\\\/05\\\/IPA-Favicon.png\",\"contentUrl\":\"https:\\\/\\\/ipautomationinc.com\\\/wp-content\\\/uploads\\\/2022\\\/05\\\/IPA-Favicon.png\",\"width\":513,\"height\":513,\"caption\":\"IP Automation Inc\"},\"image\":{\"@id\":\"https:\\\/\\\/ipautomationinc.com\\\/#\\\/schema\\\/logo\\\/image\\\/\"},\"sameAs\":[\"https:\\\/\\\/www.facebook.com\\\/ipautomationinc\\\/\",\"https:\\\/\\\/www.linkedin.com\\\/company\\\/ip-automation-inc\\\/\",\"https:\\\/\\\/www.youtube.com\\\/@IPAutomation\"]}]}<\/script>\n<!-- \/ Yoast SEO plugin. -->","yoast_head_json":{"title":"Posnemanje v liniji | IP Automation Inc","description":"Na\u0161 pripomo\u010dek za linijski posnetek je bistvenega pomena za proizvajalce \u017ei\u010dnih oblik, ki morajo u\u010dinkovito linijski posneti dele brez stro\u0161kov dela.","robots":{"index":"index","follow":"follow","max-snippet":"max-snippet:-1","max-image-preview":"max-image-preview:large","max-video-preview":"max-video-preview:-1"},"canonical":"https:\/\/ipautomationinc.com\/sl\/dodatki\/v-linijskem-posnetju\/","og_locale":"sl_SI","og_type":"article","og_title":"In-Line Chamfer | IP Automation Inc","og_description":"Our in-line chamfer accessory is essential for wire form manufacturers who need to efficiently chamfer parts in-line without labor expense.","og_url":"https:\/\/ipautomationinc.com\/sl\/dodatki\/v-linijskem-posnetju\/","og_site_name":"IP Automation Inc","article_publisher":"https:\/\/www.facebook.com\/ipautomationinc\/","article_modified_time":"2024-08-14T19:59:44+00:00","og_image":[{"url":"https:\/\/ipautomationinc.com\/wp-content\/uploads\/2024\/01\/internal-chamfer.png#35611","type":"","width":"","height":""}],"schema":{"@context":"https:\/\/schema.org","@graph":[{"@type":"WebPage","@id":"https:\/\/ipautomationinc.com\/accessories\/in-line-chamfer\/","url":"https:\/\/ipautomationinc.com\/accessories\/in-line-chamfer\/","name":"Posnemanje v liniji | IP Automation Inc","isPartOf":{"@id":"https:\/\/ipautomationinc.com\/#website"},"primaryImageOfPage":{"@id":"https:\/\/ipautomationinc.com\/accessories\/in-line-chamfer\/#primaryimage"},"image":{"@id":"https:\/\/ipautomationinc.com\/accessories\/in-line-chamfer\/#primaryimage"},"thumbnailUrl":"https:\/\/ipautomationinc.com\/wp-content\/uploads\/2024\/01\/internal-chamfer.png#35611","datePublished":"2024-07-25T21:36:10+00:00","dateModified":"2024-08-14T19:59:44+00:00","description":"Na\u0161 pripomo\u010dek za linijski posnetek je bistvenega pomena za proizvajalce \u017ei\u010dnih oblik, ki morajo u\u010dinkovito linijski posneti dele brez stro\u0161kov dela.","breadcrumb":{"@id":"https:\/\/ipautomationinc.com\/accessories\/in-line-chamfer\/#breadcrumb"},"inLanguage":"sl-SI","potentialAction":[{"@type":"ReadAction","target":["https:\/\/ipautomationinc.com\/accessories\/in-line-chamfer\/"]}]},{"@type":"ImageObject","inLanguage":"sl-SI","@id":"https:\/\/ipautomationinc.com\/accessories\/in-line-chamfer\/#primaryimage","url":"https:\/\/ipautomationinc.com\/wp-content\/uploads\/2024\/01\/internal-chamfer.png#35611","contentUrl":"https:\/\/ipautomationinc.com\/wp-content\/uploads\/2024\/01\/internal-chamfer.png#35611"},{"@type":"BreadcrumbList","@id":"https:\/\/ipautomationinc.com\/accessories\/in-line-chamfer\/#breadcrumb","itemListElement":[{"@type":"ListItem","position":1,"name":"Accessories","item":"https:\/\/ipautomationinc.com\/accessories\/"},{"@type":"ListItem","position":2,"name":"In-Line Chamfer"}]},{"@type":"WebSite","@id":"https:\/\/ipautomationinc.com\/#website","url":"https:\/\/ipautomationinc.com\/","name":"IP Automation Inc","description":"Koncept... Kreacija... Realnost...","publisher":{"@id":"https:\/\/ipautomationinc.com\/#organization"},"potentialAction":[{"@type":"SearchAction","target":{"@type":"EntryPoint","urlTemplate":"https:\/\/ipautomationinc.com\/?s={search_term_string}"},"query-input":{"@type":"PropertyValueSpecification","valueRequired":true,"valueName":"search_term_string"}}],"inLanguage":"sl-SI"},{"@type":"Organization","@id":"https:\/\/ipautomationinc.com\/#organization","name":"IP Automation Inc","url":"https:\/\/ipautomationinc.com\/","logo":{"@type":"ImageObject","inLanguage":"sl-SI","@id":"https:\/\/ipautomationinc.com\/#\/schema\/logo\/image\/","url":"https:\/\/ipautomationinc.com\/wp-content\/uploads\/2022\/05\/IPA-Favicon.png","contentUrl":"https:\/\/ipautomationinc.com\/wp-content\/uploads\/2022\/05\/IPA-Favicon.png","width":513,"height":513,"caption":"IP Automation Inc"},"image":{"@id":"https:\/\/ipautomationinc.com\/#\/schema\/logo\/image\/"},"sameAs":["https:\/\/www.facebook.com\/ipautomationinc\/","https:\/\/www.linkedin.com\/company\/ip-automation-inc\/","https:\/\/www.youtube.com\/@IPAutomation"]}]}},"_links":{"self":[{"href":"https:\/\/ipautomationinc.com\/sl\/wp-json\/wp\/v2\/pages\/36673","targetHints":{"allow":["GET"]}}],"collection":[{"href":"https:\/\/ipautomationinc.com\/sl\/wp-json\/wp\/v2\/pages"}],"about":[{"href":"https:\/\/ipautomationinc.com\/sl\/wp-json\/wp\/v2\/types\/page"}],"author":[{"embeddable":true,"href":"https:\/\/ipautomationinc.com\/sl\/wp-json\/wp\/v2\/users\/3"}],"replies":[{"embeddable":true,"href":"https:\/\/ipautomationinc.com\/sl\/wp-json\/wp\/v2\/comments?post=36673"}],"version-history":[{"count":2,"href":"https:\/\/ipautomationinc.com\/sl\/wp-json\/wp\/v2\/pages\/36673\/revisions"}],"predecessor-version":[{"id":36745,"href":"https:\/\/ipautomationinc.com\/sl\/wp-json\/wp\/v2\/pages\/36673\/revisions\/36745"}],"up":[{"embeddable":true,"href":"https:\/\/ipautomationinc.com\/sl\/wp-json\/wp\/v2\/pages\/7745"}],"wp:attachment":[{"href":"https:\/\/ipautomationinc.com\/sl\/wp-json\/wp\/v2\/media?parent=36673"}],"curies":[{"name":"delovni list","href":"https:\/\/api.w.org\/{rel}","templated":true}]}}