{"id":32686,"date":"2026-02-10T16:33:39","date_gmt":"2026-02-10T22:33:39","guid":{"rendered":"https:\/\/ipautomationinc.com\/?page_id=32686"},"modified":"2026-04-22T15:19:56","modified_gmt":"2026-04-22T20:19:56","slug":"kariere","status":"publish","type":"page","link":"https:\/\/ipautomationinc.com\/sl\/careers\/","title":{"rendered":"Kariere"},"content":{"rendered":"<p>IP Automation Inc je vodilno podjetje v panogi CNC strojev za upogibanje \u017eice. Na\u010drtujemo in izdelujemo precizno opremo, ki jo uporabljajo proizvajalci v razli\u010dnih panogah. Na\u0161e delo temelji na kakovosti, zanesljivosti in pozornosti do detajlov. I\u0161\u010demo posameznike, ki so ponosni na svoje delo in \u017eelijo prispevati k dobro vodenemu, rasto\u010dem podjetju. Spodaj boste na\u0161li na\u0161a trenutna odprta delovna mesta in povezave za prijavo.<\/p>\n\n\n\n<p><span class=\"builder2seo\"><\/span>Kariere<br><br><p><span>IP Automation Inc je vodilno podjetje v panogi CNC strojev za upogibanje \u017eice. Na\u010drtujemo in izdelujemo precizno opremo, ki jo uporabljajo proizvajalci v razli\u010dnih panogah. Na\u0161e delo temelji na kakovosti, zanesljivosti in pozornosti do detajlov. I\u0161\u010demo posameznike, ki so ponosni na svoje delo in \u017eelijo prispevati k dobro vodenemu in rasto\u010demu podjetju.<\/span><\/p><br><br><p><span>Spodaj boste na\u0161li na\u0161a trenutno odprta delovna mesta in povezave za prijavo.<\/span><\/p><br><br>In\u017eenirski tehnik<br><br><br><p>Odgovoren za razvoj in testiranje re\u0161itev za re\u0161evanje tehni\u010dnih problemov pri raziskavah in razvoju avtomatiziranih upogibnih strojev in robotskih monta\u017enih sistemov. Pomaga in\u017eenirjem, pregleduje izdelke, izvaja teste in preverja, ali oprema ustreza specifikacijam.<\/p><br><br>Glavne odgovornosti<br>Izku\u0161nje<br>Izobra\u017eevanje<br><br><br>Ustvarjanje re\u0161itev za kompleksne tehni\u010dne probleme v razli\u010dnih panogah<br><br>Pomagajte in\u017eenirjem in prodajni ekipi pri ustvarjanju, spreminjanju in predlaganju izdelkov in procesov<br><br>Pomagati strankam pri usposabljanju in tehni\u010dni podpori<br><br>Pomagajte pri oblikovanju, razvoju in proizvodnji izdelkov<br><br>Zgradite in namestite opremo<br><br>Programirajte in pomagajte nadzorovati gradnjo CNC strojev za oblikovanje \u017eic in robotske opreme<br><br>Med fazo na\u010drtovanja ali za preverjanje na\u010drtov lahko uporablja ra\u010dunalni\u0161ko podprto opremo za na\u010drtovanje in risanje<br><br>Testiranje in izdelava elektri\u010dne in elektronske opreme, kot so elektri\u010dne plo\u0161\u010de, ve\u010d\u017ei\u010dni kabelski sklopi in ra\u010dunalniki<br><br>Izdelava in testiranje elektronskih in ra\u010dunalni\u0161ko krmiljenih mehanskih sistemov<br><br>Razviti metode, ki se uporabljajo pri prepre\u010devanju, nadzoru ali sanaciji okoljskih nevarnosti<br><br>Programiranje robotskih sistemov<br><br>Do 30% hoda<br><br><br><br><br>Vsaj 2 leti izku\u0161enj z avtomatiziranimi mehanskima sistemoma ali avtomatiziranimi elektronskimi sistemi. Upo\u0161tevajo se tudi izku\u0161nje z avtomobilsko industrijo.<br><br>Izku\u0161nje s CNC obdelavo so prednost<br><br><br><br><br>Diploma iz strojni\u0161tva ali prakti\u010dne izku\u0161nje z gradnjo in odpravljanjem te\u017eav z avtomatiziranimi stroji<br><br><br>neurejeno<br>omogo\u010di<br>fas fa-plus<br>fas fa-minus<br>vrteti<br>12 slikovnih pik<br><br>Oglejte si celoten oglas in se prijavite<br><a href=\"https:\/\/www.indeed.com\/viewjob?jk=08578505451981bb&amp;from=shareddesktop_copy\">https:\/\/www.indeed.com\/viewjob?jk=08578505451981bb&amp;from=shareddesktop_copy<\/a><br>gumb_tema<br><br>CNC strojnik \/ programer 1. izmena<br><br><br><p>Postali boste del dejavne ekipe, ki skrbi za nemoteno proizvodnjo \u2013 delali boste na strojih, sodelovali s sodelavci in zagotavljali, da vsak kon\u010dni del izpolnjuje na\u0161a pri\u010dakovanja glede kakovosti.<\/p><br><br>Glavne odgovornosti<br>Izku\u0161nje<br>Izobra\u017eevanje<br><br><br>Programirajte in nastavite CNC stroje za visokozmogljive in nizkoserijske serije ter spremljajte kakovost med delovanjem<br><br>Surovine in komponente v CNC stroje nalagajte skrbno in s pozornostjo do podrobnosti<br><br>Po potrebi prilagodite dele, da ostanejo v skladu s specifikacijami in ohranite dosledno kakovost<br><br>Upravljanje ro\u010dnih strojev, kot so rezkalniki, stru\u017enice, povr\u0161inski brusilniki in tra\u010dne \u017eage za obdelavo preciznih delov<br><br>Sodelujte z in\u017eenirsko ekipo pri izbolj\u0161anju zasnove delov in optimizaciji izdelave<br><br>Preglejte in izmerite kon\u010dne dele, da zagotovite, da izpolnjujejo zahteve na\u010drtov<br><br>Izvajajte dnevne preglede in vzdr\u017eevanje strojev, da zagotovite nemoteno delovanje strojev<br><br>Upo\u0161tevajte vse varnostne postopke in pomagajte vzdr\u017eevati \u010disto, organizirano in varno delovno okolje<br><br><br><br><br>Dokazane izku\u0161nje kot CNC strojnik<br><br>Ve\u0161\u010di programiranja in nastavitve CNC strojev, orodij in preciznih merilnih instrumentov<br><br>Udobno branje in tolma\u010denje mehanskih risb in dokumentacije, vklju\u010dno z GD&amp;T<br><br>Mehanske sposobnosti in odli\u010dne matemati\u010dne sposobnosti<br><br>CAM programiranje: 5 let (za\u017eeleno)<br><br><br><br><br>Zahtevana je srednje\u0161olska diploma ali enakovredna izobrazba; tehni\u010dno spri\u010devalo ali diploma s sorodnega podro\u010dja je prednost<br><br><br>neurejeno<br>omogo\u010di<br>fas fa-plus<br>fas fa-minus<br>vrteti<br>12 slikovnih pik<br><br>Oglejte si celoten oglas in se prijavite<br><a href=\"https:\/\/www.indeed.com\/viewjob?jk=06e8e30a921ced7e&amp;from=shareddesktop_copy\">https:\/\/www.indeed.com\/viewjob?jk=06e8e30a921ced7e&amp;from=shareddesktop_copy<\/a><br>gumb_tema<br><br>In\u017eenirski tehnik<br><br><br><p>Odgovoren za razvoj in testiranje re\u0161itev za re\u0161evanje tehni\u010dnih problemov pri raziskavah in razvoju avtomatiziranih upogibnih strojev in robotskih monta\u017enih sistemov. Pomaga in\u017eenirjem, pregleduje izdelke, izvaja teste in preverja, ali oprema ustreza specifikacijam.<\/p><br><br>Glavne odgovornosti<br>Izku\u0161nje<br>Izobra\u017eevanje<br><br><br>Ustvarjanje re\u0161itev za kompleksne tehni\u010dne probleme v razli\u010dnih panogah<br><br>Pomagajte in\u017eenirjem in prodajni ekipi pri ustvarjanju, spreminjanju in predlaganju izdelkov in procesov<br><br>Pomagati strankam pri usposabljanju in tehni\u010dni podpori<br><br>Pomagajte pri oblikovanju, razvoju in proizvodnji izdelkov<br><br>Zgradite in namestite opremo<br><br>Programirajte in pomagajte nadzorovati gradnjo CNC strojev za oblikovanje \u017eic in robotske opreme<br><br>Med fazo na\u010drtovanja ali za preverjanje na\u010drtov lahko uporablja ra\u010dunalni\u0161ko podprto opremo za na\u010drtovanje in risanje<br><br>Testiranje in izdelava elektri\u010dne in elektronske opreme, kot so elektri\u010dne plo\u0161\u010de, ve\u010d\u017ei\u010dni kabelski sklopi in ra\u010dunalniki<br><br>Izdelava in testiranje elektronskih in ra\u010dunalni\u0161ko krmiljenih mehanskih sistemov<br><br>Razviti metode, ki se uporabljajo pri prepre\u010devanju, nadzoru ali sanaciji okoljskih nevarnosti<br><br>Do 10% hoda<br><br><br><br><br>Vsaj 2 leti izku\u0161enj z avtomatiziranimi mehanskima sistemoma ali avtomatiziranimi elektronskimi sistemi. Upo\u0161tevajo se tudi izku\u0161nje z avtomobilsko industrijo.<br><br>Izku\u0161nje s CNC obdelavo so prednost<br><br><br><br><br>Diploma iz strojni\u0161tva ali prakti\u010dne izku\u0161nje z gradnjo in odpravljanjem te\u017eav z avtomatiziranimi stroji: 2 leti<br><br><br>neurejeno<br>omogo\u010di<br>fas fa-plus<br>fas fa-minus<br>vrteti<br><br>Prijavite se tukaj<br><a href=\"https:\/\/www.linkedin.com\/jobs\/view\/3984475847\/\">https:\/\/www.linkedin.com\/jobs\/view\/3984475847\/<\/a><br>gumb_tema<br><br>CNC strojnik \/ programer 1. izmena<br><br><br><p>Postali boste del dejavne ekipe, ki skrbi za nemoteno proizvodnjo \u2013 delali boste na strojih, sodelovali s sodelavci in zagotavljali, da vsak kon\u010dni del izpolnjuje na\u0161a pri\u010dakovanja glede kakovosti.<\/p><br><br>Glavne odgovornosti<br>Izku\u0161nje<br>Izobra\u017eevanje<br><br><br>Ustvarjanje re\u0161itev za kompleksne tehni\u010dne probleme v razli\u010dnih panogah<br><br>Pomagajte in\u017eenirjem in prodajni ekipi pri ustvarjanju, spreminjanju in predlaganju izdelkov in procesov<br><br>Pomagati strankam pri usposabljanju in tehni\u010dni podpori<br><br>Pomagajte pri oblikovanju, razvoju in proizvodnji izdelkov<br><br>Zgradite in namestite opremo<br><br>Programirajte in pomagajte nadzorovati gradnjo CNC strojev za oblikovanje \u017eic in robotske opreme<br><br>Med fazo na\u010drtovanja ali za preverjanje na\u010drtov lahko uporablja ra\u010dunalni\u0161ko podprto opremo za na\u010drtovanje in risanje<br><br>Testiranje in izdelava elektri\u010dne in elektronske opreme, kot so elektri\u010dne plo\u0161\u010de, ve\u010d\u017ei\u010dni kabelski sklopi in ra\u010dunalniki<br><br>Izdelava in testiranje elektronskih in ra\u010dunalni\u0161ko krmiljenih mehanskih sistemov<br><br>Razviti metode, ki se uporabljajo pri prepre\u010devanju, nadzoru ali sanaciji okoljskih nevarnosti<br><br>Do 10% hoda<br><br><br><br><br>Vsaj 2 leti izku\u0161enj z avtomatiziranimi mehanskima sistemoma ali avtomatiziranimi elektronskimi sistemi. Upo\u0161tevajo se tudi izku\u0161nje z avtomobilsko industrijo.<br><br>Zahtevajo se izku\u0161nje s CNC obdelavo<br><br><br><br><br>Diploma iz strojni\u0161tva ali prakti\u010dne izku\u0161nje z gradnjo in odpravljanjem te\u017eav z avtomatiziranimi stroji<br><br><br>neurejeno<br>omogo\u010di<br>fas fa-plus<br>fas fa-minus<br>vrteti<br><br>Prijavite se tukaj<br><a href=\"https:\/\/www.linkedin.com\/jobs\/view\/3984475847\/\">https:\/\/www.linkedin.com\/jobs\/view\/3984475847\/<\/a><br>gumb_tema<br><br><\/p>","protected":false},"excerpt":{"rendered":"<p>IP Automation Inc is an industry leader in CNC wire bending machinery. We design and manufacture precision equipment used by<span class=\"excerpt-hellip\"> [\u2026]<\/span><\/p>\n","protected":false},"author":3,"featured_media":0,"parent":0,"menu_order":0,"comment_status":"closed","ping_status":"closed","template":"","meta":{"footnotes":""},"class_list":["post-32686","page","type-page","status-publish","hentry"],"yoast_head":"<!-- This site is optimized with the Yoast SEO plugin v27.4 - https:\/\/yoast.com\/product\/yoast-seo-wordpress\/ -->\n<title>Careers | IP Automation Inc<\/title>\n<meta name=\"description\" content=\"IP Automation Inc is looking for individuals who take pride in their work and want to contribute to a well-run, growing company. Explore open positions.\" \/>\n<meta name=\"robots\" content=\"index, follow, max-snippet:-1, max-image-preview:large, max-video-preview:-1\" \/>\n<link rel=\"canonical\" href=\"https:\/\/ipautomationinc.com\/sl\/kariere\/\" \/>\n<meta property=\"og:locale\" content=\"sl_SI\" \/>\n<meta property=\"og:type\" content=\"article\" \/>\n<meta property=\"og:title\" content=\"Careers | IP Automation Inc\" \/>\n<meta property=\"og:description\" content=\"IP Automation Inc is looking for individuals who take pride in their work and want to contribute to a well-run, growing company. Explore open positions.\" \/>\n<meta property=\"og:url\" content=\"https:\/\/ipautomationinc.com\/sl\/kariere\/\" \/>\n<meta property=\"og:site_name\" content=\"IP Automation Inc\" \/>\n<meta property=\"article:publisher\" content=\"https:\/\/www.facebook.com\/ipautomationinc\/\" \/>\n<meta property=\"article:modified_time\" content=\"2026-04-22T20:19:56+00:00\" \/>\n<script type=\"application\/ld+json\" class=\"yoast-schema-graph\">{\"@context\":\"https:\\\/\\\/schema.org\",\"@graph\":[{\"@type\":\"WebPage\",\"@id\":\"https:\\\/\\\/ipautomationinc.com\\\/careers\\\/\",\"url\":\"https:\\\/\\\/ipautomationinc.com\\\/careers\\\/\",\"name\":\"Careers | IP Automation Inc\",\"isPartOf\":{\"@id\":\"https:\\\/\\\/ipautomationinc.com\\\/#website\"},\"datePublished\":\"2026-02-10T22:33:39+00:00\",\"dateModified\":\"2026-04-22T20:19:56+00:00\",\"description\":\"IP Automation Inc is looking for individuals who take pride in their work and want to contribute to a well-run, growing company. Explore open positions.\",\"inLanguage\":\"sl-SI\",\"potentialAction\":[{\"@type\":\"ReadAction\",\"target\":[\"https:\\\/\\\/ipautomationinc.com\\\/careers\\\/\"]}]},{\"@type\":\"WebSite\",\"@id\":\"https:\\\/\\\/ipautomationinc.com\\\/#website\",\"url\":\"https:\\\/\\\/ipautomationinc.com\\\/\",\"name\":\"IP Automation Inc\",\"description\":\"Concept... Creation... Reality...\",\"publisher\":{\"@id\":\"https:\\\/\\\/ipautomationinc.com\\\/#organization\"},\"potentialAction\":[{\"@type\":\"SearchAction\",\"target\":{\"@type\":\"EntryPoint\",\"urlTemplate\":\"https:\\\/\\\/ipautomationinc.com\\\/?s={search_term_string}\"},\"query-input\":{\"@type\":\"PropertyValueSpecification\",\"valueRequired\":true,\"valueName\":\"search_term_string\"}}],\"inLanguage\":\"sl-SI\"},{\"@type\":\"Organization\",\"@id\":\"https:\\\/\\\/ipautomationinc.com\\\/#organization\",\"name\":\"IP Automation Inc\",\"url\":\"https:\\\/\\\/ipautomationinc.com\\\/\",\"logo\":{\"@type\":\"ImageObject\",\"inLanguage\":\"sl-SI\",\"@id\":\"https:\\\/\\\/ipautomationinc.com\\\/#\\\/schema\\\/logo\\\/image\\\/\",\"url\":\"https:\\\/\\\/ipautomationinc.com\\\/wp-content\\\/uploads\\\/2022\\\/05\\\/IPA-Favicon.png\",\"contentUrl\":\"https:\\\/\\\/ipautomationinc.com\\\/wp-content\\\/uploads\\\/2022\\\/05\\\/IPA-Favicon.png\",\"width\":513,\"height\":513,\"caption\":\"IP Automation Inc\"},\"image\":{\"@id\":\"https:\\\/\\\/ipautomationinc.com\\\/#\\\/schema\\\/logo\\\/image\\\/\"},\"sameAs\":[\"https:\\\/\\\/www.facebook.com\\\/ipautomationinc\\\/\",\"https:\\\/\\\/www.linkedin.com\\\/company\\\/ip-automation-inc\\\/\",\"https:\\\/\\\/www.youtube.com\\\/@IPAutomation\"]}]}<\/script>\n<!-- \/ Yoast SEO plugin. -->","yoast_head_json":{"title":"Kariere | IP Automation Inc","description":"IP Automation Inc i\u0161\u010de posameznike, ki so ponosni na svoje delo in \u017eelijo prispevati k dobro vodenemu, rasto\u010demu podjetju. Razi\u0161\u010dite prosta delovna mesta.","robots":{"index":"index","follow":"follow","max-snippet":"max-snippet:-1","max-image-preview":"max-image-preview:large","max-video-preview":"max-video-preview:-1"},"canonical":"https:\/\/ipautomationinc.com\/sl\/kariere\/","og_locale":"sl_SI","og_type":"article","og_title":"Careers | IP Automation Inc","og_description":"IP Automation Inc is looking for individuals who take pride in their work and want to contribute to a well-run, growing company. Explore open positions.","og_url":"https:\/\/ipautomationinc.com\/sl\/kariere\/","og_site_name":"IP Automation Inc","article_publisher":"https:\/\/www.facebook.com\/ipautomationinc\/","article_modified_time":"2026-04-22T20:19:56+00:00","schema":{"@context":"https:\/\/schema.org","@graph":[{"@type":"WebPage","@id":"https:\/\/ipautomationinc.com\/careers\/","url":"https:\/\/ipautomationinc.com\/careers\/","name":"Kariere | IP Automation Inc","isPartOf":{"@id":"https:\/\/ipautomationinc.com\/#website"},"datePublished":"2026-02-10T22:33:39+00:00","dateModified":"2026-04-22T20:19:56+00:00","description":"IP Automation Inc i\u0161\u010de posameznike, ki so ponosni na svoje delo in \u017eelijo prispevati k dobro vodenemu, rasto\u010demu podjetju. Razi\u0161\u010dite prosta delovna mesta.","inLanguage":"sl-SI","potentialAction":[{"@type":"ReadAction","target":["https:\/\/ipautomationinc.com\/careers\/"]}]},{"@type":"WebSite","@id":"https:\/\/ipautomationinc.com\/#website","url":"https:\/\/ipautomationinc.com\/","name":"IP Automation Inc","description":"Koncept... Kreacija... Realnost...","publisher":{"@id":"https:\/\/ipautomationinc.com\/#organization"},"potentialAction":[{"@type":"SearchAction","target":{"@type":"EntryPoint","urlTemplate":"https:\/\/ipautomationinc.com\/?s={search_term_string}"},"query-input":{"@type":"PropertyValueSpecification","valueRequired":true,"valueName":"search_term_string"}}],"inLanguage":"sl-SI"},{"@type":"Organization","@id":"https:\/\/ipautomationinc.com\/#organization","name":"IP Automation Inc","url":"https:\/\/ipautomationinc.com\/","logo":{"@type":"ImageObject","inLanguage":"sl-SI","@id":"https:\/\/ipautomationinc.com\/#\/schema\/logo\/image\/","url":"https:\/\/ipautomationinc.com\/wp-content\/uploads\/2022\/05\/IPA-Favicon.png","contentUrl":"https:\/\/ipautomationinc.com\/wp-content\/uploads\/2022\/05\/IPA-Favicon.png","width":513,"height":513,"caption":"IP Automation Inc"},"image":{"@id":"https:\/\/ipautomationinc.com\/#\/schema\/logo\/image\/"},"sameAs":["https:\/\/www.facebook.com\/ipautomationinc\/","https:\/\/www.linkedin.com\/company\/ip-automation-inc\/","https:\/\/www.youtube.com\/@IPAutomation"]}]}},"_links":{"self":[{"href":"https:\/\/ipautomationinc.com\/sl\/wp-json\/wp\/v2\/pages\/32686","targetHints":{"allow":["GET"]}}],"collection":[{"href":"https:\/\/ipautomationinc.com\/sl\/wp-json\/wp\/v2\/pages"}],"about":[{"href":"https:\/\/ipautomationinc.com\/sl\/wp-json\/wp\/v2\/types\/page"}],"author":[{"embeddable":true,"href":"https:\/\/ipautomationinc.com\/sl\/wp-json\/wp\/v2\/users\/3"}],"replies":[{"embeddable":true,"href":"https:\/\/ipautomationinc.com\/sl\/wp-json\/wp\/v2\/comments?post=32686"}],"version-history":[{"count":6,"href":"https:\/\/ipautomationinc.com\/sl\/wp-json\/wp\/v2\/pages\/32686\/revisions"}],"predecessor-version":[{"id":39420,"href":"https:\/\/ipautomationinc.com\/sl\/wp-json\/wp\/v2\/pages\/32686\/revisions\/39420"}],"wp:attachment":[{"href":"https:\/\/ipautomationinc.com\/sl\/wp-json\/wp\/v2\/media?parent=32686"}],"curies":[{"name":"delovni list","href":"https:\/\/api.w.org\/{rel}","templated":true}]}}