{"id":1342,"date":"2022-07-07T13:16:55","date_gmt":"2022-07-07T18:16:55","guid":{"rendered":"https:\/\/ipautomationinc.com\/?page_id=1342"},"modified":"2026-04-01T13:58:47","modified_gmt":"2026-04-01T18:58:47","slug":"enoglavi-cnc-upogibniki-zice","status":"publish","type":"page","link":"https:\/\/ipautomationinc.com\/sl\/single-head-cnc-wire-benders\/","title":{"rendered":"Enoglavi CNC upogibniki \u017eice"},"content":{"rendered":"<h6 class=\"wp-block-heading\"><strong>Explore our range of single head CNC wire benders. I-SC series companct single head CNC wire bender, 2-8mm wire diameter. I-S series single head CNC wire bender, 2-20mm wire diameter. I-S\u00b2 multiple bend head CNC wire bender, 2.5-16mm wire diameter. I-P series single piece cnc wire bender, 2.5-16mm wire diameter<\/strong><\/h6>\n\n\n\n<p><span class=\"builder2seo\"><\/span>Enoglavi CNC upogibniki \u017eice<br><br>\u0161iroka<br><br><img decoding=\"async\" src=\"https:\/\/ipautomationinc.com\/wp-content\/uploads\/2025\/09\/i8-SC-RGB.png#38241\" alt=\"i8-SC RGB\"><br><a href=\"https:\/\/ipautomationinc.com\/sl\/serija-i-sc\/\">https:\/\/ipautomationinc.com\/i-sc-series\/<\/a><br><br>Serija i-SC<br><br>Nau\u010di se ve\u010d<br><a href=\"https:\/\/ipautomationinc.com\/sl\/serija-i-sc\/\">https:\/\/ipautomationinc.com\/i-sc-series\/<\/a><br>gumb_tema<br><br>Kompaktni CNC upogibniki \u017eice z eno glavo<br><br><h5>Serija i-SC je cenovno ugodna zmogljivost, zasnovana za nizko vzdr\u017eevanje, enostavno nastavitev in dolgotrajno vzdr\u017eljivost.<\/h5><br><br><br><br>2-8 mm* Premer \u017eice<br><br>Popoln za komponente POP zaslona, industrijo aparatov, sponke, dr\u017eala, kljuke, vzmeti, obe\u0161alnike, priklju\u010dke, dele ko\u0161ar za drevesce.<br><br><br><br><img decoding=\"async\" src=\"https:\/\/ipautomationinc.com\/wp-content\/uploads\/2023\/02\/i8-S-RGB-1.png#11263\" alt=\"i8-S RGB\"><br><a href=\"https:\/\/ipautomationinc.com\/sl\/serija-i-s\/\">https:\/\/ipautomationinc.com\/i-s-series\/<\/a><br><br>Serija i-S<br><br>Nau\u010di se ve\u010d<br><a href=\"https:\/\/ipautomationinc.com\/sl\/serija-i-s\/\">https:\/\/ipautomationinc.com\/i-s-series\/<\/a><br>gumb_tema<br><br>Enoglavi CNC upogibniki \u017eice<br><br><h5>Zaradi \u0161iroke palete mo\u017enosti in cenovne dostopnosti serije i-S je odli\u010dna izbira tako za za\u010detnike kot za napredna podjetja za oblikovanje \u017eice.<\/h5><br><br><br><br>2-20 mm* Premer \u017eice<br><br>Popoln za sponke, dr\u017eala, maloprodajne komponente POP zaslona, kljuke, vzmeti, obe\u0161alnike, priklju\u010dke, dele aparatov, \u0161\u010ditnike za obraz, ro\u010daje<br><br><br>Naslov + desc<br>brez ponavljanja;levo zgoraj;;<br>avto<br>20 slikovnih pik<br>0 10%<br><br><img decoding=\"async\" src=\"https:\/\/ipautomationinc.com\/wp-content\/uploads\/2024\/08\/i10-S\u00b2-rgb.png#36757\" alt=\"i10-S\u00b2-rgb\"><br><a href=\"https:\/\/ipautomationinc.com\/sl\/serija-i-s-na-kvadrat\/\">https:\/\/ipautomationinc.com\/i-s-squared-series\/<\/a><br><br>Serija i-S\u00b2<br><br>Nau\u010di se ve\u010d<br><a href=\"https:\/\/ipautomationinc.com\/sl\/serija-i-s-na-kvadrat\/\">https:\/\/ipautomationinc.com\/i-s-squared-series\/<\/a><br>gumb_tema<br><br>CNC upogibniki \u017eice z ve\u010d upogibnimi glavami<br><br><h5>I-S\u00b2 ima 2 upogibni glavi, ki zagotavljata \u0161tevilne mo\u017enosti upogibanja za orodja za trn ali revolver.<\/h5><br><br><br><br>2,5-16 mm* Premer \u017eice<br><br>Popoln za avtomobilske sede\u017ee, kmetijsko opremo<br><br><br>Naslov + desc<br>brez ponavljanja;levo zgoraj;;<br>avto<br>20 slikovnih pik<br>0 10%<br><br><img decoding=\"async\" src=\"https:\/\/ipautomationinc.com\/wp-content\/uploads\/2026\/02\/i10-S\u00b2-P-Single-Piece-3D-CNC-Wire-Bender.png#39498\" alt=\"i10-S\u00b2-P Single Piece 3D CNC Wire Bender\"><br><a href=\"https:\/\/ipautomationinc.com\/sl\/serija-ip\/\">https:\/\/ipautomationinc.com\/i-p-series\/<\/a><br><br>Serija iP<br><br>Nau\u010di se ve\u010d<br><a href=\"https:\/\/ipautomationinc.com\/sl\/serija-ip\/\">https:\/\/ipautomationinc.com\/i-p-series\/<\/a><br>gumb_tema<br><br>Enodelni 3D CNC upogibni stroj za upogibanje \u017eice<br><br><h5>CNC upogibalnik \u017eice iP za en kos je zasnovan tako, da olaj\u0161a delo z zahtevnimi deli in me\u0161anicami delov, ki zahtevajo vsestranskost in prilagodljivost za aplikacije z majhnimi koli\u010dinami.<\/h5><br><br><br><br>2,5-16 mm* Premer \u017eice<br><br>Popoln za izpu\u0161ne obe\u0161alnike, dele z visoko me\u0161anico in nizko prostornino, grelne elemente in dele z zaprto kon\u010dno zanko<br><br>Enojne ali dvojne upogibne glave<br><br><br>Naslov + desc<br>brez ponavljanja;levo zgoraj;;<br>avto<br>20 slikovnih pik<br>0 10%<br><br><\/p>","protected":false},"excerpt":{"rendered":"<p>Explore our range of single head CNC wire benders. I-SC series companct single head CNC wire bender, 2-8mm wire diameter.<span class=\"excerpt-hellip\"> [\u2026]<\/span><\/p>\n","protected":false},"author":3,"featured_media":0,"parent":0,"menu_order":0,"comment_status":"closed","ping_status":"closed","template":"","meta":{"footnotes":""},"class_list":["post-1342","page","type-page","status-publish","hentry"],"yoast_head":"<!-- This site is optimized with the Yoast SEO plugin v27.3 - https:\/\/yoast.com\/product\/yoast-seo-wordpress\/ -->\n<title>Single Head CNC Wire Benders | IP Automation Inc<\/title>\n<meta name=\"description\" content=\"Explore our selection of 3D Single Head CNC Wire Benders to find the perfect one for you. Quality made in the USA machinery.\" \/>\n<meta name=\"robots\" content=\"index, follow, max-snippet:-1, max-image-preview:large, max-video-preview:-1\" \/>\n<link rel=\"canonical\" href=\"https:\/\/ipautomationinc.com\/sl\/enoglavi-cnc-upogibniki-zice\/\" \/>\n<meta property=\"og:locale\" content=\"sl_SI\" \/>\n<meta property=\"og:type\" content=\"article\" \/>\n<meta property=\"og:title\" content=\"Single Head CNC Wire Benders | IP Automation Inc\" \/>\n<meta property=\"og:description\" content=\"Explore our selection of 3D Single Head CNC Wire Benders to find the perfect one for you. Quality made in the USA machinery.\" \/>\n<meta property=\"og:url\" content=\"https:\/\/ipautomationinc.com\/sl\/enoglavi-cnc-upogibniki-zice\/\" \/>\n<meta property=\"og:site_name\" content=\"IP Automation Inc\" \/>\n<meta property=\"article:publisher\" content=\"https:\/\/www.facebook.com\/ipautomationinc\/\" \/>\n<meta property=\"article:modified_time\" content=\"2026-04-01T18:58:47+00:00\" \/>\n<meta property=\"og:image\" content=\"https:\/\/ipautomationinc.com\/wp-content\/uploads\/2025\/09\/i8-SC-RGB.png#38241\" \/>\n<script type=\"application\/ld+json\" class=\"yoast-schema-graph\">{\"@context\":\"https:\\\/\\\/schema.org\",\"@graph\":[{\"@type\":\"WebPage\",\"@id\":\"https:\\\/\\\/ipautomationinc.com\\\/single-head-cnc-wire-benders\\\/\",\"url\":\"https:\\\/\\\/ipautomationinc.com\\\/single-head-cnc-wire-benders\\\/\",\"name\":\"Single Head CNC Wire Benders | IP Automation Inc\",\"isPartOf\":{\"@id\":\"https:\\\/\\\/ipautomationinc.com\\\/#website\"},\"primaryImageOfPage\":{\"@id\":\"https:\\\/\\\/ipautomationinc.com\\\/single-head-cnc-wire-benders\\\/#primaryimage\"},\"image\":{\"@id\":\"https:\\\/\\\/ipautomationinc.com\\\/single-head-cnc-wire-benders\\\/#primaryimage\"},\"thumbnailUrl\":\"https:\\\/\\\/ipautomationinc.com\\\/wp-content\\\/uploads\\\/2025\\\/09\\\/i8-SC-RGB.png#38241\",\"datePublished\":\"2022-07-07T18:16:55+00:00\",\"dateModified\":\"2026-04-01T18:58:47+00:00\",\"description\":\"Explore our selection of 3D Single Head CNC Wire Benders to find the perfect one for you. Quality made in the USA machinery.\",\"inLanguage\":\"sl-SI\",\"potentialAction\":[{\"@type\":\"ReadAction\",\"target\":[\"https:\\\/\\\/ipautomationinc.com\\\/single-head-cnc-wire-benders\\\/\"]}]},{\"@type\":\"ImageObject\",\"inLanguage\":\"sl-SI\",\"@id\":\"https:\\\/\\\/ipautomationinc.com\\\/single-head-cnc-wire-benders\\\/#primaryimage\",\"url\":\"https:\\\/\\\/ipautomationinc.com\\\/wp-content\\\/uploads\\\/2025\\\/09\\\/i8-SC-RGB.png#38241\",\"contentUrl\":\"https:\\\/\\\/ipautomationinc.com\\\/wp-content\\\/uploads\\\/2025\\\/09\\\/i8-SC-RGB.png#38241\"},{\"@type\":\"WebSite\",\"@id\":\"https:\\\/\\\/ipautomationinc.com\\\/#website\",\"url\":\"https:\\\/\\\/ipautomationinc.com\\\/\",\"name\":\"IP Automation Inc\",\"description\":\"Concept... Creation... Reality...\",\"publisher\":{\"@id\":\"https:\\\/\\\/ipautomationinc.com\\\/#organization\"},\"potentialAction\":[{\"@type\":\"SearchAction\",\"target\":{\"@type\":\"EntryPoint\",\"urlTemplate\":\"https:\\\/\\\/ipautomationinc.com\\\/?s={search_term_string}\"},\"query-input\":{\"@type\":\"PropertyValueSpecification\",\"valueRequired\":true,\"valueName\":\"search_term_string\"}}],\"inLanguage\":\"sl-SI\"},{\"@type\":\"Organization\",\"@id\":\"https:\\\/\\\/ipautomationinc.com\\\/#organization\",\"name\":\"IP Automation Inc\",\"url\":\"https:\\\/\\\/ipautomationinc.com\\\/\",\"logo\":{\"@type\":\"ImageObject\",\"inLanguage\":\"sl-SI\",\"@id\":\"https:\\\/\\\/ipautomationinc.com\\\/#\\\/schema\\\/logo\\\/image\\\/\",\"url\":\"https:\\\/\\\/ipautomationinc.com\\\/wp-content\\\/uploads\\\/2022\\\/05\\\/IPA-Favicon.png\",\"contentUrl\":\"https:\\\/\\\/ipautomationinc.com\\\/wp-content\\\/uploads\\\/2022\\\/05\\\/IPA-Favicon.png\",\"width\":513,\"height\":513,\"caption\":\"IP Automation Inc\"},\"image\":{\"@id\":\"https:\\\/\\\/ipautomationinc.com\\\/#\\\/schema\\\/logo\\\/image\\\/\"},\"sameAs\":[\"https:\\\/\\\/www.facebook.com\\\/ipautomationinc\\\/\",\"https:\\\/\\\/www.linkedin.com\\\/company\\\/ip-automation-inc\\\/\",\"https:\\\/\\\/www.youtube.com\\\/@IPAutomation\"]}]}<\/script>\n<!-- \/ Yoast SEO plugin. -->","yoast_head_json":{"title":"Enoglavi CNC upogibniki \u017eice | IP Automation Inc","description":"Razi\u0161\u010dite na\u0161o ponudbo 3D CNC upogibnikov \u017eice z eno glavo in poi\u0161\u010dite popolnega zase. Kakovostni stroji, izdelani v ZDA.","robots":{"index":"index","follow":"follow","max-snippet":"max-snippet:-1","max-image-preview":"max-image-preview:large","max-video-preview":"max-video-preview:-1"},"canonical":"https:\/\/ipautomationinc.com\/sl\/enoglavi-cnc-upogibniki-zice\/","og_locale":"sl_SI","og_type":"article","og_title":"Single Head CNC Wire Benders | IP Automation Inc","og_description":"Explore our selection of 3D Single Head CNC Wire Benders to find the perfect one for you. Quality made in the USA machinery.","og_url":"https:\/\/ipautomationinc.com\/sl\/enoglavi-cnc-upogibniki-zice\/","og_site_name":"IP Automation Inc","article_publisher":"https:\/\/www.facebook.com\/ipautomationinc\/","article_modified_time":"2026-04-01T18:58:47+00:00","og_image":[{"url":"https:\/\/ipautomationinc.com\/wp-content\/uploads\/2025\/09\/i8-SC-RGB.png#38241","type":"","width":"","height":""}],"schema":{"@context":"https:\/\/schema.org","@graph":[{"@type":"WebPage","@id":"https:\/\/ipautomationinc.com\/single-head-cnc-wire-benders\/","url":"https:\/\/ipautomationinc.com\/single-head-cnc-wire-benders\/","name":"Enoglavi CNC upogibniki \u017eice | IP Automation Inc","isPartOf":{"@id":"https:\/\/ipautomationinc.com\/#website"},"primaryImageOfPage":{"@id":"https:\/\/ipautomationinc.com\/single-head-cnc-wire-benders\/#primaryimage"},"image":{"@id":"https:\/\/ipautomationinc.com\/single-head-cnc-wire-benders\/#primaryimage"},"thumbnailUrl":"https:\/\/ipautomationinc.com\/wp-content\/uploads\/2025\/09\/i8-SC-RGB.png#38241","datePublished":"2022-07-07T18:16:55+00:00","dateModified":"2026-04-01T18:58:47+00:00","description":"Razi\u0161\u010dite na\u0161o ponudbo 3D CNC upogibnikov \u017eice z eno glavo in poi\u0161\u010dite popolnega zase. Kakovostni stroji, izdelani v ZDA.","inLanguage":"sl-SI","potentialAction":[{"@type":"ReadAction","target":["https:\/\/ipautomationinc.com\/single-head-cnc-wire-benders\/"]}]},{"@type":"ImageObject","inLanguage":"sl-SI","@id":"https:\/\/ipautomationinc.com\/single-head-cnc-wire-benders\/#primaryimage","url":"https:\/\/ipautomationinc.com\/wp-content\/uploads\/2025\/09\/i8-SC-RGB.png#38241","contentUrl":"https:\/\/ipautomationinc.com\/wp-content\/uploads\/2025\/09\/i8-SC-RGB.png#38241"},{"@type":"WebSite","@id":"https:\/\/ipautomationinc.com\/#website","url":"https:\/\/ipautomationinc.com\/","name":"IP Automation Inc","description":"Koncept... Kreacija... Realnost...","publisher":{"@id":"https:\/\/ipautomationinc.com\/#organization"},"potentialAction":[{"@type":"SearchAction","target":{"@type":"EntryPoint","urlTemplate":"https:\/\/ipautomationinc.com\/?s={search_term_string}"},"query-input":{"@type":"PropertyValueSpecification","valueRequired":true,"valueName":"search_term_string"}}],"inLanguage":"sl-SI"},{"@type":"Organization","@id":"https:\/\/ipautomationinc.com\/#organization","name":"IP Automation Inc","url":"https:\/\/ipautomationinc.com\/","logo":{"@type":"ImageObject","inLanguage":"sl-SI","@id":"https:\/\/ipautomationinc.com\/#\/schema\/logo\/image\/","url":"https:\/\/ipautomationinc.com\/wp-content\/uploads\/2022\/05\/IPA-Favicon.png","contentUrl":"https:\/\/ipautomationinc.com\/wp-content\/uploads\/2022\/05\/IPA-Favicon.png","width":513,"height":513,"caption":"IP Automation Inc"},"image":{"@id":"https:\/\/ipautomationinc.com\/#\/schema\/logo\/image\/"},"sameAs":["https:\/\/www.facebook.com\/ipautomationinc\/","https:\/\/www.linkedin.com\/company\/ip-automation-inc\/","https:\/\/www.youtube.com\/@IPAutomation"]}]}},"_links":{"self":[{"href":"https:\/\/ipautomationinc.com\/sl\/wp-json\/wp\/v2\/pages\/1342","targetHints":{"allow":["GET"]}}],"collection":[{"href":"https:\/\/ipautomationinc.com\/sl\/wp-json\/wp\/v2\/pages"}],"about":[{"href":"https:\/\/ipautomationinc.com\/sl\/wp-json\/wp\/v2\/types\/page"}],"author":[{"embeddable":true,"href":"https:\/\/ipautomationinc.com\/sl\/wp-json\/wp\/v2\/users\/3"}],"replies":[{"embeddable":true,"href":"https:\/\/ipautomationinc.com\/sl\/wp-json\/wp\/v2\/comments?post=1342"}],"version-history":[{"count":3,"href":"https:\/\/ipautomationinc.com\/sl\/wp-json\/wp\/v2\/pages\/1342\/revisions"}],"predecessor-version":[{"id":39709,"href":"https:\/\/ipautomationinc.com\/sl\/wp-json\/wp\/v2\/pages\/1342\/revisions\/39709"}],"wp:attachment":[{"href":"https:\/\/ipautomationinc.com\/sl\/wp-json\/wp\/v2\/media?parent=1342"}],"curies":[{"name":"delovni list","href":"https:\/\/api.w.org\/{rel}","templated":true}]}}