{"id":1248,"date":"2022-06-16T16:54:35","date_gmt":"2022-06-16T21:54:35","guid":{"rendered":"https:\/\/ipautomationinc.com\/?page_id=1248"},"modified":"2026-02-24T10:12:40","modified_gmt":"2026-02-24T16:12:40","slug":"serija-i-d-ms","status":"publish","type":"page","link":"https:\/\/ipautomationinc.com\/sl\/i-d-ms-series\/","title":{"rendered":"Ve\u010dstopenjski CNC upogib \u017eice serije iD-MS"},"content":{"rendered":"<h6 class=\"wp-block-heading\"><strong>Serija ve\u010dstopenjskih CNC upogibnih strojev iD-MS je zasnovana za specializirane oblike \u017eice z visoko natan\u010dnostjo, ki zahtevajo lo\u010dene operacije upogibanja. Z uporabo na\u0161ega mehanizma za elektronski prenos in naprednega strokovnega znanja o nadzoru se operacije izvajajo hkrati v ve\u010d fazah na istem stroju. Serija iD-MS se odlikuje po oblikovanju nesimetri\u010dnih delov brez zmanj\u0161anja hitrosti. Konfigurira se lahko z razli\u010dnimi konfiguracijami glave in orodji po meri.<\/strong><\/h6>\n\n\n\n<p><span class=\"builder2seo\"><\/span>Ve\u010dstopenjski CNC upogibniki \u017eice<br><br>Serija i-D-MS<br><br><img decoding=\"async\" src=\"https:\/\/ipautomationinc.com\/wp-content\/uploads\/2022\/09\/i-D-MS-RGB-1.png\" alt=\"Ve\u010dstopenjski CNC stroj za upogibanje \u017eice iD-MS\"><br>400 slikovnih pik<br><br>Kliknite tukaj za video<br><a href=\"https:\/\/ipautomationinc.com\/sl\/serija-i-d-ms\/#video\">https:\/\/ipautomationinc.com\/i-d-ms-series\/#video<\/a><br>fas fa-play-krog<br>gumb_tema<br><br>Kliknite tukaj za PDF letak<br><a href=\"https:\/\/ipautomationinc.com\/wp-content\/uploads\/2025\/09\/2025-i-D-MS-Flyer.pdf\">https:\/\/ipautomationinc.com\/wp-content\/uploads\/2025\/09\/2025-i-D-MS-Flyer.pdf<\/a><br>fas fa-datoteka-pdf<br>gumb_tema<br>https:\/\/ipautomationinc.com\/wp-content\/uploads\/2025\/09\/2025-i-D-MS-Flyer.pdf<br><br>1550,1549,1548,1547,1546<br>#0455B3<br>3px 3px 3px 3px<br><br><h4>Serija ve\u010dstopenjskih CNC upogibnih strojev iD-MS je zasnovana za posebne oblike \u017eice z visoko natan\u010dnostjo, ki zahtevajo lo\u010dene operacije upogibanja. Z uporabo na\u0161ega mehanizma za prenos \u017eice in naprednega strokovnega znanja o krmiljenju se operacije izvajajo hkrati v ve\u010d fazah na istem stroju. Serija iD-MS se odlikuje po oblikovanju nesimetri\u010dnih delov brez zmanj\u0161anja hitrosti. Konfigurira se lahko z razli\u010dnimi konfiguracijami glave po meri in orodji. Prej je bilo treba te operacije izvesti na dveh strojih. Na\u0161a napredna zasnova poudarja, zakaj je IP Automation Inc. vodilni proizvajalec \u017eice v vitki proizvodnji z inteligentnim na\u010drtovanjem WIP in zdru\u017eevanjem procesov.<\/h4><br><br><h3>Aplikacije<\/h3><h4>Precizni seznam in \u017eice za sede\u017ee Deli z ozkimi tolerancami za operacije prelivanja. <br><br><\/h4><br>#EBEBEB<br><br><img decoding=\"async\" src=\"https:\/\/ipautomationinc.com\/wp-content\/uploads\/2022\/09\/i-D-MS-RGB-1.png\" alt=\"Ve\u010dstopenjski CNC stroj za upogibanje \u017eice iD-MS\"><br>po meri<br>100%<br><br>Kliknite tukaj za video<br><a href=\"https:\/\/ipautomationinc.com\/sl\/serija-i-d-ms\/#video\">https:\/\/ipautomationinc.com\/i-d-ms-series\/#video<\/a><br>fas fa-play-krog<br>gumb_tema<br><br>Kliknite tukaj za PDF letak<br><a href=\"https:\/\/ipautomationinc.com\/wp-content\/uploads\/2025\/09\/2025-i-D-MS-Flyer.pdf\">https:\/\/ipautomationinc.com\/wp-content\/uploads\/2025\/09\/2025-i-D-MS-Flyer.pdf<\/a><br>fas fa-datoteka-pdf<br>gumb_tema<br>https:\/\/ipautomationinc.com\/wp-content\/uploads\/2025\/09\/2025-i-D-MS-Flyer.pdf<br><br>1550,1549,1548,1547,1546<br>#0455B3<br>3px 3px 3px 3px<br>po meri<br>80%<br><br><h4>Serija iD-MS (ve\u010dstopenjska) je zasnovana za posebne oblike \u017eice z visoko natan\u010dnostjo, ki zahtevajo lo\u010dene operacije upogibanja. Z uporabo na\u0161ega mehanizma za elektronski prenos in naprednega strokovnega znanja o nadzoru se operacije izvajajo hkrati v ve\u010d fazah na istem stroju.<br><br>Serija i-D-MS se odlikuje po oblikovanju nesimetri\u010dnih delov brez zmanj\u0161anja hitrosti. Konfigurira se lahko z razli\u010dnimi konfiguracijami glave in orodji po meri.<br><br>Prej je bilo treba te operacije izvesti na dveh strojih. Na\u0161a napredna zasnova poudarja, zakaj je IP Automation Inc. vodilno podjetje za preoblikovanje \u017eice v vitki proizvodnji z inteligentnim na\u010drtovanjem WIP in zdru\u017eevanjem procesov. <\/h4><br><br><h3>Aplikacije<\/h3><h4>Precizni seznam in \u017eice za sede\u017ee Deli z ozkimi tolerancami za operacije prelivanja. <br><br><\/h4><br>#EBEBEB<br><br><br>Mediji<br><br>;c;;<br><br>1493,1494,1491,1490,1495<br>velik<br><br><br>Lastnosti<br><br>Upogibanje<br>Programiranje<br>Podrobnosti<br>Postavitev stroja<br><br><br>\t20 Servo Axes:  X &#8211; feed, rotary straightener, C &#8211; cutter, Y &#8211; bender pin rotation (2X), Z &#8211; clamp &amp; rotate, U &#8211; tool pivot (2x),  P &#8211; bend head height (2X),  transfer<br><br>\tDo 2 polmera<br><br>In\u017eenirji za avtomatizacijo IP in CNC stroji so vse krivilne glave, rezalniki in valji za podajanje \u017eice sami po razumni ceni s hitrim obratom<br><br><br><br><br>\t<a href=\"https:\/\/ipautomationinc.com\/sl\/zmogljivosti-stroja\/\">Programska oprema Intellibend <\/a> v operacijskem sistemu Windows 10<br><br>Oblika CNC programa dol\u017eina-rotacija-kot<br><br>\tIntegrirana proizvodna nadzorna plo\u0161\u010da, funkcije nadzora serije<br><br>\t21,5\u2033 zaslon na ve\u010dkratni dotik<br><br>\tOddaljena povezljivost prek tunela VPN<br><br>\tProtokol OPC-UA za industrijo 4.0<br><br>\t<br><br><br>Na voljo z \u017eico, napolnjeno z lijakom<br><br>Izpla\u010dilo \u017eice z zmogljivostjo roke linearnega gibanja: 3000 lbs. (4500 lbs. mo\u017enost na voljo) <br><br>7\u2032 (2,13 m) varnostna kletka z varnostnimi zapornimi vrati<br><br>Ravnalnik \u017eice Arbor<br><br>Vsi pogonski sistemi podajanja in upogibanja imajo utrjene zobnike in so popolnoma zaprti.<br><br>Hitro preklopni utrjeni podajalni valji za 2 velikosti \u017eice<br><br>Linearni kodirnik na podajalniku \u017eice za natan\u010dnost in zaznavanje zdrsa<br><br>\u017di\u010dni stabilizator<br><br>Rezalna matrica za ponovno bru\u0161enje<br><br>Programabilna zlo\u017eljiva \u017ei\u010dna vodila<br><br>Na voljo usposabljanje na kraju samem<br><br>Mo\u017enost robotske integracije<br><br><br><div class=\"image_frame image_item scale-with-grid element_classes no_border hover-disable mfn-img-box\"  role=\"link\" aria-label=\"Slika s povezavami\" tabindex=\"0\"><div class=\"image_wrapper\"><a href=\"https:\/\/ipautomationinc.com\/wp-content\/uploads\/2022\/07\/603-Front.png\" rel=\"prettyphoto\"   class=\"\"  tabindex=\"-1\" title=\"\"><div class=\"mask\"><\/div><img decoding=\"async\" class=\"scale-with-grid\" src=\"https:\/\/ipautomationinc.com\/wp-content\/uploads\/2022\/07\/603-Front.png\" fetchpriority=\"high\" alt=\"603 Spredaj\" title=\"\" width=\"420\" height=\"419\" style=\"\"\/><\/a><div class=\"image_links\"><a href=\"https:\/\/ipautomationinc.com\/wp-content\/uploads\/2022\/07\/603-Front.png\" class=\"zoom\" rel=\"prettyphoto\" tabindex=\"-1\" aria-label=\"pove\u010dava slike\" title=\"\"><svg viewbox=\"0 0 26 26\"><defs><style>.path{fill:none;stroke:#333;stroke-miterlimit:10;stroke-width:1.5px;}<\/style><\/defs><circle cx=\"11.35\" cy=\"11.35\" r=\"6\" class=\"path\"\/><line x1=\"15.59\" y1=\"15.59\" x2=\"20.65\" y2=\"20.65\" class=\"path\"\/><\/svg><\/a><\/div><\/div><p class=\"wp-caption-text\">iD-MS Pogled od spredaj<\/p><\/div>\n<br><br><br><br><div class=\"image_frame image_item scale-with-grid element_classes no_border hover-disable mfn-img-box\"  role=\"link\" aria-label=\"Slika s povezavami\" tabindex=\"0\"><div class=\"image_wrapper\"><a href=\"https:\/\/ipautomationinc.com\/wp-content\/uploads\/2022\/07\/603-Top.png\" rel=\"prettyphoto\"   class=\"\"  tabindex=\"-1\" title=\"\"><div class=\"mask\"><\/div><img decoding=\"async\" class=\"scale-with-grid\" src=\"https:\/\/ipautomationinc.com\/wp-content\/uploads\/2022\/07\/603-Top.png\" fetchpriority=\"high\" alt=\"603 Vrh\" title=\"\" width=\"420\" height=\"430\" style=\"\"\/><\/a><div class=\"image_links\"><a href=\"https:\/\/ipautomationinc.com\/wp-content\/uploads\/2022\/07\/603-Top.png\" class=\"zoom\" rel=\"prettyphoto\" tabindex=\"-1\" aria-label=\"pove\u010dava slike\" title=\"\"><svg viewbox=\"0 0 26 26\"><defs><style>.path{fill:none;stroke:#333;stroke-miterlimit:10;stroke-width:1.5px;}<\/style><\/defs><circle cx=\"11.35\" cy=\"11.35\" r=\"6\" class=\"path\"\/><line x1=\"15.59\" y1=\"15.59\" x2=\"20.65\" y2=\"20.65\" class=\"path\"\/><\/svg><\/a><\/div><\/div><p class=\"wp-caption-text\">iD-MS Pogled od zgoraj<\/p><\/div>\n<br><br><br><br><div class=\"image_frame image_item scale-with-grid element_classes no_border hover-disable mfn-img-box\"  role=\"link\" aria-label=\"Slika s povezavami\" tabindex=\"0\"><div class=\"image_wrapper\"><a href=\"https:\/\/ipautomationinc.com\/wp-content\/uploads\/2022\/07\/603-ISO.png\" rel=\"prettyphoto\"   class=\"\"  tabindex=\"-1\" title=\"\"><div class=\"mask\"><\/div><img decoding=\"async\" class=\"scale-with-grid\" src=\"https:\/\/ipautomationinc.com\/wp-content\/uploads\/2022\/07\/603-ISO.png\" fetchpriority=\"high\" alt=\"603 ISO\" title=\"\" width=\"300\" height=\"581\" style=\"\"\/><\/a><div class=\"image_links\"><a href=\"https:\/\/ipautomationinc.com\/wp-content\/uploads\/2022\/07\/603-ISO.png\" class=\"zoom\" rel=\"prettyphoto\" tabindex=\"-1\" aria-label=\"pove\u010dava slike\" title=\"\"><svg viewbox=\"0 0 26 26\"><defs><style>.path{fill:none;stroke:#333;stroke-miterlimit:10;stroke-width:1.5px;}<\/style><\/defs><circle cx=\"11.35\" cy=\"11.35\" r=\"6\" class=\"path\"\/><line x1=\"15.59\" y1=\"15.59\" x2=\"20.65\" y2=\"20.65\" class=\"path\"\/><\/svg><\/a><\/div><\/div><p class=\"wp-caption-text\">iD-MS izometri\u010dni pogled<\/p><\/div>\n<br>#EBEBEB<br>#222222<br><br><br>Specifikacije<br><br><br><br><p>*Na zmogljivost najmanj\u0161ega in najve\u010djega premera vpliva natezni izkoristek \u017eice. Pi\u0161ite nam za pojasnilo glede najmanj\u0161ega\/najve\u010djega razpona za va\u0161 tip \u017eice.<\/p><br><br><br>Mo\u017enosti stroja<br><br>Intelimetska robotika<br>s prilagojenim EOAT<br><img decoding=\"async\" src=\"https:\/\/ipautomationinc.com\/wp-content\/uploads\/2022\/06\/machine-options_robot.png#1271\" alt=\"strojne mo\u017enosti_robot\"><br><a href=\"https:\/\/ipautomationinc.com\/sl\/dodatki\/robotika\/\">https:\/\/ipautomationinc.com\/accessories\/robotics\/<\/a><br>\u0161katlasta lestvica<br>70%<br><br>iBW-45 Varilni aparat za \u010delno varjenje<br>z rotacijskim stiskalnikom<br><img decoding=\"async\" src=\"https:\/\/ipautomationinc.com\/wp-content\/uploads\/2025\/08\/machine-options_iBW-45.png#38050\" alt=\"machine-options_iBW-45\"><br><a href=\"https:\/\/ipautomationinc.com\/sl\/dodatki\/avtomatski-varilci\/\">https:\/\/ipautomationinc.com\/accessories\/automated-welders\/<\/a><br>\u0161katlasta lestvica<br>70%<br><br>Hladna glava<br><img decoding=\"async\" src=\"https:\/\/ipautomationinc.com\/wp-content\/uploads\/2022\/06\/machine-options_cold-heading.png#1266\" alt=\"strojne mo\u017enosti_hladna glava\"><br>\u0161katlasta lestvica<br>70%<br><br>Servo stiskalnica<br><img decoding=\"async\" src=\"https:\/\/ipautomationinc.com\/wp-content\/uploads\/2022\/06\/machine-options_servo-press.png#1272\" alt=\"strojne mo\u017enosti_servo stiskalnica\"><br>\u0161katlasta lestvica<br>70%<br><br>Postaja za laj\u0161anje stresa<br><img decoding=\"async\" src=\"https:\/\/ipautomationinc.com\/wp-content\/uploads\/2022\/06\/machine-options_stress-relieving.png#1287\" alt=\"strojne mo\u017enosti_razbremenitev stresa\"><br>\u0161katlasta lestvica<br>70%<br><br>Pregled vida<br><img decoding=\"async\" src=\"https:\/\/ipautomationinc.com\/wp-content\/uploads\/2022\/06\/machine-options_vision-inspection-closeup.png#1305\" alt=\"strojne-mo\u017enosti_vizija-pregled-od blizu\"><br>\u0161katlasta lestvica<br>70%<br><br>Dobite cene zdaj!<br>ikona-naprej<br><a href=\"https:\/\/ipautomationinc.com\/sl\/kontaktiraj-nas\/#form\">https:\/\/ipautomationinc.com\/contact-us\/#form<\/a><br>50 slikovnih pik<br><br>Drugi CNC stroji za upogibanje \u017eice<br><br><h4>Upogibalke \u017eice z eno glavo<\/h4><br><br><p><hr class=\"no_line\" style=\"margin: 0 auto 0px auto\"\/>\n <a href=\"https:\/\/ipautomationinc.com\/sl\/enoglavi-cnc-upogibniki-zice\/\"> <img decoding=\"async\" src=\"https:\/\/ipautomationinc.com\/wp-content\/uploads\/2023\/02\/i8-S-RGB-1.png\" alt=\"iS CNC oblikovalnik \u017eice\"> <\/a> <hr class=\"no_line\" style=\"margin: 0 auto 0px auto\"\/>\n <a class=\"mfn-link mfn-link-1\" href=\"\" style=\"\" data-hover=\"\"   ><span data-hover=\"\"><\/span><\/a><\/p><br>brez ponavljanja;levo zgoraj;;<br>avto<br><br><h4>2D upogibalke \u017eice<\/h4><br><br><p><hr class=\"no_line\" style=\"margin: 0 auto 0px auto\"\/>\n <a href=\"https:\/\/ipautomationinc.com\/sl\/2d-serija\/\"> <img decoding=\"async\" src=\"https:\/\/ipautomationinc.com\/wp-content\/uploads\/2026\/02\/i10-S-2D-2D-CNC-Wire-Bending-Machine-With-Automated-Welder.png\" alt=\"2D upogibalka \u017eice\"> <\/a> <hr class=\"no_line\" style=\"margin: 0 auto 0px auto\"\/>\n <a class=\"mfn-link mfn-link-1\" href=\"\" style=\"\" data-hover=\"\"   ><span data-hover=\"\"><\/span><\/a><\/p><br>brez ponavljanja;levo zgoraj;;<br>avto<br><br><\/p>","protected":false},"excerpt":{"rendered":"<p>The i-D-MS multi-stage CNC wire bender series is designed for specialized high precision wire forms requiring separate bending operations. Utilizing<span class=\"excerpt-hellip\"> [\u2026]<\/span><\/p>\n","protected":false},"author":3,"featured_media":0,"parent":0,"menu_order":0,"comment_status":"closed","ping_status":"closed","template":"","meta":{"footnotes":""},"class_list":["post-1248","page","type-page","status-publish","hentry"],"yoast_head":"<!-- This site is optimized with the Yoast SEO plugin v27.3 - https:\/\/yoast.com\/product\/yoast-seo-wordpress\/ -->\n<title>i-D-MS Series Multi-Stage CNC Wire Bender | IP Automation Inc<\/title>\n<meta name=\"description\" content=\"The i-D-MS (Multi-stage) series CNC Wire Bender is designed for specialized high precision wire forms requiring separate bending operations.\" \/>\n<meta name=\"robots\" content=\"index, follow, max-snippet:-1, max-image-preview:large, max-video-preview:-1\" \/>\n<link rel=\"canonical\" href=\"https:\/\/ipautomationinc.com\/sl\/serija-i-d-ms\/\" \/>\n<meta property=\"og:locale\" content=\"sl_SI\" \/>\n<meta property=\"og:type\" content=\"article\" \/>\n<meta property=\"og:title\" content=\"i-D-MS Series Multi-Stage CNC Wire Bender | IP Automation Inc\" \/>\n<meta property=\"og:description\" content=\"The i-D-MS (Multi-stage) series CNC Wire Bender is designed for specialized high precision wire forms requiring separate bending operations.\" \/>\n<meta property=\"og:url\" content=\"https:\/\/ipautomationinc.com\/sl\/serija-i-d-ms\/\" \/>\n<meta property=\"og:site_name\" content=\"IP Automation Inc\" \/>\n<meta property=\"article:publisher\" content=\"https:\/\/www.facebook.com\/ipautomationinc\/\" \/>\n<meta property=\"article:modified_time\" content=\"2026-02-24T16:12:40+00:00\" \/>\n<meta property=\"og:image\" content=\"https:\/\/ipautomationinc.com\/wp-content\/uploads\/2022\/09\/i-D-MS-RGB-1.png\" \/>\n<script type=\"application\/ld+json\" class=\"yoast-schema-graph\">{\"@context\":\"https:\\\/\\\/schema.org\",\"@graph\":[{\"@type\":\"WebPage\",\"@id\":\"https:\\\/\\\/ipautomationinc.com\\\/i-d-ms-series\\\/\",\"url\":\"https:\\\/\\\/ipautomationinc.com\\\/i-d-ms-series\\\/\",\"name\":\"i-D-MS Series Multi-Stage CNC Wire Bender | IP Automation Inc\",\"isPartOf\":{\"@id\":\"https:\\\/\\\/ipautomationinc.com\\\/#website\"},\"primaryImageOfPage\":{\"@id\":\"https:\\\/\\\/ipautomationinc.com\\\/i-d-ms-series\\\/#primaryimage\"},\"image\":{\"@id\":\"https:\\\/\\\/ipautomationinc.com\\\/i-d-ms-series\\\/#primaryimage\"},\"thumbnailUrl\":\"https:\\\/\\\/ipautomationinc.com\\\/wp-content\\\/uploads\\\/2022\\\/09\\\/i-D-MS-RGB-1.png\",\"datePublished\":\"2022-06-16T21:54:35+00:00\",\"dateModified\":\"2026-02-24T16:12:40+00:00\",\"description\":\"The i-D-MS (Multi-stage) series CNC Wire Bender is designed for specialized high precision wire forms requiring separate bending operations.\",\"inLanguage\":\"sl-SI\",\"potentialAction\":[{\"@type\":\"ReadAction\",\"target\":[\"https:\\\/\\\/ipautomationinc.com\\\/i-d-ms-series\\\/\"]}]},{\"@type\":\"ImageObject\",\"inLanguage\":\"sl-SI\",\"@id\":\"https:\\\/\\\/ipautomationinc.com\\\/i-d-ms-series\\\/#primaryimage\",\"url\":\"https:\\\/\\\/ipautomationinc.com\\\/wp-content\\\/uploads\\\/2022\\\/09\\\/i-D-MS-RGB-1.png\",\"contentUrl\":\"https:\\\/\\\/ipautomationinc.com\\\/wp-content\\\/uploads\\\/2022\\\/09\\\/i-D-MS-RGB-1.png\"},{\"@type\":\"WebSite\",\"@id\":\"https:\\\/\\\/ipautomationinc.com\\\/#website\",\"url\":\"https:\\\/\\\/ipautomationinc.com\\\/\",\"name\":\"IP Automation Inc\",\"description\":\"Concept... Creation... Reality...\",\"publisher\":{\"@id\":\"https:\\\/\\\/ipautomationinc.com\\\/#organization\"},\"potentialAction\":[{\"@type\":\"SearchAction\",\"target\":{\"@type\":\"EntryPoint\",\"urlTemplate\":\"https:\\\/\\\/ipautomationinc.com\\\/?s={search_term_string}\"},\"query-input\":{\"@type\":\"PropertyValueSpecification\",\"valueRequired\":true,\"valueName\":\"search_term_string\"}}],\"inLanguage\":\"sl-SI\"},{\"@type\":\"Organization\",\"@id\":\"https:\\\/\\\/ipautomationinc.com\\\/#organization\",\"name\":\"IP Automation Inc\",\"url\":\"https:\\\/\\\/ipautomationinc.com\\\/\",\"logo\":{\"@type\":\"ImageObject\",\"inLanguage\":\"sl-SI\",\"@id\":\"https:\\\/\\\/ipautomationinc.com\\\/#\\\/schema\\\/logo\\\/image\\\/\",\"url\":\"https:\\\/\\\/ipautomationinc.com\\\/wp-content\\\/uploads\\\/2022\\\/05\\\/IPA-Favicon.png\",\"contentUrl\":\"https:\\\/\\\/ipautomationinc.com\\\/wp-content\\\/uploads\\\/2022\\\/05\\\/IPA-Favicon.png\",\"width\":513,\"height\":513,\"caption\":\"IP Automation Inc\"},\"image\":{\"@id\":\"https:\\\/\\\/ipautomationinc.com\\\/#\\\/schema\\\/logo\\\/image\\\/\"},\"sameAs\":[\"https:\\\/\\\/www.facebook.com\\\/ipautomationinc\\\/\",\"https:\\\/\\\/www.linkedin.com\\\/company\\\/ip-automation-inc\\\/\",\"https:\\\/\\\/www.youtube.com\\\/@IPAutomation\"]}]}<\/script>\n<!-- \/ Yoast SEO plugin. -->","yoast_head_json":{"title":"Ve\u010dstopenjski CNC upogibni stroj serije iD-MS | IP Automation Inc","description":"CNC upogibni stroj iD-MS (ve\u010dstopenjski) serije je zasnovan za posebne oblike \u017eice z visoko natan\u010dnostjo, ki zahtevajo lo\u010dene operacije upogibanja.","robots":{"index":"index","follow":"follow","max-snippet":"max-snippet:-1","max-image-preview":"max-image-preview:large","max-video-preview":"max-video-preview:-1"},"canonical":"https:\/\/ipautomationinc.com\/sl\/serija-i-d-ms\/","og_locale":"sl_SI","og_type":"article","og_title":"i-D-MS Series Multi-Stage CNC Wire Bender | IP Automation Inc","og_description":"The i-D-MS (Multi-stage) series CNC Wire Bender is designed for specialized high precision wire forms requiring separate bending operations.","og_url":"https:\/\/ipautomationinc.com\/sl\/serija-i-d-ms\/","og_site_name":"IP Automation Inc","article_publisher":"https:\/\/www.facebook.com\/ipautomationinc\/","article_modified_time":"2026-02-24T16:12:40+00:00","og_image":[{"url":"https:\/\/ipautomationinc.com\/wp-content\/uploads\/2022\/09\/i-D-MS-RGB-1.png","type":"","width":"","height":""}],"schema":{"@context":"https:\/\/schema.org","@graph":[{"@type":"WebPage","@id":"https:\/\/ipautomationinc.com\/i-d-ms-series\/","url":"https:\/\/ipautomationinc.com\/i-d-ms-series\/","name":"Ve\u010dstopenjski CNC upogibni stroj serije iD-MS | IP Automation Inc","isPartOf":{"@id":"https:\/\/ipautomationinc.com\/#website"},"primaryImageOfPage":{"@id":"https:\/\/ipautomationinc.com\/i-d-ms-series\/#primaryimage"},"image":{"@id":"https:\/\/ipautomationinc.com\/i-d-ms-series\/#primaryimage"},"thumbnailUrl":"https:\/\/ipautomationinc.com\/wp-content\/uploads\/2022\/09\/i-D-MS-RGB-1.png","datePublished":"2022-06-16T21:54:35+00:00","dateModified":"2026-02-24T16:12:40+00:00","description":"CNC upogibni stroj iD-MS (ve\u010dstopenjski) serije je zasnovan za posebne oblike \u017eice z visoko natan\u010dnostjo, ki zahtevajo lo\u010dene operacije upogibanja.","inLanguage":"sl-SI","potentialAction":[{"@type":"ReadAction","target":["https:\/\/ipautomationinc.com\/i-d-ms-series\/"]}]},{"@type":"ImageObject","inLanguage":"sl-SI","@id":"https:\/\/ipautomationinc.com\/i-d-ms-series\/#primaryimage","url":"https:\/\/ipautomationinc.com\/wp-content\/uploads\/2022\/09\/i-D-MS-RGB-1.png","contentUrl":"https:\/\/ipautomationinc.com\/wp-content\/uploads\/2022\/09\/i-D-MS-RGB-1.png"},{"@type":"WebSite","@id":"https:\/\/ipautomationinc.com\/#website","url":"https:\/\/ipautomationinc.com\/","name":"IP Automation Inc","description":"Koncept... Kreacija... Realnost...","publisher":{"@id":"https:\/\/ipautomationinc.com\/#organization"},"potentialAction":[{"@type":"SearchAction","target":{"@type":"EntryPoint","urlTemplate":"https:\/\/ipautomationinc.com\/?s={search_term_string}"},"query-input":{"@type":"PropertyValueSpecification","valueRequired":true,"valueName":"search_term_string"}}],"inLanguage":"sl-SI"},{"@type":"Organization","@id":"https:\/\/ipautomationinc.com\/#organization","name":"IP Automation Inc","url":"https:\/\/ipautomationinc.com\/","logo":{"@type":"ImageObject","inLanguage":"sl-SI","@id":"https:\/\/ipautomationinc.com\/#\/schema\/logo\/image\/","url":"https:\/\/ipautomationinc.com\/wp-content\/uploads\/2022\/05\/IPA-Favicon.png","contentUrl":"https:\/\/ipautomationinc.com\/wp-content\/uploads\/2022\/05\/IPA-Favicon.png","width":513,"height":513,"caption":"IP Automation Inc"},"image":{"@id":"https:\/\/ipautomationinc.com\/#\/schema\/logo\/image\/"},"sameAs":["https:\/\/www.facebook.com\/ipautomationinc\/","https:\/\/www.linkedin.com\/company\/ip-automation-inc\/","https:\/\/www.youtube.com\/@IPAutomation"]}]}},"_links":{"self":[{"href":"https:\/\/ipautomationinc.com\/sl\/wp-json\/wp\/v2\/pages\/1248","targetHints":{"allow":["GET"]}}],"collection":[{"href":"https:\/\/ipautomationinc.com\/sl\/wp-json\/wp\/v2\/pages"}],"about":[{"href":"https:\/\/ipautomationinc.com\/sl\/wp-json\/wp\/v2\/types\/page"}],"author":[{"embeddable":true,"href":"https:\/\/ipautomationinc.com\/sl\/wp-json\/wp\/v2\/users\/3"}],"replies":[{"embeddable":true,"href":"https:\/\/ipautomationinc.com\/sl\/wp-json\/wp\/v2\/comments?post=1248"}],"version-history":[{"count":3,"href":"https:\/\/ipautomationinc.com\/sl\/wp-json\/wp\/v2\/pages\/1248\/revisions"}],"predecessor-version":[{"id":39491,"href":"https:\/\/ipautomationinc.com\/sl\/wp-json\/wp\/v2\/pages\/1248\/revisions\/39491"}],"wp:attachment":[{"href":"https:\/\/ipautomationinc.com\/sl\/wp-json\/wp\/v2\/media?parent=1248"}],"curies":[{"name":"delovni list","href":"https:\/\/api.w.org\/{rel}","templated":true}]}}