{"id":1244,"date":"2022-06-16T16:18:04","date_gmt":"2022-06-16T21:18:04","guid":{"rendered":"https:\/\/ipautomationinc.com\/?page_id=1244"},"modified":"2026-02-24T10:08:44","modified_gmt":"2026-02-24T16:08:44","slug":"serija-i-d","status":"publish","type":"page","link":"https:\/\/ipautomationinc.com\/sl\/i-d-series\/","title":{"rendered":"CNC stroj za oblikovanje \u017eice serije iD"},"content":{"rendered":"<h6 class=\"wp-block-heading\"><strong>Dvoglavi 3D CNC stroj za preoblikovanje \u017eice serije iD je idealna in priljubljena izbira za aplikacije, ki zahtevajo natan\u010dne velike \u017ei\u010dne okvirje. Popolnoma elektri\u010dni 16-osni in nastavljiv do 19-osni je popoln za uporabo v avtomobilih in napravah, ki zahtevajo ve\u010djo hitrost ali dimenzijsko preveliko za upravljanje z eno samo glavo. Na\u0161e edinstvene pre\u010dne upogibne glave vam bodo omogo\u010dile ustvarjanje upogibov z velikimi radiji, patentirana spona pa omogo\u010da neskon\u010dno vrtenje \u017eice. Pogosto je robotsko zdru\u017een s sekundarnim upogibalnikom brez povezave, da zagotovi \u0161e naprednej\u0161o zmogljivost oblikovanja \u017eice.<\/strong><\/h6>\n\n\n\n<p><span class=\"builder2seo\"><\/span>CNC stroj za oblikovanje \u017eice z dvojno glavo<br><br>serija i-D<br><br><img decoding=\"async\" src=\"https:\/\/ipautomationinc.com\/wp-content\/uploads\/2024\/05\/NEW-i8-D-RGB.png#36635\" alt=\"NOVO i8-D RGB\"><br>iD CNC oblikovalnik \u017eice<br>400 slikovnih pik<br><br>Kliknite tukaj za video<br><a href=\"https:\/\/ipautomationinc.com\/sl\/serija-i-d\/#video\">https:\/\/ipautomationinc.com\/i-d-series\/#video<\/a><br>fas fa-play-krog<br>gumb_tema<br><br>Kliknite tukaj za PDF letak<br><a href=\"https:\/\/ipautomationinc.com\/wp-content\/uploads\/2025\/09\/2025-i-D-Flyer.pdf\">https:\/\/ipautomationinc.com\/wp-content\/uploads\/2025\/09\/2025-i-D-Flyer.pdf<\/a><br>fas fa-datoteka-pdf<br>gumb_tema<br>https:\/\/ipautomationinc.com\/wp-content\/uploads\/2025\/09\/2025-i-D-Flyer.pdf<br><br>166,185,191,170,255<br>#0455B3<br>3px 3px 3px 3px<br><br><h4>The i-D series double head 3D CNC wire forming machine is an ideal choice for applications requiring precise large wire forms. The all electric 16 Axis and configurable up to 19 Axis is perfect for automotive and appliance applications requiring greater speed or dimensionally too large to handle on a single head.Our unique traversing bend heads will allow you to create large radii bends and the patented clamp provides infinite wire rotation. Often Robotically paired with an off- line secondary bender to provide even more advanced wire forming capability.<\/h4><br><br><h3>Aplikacije<\/h3><h4>\u017dica za obrobe avtomobilskih sede\u017eev, okvirji za sestavljanje blazin, obrobe za police, stojala za pe\u010dice <\/h4><br>#EBEBEB<br><br><img decoding=\"async\" src=\"https:\/\/ipautomationinc.com\/wp-content\/uploads\/2024\/05\/NEW-i8-D-RGB.png#36635\" alt=\"NOVO i8-D RGB\"><br><br>Kliknite tukaj za video<br><a href=\"https:\/\/ipautomationinc.com\/sl\/serija-i-d\/#video\">https:\/\/ipautomationinc.com\/i-d-series\/#video<\/a><br>fas fa-play-krog<br>gumb_tema<br><br>Kliknite tukaj za PDF letak<br><a href=\"https:\/\/ipautomationinc.com\/wp-content\/uploads\/2025\/09\/2025-i-D-Flyer.pdf\">https:\/\/ipautomationinc.com\/wp-content\/uploads\/2025\/09\/2025-i-D-Flyer.pdf<\/a><br>fas fa-datoteka-pdf<br>gumb_tema<br>https:\/\/ipautomationinc.com\/wp-content\/uploads\/2025\/09\/2025-i-D-Flyer.pdf<br><br>166,185,191,170,255<br>#0455B3<br>3px 3px 3px 3px<br>po meri<br>80%<br><br><h4>The i-D series double head 3D CNC wire forming machine is an ideal choice for applications requiring precise large wire forms. The all electric 16 Axis and configurable up to 19 Axis is perfect for automotive and appliance applications requiring greater speed or dimensionally too large to handle on a single head.Our unique traversing bend heads will allow you to create large radii bends and the patented clamp provides infinite wire rotation. Often Robotically paired with an off- line secondary bender to provide even more advanced wire forming capability.<\/h4><br><br><h3>Aplikacije<\/h3><h4>\u017dica za obrobe avtomobilskih sede\u017eev, okvirji za sestavljanje blazin, obrobe polic, stojala za pe\u010dice <\/h4><br>#EBEBEB<br><br><br>Mediji<br><br>;c;;<br><br>i6-D Video<br><a href=\"https:\/\/player.vimeo.com\/video\/1018761944\">https:\/\/player.vimeo.com\/video\/1018761944<\/a><br>lightbox<br>gumb_tema<br>exit-mfn-popup<br><br>1302,1301,1208,1300,1204<br>velik<br><br><br>Lastnosti<br><br>Upogibanje<br>Programiranje<br>Podrobnosti<br>Postavitev stroja<br><br><br>\t16-19 Servo Axes:  X &#8211; feed, rotary straightener, C &#8211; cutter, Y &#8211; bender pin rotation(2X) , Z &#8211; clamp &amp; rotate, U &#8211;  tool pivot (2x),  P &#8211; bend head height (2X),  transfer, <br><br>\t4 ali 8 upogibnih radijev<br><br>In\u017eenirji za avtomatizacijo IP in CNC stroji so vse krivilne glave, rezalniki in valji za podajanje \u017eice sami po razumni ceni s hitrim obratom<br><br><br><br><br>\t<a href=\"https:\/\/ipautomationinc.com\/sl\/zmogljivosti-stroja\/\">Programska oprema Intellibend <\/a> v operacijskem sistemu Windows 10<br><br>Oblika CNC programa dol\u017eina-rotacija-kot<br><br>\tProizvodna nadzorna plo\u0161\u010da s hitrostjo in serijskim programiranjem v realnem \u010dasu<br><br>\t21,5\u2033 zaslon na ve\u010dkratni dotik<br><br>\tOddaljena povezljivost prek tunela VPN<br><br>\tProtokol OPC-UA za industrijo 4.0<br><br>Na voljo so I\/O funkcije po meri<br><br>\t<br><br><br>Izpla\u010dilo \u017eice z zmogljivostjo roke linearnega gibanja: 3000 lbs. vklju\u010deno (4500 lbs. mo\u017enost je na voljo) <br><br>7\u2032 (2,13 m) varnostna kletka z varnostnimi zapornimi vrati<br><br>Ravnalnik \u017eice Arbor, programabilen<br><br>Vsi pogonski sistemi podajanja in upogibanja imajo utrjene zobnike in so popolnoma zaprti.<br><br>Hitro preklopni utrjeni podajalni valji za 2 velikosti \u017eice<br><br>Linearni kodirnik na podajalniku \u017eice za natan\u010dnost in zaznavanje zdrsa<br><br>Rezalna matrica za ponovno bru\u0161enje<br><br>Programabilna zlo\u017eljiva \u017ei\u010dna vodila<br><br>Na voljo usposabljanje na kraju samem<br><br>Mo\u017enost robotske integracije<br><br>Izbirna zlo\u017eljiva sredinska objemka<br><br><br><div class=\"image_frame image_item scale-with-grid element_classes no_border hover-disable mfn-img-box\"  role=\"link\" aria-label=\"Slika s povezavami\" tabindex=\"0\"><div class=\"image_wrapper\"><a href=\"https:\/\/ipautomationinc.com\/wp-content\/uploads\/2022\/07\/605-top.png\" rel=\"prettyphoto\"   class=\"\"  tabindex=\"-1\" title=\"\"><div class=\"mask\"><\/div><img decoding=\"async\" class=\"scale-with-grid\" src=\"https:\/\/ipautomationinc.com\/wp-content\/uploads\/2022\/07\/605-top.png\" fetchpriority=\"high\" alt=\"605 vrh\" title=\"\" width=\"300\" height=\"424\" style=\"\"\/><\/a><div class=\"image_links\"><a href=\"https:\/\/ipautomationinc.com\/wp-content\/uploads\/2022\/07\/605-top.png\" class=\"zoom\" rel=\"prettyphoto\" tabindex=\"-1\" aria-label=\"pove\u010dava slike\" title=\"\"><svg viewbox=\"0 0 26 26\"><defs><style>.path{fill:none;stroke:#333;stroke-miterlimit:10;stroke-width:1.5px;}<\/style><\/defs><circle cx=\"11.35\" cy=\"11.35\" r=\"6\" class=\"path\"\/><line x1=\"15.59\" y1=\"15.59\" x2=\"20.65\" y2=\"20.65\" class=\"path\"\/><\/svg><\/a><\/div><\/div><p class=\"wp-caption-text\">iD Pogled od zgoraj<\/p><\/div>\n<br><br><br><br><div class=\"image_frame image_item scale-with-grid element_classes no_border hover-disable mfn-img-box\"  role=\"link\" aria-label=\"Slika s povezavami\" tabindex=\"0\"><div class=\"image_wrapper\"><a href=\"https:\/\/ipautomationinc.com\/wp-content\/uploads\/2022\/07\/603-ISO-1.png\" rel=\"prettyphoto\"   class=\"\"  tabindex=\"-1\" title=\"\"><div class=\"mask\"><\/div><img decoding=\"async\" class=\"scale-with-grid\" src=\"https:\/\/ipautomationinc.com\/wp-content\/uploads\/2022\/07\/603-ISO-1.png\" fetchpriority=\"high\" alt=\"603 ISO\" title=\"\" width=\"300\" height=\"581\" style=\"\"\/><\/a><div class=\"image_links\"><a href=\"https:\/\/ipautomationinc.com\/wp-content\/uploads\/2022\/07\/603-ISO-1.png\" class=\"zoom\" rel=\"prettyphoto\" tabindex=\"-1\" aria-label=\"pove\u010dava slike\" title=\"\"><svg viewbox=\"0 0 26 26\"><defs><style>.path{fill:none;stroke:#333;stroke-miterlimit:10;stroke-width:1.5px;}<\/style><\/defs><circle cx=\"11.35\" cy=\"11.35\" r=\"6\" class=\"path\"\/><line x1=\"15.59\" y1=\"15.59\" x2=\"20.65\" y2=\"20.65\" class=\"path\"\/><\/svg><\/a><\/div><\/div><p class=\"wp-caption-text\">iD izometri\u010dni pogled<\/p><\/div>\n<br>#EBEBEB<br>#222222<br><br><br>Specifikacije<br><br><br><br><p>*Na zmogljivost najmanj\u0161ega in najve\u010djega premera vpliva natezni izkoristek \u017eice. Pi\u0161ite nam za pojasnilo glede najmanj\u0161ega\/najve\u010djega razpona za va\u0161 tip \u017eice.<\/p><br><br><br>Mo\u017enosti stroja<br><br>Intelimetska robotika<br>s prilagojenim EOAT<br><img decoding=\"async\" src=\"https:\/\/ipautomationinc.com\/wp-content\/uploads\/2022\/06\/machine-options_robot.png#1271\" alt=\"strojne mo\u017enosti_robot\"><br><a href=\"https:\/\/ipautomationinc.com\/sl\/dodatki\/robotika\/\">https:\/\/ipautomationinc.com\/accessories\/robotics\/<\/a><br>\u0161katlasta lestvica<br>70%<br><br>iBW-45 Varilni aparat za \u010delno varjenje<br>z rotacijskim stiskalnikom<br><img decoding=\"async\" src=\"https:\/\/ipautomationinc.com\/wp-content\/uploads\/2025\/08\/machine-options_iBW-45.png#38050\" alt=\"machine-options_iBW-45\"><br><a href=\"https:\/\/ipautomationinc.com\/sl\/dodatki\/avtomatski-varilci\/\">https:\/\/ipautomationinc.com\/accessories\/automated-welders\/<\/a><br>\u0161katlasta lestvica<br>70%<br><br>Stiskalnica za stiskanje<br><img decoding=\"async\" src=\"https:\/\/ipautomationinc.com\/wp-content\/uploads\/2024\/08\/crimping-press-icon-crop.png#36758\" alt=\"crimping press icon crop\"><br><a href=\"https:\/\/ipautomationinc.com\/sl\/dodatki\/stiskalnica-za-stiskanje\/\">https:\/\/ipautomationinc.com\/accessories\/crimping-press\/<\/a><br>\u0161katlasta lestvica<br>70%<br><br>Pre\u010dna upogibna glava<br>za upogibanje zunaj osi in upogibanje velike matrice<br><img decoding=\"async\" src=\"https:\/\/ipautomationinc.com\/wp-content\/uploads\/2022\/06\/machine-options_traversing-bend.png#1324\" alt=\"strojne-mo\u017enosti_pomikanje-upogib\"><br>\u0161katlasta lestvica<br>70%<br><br>Pregled vida<br><img decoding=\"async\" src=\"https:\/\/ipautomationinc.com\/wp-content\/uploads\/2022\/06\/machine-options_vision-inspection-closeup.png#1305\" alt=\"strojne-mo\u017enosti_vizija-pregled-od blizu\"><br>\u0161katlasta lestvica<br>70%<br><br>Servo stiskalnica<br><img decoding=\"async\" src=\"https:\/\/ipautomationinc.com\/wp-content\/uploads\/2022\/06\/machine-options_servo-press.png#1272\" alt=\"strojne mo\u017enosti_servo stiskalnica\"><br>\u0161katlasta lestvica<br>70%<br><br>Postaja za laj\u0161anje stresa<br><img decoding=\"async\" src=\"https:\/\/ipautomationinc.com\/wp-content\/uploads\/2022\/06\/machine-options_stress-relieving.png#1287\" alt=\"strojne mo\u017enosti_razbremenitev stresa\"><br>\u0161katlasta lestvica<br>70%<br><br>Dobite cene zdaj!<br>ikona-naprej<br><a href=\"https:\/\/ipautomationinc.com\/sl\/kontaktiraj-nas\/#form\">https:\/\/ipautomationinc.com\/contact-us\/#form<\/a><br>50 slikovnih pik<br><br>Drugi CNC stroji za upogibanje \u017eice<br><br><h4>Upogibalke \u017eice z eno glavo<\/h4><br><br><p><hr class=\"no_line\" style=\"margin: 0 auto 0px auto\"\/>\n <a href=\"https:\/\/ipautomationinc.com\/sl\/enoglavi-cnc-upogibniki-zice\/\"> <img decoding=\"async\" src=\"https:\/\/ipautomationinc.com\/wp-content\/uploads\/2023\/02\/i8-S-RGB-1.png\" alt=\"iS CNC oblikovalnik \u017eice\"> <\/a> <hr class=\"no_line\" style=\"margin: 0 auto 0px auto\"\/>\n <a class=\"mfn-link mfn-link-1\" href=\"\" style=\"\" data-hover=\"\"   ><span data-hover=\"\"><\/span><\/a><\/p><br>brez ponavljanja;levo zgoraj;;<br>avto<br><br><h4>2D upogibalke \u017eice<\/h4><br><br><p><hr class=\"no_line\" style=\"margin: 0 auto 0px auto\"\/>\n <a href=\"https:\/\/ipautomationinc.com\/sl\/2d-serija\/\"> <img decoding=\"async\" src=\"https:\/\/ipautomationinc.com\/wp-content\/uploads\/2026\/02\/i10-S-2D-2D-CNC-Wire-Bending-Machine-With-Automated-Welder.png\" alt=\"2D cnc upogibalnik \u017eice\"> <\/a> <hr class=\"no_line\" style=\"margin: 0 auto 0px auto\"\/>\n <a class=\"mfn-link mfn-link-1\" href=\"\" style=\"\" data-hover=\"\"   ><span data-hover=\"\"><\/span><\/a><\/p><br>brez ponavljanja;levo zgoraj;;<br>avto<br><br><\/p>","protected":false},"excerpt":{"rendered":"<p>The i-D series double head 3D CNC wire forming machine is an ideal and popular choice for applications requiring precise<span class=\"excerpt-hellip\"> [\u2026]<\/span><\/p>\n","protected":false},"author":3,"featured_media":0,"parent":0,"menu_order":0,"comment_status":"closed","ping_status":"closed","template":"","meta":{"footnotes":""},"class_list":["post-1244","page","type-page","status-publish","hentry"],"yoast_head":"<!-- This site is optimized with the Yoast SEO plugin v27.4 - https:\/\/yoast.com\/product\/yoast-seo-wordpress\/ -->\n<title>i-D Series CNC Wire Forming Machine | IP Automation Inc<\/title>\n<meta name=\"description\" content=\"The i-D series double head CNC wire forming machine is an ideal and popular choice for applications requiring precise large wire frames.\" \/>\n<meta name=\"robots\" content=\"index, follow, max-snippet:-1, max-image-preview:large, max-video-preview:-1\" \/>\n<link rel=\"canonical\" href=\"https:\/\/ipautomationinc.com\/sl\/serija-i-d\/\" \/>\n<meta property=\"og:locale\" content=\"sl_SI\" \/>\n<meta property=\"og:type\" content=\"article\" \/>\n<meta property=\"og:title\" content=\"i-D Series CNC Wire Forming Machine | IP Automation Inc\" \/>\n<meta property=\"og:description\" content=\"The i-D series double head CNC wire forming machine is an ideal and popular choice for applications requiring precise large wire frames.\" \/>\n<meta property=\"og:url\" content=\"https:\/\/ipautomationinc.com\/sl\/serija-i-d\/\" \/>\n<meta property=\"og:site_name\" content=\"IP Automation Inc\" \/>\n<meta property=\"article:publisher\" content=\"https:\/\/www.facebook.com\/ipautomationinc\/\" \/>\n<meta property=\"article:modified_time\" content=\"2026-02-24T16:08:44+00:00\" \/>\n<meta property=\"og:image\" content=\"https:\/\/ipautomationinc.com\/wp-content\/uploads\/2024\/05\/NEW-i8-D-RGB.png#36635\" \/>\n<script type=\"application\/ld+json\" class=\"yoast-schema-graph\">{\"@context\":\"https:\\\/\\\/schema.org\",\"@graph\":[{\"@type\":\"WebPage\",\"@id\":\"https:\\\/\\\/ipautomationinc.com\\\/i-d-series\\\/\",\"url\":\"https:\\\/\\\/ipautomationinc.com\\\/i-d-series\\\/\",\"name\":\"i-D Series CNC Wire Forming Machine | IP Automation Inc\",\"isPartOf\":{\"@id\":\"https:\\\/\\\/ipautomationinc.com\\\/#website\"},\"primaryImageOfPage\":{\"@id\":\"https:\\\/\\\/ipautomationinc.com\\\/i-d-series\\\/#primaryimage\"},\"image\":{\"@id\":\"https:\\\/\\\/ipautomationinc.com\\\/i-d-series\\\/#primaryimage\"},\"thumbnailUrl\":\"https:\\\/\\\/ipautomationinc.com\\\/wp-content\\\/uploads\\\/2024\\\/05\\\/NEW-i8-D-RGB.png#36635\",\"datePublished\":\"2022-06-16T21:18:04+00:00\",\"dateModified\":\"2026-02-24T16:08:44+00:00\",\"description\":\"The i-D series double head CNC wire forming machine is an ideal and popular choice for applications requiring precise large wire frames.\",\"inLanguage\":\"sl-SI\",\"potentialAction\":[{\"@type\":\"ReadAction\",\"target\":[\"https:\\\/\\\/ipautomationinc.com\\\/i-d-series\\\/\"]}]},{\"@type\":\"ImageObject\",\"inLanguage\":\"sl-SI\",\"@id\":\"https:\\\/\\\/ipautomationinc.com\\\/i-d-series\\\/#primaryimage\",\"url\":\"https:\\\/\\\/ipautomationinc.com\\\/wp-content\\\/uploads\\\/2024\\\/05\\\/NEW-i8-D-RGB.png#36635\",\"contentUrl\":\"https:\\\/\\\/ipautomationinc.com\\\/wp-content\\\/uploads\\\/2024\\\/05\\\/NEW-i8-D-RGB.png#36635\"},{\"@type\":\"WebSite\",\"@id\":\"https:\\\/\\\/ipautomationinc.com\\\/#website\",\"url\":\"https:\\\/\\\/ipautomationinc.com\\\/\",\"name\":\"IP Automation Inc\",\"description\":\"Concept... Creation... Reality...\",\"publisher\":{\"@id\":\"https:\\\/\\\/ipautomationinc.com\\\/#organization\"},\"potentialAction\":[{\"@type\":\"SearchAction\",\"target\":{\"@type\":\"EntryPoint\",\"urlTemplate\":\"https:\\\/\\\/ipautomationinc.com\\\/?s={search_term_string}\"},\"query-input\":{\"@type\":\"PropertyValueSpecification\",\"valueRequired\":true,\"valueName\":\"search_term_string\"}}],\"inLanguage\":\"sl-SI\"},{\"@type\":\"Organization\",\"@id\":\"https:\\\/\\\/ipautomationinc.com\\\/#organization\",\"name\":\"IP Automation Inc\",\"url\":\"https:\\\/\\\/ipautomationinc.com\\\/\",\"logo\":{\"@type\":\"ImageObject\",\"inLanguage\":\"sl-SI\",\"@id\":\"https:\\\/\\\/ipautomationinc.com\\\/#\\\/schema\\\/logo\\\/image\\\/\",\"url\":\"https:\\\/\\\/ipautomationinc.com\\\/wp-content\\\/uploads\\\/2022\\\/05\\\/IPA-Favicon.png\",\"contentUrl\":\"https:\\\/\\\/ipautomationinc.com\\\/wp-content\\\/uploads\\\/2022\\\/05\\\/IPA-Favicon.png\",\"width\":513,\"height\":513,\"caption\":\"IP Automation Inc\"},\"image\":{\"@id\":\"https:\\\/\\\/ipautomationinc.com\\\/#\\\/schema\\\/logo\\\/image\\\/\"},\"sameAs\":[\"https:\\\/\\\/www.facebook.com\\\/ipautomationinc\\\/\",\"https:\\\/\\\/www.linkedin.com\\\/company\\\/ip-automation-inc\\\/\",\"https:\\\/\\\/www.youtube.com\\\/@IPAutomation\"]}]}<\/script>\n<!-- \/ Yoast SEO plugin. -->","yoast_head_json":{"title":"CNC stroj za oblikovanje \u017eice serije iD | IP Automation Inc","description":"Dvoglavi CNC stroj za oblikovanje \u017eice serije iD je idealna in priljubljena izbira za aplikacije, ki zahtevajo natan\u010dne velike \u017ei\u010dne okvirje.","robots":{"index":"index","follow":"follow","max-snippet":"max-snippet:-1","max-image-preview":"max-image-preview:large","max-video-preview":"max-video-preview:-1"},"canonical":"https:\/\/ipautomationinc.com\/sl\/serija-i-d\/","og_locale":"sl_SI","og_type":"article","og_title":"i-D Series CNC Wire Forming Machine | IP Automation Inc","og_description":"The i-D series double head CNC wire forming machine is an ideal and popular choice for applications requiring precise large wire frames.","og_url":"https:\/\/ipautomationinc.com\/sl\/serija-i-d\/","og_site_name":"IP Automation Inc","article_publisher":"https:\/\/www.facebook.com\/ipautomationinc\/","article_modified_time":"2026-02-24T16:08:44+00:00","og_image":[{"url":"https:\/\/ipautomationinc.com\/wp-content\/uploads\/2024\/05\/NEW-i8-D-RGB.png#36635","type":"","width":"","height":""}],"schema":{"@context":"https:\/\/schema.org","@graph":[{"@type":"WebPage","@id":"https:\/\/ipautomationinc.com\/i-d-series\/","url":"https:\/\/ipautomationinc.com\/i-d-series\/","name":"CNC stroj za oblikovanje \u017eice serije iD | IP Automation Inc","isPartOf":{"@id":"https:\/\/ipautomationinc.com\/#website"},"primaryImageOfPage":{"@id":"https:\/\/ipautomationinc.com\/i-d-series\/#primaryimage"},"image":{"@id":"https:\/\/ipautomationinc.com\/i-d-series\/#primaryimage"},"thumbnailUrl":"https:\/\/ipautomationinc.com\/wp-content\/uploads\/2024\/05\/NEW-i8-D-RGB.png#36635","datePublished":"2022-06-16T21:18:04+00:00","dateModified":"2026-02-24T16:08:44+00:00","description":"Dvoglavi CNC stroj za oblikovanje \u017eice serije iD je idealna in priljubljena izbira za aplikacije, ki zahtevajo natan\u010dne velike \u017ei\u010dne okvirje.","inLanguage":"sl-SI","potentialAction":[{"@type":"ReadAction","target":["https:\/\/ipautomationinc.com\/i-d-series\/"]}]},{"@type":"ImageObject","inLanguage":"sl-SI","@id":"https:\/\/ipautomationinc.com\/i-d-series\/#primaryimage","url":"https:\/\/ipautomationinc.com\/wp-content\/uploads\/2024\/05\/NEW-i8-D-RGB.png#36635","contentUrl":"https:\/\/ipautomationinc.com\/wp-content\/uploads\/2024\/05\/NEW-i8-D-RGB.png#36635"},{"@type":"WebSite","@id":"https:\/\/ipautomationinc.com\/#website","url":"https:\/\/ipautomationinc.com\/","name":"IP Automation Inc","description":"Koncept... Kreacija... Realnost...","publisher":{"@id":"https:\/\/ipautomationinc.com\/#organization"},"potentialAction":[{"@type":"SearchAction","target":{"@type":"EntryPoint","urlTemplate":"https:\/\/ipautomationinc.com\/?s={search_term_string}"},"query-input":{"@type":"PropertyValueSpecification","valueRequired":true,"valueName":"search_term_string"}}],"inLanguage":"sl-SI"},{"@type":"Organization","@id":"https:\/\/ipautomationinc.com\/#organization","name":"IP Automation Inc","url":"https:\/\/ipautomationinc.com\/","logo":{"@type":"ImageObject","inLanguage":"sl-SI","@id":"https:\/\/ipautomationinc.com\/#\/schema\/logo\/image\/","url":"https:\/\/ipautomationinc.com\/wp-content\/uploads\/2022\/05\/IPA-Favicon.png","contentUrl":"https:\/\/ipautomationinc.com\/wp-content\/uploads\/2022\/05\/IPA-Favicon.png","width":513,"height":513,"caption":"IP Automation Inc"},"image":{"@id":"https:\/\/ipautomationinc.com\/#\/schema\/logo\/image\/"},"sameAs":["https:\/\/www.facebook.com\/ipautomationinc\/","https:\/\/www.linkedin.com\/company\/ip-automation-inc\/","https:\/\/www.youtube.com\/@IPAutomation"]}]}},"_links":{"self":[{"href":"https:\/\/ipautomationinc.com\/sl\/wp-json\/wp\/v2\/pages\/1244","targetHints":{"allow":["GET"]}}],"collection":[{"href":"https:\/\/ipautomationinc.com\/sl\/wp-json\/wp\/v2\/pages"}],"about":[{"href":"https:\/\/ipautomationinc.com\/sl\/wp-json\/wp\/v2\/types\/page"}],"author":[{"embeddable":true,"href":"https:\/\/ipautomationinc.com\/sl\/wp-json\/wp\/v2\/users\/3"}],"replies":[{"embeddable":true,"href":"https:\/\/ipautomationinc.com\/sl\/wp-json\/wp\/v2\/comments?post=1244"}],"version-history":[{"count":3,"href":"https:\/\/ipautomationinc.com\/sl\/wp-json\/wp\/v2\/pages\/1244\/revisions"}],"predecessor-version":[{"id":39489,"href":"https:\/\/ipautomationinc.com\/sl\/wp-json\/wp\/v2\/pages\/1244\/revisions\/39489"}],"wp:attachment":[{"href":"https:\/\/ipautomationinc.com\/sl\/wp-json\/wp\/v2\/media?parent=1244"}],"curies":[{"name":"delovni list","href":"https:\/\/api.w.org\/{rel}","templated":true}]}}