{"id":1241,"date":"2022-06-16T15:42:09","date_gmt":"2022-06-16T20:42:09","guid":{"rendered":"https:\/\/ipautomationinc.com\/?page_id=1241"},"modified":"2026-04-07T15:53:55","modified_gmt":"2026-04-07T20:53:55","slug":"2d-serija","status":"publish","type":"page","link":"https:\/\/ipautomationinc.com\/sl\/2d-series\/","title":{"rendered":"i-2D Series 2D CNC Wire Bending Machine"},"content":{"rendered":"<h6 class=\"wp-block-heading\"><strong>The i-H series is the most advanced 2D CNC wire bending mThe i-2D series (previously known as the i-H series) is the most advanced 2D CNC wire bending machine on the market today. Featuring all electric design for optimal performance and reliability. The wire cutting unit can be user configured for open die cutting which integrates perfectly with the optional welding unit. Alternately, a side cut tooling change provides a very square cut.achine on the market today. Featuring all electric design for optimal performance and reliability. The wire cutting unit can be user configured for open die cutting which integrates perfectly with the optional welding unit. Alternately, a side cut tooling change provides a very square cut.<\/strong><\/h6>\n\n\n\n<p><span class=\"builder2seo\"><\/span>2D CNC stroji za upogibanje \u017eice<br><br>Serija i-2D<br><br><img decoding=\"async\" src=\"https:\/\/ipautomationinc.com\/wp-content\/uploads\/2026\/02\/i10-S-2D-2D-CNC-Wire-Bending-Machine-With-Automated-Welder-text.png#39480\" alt=\"i10-S-2D 2D CNC Wire Bending Machine With Automated Welder text\"><br>iH 2D CNC stroj za krivljenje \u017eice<br>400 slikovnih pik<br><br>Kliknite tukaj za video<br><a href=\"https:\/\/ipautomationinc.com\/sl\/serija-i-h\/#video\">https:\/\/ipautomationinc.com\/i-h-series\/#video<\/a><br>fas fa-play-krog<br>gumb_tema<br><br>Kliknite tukaj za PDF letak<br><a href=\"https:\/\/ipautomationinc.com\/wp-content\/uploads\/2025\/09\/2025-i-H-Flyer.pdf\">https:\/\/ipautomationinc.com\/wp-content\/uploads\/2025\/09\/2025-i-H-Flyer.pdf<\/a><br>fas fa-datoteka-pdf<br>gumb_tema<br>https:\/\/ipautomationinc.com\/wp-content\/uploads\/2025\/09\/2025-i-H-Flyer.pdf<br><br>1291,1290,1390<br>#0455B3<br>3px 3px 3px 3px<br>po meri<br>60%<br><br><h4>The i-2D series (previously known as the i-H series) is the most advanced 2D CNC wire bending machine on the market today. Featuring all electric design for optimal performance and reliability. The wire cutting unit can be user configured for open die cutting which integrates perfectly with the optional welding unit. Alternately, a side cut tooling change provides a very square cut. The servo adjustable bend head height provides precision tool positioning not available on competitive machines. With an innovative coordination of the cutter motion with bend head height, you\\&#8217;ll have more bending and cutting control than any machine in it\\&#8217;s class. Available in both horizontal and angled table formats. The programming and feed mechanisms are the same American-Made quality you will find on our more advanced systems.<\/h4><br><br><h3>Aplikacije<\/h3><h4>Okvirji za filtre, okvirji za znake, \u017ei\u010dne ko\u0161are za otro\u0161ke sobe, venci, generirani zavoji za okrogle oblike. <\/h4><br>#EBEBEB<br><br><img decoding=\"async\" src=\"https:\/\/ipautomationinc.com\/wp-content\/uploads\/2026\/02\/i10-S-2D-2D-CNC-Wire-Bending-Machine-With-Automated-Welder-text.png#39480\" alt=\"i10-S-2D 2D CNC Wire Bending Machine With Automated Welder text\"><br><br>Kliknite tukaj za video<br><a href=\"https:\/\/ipautomationinc.com\/sl\/serija-i-h\/#video\">https:\/\/ipautomationinc.com\/i-h-series\/#video<\/a><br>fas fa-play-krog<br>gumb_tema<br><br>Kliknite tukaj za PDF letak<br><a href=\"https:\/\/ipautomationinc.com\/wp-content\/uploads\/2025\/09\/2025-i-H-Flyer.pdf\">https:\/\/ipautomationinc.com\/wp-content\/uploads\/2025\/09\/2025-i-H-Flyer.pdf<\/a><br>fas fa-datoteka-pdf<br>gumb_tema<br>https:\/\/ipautomationinc.com\/wp-content\/uploads\/2025\/09\/2025-i-H-Flyer.pdf<br><br>1291,1290,1390<br>#0455B3<br>3px 3px 3px 3px<br>po meri<br>380 slikovnih pik<br>80%<br><br><h4>The i-2D series (previously known as the i-H series) is the most advanced 2D CNC wire bending machine on the market today. Featuring all electric design for optimal performance and reliability. The wire cutting unit can be user configured for open die cutting which integrates perfectly with the optional welding unit. Alternately, a side cut tooling change provides a very square cut. The servo adjustable bend head height provides precision tool positioning not available on competitive machines. With an innovative coordination of the cutter motion with bend head height, you\\&#8217;ll have more bending and cutting control than any machine in it\\&#8217;s class. Available in both horizontal and angled table formats. The programming and feed mechanisms are the same American-Made quality you will find on our more advanced systems.<\/h4><br><br><h3>Aplikacije<\/h3><h4>Okvirji za filtre, okvirji za znake, \u017ei\u010dne ko\u0161are za otro\u0161ke sobe, venci, generirani zavoji za okrogle oblike. <\/h4><br>#EBEBEB<br><br><br>Mediji<br><br>;c;;<br><br>i6-2D video<br><a href=\"https:\/\/player.vimeo.com\/video\/971008651\">https:\/\/player.vimeo.com\/video\/971008651<\/a><br>lightbox<br>gumb_tema<br>exit-mfn-popup<br><br>1306,1307,1312,1204,36775<br>velik<br><br><br>Lastnosti<br><br>Upogibanje<br>Programiranje<br>Podrobnosti<br>Postavitev stroja<br><br><br>\t4 Servo Axes:  X &#8211; feed, Y &#8211; bend, combined servo cutter and bend head height<br><br>\t2-8 upogibnih radijev z nastavljivo vi\u0161ino upogiba<br><br>In\u017eenirji za avtomatizacijo IP in CNC stroji so vse krivilne glave, rezalniki in valji za podajanje \u017eice sami po razumni ceni s hitrim obratom<br><br><br><br><br>\t<a href=\"https:\/\/ipautomationinc.com\/sl\/zmogljivosti-stroja\/\">Programska oprema Intellibend <\/a> v operacijskem sistemu Windows 10<br><br>\tProizvodna nadzorna plo\u0161\u010da s hitrostjo in serijskim programiranjem v realnem \u010dasu<br><br>\t18,5\u2033 zaslon z ve\u010dkratnim dotikom<br><br>\tOddaljena povezljivost prek tunela VPN<br><br>\tProtokol OPC-UA za industrijo 4.0<br><br>Na voljo so I\/O funkcije po meri<br><br>\t<br><br><br>Izpla\u010dilo \u017eice z zmogljivostjo roke linearnega gibanja: 3000 lbs.<br><br>Ravnalnik \u017eice z dvojno ravnino \u0161irokega razpona<br><br>Vsi pogonski sistemi podajanja in upogibanja imajo utrjene zobnike in so popolnoma zaprti.<br><br>Hitro preklopni utrjeni podajalni valji za 2 velikosti \u017eice<br><br>Linearni kodirnik na podajalniku \u017eice za natan\u010dnost in zaznavanje zdrsa<br><br>Rezalna matrica za ponovno bru\u0161enje<br><br><br><br>Mo\u017enost avtomatizirane varilne enote vari hkrati z upogibnimi postopki<br><br><br><br>zahteva 2 GPM vodnega hlajenja (na voljo je samostojna mo\u017enost vodnega hlajenja)<br><br><br><br><br><br>Na voljo usposabljanje na kraju samem<br><br>Mo\u017enost robotske integracije<br><br><br><div class=\"image_frame image_item scale-with-grid element_classes no_border hover-disable mfn-img-box\"  role=\"link\" aria-label=\"Slika s povezavami\" tabindex=\"0\"><div class=\"image_wrapper\"><a href=\"https:\/\/ipautomationinc.com\/wp-content\/uploads\/2022\/06\/i6-H.png\" rel=\"prettyphoto\"   class=\"\"  tabindex=\"-1\" title=\"\"><div class=\"mask\"><\/div><img decoding=\"async\" class=\"scale-with-grid\" src=\"https:\/\/ipautomationinc.com\/wp-content\/uploads\/2022\/06\/i6-H.png\" fetchpriority=\"high\" alt=\"Meritve cnc stroja za upogibanje \u017eice i6-H\" title=\"\" width=\"225\" height=\"505\" style=\"\"\/><\/a><div class=\"image_links\"><a href=\"https:\/\/ipautomationinc.com\/wp-content\/uploads\/2022\/06\/i6-H.png\" class=\"zoom\" rel=\"prettyphoto\" tabindex=\"-1\" aria-label=\"pove\u010dava slike\" title=\"\"><svg viewbox=\"0 0 26 26\"><defs><style>.path{fill:none;stroke:#333;stroke-miterlimit:10;stroke-width:1.5px;}<\/style><\/defs><circle cx=\"11.35\" cy=\"11.35\" r=\"6\" class=\"path\"\/><line x1=\"15.59\" y1=\"15.59\" x2=\"20.65\" y2=\"20.65\" class=\"path\"\/><\/svg><\/a><\/div><\/div><p class=\"wp-caption-text\">i6-H Pogled od spredaj<\/p><\/div>\n<br><br><br><br><div class=\"image_frame image_item scale-with-grid element_classes no_border hover-disable mfn-img-box\"  role=\"link\" aria-label=\"Slika s povezavami\" tabindex=\"0\"><div class=\"image_wrapper\"><a href=\"https:\/\/ipautomationinc.com\/wp-content\/uploads\/2022\/06\/i6-H-ISO.png\" rel=\"prettyphoto\"   class=\"\"  tabindex=\"-1\" title=\"\"><div class=\"mask\"><\/div><img decoding=\"async\" class=\"scale-with-grid\" src=\"https:\/\/ipautomationinc.com\/wp-content\/uploads\/2022\/06\/i6-H-ISO.png\" fetchpriority=\"high\" alt=\"iH 2D cnc stroj za upogibanje \u017eice iso postavitev\" title=\"\" width=\"225\" height=\"613\" style=\"\"\/><\/a><div class=\"image_links\"><a href=\"https:\/\/ipautomationinc.com\/wp-content\/uploads\/2022\/06\/i6-H-ISO.png\" class=\"zoom\" rel=\"prettyphoto\" tabindex=\"-1\" aria-label=\"pove\u010dava slike\" title=\"\"><svg viewbox=\"0 0 26 26\"><defs><style>.path{fill:none;stroke:#333;stroke-miterlimit:10;stroke-width:1.5px;}<\/style><\/defs><circle cx=\"11.35\" cy=\"11.35\" r=\"6\" class=\"path\"\/><line x1=\"15.59\" y1=\"15.59\" x2=\"20.65\" y2=\"20.65\" class=\"path\"\/><\/svg><\/a><\/div><\/div><p class=\"wp-caption-text\">i6-H Izometri\u010dni pogled<\/p><\/div>\n<br><br><br><br><div class=\"image_frame image_item scale-with-grid element_classes no_border hover-disable mfn-img-box\"  role=\"link\" aria-label=\"Slika s povezavami\" tabindex=\"0\"><div class=\"image_wrapper\"><a href=\"https:\/\/ipautomationinc.com\/wp-content\/uploads\/2022\/06\/701-Side.png\" rel=\"prettyphoto\"   class=\"\"  tabindex=\"-1\" title=\"\"><div class=\"mask\"><\/div><img decoding=\"async\" class=\"scale-with-grid\" src=\"https:\/\/ipautomationinc.com\/wp-content\/uploads\/2022\/06\/701-Side.png\" fetchpriority=\"high\" alt=\"701 Stran\" title=\"\" width=\"225\" height=\"241\" style=\"\"\/><\/a><div class=\"image_links\"><a href=\"https:\/\/ipautomationinc.com\/wp-content\/uploads\/2022\/06\/701-Side.png\" class=\"zoom\" rel=\"prettyphoto\" tabindex=\"-1\" aria-label=\"pove\u010dava slike\" title=\"\"><svg viewbox=\"0 0 26 26\"><defs><style>.path{fill:none;stroke:#333;stroke-miterlimit:10;stroke-width:1.5px;}<\/style><\/defs><circle cx=\"11.35\" cy=\"11.35\" r=\"6\" class=\"path\"\/><line x1=\"15.59\" y1=\"15.59\" x2=\"20.65\" y2=\"20.65\" class=\"path\"\/><\/svg><\/a><\/div><\/div><p class=\"wp-caption-text\">i13-H Pogled od spredaj<\/p><\/div>\n<br><br><br><br><div class=\"image_frame image_item scale-with-grid element_classes no_border hover-disable mfn-img-box\"  role=\"link\" aria-label=\"Slika s povezavami\" tabindex=\"0\"><div class=\"image_wrapper\"><a href=\"https:\/\/ipautomationinc.com\/wp-content\/uploads\/2022\/06\/701-Top.png\" rel=\"prettyphoto\"   class=\"\"  tabindex=\"-1\" title=\"\"><div class=\"mask\"><\/div><img decoding=\"async\" class=\"scale-with-grid\" src=\"https:\/\/ipautomationinc.com\/wp-content\/uploads\/2022\/06\/701-Top.png\" fetchpriority=\"high\" alt=\"iH cnc stroj za upogibanje \u017eice pogled od zgoraj\" title=\"\" width=\"225\" height=\"412\" style=\"\"\/><\/a><div class=\"image_links\"><a href=\"https:\/\/ipautomationinc.com\/wp-content\/uploads\/2022\/06\/701-Top.png\" class=\"zoom\" rel=\"prettyphoto\" tabindex=\"-1\" aria-label=\"pove\u010dava slike\" title=\"\"><svg viewbox=\"0 0 26 26\"><defs><style>.path{fill:none;stroke:#333;stroke-miterlimit:10;stroke-width:1.5px;}<\/style><\/defs><circle cx=\"11.35\" cy=\"11.35\" r=\"6\" class=\"path\"\/><line x1=\"15.59\" y1=\"15.59\" x2=\"20.65\" y2=\"20.65\" class=\"path\"\/><\/svg><\/a><\/div><\/div><p class=\"wp-caption-text\">i13-H Pogled od zgoraj<\/p><\/div>\n<br><br><br><br><div class=\"image_frame image_item scale-with-grid element_classes no_border hover-disable mfn-img-box\"  role=\"link\" aria-label=\"Slika s povezavami\" tabindex=\"0\"><div class=\"image_wrapper\"><a href=\"https:\/\/ipautomationinc.com\/wp-content\/uploads\/2022\/06\/701-ISO-A.png\" rel=\"prettyphoto\"   class=\"\"  tabindex=\"-1\" title=\"\"><div class=\"mask\"><\/div><img decoding=\"async\" class=\"scale-with-grid\" src=\"https:\/\/ipautomationinc.com\/wp-content\/uploads\/2022\/06\/701-ISO-A.png\" fetchpriority=\"high\" alt=\"701 ISO A\" title=\"\" width=\"225\" height=\"468\" style=\"\"\/><\/a><div class=\"image_links\"><a href=\"https:\/\/ipautomationinc.com\/wp-content\/uploads\/2022\/06\/701-ISO-A.png\" class=\"zoom\" rel=\"prettyphoto\" tabindex=\"-1\" aria-label=\"pove\u010dava slike\" title=\"\"><svg viewbox=\"0 0 26 26\"><defs><style>.path{fill:none;stroke:#333;stroke-miterlimit:10;stroke-width:1.5px;}<\/style><\/defs><circle cx=\"11.35\" cy=\"11.35\" r=\"6\" class=\"path\"\/><line x1=\"15.59\" y1=\"15.59\" x2=\"20.65\" y2=\"20.65\" class=\"path\"\/><\/svg><\/a><\/div><\/div><p class=\"wp-caption-text\">i13-H Izometri\u010dni pogled<\/p><\/div>\n<br>#EBEBEB<br>#222222<br><br><br>Specifikacije<br><br><br><br><p>*Na zmogljivost najmanj\u0161ega in najve\u010djega premera vpliva natezni izkoristek \u017eice. Pi\u0161ite nam za pojasnilo glede najmanj\u0161ega\/najve\u010djega razpona za va\u0161 tip \u017eice.<\/p><br><br><br>Mo\u017enosti stroja<br><br>Intelimetska robotika<br>s prilagojenim EOAT<br><img decoding=\"async\" src=\"https:\/\/ipautomationinc.com\/wp-content\/uploads\/2022\/06\/machine-options_robot.png#1271\" alt=\"strojne mo\u017enosti_robot\"><br><a href=\"https:\/\/ipautomationinc.com\/sl\/dodatki\/robotika\/\">https:\/\/ipautomationinc.com\/accessories\/robotics\/<\/a><br>\u0161katlasta lestvica<br>70%<br><br>Integrirani \u010delni varilec<br><img decoding=\"async\" src=\"https:\/\/ipautomationinc.com\/wp-content\/uploads\/2024\/08\/i-H-Welder-highligt.png#36775\" alt=\"i-H Welder highligt\"><br><a href=\"https:\/\/ipautomationinc.com\/sl\/dodatki\/avtomatski-varilci\/\">https:\/\/ipautomationinc.com\/accessories\/automated-welders\/<\/a><br>\u0161katlasta lestvica<br>100%<br><br>Obdelovalni center iFM<br><img decoding=\"async\" src=\"https:\/\/ipautomationinc.com\/wp-content\/uploads\/2023\/11\/ifm-icon-1.png#35422\" alt=\"ifm ikona\"><br><a href=\"https:\/\/ipautomationinc.com\/sl\/dodatki\/obdelovalni-center\/\">https:\/\/ipautomationinc.com\/accessories\/machining-center\/<\/a><br>\u0161katlasta lestvica<br>70%<br><br>iBW-45 Varilni aparat za \u010delno varjenje<br>Z vrtljivim stiskalnikom<br><img decoding=\"async\" src=\"https:\/\/ipautomationinc.com\/wp-content\/uploads\/2025\/08\/machine-options_iBW-45.png#38050\" alt=\"machine-options_iBW-45\"><br><a href=\"https:\/\/ipautomationinc.com\/sl\/dodatki\/avtomatski-varilci\/\">https:\/\/ipautomationinc.com\/accessories\/automated-welders\/<\/a><br>\u0161katlasta lestvica<br>70%<br><br>Posnemalna\/vrtalna postaja<br><img decoding=\"async\" src=\"https:\/\/ipautomationinc.com\/wp-content\/uploads\/2024\/08\/chamfer-drill.png#36736\" alt=\"posnemalni sveder\"><br><a href=\"https:\/\/ipautomationinc.com\/sl\/dodatki\/posnemalni-sveder\/\">https:\/\/ipautomationinc.com\/accessories\/chamfer-drill\/<\/a><br>\u0161katlasta lestvica<br>70%<br><br>Pregled vida<br><img decoding=\"async\" src=\"https:\/\/ipautomationinc.com\/wp-content\/uploads\/2022\/06\/machine-options_vision-inspection-closeup.png#1305\" alt=\"strojne-mo\u017enosti_vizija-pregled-od blizu\"><br>\u0161katlasta lestvica<br>70%<br><br>Servo stiskalnica<br><img decoding=\"async\" src=\"https:\/\/ipautomationinc.com\/wp-content\/uploads\/2022\/06\/machine-options_servo-press.png#1272\" alt=\"strojne mo\u017enosti_servo stiskalnica\"><br>\u0161katlasta lestvica<br>70%<br><br>Postaja za laj\u0161anje stresa<br>svetilka<br><img decoding=\"async\" src=\"https:\/\/ipautomationinc.com\/wp-content\/uploads\/2022\/06\/machine-options_stress-relieving.png#1287\" alt=\"strojne mo\u017enosti_razbremenitev stresa\"><br>\u0161katlasta lestvica<br>70%<br><br>Dobite cene zdaj!<br>ikona-naprej<br><a href=\"https:\/\/ipautomationinc.com\/sl\/kontaktiraj-nas\/#form\">https:\/\/ipautomationinc.com\/contact-us\/#form<\/a><br>50 slikovnih pik<br><br>Drugi CNC stroji za upogibanje \u017eice<br><br><h4>Upogibalke \u017eice z eno glavo<\/h4><br><br><p><hr class=\"no_line\" style=\"margin: 0 auto 0px auto\"\/>\n <a href=\"https:\/\/ipautomationinc.com\/sl\/enoglavi-cnc-upogibniki-zice\/\"> <img decoding=\"async\" src=\"https:\/\/ipautomationinc.com\/wp-content\/uploads\/2023\/02\/i8-S-RGB-1.png\" alt=\"iS CNC oblikovalnik \u017eice\"> <\/a> <hr class=\"no_line\" style=\"margin: 0 auto 0px auto\"\/>\n <a class=\"mfn-link mfn-link-1\" href=\"\" style=\"\" data-hover=\"\"   ><span data-hover=\"\"><\/span><\/a><\/p><br>brez ponavljanja;levo zgoraj;;<br>avto<br><br><h4>Upogibalke \u017eice z dvojno glavo<\/h4><br><br><p><hr class=\"no_line\" style=\"margin: 0 auto 0px auto\"\/>\n <a href=\"https:\/\/ipautomationinc.com\/sl\/dvoglavi-cnc-upogibalci-zice\/\"> <img decoding=\"async\" src=\"https:\/\/ipautomationinc.com\/wp-content\/uploads\/2024\/07\/i8-D-double-head-1.png\" alt=\"\"> <\/a> <hr class=\"no_line\" style=\"margin: 0 auto 0px auto\"\/>\n <a class=\"mfn-link mfn-link-1\" href=\"\" style=\"\" data-hover=\"\"   ><span data-hover=\"\"><\/span><\/a><\/p><br>brez ponavljanja;levo zgoraj;;<br>avto<br><br><\/p>","protected":false},"excerpt":{"rendered":"<p>The i-H series is the most advanced 2D CNC wire bending mThe i-2D series (previously known as the i-H series)<span class=\"excerpt-hellip\"> [\u2026]<\/span><\/p>\n","protected":false},"author":3,"featured_media":0,"parent":0,"menu_order":0,"comment_status":"closed","ping_status":"closed","template":"","meta":{"footnotes":""},"class_list":["post-1241","page","type-page","status-publish","hentry"],"yoast_head":"<!-- This site is optimized with the Yoast SEO plugin v27.3 - https:\/\/yoast.com\/product\/yoast-seo-wordpress\/ -->\n<title>i-2D Series 2D CNC Wire Bending Machine | IP Automation Inc<\/title>\n<meta name=\"description\" content=\"The i-2D series is the the most advanced 2D CNC wire bending machine on the market. Featuring all servo electric bending, feeding and cutting.\" \/>\n<meta name=\"robots\" content=\"index, follow, max-snippet:-1, max-image-preview:large, max-video-preview:-1\" \/>\n<link rel=\"canonical\" href=\"https:\/\/ipautomationinc.com\/sl\/2d-serija\/\" \/>\n<meta property=\"og:locale\" content=\"sl_SI\" \/>\n<meta property=\"og:type\" content=\"article\" \/>\n<meta property=\"og:title\" content=\"i-2D Series 2D CNC Wire Bending Machine | IP Automation Inc\" \/>\n<meta property=\"og:description\" content=\"The i-2D series is the the most advanced 2D CNC wire bending machine on the market. Featuring all servo electric bending, feeding and cutting.\" \/>\n<meta property=\"og:url\" content=\"https:\/\/ipautomationinc.com\/sl\/2d-serija\/\" \/>\n<meta property=\"og:site_name\" content=\"IP Automation Inc\" \/>\n<meta property=\"article:publisher\" content=\"https:\/\/www.facebook.com\/ipautomationinc\/\" \/>\n<meta property=\"article:modified_time\" content=\"2026-04-07T20:53:55+00:00\" \/>\n<meta property=\"og:image\" content=\"https:\/\/ipautomationinc.com\/wp-content\/uploads\/2026\/02\/i10-S-2D-2D-CNC-Wire-Bending-Machine-With-Automated-Welder-text.png#39480\" \/>\n<script type=\"application\/ld+json\" class=\"yoast-schema-graph\">{\"@context\":\"https:\\\/\\\/schema.org\",\"@graph\":[{\"@type\":\"WebPage\",\"@id\":\"https:\\\/\\\/ipautomationinc.com\\\/2d-series\\\/\",\"url\":\"https:\\\/\\\/ipautomationinc.com\\\/2d-series\\\/\",\"name\":\"i-2D Series 2D CNC Wire Bending Machine | IP Automation Inc\",\"isPartOf\":{\"@id\":\"https:\\\/\\\/ipautomationinc.com\\\/#website\"},\"primaryImageOfPage\":{\"@id\":\"https:\\\/\\\/ipautomationinc.com\\\/2d-series\\\/#primaryimage\"},\"image\":{\"@id\":\"https:\\\/\\\/ipautomationinc.com\\\/2d-series\\\/#primaryimage\"},\"thumbnailUrl\":\"https:\\\/\\\/ipautomationinc.com\\\/wp-content\\\/uploads\\\/2026\\\/02\\\/i10-S-2D-2D-CNC-Wire-Bending-Machine-With-Automated-Welder-text.png#39480\",\"datePublished\":\"2022-06-16T20:42:09+00:00\",\"dateModified\":\"2026-04-07T20:53:55+00:00\",\"description\":\"The i-2D series is the the most advanced 2D CNC wire bending machine on the market. Featuring all servo electric bending, feeding and cutting.\",\"inLanguage\":\"sl-SI\",\"potentialAction\":[{\"@type\":\"ReadAction\",\"target\":[\"https:\\\/\\\/ipautomationinc.com\\\/2d-series\\\/\"]}]},{\"@type\":\"ImageObject\",\"inLanguage\":\"sl-SI\",\"@id\":\"https:\\\/\\\/ipautomationinc.com\\\/2d-series\\\/#primaryimage\",\"url\":\"https:\\\/\\\/ipautomationinc.com\\\/wp-content\\\/uploads\\\/2026\\\/02\\\/i10-S-2D-2D-CNC-Wire-Bending-Machine-With-Automated-Welder-text.png#39480\",\"contentUrl\":\"https:\\\/\\\/ipautomationinc.com\\\/wp-content\\\/uploads\\\/2026\\\/02\\\/i10-S-2D-2D-CNC-Wire-Bending-Machine-With-Automated-Welder-text.png#39480\"},{\"@type\":\"WebSite\",\"@id\":\"https:\\\/\\\/ipautomationinc.com\\\/#website\",\"url\":\"https:\\\/\\\/ipautomationinc.com\\\/\",\"name\":\"IP Automation Inc\",\"description\":\"Concept... Creation... Reality...\",\"publisher\":{\"@id\":\"https:\\\/\\\/ipautomationinc.com\\\/#organization\"},\"potentialAction\":[{\"@type\":\"SearchAction\",\"target\":{\"@type\":\"EntryPoint\",\"urlTemplate\":\"https:\\\/\\\/ipautomationinc.com\\\/?s={search_term_string}\"},\"query-input\":{\"@type\":\"PropertyValueSpecification\",\"valueRequired\":true,\"valueName\":\"search_term_string\"}}],\"inLanguage\":\"sl-SI\"},{\"@type\":\"Organization\",\"@id\":\"https:\\\/\\\/ipautomationinc.com\\\/#organization\",\"name\":\"IP Automation Inc\",\"url\":\"https:\\\/\\\/ipautomationinc.com\\\/\",\"logo\":{\"@type\":\"ImageObject\",\"inLanguage\":\"sl-SI\",\"@id\":\"https:\\\/\\\/ipautomationinc.com\\\/#\\\/schema\\\/logo\\\/image\\\/\",\"url\":\"https:\\\/\\\/ipautomationinc.com\\\/wp-content\\\/uploads\\\/2022\\\/05\\\/IPA-Favicon.png\",\"contentUrl\":\"https:\\\/\\\/ipautomationinc.com\\\/wp-content\\\/uploads\\\/2022\\\/05\\\/IPA-Favicon.png\",\"width\":513,\"height\":513,\"caption\":\"IP Automation Inc\"},\"image\":{\"@id\":\"https:\\\/\\\/ipautomationinc.com\\\/#\\\/schema\\\/logo\\\/image\\\/\"},\"sameAs\":[\"https:\\\/\\\/www.facebook.com\\\/ipautomationinc\\\/\",\"https:\\\/\\\/www.linkedin.com\\\/company\\\/ip-automation-inc\\\/\",\"https:\\\/\\\/www.youtube.com\\\/@IPAutomation\"]}]}<\/script>\n<!-- \/ Yoast SEO plugin. -->","yoast_head_json":{"title":"2D CNC stroj za upogibanje \u017eice serije i-2D | IP Automation Inc","description":"Serija i-2D je najnaprednej\u0161i 2D CNC stroj za upogibanje \u017eice na trgu. Opremljen je s servo elektri\u010dnimi funkcijami upogibanja, podajanja in rezanja.","robots":{"index":"index","follow":"follow","max-snippet":"max-snippet:-1","max-image-preview":"max-image-preview:large","max-video-preview":"max-video-preview:-1"},"canonical":"https:\/\/ipautomationinc.com\/sl\/2d-serija\/","og_locale":"sl_SI","og_type":"article","og_title":"i-2D Series 2D CNC Wire Bending Machine | IP Automation Inc","og_description":"The i-2D series is the the most advanced 2D CNC wire bending machine on the market. Featuring all servo electric bending, feeding and cutting.","og_url":"https:\/\/ipautomationinc.com\/sl\/2d-serija\/","og_site_name":"IP Automation Inc","article_publisher":"https:\/\/www.facebook.com\/ipautomationinc\/","article_modified_time":"2026-04-07T20:53:55+00:00","og_image":[{"url":"https:\/\/ipautomationinc.com\/wp-content\/uploads\/2026\/02\/i10-S-2D-2D-CNC-Wire-Bending-Machine-With-Automated-Welder-text.png#39480","type":"","width":"","height":""}],"schema":{"@context":"https:\/\/schema.org","@graph":[{"@type":"WebPage","@id":"https:\/\/ipautomationinc.com\/2d-series\/","url":"https:\/\/ipautomationinc.com\/2d-series\/","name":"2D CNC stroj za upogibanje \u017eice serije i-2D | IP Automation Inc","isPartOf":{"@id":"https:\/\/ipautomationinc.com\/#website"},"primaryImageOfPage":{"@id":"https:\/\/ipautomationinc.com\/2d-series\/#primaryimage"},"image":{"@id":"https:\/\/ipautomationinc.com\/2d-series\/#primaryimage"},"thumbnailUrl":"https:\/\/ipautomationinc.com\/wp-content\/uploads\/2026\/02\/i10-S-2D-2D-CNC-Wire-Bending-Machine-With-Automated-Welder-text.png#39480","datePublished":"2022-06-16T20:42:09+00:00","dateModified":"2026-04-07T20:53:55+00:00","description":"Serija i-2D je najnaprednej\u0161i 2D CNC stroj za upogibanje \u017eice na trgu. Opremljen je s servo elektri\u010dnimi funkcijami upogibanja, podajanja in rezanja.","inLanguage":"sl-SI","potentialAction":[{"@type":"ReadAction","target":["https:\/\/ipautomationinc.com\/2d-series\/"]}]},{"@type":"ImageObject","inLanguage":"sl-SI","@id":"https:\/\/ipautomationinc.com\/2d-series\/#primaryimage","url":"https:\/\/ipautomationinc.com\/wp-content\/uploads\/2026\/02\/i10-S-2D-2D-CNC-Wire-Bending-Machine-With-Automated-Welder-text.png#39480","contentUrl":"https:\/\/ipautomationinc.com\/wp-content\/uploads\/2026\/02\/i10-S-2D-2D-CNC-Wire-Bending-Machine-With-Automated-Welder-text.png#39480"},{"@type":"WebSite","@id":"https:\/\/ipautomationinc.com\/#website","url":"https:\/\/ipautomationinc.com\/","name":"IP Automation Inc","description":"Koncept... Kreacija... Realnost...","publisher":{"@id":"https:\/\/ipautomationinc.com\/#organization"},"potentialAction":[{"@type":"SearchAction","target":{"@type":"EntryPoint","urlTemplate":"https:\/\/ipautomationinc.com\/?s={search_term_string}"},"query-input":{"@type":"PropertyValueSpecification","valueRequired":true,"valueName":"search_term_string"}}],"inLanguage":"sl-SI"},{"@type":"Organization","@id":"https:\/\/ipautomationinc.com\/#organization","name":"IP Automation Inc","url":"https:\/\/ipautomationinc.com\/","logo":{"@type":"ImageObject","inLanguage":"sl-SI","@id":"https:\/\/ipautomationinc.com\/#\/schema\/logo\/image\/","url":"https:\/\/ipautomationinc.com\/wp-content\/uploads\/2022\/05\/IPA-Favicon.png","contentUrl":"https:\/\/ipautomationinc.com\/wp-content\/uploads\/2022\/05\/IPA-Favicon.png","width":513,"height":513,"caption":"IP Automation Inc"},"image":{"@id":"https:\/\/ipautomationinc.com\/#\/schema\/logo\/image\/"},"sameAs":["https:\/\/www.facebook.com\/ipautomationinc\/","https:\/\/www.linkedin.com\/company\/ip-automation-inc\/","https:\/\/www.youtube.com\/@IPAutomation"]}]}},"_links":{"self":[{"href":"https:\/\/ipautomationinc.com\/sl\/wp-json\/wp\/v2\/pages\/1241","targetHints":{"allow":["GET"]}}],"collection":[{"href":"https:\/\/ipautomationinc.com\/sl\/wp-json\/wp\/v2\/pages"}],"about":[{"href":"https:\/\/ipautomationinc.com\/sl\/wp-json\/wp\/v2\/types\/page"}],"author":[{"embeddable":true,"href":"https:\/\/ipautomationinc.com\/sl\/wp-json\/wp\/v2\/users\/3"}],"replies":[{"embeddable":true,"href":"https:\/\/ipautomationinc.com\/sl\/wp-json\/wp\/v2\/comments?post=1241"}],"version-history":[{"count":3,"href":"https:\/\/ipautomationinc.com\/sl\/wp-json\/wp\/v2\/pages\/1241\/revisions"}],"predecessor-version":[{"id":39483,"href":"https:\/\/ipautomationinc.com\/sl\/wp-json\/wp\/v2\/pages\/1241\/revisions\/39483"}],"wp:attachment":[{"href":"https:\/\/ipautomationinc.com\/sl\/wp-json\/wp\/v2\/media?parent=1241"}],"curies":[{"name":"delovni list","href":"https:\/\/api.w.org\/{rel}","templated":true}]}}