{"id":1234,"date":"2022-06-16T14:54:40","date_gmt":"2022-06-16T19:54:40","guid":{"rendered":"https:\/\/ipautomationinc.com\/?page_id=1234"},"modified":"2026-03-31T15:29:37","modified_gmt":"2026-03-31T20:29:37","slug":"serija-i-s-na-kvadrat","status":"publish","type":"page","link":"https:\/\/ipautomationinc.com\/sl\/i-s-squared-series\/","title":{"rendered":"3D CNC stroj za krivljenje \u017eice serije i-S\u00b2"},"content":{"rendered":"<h6 class=\"wp-block-heading\"><strong>3D CNC-stroji za upogibanje \u017eice serije i-S\u00b2 temeljijo na zasnovi na\u0161e serije iS, vendar smo dodali dodatno upogibno glavo, name\u0161\u010deno na pre\u010dni upogibni osi. Druga upogibna glava odpira mno\u017eico mo\u017enosti, ki jih je nemogo\u010de ustvariti na eni sami upogibni glavi. Prilagodljivost upogibanja nosu in trna v enem stroju zagotavlja neverjetno vsestranskost.<\/strong><\/h6>\n\n\n\n<p><\/p>\n\n\n\n<p><span class=\"builder2seo\"><\/span>CNC upogibniki \u017eice z ve\u010d upogibnimi glavami<br><br>Serija i-S\u00b2<br><br><img decoding=\"async\" src=\"https:\/\/ipautomationinc.com\/wp-content\/uploads\/2024\/08\/i10-S\u00b2-rgb.png#36757\" alt=\"i10-S\u00b2-rgb\"><br>3D cnc stroj za upogibanje \u017eice<br>400 slikovnih pik<br><br>Kliknite tukaj za video<br><a href=\"https:\/\/ipautomationinc.com\/sl\/serija-i-s-na-kvadrat\/#video\">https:\/\/ipautomationinc.com\/i-s-squared-series\/#video<\/a><br>fas fa-play-krog<br>gumb_tema<br><br>Kliknite tukaj za PDF letak<br><a href=\"https:\/\/ipautomationinc.com\/wp-content\/uploads\/2025\/09\/2025-i-S-Squared-Bifold-Flyer.pdf\">https:\/\/ipautomationinc.com\/wp-content\/uploads\/2025\/09\/2025-i-S-Squared-Bifold-Flyer.pdf<\/a><br>fas fa-datoteka-pdf<br>gumb_tema<br>https:\/\/ipautomationinc.com\/wp-content\/uploads\/2025\/09\/2025-i-S-Squared-Bifold-Flyer.pdf<br><br>261,260,262,251,246<br>#0455B3<br>3px 3px 3px 3px<br><br><h4>3D CNC upogibni stroji serije i-S\u00b2 temeljijo na na\u0161i zasnovi serije iS, vendar smo dodali dodatno upogibno glavo, name\u0161\u010deno na pre\u010dni upogibni osi. Druga upogibna glava odpira mno\u017eico mo\u017enosti, ki jih je nemogo\u010de ustvariti na eni sami upogibni glavi. Prilagodljivost upogibanja nosu in trna v enem stroju zagotavlja neverjetno vsestranskost. CNC-stroj za upogibanje \u017eice i-S\u00b2 3D je primeren tudi za upogibanje cevi iz tuljave z dodatkom na\u0161ih mo\u017enosti zarezovanja ali posnemanja.<\/h4><br><br><h3>Aplikacije<\/h3><h4>Mno\u017eica 2- in 3-dimenzionalnih delov iz gradbenih vezic, navornih palic za avtomobilske sede\u017ee, zunanjo in kmetijsko opremo, HVAC, vzvodov, re\u0161etk, povezav, kavljev, delov pohi\u0161tva, POP zaslona, stojal, upognjenih delov trna in delov cevi, upognjenih iz tuljava, kot so zavorne cevi, cevi zra\u010dnega kompresorja, hladilne cevi.<\/h4><br>#EBEBEB<br><br><img decoding=\"async\" src=\"https:\/\/ipautomationinc.com\/wp-content\/uploads\/2024\/08\/i10-S\u00b2-rgb.png#36757\" alt=\"i10-S\u00b2-rgb\"><br>3d CNC stroj za upogibanje \u017eice<br><br>Kliknite tukaj za video<br><a href=\"https:\/\/ipautomationinc.com\/sl\/serija-i-s-na-kvadrat\/#video\">https:\/\/ipautomationinc.com\/i-s-squared-series\/#video<\/a><br>fas fa-play-krog<br>gumb_tema<br><br>Kliknite tukaj za PDF letak<br><a href=\"https:\/\/ipautomationinc.com\/wp-content\/uploads\/2025\/09\/2025-i-S-Squared-Bifold-Flyer.pdf\">https:\/\/ipautomationinc.com\/wp-content\/uploads\/2025\/09\/2025-i-S-Squared-Bifold-Flyer.pdf<\/a><br>fas fa-datoteka-pdf<br>gumb_tema<br>https:\/\/ipautomationinc.com\/wp-content\/uploads\/2025\/09\/2025-i-S-Squared-Bifold-Flyer.pdf<br><br>261,260,262,251,246<br>#0455B3<br>3px 3px 3px 3px<br>po meri<br>80%<br><br><h4>3D CNC upogibni stroji serije i-S\u00b2 temeljijo na na\u0161i zasnovi serije iS, vendar smo dodali dodatno upogibno glavo, name\u0161\u010deno na pre\u010dni upogibni osi. Druga upogibna glava odpira mno\u017eico mo\u017enosti, ki jih je nemogo\u010de ustvariti na eni sami upogibni glavi. Prilagodljivost upogibanja nosu in trna v enem stroju zagotavlja neverjetno vsestranskost. CNC-stroj za upogibanje \u017eice i-S\u00b2 3D je primeren tudi za upogibanje cevi iz tuljave z dodatkom na\u0161ih mo\u017enosti zarezovanja ali posnemanja.<\/h4><br><br><h3>Aplikacije<\/h3><h4>Mno\u017eica 2- in 3-dimenzionalnih delov iz gradbenih vezic, navornih palic za avtomobilske sede\u017ee, zunanjo in kmetijsko opremo, HVAC, vzvodov, re\u0161etk, povezav, kavljev, delov pohi\u0161tva, POP zaslona, stojal, upognjenih delov trna in delov cevi, upognjenih iz tuljava, kot so zavorne cevi, cevi zra\u010dnega kompresorja, hladilne cevi.<\/h4><br>#EBEBEB<br><br><br>Mediji<br><br>;c;;<br><br>i13-S\u00b2 Video<br><a href=\"https:\/\/player.vimeo.com\/video\/1020329518\">https:\/\/player.vimeo.com\/video\/1020329518<\/a><br>lightbox<br>gumb_tema<br>exit-mfn-popup<br><br>1309,1311,1671,35649,1204<br>velik<br><br><br>Lastnosti<br><br>Upogibanje<br>Programiranje<br>Podrobnosti<br>Postavitev stroja<br><br><br>\t8 Servo Axes: X-feed, Y &#8211; bender pin rotation, Z &#8211; arm rotation, T &#8211; center turret rotation, P &#8211; bend head height , C &#8211; cutter<br><br>\tDo 16 upogibnih radijev je mo\u017enih z nastavljivo vi\u0161ino upogiba in dvojnimi revolverji<br><br>In\u017eenirji za avtomatizacijo IP in CNC stroji so vse krivilne glave, rezalniki in valji za podajanje \u017eice sami po razumni ceni s hitrim obratom<br><br><br><br><br>\t<a href=\"https:\/\/ipautomationinc.com\/sl\/zmogljivosti-stroja\/\">Programska oprema Intellibend <\/a> v operacijskem sistemu Windows 10<br><br>Oblika CNC programa dol\u017eina-rotacija-kot<br><br>\tProizvodna nadzorna plo\u0161\u010da s hitrostjo in serijskim programiranjem v realnem \u010dasu<br><br>\t21,5\u2033 zaslon z ve\u010dkratnim dotikom<br><br>\tOddaljena povezljivost prek tunela VPN<br><br>\tProtokol OPC-UA za industrijo 4.0<br><br>Na voljo so I\/O funkcije po meri<br><br>\t<br><br><br>Izpla\u010dilo \u017eice z zmogljivostjo roke linearnega gibanja: 3000 lbs. vklju\u010deno (4500 lbs. mo\u017enost je na voljo)<br><br>7\u2032 (2,13 m) varnostna kletka z varnostnimi zapornimi vrati<br><br>Ravnalnik \u017eice z dvojno ravnino \u0161irokega razpona<br><br>Vsi pogonski sistemi podajanja in upogibanja imajo utrjene zobnike in so popolnoma zaprti.<br><br>Hitro preklopni utrjeni podajalni valji za 2 velikosti \u017eice<br><br>Linearni kodirnik na podajalniku \u017eice za natan\u010dnost in zaznavanje zdrsa<br><br>\u017di\u010dni stabilizator<br><br>Rezalna matrica za ponovno bru\u0161enje<br><br>Na voljo usposabljanje na kraju samem<br><br>Mo\u017enost robotske integracije<br><br><br><div class=\"image_frame image_item scale-with-grid element_classes no_border hover-disable mfn-img-box\"  role=\"link\" aria-label=\"Slika s povezavami\" tabindex=\"0\"><div class=\"image_wrapper\"><a href=\"https:\/\/ipautomationinc.com\/wp-content\/uploads\/2022\/07\/502-Front.png\" rel=\"prettyphoto\"   class=\"\"  tabindex=\"-1\" title=\"\"><div class=\"mask\"><\/div><img decoding=\"async\" class=\"scale-with-grid\" src=\"https:\/\/ipautomationinc.com\/wp-content\/uploads\/2022\/07\/502-Front.png\" fetchpriority=\"high\" alt=\"3D postavitev CNC stroja za upogibanje \u017eice\" title=\"\" width=\"380\" height=\"460\" style=\"\"\/><\/a><div class=\"image_links\"><a href=\"https:\/\/ipautomationinc.com\/wp-content\/uploads\/2022\/07\/502-Front.png\" class=\"zoom\" rel=\"prettyphoto\" tabindex=\"-1\" aria-label=\"pove\u010dava slike\" title=\"\"><svg viewbox=\"0 0 26 26\"><defs><style>.path{fill:none;stroke:#333;stroke-miterlimit:10;stroke-width:1.5px;}<\/style><\/defs><circle cx=\"11.35\" cy=\"11.35\" r=\"6\" class=\"path\"\/><line x1=\"15.59\" y1=\"15.59\" x2=\"20.65\" y2=\"20.65\" class=\"path\"\/><\/svg><\/a><\/div><\/div><p class=\"wp-caption-text\">i10-S\u00b2 Pogled od spredaj<\/p><\/div>\n<br><br><br><br><div class=\"image_frame image_item scale-with-grid element_classes no_border hover-disable mfn-img-box\"  role=\"link\" aria-label=\"Slika s povezavami\" tabindex=\"0\"><div class=\"image_wrapper\"><a href=\"https:\/\/ipautomationinc.com\/wp-content\/uploads\/2022\/07\/502-Top.png\" rel=\"prettyphoto\"   class=\"\"  tabindex=\"-1\" title=\"\"><div class=\"mask\"><\/div><img decoding=\"async\" class=\"scale-with-grid\" src=\"https:\/\/ipautomationinc.com\/wp-content\/uploads\/2022\/07\/502-Top.png\" fetchpriority=\"high\" alt=\"3D postavitev CNC stroja za upogibanje \u017eice\" title=\"\" width=\"380\" height=\"352\" style=\"\"\/><\/a><div class=\"image_links\"><a href=\"https:\/\/ipautomationinc.com\/wp-content\/uploads\/2022\/07\/502-Top.png\" class=\"zoom\" rel=\"prettyphoto\" tabindex=\"-1\" aria-label=\"pove\u010dava slike\" title=\"\"><svg viewbox=\"0 0 26 26\"><defs><style>.path{fill:none;stroke:#333;stroke-miterlimit:10;stroke-width:1.5px;}<\/style><\/defs><circle cx=\"11.35\" cy=\"11.35\" r=\"6\" class=\"path\"\/><line x1=\"15.59\" y1=\"15.59\" x2=\"20.65\" y2=\"20.65\" class=\"path\"\/><\/svg><\/a><\/div><\/div><p class=\"wp-caption-text\">i10-S\u00b2 Pogled od zgoraj<\/p><\/div>\n<br><br><br><br><div class=\"image_frame image_item scale-with-grid element_classes no_border hover-disable mfn-img-box\"  role=\"link\" aria-label=\"Slika s povezavami\" tabindex=\"0\"><div class=\"image_wrapper\"><a href=\"https:\/\/ipautomationinc.com\/wp-content\/uploads\/2022\/07\/502-ISO.png\" rel=\"prettyphoto\"   class=\"\"  tabindex=\"-1\" title=\"\"><div class=\"mask\"><\/div><img decoding=\"async\" class=\"scale-with-grid\" src=\"https:\/\/ipautomationinc.com\/wp-content\/uploads\/2022\/07\/502-ISO.png\" fetchpriority=\"high\" alt=\"502 ISO\" title=\"\" width=\"380\" height=\"473\" style=\"\"\/><\/a><div class=\"image_links\"><a href=\"https:\/\/ipautomationinc.com\/wp-content\/uploads\/2022\/07\/502-ISO.png\" class=\"zoom\" rel=\"prettyphoto\" tabindex=\"-1\" aria-label=\"pove\u010dava slike\" title=\"\"><svg viewbox=\"0 0 26 26\"><defs><style>.path{fill:none;stroke:#333;stroke-miterlimit:10;stroke-width:1.5px;}<\/style><\/defs><circle cx=\"11.35\" cy=\"11.35\" r=\"6\" class=\"path\"\/><line x1=\"15.59\" y1=\"15.59\" x2=\"20.65\" y2=\"20.65\" class=\"path\"\/><\/svg><\/a><\/div><\/div><p class=\"wp-caption-text\">i10-S\u00b2 Izometri\u010dni pogled<\/p><\/div>\n<br>#EBEBEB<br>#222222<br><br><br>Specifikacije<br><br><br><br><p>*Na zmogljivost najmanj\u0161ega in najve\u010djega premera vpliva natezni izkoristek \u017eice. Pi\u0161ite nam za pojasnilo glede najmanj\u0161ega\/najve\u010djega razpona za va\u0161 tip \u017eice.<\/p><br><br><br>Mo\u017enosti stroja<br><br>Intelimetska robotika<br>s prilagojenim EOAT<br><img decoding=\"async\" src=\"https:\/\/ipautomationinc.com\/wp-content\/uploads\/2022\/06\/machine-options_robot.png\" alt=\"strojne mo\u017enosti_robot\"><br><a href=\"https:\/\/ipautomationinc.com\/sl\/dodatki\/robotika\/\">https:\/\/ipautomationinc.com\/accessories\/robotics\/<\/a><br>\u0161katlasta lestvica<br>70%<br><br>Obdelovalni center iFM<br><img decoding=\"async\" src=\"https:\/\/ipautomationinc.com\/wp-content\/uploads\/2023\/11\/ifm-icon-1.png#35422\" alt=\"ifm ikona\"><br><a href=\"https:\/\/ipautomationinc.com\/sl\/dodatki\/obdelovalni-center\/\">https:\/\/ipautomationinc.com\/accessories\/machining-center\/<\/a><br>\u0161katlasta lestvica<br>70%<br><br>Posnemanje v liniji<br><img decoding=\"async\" src=\"https:\/\/ipautomationinc.com\/wp-content\/uploads\/2024\/01\/internal-chamfer.png#35611\" alt=\"internal chamfer\"><br><a href=\"https:\/\/ipautomationinc.com\/sl\/dodatki\/v-linijskem-posnetju\/\">https:\/\/ipautomationinc.com\/accessories\/in-line-chamfer\/<\/a><br>\u0161katlasta lestvica<br>70%<br><br>Posnemalna\/vrtalna postaja<br><img decoding=\"async\" src=\"https:\/\/ipautomationinc.com\/wp-content\/uploads\/2024\/08\/chamfer-drill.png#36736\" alt=\"posnemalni sveder\"><br><a href=\"https:\/\/ipautomationinc.com\/sl\/dodatki\/posnemalni-sveder\/\">https:\/\/ipautomationinc.com\/accessories\/chamfer-drill\/<\/a><br>\u0161katlasta lestvica<br>70%<br><br>Premi\u010dni podajalnik\/ravnalnik<br><img decoding=\"async\" src=\"https:\/\/ipautomationinc.com\/wp-content\/uploads\/2022\/06\/machine-options_traversing-straightener.png\" alt=\"strojne-mo\u017enosti_pomikanje-ravnalnik\"><br>\u0161katlasta lestvica<br>70%<br><br>Hladna glava<br><img decoding=\"async\" src=\"https:\/\/ipautomationinc.com\/wp-content\/uploads\/2022\/06\/machine-options_cold-heading.png\" alt=\"strojne mo\u017enosti_hladna glava\"><br>\u0161katlasta lestvica<br>70%<br><br>Postaja za laj\u0161anje stresa<br><img decoding=\"async\" src=\"https:\/\/ipautomationinc.com\/wp-content\/uploads\/2022\/06\/machine-options_stress-relieving.png\" alt=\"strojne mo\u017enosti_razbremenitev stresa\"><br>\u0161katlasta lestvica<br>70%<br><br>Servo stiskalnica<br><img decoding=\"async\" src=\"https:\/\/ipautomationinc.com\/wp-content\/uploads\/2022\/06\/machine-options_servo-press.png\" alt=\"strojne mo\u017enosti_servo stiskalnica\"><br>\u0161katlasta lestvica<br>70%<br><br>Pregled vida<br><img decoding=\"async\" src=\"https:\/\/ipautomationinc.com\/wp-content\/uploads\/2022\/06\/machine-options_vision-inspection-closeup.png\" alt=\"strojne-mo\u017enosti_vizija-pregled-od blizu\"><br>\u0161katlasta lestvica<br>70%<br><br>Dobite cene zdaj!<br>ikona-naprej<br><a href=\"https:\/\/ipautomationinc.com\/sl\/kontaktiraj-nas\/#form\">https:\/\/ipautomationinc.com\/contact-us\/#form<\/a><br>50 slikovnih pik<br><br>Drugi CNC stroji za upogibanje \u017eice<br><br><h4>Serija i-S\u00b2-P<\/h4><br><br><p><hr class=\"no_line\" style=\"margin: 0 auto 0px auto\"\/>\n <a href=\"https:\/\/ipautomationinc.com\/sl\/serija-i-s-na-kvadrat-p\/\"> <img decoding=\"async\" src=\"https:\/\/ipautomationinc.com\/wp-content\/uploads\/2026\/02\/i10-S\u00b2-P-Single-Piece-3D-CNC-Wire-Bender.png\" alt=\"i-S\u00b2-P enodelni CNC oblikovalnik \u017eice\"> <\/a> <hr class=\"no_line\" style=\"margin: 0 auto 0px auto\"\/>\n<\/p><br><br><p>Serija S\u00b2-P je zasnovana za enostavno delo z zahtevnimi \u017ei\u010dnimi oblikami od 2,5 do 13 mm.<\/p><br><br><a class=\"mfn-link mfn-link-1\" href=\"\" style=\"\" data-hover=\"\"   ><span data-hover=\"\"><\/span><\/a><br>brez ponavljanja;levo zgoraj;;<br>avto<br><br><h4>Serija i-S<\/h4><br><br><p><hr class=\"no_line\" style=\"margin: 0 auto 0px auto\"\/>\n <a href=\"https:\/\/ipautomationinc.com\/sl\/serija-i-s\/\"> <img decoding=\"async\" src=\"https:\/\/ipautomationinc.com\/wp-content\/uploads\/2023\/02\/i8-S-RGB-1.png\" alt=\"iS CNC oblikovalnik \u017eice\"> <\/a> <hr class=\"no_line\" style=\"margin: 0 auto 0px auto\"\/>\n<\/p><br><br><p>Serija S je natan\u010dna delovna sila za 3D \u017ei\u010dne oblike od 2 do 16 mm<\/p><br><br><a class=\"mfn-link mfn-link-1\" href=\"\" style=\"\" data-hover=\"\"   ><span data-hover=\"\"><\/span><\/a><br>brez ponavljanja;levo zgoraj;;<br>avto<br><br><h4>Serija i-SC<\/h4><br><br><p><hr class=\"no_line\" style=\"margin: 0 auto 0px auto\"\/>\n <a href=\"https:\/\/ipautomationinc.com\/sl\/serija-i-sc\/\"> <img decoding=\"async\" src=\"https:\/\/ipautomationinc.com\/wp-content\/uploads\/2025\/09\/i8-SC-RGB.png\" alt=\"\"> <\/a> <hr class=\"no_line\" style=\"margin: 0 auto 0px auto\"\/>\n<\/p><br><br><p>Serija SC je popoln stroj za kraj\u0161e 3D \u017ei\u010dne oblike iz \u017eice 2\u20138 mm<\/p><br><br><a class=\"mfn-link mfn-link-1\" href=\"\" style=\"\" data-hover=\"\"   ><span data-hover=\"\"><\/span><\/a><br>brez ponavljanja;levo zgoraj;;<br>avto<br><br><\/p>","protected":false},"excerpt":{"rendered":"<p>The i-S\u00b2 series 3D CNC wire bending machines are based off of our i-S series design, but we added an<span class=\"excerpt-hellip\"> [\u2026]<\/span><\/p>\n","protected":false},"author":3,"featured_media":0,"parent":0,"menu_order":0,"comment_status":"closed","ping_status":"closed","template":"","meta":{"footnotes":""},"class_list":["post-1234","page","type-page","status-publish","hentry"],"yoast_head":"<!-- This site is optimized with the Yoast SEO plugin v27.3 - https:\/\/yoast.com\/product\/yoast-seo-wordpress\/ -->\n<title>i-S\u00b2 Series 3D CNC Wire Bending Machine | IP Automation Inc<\/title>\n<meta name=\"description\" content=\"The i-S\u00b2 3D CNC wire bending machine has an additional bend head mounted on a traverse bend axis. The second bend head opens a multitude of options for wire forms.\" \/>\n<meta name=\"robots\" content=\"index, follow, max-snippet:-1, max-image-preview:large, max-video-preview:-1\" \/>\n<link rel=\"canonical\" href=\"https:\/\/ipautomationinc.com\/sl\/serija-i-s-na-kvadrat\/\" \/>\n<meta property=\"og:locale\" content=\"sl_SI\" \/>\n<meta property=\"og:type\" content=\"article\" \/>\n<meta property=\"og:title\" content=\"i-S\u00b2 Series 3D CNC Wire Bending Machine | IP Automation Inc\" \/>\n<meta property=\"og:description\" content=\"The i-S\u00b2 3D CNC wire bending machine has an additional bend head mounted on a traverse bend axis. The second bend head opens a multitude of options for wire forms.\" \/>\n<meta property=\"og:url\" content=\"https:\/\/ipautomationinc.com\/sl\/serija-i-s-na-kvadrat\/\" \/>\n<meta property=\"og:site_name\" content=\"IP Automation Inc\" \/>\n<meta property=\"article:publisher\" content=\"https:\/\/www.facebook.com\/ipautomationinc\/\" \/>\n<meta property=\"article:modified_time\" content=\"2026-03-31T20:29:37+00:00\" \/>\n<meta property=\"og:image\" content=\"https:\/\/ipautomationinc.com\/wp-content\/uploads\/2022\/06\/machine-options_robot.png\" \/>\n<script type=\"application\/ld+json\" class=\"yoast-schema-graph\">{\"@context\":\"https:\\\/\\\/schema.org\",\"@graph\":[{\"@type\":\"WebPage\",\"@id\":\"https:\\\/\\\/ipautomationinc.com\\\/i-s-squared-series\\\/\",\"url\":\"https:\\\/\\\/ipautomationinc.com\\\/i-s-squared-series\\\/\",\"name\":\"i-S\u00b2 Series 3D CNC Wire Bending Machine | IP Automation Inc\",\"isPartOf\":{\"@id\":\"https:\\\/\\\/ipautomationinc.com\\\/#website\"},\"primaryImageOfPage\":{\"@id\":\"https:\\\/\\\/ipautomationinc.com\\\/i-s-squared-series\\\/#primaryimage\"},\"image\":{\"@id\":\"https:\\\/\\\/ipautomationinc.com\\\/i-s-squared-series\\\/#primaryimage\"},\"thumbnailUrl\":\"https:\\\/\\\/ipautomationinc.com\\\/wp-content\\\/uploads\\\/2022\\\/06\\\/machine-options_robot.png\",\"datePublished\":\"2022-06-16T19:54:40+00:00\",\"dateModified\":\"2026-03-31T20:29:37+00:00\",\"description\":\"The i-S\u00b2 3D CNC wire bending machine has an additional bend head mounted on a traverse bend axis. The second bend head opens a multitude of options for wire forms.\",\"inLanguage\":\"sl-SI\",\"potentialAction\":[{\"@type\":\"ReadAction\",\"target\":[\"https:\\\/\\\/ipautomationinc.com\\\/i-s-squared-series\\\/\"]}]},{\"@type\":\"ImageObject\",\"inLanguage\":\"sl-SI\",\"@id\":\"https:\\\/\\\/ipautomationinc.com\\\/i-s-squared-series\\\/#primaryimage\",\"url\":\"https:\\\/\\\/ipautomationinc.com\\\/wp-content\\\/uploads\\\/2022\\\/06\\\/machine-options_robot.png\",\"contentUrl\":\"https:\\\/\\\/ipautomationinc.com\\\/wp-content\\\/uploads\\\/2022\\\/06\\\/machine-options_robot.png\"},{\"@type\":\"WebSite\",\"@id\":\"https:\\\/\\\/ipautomationinc.com\\\/#website\",\"url\":\"https:\\\/\\\/ipautomationinc.com\\\/\",\"name\":\"IP Automation Inc\",\"description\":\"Concept... Creation... Reality...\",\"publisher\":{\"@id\":\"https:\\\/\\\/ipautomationinc.com\\\/#organization\"},\"potentialAction\":[{\"@type\":\"SearchAction\",\"target\":{\"@type\":\"EntryPoint\",\"urlTemplate\":\"https:\\\/\\\/ipautomationinc.com\\\/?s={search_term_string}\"},\"query-input\":{\"@type\":\"PropertyValueSpecification\",\"valueRequired\":true,\"valueName\":\"search_term_string\"}}],\"inLanguage\":\"sl-SI\"},{\"@type\":\"Organization\",\"@id\":\"https:\\\/\\\/ipautomationinc.com\\\/#organization\",\"name\":\"IP Automation Inc\",\"url\":\"https:\\\/\\\/ipautomationinc.com\\\/\",\"logo\":{\"@type\":\"ImageObject\",\"inLanguage\":\"sl-SI\",\"@id\":\"https:\\\/\\\/ipautomationinc.com\\\/#\\\/schema\\\/logo\\\/image\\\/\",\"url\":\"https:\\\/\\\/ipautomationinc.com\\\/wp-content\\\/uploads\\\/2022\\\/05\\\/IPA-Favicon.png\",\"contentUrl\":\"https:\\\/\\\/ipautomationinc.com\\\/wp-content\\\/uploads\\\/2022\\\/05\\\/IPA-Favicon.png\",\"width\":513,\"height\":513,\"caption\":\"IP Automation Inc\"},\"image\":{\"@id\":\"https:\\\/\\\/ipautomationinc.com\\\/#\\\/schema\\\/logo\\\/image\\\/\"},\"sameAs\":[\"https:\\\/\\\/www.facebook.com\\\/ipautomationinc\\\/\",\"https:\\\/\\\/www.linkedin.com\\\/company\\\/ip-automation-inc\\\/\",\"https:\\\/\\\/www.youtube.com\\\/@IPAutomation\"]}]}<\/script>\n<!-- \/ Yoast SEO plugin. -->","yoast_head_json":{"title":"i-S\u00b2 serija 3D CNC stroj za krivljenje \u017eice | IP Automation Inc","description":"Stroj za krivljenje \u017eice CNC i-S\u00b2 3D ima dodatno krivilno glavo, name\u0161\u010deno na osi pre\u010dnega krivljenja. Druga upogibna glava odpira \u0161tevilne mo\u017enosti \u017ei\u010dnih oblik.","robots":{"index":"index","follow":"follow","max-snippet":"max-snippet:-1","max-image-preview":"max-image-preview:large","max-video-preview":"max-video-preview:-1"},"canonical":"https:\/\/ipautomationinc.com\/sl\/serija-i-s-na-kvadrat\/","og_locale":"sl_SI","og_type":"article","og_title":"i-S\u00b2 Series 3D CNC Wire Bending Machine | IP Automation Inc","og_description":"The i-S\u00b2 3D CNC wire bending machine has an additional bend head mounted on a traverse bend axis. The second bend head opens a multitude of options for wire forms.","og_url":"https:\/\/ipautomationinc.com\/sl\/serija-i-s-na-kvadrat\/","og_site_name":"IP Automation Inc","article_publisher":"https:\/\/www.facebook.com\/ipautomationinc\/","article_modified_time":"2026-03-31T20:29:37+00:00","og_image":[{"url":"https:\/\/ipautomationinc.com\/wp-content\/uploads\/2022\/06\/machine-options_robot.png","type":"","width":"","height":""}],"schema":{"@context":"https:\/\/schema.org","@graph":[{"@type":"WebPage","@id":"https:\/\/ipautomationinc.com\/i-s-squared-series\/","url":"https:\/\/ipautomationinc.com\/i-s-squared-series\/","name":"i-S\u00b2 serija 3D CNC stroj za krivljenje \u017eice | IP Automation Inc","isPartOf":{"@id":"https:\/\/ipautomationinc.com\/#website"},"primaryImageOfPage":{"@id":"https:\/\/ipautomationinc.com\/i-s-squared-series\/#primaryimage"},"image":{"@id":"https:\/\/ipautomationinc.com\/i-s-squared-series\/#primaryimage"},"thumbnailUrl":"https:\/\/ipautomationinc.com\/wp-content\/uploads\/2022\/06\/machine-options_robot.png","datePublished":"2022-06-16T19:54:40+00:00","dateModified":"2026-03-31T20:29:37+00:00","description":"Stroj za krivljenje \u017eice CNC i-S\u00b2 3D ima dodatno krivilno glavo, name\u0161\u010deno na osi pre\u010dnega krivljenja. Druga upogibna glava odpira \u0161tevilne mo\u017enosti \u017ei\u010dnih oblik.","inLanguage":"sl-SI","potentialAction":[{"@type":"ReadAction","target":["https:\/\/ipautomationinc.com\/i-s-squared-series\/"]}]},{"@type":"ImageObject","inLanguage":"sl-SI","@id":"https:\/\/ipautomationinc.com\/i-s-squared-series\/#primaryimage","url":"https:\/\/ipautomationinc.com\/wp-content\/uploads\/2022\/06\/machine-options_robot.png","contentUrl":"https:\/\/ipautomationinc.com\/wp-content\/uploads\/2022\/06\/machine-options_robot.png"},{"@type":"WebSite","@id":"https:\/\/ipautomationinc.com\/#website","url":"https:\/\/ipautomationinc.com\/","name":"IP Automation Inc","description":"Koncept... Kreacija... Realnost...","publisher":{"@id":"https:\/\/ipautomationinc.com\/#organization"},"potentialAction":[{"@type":"SearchAction","target":{"@type":"EntryPoint","urlTemplate":"https:\/\/ipautomationinc.com\/?s={search_term_string}"},"query-input":{"@type":"PropertyValueSpecification","valueRequired":true,"valueName":"search_term_string"}}],"inLanguage":"sl-SI"},{"@type":"Organization","@id":"https:\/\/ipautomationinc.com\/#organization","name":"IP Automation Inc","url":"https:\/\/ipautomationinc.com\/","logo":{"@type":"ImageObject","inLanguage":"sl-SI","@id":"https:\/\/ipautomationinc.com\/#\/schema\/logo\/image\/","url":"https:\/\/ipautomationinc.com\/wp-content\/uploads\/2022\/05\/IPA-Favicon.png","contentUrl":"https:\/\/ipautomationinc.com\/wp-content\/uploads\/2022\/05\/IPA-Favicon.png","width":513,"height":513,"caption":"IP Automation Inc"},"image":{"@id":"https:\/\/ipautomationinc.com\/#\/schema\/logo\/image\/"},"sameAs":["https:\/\/www.facebook.com\/ipautomationinc\/","https:\/\/www.linkedin.com\/company\/ip-automation-inc\/","https:\/\/www.youtube.com\/@IPAutomation"]}]}},"_links":{"self":[{"href":"https:\/\/ipautomationinc.com\/sl\/wp-json\/wp\/v2\/pages\/1234","targetHints":{"allow":["GET"]}}],"collection":[{"href":"https:\/\/ipautomationinc.com\/sl\/wp-json\/wp\/v2\/pages"}],"about":[{"href":"https:\/\/ipautomationinc.com\/sl\/wp-json\/wp\/v2\/types\/page"}],"author":[{"embeddable":true,"href":"https:\/\/ipautomationinc.com\/sl\/wp-json\/wp\/v2\/users\/3"}],"replies":[{"embeddable":true,"href":"https:\/\/ipautomationinc.com\/sl\/wp-json\/wp\/v2\/comments?post=1234"}],"version-history":[{"count":4,"href":"https:\/\/ipautomationinc.com\/sl\/wp-json\/wp\/v2\/pages\/1234\/revisions"}],"predecessor-version":[{"id":39520,"href":"https:\/\/ipautomationinc.com\/sl\/wp-json\/wp\/v2\/pages\/1234\/revisions\/39520"}],"wp:attachment":[{"href":"https:\/\/ipautomationinc.com\/sl\/wp-json\/wp\/v2\/media?parent=1234"}],"curies":[{"name":"delovni list","href":"https:\/\/api.w.org\/{rel}","templated":true}]}}