{"id":122,"date":"2017-10-27T17:57:09","date_gmt":"2017-10-27T22:57:09","guid":{"rendered":"http:\/\/ipautomationinc.com\/?page_id=122"},"modified":"2025-06-03T16:36:10","modified_gmt":"2025-06-03T21:36:10","slug":"podporo","status":"publish","type":"page","link":"https:\/\/ipautomationinc.com\/sl\/support\/","title":{"rendered":"Podpora"},"content":{"rendered":"<h6 class=\"wp-block-heading\"><strong>Za podporo nam pi\u0161ite na na\u0161o linijo za podporo na (630)376-9903, nam pi\u0161ite neposredno na support@ipautomationinc.com ali nam po\u0161ljite sporo\u010dilo. Podpora za oddaljeno povezljivost. Dvignemo telefon. Lahko smo tam. Servisni deli. Dokumentacija. Poprodajna podpora.<\/strong><\/h6>\n\n\n\n<p><span class=\"builder2seo\"><\/span><h3>Za podporo lahko pi\u0161ete na na\u0161o linijo za podporo na \u0161tevilko (630)-376-9903.<\/h3><br><br><hr class=\"no_line\" style=\"margin: 0 auto 0px auto\"\/>\n<br><br><h3><span>pi\u0161ite nam neposredno na support@ipautomationinc.com<\/span><\/h3><br><br><hr class=\"no_line\" style=\"margin: 0 auto 0px auto\"\/>\n<br><br><h3><span>ali <\/span>Po\u0161ljite nam sporo\u010dilo s pomo\u010djo spodnjega obrazca.<\/h3><br>brez ponavljanja;levo zgoraj;;<br>avto<br><br><p class=\"wpcf7-contact-form-not-found\"><strong>Napaka:<\/strong> Kontaktnega obrazca ni mogo\u010de najti.<\/p><br><br><h3>Podpora za oddaljeno povezljivost<\/h3><br><br><h6>\u010ce imate stroj za preoblikovanje \u017eice IP Automation, se lahko z va\u0161im strojem pove\u017eemo prek povezave Ethernet, da odpravimo te\u017eave s programsko in strojno opremo. Pokli\u010dite ali po\u0161ljite e-po\u0161to in vodili vas bomo skozi postopek.<\/h6><br><br><br><br><h3>Dvignemo telefon<\/h3><br><br><h6>\u010ce je va\u0161a te\u017eava preve\u010d zapletena, da bi nam jo lahko pojasnili v e-po\u0161ti, nas pokli\u010dite na 630-656-1215 s svojimi vpra\u0161anji ali te\u017eavami s storitvijo. Zagotovili vam bomo odzivno podporo brez beganja.<\/h6><br><br><br><br><h3>Lahko smo tam<\/h3><br><br><h6>Imamo serviserje, ki so pripravljeni zagotoviti vzdr\u017eevanje in popravilo na kraju samem. Na\u0161i tehniki bodo tudi namestili, izvedli sprejemljivo testiranje in usposabljanje.<\/h6><br><br><br><br><h3>Servisni deli<\/h3><br><br><h6>Na zalogi imamo veliko ve\u010dino servisnih delov, ki jih na\u0161e stranke morda potrebujejo. Nudimo celo datoteke za risanje orodij po meri, tako da lahko v kratkem naredite svojo. Servisne dele lasersko graviramo s \u0161tevilkami delov za la\u017ejo identifikacijo.<\/h6><br><br><br><br><h3>Dokumentacija<\/h3><br><br><h6>Dokumentacija se lahko izgubi, samo navedite model stroja in serijsko \u0161tevilko ter uporabite zgornji kontaktni obrazec.<\/h6><br><br><br><br><h3>Poprodajna podpora<\/h3><br><br><h6>Na\u0161a poprodajna podpora vklju\u010duje usposabljanje operaterjev in in\u017eenirjev, popoln seznam vseh glavnih komponent, standardne operativne postopke in smernice za odpravljanje te\u017eav. Poleg tega sledimo prilagojeni podpori za vse va\u0161e operaterje in in\u017eenirje, da zagotovimo nemoteno naro\u010dilo va\u0161ega projekta in brez te\u017eav \u017eivljenjsko dobo projekta.<\/h6><br><br><br>brez ponavljanja;levo zgoraj;;<br>avto<br><br><p class=\"wpcf7-contact-form-not-found\"><strong>Napaka:<\/strong> Kontaktnega obrazca ni mogo\u010de najti.<\/p><br>brez ponavljanja;levo zgoraj;;<br>avto<br>skriti-prenosnik skriti-tabli\u010dni ra\u010dunalnik<br><br><\/p>","protected":false},"excerpt":{"rendered":"<p>For support please text our support line at (630)376-9903, email us directly at support@ipautomationinc.com or send us a message. Remote<span class=\"excerpt-hellip\"> [\u2026]<\/span><\/p>\n","protected":false},"author":3,"featured_media":0,"parent":0,"menu_order":0,"comment_status":"open","ping_status":"closed","template":"","meta":{"footnotes":""},"class_list":["post-122","page","type-page","status-publish","hentry"],"yoast_head":"<!-- This site is optimized with the Yoast SEO plugin v27.3 - https:\/\/yoast.com\/product\/yoast-seo-wordpress\/ -->\n<title>Support | IP Automation Inc<\/title>\n<meta name=\"description\" content=\"Need support for your wire bending machine? Give us a call or email us with any questions you may have.\" \/>\n<meta name=\"robots\" content=\"index, follow, max-snippet:-1, max-image-preview:large, max-video-preview:-1\" \/>\n<link rel=\"canonical\" href=\"https:\/\/ipautomationinc.com\/sl\/podporo\/\" \/>\n<meta property=\"og:locale\" content=\"sl_SI\" \/>\n<meta property=\"og:type\" content=\"article\" \/>\n<meta property=\"og:title\" content=\"Support | IP Automation Inc\" \/>\n<meta property=\"og:description\" content=\"Need support for your wire bending machine? Give us a call or email us with any questions you may have.\" \/>\n<meta property=\"og:url\" content=\"https:\/\/ipautomationinc.com\/sl\/podporo\/\" \/>\n<meta property=\"og:site_name\" content=\"IP Automation Inc\" \/>\n<meta property=\"article:publisher\" content=\"https:\/\/www.facebook.com\/ipautomationinc\/\" \/>\n<meta property=\"article:modified_time\" content=\"2025-06-03T21:36:10+00:00\" \/>\n<script type=\"application\/ld+json\" class=\"yoast-schema-graph\">{\"@context\":\"https:\\\/\\\/schema.org\",\"@graph\":[{\"@type\":\"WebPage\",\"@id\":\"https:\\\/\\\/ipautomationinc.com\\\/support\\\/\",\"url\":\"https:\\\/\\\/ipautomationinc.com\\\/support\\\/\",\"name\":\"Support | IP Automation Inc\",\"isPartOf\":{\"@id\":\"https:\\\/\\\/ipautomationinc.com\\\/#website\"},\"datePublished\":\"2017-10-27T22:57:09+00:00\",\"dateModified\":\"2025-06-03T21:36:10+00:00\",\"description\":\"Need support for your wire bending machine? Give us a call or email us with any questions you may have.\",\"inLanguage\":\"sl-SI\",\"potentialAction\":[{\"@type\":\"ReadAction\",\"target\":[\"https:\\\/\\\/ipautomationinc.com\\\/support\\\/\"]}]},{\"@type\":\"WebSite\",\"@id\":\"https:\\\/\\\/ipautomationinc.com\\\/#website\",\"url\":\"https:\\\/\\\/ipautomationinc.com\\\/\",\"name\":\"IP Automation Inc\",\"description\":\"Concept... Creation... Reality...\",\"publisher\":{\"@id\":\"https:\\\/\\\/ipautomationinc.com\\\/#organization\"},\"potentialAction\":[{\"@type\":\"SearchAction\",\"target\":{\"@type\":\"EntryPoint\",\"urlTemplate\":\"https:\\\/\\\/ipautomationinc.com\\\/?s={search_term_string}\"},\"query-input\":{\"@type\":\"PropertyValueSpecification\",\"valueRequired\":true,\"valueName\":\"search_term_string\"}}],\"inLanguage\":\"sl-SI\"},{\"@type\":\"Organization\",\"@id\":\"https:\\\/\\\/ipautomationinc.com\\\/#organization\",\"name\":\"IP Automation Inc\",\"url\":\"https:\\\/\\\/ipautomationinc.com\\\/\",\"logo\":{\"@type\":\"ImageObject\",\"inLanguage\":\"sl-SI\",\"@id\":\"https:\\\/\\\/ipautomationinc.com\\\/#\\\/schema\\\/logo\\\/image\\\/\",\"url\":\"https:\\\/\\\/ipautomationinc.com\\\/wp-content\\\/uploads\\\/2022\\\/05\\\/IPA-Favicon.png\",\"contentUrl\":\"https:\\\/\\\/ipautomationinc.com\\\/wp-content\\\/uploads\\\/2022\\\/05\\\/IPA-Favicon.png\",\"width\":513,\"height\":513,\"caption\":\"IP Automation Inc\"},\"image\":{\"@id\":\"https:\\\/\\\/ipautomationinc.com\\\/#\\\/schema\\\/logo\\\/image\\\/\"},\"sameAs\":[\"https:\\\/\\\/www.facebook.com\\\/ipautomationinc\\\/\",\"https:\\\/\\\/www.linkedin.com\\\/company\\\/ip-automation-inc\\\/\",\"https:\\\/\\\/www.youtube.com\\\/@IPAutomation\"]}]}<\/script>\n<!-- \/ Yoast SEO plugin. -->","yoast_head_json":{"title":"Podpora | IP Automation Inc","description":"Potrebujete podporo za va\u0161 stroj za upogibanje \u017eice? Pokli\u010dite nas ali nam pi\u0161ite po e-po\u0161ti, \u010de imate kakr\u0161na koli vpra\u0161anja.","robots":{"index":"index","follow":"follow","max-snippet":"max-snippet:-1","max-image-preview":"max-image-preview:large","max-video-preview":"max-video-preview:-1"},"canonical":"https:\/\/ipautomationinc.com\/sl\/podporo\/","og_locale":"sl_SI","og_type":"article","og_title":"Support | IP Automation Inc","og_description":"Need support for your wire bending machine? Give us a call or email us with any questions you may have.","og_url":"https:\/\/ipautomationinc.com\/sl\/podporo\/","og_site_name":"IP Automation Inc","article_publisher":"https:\/\/www.facebook.com\/ipautomationinc\/","article_modified_time":"2025-06-03T21:36:10+00:00","schema":{"@context":"https:\/\/schema.org","@graph":[{"@type":"WebPage","@id":"https:\/\/ipautomationinc.com\/support\/","url":"https:\/\/ipautomationinc.com\/support\/","name":"Podpora | IP Automation Inc","isPartOf":{"@id":"https:\/\/ipautomationinc.com\/#website"},"datePublished":"2017-10-27T22:57:09+00:00","dateModified":"2025-06-03T21:36:10+00:00","description":"Potrebujete podporo za va\u0161 stroj za upogibanje \u017eice? Pokli\u010dite nas ali nam pi\u0161ite po e-po\u0161ti, \u010de imate kakr\u0161na koli vpra\u0161anja.","inLanguage":"sl-SI","potentialAction":[{"@type":"ReadAction","target":["https:\/\/ipautomationinc.com\/support\/"]}]},{"@type":"WebSite","@id":"https:\/\/ipautomationinc.com\/#website","url":"https:\/\/ipautomationinc.com\/","name":"IP Automation Inc","description":"Koncept... Kreacija... Realnost...","publisher":{"@id":"https:\/\/ipautomationinc.com\/#organization"},"potentialAction":[{"@type":"SearchAction","target":{"@type":"EntryPoint","urlTemplate":"https:\/\/ipautomationinc.com\/?s={search_term_string}"},"query-input":{"@type":"PropertyValueSpecification","valueRequired":true,"valueName":"search_term_string"}}],"inLanguage":"sl-SI"},{"@type":"Organization","@id":"https:\/\/ipautomationinc.com\/#organization","name":"IP Automation Inc","url":"https:\/\/ipautomationinc.com\/","logo":{"@type":"ImageObject","inLanguage":"sl-SI","@id":"https:\/\/ipautomationinc.com\/#\/schema\/logo\/image\/","url":"https:\/\/ipautomationinc.com\/wp-content\/uploads\/2022\/05\/IPA-Favicon.png","contentUrl":"https:\/\/ipautomationinc.com\/wp-content\/uploads\/2022\/05\/IPA-Favicon.png","width":513,"height":513,"caption":"IP Automation Inc"},"image":{"@id":"https:\/\/ipautomationinc.com\/#\/schema\/logo\/image\/"},"sameAs":["https:\/\/www.facebook.com\/ipautomationinc\/","https:\/\/www.linkedin.com\/company\/ip-automation-inc\/","https:\/\/www.youtube.com\/@IPAutomation"]}]}},"_links":{"self":[{"href":"https:\/\/ipautomationinc.com\/sl\/wp-json\/wp\/v2\/pages\/122","targetHints":{"allow":["GET"]}}],"collection":[{"href":"https:\/\/ipautomationinc.com\/sl\/wp-json\/wp\/v2\/pages"}],"about":[{"href":"https:\/\/ipautomationinc.com\/sl\/wp-json\/wp\/v2\/types\/page"}],"author":[{"embeddable":true,"href":"https:\/\/ipautomationinc.com\/sl\/wp-json\/wp\/v2\/users\/3"}],"replies":[{"embeddable":true,"href":"https:\/\/ipautomationinc.com\/sl\/wp-json\/wp\/v2\/comments?post=122"}],"version-history":[{"count":1,"href":"https:\/\/ipautomationinc.com\/sl\/wp-json\/wp\/v2\/pages\/122\/revisions"}],"predecessor-version":[{"id":37720,"href":"https:\/\/ipautomationinc.com\/sl\/wp-json\/wp\/v2\/pages\/122\/revisions\/37720"}],"wp:attachment":[{"href":"https:\/\/ipautomationinc.com\/sl\/wp-json\/wp\/v2\/media?parent=122"}],"curies":[{"name":"delovni list","href":"https:\/\/api.w.org\/{rel}","templated":true}]}}