{"id":120,"date":"2017-10-27T17:55:58","date_gmt":"2017-10-27T22:55:58","guid":{"rendered":"http:\/\/ipautomationinc.com\/?page_id=120"},"modified":"2026-02-12T15:09:31","modified_gmt":"2026-02-12T21:09:31","slug":"o-nas","status":"publish","type":"page","link":"https:\/\/ipautomationinc.com\/sl\/about-us\/","title":{"rendered":"O avtomatizaciji IP"},"content":{"rendered":"<p>Imamo ve\u010d kot 100 let skupnih izku\u0161enj na podro\u010dju krivljenja \u017eic in avtomatizacije. In\u017eeniring, proizvodnja orodij in strojni\u0161tvo so v na\u0161i lasti. Odzivna podpora na kraju samem in na daljavo.<\/p>\n\n\n\n<p><span class=\"builder2seo\"><\/span><img decoding=\"async\" src=\"https:\/\/ipautomationinc.com\/wp-content\/uploads\/2023\/07\/1.1-with-logo.jpg#24683\" alt=\"1.1 z logotipom\"><br><br><img decoding=\"async\" src=\"https:\/\/ipautomationinc.com\/wp-content\/uploads\/2022\/10\/10years.png\" alt=\"\"><br>po meri<br>205 slikovnih pik<br><br><img decoding=\"async\" src=\"https:\/\/ipautomationinc.com\/wp-content\/uploads\/2022\/10\/10years.png\" alt=\"\"><br><br><br><br><br><br><h6>Ve\u010d kot 100 let skupnih izku\u0161enj na podro\u010dju upogibanja \u017eic in avtomatizacije<\/h6><br><br><br><br><br><br><h6>Povsem elektri\u010dni CNC stroji za upogibanje \u017eice z enostavno programsko opremo Intellibend in najsodobnej\u0161imi simulacijami<\/h6><br><br><br><br><br><br><h6>Specialisti za avtomatizacijo po meri, osredoto\u010deni na na\u0161e CNC upogibalke \u017eice<\/h6><br><br><br><br><br><br><h6>Lastni in\u017eeniring, proizvodnja orodij in strojegradnja<\/h6><br><br><br><br><br><br><h6>Predano vodenje projektov in storitve za stranke<\/h6><br><br><br><br><br><br><h6>Odzivna servisna podpora na kraju samem in na daljavo<\/h6><br><br><br><br><br>Naslov<br>brez ponavljanja; sredina zgoraj;;<br>avto<br>10 slikovnih pik<br><br><h6><br><br>\t<br><br>Na\u0161a popolna linija strojne tehnologije naslednje generacije 2D, 3D enoglavi in dvoglavi stroji za preoblikovanje \u017eice zagotavljajo vrhunski nadzor upogibanja in nizke stro\u0161ke vzdr\u017eevanja s servo motorji pri vseh funkcijah upogibanja in rezanja.<br><br>\t<br><br>Na\u0161e zasnove so zasnovane s \u0161tevilnimi inovativnimi izbolj\u0161avami, rojenimi iz 80 let skupnih izku\u0161enj na podro\u010dju mehanike in programske opreme za upogibanje \u017eice, ki na\u0161im strankam zagotavljajo brezskrbno produktivnost.<br><br>\t<br><br>Robotska integracija sekundarnih postopkov od varjenja, \u017eigosanja, strojne obdelave, razbremenitve napetosti, pregledovanja, pra\u0161kastega lakiranja, sekundarnega krivljenja in stiskanja.<br><br>\t<br><br>Na\u010drtovanje in proizvodnja vseh na\u0161ih strojev je v predmestju Chicaga. Ves inventar, proizvodnja orodij, podpora, in\u017eeniring in razvoj programske opreme ter strojegradnja in testiranje so pod eno streho.<br><br>\t<br><br>Na\u0161i serviserji zagotavljajo strokovno raven storitev, podporo pri namestitvi in usposabljanje. Te\u017eave s strojno in programsko opremo lahko enostavno odpravimo na daljavo na vseh napravah z vgrajeno oddaljeno povezljivostjo.<br><br><br><br><\/h6><br>Naslov<br>brez ponavljanja; sredina zgoraj;;<br>avto<br><br>Stopite v stik<br><a href=\"https:\/\/ipautomationinc.com\/sl\/kontaktiraj-nas\/\">https:\/\/ipautomationinc.com\/contact-us\/<\/a><br>ikona-naprej<br>gumb_tema<br><br>#ffffff<br><br><h3><span>Zdru\u017eenja in povezave<\/span><\/h3><br>brez ponavljanja; sredina;;<br>avto<br><br><img decoding=\"async\" src=\"https:\/\/ipautomationinc.com\/wp-content\/uploads\/2023\/12\/asi-logo.png#35542\" alt=\"asi-logo\"><br><a href=\"https:\/\/www.fanucamerica.com\/solutions\/applications\/material-handling-robots\">https:\/\/www.fanucamerica.com\/solutions\/applications\/material-handling-robots<\/a><br>pribli\u017eaj<br><br><img decoding=\"async\" src=\"https:\/\/ipautomationinc.com\/wp-content\/uploads\/2022\/04\/tma-logo.png\" alt=\"logotip tma\"><br><a href=\"https:\/\/www.tmaillinois.org\/\">https:\/\/www.tmaillinois.org\/<\/a><br>pribli\u017eaj<br><br><img decoding=\"async\" src=\"https:\/\/ipautomationinc.com\/wp-content\/uploads\/2022\/04\/Imec-logo-1.jpg\" alt=\"Imec logotip\"><br><a href=\"https:\/\/www.imec.org\/\">https:\/\/www.imec.org\/<\/a><br>pribli\u017eaj<br><br><img decoding=\"async\" src=\"https:\/\/ipautomationinc.com\/wp-content\/uploads\/2022\/04\/br22.jpg\" alt=\"br22\"><br><a href=\"https:\/\/www.br-automation.com\/\">https:\/\/www.br-automation.com\/<\/a><br>pribli\u017eaj<br><br><img decoding=\"async\" src=\"https:\/\/ipautomationinc.com\/wp-content\/uploads\/2022\/04\/powerlink-logo.png\" alt=\"logotip powerlink\"><br><a href=\"https:\/\/www.ethernet-powerlink.org\/\">https:\/\/www.ethernet-powerlink.org\/<\/a><br>pribli\u017eaj<br><br><img decoding=\"async\" src=\"https:\/\/ipautomationinc.com\/wp-content\/uploads\/2022\/04\/casmi.jpg\" alt=\"casmi\"><br><a href=\"https:\/\/www.casmi-springworld.org\/\">https:\/\/www.casmi-springworld.org\/<\/a><br>pribli\u017eaj<br><br><\/p>","protected":false},"excerpt":{"rendered":"<p>We have over 100 years of combined experience in wire bending and automation. In-house engineering, tooling production, and machine building.<span class=\"excerpt-hellip\"> [\u2026]<\/span><\/p>\n","protected":false},"author":3,"featured_media":0,"parent":0,"menu_order":0,"comment_status":"open","ping_status":"closed","template":"","meta":{"footnotes":""},"class_list":["post-120","page","type-page","status-publish","hentry"],"yoast_head":"<!-- This site is optimized with the Yoast SEO plugin v27.3 - https:\/\/yoast.com\/product\/yoast-seo-wordpress\/ -->\n<title>About IP Automation | IP Automation Inc<\/title>\n<meta name=\"description\" content=\"Over 100 years combined experience in wire bending. In-house engineering, tooling, and production. Learn more about IP Automation.\" \/>\n<meta name=\"robots\" content=\"index, follow, max-snippet:-1, max-image-preview:large, max-video-preview:-1\" \/>\n<link rel=\"canonical\" href=\"https:\/\/ipautomationinc.com\/sl\/o-nas\/\" \/>\n<meta property=\"og:locale\" content=\"sl_SI\" \/>\n<meta property=\"og:type\" content=\"article\" \/>\n<meta property=\"og:title\" content=\"About IP Automation | IP Automation Inc\" \/>\n<meta property=\"og:description\" content=\"Over 100 years combined experience in wire bending. In-house engineering, tooling, and production. Learn more about IP Automation.\" \/>\n<meta property=\"og:url\" content=\"https:\/\/ipautomationinc.com\/sl\/o-nas\/\" \/>\n<meta property=\"og:site_name\" content=\"IP Automation Inc\" \/>\n<meta property=\"article:publisher\" content=\"https:\/\/www.facebook.com\/ipautomationinc\/\" \/>\n<meta property=\"article:modified_time\" content=\"2026-02-12T21:09:31+00:00\" \/>\n<meta property=\"og:image\" content=\"https:\/\/ipautomationinc.com\/wp-content\/uploads\/2023\/07\/1.1-with-logo.jpg#24683\" \/>\n<script type=\"application\/ld+json\" class=\"yoast-schema-graph\">{\"@context\":\"https:\\\/\\\/schema.org\",\"@graph\":[{\"@type\":\"WebPage\",\"@id\":\"https:\\\/\\\/ipautomationinc.com\\\/about-us\\\/\",\"url\":\"https:\\\/\\\/ipautomationinc.com\\\/about-us\\\/\",\"name\":\"About IP Automation | IP Automation Inc\",\"isPartOf\":{\"@id\":\"https:\\\/\\\/ipautomationinc.com\\\/#website\"},\"primaryImageOfPage\":{\"@id\":\"https:\\\/\\\/ipautomationinc.com\\\/about-us\\\/#primaryimage\"},\"image\":{\"@id\":\"https:\\\/\\\/ipautomationinc.com\\\/about-us\\\/#primaryimage\"},\"thumbnailUrl\":\"https:\\\/\\\/ipautomationinc.com\\\/wp-content\\\/uploads\\\/2023\\\/07\\\/1.1-with-logo.jpg#24683\",\"datePublished\":\"2017-10-27T22:55:58+00:00\",\"dateModified\":\"2026-02-12T21:09:31+00:00\",\"description\":\"Over 100 years combined experience in wire bending. In-house engineering, tooling, and production. Learn more about IP Automation.\",\"inLanguage\":\"sl-SI\",\"potentialAction\":[{\"@type\":\"ReadAction\",\"target\":[\"https:\\\/\\\/ipautomationinc.com\\\/about-us\\\/\"]}]},{\"@type\":\"ImageObject\",\"inLanguage\":\"sl-SI\",\"@id\":\"https:\\\/\\\/ipautomationinc.com\\\/about-us\\\/#primaryimage\",\"url\":\"https:\\\/\\\/ipautomationinc.com\\\/wp-content\\\/uploads\\\/2023\\\/07\\\/1.1-with-logo.jpg#24683\",\"contentUrl\":\"https:\\\/\\\/ipautomationinc.com\\\/wp-content\\\/uploads\\\/2023\\\/07\\\/1.1-with-logo.jpg#24683\"},{\"@type\":\"WebSite\",\"@id\":\"https:\\\/\\\/ipautomationinc.com\\\/#website\",\"url\":\"https:\\\/\\\/ipautomationinc.com\\\/\",\"name\":\"IP Automation Inc\",\"description\":\"Concept... Creation... Reality...\",\"publisher\":{\"@id\":\"https:\\\/\\\/ipautomationinc.com\\\/#organization\"},\"potentialAction\":[{\"@type\":\"SearchAction\",\"target\":{\"@type\":\"EntryPoint\",\"urlTemplate\":\"https:\\\/\\\/ipautomationinc.com\\\/?s={search_term_string}\"},\"query-input\":{\"@type\":\"PropertyValueSpecification\",\"valueRequired\":true,\"valueName\":\"search_term_string\"}}],\"inLanguage\":\"sl-SI\"},{\"@type\":\"Organization\",\"@id\":\"https:\\\/\\\/ipautomationinc.com\\\/#organization\",\"name\":\"IP Automation Inc\",\"url\":\"https:\\\/\\\/ipautomationinc.com\\\/\",\"logo\":{\"@type\":\"ImageObject\",\"inLanguage\":\"sl-SI\",\"@id\":\"https:\\\/\\\/ipautomationinc.com\\\/#\\\/schema\\\/logo\\\/image\\\/\",\"url\":\"https:\\\/\\\/ipautomationinc.com\\\/wp-content\\\/uploads\\\/2022\\\/05\\\/IPA-Favicon.png\",\"contentUrl\":\"https:\\\/\\\/ipautomationinc.com\\\/wp-content\\\/uploads\\\/2022\\\/05\\\/IPA-Favicon.png\",\"width\":513,\"height\":513,\"caption\":\"IP Automation Inc\"},\"image\":{\"@id\":\"https:\\\/\\\/ipautomationinc.com\\\/#\\\/schema\\\/logo\\\/image\\\/\"},\"sameAs\":[\"https:\\\/\\\/www.facebook.com\\\/ipautomationinc\\\/\",\"https:\\\/\\\/www.linkedin.com\\\/company\\\/ip-automation-inc\\\/\",\"https:\\\/\\\/www.youtube.com\\\/@IPAutomation\"]}]}<\/script>\n<!-- \/ Yoast SEO plugin. -->","yoast_head_json":{"title":"O avtomatizaciji IP | IP Automation Inc","description":"Ve\u010d kot 100 let skupnih izku\u0161enj z upogibanjem \u017eic. Lastni in\u017eeniring, orodjarna in proizvodnja. Ve\u010d o IP avtomatizaciji.","robots":{"index":"index","follow":"follow","max-snippet":"max-snippet:-1","max-image-preview":"max-image-preview:large","max-video-preview":"max-video-preview:-1"},"canonical":"https:\/\/ipautomationinc.com\/sl\/o-nas\/","og_locale":"sl_SI","og_type":"article","og_title":"About IP Automation | IP Automation Inc","og_description":"Over 100 years combined experience in wire bending. In-house engineering, tooling, and production. Learn more about IP Automation.","og_url":"https:\/\/ipautomationinc.com\/sl\/o-nas\/","og_site_name":"IP Automation Inc","article_publisher":"https:\/\/www.facebook.com\/ipautomationinc\/","article_modified_time":"2026-02-12T21:09:31+00:00","og_image":[{"url":"https:\/\/ipautomationinc.com\/wp-content\/uploads\/2023\/07\/1.1-with-logo.jpg#24683","type":"","width":"","height":""}],"schema":{"@context":"https:\/\/schema.org","@graph":[{"@type":"WebPage","@id":"https:\/\/ipautomationinc.com\/about-us\/","url":"https:\/\/ipautomationinc.com\/about-us\/","name":"O avtomatizaciji IP | IP Automation Inc","isPartOf":{"@id":"https:\/\/ipautomationinc.com\/#website"},"primaryImageOfPage":{"@id":"https:\/\/ipautomationinc.com\/about-us\/#primaryimage"},"image":{"@id":"https:\/\/ipautomationinc.com\/about-us\/#primaryimage"},"thumbnailUrl":"https:\/\/ipautomationinc.com\/wp-content\/uploads\/2023\/07\/1.1-with-logo.jpg#24683","datePublished":"2017-10-27T22:55:58+00:00","dateModified":"2026-02-12T21:09:31+00:00","description":"Ve\u010d kot 100 let skupnih izku\u0161enj z upogibanjem \u017eic. Lastni in\u017eeniring, orodjarna in proizvodnja. Ve\u010d o IP avtomatizaciji.","inLanguage":"sl-SI","potentialAction":[{"@type":"ReadAction","target":["https:\/\/ipautomationinc.com\/about-us\/"]}]},{"@type":"ImageObject","inLanguage":"sl-SI","@id":"https:\/\/ipautomationinc.com\/about-us\/#primaryimage","url":"https:\/\/ipautomationinc.com\/wp-content\/uploads\/2023\/07\/1.1-with-logo.jpg#24683","contentUrl":"https:\/\/ipautomationinc.com\/wp-content\/uploads\/2023\/07\/1.1-with-logo.jpg#24683"},{"@type":"WebSite","@id":"https:\/\/ipautomationinc.com\/#website","url":"https:\/\/ipautomationinc.com\/","name":"IP Automation Inc","description":"Koncept... Kreacija... Realnost...","publisher":{"@id":"https:\/\/ipautomationinc.com\/#organization"},"potentialAction":[{"@type":"SearchAction","target":{"@type":"EntryPoint","urlTemplate":"https:\/\/ipautomationinc.com\/?s={search_term_string}"},"query-input":{"@type":"PropertyValueSpecification","valueRequired":true,"valueName":"search_term_string"}}],"inLanguage":"sl-SI"},{"@type":"Organization","@id":"https:\/\/ipautomationinc.com\/#organization","name":"IP Automation Inc","url":"https:\/\/ipautomationinc.com\/","logo":{"@type":"ImageObject","inLanguage":"sl-SI","@id":"https:\/\/ipautomationinc.com\/#\/schema\/logo\/image\/","url":"https:\/\/ipautomationinc.com\/wp-content\/uploads\/2022\/05\/IPA-Favicon.png","contentUrl":"https:\/\/ipautomationinc.com\/wp-content\/uploads\/2022\/05\/IPA-Favicon.png","width":513,"height":513,"caption":"IP Automation Inc"},"image":{"@id":"https:\/\/ipautomationinc.com\/#\/schema\/logo\/image\/"},"sameAs":["https:\/\/www.facebook.com\/ipautomationinc\/","https:\/\/www.linkedin.com\/company\/ip-automation-inc\/","https:\/\/www.youtube.com\/@IPAutomation"]}]}},"_links":{"self":[{"href":"https:\/\/ipautomationinc.com\/sl\/wp-json\/wp\/v2\/pages\/120","targetHints":{"allow":["GET"]}}],"collection":[{"href":"https:\/\/ipautomationinc.com\/sl\/wp-json\/wp\/v2\/pages"}],"about":[{"href":"https:\/\/ipautomationinc.com\/sl\/wp-json\/wp\/v2\/types\/page"}],"author":[{"embeddable":true,"href":"https:\/\/ipautomationinc.com\/sl\/wp-json\/wp\/v2\/users\/3"}],"replies":[{"embeddable":true,"href":"https:\/\/ipautomationinc.com\/sl\/wp-json\/wp\/v2\/comments?post=120"}],"version-history":[{"count":1,"href":"https:\/\/ipautomationinc.com\/sl\/wp-json\/wp\/v2\/pages\/120\/revisions"}],"predecessor-version":[{"id":37722,"href":"https:\/\/ipautomationinc.com\/sl\/wp-json\/wp\/v2\/pages\/120\/revisions\/37722"}],"wp:attachment":[{"href":"https:\/\/ipautomationinc.com\/sl\/wp-json\/wp\/v2\/media?parent=120"}],"curies":[{"name":"delovni list","href":"https:\/\/api.w.org\/{rel}","templated":true}]}}