{"id":118,"date":"2017-10-27T17:51:34","date_gmt":"2017-10-27T22:51:34","guid":{"rendered":"http:\/\/ipautomationinc.com\/?page_id=118"},"modified":"2024-03-13T21:59:50","modified_gmt":"2024-03-13T21:59:50","slug":"zmogljivosti-stroja","status":"publish","type":"page","link":"https:\/\/ipautomationinc.com\/sl\/machine-capabilities\/","title":{"rendered":"Strojna tehnologija"},"content":{"rendered":"<h6 class=\"wp-block-heading\">Funkcije programske opreme Intellibend <br>Enostaven vmesnik za programiranje na 21,5-pal\u010dnem zaslonu na dotik <br>Popoln CNC nadzor vseh servo osi <br>Posodobljena 3D animirana simulacija z zaznavanjem trka <br>Integriran nadzor serije in \u0161tetje kosov <br>Vgrajena omre\u017ena povezljivost za oddaljeno tehni\u010dno podporo in odpravljanje te\u017eav<br>Popolna funkcija razveljavitve\/ponovitve Windows 10 <br>Funkcionalnost OPC UA za implementacijo \\\u201dIIOT\\\u201d. <br>Na voljo so I\/O funkcije po meri <br>Pripomo\u010dki za samodejno shranjevanje\/varnostno kopiranje <br>Samodejni klic in odpravljanje napak z roboti Fanuc <br>Brezpla\u010dne posodobitve programske opreme <br>Vgrajeni stolpci z opombami <br>Pogoste funkcije programske opreme<\/h6>\n\n\n\n<p><h3>Funkcije programske opreme Intellibend<\/h3>\n<br>\n<br>\n<br><h6>Enostaven vmesnik za programiranje na 21,5-pal\u010dnem zaslonu na dotik<\/h6>\n<br>\n<br>\n<br><h6>Popoln CNC nadzor vseh servo osi<\/h6>\n<br>\n<br>\n<br><h6>Posodobljena 3D animirana simulacija z zaznavanjem trka<\/h6>\n<br>\n<br>\n<br><h6>Integriran nadzor serije in \u0161tetje kosov<\/h6>\n<br>\n<br>\n<br><h6> Vgrajena omre\u017ena povezljivost za oddaljeno tehni\u010dno podporo in odpravljanje te\u017eav<\/h6>\n<br>\n<br>\n<br><h6>Popolna funkcija razveljavitve\/ponovitve Windows 10<\/h6>\n<br>\n<br>\n<br><h6>Funkcionalnost OPC UA za implementacijo \\\u201dIIOT\\\u201d.<\/h6>\n<br>\n<br>\n<br><h6>Na voljo so I\/O funkcije po meri<\/h6>\n<br>\n<br>\n<br><h6>Pripomo\u010dki za samodejno shranjevanje\/varnostno kopiranje<\/h6>\n<br>\n<br>\n<br><h6>Samodejni klic in odpravljanje napak z roboti Fanuc<\/h6>\n<br>\n<br>\n<br><h6>Brezpla\u010dne posodobitve programske opreme<\/h6>\n<br>\n<br>\n<br><h6>Vgrajeni stolpci z opombami<\/h6>\n<br>\n<br><br>Pogoste funkcije programske opreme<br>levo<br>brez ponavljanja; sredina zgoraj;;<br>avto<br><br><img decoding=\"async\" src=\"https:\/\/ipautomationinc.com\/wp-content\/uploads\/2022\/05\/DH-Simulation_Moment-trim.jpg\" alt=\"DH Simulacija_Moment-trim\" \/><br>poln<br>10<br><br><img decoding=\"async\" src=\"https:\/\/ipautomationinc.com\/wp-content\/uploads\/2021\/12\/3D-EDIT-e1640878763153.png\" alt=\"3D UREJANJE\" \/><br>srednje<br><br><img decoding=\"async\" src=\"https:\/\/ipautomationinc.com\/wp-content\/uploads\/2021\/11\/3D-Feature-e1640879116681.png\" alt=\"3D funkcija\" \/><br>srednje<br><br><h3>3D programska simulacija<\/h3>\n<br>\n<br>\t<h6>Animirana simulacija ustvari ustvarjanje oblike \u017eice in premike stroja<\/h6>\n<br>\t<h6>Oblikovalni na\u010din omogo\u010da izbiro segmentov za urejanje ustrezne CNC kode<\/h6>\n<br>\t<h6>Premi\u010dni 360-stopinjski pogled kamere na ustvarjeno obliko \u017eice<\/h6>\n<br>\t<h6>Za\u017eenite celotno simulacijo naenkrat ali korak za korakom<\/h6>\n<br>\t<h6>Zaznavanje kolizije oblike \u017eice sama s sabo in strojem<\/h6>\n<br><br>levo<br>brez ponavljanja;levo zgoraj;;<br>avto<br><br><h3>Mehanske lastnosti<\/h3>\n<br>\n<br>\n<br><h6>Mehanizem za podajanje \u017eice z zobni\u0161kim pogonom - brez pasov za no\u0161enje<\/h6>\n<br>\n<br>\n<br><h6>Hitro zamenljiva podajalna valja za 2 velikosti \u017eice, ki se popolnoma poravnata<\/h6>\n<br>\n<br>\n<br><h6>Vse prestave so utrjene za dolgo \u017eivljenjsko dobo<\/h6>\n<br>\n<br>\n<br><h6>Stabilizator \u017eice za ve\u010djo ponovljivost oblike \u017eice<\/h6>\n<br>\n<br>\n<br><h6>\u0160irok razpon dvoploskovnega ravnalnika \u017eice<\/h6>\n<br>\n<br>\n<br><h6>Vklju\u010dene risbe orodja za potro\u0161ni material<\/h6>\n<br>\n<br>\n<br><h6>Izjemno toga okvirna konstrukcija<\/h6>\n<br>\n<br>\n<br><h6>Vklju\u010dena je standardna 3000 lb izpla\u010dilna enota<\/h6>\n<br>\n<br><br>opis<br>levo<br>brez ponavljanja; sredina zgoraj;;<br>avto<br><br><img decoding=\"async\" src=\"https:\/\/ipautomationinc.com\/wp-content\/uploads\/2022\/05\/roller-front-2.jpg\" alt=\"valj spredaj\" \/><br>srednje<br><br><img decoding=\"async\" src=\"https:\/\/ipautomationinc.com\/wp-content\/uploads\/2022\/05\/roller-side.jpg\" alt=\"stran valja\" \/><br>srednje<br><br><img decoding=\"async\" src=\"https:\/\/ipautomationinc.com\/wp-content\/uploads\/2021\/10\/pannel-e1640882866614.png\" alt=\"panel\" \/><br>poln<br>vsebujejo<br>center center<br>skriti<br><br><img decoding=\"async\" src=\"https:\/\/ipautomationinc.com\/wp-content\/uploads\/2022\/04\/SDM.png\" alt=\"SDM\" \/><br>srednje<br><br><h3>Nadzor\/Funkcije programske opreme<\/h3>\n<br>\n<br>\t<h6>Upravitelj sistemske diagnostike za popoln pregled stroja<\/h6>\n<br>\t<h6>Monitor porabe energije za porabo energije in u\u010dinkovitost stroja<\/h6>\n<br>\t<h6>Aktivni napajalniki za pove\u010danje napetosti enosmernega vodila za ve\u010djo zmogljivost stroja<\/h6>\n<br>\t<h6>Skupna napetost enosmernega vodila za u\u010dinkovitost stroja, dodatna mo\u010d se filtrira nazaj v linijo<\/h6>\n<br>\t<h6>Dajalnik polo\u017eaja \u017eice za zaznavanje zdrsa podajalnika<\/h6>\n<br><br>opis<br>levo<br>brez ponavljanja; sredina zgoraj;;<br>avto<br><br>Stopite v stik<br><a href=\"https:\/\/ipautomationinc.com\/sl\/kontaktiraj-nas\/\">https:\/\/ipautomationinc.com\/contact-us\/<\/a><br>ikona-naprej<br>prav<br>4<br>gumb_tema<br>center<br><br><\/p>","protected":false},"excerpt":{"rendered":"<p>Intellibend Software features Simple programming interface on 21.5&#8243; multi touch screen Full CNC control of all servo axis Updated 3D<span class=\"excerpt-hellip\"> [\u2026]<\/span><\/p>\n","protected":false},"author":3,"featured_media":0,"parent":0,"menu_order":0,"comment_status":"open","ping_status":"closed","template":"","meta":{"footnotes":""},"class_list":["post-118","page","type-page","status-publish","hentry"],"yoast_head":"<!-- This site is optimized with the Yoast SEO plugin v27.4 - https:\/\/yoast.com\/product\/yoast-seo-wordpress\/ -->\n<title>Machine Technology | IP Automation Inc<\/title>\n<meta name=\"description\" content=\"Learn about the mechanical and programming machine features that goes into our machinery. Intellibend software with simulation.\" \/>\n<meta name=\"robots\" content=\"index, follow, max-snippet:-1, max-image-preview:large, max-video-preview:-1\" \/>\n<link rel=\"canonical\" href=\"https:\/\/ipautomationinc.com\/sl\/zmogljivosti-stroja\/\" \/>\n<meta property=\"og:locale\" content=\"sl_SI\" \/>\n<meta property=\"og:type\" content=\"article\" \/>\n<meta property=\"og:title\" content=\"Machine Technology | IP Automation Inc\" \/>\n<meta property=\"og:description\" content=\"Learn about the mechanical and programming machine features that goes into our machinery. Intellibend software with simulation.\" \/>\n<meta property=\"og:url\" content=\"https:\/\/ipautomationinc.com\/sl\/zmogljivosti-stroja\/\" \/>\n<meta property=\"og:site_name\" content=\"IP Automation Inc\" \/>\n<meta property=\"article:publisher\" content=\"https:\/\/www.facebook.com\/ipautomationinc\/\" \/>\n<meta property=\"article:modified_time\" content=\"2024-03-13T21:59:50+00:00\" \/>\n<meta property=\"og:image\" content=\"https:\/\/ipautomationinc.com\/wp-content\/uploads\/2022\/05\/web-header_Artboard-6.jpg\" \/>\n\t<meta property=\"og:image:width\" content=\"1920\" \/>\n\t<meta property=\"og:image:height\" content=\"815\" \/>\n\t<meta property=\"og:image:type\" content=\"image\/jpeg\" \/>\n<script type=\"application\/ld+json\" class=\"yoast-schema-graph\">{\"@context\":\"https:\\\/\\\/schema.org\",\"@graph\":[{\"@type\":\"WebPage\",\"@id\":\"https:\\\/\\\/ipautomationinc.com\\\/machine-capabilities\\\/\",\"url\":\"https:\\\/\\\/ipautomationinc.com\\\/machine-capabilities\\\/\",\"name\":\"Machine Technology | IP Automation Inc\",\"isPartOf\":{\"@id\":\"https:\\\/\\\/ipautomationinc.com\\\/#website\"},\"primaryImageOfPage\":{\"@id\":\"https:\\\/\\\/ipautomationinc.com\\\/machine-capabilities\\\/#primaryimage\"},\"image\":{\"@id\":\"https:\\\/\\\/ipautomationinc.com\\\/machine-capabilities\\\/#primaryimage\"},\"thumbnailUrl\":\"https:\\\/\\\/ipautomationinc.com\\\/wp-content\\\/uploads\\\/2022\\\/05\\\/DH-Simulation_Moment-trim.jpg\",\"datePublished\":\"2017-10-27T22:51:34+00:00\",\"dateModified\":\"2024-03-13T21:59:50+00:00\",\"description\":\"Learn about the mechanical and programming machine features that goes into our machinery. Intellibend software with simulation.\",\"inLanguage\":\"sl-SI\",\"potentialAction\":[{\"@type\":\"ReadAction\",\"target\":[\"https:\\\/\\\/ipautomationinc.com\\\/machine-capabilities\\\/\"]}]},{\"@type\":\"ImageObject\",\"inLanguage\":\"sl-SI\",\"@id\":\"https:\\\/\\\/ipautomationinc.com\\\/machine-capabilities\\\/#primaryimage\",\"url\":\"https:\\\/\\\/ipautomationinc.com\\\/wp-content\\\/uploads\\\/2022\\\/05\\\/DH-Simulation_Moment-trim.jpg\",\"contentUrl\":\"https:\\\/\\\/ipautomationinc.com\\\/wp-content\\\/uploads\\\/2022\\\/05\\\/DH-Simulation_Moment-trim.jpg\"},{\"@type\":\"WebSite\",\"@id\":\"https:\\\/\\\/ipautomationinc.com\\\/#website\",\"url\":\"https:\\\/\\\/ipautomationinc.com\\\/\",\"name\":\"IP Automation Inc\",\"description\":\"Concept... Creation... Reality...\",\"publisher\":{\"@id\":\"https:\\\/\\\/ipautomationinc.com\\\/#organization\"},\"potentialAction\":[{\"@type\":\"SearchAction\",\"target\":{\"@type\":\"EntryPoint\",\"urlTemplate\":\"https:\\\/\\\/ipautomationinc.com\\\/?s={search_term_string}\"},\"query-input\":{\"@type\":\"PropertyValueSpecification\",\"valueRequired\":true,\"valueName\":\"search_term_string\"}}],\"inLanguage\":\"sl-SI\"},{\"@type\":\"Organization\",\"@id\":\"https:\\\/\\\/ipautomationinc.com\\\/#organization\",\"name\":\"IP Automation Inc\",\"url\":\"https:\\\/\\\/ipautomationinc.com\\\/\",\"logo\":{\"@type\":\"ImageObject\",\"inLanguage\":\"sl-SI\",\"@id\":\"https:\\\/\\\/ipautomationinc.com\\\/#\\\/schema\\\/logo\\\/image\\\/\",\"url\":\"https:\\\/\\\/ipautomationinc.com\\\/wp-content\\\/uploads\\\/2022\\\/05\\\/IPA-Favicon.png\",\"contentUrl\":\"https:\\\/\\\/ipautomationinc.com\\\/wp-content\\\/uploads\\\/2022\\\/05\\\/IPA-Favicon.png\",\"width\":513,\"height\":513,\"caption\":\"IP Automation Inc\"},\"image\":{\"@id\":\"https:\\\/\\\/ipautomationinc.com\\\/#\\\/schema\\\/logo\\\/image\\\/\"},\"sameAs\":[\"https:\\\/\\\/www.facebook.com\\\/ipautomationinc\\\/\",\"https:\\\/\\\/www.linkedin.com\\\/company\\\/ip-automation-inc\\\/\",\"https:\\\/\\\/www.youtube.com\\\/@IPAutomation\"]}]}<\/script>\n<!-- \/ Yoast SEO plugin. -->","yoast_head_json":{"title":"Strojna tehnologija | IP Automation Inc","description":"Spoznajte mehanske in programske funkcije strojev, ki so del na\u0161ih strojev. Programska oprema Intellibend s simulacijo.","robots":{"index":"index","follow":"follow","max-snippet":"max-snippet:-1","max-image-preview":"max-image-preview:large","max-video-preview":"max-video-preview:-1"},"canonical":"https:\/\/ipautomationinc.com\/sl\/zmogljivosti-stroja\/","og_locale":"sl_SI","og_type":"article","og_title":"Machine Technology | IP Automation Inc","og_description":"Learn about the mechanical and programming machine features that goes into our machinery. Intellibend software with simulation.","og_url":"https:\/\/ipautomationinc.com\/sl\/zmogljivosti-stroja\/","og_site_name":"IP Automation Inc","article_publisher":"https:\/\/www.facebook.com\/ipautomationinc\/","article_modified_time":"2024-03-13T21:59:50+00:00","og_image":[{"width":1920,"height":815,"url":"https:\/\/ipautomationinc.com\/wp-content\/uploads\/2022\/05\/web-header_Artboard-6.jpg","type":"image\/jpeg"}],"schema":{"@context":"https:\/\/schema.org","@graph":[{"@type":"WebPage","@id":"https:\/\/ipautomationinc.com\/machine-capabilities\/","url":"https:\/\/ipautomationinc.com\/machine-capabilities\/","name":"Strojna tehnologija | IP Automation Inc","isPartOf":{"@id":"https:\/\/ipautomationinc.com\/#website"},"primaryImageOfPage":{"@id":"https:\/\/ipautomationinc.com\/machine-capabilities\/#primaryimage"},"image":{"@id":"https:\/\/ipautomationinc.com\/machine-capabilities\/#primaryimage"},"thumbnailUrl":"https:\/\/ipautomationinc.com\/wp-content\/uploads\/2022\/05\/DH-Simulation_Moment-trim.jpg","datePublished":"2017-10-27T22:51:34+00:00","dateModified":"2024-03-13T21:59:50+00:00","description":"Spoznajte mehanske in programske funkcije strojev, ki so del na\u0161ih strojev. Programska oprema Intellibend s simulacijo.","inLanguage":"sl-SI","potentialAction":[{"@type":"ReadAction","target":["https:\/\/ipautomationinc.com\/machine-capabilities\/"]}]},{"@type":"ImageObject","inLanguage":"sl-SI","@id":"https:\/\/ipautomationinc.com\/machine-capabilities\/#primaryimage","url":"https:\/\/ipautomationinc.com\/wp-content\/uploads\/2022\/05\/DH-Simulation_Moment-trim.jpg","contentUrl":"https:\/\/ipautomationinc.com\/wp-content\/uploads\/2022\/05\/DH-Simulation_Moment-trim.jpg"},{"@type":"WebSite","@id":"https:\/\/ipautomationinc.com\/#website","url":"https:\/\/ipautomationinc.com\/","name":"IP Automation Inc","description":"Koncept... Kreacija... Realnost...","publisher":{"@id":"https:\/\/ipautomationinc.com\/#organization"},"potentialAction":[{"@type":"SearchAction","target":{"@type":"EntryPoint","urlTemplate":"https:\/\/ipautomationinc.com\/?s={search_term_string}"},"query-input":{"@type":"PropertyValueSpecification","valueRequired":true,"valueName":"search_term_string"}}],"inLanguage":"sl-SI"},{"@type":"Organization","@id":"https:\/\/ipautomationinc.com\/#organization","name":"IP Automation Inc","url":"https:\/\/ipautomationinc.com\/","logo":{"@type":"ImageObject","inLanguage":"sl-SI","@id":"https:\/\/ipautomationinc.com\/#\/schema\/logo\/image\/","url":"https:\/\/ipautomationinc.com\/wp-content\/uploads\/2022\/05\/IPA-Favicon.png","contentUrl":"https:\/\/ipautomationinc.com\/wp-content\/uploads\/2022\/05\/IPA-Favicon.png","width":513,"height":513,"caption":"IP Automation Inc"},"image":{"@id":"https:\/\/ipautomationinc.com\/#\/schema\/logo\/image\/"},"sameAs":["https:\/\/www.facebook.com\/ipautomationinc\/","https:\/\/www.linkedin.com\/company\/ip-automation-inc\/","https:\/\/www.youtube.com\/@IPAutomation"]}]}},"_links":{"self":[{"href":"https:\/\/ipautomationinc.com\/sl\/wp-json\/wp\/v2\/pages\/118","targetHints":{"allow":["GET"]}}],"collection":[{"href":"https:\/\/ipautomationinc.com\/sl\/wp-json\/wp\/v2\/pages"}],"about":[{"href":"https:\/\/ipautomationinc.com\/sl\/wp-json\/wp\/v2\/types\/page"}],"author":[{"embeddable":true,"href":"https:\/\/ipautomationinc.com\/sl\/wp-json\/wp\/v2\/users\/3"}],"replies":[{"embeddable":true,"href":"https:\/\/ipautomationinc.com\/sl\/wp-json\/wp\/v2\/comments?post=118"}],"version-history":[{"count":0,"href":"https:\/\/ipautomationinc.com\/sl\/wp-json\/wp\/v2\/pages\/118\/revisions"}],"wp:attachment":[{"href":"https:\/\/ipautomationinc.com\/sl\/wp-json\/wp\/v2\/media?parent=118"}],"curies":[{"name":"delovni list","href":"https:\/\/api.w.org\/{rel}","templated":true}]}}