{"id":1161,"date":"2022-06-01T14:10:28","date_gmt":"2022-06-01T19:10:28","guid":{"rendered":"https:\/\/ipautomationinc.com\/?page_id=1161"},"modified":"2026-03-27T13:27:01","modified_gmt":"2026-03-27T18:27:01","slug":"serija-i-sc","status":"publish","type":"page","link":"https:\/\/ipautomationinc.com\/sl\/i-sc-series\/","title":{"rendered":"i-SC Series CNC Wire Bender"},"content":{"rendered":"<h6 class=\"wp-block-heading\"><strong>The i-SC series 3D CNC wire bender is a powerhouse of value. It features an all-electric bending and cutting design using the same precision feed mechanisms, Intellibend software with 3D simulation and an incredible list of features you&#8217;ll find on our more advanced machines.<\/strong><\/h6>\n\n\n\n<p><\/p>\n\n\n\n<p><span class=\"builder2seo\"><\/span>Kompaktni CNC upogibalnik \u017eice z eno glavo<br><br>Serija i-SC<br><br><img decoding=\"async\" src=\"https:\/\/ipautomationinc.com\/wp-content\/uploads\/2025\/09\/i8-SC-RGB.png#38241\" alt=\"i8-SC RGB\"><br>i-SC CNC oblikovalnik \u017eice<br>400 slikovnih pik<br><br>Kliknite tukaj za video<br><a href=\"https:\/\/ipautomationinc.com\/sl\/serija-i-sc\/#video\">https:\/\/ipautomationinc.com\/i-sc-series\/#video<\/a><br>fas fa-play-krog<br>gumb_tema<br><br>Kliknite tukaj za PDF letak<br><a href=\"https:\/\/ipautomationinc.com\/wp-content\/uploads\/2025\/09\/2025-i-SC-Flyer.pdf\">https:\/\/ipautomationinc.com\/wp-content\/uploads\/2025\/09\/2025-i-SC-Flyer.pdf<\/a><br>fas fa-datoteka-pdf<br>gumb_tema<br>https:\/\/ipautomationinc.com\/wp-content\/uploads\/2025\/09\/2025-i-SC-Flyer.pdf<br><br>261,260,262,251,246<br>#0455B3<br>3px 3px 3px 3px<br><br><h4>The i-SC series 3D CNC wire bender is a powerhouse of value. It features an all-electric bending and cutting design using the same precision feed mechanisms, Intellibend software with 3D simulation and an incredible list of features you\\&#8217;ll find on our more advanced machines.You will make quick work of common wire forms and immediately appreciate the refined details of this thoughtfully engineered machine and user-friendly design.The i-SC series CNC wire bender is an affordable performer, designed for low maintenance, easy setup and long term durability.<\/h4><br><br><h3>Aplikacije<\/h3><h4>Popoln za komponente POP zaslona, industrijo aparatov, sponke, dr\u017eala, kljuke, vzmeti, obe\u0161alnike, priklju\u010dke, dele ko\u0161ar za drevesce.<\/h4><br>#EBEBEB<br><br><img decoding=\"async\" src=\"https:\/\/ipautomationinc.com\/wp-content\/uploads\/2025\/09\/i8-SC-RGB.png#38241\" alt=\"i8-SC RGB\"><br><br>Kliknite tukaj za video<br><a href=\"https:\/\/ipautomationinc.com\/sl\/serija-i-sc\/#video\">https:\/\/ipautomationinc.com\/i-sc-series\/#video<\/a><br>fas fa-play-krog<br>gumb_tema<br><br>Kliknite tukaj za PDF letak<br><a href=\"https:\/\/ipautomationinc.com\/wp-content\/uploads\/2025\/09\/2025-i-SC-Flyer.pdf\">https:\/\/ipautomationinc.com\/wp-content\/uploads\/2025\/09\/2025-i-SC-Flyer.pdf<\/a><br>fas fa-datoteka-pdf<br>gumb_tema<br>https:\/\/ipautomationinc.com\/wp-content\/uploads\/2025\/09\/2025-i-SC-Flyer.pdf<br><br>261,260,262,251,246<br>#0455B3<br>3px 3px 3px 3px<br>po meri<br>80%<br><br><h4>The i-SC series 3D CNC wire bender is a powerhouse of value. It features an all-electric bending and cutting design using the same precision feed mechanisms, Intellibend software with 3D Simulation and an incredible list of features you\\&#8217;ll find on our more advanced machines.You will make quick work of common wire forms and immediately appreciate the refined details of this thoughtfully engineered machine and user-friendly design.The i-SC series CNC wire bender is an affordable performer, designed for low maintenance, easy setup and long term durability.<\/h4><br><br><h3>Aplikacije<\/h3><h4>Popoln za komponente POP zaslona, industrijo aparatov, sponke, dr\u017eala, kljuke, vzmeti, obe\u0161alnike, priklju\u010dke, dele ko\u0161ar za drevesce.<\/h4><br>#EBEBEB<br><br><br>Mediji<br><br>;c;;<br><br>i6-SC Video<br><a href=\"https:\/\/player.vimeo.com\/video\/799206818\">https:\/\/player.vimeo.com\/video\/799206818<\/a><br>lightbox<br>gumb_tema<br>exit-mfn-popup<br><br>37051,1326,1208,1204,37052<br><br><br>Lastnosti<br><br>Upogibanje<br>Programiranje<br>Podrobnosti<br>Postavitev stroja<br><br><br>\t4 Servo Axes: X &#8211; feed, Y &#8211; bend, Z &#8211; arm rotation, + 1 combined servo cutter and bend head height<br><br><br><br>\tSredinsko orodje je v fiksnem polo\u017eaju in ponuja mo\u017enost za 2 simetri\u010dna polmera zahvaljujo\u010d servo nastavljivi vi\u0161ini upogibne glave. Sredinsko orodje je mogo\u010de ro\u010dno zavrteti, da zagotovite 2 dodatna radija na nasprotni strani istega orodja.<br><br><br><br>Na\u0161a metoda upogibanja z dvema zati\u010dema spro\u017ei izmeni\u010dno upogibanje z dvakratno hitrostjo upogibanja z enim zati\u010dem.<br><br><br><br>Na voljo so mo\u017enosti orodja po meri in orodje za rezanje obro\u010dev.<br><br><br><br>In\u017eenirji za IP avtomatizacijo in CNC stroji so vse krivilne glave, rezalniki in valji za podajanje \u017eice sami po razumni ceni s hitrim obratom.<br><br><br><br><br>\t<a href=\"https:\/\/ipautomationinc.com\/sl\/zmogljivosti-stroja\/\"><span>Programska oprema Intellibend<\/span> <\/a> v operacijskem sistemu Windows 10 s 3D simulacijo<br><br><br><br>      Oblika CNC programa dol\u017eina-rotacija-kot<br><br><br><br>      Proizvodna nadzorna plo\u0161\u010da s hitrostjo in serijskim programiranjem v realnem \u010dasu<br><br><br><br>      18,5\u2033 zaslon z ve\u010dkratnim dotikom<br><br><br><br>      Oddaljena povezljivost prek tunela VPN<br><br>      Protokol OPC-UA za industrijo 4.0<br><br><br><br>      Na voljo so I\/O funkcije po meri<br><br>\t<br><br><br>Izpla\u010dilo \u017eice z zmogljivostjo roke linearnega gibanja: 3000 lbs. vklju\u010deno (4500 lbs. mo\u017enost je na voljo)<br><br>7\u2032 (2,13 m) varnostna kletka z varnostnimi zapornimi vrati<br><br>Ravnalnik \u017eice z dvojno ravnino \u0161irokega razpona<br><br>Vsi pogonski sistemi podajanja in upogibanja imajo utrjene zobnike in so popolnoma zaprti.<br><br>Hitro preklopni utrjeni podajalni valji za 2 velikosti \u017eice<br><br>Linearni kodirnik na podajalniku \u017eice za natan\u010dnost in zaznavanje zdrsa<br><br>Rezalna matrica za ponovno bru\u0161enje<br><br>Na voljo usposabljanje na kraju samem<br><br>Mo\u017enost robotske integracije<br><br><br><div class=\"image_frame image_item scale-with-grid element_classes aligncenter no_border hover-disable mfn-img-box\"  role=\"link\" aria-label=\"Slika s povezavami\" tabindex=\"0\"><div class=\"image_wrapper\"><a href=\"https:\/\/ipautomationinc.com\/wp-content\/uploads\/2022\/06\/i6-SC-layout.jpg\" rel=\"prettyphoto\"   class=\"\"  tabindex=\"-1\" title=\"\"><div class=\"mask\"><\/div><img decoding=\"async\" class=\"scale-with-grid\" src=\"https:\/\/ipautomationinc.com\/wp-content\/uploads\/2022\/06\/i6-SC-layout.jpg\" fetchpriority=\"high\" alt=\"i6-SC postavitev\" title=\"\" width=\"300\" height=\"886\" style=\"\"\/><\/a><div class=\"image_links\"><a href=\"https:\/\/ipautomationinc.com\/wp-content\/uploads\/2022\/06\/i6-SC-layout.jpg\" class=\"zoom\" rel=\"prettyphoto\" tabindex=\"-1\" aria-label=\"pove\u010dava slike\" title=\"\"><svg viewbox=\"0 0 26 26\"><defs><style>.path{fill:none;stroke:#333;stroke-miterlimit:10;stroke-width:1.5px;}<\/style><\/defs><circle cx=\"11.35\" cy=\"11.35\" r=\"6\" class=\"path\"\/><line x1=\"15.59\" y1=\"15.59\" x2=\"20.65\" y2=\"20.65\" class=\"path\"\/><\/svg><\/a><\/div><\/div><\/div>\n<br>#EBEBEB<br>#222222<br><br><br>Specifikacije<br><br><br><br><p>*Na zmogljivost najmanj\u0161ega in najve\u010djega premera vpliva natezni izkoristek \u017eice. Pi\u0161ite nam za pojasnilo glede najmanj\u0161ega\/najve\u010djega razpona za va\u0161 tip \u017eice.<\/p><br><br><br>Mo\u017enosti stroja<br><br>Intelimetska robotika<br>s prilagojenim EOAT<br><img decoding=\"async\" src=\"https:\/\/ipautomationinc.com\/wp-content\/uploads\/2022\/06\/machine-options_robot.png\" alt=\"strojne mo\u017enosti_robot\"><br><a href=\"https:\/\/ipautomationinc.com\/sl\/dodatki\/robotika\/\">https:\/\/ipautomationinc.com\/accessories\/robotics\/<\/a><br>\u0161katlasta lestvica<br>70%<br>#000000<br><br>Obdelovalni center iFM<br><img decoding=\"async\" src=\"https:\/\/ipautomationinc.com\/wp-content\/uploads\/2023\/11\/ifm-icon-1.png#35422\" alt=\"ifm ikona\"><br><a href=\"https:\/\/ipautomationinc.com\/sl\/dodatki\/obdelovalni-center\/\">https:\/\/ipautomationinc.com\/accessories\/machining-center\/<\/a><br>\u0161katlasta lestvica<br>70%<br><br>Posnemalna\/vrtalna postaja<br><img decoding=\"async\" src=\"https:\/\/ipautomationinc.com\/wp-content\/uploads\/2024\/08\/chamfer-drill.png#36736\" alt=\"posnemalni sveder\"><br><a href=\"https:\/\/ipautomationinc.com\/sl\/dodatki\/posnemalni-sveder\/\">https:\/\/ipautomationinc.com\/accessories\/chamfer-drill\/<\/a><br>\u0161katlasta lestvica<br>70%<br><br>iBW-45 Varilni aparat za \u010delno varjenje<br>z rotacijskim varjenjem<br><img decoding=\"async\" src=\"https:\/\/ipautomationinc.com\/wp-content\/uploads\/2025\/08\/machine-options_iBW-45.png#38050\" alt=\"machine-options_iBW-45\"><br><a href=\"https:\/\/ipautomationinc.com\/sl\/dodatki\/avtomatski-varilci\/\">https:\/\/ipautomationinc.com\/accessories\/automated-welders\/<\/a><br>\u0161katlasta lestvica<br>70%<br>#000000<br><br>Pregled vida<br><img decoding=\"async\" src=\"https:\/\/ipautomationinc.com\/wp-content\/uploads\/2022\/06\/machine-options_vision-inspection-closeup.png\" alt=\"strojne-mo\u017enosti_vizija-pregled-od blizu\"><br>\u0161katlasta lestvica<br>70%<br><br>Re\u0161itve za ravnanje z deli<br><img decoding=\"async\" src=\"https:\/\/ipautomationinc.com\/wp-content\/uploads\/2022\/06\/machine-options_rack-option.png\" alt=\"strojne mo\u017enosti_mo\u017enost stojala\"><br>\u0161katlasta lestvica<br>70%<br><br>Servo stiskalnica<br><img decoding=\"async\" src=\"https:\/\/ipautomationinc.com\/wp-content\/uploads\/2022\/06\/machine-options_servo-press.png\" alt=\"strojne mo\u017enosti_servo stiskalnica\"><br>\u0161katlasta lestvica<br>70%<br><br>Hladna glava<br><img decoding=\"async\" src=\"https:\/\/ipautomationinc.com\/wp-content\/uploads\/2022\/06\/machine-options_cold-heading.png\" alt=\"strojne mo\u017enosti_hladna glava\"><br>\u0161katlasta lestvica<br>70%<br><br>Dobite cene zdaj!<br>ikona-naprej<br><a href=\"https:\/\/ipautomationinc.com\/sl\/kontaktiraj-nas\/#form\">https:\/\/ipautomationinc.com\/contact-us\/#form<\/a><br>50 slikovnih pik<br><br>Drugi CNC stroji za upogibanje \u017eice<br><br><h4>Serija i-S\u00b2<\/h4><br><br><p><hr class=\"no_line\" style=\"margin: 0 auto 0px auto\"\/>\n <a href=\"https:\/\/ipautomationinc.com\/sl\/serija-i-s-na-kvadrat\/\"> <img decoding=\"async\" src=\"https:\/\/ipautomationinc.com\/wp-content\/uploads\/2024\/08\/i10-S\u00b2-rgb.png\" alt=\"i-S\u00b2 CNC oblikovalnik \u017eice\"> <\/a> <hr class=\"no_line\" style=\"margin: 0 auto 0px auto\"\/>\n<\/p><br><br><p>Serija S\u00b2 prina\u0161a vsestranskost dvojne kupole in zmo\u017enost krivljenja cevi za serijo S 2\u201313 mm<\/p><br><br><a class=\"mfn-link mfn-link-1\" href=\"\" style=\"\" data-hover=\"\"   ><span data-hover=\"\"><\/span><\/a><br>brez ponavljanja;levo zgoraj;;<br>avto<br><br><h4>Serija i-S\u00b2-P<\/h4><br><br><p><hr class=\"no_line\" style=\"margin: 0 auto 0px auto\"\/>\n <a href=\"https:\/\/ipautomationinc.com\/sl\/serija-i-s-na-kvadrat-p\/\"> <img decoding=\"async\" src=\"https:\/\/ipautomationinc.com\/wp-content\/uploads\/2026\/02\/i10-S\u00b2-P-Single-Piece-3D-CNC-Wire-Bender.png\" alt=\"i-S\u00b2-P enodelni CNC oblikovalnik \u017eice\"> <\/a> <hr class=\"no_line\" style=\"margin: 0 auto 0px auto\"\/>\n<\/p><br><br><p>Serija S\u00b2-P je zasnovana za enostavno delo z zahtevnimi \u017ei\u010dnimi oblikami od 2,5 do 13 mm.<\/p><br><br><a class=\"mfn-link mfn-link-1\" href=\"\" style=\"\" data-hover=\"\"   ><span data-hover=\"\"><\/span><\/a><br>brez ponavljanja;levo zgoraj;;<br>avto<br><br><h4>Serija i-S<\/h4><br><br><p><hr class=\"no_line\" style=\"margin: 0 auto 0px auto\"\/>\n <a href=\"https:\/\/ipautomationinc.com\/sl\/serija-i-s\/\"> <img decoding=\"async\" src=\"https:\/\/ipautomationinc.com\/wp-content\/uploads\/2023\/02\/i8-S-RGB-1.png\" alt=\"iS CNC oblikovalnik \u017eice\"> <\/a> <hr class=\"no_line\" style=\"margin: 0 auto 0px auto\"\/>\n<\/p><br><br><p>Serija S je natan\u010dna delovna sila za 3D \u017ei\u010dne oblike od 2 do 16 mm<\/p><br><br><a class=\"mfn-link mfn-link-1\" href=\"\" style=\"\" data-hover=\"\"   ><span data-hover=\"\"><\/span><\/a><br>brez ponavljanja;levo zgoraj;;<br>avto<br><br><\/p>","protected":false},"excerpt":{"rendered":"<p>The i-SC series 3D CNC wire bender is a powerhouse of value. It features an all-electric bending and cutting design<span class=\"excerpt-hellip\"> [\u2026]<\/span><\/p>\n","protected":false},"author":3,"featured_media":0,"parent":0,"menu_order":0,"comment_status":"closed","ping_status":"closed","template":"","meta":{"footnotes":""},"class_list":["post-1161","page","type-page","status-publish","hentry"],"yoast_head":"<!-- This site is optimized with the Yoast SEO plugin v27.3 - https:\/\/yoast.com\/product\/yoast-seo-wordpress\/ -->\n<title>i-SC Series CNC Wire Bender | IP Automation Inc<\/title>\n<meta name=\"description\" content=\"The i-SC series 3D CNC wire bender is an affordable performer, designed for low maintenance, easy setup and long term durability.\" \/>\n<meta name=\"robots\" content=\"index, follow, max-snippet:-1, max-image-preview:large, max-video-preview:-1\" \/>\n<link rel=\"canonical\" href=\"https:\/\/ipautomationinc.com\/sl\/serija-i-sc\/\" \/>\n<meta property=\"og:locale\" content=\"sl_SI\" \/>\n<meta property=\"og:type\" content=\"article\" \/>\n<meta property=\"og:title\" content=\"i-SC Series CNC Wire Bender | IP Automation Inc\" \/>\n<meta property=\"og:description\" content=\"The i-SC series 3D CNC wire bender is an affordable performer, designed for low maintenance, easy setup and long term durability.\" \/>\n<meta property=\"og:url\" content=\"https:\/\/ipautomationinc.com\/sl\/serija-i-sc\/\" \/>\n<meta property=\"og:site_name\" content=\"IP Automation Inc\" \/>\n<meta property=\"article:publisher\" content=\"https:\/\/www.facebook.com\/ipautomationinc\/\" \/>\n<meta property=\"article:modified_time\" content=\"2026-03-27T18:27:01+00:00\" \/>\n<meta property=\"og:image\" content=\"https:\/\/ipautomationinc.com\/wp-content\/uploads\/2025\/09\/i8-SC-RGB.png#38241\" \/>\n<script type=\"application\/ld+json\" class=\"yoast-schema-graph\">{\"@context\":\"https:\\\/\\\/schema.org\",\"@graph\":[{\"@type\":\"WebPage\",\"@id\":\"https:\\\/\\\/ipautomationinc.com\\\/i-sc-series\\\/\",\"url\":\"https:\\\/\\\/ipautomationinc.com\\\/i-sc-series\\\/\",\"name\":\"i-SC Series CNC Wire Bender | IP Automation Inc\",\"isPartOf\":{\"@id\":\"https:\\\/\\\/ipautomationinc.com\\\/#website\"},\"primaryImageOfPage\":{\"@id\":\"https:\\\/\\\/ipautomationinc.com\\\/i-sc-series\\\/#primaryimage\"},\"image\":{\"@id\":\"https:\\\/\\\/ipautomationinc.com\\\/i-sc-series\\\/#primaryimage\"},\"thumbnailUrl\":\"https:\\\/\\\/ipautomationinc.com\\\/wp-content\\\/uploads\\\/2025\\\/09\\\/i8-SC-RGB.png#38241\",\"datePublished\":\"2022-06-01T19:10:28+00:00\",\"dateModified\":\"2026-03-27T18:27:01+00:00\",\"description\":\"The i-SC series 3D CNC wire bender is an affordable performer, designed for low maintenance, easy setup and long term durability.\",\"inLanguage\":\"sl-SI\",\"potentialAction\":[{\"@type\":\"ReadAction\",\"target\":[\"https:\\\/\\\/ipautomationinc.com\\\/i-sc-series\\\/\"]}]},{\"@type\":\"ImageObject\",\"inLanguage\":\"sl-SI\",\"@id\":\"https:\\\/\\\/ipautomationinc.com\\\/i-sc-series\\\/#primaryimage\",\"url\":\"https:\\\/\\\/ipautomationinc.com\\\/wp-content\\\/uploads\\\/2025\\\/09\\\/i8-SC-RGB.png#38241\",\"contentUrl\":\"https:\\\/\\\/ipautomationinc.com\\\/wp-content\\\/uploads\\\/2025\\\/09\\\/i8-SC-RGB.png#38241\"},{\"@type\":\"WebSite\",\"@id\":\"https:\\\/\\\/ipautomationinc.com\\\/#website\",\"url\":\"https:\\\/\\\/ipautomationinc.com\\\/\",\"name\":\"IP Automation Inc\",\"description\":\"Concept... Creation... Reality...\",\"publisher\":{\"@id\":\"https:\\\/\\\/ipautomationinc.com\\\/#organization\"},\"potentialAction\":[{\"@type\":\"SearchAction\",\"target\":{\"@type\":\"EntryPoint\",\"urlTemplate\":\"https:\\\/\\\/ipautomationinc.com\\\/?s={search_term_string}\"},\"query-input\":{\"@type\":\"PropertyValueSpecification\",\"valueRequired\":true,\"valueName\":\"search_term_string\"}}],\"inLanguage\":\"sl-SI\"},{\"@type\":\"Organization\",\"@id\":\"https:\\\/\\\/ipautomationinc.com\\\/#organization\",\"name\":\"IP Automation Inc\",\"url\":\"https:\\\/\\\/ipautomationinc.com\\\/\",\"logo\":{\"@type\":\"ImageObject\",\"inLanguage\":\"sl-SI\",\"@id\":\"https:\\\/\\\/ipautomationinc.com\\\/#\\\/schema\\\/logo\\\/image\\\/\",\"url\":\"https:\\\/\\\/ipautomationinc.com\\\/wp-content\\\/uploads\\\/2022\\\/05\\\/IPA-Favicon.png\",\"contentUrl\":\"https:\\\/\\\/ipautomationinc.com\\\/wp-content\\\/uploads\\\/2022\\\/05\\\/IPA-Favicon.png\",\"width\":513,\"height\":513,\"caption\":\"IP Automation Inc\"},\"image\":{\"@id\":\"https:\\\/\\\/ipautomationinc.com\\\/#\\\/schema\\\/logo\\\/image\\\/\"},\"sameAs\":[\"https:\\\/\\\/www.facebook.com\\\/ipautomationinc\\\/\",\"https:\\\/\\\/www.linkedin.com\\\/company\\\/ip-automation-inc\\\/\",\"https:\\\/\\\/www.youtube.com\\\/@IPAutomation\"]}]}<\/script>\n<!-- \/ Yoast SEO plugin. -->","yoast_head_json":{"title":"CNC upogibalnik \u017eice serije i-SC | IP Automation Inc","description":"3D CNC upogibalnik \u017eice serije i-SC je cenovno ugoden, zasnovan za nizko vzdr\u017eevanje, enostavno nastavitev in dolgotrajno vzdr\u017eljivost.","robots":{"index":"index","follow":"follow","max-snippet":"max-snippet:-1","max-image-preview":"max-image-preview:large","max-video-preview":"max-video-preview:-1"},"canonical":"https:\/\/ipautomationinc.com\/sl\/serija-i-sc\/","og_locale":"sl_SI","og_type":"article","og_title":"i-SC Series CNC Wire Bender | IP Automation Inc","og_description":"The i-SC series 3D CNC wire bender is an affordable performer, designed for low maintenance, easy setup and long term durability.","og_url":"https:\/\/ipautomationinc.com\/sl\/serija-i-sc\/","og_site_name":"IP Automation Inc","article_publisher":"https:\/\/www.facebook.com\/ipautomationinc\/","article_modified_time":"2026-03-27T18:27:01+00:00","og_image":[{"url":"https:\/\/ipautomationinc.com\/wp-content\/uploads\/2025\/09\/i8-SC-RGB.png#38241","type":"","width":"","height":""}],"schema":{"@context":"https:\/\/schema.org","@graph":[{"@type":"WebPage","@id":"https:\/\/ipautomationinc.com\/i-sc-series\/","url":"https:\/\/ipautomationinc.com\/i-sc-series\/","name":"CNC upogibalnik \u017eice serije i-SC | IP Automation Inc","isPartOf":{"@id":"https:\/\/ipautomationinc.com\/#website"},"primaryImageOfPage":{"@id":"https:\/\/ipautomationinc.com\/i-sc-series\/#primaryimage"},"image":{"@id":"https:\/\/ipautomationinc.com\/i-sc-series\/#primaryimage"},"thumbnailUrl":"https:\/\/ipautomationinc.com\/wp-content\/uploads\/2025\/09\/i8-SC-RGB.png#38241","datePublished":"2022-06-01T19:10:28+00:00","dateModified":"2026-03-27T18:27:01+00:00","description":"3D CNC upogibalnik \u017eice serije i-SC je cenovno ugoden, zasnovan za nizko vzdr\u017eevanje, enostavno nastavitev in dolgotrajno vzdr\u017eljivost.","inLanguage":"sl-SI","potentialAction":[{"@type":"ReadAction","target":["https:\/\/ipautomationinc.com\/i-sc-series\/"]}]},{"@type":"ImageObject","inLanguage":"sl-SI","@id":"https:\/\/ipautomationinc.com\/i-sc-series\/#primaryimage","url":"https:\/\/ipautomationinc.com\/wp-content\/uploads\/2025\/09\/i8-SC-RGB.png#38241","contentUrl":"https:\/\/ipautomationinc.com\/wp-content\/uploads\/2025\/09\/i8-SC-RGB.png#38241"},{"@type":"WebSite","@id":"https:\/\/ipautomationinc.com\/#website","url":"https:\/\/ipautomationinc.com\/","name":"IP Automation Inc","description":"Koncept... Kreacija... Realnost...","publisher":{"@id":"https:\/\/ipautomationinc.com\/#organization"},"potentialAction":[{"@type":"SearchAction","target":{"@type":"EntryPoint","urlTemplate":"https:\/\/ipautomationinc.com\/?s={search_term_string}"},"query-input":{"@type":"PropertyValueSpecification","valueRequired":true,"valueName":"search_term_string"}}],"inLanguage":"sl-SI"},{"@type":"Organization","@id":"https:\/\/ipautomationinc.com\/#organization","name":"IP Automation Inc","url":"https:\/\/ipautomationinc.com\/","logo":{"@type":"ImageObject","inLanguage":"sl-SI","@id":"https:\/\/ipautomationinc.com\/#\/schema\/logo\/image\/","url":"https:\/\/ipautomationinc.com\/wp-content\/uploads\/2022\/05\/IPA-Favicon.png","contentUrl":"https:\/\/ipautomationinc.com\/wp-content\/uploads\/2022\/05\/IPA-Favicon.png","width":513,"height":513,"caption":"IP Automation Inc"},"image":{"@id":"https:\/\/ipautomationinc.com\/#\/schema\/logo\/image\/"},"sameAs":["https:\/\/www.facebook.com\/ipautomationinc\/","https:\/\/www.linkedin.com\/company\/ip-automation-inc\/","https:\/\/www.youtube.com\/@IPAutomation"]}]}},"_links":{"self":[{"href":"https:\/\/ipautomationinc.com\/sl\/wp-json\/wp\/v2\/pages\/1161","targetHints":{"allow":["GET"]}}],"collection":[{"href":"https:\/\/ipautomationinc.com\/sl\/wp-json\/wp\/v2\/pages"}],"about":[{"href":"https:\/\/ipautomationinc.com\/sl\/wp-json\/wp\/v2\/types\/page"}],"author":[{"embeddable":true,"href":"https:\/\/ipautomationinc.com\/sl\/wp-json\/wp\/v2\/users\/3"}],"replies":[{"embeddable":true,"href":"https:\/\/ipautomationinc.com\/sl\/wp-json\/wp\/v2\/comments?post=1161"}],"version-history":[{"count":7,"href":"https:\/\/ipautomationinc.com\/sl\/wp-json\/wp\/v2\/pages\/1161\/revisions"}],"predecessor-version":[{"id":39514,"href":"https:\/\/ipautomationinc.com\/sl\/wp-json\/wp\/v2\/pages\/1161\/revisions\/39514"}],"wp:attachment":[{"href":"https:\/\/ipautomationinc.com\/sl\/wp-json\/wp\/v2\/media?parent=1161"}],"curies":[{"name":"delovni list","href":"https:\/\/api.w.org\/{rel}","templated":true}]}}