{"id":111,"date":"2017-10-27T17:33:30","date_gmt":"2017-10-27T22:33:30","guid":{"rendered":"http:\/\/ipautomationinc.com\/?page_id=111"},"modified":"2025-09-10T15:54:28","modified_gmt":"2025-09-10T20:54:28","slug":"avtomatske-celice","status":"publish","type":"page","link":"https:\/\/ipautomationinc.com\/sl\/automationcells\/","title":{"rendered":"Avtomatske celice"},"content":{"rendered":"<p>Strokovnjaki za avtomatizacijo procesov oblikovanja \u017eice.<\/p>\n\n\n\n<p>Na\u0161i stroji, in\u017eenirji in tehniki so pripravljeni na re\u0161itve po meri za va\u0161e podjetje. Dose\u017eite svojo vizijo hitrega toka enega kosa z minimalno delovno silo in brez WIP.<\/p>\n\n\n\n<p>Imamo strokovno znanje in izku\u0161nje na podro\u010dju robotskih integracij, kot so: varjenje, posnemanje robov, sestavljanje, stiskalnice, hladno rezanje glave, rezanje navojev, strojna obdelava, rezanje, razbremenitev, pregledovanje itd.<\/p>\n\n\n\n<p><span class=\"builder2seo\"><\/span>autoplay=1&amp;muted=1&amp;loop=1&amp;autopause=0&amp;controls=1<br><br><h2>Strokovnjaki za avtomatizacijo procesov oblikovanja \u017eice.<\/h2><br><br><h3>Na\u0161i stroji, in\u017eenirji in tehniki so pripravljeni na re\u0161itve po meri za va\u0161e podjetje. Dose\u017eite svojo vizijo hitrega toka enega kosa z minimalno delovno silo in brez WIP.<\/h3><br><br><h3>Imamo strokovno znanje in izku\u0161nje na podro\u010dju robotskih integracij, kot so: varjenje, posnemanje robov, sestavljanje, stiskalnice, hladno rezanje glave, rezanje navojev, strojna obdelava, rezanje, razbremenitev, pregledovanje itd.<\/h3><br><br>\u0161iroka<br><br>i-D Automation Cell<br>#DD0000<br>za\u010detnica<br><br>;c;;<br><br>i-S Automation Cell<br>#DD0000<br>za\u010detnica<br><br>;c;;<br><br>i-S Automation Cell<br>#DD0000<br>za\u010detnica<br><br>;c;;<br><br>i-S\u00b2 Automation Cell<br>#DD0000<br>za\u010detnica<br><br>;c;;<br><br>i-S\u00b2 Automation Cell<br>#DD0000<br>za\u010detnica<br><br>;c;;<br><br>\u0161iroka<br><br><img decoding=\"async\" src=\"https:\/\/ipautomationinc.com\/wp-content\/uploads\/2017\/11\/cell-pic_Web.png\" alt=\"celica pic_Web\"><br><br><img decoding=\"async\" src=\"https:\/\/ipautomationinc.com\/wp-content\/uploads\/2017\/10\/IMG_1989-1-e1640896417688.png#191\" alt=\"IMG_1989\"><br><br>Flexmat avtomatske celice<br>Prilagodljiva avtomatizacija, zagon razli\u010dnih delov s hitrim preklopom<br>Mo\u017enost servo nastavitve za enostavno nastavitev in minimalno uporabo orodja<br><br><br>Iz tuljave ali nabojnika<br><br>Do 32 servo osi<br><br>Do 6 upogibnih postaj<br><br>Izbirne integrirane postaje za razbremenitev napetosti in najlonsko ali PVC prevleko<br><br>Vgrajena hladilna postaja<br><br>Vision vodena monta\u017ena postaja<br><br>Mo\u017enosti sekundarne postaje, vklju\u010dno z monta\u017eo s stiskanjem ali stri\u017eenjem<br><br>Za monta\u017eo je mogo\u010de prilagoditi ve\u010d \u017ei\u010dnih oblik, \u017eigosanje in plasti\u010dne vlo\u017eke<br><br><br>fadeInRight<br><br><img decoding=\"async\" src=\"https:\/\/ipautomationinc.com\/wp-content\/uploads\/2017\/11\/cell.png\" alt=\"celica\"><br>velik<br><br><img decoding=\"async\" src=\"https:\/\/ipautomationinc.com\/wp-content\/uploads\/2017\/11\/placementfix.png\" alt=\"placementfix\"><br>velik<br><br>\u0161iroka<br><br><br>Monta\u017ene celice<br>Monta\u017ene celice za avtomobilske komponente<br><br>Ve\u010d \u017ei\u010dnih oblik in sestavljenih<br><br>Postopki vklju\u010dujejo vpenjanje, vpenjanje, to\u010dkovno varjenje, mig varjenje in druge tehnike spajanja.<br><br>Lahko se integrira v druge stroje za popolno avtonomno proizvodnjo<br><br>Celice je mogo\u010de preoblikovati za razli\u010dne linije izdelkov<br>fadeInRight<br><br>\u0161iroka<br><br><img decoding=\"async\" src=\"https:\/\/ipautomationinc.com\/wp-content\/uploads\/2017\/11\/CoatingRounded-e1635351228930.png\" alt=\"Premaz Zaobljen\"><br><br>Linije za laj\u0161anje stresa in najlonske prevleke<br><br><br>Avtomatizacija za razbremenitev s premazom<br><br>Konvencionalna pe\u010dica, uporovne, indukcijske in infrarde\u010de tehnologije<br><br>Robotska manipulacija za u\u010dinkovito menjavo in minimalno uporabo orodja <br><br>Premaz z najlonom, PVC ali drugimi termoplasti<br><br>Naenkrat je na voljo ve\u010d barvnih premazov<br><br>Standardni lijaki za prah s sistemi za dovajanje pol\u017ea za minimalno izgubo prahu<br><br>Standardna hladilna stojala z izbirnimi re\u0161itvami za robotsko pakiranje<br><br>Regali, ki jih nalo\u017ei operater, ali popolnoma avtomatsko povezani z obstoje\u010dimi stroji<br><br><br>fadeInRight<br><br><br><img decoding=\"async\" src=\"https:\/\/ipautomationinc.com\/wp-content\/uploads\/2017\/11\/Coating2-1-1-1.png\" alt=\"Premaz 2-1-1-1\"><br><br><img decoding=\"async\" src=\"https:\/\/ipautomationinc.com\/wp-content\/uploads\/2017\/11\/Coating-cell-1-e1635351476148.png\" alt=\"Prevleka-celica-1\"><br><br>\u0161iroka<br><br><img decoding=\"async\" src=\"https:\/\/ipautomationinc.com\/wp-content\/uploads\/2021\/11\/Resistance-Welder.png\" alt=\"Uporovni varilec\"><br><br>Celice za uporovno varjenje<br><br><br>Fanuc R1000iA-80 do R2000iA-210F<br><br>Servo vrtljiva miza<br><br>Izbirne servo pi\u0161tole Obara ali Tolomatic <br><br>Vgradite plo\u0161\u010de za hitro orodje za hitro menjavo<br><br>Zmogljivost RFID za zmanj\u0161anje napak pri namestitvi<br><br>Mo\u017enosti, ki jih nalo\u017ei operater svetlobne zavese ali varnostnega skenerja<br><br>Lahko se integrira v ve\u010d krivilnikov \u017eice za samodejno oblikovanje in varjenje celic<br><br>Izbirni avtomatizirani transportni sistemi Tote za pakiranje<br><br><br>fadeInRight<br><br><br><img decoding=\"async\" src=\"https:\/\/ipautomationinc.com\/wp-content\/uploads\/2017\/10\/Robotic-Welding-put-sparks-back-in-1-e1635353496321.png\" alt=\"Robotsko-Varjenje-Vstavi-Iskrice\"><br><br>Stopite v stik<br><a href=\"https:\/\/ipautomationinc.com\/sl\/kontaktiraj-nas\/\">https:\/\/ipautomationinc.com\/contact-us\/<\/a><br>ikona-naprej<br>gumb_tema<br><br><\/p>","protected":false},"excerpt":{"rendered":"<p>Experts in automating wire forming processes. Our machines, engineers, and technicians are geared for customized solutions for your company. Achieve<span class=\"excerpt-hellip\"> [\u2026]<\/span><\/p>\n","protected":false},"author":3,"featured_media":0,"parent":0,"menu_order":0,"comment_status":"open","ping_status":"closed","template":"","meta":{"footnotes":""},"class_list":["post-111","page","type-page","status-publish","hentry"],"yoast_head":"<!-- This site is optimized with the Yoast SEO plugin v27.3 - https:\/\/yoast.com\/product\/yoast-seo-wordpress\/ -->\n<title>Automation Cells | IP Automation Inc<\/title>\n<meta name=\"description\" content=\"Our machines, engineers, and technicians are geared for customized solutions for your company and make automation easy for your project. Achieve your vision with an automation cell.\" \/>\n<meta name=\"robots\" content=\"index, follow, max-snippet:-1, max-image-preview:large, max-video-preview:-1\" \/>\n<link rel=\"canonical\" href=\"https:\/\/ipautomationinc.com\/sl\/avtomatske-celice\/\" \/>\n<meta property=\"og:locale\" content=\"sl_SI\" \/>\n<meta property=\"og:type\" content=\"article\" \/>\n<meta property=\"og:title\" content=\"Automation Cells | IP Automation Inc\" \/>\n<meta property=\"og:description\" content=\"Our machines, engineers, and technicians are geared for customized solutions for your company and make automation easy for your project. Achieve your vision with an automation cell.\" \/>\n<meta property=\"og:url\" content=\"https:\/\/ipautomationinc.com\/sl\/avtomatske-celice\/\" \/>\n<meta property=\"og:site_name\" content=\"IP Automation Inc\" \/>\n<meta property=\"article:publisher\" content=\"https:\/\/www.facebook.com\/ipautomationinc\/\" \/>\n<meta property=\"article:modified_time\" content=\"2025-09-10T20:54:28+00:00\" \/>\n<meta property=\"og:image\" content=\"https:\/\/ipautomationinc.com\/wp-content\/uploads\/2017\/11\/cell-pic_Web.png\" \/>\n<script type=\"application\/ld+json\" class=\"yoast-schema-graph\">{\"@context\":\"https:\\\/\\\/schema.org\",\"@graph\":[{\"@type\":\"WebPage\",\"@id\":\"https:\\\/\\\/ipautomationinc.com\\\/automationcells\\\/\",\"url\":\"https:\\\/\\\/ipautomationinc.com\\\/automationcells\\\/\",\"name\":\"Automation Cells | IP Automation Inc\",\"isPartOf\":{\"@id\":\"https:\\\/\\\/ipautomationinc.com\\\/#website\"},\"primaryImageOfPage\":{\"@id\":\"https:\\\/\\\/ipautomationinc.com\\\/automationcells\\\/#primaryimage\"},\"image\":{\"@id\":\"https:\\\/\\\/ipautomationinc.com\\\/automationcells\\\/#primaryimage\"},\"thumbnailUrl\":\"https:\\\/\\\/ipautomationinc.com\\\/wp-content\\\/uploads\\\/2017\\\/11\\\/cell-pic_Web.png\",\"datePublished\":\"2017-10-27T22:33:30+00:00\",\"dateModified\":\"2025-09-10T20:54:28+00:00\",\"description\":\"Our machines, engineers, and technicians are geared for customized solutions for your company and make automation easy for your project. Achieve your vision with an automation cell.\",\"inLanguage\":\"sl-SI\",\"potentialAction\":[{\"@type\":\"ReadAction\",\"target\":[\"https:\\\/\\\/ipautomationinc.com\\\/automationcells\\\/\"]}]},{\"@type\":\"ImageObject\",\"inLanguage\":\"sl-SI\",\"@id\":\"https:\\\/\\\/ipautomationinc.com\\\/automationcells\\\/#primaryimage\",\"url\":\"https:\\\/\\\/ipautomationinc.com\\\/wp-content\\\/uploads\\\/2017\\\/11\\\/cell-pic_Web.png\",\"contentUrl\":\"https:\\\/\\\/ipautomationinc.com\\\/wp-content\\\/uploads\\\/2017\\\/11\\\/cell-pic_Web.png\"},{\"@type\":\"WebSite\",\"@id\":\"https:\\\/\\\/ipautomationinc.com\\\/#website\",\"url\":\"https:\\\/\\\/ipautomationinc.com\\\/\",\"name\":\"IP Automation Inc\",\"description\":\"Concept... Creation... Reality...\",\"publisher\":{\"@id\":\"https:\\\/\\\/ipautomationinc.com\\\/#organization\"},\"potentialAction\":[{\"@type\":\"SearchAction\",\"target\":{\"@type\":\"EntryPoint\",\"urlTemplate\":\"https:\\\/\\\/ipautomationinc.com\\\/?s={search_term_string}\"},\"query-input\":{\"@type\":\"PropertyValueSpecification\",\"valueRequired\":true,\"valueName\":\"search_term_string\"}}],\"inLanguage\":\"sl-SI\"},{\"@type\":\"Organization\",\"@id\":\"https:\\\/\\\/ipautomationinc.com\\\/#organization\",\"name\":\"IP Automation Inc\",\"url\":\"https:\\\/\\\/ipautomationinc.com\\\/\",\"logo\":{\"@type\":\"ImageObject\",\"inLanguage\":\"sl-SI\",\"@id\":\"https:\\\/\\\/ipautomationinc.com\\\/#\\\/schema\\\/logo\\\/image\\\/\",\"url\":\"https:\\\/\\\/ipautomationinc.com\\\/wp-content\\\/uploads\\\/2022\\\/05\\\/IPA-Favicon.png\",\"contentUrl\":\"https:\\\/\\\/ipautomationinc.com\\\/wp-content\\\/uploads\\\/2022\\\/05\\\/IPA-Favicon.png\",\"width\":513,\"height\":513,\"caption\":\"IP Automation Inc\"},\"image\":{\"@id\":\"https:\\\/\\\/ipautomationinc.com\\\/#\\\/schema\\\/logo\\\/image\\\/\"},\"sameAs\":[\"https:\\\/\\\/www.facebook.com\\\/ipautomationinc\\\/\",\"https:\\\/\\\/www.linkedin.com\\\/company\\\/ip-automation-inc\\\/\",\"https:\\\/\\\/www.youtube.com\\\/@IPAutomation\"]}]}<\/script>\n<!-- \/ Yoast SEO plugin. -->","yoast_head_json":{"title":"Avtomatske celice | IP Automation Inc","description":"Na\u0161i stroji, in\u017eenirji in tehniki so pripravljeni na re\u0161itve po meri za va\u0161e podjetje in olaj\u0161ajo avtomatizacijo va\u0161ega projekta. Dose\u017eite svojo vizijo z avtomatsko celico.","robots":{"index":"index","follow":"follow","max-snippet":"max-snippet:-1","max-image-preview":"max-image-preview:large","max-video-preview":"max-video-preview:-1"},"canonical":"https:\/\/ipautomationinc.com\/sl\/avtomatske-celice\/","og_locale":"sl_SI","og_type":"article","og_title":"Automation Cells | IP Automation Inc","og_description":"Our machines, engineers, and technicians are geared for customized solutions for your company and make automation easy for your project. Achieve your vision with an automation cell.","og_url":"https:\/\/ipautomationinc.com\/sl\/avtomatske-celice\/","og_site_name":"IP Automation Inc","article_publisher":"https:\/\/www.facebook.com\/ipautomationinc\/","article_modified_time":"2025-09-10T20:54:28+00:00","og_image":[{"url":"https:\/\/ipautomationinc.com\/wp-content\/uploads\/2017\/11\/cell-pic_Web.png","type":"","width":"","height":""}],"schema":{"@context":"https:\/\/schema.org","@graph":[{"@type":"WebPage","@id":"https:\/\/ipautomationinc.com\/automationcells\/","url":"https:\/\/ipautomationinc.com\/automationcells\/","name":"Avtomatske celice | IP Automation Inc","isPartOf":{"@id":"https:\/\/ipautomationinc.com\/#website"},"primaryImageOfPage":{"@id":"https:\/\/ipautomationinc.com\/automationcells\/#primaryimage"},"image":{"@id":"https:\/\/ipautomationinc.com\/automationcells\/#primaryimage"},"thumbnailUrl":"https:\/\/ipautomationinc.com\/wp-content\/uploads\/2017\/11\/cell-pic_Web.png","datePublished":"2017-10-27T22:33:30+00:00","dateModified":"2025-09-10T20:54:28+00:00","description":"Na\u0161i stroji, in\u017eenirji in tehniki so pripravljeni na re\u0161itve po meri za va\u0161e podjetje in olaj\u0161ajo avtomatizacijo va\u0161ega projekta. Dose\u017eite svojo vizijo z avtomatsko celico.","inLanguage":"sl-SI","potentialAction":[{"@type":"ReadAction","target":["https:\/\/ipautomationinc.com\/automationcells\/"]}]},{"@type":"ImageObject","inLanguage":"sl-SI","@id":"https:\/\/ipautomationinc.com\/automationcells\/#primaryimage","url":"https:\/\/ipautomationinc.com\/wp-content\/uploads\/2017\/11\/cell-pic_Web.png","contentUrl":"https:\/\/ipautomationinc.com\/wp-content\/uploads\/2017\/11\/cell-pic_Web.png"},{"@type":"WebSite","@id":"https:\/\/ipautomationinc.com\/#website","url":"https:\/\/ipautomationinc.com\/","name":"IP Automation Inc","description":"Koncept... Kreacija... Realnost...","publisher":{"@id":"https:\/\/ipautomationinc.com\/#organization"},"potentialAction":[{"@type":"SearchAction","target":{"@type":"EntryPoint","urlTemplate":"https:\/\/ipautomationinc.com\/?s={search_term_string}"},"query-input":{"@type":"PropertyValueSpecification","valueRequired":true,"valueName":"search_term_string"}}],"inLanguage":"sl-SI"},{"@type":"Organization","@id":"https:\/\/ipautomationinc.com\/#organization","name":"IP Automation Inc","url":"https:\/\/ipautomationinc.com\/","logo":{"@type":"ImageObject","inLanguage":"sl-SI","@id":"https:\/\/ipautomationinc.com\/#\/schema\/logo\/image\/","url":"https:\/\/ipautomationinc.com\/wp-content\/uploads\/2022\/05\/IPA-Favicon.png","contentUrl":"https:\/\/ipautomationinc.com\/wp-content\/uploads\/2022\/05\/IPA-Favicon.png","width":513,"height":513,"caption":"IP Automation Inc"},"image":{"@id":"https:\/\/ipautomationinc.com\/#\/schema\/logo\/image\/"},"sameAs":["https:\/\/www.facebook.com\/ipautomationinc\/","https:\/\/www.linkedin.com\/company\/ip-automation-inc\/","https:\/\/www.youtube.com\/@IPAutomation"]}]}},"_links":{"self":[{"href":"https:\/\/ipautomationinc.com\/sl\/wp-json\/wp\/v2\/pages\/111","targetHints":{"allow":["GET"]}}],"collection":[{"href":"https:\/\/ipautomationinc.com\/sl\/wp-json\/wp\/v2\/pages"}],"about":[{"href":"https:\/\/ipautomationinc.com\/sl\/wp-json\/wp\/v2\/types\/page"}],"author":[{"embeddable":true,"href":"https:\/\/ipautomationinc.com\/sl\/wp-json\/wp\/v2\/users\/3"}],"replies":[{"embeddable":true,"href":"https:\/\/ipautomationinc.com\/sl\/wp-json\/wp\/v2\/comments?post=111"}],"version-history":[{"count":2,"href":"https:\/\/ipautomationinc.com\/sl\/wp-json\/wp\/v2\/pages\/111\/revisions"}],"predecessor-version":[{"id":38204,"href":"https:\/\/ipautomationinc.com\/sl\/wp-json\/wp\/v2\/pages\/111\/revisions\/38204"}],"wp:attachment":[{"href":"https:\/\/ipautomationinc.com\/sl\/wp-json\/wp\/v2\/media?parent=111"}],"curies":[{"name":"delovni list","href":"https:\/\/api.w.org\/{rel}","templated":true}]}}