{"id":106,"date":"2017-10-27T17:09:03","date_gmt":"2017-10-27T22:09:03","guid":{"rendered":"http:\/\/ipautomationinc.com\/?page_id=106"},"modified":"2026-04-06T11:08:32","modified_gmt":"2026-04-06T16:08:32","slug":"izdelkov-in-storitev","status":"publish","type":"page","link":"https:\/\/ipautomationinc.com\/sl\/products-and-services\/","title":{"rendered":"Izdelki"},"content":{"rendered":"<h6 class=\"wp-block-heading\"><strong>Vsi CNC stroji za upogibanje \u017eice, ki vklju\u010dujejo najnovej\u0161o tehnologijo in dizajn za u\u010dinkovito in natan\u010dno oblikovanje. Dodatki, na\u0161e izdelke izdelujemo ob upo\u0161tevanju, da se lahko potrebe strank ob\u010dasno spremenijo. Zato IP Automation zagotavlja orodja in zamenljive dele, ki strankam pomagajo pri hitri spremembi, ko je to potrebno. Avtomatske celice, standardne avtomatske celice ali celice, prilagojene individualnim potrebam vsake stranke.<\/strong><\/h6>\n\n\n\n<p>Vsi CNC stroji za upogibanje \u017eice<br>h2<br>Vklju\u010duje najnovej\u0161o tehnologijo in dizajn za u\u010dinkovito in natan\u010dno oblikovanje.<br>vrh<br>center<br><img decoding=\"async\" src=\"https:\/\/ipautomationinc.com\/wp-content\/uploads\/2022\/09\/i-S-rgb-1.png\" alt=\"IS enoglavni CNC upogibnik \u017eice\" \/><br><a href=\"https:\/\/ipautomationinc.com\/sl\/oblikovalniki-zice\/\">https:\/\/ipautomationinc.com\/wire-formers\/<\/a><br>lestvica ikon<br>72%<br>center<br>skriti<br><br>Dodatki<br>h2<br>Na\u0161e izdelke gradimo ob upo\u0161tevanju, da se lahko potrebe strank ob\u010dasno spremenijo. Zato IP Automation zagotavlja orodja in zamenljive dele, ki strankam pomagajo pri hitri spremembi, ko je to potrebno.<br>svetilka<br>vrh<br>center<br><img decoding=\"async\" src=\"https:\/\/ipautomationinc.com\/wp-content\/uploads\/2022\/05\/hp-threader.jpg\" alt=\"hp vdevalec niti\" \/><br><a href=\"https:\/\/ipautomationinc.com\/sl\/dodatki\/\">https:\/\/ipautomationinc.com\/accessories\/<\/a><br>lestvica ikon<br>69%<br>skriti<br><br>Avtomatske celice<br>h2<br>Standardne celice za avtomatizacijo ali celice, prilagojene individualnim potrebam vsake stranke.<br>svetilka<br>vrh<br>center<br><img decoding=\"async\" src=\"https:\/\/ipautomationinc.com\/wp-content\/uploads\/2021\/11\/RobotThreaderRS.png\" alt=\"RobotThreaderRS\" \/><br><a href=\"https:\/\/ipautomationinc.com\/sl\/avtomatske-celice\/\">https:\/\/ipautomationinc.com\/automationcells\/<\/a><br>lestvica ikon<br>90%<br>skriti<br><br><div class=\"image_frame image_item no_link scale-with-grid element_classes alignnone no_border mfn-img-box\" ><div class=\"image_wrapper\"><img decoding=\"async\" class=\"scale-with-grid\" src=\"\" fetchpriority=\"high\" alt=\"\" title=\"\" width=\"\" height=\"\" style=\"\"\/><\/div><\/div>\n\r<br>\r<br><hr class=\"no_line\" style=\"margin: 0 auto 0px auto\"\/>\n\r<br>\r<br><h4>Stroji za upogibanje \u017eice<\/h4>\r<br>\t<h6>Vklju\u010duje najnovej\u0161o tehnologijo in dizajn za u\u010dinkovito in natan\u010dno oblikovanje.<\/h6>\r<br><br>Stroji za oblikovanje \u017eice<br>brez ponavljanja; sredina zgoraj;;<br>avto<br>0 3% 0 0<br><br><div class=\"image_frame image_item no_link scale-with-grid element_classes alignnone no_border mfn-img-box\" ><div class=\"image_wrapper\"><img decoding=\"async\" class=\"scale-with-grid\" src=\"\" fetchpriority=\"high\" alt=\"\" title=\"\" width=\"\" height=\"\" style=\"\"\/><\/div><\/div>\n\r<br><hr class=\"no_line\" style=\"margin: 0 auto 0px auto\"\/>\n\r<br>\r<br><h4>Dodatki<\/h4>\r<br><h6>Na\u0161e izdelke gradimo ob upo\u0161tevanju, da se lahko potrebe strank ob\u010dasno spremenijo. Zato IP Automation zagotavlja orodja in zamenljive dele, ki strankam pomagajo pri hitri spremembi, ko je to potrebno.<\/h6>\r<br><br>Avtomatske celice<br>brez ponavljanja; sredina zgoraj;;<br>avto<br>0 3% 0 0<br><br><div class=\"image_frame image_item no_link scale-with-grid element_classes alignnone no_border mfn-img-box\" ><div class=\"image_wrapper\"><img decoding=\"async\" class=\"scale-with-grid\" src=\"\" fetchpriority=\"high\" alt=\"\" title=\"\" width=\"\" height=\"\" style=\"\"\/><\/div><\/div>\n\r<br><hr class=\"no_line\" style=\"margin: 0 auto 0px auto\"\/>\n\r<br>\r<br><h4>Avtomatske celice<\/h4>\r<br><h6>Standardne celice za avtomatizacijo ali celice, prilagojene individualnim potrebam vsake stranke.<\/h6>\r<br><br>Avtomatske celice<br>brez ponavljanja; sredina zgoraj;;<br>avto<br>0 3% 0 0<br><br><h2>STORITVE<\/h2><br>STORITVE<br>brez ponavljanja; sredina zgoraj;;<br>avto<br><br><h6>IP Automation Inc. se pona\u0161a s tem, da profesionalno slu\u017ei vsaki stranki in zagotavlja storitve z dodano vrednostjo za izpolnjevanje individualnih potreb vsake stranke. Z na\u0161imi bogatimi izku\u0161njami v industriji preoblikovanja kovin in avtomatizacije se zavedamo, da so potrebe strank zelo razli\u010dne. Od pomo\u010di stranki pri svetovalnem projektu do avtomatizacije celotne tovarne, vsaka stranka ima svoje potrebe.<\/h6><br>brez ponavljanja; sredina zgoraj;;<br>avto<br>0 3% 0 0<br><br>Prilagodljivi sistemi orodij za hitro menjavo in uvajanje novih modelov<br>\r<br>Vodenje projektov\r<br>Popolna integracija avtomatizacije\r<br>Obnova\r<br>In\u017eeniring\r<br>Dodana vrednost\r<br>Svetovanje\r<br><br>fadeInRight<br><br><\/p>","protected":false},"excerpt":{"rendered":"<p>All CNC Wire Bending Machines, Incorporating the latest technology and design for efficient and precise forming. Accessories, We build our<span class=\"excerpt-hellip\"> [\u2026]<\/span><\/p>\n","protected":false},"author":3,"featured_media":0,"parent":0,"menu_order":0,"comment_status":"closed","ping_status":"closed","template":"","meta":{"footnotes":""},"class_list":["post-106","page","type-page","status-publish","hentry"],"yoast_head":"<!-- This site is optimized with the Yoast SEO plugin v27.3 - https:\/\/yoast.com\/product\/yoast-seo-wordpress\/ -->\n<title>Products | IP Automation Inc<\/title>\n<meta name=\"description\" content=\"Learn more about our wire bending products, including wire bending machines, accessories, and automation cell examples.\" \/>\n<meta name=\"robots\" content=\"index, follow, max-snippet:-1, max-image-preview:large, max-video-preview:-1\" \/>\n<link rel=\"canonical\" href=\"https:\/\/ipautomationinc.com\/sl\/izdelkov-in-storitev\/\" \/>\n<meta property=\"og:locale\" content=\"sl_SI\" \/>\n<meta property=\"og:type\" content=\"article\" \/>\n<meta property=\"og:title\" content=\"Products | IP Automation Inc\" \/>\n<meta property=\"og:description\" content=\"Learn more about our wire bending products, including wire bending machines, accessories, and automation cell examples.\" \/>\n<meta property=\"og:url\" content=\"https:\/\/ipautomationinc.com\/sl\/izdelkov-in-storitev\/\" \/>\n<meta property=\"og:site_name\" content=\"IP Automation Inc\" \/>\n<meta property=\"article:publisher\" content=\"https:\/\/www.facebook.com\/ipautomationinc\/\" \/>\n<meta property=\"article:modified_time\" content=\"2026-04-06T16:08:32+00:00\" \/>\n<meta property=\"og:image\" content=\"https:\/\/ipautomationinc.com\/wp-content\/uploads\/2022\/09\/i-S-rgb-1.png\" \/>\n<script type=\"application\/ld+json\" class=\"yoast-schema-graph\">{\"@context\":\"https:\\\/\\\/schema.org\",\"@graph\":[{\"@type\":\"WebPage\",\"@id\":\"https:\\\/\\\/ipautomationinc.com\\\/products-and-services\\\/\",\"url\":\"https:\\\/\\\/ipautomationinc.com\\\/products-and-services\\\/\",\"name\":\"Products | IP Automation Inc\",\"isPartOf\":{\"@id\":\"https:\\\/\\\/ipautomationinc.com\\\/#website\"},\"primaryImageOfPage\":{\"@id\":\"https:\\\/\\\/ipautomationinc.com\\\/products-and-services\\\/#primaryimage\"},\"image\":{\"@id\":\"https:\\\/\\\/ipautomationinc.com\\\/products-and-services\\\/#primaryimage\"},\"thumbnailUrl\":\"https:\\\/\\\/ipautomationinc.com\\\/wp-content\\\/uploads\\\/2022\\\/09\\\/i-S-rgb-1.png\",\"datePublished\":\"2017-10-27T22:09:03+00:00\",\"dateModified\":\"2026-04-06T16:08:32+00:00\",\"description\":\"Learn more about our wire bending products, including wire bending machines, accessories, and automation cell examples.\",\"inLanguage\":\"sl-SI\",\"potentialAction\":[{\"@type\":\"ReadAction\",\"target\":[\"https:\\\/\\\/ipautomationinc.com\\\/products-and-services\\\/\"]}]},{\"@type\":\"ImageObject\",\"inLanguage\":\"sl-SI\",\"@id\":\"https:\\\/\\\/ipautomationinc.com\\\/products-and-services\\\/#primaryimage\",\"url\":\"https:\\\/\\\/ipautomationinc.com\\\/wp-content\\\/uploads\\\/2022\\\/09\\\/i-S-rgb-1.png\",\"contentUrl\":\"https:\\\/\\\/ipautomationinc.com\\\/wp-content\\\/uploads\\\/2022\\\/09\\\/i-S-rgb-1.png\"},{\"@type\":\"WebSite\",\"@id\":\"https:\\\/\\\/ipautomationinc.com\\\/#website\",\"url\":\"https:\\\/\\\/ipautomationinc.com\\\/\",\"name\":\"IP Automation Inc\",\"description\":\"Concept... Creation... Reality...\",\"publisher\":{\"@id\":\"https:\\\/\\\/ipautomationinc.com\\\/#organization\"},\"potentialAction\":[{\"@type\":\"SearchAction\",\"target\":{\"@type\":\"EntryPoint\",\"urlTemplate\":\"https:\\\/\\\/ipautomationinc.com\\\/?s={search_term_string}\"},\"query-input\":{\"@type\":\"PropertyValueSpecification\",\"valueRequired\":true,\"valueName\":\"search_term_string\"}}],\"inLanguage\":\"sl-SI\"},{\"@type\":\"Organization\",\"@id\":\"https:\\\/\\\/ipautomationinc.com\\\/#organization\",\"name\":\"IP Automation Inc\",\"url\":\"https:\\\/\\\/ipautomationinc.com\\\/\",\"logo\":{\"@type\":\"ImageObject\",\"inLanguage\":\"sl-SI\",\"@id\":\"https:\\\/\\\/ipautomationinc.com\\\/#\\\/schema\\\/logo\\\/image\\\/\",\"url\":\"https:\\\/\\\/ipautomationinc.com\\\/wp-content\\\/uploads\\\/2022\\\/05\\\/IPA-Favicon.png\",\"contentUrl\":\"https:\\\/\\\/ipautomationinc.com\\\/wp-content\\\/uploads\\\/2022\\\/05\\\/IPA-Favicon.png\",\"width\":513,\"height\":513,\"caption\":\"IP Automation Inc\"},\"image\":{\"@id\":\"https:\\\/\\\/ipautomationinc.com\\\/#\\\/schema\\\/logo\\\/image\\\/\"},\"sameAs\":[\"https:\\\/\\\/www.facebook.com\\\/ipautomationinc\\\/\",\"https:\\\/\\\/www.linkedin.com\\\/company\\\/ip-automation-inc\\\/\",\"https:\\\/\\\/www.youtube.com\\\/@IPAutomation\"]}]}<\/script>\n<!-- \/ Yoast SEO plugin. -->","yoast_head_json":{"title":"Izdelki | IP Automation Inc","description":"Izvedite ve\u010d o na\u0161ih izdelkih za upogibanje \u017eice, vklju\u010dno s stroji za upogibanje \u017eice, dodatki in primeri celic za avtomatizacijo.","robots":{"index":"index","follow":"follow","max-snippet":"max-snippet:-1","max-image-preview":"max-image-preview:large","max-video-preview":"max-video-preview:-1"},"canonical":"https:\/\/ipautomationinc.com\/sl\/izdelkov-in-storitev\/","og_locale":"sl_SI","og_type":"article","og_title":"Products | IP Automation Inc","og_description":"Learn more about our wire bending products, including wire bending machines, accessories, and automation cell examples.","og_url":"https:\/\/ipautomationinc.com\/sl\/izdelkov-in-storitev\/","og_site_name":"IP Automation Inc","article_publisher":"https:\/\/www.facebook.com\/ipautomationinc\/","article_modified_time":"2026-04-06T16:08:32+00:00","og_image":[{"url":"https:\/\/ipautomationinc.com\/wp-content\/uploads\/2022\/09\/i-S-rgb-1.png","type":"","width":"","height":""}],"schema":{"@context":"https:\/\/schema.org","@graph":[{"@type":"WebPage","@id":"https:\/\/ipautomationinc.com\/products-and-services\/","url":"https:\/\/ipautomationinc.com\/products-and-services\/","name":"Izdelki | IP Automation Inc","isPartOf":{"@id":"https:\/\/ipautomationinc.com\/#website"},"primaryImageOfPage":{"@id":"https:\/\/ipautomationinc.com\/products-and-services\/#primaryimage"},"image":{"@id":"https:\/\/ipautomationinc.com\/products-and-services\/#primaryimage"},"thumbnailUrl":"https:\/\/ipautomationinc.com\/wp-content\/uploads\/2022\/09\/i-S-rgb-1.png","datePublished":"2017-10-27T22:09:03+00:00","dateModified":"2026-04-06T16:08:32+00:00","description":"Izvedite ve\u010d o na\u0161ih izdelkih za upogibanje \u017eice, vklju\u010dno s stroji za upogibanje \u017eice, dodatki in primeri celic za avtomatizacijo.","inLanguage":"sl-SI","potentialAction":[{"@type":"ReadAction","target":["https:\/\/ipautomationinc.com\/products-and-services\/"]}]},{"@type":"ImageObject","inLanguage":"sl-SI","@id":"https:\/\/ipautomationinc.com\/products-and-services\/#primaryimage","url":"https:\/\/ipautomationinc.com\/wp-content\/uploads\/2022\/09\/i-S-rgb-1.png","contentUrl":"https:\/\/ipautomationinc.com\/wp-content\/uploads\/2022\/09\/i-S-rgb-1.png"},{"@type":"WebSite","@id":"https:\/\/ipautomationinc.com\/#website","url":"https:\/\/ipautomationinc.com\/","name":"IP Automation Inc","description":"Koncept... Kreacija... Realnost...","publisher":{"@id":"https:\/\/ipautomationinc.com\/#organization"},"potentialAction":[{"@type":"SearchAction","target":{"@type":"EntryPoint","urlTemplate":"https:\/\/ipautomationinc.com\/?s={search_term_string}"},"query-input":{"@type":"PropertyValueSpecification","valueRequired":true,"valueName":"search_term_string"}}],"inLanguage":"sl-SI"},{"@type":"Organization","@id":"https:\/\/ipautomationinc.com\/#organization","name":"IP Automation Inc","url":"https:\/\/ipautomationinc.com\/","logo":{"@type":"ImageObject","inLanguage":"sl-SI","@id":"https:\/\/ipautomationinc.com\/#\/schema\/logo\/image\/","url":"https:\/\/ipautomationinc.com\/wp-content\/uploads\/2022\/05\/IPA-Favicon.png","contentUrl":"https:\/\/ipautomationinc.com\/wp-content\/uploads\/2022\/05\/IPA-Favicon.png","width":513,"height":513,"caption":"IP Automation Inc"},"image":{"@id":"https:\/\/ipautomationinc.com\/#\/schema\/logo\/image\/"},"sameAs":["https:\/\/www.facebook.com\/ipautomationinc\/","https:\/\/www.linkedin.com\/company\/ip-automation-inc\/","https:\/\/www.youtube.com\/@IPAutomation"]}]}},"_links":{"self":[{"href":"https:\/\/ipautomationinc.com\/sl\/wp-json\/wp\/v2\/pages\/106","targetHints":{"allow":["GET"]}}],"collection":[{"href":"https:\/\/ipautomationinc.com\/sl\/wp-json\/wp\/v2\/pages"}],"about":[{"href":"https:\/\/ipautomationinc.com\/sl\/wp-json\/wp\/v2\/types\/page"}],"author":[{"embeddable":true,"href":"https:\/\/ipautomationinc.com\/sl\/wp-json\/wp\/v2\/users\/3"}],"replies":[{"embeddable":true,"href":"https:\/\/ipautomationinc.com\/sl\/wp-json\/wp\/v2\/comments?post=106"}],"version-history":[{"count":1,"href":"https:\/\/ipautomationinc.com\/sl\/wp-json\/wp\/v2\/pages\/106\/revisions"}],"predecessor-version":[{"id":38049,"href":"https:\/\/ipautomationinc.com\/sl\/wp-json\/wp\/v2\/pages\/106\/revisions\/38049"}],"wp:attachment":[{"href":"https:\/\/ipautomationinc.com\/sl\/wp-json\/wp\/v2\/media?parent=106"}],"curies":[{"name":"delovni list","href":"https:\/\/api.w.org\/{rel}","templated":true}]}}