{"id":6172,"date":"2023-01-17T11:16:28","date_gmt":"2023-01-17T17:16:28","guid":{"rendered":"https:\/\/ipautomationinc.com\/?page_id=6172"},"modified":"2025-08-11T10:35:21","modified_gmt":"2025-08-11T15:35:21","slug":"spawacze-automatyczni","status":"publish","type":"page","link":"https:\/\/ipautomationinc.com\/pl\/accessories\/automated-welders\/","title":{"rendered":"Zautomatyzowani spawacze"},"content":{"rendered":"<h6 class=\"wp-block-heading\"><strong>Operacje spawania mo\u017cna \u0142atwo zintegrowa\u0107 z operacjami formowania drutu, eliminuj\u0105c koszty pracy i zmienno\u015b\u0107 procesu. IP Automation posiada w pe\u0142ni zautomatyzowane rozwi\u0105zania dla najpopularniejszych potrzeb w bran\u017cy. Projektujemy i budujemy spawarki specjalnie do form drutowych i mo\u017cemy zintegrowa\u0107 innych spawaczy produkcyjnych. Nasze umiej\u0119tno\u015bci i do\u015bwiadczenie w integracji spawania zrobotyzowanego zapewni\u0105 Pa\u0144stwu niezawodne i elastyczne rozwi\u0105zanie zapewniaj\u0105ce bezproblemow\u0105 prac\u0119.<\/strong><\/h6>\n\n\n\n<p>&gt;wr\u00f3\u0107 do akcesori\u00f3w<br>h2<br><a href=\"https:\/\/ipautomationinc.com\/pl\/akcesoria\/\">https:\/\/ipautomationinc.com\/accessories\/<\/a><br>centrum centrum<br>lewy<br>#949494<br>ukrywa\u0107<br><br>Zautomatyzowani spawacze<br>h1<br>centrum centrum<br>lewy<br>ukrywa\u0107<br><br><h4>Operacje spawania mo\u017cna \u0142atwo zintegrowa\u0107 z operacjami formowania drutu, eliminuj\u0105c koszty pracy i zmienno\u015b\u0107 procesu. IP Automation posiada w pe\u0142ni zautomatyzowane rozwi\u0105zania dla najpopularniejszych potrzeb w bran\u017cy.<\/h4>\r<br><h4>Projektujemy i budujemy spawarki specjalnie do form drutowych i mo\u017cemy zintegrowa\u0107 innych spawaczy produkcyjnych. Nasze umiej\u0119tno\u015bci i do\u015bwiadczenie w integracji spawania zrobotyzowanego zapewni\u0105 Pa\u0144stwu niezawodne i elastyczne rozwi\u0105zanie zapewniaj\u0105ce bezproblemow\u0105 prac\u0119.<\/h4><br>#000000<br>ukrywa\u0107<br><br><img decoding=\"async\" src=\"https:\/\/ipautomationinc.com\/wp-content\/uploads\/2023\/08\/machine-options_BW-45.png#29270\" alt=\"opcje maszyny_BW-45\" \/><br>pe\u0142ny<br>zawiera\u0107<br>centrum centrum<br>ukrywa\u0107<br><br>BW-45<br>h3<br>centrum centrum<br>Centrum<br>ukrywa\u0107<br><br>Zgrzewarka czo\u0142owa i wyg\u0142adzaj\u0105ca<br>h4<br>centrum centrum<br>Centrum<br>ukrywa\u0107<br><br>Wymaga integracji robotycznej<br>h5<br>centrum centrum<br>Centrum<br>ukrywa\u0107<br><br><img decoding=\"async\" src=\"https:\/\/ipautomationinc.com\/wp-content\/uploads\/2023\/08\/machine-options_iBW-100.png#29271\" alt=\"opcje maszyny_iBW-100\" \/><br>pe\u0142ny<br>zawiera\u0107<br>centrum centrum<br>Centrum<br>ukrywa\u0107<br><br>iBW-100<br>h3<br>centrum centrum<br>Centrum<br>ukrywa\u0107<br><br>Spawarka doczo\u0142owa MFDC<br>h4<br>centrum centrum<br>Centrum<br>ukrywa\u0107<br><br><img decoding=\"async\" src=\"https:\/\/ipautomationinc.com\/wp-content\/uploads\/2022\/10\/45kw-butt-welder-e1673550910746.png\" alt=\"Zgrzewarka czo\u0142owa o mocy 45 kW\" \/><br>pe\u0142ny<br>zawiera\u0107<br>centrum centrum<br>ukrywa\u0107<br><br>ABW-45<br>h3<br>centrum centrum<br>Centrum<br>ukrywa\u0107<br><br>Automatyczna zgrzewarka doczo\u0142owa do maszyn 2D<br>h4<br>centrum centrum<br>Centrum<br>ukrywa\u0107<br><br><img decoding=\"async\" src=\"https:\/\/ipautomationinc.com\/wp-content\/uploads\/2023\/01\/spot-welder.png\" alt=\"spawacz punktowy\" \/><br>pe\u0142ny<br>zawiera\u0107<br>centrum centrum<br>ukrywa\u0107<br><br>Spawacz punktowy<br>h3<br>centrum centrum<br>Centrum<br>ukrywa\u0107<br><br>Rami\u0119 robota lub rami\u0119 wahad\u0142owe<br>h4<br>centrum centrum<br>Centrum<br>ukrywa\u0107<br><br>40<br>ukrywa\u0107<br><br>G\u0142oska bezd\u017awi\u0119czna<br>h3<br>centrum centrum<br>Centrum<br>ukrywa\u0107<br><br>788795524<br>zawiera\u0107<br>centrum centrum<br>ukrywa\u0107<br><br>40<br>ukrywa\u0107<br><br>Cechy<br>h3<br>centrum centrum<br>Centrum<br>ukrywa\u0107<br><br>Kluczowe cechy<br>Detale<br>Indywidualne rozwi\u0105zania<br>\r<br>Automatyczne wyr\u00f3wnywanie i \u015bciskanie ko\u0144c\u00f3wek drutu\r<br>Zgrzewarki oporowe z regulowanymi sterownikami\r<br>\u0141atwa wymiana i regulacja elektrod\r<br>Opcja kszta\u0142towania wyg\u0142adza gor\u0105ce spoiny, zapewniaj\u0105c lepsz\u0105 estetyk\u0119\r<br>Bezproblemowa integracja z naszymi maszynami do gi\u0119cia drutu\r<br>Mo\u017cliwo\u015b\u0107 zgrzewania wyt\u0142oczek z formami drutowymi\r<br><br>\r<br>Spawacze wymagaj\u0105 ch\u0142odzenia ciecz\u0105 \u2013 dost\u0119pne s\u0105 agregaty ch\u0142odnicze do spawania, je\u015bli agregat ch\u0142odniczy nie jest dost\u0119pny\r<br>Dost\u0119pne opcje AC i DC Standard 460V\r<br>Pojemno\u015b\u0107 do 12 mm\r<br>45 kVA i wi\u0119cej<br>\r<br>Narz\u0119dzia do mocowania drutu\r<br>Automatyzacja spawania T\r<br>Automatyzacja spawania szw\u00f3w\r<br>Mig, Tig, spawanie laserowe\r<br>R\u0119cznie \u0142adowana zrobotyzowana cela spawalnicza do form drutowych\r<br><br>Centrum<br>#EBEBEB<br>#222222<br>ukrywa\u0107<br><br><\/p>","protected":false},"excerpt":{"rendered":"<p>Welding operations can easily be integrated into your wire forming operation &#8211; eliminating labor cost and process variation. IP Automation<span class=\"excerpt-hellip\"> [\u2026]<\/span><\/p>\n","protected":false},"author":3,"featured_media":0,"parent":7745,"menu_order":0,"comment_status":"closed","ping_status":"closed","template":"","meta":{"footnotes":""},"class_list":["post-6172","page","type-page","status-publish","hentry"],"yoast_head":"<!-- This site is optimized with the Yoast SEO plugin v27.3 - https:\/\/yoast.com\/product\/yoast-seo-wordpress\/ -->\n<title>Automated Welders | IP Automation Inc<\/title>\n<meta name=\"description\" content=\"Check out our various types of automated welders that can be easily integrated with your wire forming operation.\" \/>\n<meta name=\"robots\" content=\"index, follow, max-snippet:-1, max-image-preview:large, max-video-preview:-1\" \/>\n<link rel=\"canonical\" href=\"https:\/\/ipautomationinc.com\/pl\/akcesoria\/spawacze-automatyczni\/\" \/>\n<meta property=\"og:locale\" content=\"pl_PL\" \/>\n<meta property=\"og:type\" content=\"article\" \/>\n<meta property=\"og:title\" content=\"Automated Welders | IP Automation Inc\" \/>\n<meta property=\"og:description\" content=\"Check out our various types of automated welders that can be easily integrated with your wire forming operation.\" \/>\n<meta property=\"og:url\" content=\"https:\/\/ipautomationinc.com\/pl\/akcesoria\/spawacze-automatyczni\/\" \/>\n<meta property=\"og:site_name\" content=\"IP Automation Inc\" \/>\n<meta property=\"article:publisher\" content=\"https:\/\/www.facebook.com\/ipautomationinc\/\" \/>\n<meta property=\"article:modified_time\" content=\"2025-08-11T15:35:21+00:00\" \/>\n<meta property=\"og:image\" content=\"https:\/\/ipautomationinc.com\/wp-content\/uploads\/2023\/08\/machine-options_BW-45.png#29270\" \/>\n<script type=\"application\/ld+json\" class=\"yoast-schema-graph\">{\"@context\":\"https:\\\/\\\/schema.org\",\"@graph\":[{\"@type\":\"WebPage\",\"@id\":\"https:\\\/\\\/ipautomationinc.com\\\/accessories\\\/automated-welders\\\/\",\"url\":\"https:\\\/\\\/ipautomationinc.com\\\/accessories\\\/automated-welders\\\/\",\"name\":\"Automated Welders | IP Automation Inc\",\"isPartOf\":{\"@id\":\"https:\\\/\\\/ipautomationinc.com\\\/#website\"},\"primaryImageOfPage\":{\"@id\":\"https:\\\/\\\/ipautomationinc.com\\\/accessories\\\/automated-welders\\\/#primaryimage\"},\"image\":{\"@id\":\"https:\\\/\\\/ipautomationinc.com\\\/accessories\\\/automated-welders\\\/#primaryimage\"},\"thumbnailUrl\":\"https:\\\/\\\/ipautomationinc.com\\\/wp-content\\\/uploads\\\/2023\\\/08\\\/machine-options_BW-45.png#29270\",\"datePublished\":\"2023-01-17T17:16:28+00:00\",\"dateModified\":\"2025-08-11T15:35:21+00:00\",\"description\":\"Check out our various types of automated welders that can be easily integrated with your wire forming operation.\",\"breadcrumb\":{\"@id\":\"https:\\\/\\\/ipautomationinc.com\\\/accessories\\\/automated-welders\\\/#breadcrumb\"},\"inLanguage\":\"pl-PL\",\"potentialAction\":[{\"@type\":\"ReadAction\",\"target\":[\"https:\\\/\\\/ipautomationinc.com\\\/accessories\\\/automated-welders\\\/\"]}]},{\"@type\":\"ImageObject\",\"inLanguage\":\"pl-PL\",\"@id\":\"https:\\\/\\\/ipautomationinc.com\\\/accessories\\\/automated-welders\\\/#primaryimage\",\"url\":\"https:\\\/\\\/ipautomationinc.com\\\/wp-content\\\/uploads\\\/2023\\\/08\\\/machine-options_BW-45.png#29270\",\"contentUrl\":\"https:\\\/\\\/ipautomationinc.com\\\/wp-content\\\/uploads\\\/2023\\\/08\\\/machine-options_BW-45.png#29270\"},{\"@type\":\"BreadcrumbList\",\"@id\":\"https:\\\/\\\/ipautomationinc.com\\\/accessories\\\/automated-welders\\\/#breadcrumb\",\"itemListElement\":[{\"@type\":\"ListItem\",\"position\":1,\"name\":\"Accessories\",\"item\":\"https:\\\/\\\/ipautomationinc.com\\\/accessories\\\/\"},{\"@type\":\"ListItem\",\"position\":2,\"name\":\"Automated Welders\"}]},{\"@type\":\"WebSite\",\"@id\":\"https:\\\/\\\/ipautomationinc.com\\\/#website\",\"url\":\"https:\\\/\\\/ipautomationinc.com\\\/\",\"name\":\"IP Automation Inc\",\"description\":\"Concept... Creation... Reality...\",\"publisher\":{\"@id\":\"https:\\\/\\\/ipautomationinc.com\\\/#organization\"},\"potentialAction\":[{\"@type\":\"SearchAction\",\"target\":{\"@type\":\"EntryPoint\",\"urlTemplate\":\"https:\\\/\\\/ipautomationinc.com\\\/?s={search_term_string}\"},\"query-input\":{\"@type\":\"PropertyValueSpecification\",\"valueRequired\":true,\"valueName\":\"search_term_string\"}}],\"inLanguage\":\"pl-PL\"},{\"@type\":\"Organization\",\"@id\":\"https:\\\/\\\/ipautomationinc.com\\\/#organization\",\"name\":\"IP Automation Inc\",\"url\":\"https:\\\/\\\/ipautomationinc.com\\\/\",\"logo\":{\"@type\":\"ImageObject\",\"inLanguage\":\"pl-PL\",\"@id\":\"https:\\\/\\\/ipautomationinc.com\\\/#\\\/schema\\\/logo\\\/image\\\/\",\"url\":\"https:\\\/\\\/ipautomationinc.com\\\/wp-content\\\/uploads\\\/2022\\\/05\\\/IPA-Favicon.png\",\"contentUrl\":\"https:\\\/\\\/ipautomationinc.com\\\/wp-content\\\/uploads\\\/2022\\\/05\\\/IPA-Favicon.png\",\"width\":513,\"height\":513,\"caption\":\"IP Automation Inc\"},\"image\":{\"@id\":\"https:\\\/\\\/ipautomationinc.com\\\/#\\\/schema\\\/logo\\\/image\\\/\"},\"sameAs\":[\"https:\\\/\\\/www.facebook.com\\\/ipautomationinc\\\/\",\"https:\\\/\\\/www.linkedin.com\\\/company\\\/ip-automation-inc\\\/\",\"https:\\\/\\\/www.youtube.com\\\/@IPAutomation\"]}]}<\/script>\n<!-- \/ Yoast SEO plugin. -->","yoast_head_json":{"title":"Zautomatyzowani spawacze | Firma IP Automation Inc","description":"Sprawd\u017a nasze r\u00f3\u017cne typy zautomatyzowanych spawarek, kt\u00f3re mo\u017cna \u0142atwo zintegrowa\u0107 z operacjami formowania drutu.","robots":{"index":"index","follow":"follow","max-snippet":"max-snippet:-1","max-image-preview":"max-image-preview:large","max-video-preview":"max-video-preview:-1"},"canonical":"https:\/\/ipautomationinc.com\/pl\/akcesoria\/spawacze-automatyczni\/","og_locale":"pl_PL","og_type":"article","og_title":"Automated Welders | IP Automation Inc","og_description":"Check out our various types of automated welders that can be easily integrated with your wire forming operation.","og_url":"https:\/\/ipautomationinc.com\/pl\/akcesoria\/spawacze-automatyczni\/","og_site_name":"IP Automation Inc","article_publisher":"https:\/\/www.facebook.com\/ipautomationinc\/","article_modified_time":"2025-08-11T15:35:21+00:00","og_image":[{"url":"https:\/\/ipautomationinc.com\/wp-content\/uploads\/2023\/08\/machine-options_BW-45.png#29270","type":"","width":"","height":""}],"schema":{"@context":"https:\/\/schema.org","@graph":[{"@type":"WebPage","@id":"https:\/\/ipautomationinc.com\/accessories\/automated-welders\/","url":"https:\/\/ipautomationinc.com\/accessories\/automated-welders\/","name":"Zautomatyzowani spawacze | Firma IP Automation Inc","isPartOf":{"@id":"https:\/\/ipautomationinc.com\/#website"},"primaryImageOfPage":{"@id":"https:\/\/ipautomationinc.com\/accessories\/automated-welders\/#primaryimage"},"image":{"@id":"https:\/\/ipautomationinc.com\/accessories\/automated-welders\/#primaryimage"},"thumbnailUrl":"https:\/\/ipautomationinc.com\/wp-content\/uploads\/2023\/08\/machine-options_BW-45.png#29270","datePublished":"2023-01-17T17:16:28+00:00","dateModified":"2025-08-11T15:35:21+00:00","description":"Sprawd\u017a nasze r\u00f3\u017cne typy zautomatyzowanych spawarek, kt\u00f3re mo\u017cna \u0142atwo zintegrowa\u0107 z operacjami formowania drutu.","breadcrumb":{"@id":"https:\/\/ipautomationinc.com\/accessories\/automated-welders\/#breadcrumb"},"inLanguage":"pl-PL","potentialAction":[{"@type":"ReadAction","target":["https:\/\/ipautomationinc.com\/accessories\/automated-welders\/"]}]},{"@type":"ImageObject","inLanguage":"pl-PL","@id":"https:\/\/ipautomationinc.com\/accessories\/automated-welders\/#primaryimage","url":"https:\/\/ipautomationinc.com\/wp-content\/uploads\/2023\/08\/machine-options_BW-45.png#29270","contentUrl":"https:\/\/ipautomationinc.com\/wp-content\/uploads\/2023\/08\/machine-options_BW-45.png#29270"},{"@type":"BreadcrumbList","@id":"https:\/\/ipautomationinc.com\/accessories\/automated-welders\/#breadcrumb","itemListElement":[{"@type":"ListItem","position":1,"name":"Accessories","item":"https:\/\/ipautomationinc.com\/accessories\/"},{"@type":"ListItem","position":2,"name":"Automated Welders"}]},{"@type":"WebSite","@id":"https:\/\/ipautomationinc.com\/#website","url":"https:\/\/ipautomationinc.com\/","name":"Firma IP Automation Inc","description":"Koncepcja... Kreacja... Rzeczywisto\u015b\u0107...","publisher":{"@id":"https:\/\/ipautomationinc.com\/#organization"},"potentialAction":[{"@type":"SearchAction","target":{"@type":"EntryPoint","urlTemplate":"https:\/\/ipautomationinc.com\/?s={search_term_string}"},"query-input":{"@type":"PropertyValueSpecification","valueRequired":true,"valueName":"search_term_string"}}],"inLanguage":"pl-PL"},{"@type":"Organization","@id":"https:\/\/ipautomationinc.com\/#organization","name":"Firma IP Automation Inc","url":"https:\/\/ipautomationinc.com\/","logo":{"@type":"ImageObject","inLanguage":"pl-PL","@id":"https:\/\/ipautomationinc.com\/#\/schema\/logo\/image\/","url":"https:\/\/ipautomationinc.com\/wp-content\/uploads\/2022\/05\/IPA-Favicon.png","contentUrl":"https:\/\/ipautomationinc.com\/wp-content\/uploads\/2022\/05\/IPA-Favicon.png","width":513,"height":513,"caption":"IP Automation Inc"},"image":{"@id":"https:\/\/ipautomationinc.com\/#\/schema\/logo\/image\/"},"sameAs":["https:\/\/www.facebook.com\/ipautomationinc\/","https:\/\/www.linkedin.com\/company\/ip-automation-inc\/","https:\/\/www.youtube.com\/@IPAutomation"]}]}},"_links":{"self":[{"href":"https:\/\/ipautomationinc.com\/pl\/wp-json\/wp\/v2\/pages\/6172","targetHints":{"allow":["GET"]}}],"collection":[{"href":"https:\/\/ipautomationinc.com\/pl\/wp-json\/wp\/v2\/pages"}],"about":[{"href":"https:\/\/ipautomationinc.com\/pl\/wp-json\/wp\/v2\/types\/page"}],"author":[{"embeddable":true,"href":"https:\/\/ipautomationinc.com\/pl\/wp-json\/wp\/v2\/users\/3"}],"replies":[{"embeddable":true,"href":"https:\/\/ipautomationinc.com\/pl\/wp-json\/wp\/v2\/comments?post=6172"}],"version-history":[{"count":1,"href":"https:\/\/ipautomationinc.com\/pl\/wp-json\/wp\/v2\/pages\/6172\/revisions"}],"predecessor-version":[{"id":36747,"href":"https:\/\/ipautomationinc.com\/pl\/wp-json\/wp\/v2\/pages\/6172\/revisions\/36747"}],"up":[{"embeddable":true,"href":"https:\/\/ipautomationinc.com\/pl\/wp-json\/wp\/v2\/pages\/7745"}],"wp:attachment":[{"href":"https:\/\/ipautomationinc.com\/pl\/wp-json\/wp\/v2\/media?parent=6172"}],"curies":[{"name":"wp","href":"https:\/\/api.w.org\/{rel}","templated":true}]}}